{"id":5175,"date":"2024-05-03T06:36:54","date_gmt":"2024-05-03T06:36:54","guid":{"rendered":"https:\/\/elfsight.com\/pl\/?page_id=5175"},"modified":"2025-06-26T14:52:31","modified_gmt":"2025-06-26T14:52:31","slug":"bigcommerce","status":"publish","type":"page","link":"https:\/\/elfsight.com\/pl\/accordion-faq-widget\/bigcommerce\/","title":{"rendered":"FAQ &#8211; BigCommerce"},"content":{"rendered":"<div class=\"application-platform-content-item-description application-platform-content-item\" id=\"description\" data-nav-section=\"description\">\n<h2>Opis<\/h2>\n<p>Elfsight FAQ to skuteczna i \u0142atwa w zastosowaniu i dostosowywaniu aplikacja do generowania i publikowania listy najcz\u0119\u015bciej zada\u0142e\u015b pytania z odpowiedziami na swojej osobistej stronie. Wtyczka informacyjna o intuicyjnym wygl\u0105dzie daje szans\u0119 na udost\u0119pnienie pe\u0142nych danych o Twojej firmie, zwr\u00f3cenie uwagi czytelnik\u00f3w na zalety produktu i unikni\u0119cie wszelkich oczekiwanych nieporozumie\u0144 i podejrze\u0144, kt\u00f3re mog\u0142yby stan\u0105\u0107 na drodze do zakupu.<\/p>\n<p><b>Odpowiadaj na pytania u\u017cytkownik\u00f3w bezpo\u015brednio na Twojej stronie internetowej maksymalnie szybko i podno\u015b poziom konwersji!<\/b><\/p>\n<ul>\n    <li><b>Wyeliminuj wszelkie b\u0142\u0119dne przekonania, jakie mog\u0105 mie\u0107 odwiedzaj\u0105cy, i zwi\u0119ksz sprzeda\u017c<\/b>. <br>Przedstaw potencjalnym klientom szczeg\u00f3\u0142owe informacje o swoich produktach lub us\u0142ugach, aby prze\u0142ama\u0107 wszelkie obawy i zwi\u0119kszy\u0107 przychody na stronie.<\/li>\n    <li><b>Stw\u00f3rz idealny wizerunek swojej firmy w\u015br\u00f3d czytelnik\u00f3w<\/b>.<br>Pom\u00f3\u017c swoim u\u017cytkownikom uzyska\u0107 w\u0142a\u015bciwy odbi\u00f3r Twojej firmy i jej modelu biznesowego, rozwia\u0107 ich w\u0105tpliwo\u015bci i pom\u00f3c im nawi\u0105za\u0107 wsp\u00f3\u0142prac\u0119.<\/li>\n    <li><b>Skr\u00f3\u0107 czas przestoj\u00f3w i cen\u0119 obs\u0142ugi klienta<\/b>.<br>Udziel odpowiedzi na wszystkie najcz\u0119\u015bciej zadawane pytania dotycz\u0105ce Twoich towar\u00f3w lub us\u0142ug, aby odci\u0105\u017cy\u0107 zesp\u00f3\u0142 obs\u0142ugi klienta.<\/li>\n<\/ul>\n<\/div>\n\n<div class=\"application-platform-content-item-features application-platform-content-item\" id=\"features\" data-nav-section=\"features\">\n<h2>Funkcje<\/h2>\n<p>Najwa\u017cniejsze funkcje aplikacji Elfsight, kt\u00f3re pozwalaj\u0105 jej sta\u0107 si\u0119 najszybszym narz\u0119dziem do wy\u015bwietlania cz\u0119sto zadawanych pyta\u0144 na stronie BigCommerce.<\/p>\n<ul>\n    <li>Akordeon uk\u0142ad pokazuj\u0105cy odpowiedzi po klikni\u0119ciu;<\/li>\n    <li>36 predefiniowanych ikon dla kategorii;<\/li>\n    <li>Ikona krzy\u017cyka lub strza\u0142ki dla uk\u0142adu harmonijkowego;<\/li>\n    <li>Obs\u0142ugiwany tekst HTML;<\/li>\n    <li>Terminowa i profesjonalna obs\u0142uga klienta.<\/li>\n<\/ul>\n<p><a href=\"#demo\">Sprawd\u017a wszystkie funkcje<\/a><\/p>\n<\/div>\n\n<div class=\"application-platform-content-item-installation application-platform-content-item\" id=\"installation\" data-nav-section=\"installation\">\n<h2>Jak doda\u0107 wid\u017cet FAQ Accordion do BigCommerce<\/h2>\n<div class=\"video-container\"><iframe width=\"720\" height=\"405\" src=\"https:\/\/www.youtube.com\/embed\/Xy_Fs7D_7Sg\" frameborder=\"0\" allowfullscreen=\"\"><\/iframe><\/div>\n<p>Wystarczy wykona\u0107 kilka krok\u00f3w przedstawionych poni\u017cej, aby doda\u0107 wid\u017cet do BigCommerce.<\/p>\n<ol>\n    <li><b>Uruchom nasz darmowy edytor i zacznij tworzy\u0107 spersonalizowan\u0105 aplikacj\u0119. <\/b><br> Ustal wybran\u0105 form\u0119 i specyfikacj\u0119 widgetu oraz zapisz zmiany. <\/li>\n    <li><b>Zdob\u0105d\u017a sw\u00f3j indywidualny kod pojawiaj\u0105cy si\u0119 w oknie aplikacji Elfsight. <\/b><br> Po zako\u0144czeniu tworzenia Twojej osobistej aplikacji z cz\u0119sto zadawanymi pytaniami skopiuj ekskluzywny kod z wy\u015bwietlonego pola i zachowaj go na dalsze potrzeby. <\/li>\n    <li><b>Zacznij korzysta\u0107 z wid\u017cetu na swojej stronie BigCommerce. <\/b><br> Wprowad\u017a kod zapisany ostatnio w Twojej witrynie i zapisz zmiany. <\/li>\n    <li><b>Konfiguracja zosta\u0142a pomy\u015blnie przeprowadzona. <\/b><br> Odwied\u017a swoj\u0105 witryn\u0119 i obserwuj dzia\u0142anie widgetu. <\/li>\n<\/ol>\n<p>Podczas korzystania z przewodnika napotka\u0142e\u015b pytania? Wy\u015blij wiadomo\u015b\u0107 do dzia\u0142u pomocy technicznej Elfsight lub zobacz pe\u0142ny wariant instrukcji \u00ab<a href=\"https:\/\/elfsight.com\/tutorials\/how-to-add-faq-widget-to-bigcommerce\/\" target=\"_blank \" rel=\"noopener noreferrer\">Jak doda\u0107 cz\u0119sto zadawane pytania do BigCommerce<\/a>\u00bb i doko\u0144czy\u0107 dodawanie samodzielnie.<\/p>\n<div class=\"faq\" data-component=\"FAQ\">\n    <div class=\"faq-item\">\r\n\t\t\t\t\t<div class=\"faq-item-question\">\r\n\t\t\t\t\t\t<h3 class=\"faq-item-question-text\">Jak doda\u0107 cz\u0119sto zadawane pytania do mojej witryny BigCommerce bez umiej\u0119tno\u015bci kodowania?<\/h3>\r\n\r\n\t\t\t\t\t\t<div class=\"faq-item-question-icon\"><\/div>\r\n\t\t\t\t\t<\/div>\r\n\r\n\t\t\t\t\t<div class=\"faq-item-answer\">\r\n\t\t\t\t\t\t<div class=\"faq-item-answer-text\">\n    <p>Elfsight zapewnia rozwi\u0105zanie SaaS, kt\u00f3re umo\u017cliwia samodzielne utworzenie wid\u017cetu FAQ. Zobacz, jak \u0142atwy jest ten proces: Pracuj bezpo\u015brednio w edytorze online, aby utworzy\u0107 wid\u017cet FAQ, kt\u00f3ry chcia\u0142by\u015b zobaczy\u0107 na swojej stronie BigCommerce. Wybierz jeden z gotowych szablon\u00f3w i dostosuj ustawienia FAQ, dodaj tre\u015b\u0107, zmie\u0144 uk\u0142ad i kolory bez umiej\u0119tno\u015bci kodowania. Zapisz FAQ i skopiuj jego kod instalacyjny, kt\u00f3ry mo\u017cesz po prostu osadzi\u0107 na swojej stronie BigCommerce bez kupowania p\u0142atnego planu. Dzi\u0119ki naszemu intuicyjnemu edytorowi ka\u017cdy u\u017cytkownik Internetu mo\u017ce stworzy\u0107 widget FAQ online i \u0142atwo osadzi\u0107 go na swojej stronie BigCommerce. Aby uzyska\u0107 dost\u0119p do us\u0142ugi, nie trzeba p\u0142aci\u0107 ani wprowadza\u0107 danych uwierzytelniaj\u0105cych karty. Je\u015bli na kt\u00f3rymkolwiek etapie napotkasz jakiekolwiek problemy, skontaktuj si\u0119 z naszym zespo\u0142em pomocy technicznej.<\/p>\n    <\/div>\r\n\t\t\t\t\t<\/div>\r\n\t\t\t\t<\/div>\n<\/div>\n<\/div>","protected":false},"excerpt":{"rendered":"","protected":false},"author":9,"featured_media":0,"parent":2064,"menu_order":0,"comment_status":"closed","ping_status":"closed","template":"templates\/template-application-platform.php","meta":{"publish_to_discourse":"","publish_post_category":"","wpdc_auto_publish_overridden":"","wpdc_topic_tags":"","wpdc_pin_topic":"","wpdc_pin_until":"","discourse_post_id":"","discourse_permalink":"","wpdc_publishing_response":"","wpdc_publishing_error":"","footnotes":""},"class_list":["post-5175","page","type-page","status-publish","hentry"],"yoast_head":"<!-- This site is optimized with the Yoast SEO plugin v25.3.1 - https:\/\/yoast.com\/wordpress\/plugins\/seo\/ -->\n<title>Dodaj aplikacj\u0119 Cz\u0119sto zadawane pytania dotycz\u0105ce akordeonu do witryny BigCommerce (bezp\u0142atnie i \u0142atwo)<\/title>\n<meta name=\"description\" content=\"Stw\u00f3rz niestandardow\u0105 aplikacj\u0119 FAQ na temat akordeonu dla BigCommerce w zaledwie 2 minuty. Skorzystaj z naszego b\u0142yskawicznego edytora do tworzenia wid\u017cet\u00f3w Elfsight, ca\u0142kowicie za darmo.\" \/>\n<meta name=\"robots\" content=\"index, follow, max-snippet:-1, max-image-preview:large, max-video-preview:-1\" \/>\n<link rel=\"canonical\" href=\"https:\/\/elfsight.com\/pl\/accordion-faq-widget\/bigcommerce\/\" \/>\n<meta property=\"og:locale\" content=\"pl_PL\" \/>\n<meta property=\"og:type\" content=\"article\" \/>\n<meta property=\"og:title\" content=\"Dodaj aplikacj\u0119 Cz\u0119sto zadawane pytania dotycz\u0105ce akordeonu do witryny BigCommerce (bezp\u0142atnie i \u0142atwo)\" \/>\n<meta property=\"og:description\" content=\"Stw\u00f3rz niestandardow\u0105 aplikacj\u0119 FAQ na temat akordeonu dla BigCommerce w zaledwie 2 minuty. Skorzystaj z naszego b\u0142yskawicznego edytora do tworzenia wid\u017cet\u00f3w Elfsight, ca\u0142kowicie za darmo.\" \/>\n<meta property=\"og:url\" content=\"https:\/\/elfsight.com\/pl\/accordion-faq-widget\/bigcommerce\/\" \/>\n<meta property=\"og:site_name\" content=\"Elfsight PL\" \/>\n<meta property=\"article:modified_time\" content=\"2025-06-26T14:52:31+00:00\" \/>\n<meta name=\"twitter:card\" content=\"summary_large_image\" \/>\n<meta name=\"twitter:label1\" content=\"Szacowany czas czytania\" \/>\n\t<meta name=\"twitter:data1\" content=\"3 minuty\" \/>\n<!-- \/ Yoast SEO plugin. -->","yoast_head_json":{"title":"Dodaj aplikacj\u0119 Cz\u0119sto zadawane pytania dotycz\u0105ce akordeonu do witryny BigCommerce (bezp\u0142atnie i \u0142atwo)","description":"Stw\u00f3rz niestandardow\u0105 aplikacj\u0119 FAQ na temat akordeonu dla BigCommerce w zaledwie 2 minuty. Skorzystaj z naszego b\u0142yskawicznego edytora do tworzenia wid\u017cet\u00f3w Elfsight, ca\u0142kowicie za darmo.","robots":{"index":"index","follow":"follow","max-snippet":"max-snippet:-1","max-image-preview":"max-image-preview:large","max-video-preview":"max-video-preview:-1"},"canonical":"https:\/\/elfsight.com\/pl\/accordion-faq-widget\/bigcommerce\/","og_locale":"pl_PL","og_type":"article","og_title":"Dodaj aplikacj\u0119 Cz\u0119sto zadawane pytania dotycz\u0105ce akordeonu do witryny BigCommerce (bezp\u0142atnie i \u0142atwo)","og_description":"Stw\u00f3rz niestandardow\u0105 aplikacj\u0119 FAQ na temat akordeonu dla BigCommerce w zaledwie 2 minuty. Skorzystaj z naszego b\u0142yskawicznego edytora do tworzenia wid\u017cet\u00f3w Elfsight, ca\u0142kowicie za darmo.","og_url":"https:\/\/elfsight.com\/pl\/accordion-faq-widget\/bigcommerce\/","og_site_name":"Elfsight PL","article_modified_time":"2025-06-26T14:52:31+00:00","twitter_card":"summary_large_image","twitter_misc":{"Szacowany czas czytania":"3 minuty"},"schema":{"@context":"https:\/\/schema.org","@graph":[{"@type":"WebPage","@id":"https:\/\/elfsight.com\/pl\/accordion-faq-widget\/bigcommerce\/","url":"https:\/\/elfsight.com\/pl\/accordion-faq-widget\/bigcommerce\/","name":"Dodaj aplikacj\u0119 Cz\u0119sto zadawane pytania dotycz\u0105ce akordeonu do witryny BigCommerce (bezp\u0142atnie i \u0142atwo)","isPartOf":{"@id":"https:\/\/elfsight.com\/pl\/#website"},"datePublished":"2024-05-03T06:36:54+00:00","dateModified":"2025-06-26T14:52:31+00:00","description":"Stw\u00f3rz niestandardow\u0105 aplikacj\u0119 FAQ na temat akordeonu dla BigCommerce w zaledwie 2 minuty. Skorzystaj z naszego b\u0142yskawicznego edytora do tworzenia wid\u017cet\u00f3w Elfsight, ca\u0142kowicie za darmo.","breadcrumb":{"@id":"https:\/\/elfsight.com\/pl\/accordion-faq-widget\/bigcommerce\/#breadcrumb"},"inLanguage":"pl-PL","potentialAction":[{"@type":"ReadAction","target":["https:\/\/elfsight.com\/pl\/accordion-faq-widget\/bigcommerce\/"]}]},{"@type":"BreadcrumbList","@id":"https:\/\/elfsight.com\/pl\/accordion-faq-widget\/bigcommerce\/#breadcrumb","itemListElement":[{"@type":"ListItem","position":1,"name":"Home","item":"https:\/\/elfsight.com\/pl\/"},{"@type":"ListItem","position":2,"name":"FAQ","item":"https:\/\/elfsight.com\/pl\/accordion-faq-widget\/"},{"@type":"ListItem","position":3,"name":"FAQ &#8211; BigCommerce"}]},{"@type":"WebSite","@id":"https:\/\/elfsight.com\/pl\/#website","url":"https:\/\/elfsight.com\/pl\/","name":"Elfsight PL","description":"Just another Elfsight Sites site","potentialAction":[{"@type":"SearchAction","target":{"@type":"EntryPoint","urlTemplate":"https:\/\/elfsight.com\/pl\/?s={search_term_string}"},"query-input":{"@type":"PropertyValueSpecification","valueRequired":true,"valueName":"search_term_string"}}],"inLanguage":"pl-PL"}]}},"meta_box":{"industry":"","seo_heading":"","heading":"","description":"","cta_heading":"","cta_description":"","application":"2063","h1":"Aplikacja z cz\u0119sto zadawanymi pytaniami na temat akordeonu dla BigCommerce","h1_caption":"Podaj odpowiedzi na cz\u0119sto zadawane pytania w zorganizowanym formacie umo\u017cliwiaj\u0105cym przeszukiwanie, aby pom\u00f3c u\u017cytkownikom szybko znale\u017a\u0107 rozwi\u0105zania w Twojej witrynie BigCommerce.","application_category":[],"applications_title":"","applications_request_title":"","applications_request_button_text":"","hero_text":"","hero_video":"","hero_video_schema_markup":"","selling_points_title":"","selling_points_caption":"","selling_points":[],"selling_points_cta_text":"","features_title":"","features":"","ed_cta_examples_text":"","ed_cta_examples_hidden":"","ed_cta_demo_text":"","ed_cta_demo_hidden":"","why_caption":"","why_editor_title":"","why_editor_text":"","why_team_title":"","why_team_text":"","why_service_title":"","why_service_text":"","template_catalog_visible":"0","template_catalog_title":"","template_catalog_text":"","template_catalog_categories_visible":"","demo_title":"Utw\u00f3rz aplikacj\u0119 z cz\u0119sto zadawanymi pytaniami","demo_caption":"Skonfiguruj swoje FAQ i dodaj je za darmo do swojej witryny BigCommerce!","default_faq_hidden":"","app_template_category":[],"platform":"41","template_public_id":"","codecanyon_url":"","codecanyon_item_id":"","codecanyon_price":"","pricing_caption":"","pricing_elfsight_apps_hide_column":"","pricing_elfsight_apps_url":"","pricing_codecanyon_price_caption":"","integration_category":[],"integration_request_title":"","integration_request_cta":"","integration_platform":"","integrations":[],"platform_category":[],"video_schema_markup":"","price":"od 0 USD \/ miesi\u0105c","trial":"","benefits":[{"text":"Bezp\u0142atna pomoc w monta\u017cu"},{"text":"Skuteczna obs\u0142uga klienta"},{"text":"14-dniowa gwarancja zwrotu pieni\u0119dzy"}],"button_url":"#demo","button_target_blank":"0","button_nofollow":"0","attributes":[{"name":"Instaluje"},{"name":"Czu\u0142y"},{"name":"Kompatybilne przegl\u0105darki"}],"tags":[],"tags_disable_links":"0","hide_more_platforms":"0","video_object":"","demo_hide_cta":"0","demo_hide_cloud_options":"0","pricing_title":"","pricing":[{"pricing_icon":"platform","pricing_title":"Elfsight Apps","pricing_title_caption":"Oprogramowanie wieloplatformowe, kt\u00f3re dzia\u0142a na dowolnej stronie internetowej","pricing_price":"od 0 USD \/ miesi\u0105c","pricing_price_caption":"zacznij od bezp\u0142atnego planu","pricing_benefits":[{"text":"Nielimitowane strony internetowe"},{"text":"Szybka obs\u0142uga klienta"},{"text":"Bezp\u0142atna pomoc przy instalacji"},{"text":"Elastyczny projekt"}],"pricing_button_text":"Dodaj do witryny","pricing_button_url":"#demo"}],"related_apps_title":"","related_apps_hidden":"0","author":"","image":[],"title":"","job":"","social_networks":[]},"_links":{"self":[{"href":"https:\/\/elfsight.com\/pl\/wp-json\/wp\/v2\/pages\/5175","targetHints":{"allow":["GET"]}}],"collection":[{"href":"https:\/\/elfsight.com\/pl\/wp-json\/wp\/v2\/pages"}],"about":[{"href":"https:\/\/elfsight.com\/pl\/wp-json\/wp\/v2\/types\/page"}],"author":[{"embeddable":true,"href":"https:\/\/elfsight.com\/pl\/wp-json\/wp\/v2\/users\/9"}],"replies":[{"embeddable":true,"href":"https:\/\/elfsight.com\/pl\/wp-json\/wp\/v2\/comments?post=5175"}],"version-history":[{"count":4,"href":"https:\/\/elfsight.com\/pl\/wp-json\/wp\/v2\/pages\/5175\/revisions"}],"predecessor-version":[{"id":10563,"href":"https:\/\/elfsight.com\/pl\/wp-json\/wp\/v2\/pages\/5175\/revisions\/10563"}],"up":[{"embeddable":true,"href":"https:\/\/elfsight.com\/pl\/wp-json\/wp\/v2\/pages\/2064"}],"wp:attachment":[{"href":"https:\/\/elfsight.com\/pl\/wp-json\/wp\/v2\/media?parent=5175"}],"curies":[{"name":"wp","href":"https:\/\/api.w.org\/{rel}","templated":true}]}}