{"id":5173,"date":"2024-05-03T06:36:52","date_gmt":"2024-05-03T06:36:52","guid":{"rendered":"https:\/\/elfsight.com\/pl\/?page_id=5173"},"modified":"2024-11-14T12:48:43","modified_gmt":"2024-11-14T12:48:43","slug":"drupal","status":"publish","type":"page","link":"https:\/\/elfsight.com\/pl\/accordion-faq-widget\/drupal\/","title":{"rendered":"FAQ &#8211; Drupal"},"content":{"rendered":"<div class=\"application-platform-content-item-description application-platform-content-item\" id=\"description\" data-nav-section=\"description\"><h2>Opis<\/h2><p>Nasze cz\u0119sto zadawane pytania to pot\u0119\u017cne i \u0142atwe w obs\u0142udze i konfiguracji narz\u0119dzie, kt\u00f3re pomaga tworzy\u0107 i dodawa\u0107 jednostki z najcz\u0119\u015bciej zadawanymi pytaniami i odpowiedziami na Twojej stronie internetowej. Modu\u0142 informacyjny z naj\u0142atwiejszym interfejsem pomo\u017ce Ci przekaza\u0107 obszerne informacje o Twoich ofertach, skupi\u0107 uwag\u0119 odwiedzaj\u0105cych na ich zaletach oraz wyeliminowa\u0107 b\u0142\u0119dne przekonania i podejrzenia, kt\u00f3re mog\u0105 mie\u0107 wp\u0142yw na decyzj\u0119 o zakupie.<\/p><p><b>Odpowiedz na pytanie natychmiast pojawiaj\u0105ce si\u0119 pytania Twoich klient\u00f3w i zwi\u0119ksz liczb\u0119 zam\u00f3wie\u0144 na stronie!<\/b><\/p><ul><li><b>Zach\u0119caj klient\u00f3w do zakup\u00f3w inteligentnymi odpowiedziami<\/b>.<br>Umieszczaj odpowiedzi na strategiczne pytania z wyprzedzeniem i przekonaj odwiedzaj\u0105cych do zakupu w Twojej witrynie.<\/li><li><b>Uzyskaj w\u0142a\u015bciwy odbi\u00f3r Twojego produktu lub us\u0142ugi przez klient\u00f3w<\/b>.<br>Zniszcz najbardziej rozpowszechnione b\u0142\u0119dne przekonania i podejrzenia dotycz\u0105ce Twoich ofert, udzielaj\u0105c pe\u0142nych i \u0142atwych do zrozumienia odpowiedzi na pytania klient\u00f3w.<\/li><li><b>Odpowiadaj z wyprzedzeniem na wszystkie pytania swoich klient\u00f3w<\/b>.<br>Pozw\u00f3l swoim klientom uzyska\u0107 najbardziej kompleksow\u0105 informacj\u0119 informacje o Twoich produktach lub us\u0142ugach i odpowiedz na wszystkie mo\u017cliwe pytania, zanim si\u0119 pojawi\u0105.<\/li><\/ul><\/div><div class=\"application-platform-content-item-features application-platform-content-item\" id=\"features\" data-nav-section=\"features\"><h2>Funkcje<\/h2><p>Najpot\u0119\u017cniejsze cechy naszego modu\u0142u, dzi\u0119ki czemu staje si\u0119 najbardziej elastycznym rozwi\u0105zaniem dodawania FAQ na stronie Drupala.<\/p><ul><li>Wielokolumnowy uk\u0142ad do automatycznego rozk\u0142adania tre\u015bci na kolumny;<\/li><li>4 gotowe- do u\u017cycia style z obramowaniami i cieniami;<\/li><li>Nieograniczona liczba pyta\u0144 w ka\u017cdej kategorii;<\/li><li>Edytowalny tytu\u0142 wid\u017cetu;<\/li><li>Zoptymalizowany pod k\u0105tem urz\u0105dze\u0144 mobilnych pod k\u0105tem p\u0142ynnej obs\u0142ugi.<\/li> <\/ul><p><a href=\"#demo\">Wypr\u00f3buj je wszystkie<\/a><\/p><\/div><div class=\"application-platform-content-item-installation application-platform-content-item\" id=\"installation\" data-nav-section=\"installation\"><h2>Jak osadzi\u0107 modu\u0142 FAQ Accoridon w Drupalu <\/h2><p>Wystarczy spe\u0142ni\u0107 poni\u017csze wytyczne, aby zintegrowa\u0107 modu\u0142 z Drupalem.<\/p> <ol><li><b>Uruchom nasz darmowy konfigurator i zacznij tworzy\u0107 sw\u00f3j spersonalizowany modu\u0142 FAQ. <\/b><br> Znajd\u017a niestandardow\u0105 form\u0119 i cechy funkcjonalne narz\u0119dzia i zapisz zmiany. <\/li> <li><b>Skopiuj sw\u00f3j indywidualny kod udost\u0119pniony w specjalnym formularzu w aplikacjach Elfsight. <\/b><br> Gdy tylko tworzenie Twojego osobistego widgetu dobiegnie ko\u0144ca, skopiuj osobisty kod z wy\u015bwietlonego wyskakuj\u0105cego okienka i zachowaj go na p\u00f3\u017aniej. <\/li> <li><b>Wpisz ch\u0119\u0107 korzystania z modu\u0142u na Twojej stronie Drupal. <\/b><br> Umie\u015b\u0107 ostatnio zapisany kod w swojej witrynie i zapisz zmiany. <\/li> <li><b>Konfiguracja zosta\u0142a pomy\u015blnie uko\u0144czona. <\/b><br> Przejd\u017a do swojej witryny, aby sprawdzi\u0107 dzia\u0142anie modu\u0142u. <\/li><\/ol><p>Masz trudno\u015bci podczas korzystania z instrukcji? Zostaw zapytanie naszemu zespo\u0142owi wsparcia lub sprawd\u017a pe\u0142n\u0105 wersj\u0119 przewodnika \u00ab<a href=\"https:\/\/elfsight.com\/tutorials\/how-to-add-faq-widget-to-drupal\/\" target=\"_blank \" rel=\"noopener noreferrer\">Jak doda\u0107 FAQ do Drupala<\/a>\u00bb i samodzielnie doko\u0144cz tworzenie modu\u0142u.<\/p><\/div><div class=\"faq\" data-component=\"FAQ\"><div class=\"faq-item\">\r\n\t\t\t\t\t<div class=\"faq-item-question\">\r\n\t\t\t\t\t\t<h3 class=\"faq-item-question-text\">Jak mog\u0119 doda\u0107 FAQ do mojej witryny Drupal?<\/h3>\r\n\r\n\t\t\t\t\t\t<div class=\"faq-item-question-icon\"><\/div>\r\n\t\t\t\t\t<\/div>\r\n\r\n\t\t\t\t\t<div class=\"faq-item-answer\">\r\n\t\t\t\t\t\t<div class=\"faq-item-answer-text\"><p>Tworzenie wid\u017cetu odbywa si\u0119 na stronach Elfsight i nie ma potrzeby uczenia si\u0119 kodowania. Skorzystaj z aktywnego demo, aby dostosowa\u0107 wtyczk\u0119, zdob\u0105d\u017a kod i wklej go na swojej stronie internetowej. <\/p><\/div>\r\n\t\t\t\t\t<\/div>\r\n\t\t\t\t<\/div><div class=\"faq-item\">\r\n\t\t\t\t\t<div class=\"faq-item-question\">\r\n\t\t\t\t\t\t<h3 class=\"faq-item-question-text\">Najlepsze przyk\u0142ady wykorzystania prostej integracji z cz\u0119sto zadawanymi pytaniami<\/h3>\r\n\r\n\t\t\t\t\t\t<div class=\"faq-item-question-icon\"><\/div>\r\n\t\t\t\t\t<\/div>\r\n\r\n\t\t\t\t\t<div class=\"faq-item-answer\">\r\n\t\t\t\t\t\t<div class=\"faq-item-answer-text\"><p>Mamy mn\u00f3stwo mo\u017cliwo\u015bci dostosowywania: pe\u0142nowymiarowe wid\u017cety do wdro\u017cenia w strefie tre\u015bci, p\u0142ywaj\u0105ce wtyczki do opcji przewijania, uk\u0142ady stopki witryny, sekcji nag\u0142\u00f3wka i wszelkiego rodzaju opcje pionowe dla pask\u00f3w bocznych i menu. <\/p><\/div>\r\n\t\t\t\t\t<\/div>\r\n\t\t\t\t<\/div><div class=\"faq-item\">\r\n\t\t\t\t\t<div class=\"faq-item-question\">\r\n\t\t\t\t\t\t<h3 class=\"faq-item-question-text\">Czy istnieje mo\u017cliwo\u015b\u0107 utworzenia listy kategorii lub FAQ za po\u015brednictwem redaktora?<\/h3>\r\n\r\n\t\t\t\t\t\t<div class=\"faq-item-question-icon\"><\/div>\r\n\t\t\t\t\t<\/div>\r\n\r\n\t\t\t\t\t<div class=\"faq-item-answer\">\r\n\t\t\t\t\t\t<div class=\"faq-item-answer-text\"><p>Mo\u017cesz dowolnie modyfikowa\u0107 dowolne modyfikacje wid\u017cetu. W edytorze dost\u0119pnych jest wiele uk\u0142ad\u00f3w, a ka\u017cdy z nich mo\u017cna szybko dostosowa\u0107 tak, jak potrzebujesz. <\/p><\/div>\r\n\t\t\t\t\t<\/div>\r\n\t\t\t\t<\/div><\/div>","protected":false},"excerpt":{"rendered":"","protected":false},"author":9,"featured_media":0,"parent":2064,"menu_order":0,"comment_status":"closed","ping_status":"closed","template":"templates\/template-application-platform.php","meta":{"publish_to_discourse":"","publish_post_category":"","wpdc_auto_publish_overridden":"","wpdc_topic_tags":"","wpdc_pin_topic":"","wpdc_pin_until":"","discourse_post_id":"","discourse_permalink":"","wpdc_publishing_response":"","wpdc_publishing_error":"","footnotes":""},"class_list":["post-5173","page","type-page","status-publish","hentry"],"yoast_head":"<!-- This site is optimized with the Yoast SEO plugin v25.3.1 - https:\/\/yoast.com\/wordpress\/plugins\/seo\/ -->\n<title>Accordion FAQ - Dodaj modu\u0142 FAQ do strony Drupal<\/title>\n<meta name=\"description\" content=\"Stw\u00f3rz sw\u00f3j unikalny modu\u0142 FAQ dla Drupala w zaledwie 70 sekund. Sprawd\u017a najszybsze demo do projektowania wid\u017cet\u00f3w autorstwa Elfsight, ca\u0142kowicie za darmo.\" \/>\n<meta name=\"robots\" content=\"index, follow, max-snippet:-1, max-image-preview:large, max-video-preview:-1\" \/>\n<link rel=\"canonical\" href=\"https:\/\/elfsight.com\/pl\/accordion-faq-widget\/drupal\/\" \/>\n<meta property=\"og:locale\" content=\"pl_PL\" \/>\n<meta property=\"og:type\" content=\"article\" \/>\n<meta property=\"og:title\" content=\"Accordion FAQ - Dodaj modu\u0142 FAQ do strony Drupal\" \/>\n<meta property=\"og:description\" content=\"Stw\u00f3rz sw\u00f3j unikalny modu\u0142 FAQ dla Drupala w zaledwie 70 sekund. Sprawd\u017a najszybsze demo do projektowania wid\u017cet\u00f3w autorstwa Elfsight, ca\u0142kowicie za darmo.\" \/>\n<meta property=\"og:url\" content=\"https:\/\/elfsight.com\/pl\/accordion-faq-widget\/drupal\/\" \/>\n<meta property=\"og:site_name\" content=\"Elfsight PL\" \/>\n<meta property=\"article:modified_time\" content=\"2024-11-14T12:48:43+00:00\" \/>\n<meta name=\"twitter:card\" content=\"summary_large_image\" \/>\n<meta name=\"twitter:label1\" content=\"Szacowany czas czytania\" \/>\n\t<meta name=\"twitter:data1\" content=\"3 minuty\" \/>\n<!-- \/ Yoast SEO plugin. -->","yoast_head_json":{"title":"Accordion FAQ - Dodaj modu\u0142 FAQ do strony Drupal","description":"Stw\u00f3rz sw\u00f3j unikalny modu\u0142 FAQ dla Drupala w zaledwie 70 sekund. Sprawd\u017a najszybsze demo do projektowania wid\u017cet\u00f3w autorstwa Elfsight, ca\u0142kowicie za darmo.","robots":{"index":"index","follow":"follow","max-snippet":"max-snippet:-1","max-image-preview":"max-image-preview:large","max-video-preview":"max-video-preview:-1"},"canonical":"https:\/\/elfsight.com\/pl\/accordion-faq-widget\/drupal\/","og_locale":"pl_PL","og_type":"article","og_title":"Accordion FAQ - Dodaj modu\u0142 FAQ do strony Drupal","og_description":"Stw\u00f3rz sw\u00f3j unikalny modu\u0142 FAQ dla Drupala w zaledwie 70 sekund. Sprawd\u017a najszybsze demo do projektowania wid\u017cet\u00f3w autorstwa Elfsight, ca\u0142kowicie za darmo.","og_url":"https:\/\/elfsight.com\/pl\/accordion-faq-widget\/drupal\/","og_site_name":"Elfsight PL","article_modified_time":"2024-11-14T12:48:43+00:00","twitter_card":"summary_large_image","twitter_misc":{"Szacowany czas czytania":"3 minuty"},"schema":{"@context":"https:\/\/schema.org","@graph":[{"@type":"WebPage","@id":"https:\/\/elfsight.com\/pl\/accordion-faq-widget\/drupal\/","url":"https:\/\/elfsight.com\/pl\/accordion-faq-widget\/drupal\/","name":"Accordion FAQ - Dodaj modu\u0142 FAQ do strony Drupal","isPartOf":{"@id":"https:\/\/elfsight.com\/pl\/#website"},"datePublished":"2024-05-03T06:36:52+00:00","dateModified":"2024-11-14T12:48:43+00:00","description":"Stw\u00f3rz sw\u00f3j unikalny modu\u0142 FAQ dla Drupala w zaledwie 70 sekund. Sprawd\u017a najszybsze demo do projektowania wid\u017cet\u00f3w autorstwa Elfsight, ca\u0142kowicie za darmo.","breadcrumb":{"@id":"https:\/\/elfsight.com\/pl\/accordion-faq-widget\/drupal\/#breadcrumb"},"inLanguage":"pl-PL","potentialAction":[{"@type":"ReadAction","target":["https:\/\/elfsight.com\/pl\/accordion-faq-widget\/drupal\/"]}]},{"@type":"BreadcrumbList","@id":"https:\/\/elfsight.com\/pl\/accordion-faq-widget\/drupal\/#breadcrumb","itemListElement":[{"@type":"ListItem","position":1,"name":"Home","item":"https:\/\/elfsight.com\/pl\/"},{"@type":"ListItem","position":2,"name":"FAQ","item":"https:\/\/elfsight.com\/pl\/accordion-faq-widget\/"},{"@type":"ListItem","position":3,"name":"FAQ &#8211; Drupal"}]},{"@type":"WebSite","@id":"https:\/\/elfsight.com\/pl\/#website","url":"https:\/\/elfsight.com\/pl\/","name":"Elfsight PL","description":"Just another Elfsight Sites site","potentialAction":[{"@type":"SearchAction","target":{"@type":"EntryPoint","urlTemplate":"https:\/\/elfsight.com\/pl\/?s={search_term_string}"},"query-input":{"@type":"PropertyValueSpecification","valueRequired":true,"valueName":"search_term_string"}}],"inLanguage":"pl-PL"}]}},"meta_box":{"industry":"","seo_heading":"","heading":"","description":"","cta_heading":"","cta_description":"","application":"2063","h1":"Modu\u0142 FAQ akordeonu dla Drupala","h1_caption":"Podaj odpowiedzi na cz\u0119sto zadawane pytania w zorganizowanym formacie z mo\u017cliwo\u015bci\u0105 wyszukiwania, aby pom\u00f3c u\u017cytkownikom szybko znale\u017a\u0107 rozwi\u0105zania w Twojej witrynie Drupal.","application_category":[],"applications_title":"","applications_request_title":"","applications_request_button_text":"","hero_text":"","hero_video":"","hero_video_schema_markup":"","selling_points_title":"","selling_points_caption":"","selling_points":[],"selling_points_cta_text":"","features_title":"","features":"","ed_cta_examples_text":"","ed_cta_examples_hidden":"","ed_cta_demo_text":"","ed_cta_demo_hidden":"","why_caption":"","why_editor_title":"","why_editor_text":"","why_team_title":"","why_team_text":"","why_service_title":"","why_service_text":"","template_catalog_visible":"","template_catalog_title":"","template_catalog_text":"","template_catalog_categories_visible":"","demo_title":"Utw\u00f3rz modu\u0142 FAQ","demo_caption":"Skonfiguruj FAQ i dodaj je za darmo do swojej witryny Drupal!","default_faq_hidden":"","app_template_category":[],"platform":"47","template_public_id":"","codecanyon_url":"","codecanyon_item_id":"","codecanyon_price":"","pricing_caption":"","pricing_elfsight_apps_hide_column":"","pricing_elfsight_apps_url":"","pricing_codecanyon_price_caption":"","integration_category":[],"integration_request_title":"","integration_request_cta":"","integration_platform":"","integrations":[],"platform_category":[],"video_schema_markup":"","price":"od 0 USD \/ miesi\u0105c","trial":"","benefits":[{"text":"Bezp\u0142atna us\u0142uga monta\u017cu"},{"text":"Profesjonalna obs\u0142uga klienta"},{"text":"14-dniowa gwarancja zwrotu pieni\u0119dzy"}],"button_url":"#demo","button_target_blank":"","button_nofollow":"","attributes":[{"name":"Instaluje"},{"name":"Czu\u0142y"},{"name":"Kompatybilne przegl\u0105darki"}],"tags":[],"tags_disable_links":"","hide_more_platforms":"","video_object":"","demo_hide_cta":"","demo_hide_cloud_options":"","pricing_title":"","pricing":[{"pricing_icon":"cloud","pricing_title":"Elfsight Apps","pricing_title_caption":"Wersja wieloplatformowa, kt\u00f3ra dzia\u0142a na ka\u017cdej stronie internetowej","pricing_price":"od 0 USD \/ miesi\u0105c","pricing_price_caption":"zacznij od bezp\u0142atnego planu","pricing_benefits":[{"text":"Nielimitowane strony internetowe"},{"text":"Wsparcie firmy premium i dobrze udokumentowane"},{"text":"Bezp\u0142atna us\u0142uga monta\u017cu"},{"text":"Cena do z\u0142apania dla wielu aplikacji"}],"pricing_button_text":"Dodaj do witryny","pricing_button_url":"#demo"}],"related_apps_title":"","related_apps_hidden":"","author":"","image":[],"title":"","job":"","social_networks":[]},"_links":{"self":[{"href":"https:\/\/elfsight.com\/pl\/wp-json\/wp\/v2\/pages\/5173","targetHints":{"allow":["GET"]}}],"collection":[{"href":"https:\/\/elfsight.com\/pl\/wp-json\/wp\/v2\/pages"}],"about":[{"href":"https:\/\/elfsight.com\/pl\/wp-json\/wp\/v2\/types\/page"}],"author":[{"embeddable":true,"href":"https:\/\/elfsight.com\/pl\/wp-json\/wp\/v2\/users\/9"}],"replies":[{"embeddable":true,"href":"https:\/\/elfsight.com\/pl\/wp-json\/wp\/v2\/comments?post=5173"}],"version-history":[{"count":1,"href":"https:\/\/elfsight.com\/pl\/wp-json\/wp\/v2\/pages\/5173\/revisions"}],"predecessor-version":[{"id":5177,"href":"https:\/\/elfsight.com\/pl\/wp-json\/wp\/v2\/pages\/5173\/revisions\/5177"}],"up":[{"embeddable":true,"href":"https:\/\/elfsight.com\/pl\/wp-json\/wp\/v2\/pages\/2064"}],"wp:attachment":[{"href":"https:\/\/elfsight.com\/pl\/wp-json\/wp\/v2\/media?parent=5173"}],"curies":[{"name":"wp","href":"https:\/\/api.w.org\/{rel}","templated":true}]}}