{"id":517,"date":"2020-11-20T09:11:37","date_gmt":"2020-11-20T09:11:37","guid":{"rendered":"https:\/\/elfsight.com\/pl\/?page_id=517"},"modified":"2021-04-21T13:47:11","modified_gmt":"2021-04-21T13:47:11","slug":"mailchimp-plugins","status":"publish","type":"page","link":"https:\/\/elfsight.com\/pl\/mailchimp-plugins\/","title":{"rendered":"Mailchimp plugins"},"content":{"rendered":"\n<h2>Najbardziej optymalne pluginy Elfsight dla wszelkich zada\u0144 twojej strony internetowej Mailchimp<\/h2>\n\n<p>Na przestrzeni dziewi\u0119ciu lat nasza dru\u017cyna specjalist\u00f3w Elfsight tworzy przyjazne dla u\u017cytkownika i konfigurowalne elementy interfejsu chmurowe dla Twojej strony internetowej. Elfsight gwarantuje obs\u0142ug\u0119 techniczn\u0105 oraz szybko\u015b\u0107 wczytywania. Rozwi\u0105zania Elfsight pomagaj\u0105 w\u0142a\u015bcicielom sklep\u00f3w online, non-profit oraz wielu innym z ca\u0142ego \u015bwiata sprosta\u0107 podstawowymi kwestiami bardziej efektywnie. \n<\/p>\n\n<p>Mo\u017cesz powi\u0119kszy\u0107 sprzeda\u017c, pokaza\u0107 pozytywne referencje na swoje produkty, zwi\u0119kszy\u0107 zaufanie do swojej marki, wystarczy zainstalowa\u0107 plugin do Pa\u0144stwa witryny. Nasze plany taryfowe s\u0105 w zakresie od bezp\u0142atnych do premium. Spr\u00f3buj doda\u0107 dowolnie wybrane widgety przy u\u017cyciu naszej demonstracji i zobacz jak bardzo mo\u017ce to by\u0107 korzystne w kwestii rozwoju serwisu www Pa\u0144stwa firmy. <\/p>\n\n<h2>Czemu nasze widgety Mailchimp s\u0105 najlepszymi instrumentami dla Twojej strony www? <\/h2>\n\n<p> Sprawd\u017a spis wa\u017cnych charakterystyk naszych dodatk\u00f3w, kt\u00f3re umo\u017cliwiaj\u0105 nam wyprzedzi\u0107 konkurencj\u0119: <\/p>\n\n\n<ul>\n<li> Darmowa i sprawna wsparcie przy dodaniu lub customizacji dodatk\u00f3w; <\/li>\n<li> W pe\u0142ni responsywne do wszystkich rozdzielczo\u015bci witryn internetowych i przyjazne dla urz\u0105dze\u0144 mobilnych; <\/li>\n<li> Nie trzeba mie\u0107 \u015brodk\u00f3w programowania lub umiej\u0119tno\u015bci; <\/li>\n<li> Bogaty wyb\u00f3r ustawie\u0144 dostosowywania; <\/li>\n<li> Rozwi\u0105zania chmurowe pomagaj\u0105 zwi\u0119kszy\u0107 szybko\u015b\u0107 strony; <\/li>\n<li> Wszystkie aktualizacje s\u0105 gratisowe i regularne; <\/li>\n<li> Uczciwe ceny; <\/li>\n<li> Szybka pomoc w przypadku problem\u00f3w. <\/li>\n<\/ul>\n\n<p> Sprawd\u017a wolne wersje Lite naszych widget\u00f3w i u\u017cywaj jej potencja\u0142 lub zainstaluj dowolne wymagane wtyczk\u0119 z 20% obni\u017ck\u0105. <\/p>\n\n\n<h2> Jak w\u0142\u0105czy\u0107 pluginy na Twoim serwisie www Mailchimp <\/h2>\n\n<p> Aby zamie\u015bci\u0107 aplikacji, zobacz poni\u017csze etapy z kr\u00f3tkiej instrukcji: <\/p>\n\n\n<ol>\n<li> Kliknij na potrzebn\u0105 wtyczk\u0119; <\/li>\n<li> Skonfiguruj wszystkie wymagane zmiany; <\/li>\n<li> Zapisz zmiany; <\/li>\n<li> Kliknij otrzymany kod; <\/li>\n<li> Dodaj go w przydatnym miejscu swojej strony lub szablonu; <\/li>\n<li> Gotowe! Masz zainstalowany wid\u017cet. <\/li>\n<\/ol>\n\n<p> Je\u015bli b\u0119dziesz potrzebowa\u0142 pomocy, zapraszamy wys\u0142a\u0107 wiadomo\u015b\u0107 do zespo\u0142u wsparcia Elfsight. <\/p>\n","protected":false},"excerpt":{"rendered":"Najbardziej optymalne pluginy Elfsight dla wszelkich zada\u0144 twojej strony internetowej Mailchimp Na przestrzeni dziewi\u0119ciu lat nasza dru\u017cyna specjalist\u00f3w Elfsight tworzy przyjazne dla u\u017cytkownika i konfigurowalne elementy interfejsu chmurowe dla Twojej strony internetowej. Elfsight gwarantuje obs\u0142ug\u0119 techniczn\u0105 oraz szybko\u015b\u0107 wczytywania. Rozwi\u0105zania Elfsight pomagaj\u0105 w\u0142a\u015bcicielom sklep\u00f3w online, non-profit oraz wielu innym z&#8230;","protected":false},"author":13,"featured_media":0,"parent":0,"menu_order":0,"comment_status":"closed","ping_status":"closed","template":"templates\/template-platform.php","meta":{"publish_to_discourse":"","publish_post_category":"","wpdc_auto_publish_overridden":"","wpdc_topic_tags":"","wpdc_pin_topic":"","wpdc_pin_until":"","discourse_post_id":"","discourse_permalink":"","wpdc_publishing_response":"","wpdc_publishing_error":"","footnotes":""},"class_list":["post-517","page","type-page","status-publish","hentry"],"yoast_head":"<!-- This site is optimized with the Yoast SEO plugin v25.3.1 - https:\/\/yoast.com\/wordpress\/plugins\/seo\/ -->\n<title>Ponad 80 darmowych Mailchimp plugin\u00f3w dla strony internetowej<\/title>\n<meta name=\"description\" content=\"Pakiet doskona\u0142ych darmowych plugin\u00f3w dla twojej strony internetowej Mailchimp. Pom\u00f3c przy personalizacji i szeroka funkcjonalno\u015b\u0107.\" \/>\n<meta name=\"robots\" content=\"index, follow, max-snippet:-1, max-image-preview:large, max-video-preview:-1\" \/>\n<link rel=\"canonical\" href=\"https:\/\/elfsight.com\/pl\/mailchimp-plugins\/\" \/>\n<meta property=\"og:locale\" content=\"pl_PL\" \/>\n<meta property=\"og:type\" content=\"article\" \/>\n<meta property=\"og:title\" content=\"Ponad 80 darmowych Mailchimp plugin\u00f3w dla strony internetowej\" \/>\n<meta property=\"og:description\" content=\"Pakiet doskona\u0142ych darmowych plugin\u00f3w dla twojej strony internetowej Mailchimp. Pom\u00f3c przy personalizacji i szeroka funkcjonalno\u015b\u0107.\" \/>\n<meta property=\"og:url\" content=\"https:\/\/elfsight.com\/pl\/mailchimp-plugins\/\" \/>\n<meta property=\"og:site_name\" content=\"Elfsight PL\" \/>\n<meta property=\"article:modified_time\" content=\"2021-04-21T13:47:11+00:00\" \/>\n<meta name=\"twitter:card\" content=\"summary_large_image\" \/>\n<meta name=\"twitter:label1\" content=\"Szacowany czas czytania\" \/>\n\t<meta name=\"twitter:data1\" content=\"2 minuty\" \/>\n<!-- \/ Yoast SEO plugin. -->","yoast_head_json":{"title":"Ponad 80 darmowych Mailchimp plugin\u00f3w dla strony internetowej","description":"Pakiet doskona\u0142ych darmowych plugin\u00f3w dla twojej strony internetowej Mailchimp. Pom\u00f3c przy personalizacji i szeroka funkcjonalno\u015b\u0107.","robots":{"index":"index","follow":"follow","max-snippet":"max-snippet:-1","max-image-preview":"max-image-preview:large","max-video-preview":"max-video-preview:-1"},"canonical":"https:\/\/elfsight.com\/pl\/mailchimp-plugins\/","og_locale":"pl_PL","og_type":"article","og_title":"Ponad 80 darmowych Mailchimp plugin\u00f3w dla strony internetowej","og_description":"Pakiet doskona\u0142ych darmowych plugin\u00f3w dla twojej strony internetowej Mailchimp. Pom\u00f3c przy personalizacji i szeroka funkcjonalno\u015b\u0107.","og_url":"https:\/\/elfsight.com\/pl\/mailchimp-plugins\/","og_site_name":"Elfsight PL","article_modified_time":"2021-04-21T13:47:11+00:00","twitter_card":"summary_large_image","twitter_misc":{"Szacowany czas czytania":"2 minuty"},"schema":{"@context":"https:\/\/schema.org","@graph":[{"@type":"WebPage","@id":"https:\/\/elfsight.com\/pl\/mailchimp-plugins\/","url":"https:\/\/elfsight.com\/pl\/mailchimp-plugins\/","name":"Ponad 80 darmowych Mailchimp plugin\u00f3w dla strony internetowej","isPartOf":{"@id":"https:\/\/elfsight.com\/pl\/#website"},"datePublished":"2020-11-20T09:11:37+00:00","dateModified":"2021-04-21T13:47:11+00:00","description":"Pakiet doskona\u0142ych darmowych plugin\u00f3w dla twojej strony internetowej Mailchimp. Pom\u00f3c przy personalizacji i szeroka funkcjonalno\u015b\u0107.","breadcrumb":{"@id":"https:\/\/elfsight.com\/pl\/mailchimp-plugins\/#breadcrumb"},"inLanguage":"pl-PL","potentialAction":[{"@type":"ReadAction","target":["https:\/\/elfsight.com\/pl\/mailchimp-plugins\/"]}]},{"@type":"BreadcrumbList","@id":"https:\/\/elfsight.com\/pl\/mailchimp-plugins\/#breadcrumb","itemListElement":[{"@type":"ListItem","position":1,"name":"Home","item":"https:\/\/elfsight.com\/pl\/"},{"@type":"ListItem","position":2,"name":"Mailchimp plugins"}]},{"@type":"WebSite","@id":"https:\/\/elfsight.com\/pl\/#website","url":"https:\/\/elfsight.com\/pl\/","name":"Elfsight PL","description":"Just another Elfsight Sites site","potentialAction":[{"@type":"SearchAction","target":{"@type":"EntryPoint","urlTemplate":"https:\/\/elfsight.com\/pl\/?s={search_term_string}"},"query-input":{"@type":"PropertyValueSpecification","valueRequired":true,"valueName":"search_term_string"}}],"inLanguage":"pl-PL"}]}},"meta_box":{"industry":"","seo_heading":"","heading":"","description":"","cta_heading":"","cta_description":"","application":"","h1":"Najlepsze pluginy Mailchimp","h1_caption":"Darmowy zestaw gotowych do u\u017cycia wid\u017cet\u00f3w wysokiej klasy z szerokim zakresem mo\u017cliwo\u015bci dla zwi\u0119kszenia zaanga\u017cowania u\u017cytkownik\u00f3w oraz realizacji wszystkich kluczowych dzia\u0142a\u0144 w zakresie rozwoju komercyjnego. Proste integrowanie, obszerny asortyment mo\u017cliwo\u015bci konfiguracji a tak\u017ce wysoko wykwalifikowana obs\u0142uga klienta.","application_category":[],"applications_title":"Spr\u00f3buj najodpowiedniejsze pluginy dla twojej strony internetowej w\u015br\u00f3d wszystkich wtyczek gratisowych w edytorze internetowym","applications_request_title":"Nie mo\u017cesz znale\u017a\u0107 odpowiedniego plugina?","applications_request_button_text":"Zam\u00f3w plugin","hero_text":"","hero_video":"","hero_video_schema_markup":"","selling_points_title":"","selling_points_caption":"","selling_points":[],"selling_points_cta_text":"","features_title":"","features":"","ed_cta_examples_text":"","ed_cta_examples_hidden":"","ed_cta_demo_text":"","ed_cta_demo_hidden":"","why_caption":"","why_editor_title":"","why_editor_text":"","why_team_title":"","why_team_text":"","why_service_title":"","why_service_text":"","template_catalog_visible":"","template_catalog_title":"","template_catalog_text":"","template_catalog_categories_visible":"","demo_title":"","demo_caption":"","default_faq_hidden":"","app_template_category":[],"platform":"514","template_public_id":"","codecanyon_url":"","codecanyon_item_id":"","codecanyon_price":"","pricing_caption":"","pricing_elfsight_apps_hide_column":"","pricing_elfsight_apps_url":"","pricing_codecanyon_price_caption":"","integration_category":[],"integration_request_title":"","integration_request_cta":"","integration_platform":"","integrations":[],"platform_category":[],"video_schema_markup":"","price":"","trial":"","benefits":[],"button_url":"","button_target_blank":"","button_nofollow":"","attributes":[],"tags":[],"tags_disable_links":"","hide_more_platforms":"","video_object":"","demo_hide_cta":"","demo_hide_cloud_options":"","pricing_title":"","pricing":[],"related_apps_title":"","related_apps_hidden":"","author":"","image":[],"title":"","job":"","social_networks":[]},"_links":{"self":[{"href":"https:\/\/elfsight.com\/pl\/wp-json\/wp\/v2\/pages\/517","targetHints":{"allow":["GET"]}}],"collection":[{"href":"https:\/\/elfsight.com\/pl\/wp-json\/wp\/v2\/pages"}],"about":[{"href":"https:\/\/elfsight.com\/pl\/wp-json\/wp\/v2\/types\/page"}],"author":[{"embeddable":true,"href":"https:\/\/elfsight.com\/pl\/wp-json\/wp\/v2\/users\/13"}],"replies":[{"embeddable":true,"href":"https:\/\/elfsight.com\/pl\/wp-json\/wp\/v2\/comments?post=517"}],"version-history":[{"count":2,"href":"https:\/\/elfsight.com\/pl\/wp-json\/wp\/v2\/pages\/517\/revisions"}],"predecessor-version":[{"id":519,"href":"https:\/\/elfsight.com\/pl\/wp-json\/wp\/v2\/pages\/517\/revisions\/519"}],"wp:attachment":[{"href":"https:\/\/elfsight.com\/pl\/wp-json\/wp\/v2\/media?parent=517"}],"curies":[{"name":"wp","href":"https:\/\/api.w.org\/{rel}","templated":true}]}}