{"id":5168,"date":"2024-05-03T06:36:51","date_gmt":"2024-05-03T06:36:51","guid":{"rendered":"https:\/\/elfsight.com\/pl\/?page_id=5168"},"modified":"2025-06-26T14:58:37","modified_gmt":"2025-06-26T14:58:37","slug":"html","status":"publish","type":"page","link":"https:\/\/elfsight.com\/pl\/accordion-faq-widget\/html\/","title":{"rendered":"FAQ &#8211; HTML"},"content":{"rendered":"<div class=\"application-platform-content-item-description application-platform-content-item\" id=\"description\" data-nav-section=\"description\">\n<h2>Opis<\/h2>\n<p>Nasze cz\u0119sto zadawane pytania to pot\u0119\u017cny, \u0142atwy w instalacji i dostosowywaniu widget umo\u017cliwiaj\u0105cy tworzenie i publikowanie listy najcz\u0119\u015bciej wa\u017cne pytania wraz z odpowiedziami na Twojej stronie. Adaptacyjny widget z prostym interfejsem pozwala pokaza\u0107 kompleksow\u0105 informacj\u0119 o Twoich us\u0142ugach, skierowa\u0107 uwag\u0119 czytelnika na zalety i wyeliminowa\u0107 wszelkie b\u0142\u0119dne przekonania i podejrzenia, kt\u00f3re mog\u0142yby mie\u0107 wp\u0142yw na zakup.<\/p>\n<p><b>Udost\u0119pnij swoim klientom natychmiast znajd\u017a odpowiedzi na swoje pytania i zwi\u0119ksz sprzeda\u017c na stronie!<\/b><\/p>\n<ul>\n    <li><b>Skieruj odwiedzaj\u0105cych do z\u0142o\u017cenia zam\u00f3wienia za pomoc\u0105 inteligentnie sformu\u0142owanych odpowiedzi<\/b>.<br>Pokazuj odpowiedzi odpowiada\u0107 na kluczowe pytania klient\u00f3w z odpowiednim wyprzedzeniem i przekona\u0107 u\u017cytkownik\u00f3w do zakupu w Twojej witrynie.<\/li>\n    <li><b>Uzyskaj w\u0142a\u015bciwy odbi\u00f3r swoich towar\u00f3w lub us\u0142ug<\/b>.<br>Zwalcz najcz\u0119stsze l\u0119ki i nieufno\u015b\u0107 zwi\u0105zan\u0105 z Twoj\u0105 firm\u0105 dzi\u0119ki jasnym i obszernym odpowiedziom.<\/li>\n    <li><b>Skr\u00f3\u0107 czas i koszty pracy centrum wsparcia<\/b>.<br>Dodaj odpowiedzi na maksymalnie cz\u0119ste pytania dotycz\u0105ce Twoich towar\u00f3w lub us\u0142ugi, aby zmniejszy\u0107 ekstremalne obci\u0105\u017cenie Twojego zespo\u0142u pomocy technicznej.<\/li>\n<\/ul>\n<div class=\"faq\" data-component=\"FAQ\">\n    <div class=\"faq-item\">\r\n\t\t\t\t\t<div class=\"faq-item-question\">\r\n\t\t\t\t\t\t<h3 class=\"faq-item-question-text\">Jak mog\u0119 osadzi\u0107 wid\u017cet FAQ w kodzie HTML?<\/h3>\r\n\r\n\t\t\t\t\t\t<div class=\"faq-item-question-icon\"><\/div>\r\n\t\t\t\t\t<\/div>\r\n\r\n\t\t\t\t\t<div class=\"faq-item-answer\">\r\n\t\t\t\t\t\t<div class=\"faq-item-answer-text\">\n    <p>Budowa widgetu odbywa si\u0119 w ramach witryny Elfsight i nie musisz uczy\u0107 si\u0119 kodowania. Skorzystaj z wersji demonstracyjnej na \u017cywo, aby ukszta\u0142towa\u0107 w\u0142asne narz\u0119dzie, zdob\u0105d\u017a kod i zintegruj go ze swoj\u0105 witryn\u0105. <\/p>\n    <\/div>\r\n\t\t\t\t\t<\/div>\r\n\t\t\t\t<\/div>\n    <div class=\"faq-item\">\r\n\t\t\t\t\t<div class=\"faq-item-question\">\r\n\t\t\t\t\t\t<h3 class=\"faq-item-question-text\">Najlepsze przyk\u0142ady wykorzystania integracji wtyczek FAQ<\/h3>\r\n\r\n\t\t\t\t\t\t<div class=\"faq-item-question-icon\"><\/div>\r\n\t\t\t\t\t<\/div>\r\n\r\n\t\t\t\t\t<div class=\"faq-item-answer\">\r\n\t\t\t\t\t\t<div class=\"faq-item-answer-text\">\n    <p>Dajemy Ci wiele mo\u017cliwo\u015bci personalizacji: pe\u0142nowymiarowe wid\u017cety do wstawiania w sekcji tre\u015bci, p\u0142ywaj\u0105ce wid\u017cety do przewijania opcje, uk\u0142ady stopki witryny, nag\u0142\u00f3wka i wszystkie odmiany opcji pionowych pask\u00f3w bocznych i menu <\/p>\n    <\/div>\r\n\t\t\t\t\t<\/div>\r\n\t\t\t\t<\/div>\n    <div class=\"faq-item\">\r\n\t\t\t\t\t<div class=\"faq-item-question\">\r\n\t\t\t\t\t\t<h3 class=\"faq-item-question-text\">Czy mog\u0119 zbudowa\u0107 proste FAQ lub wielokolumnowe FAQ. pomoc redaktora?<\/h3>\r\n\r\n\t\t\t\t\t\t<div class=\"faq-item-question-icon\"><\/div>\r\n\t\t\t\t\t<\/div>\r\n\r\n\t\t\t\t\t<div class=\"faq-item-answer\">\r\n\t\t\t\t\t\t<div class=\"faq-item-answer-text\">\n    <p>Mo\u017cesz tworzy\u0107 dowolne odmiany wid\u017cetu. W edytorze masz do dyspozycji mn\u00f3stwo uk\u0142ad\u00f3w, a ka\u017cdy z nich mo\u017cna \u0142atwo spersonalizowa\u0107 wed\u0142ug w\u0142asnych upodoba\u0144.<\/p>\n    <\/div>\r\n\t\t\t\t\t<\/div>\r\n\t\t\t\t<\/div>\n<\/div>\n<\/div>\n\n<div class=\"application-platform-content-item-features application-platform-content-item\" id=\"features\" data-nav-section=\"features\">\n<h2>Funkcje<\/h2>\n<p>Najwa\u017cniejsze cechy wid\u017cetu Elfsight, dzi\u0119ki kt\u00f3rym staje si\u0119 on najskuteczniejszym narz\u0119dziem do dodawania cz\u0119sto zadawanych pyta\u0144 na stronie HTML.<\/p>\n<ul>\n    <li>3 gotowe uk\u0142ady: akordeon, lista, wielokolumna;<\/li>\n    <li>36 predefiniowanych ikon dla kategorii;<\/li>\n    <li>Duplikuj i zmieniaj kolejno\u015b\u0107 pyta\u0144;<\/li>\n    <li>Obs\u0142ugiwany HTML w tek\u015bcie;<\/li>\n    <li>Terminowa i profesjonalna obs\u0142uga klienta.<\/li>\n<\/ul>\n<p><a href=\"#demo\">Odkryj wszystkie funkcje samodzielnie<\/a><\/p>\n<\/div>\n\n<div class=\"application-platform-content-item-installation application-platform-content-item\" id=\"installation\" data-nav-section=\"installation\">\n<h2>Jak doda\u0107 wid\u017cet FAQ dotycz\u0105cy akordeonu do kodu HTML<\/h2>\n<div class=\"video-container\"><iframe width=\"720\" height=\"405\" src=\"https:\/\/www.youtube.com\/embed\/aBPLB9cQD2Y\" frameborder=\"0\" allowfullscreen=\"\"><\/iframe><\/div>\n<p>Umie\u015b\u0107 wid\u017cet na swojej stronie, post\u0119puj\u0105c zgodnie z instrukcjami z naszego kr\u00f3tki poradnik. Nie musisz zatrudnia\u0107 programisty ani posiada\u0107 rozleg\u0142ej wiedzy z zakresu programowania \u2013 wszystkie instrukcje s\u0105 bardzo proste. \u015aredni czas instalacji to zaledwie 2 minuty.<\/p>\n<ol>\n    <li><b>Utw\u00f3rz unikalne cz\u0119sto zadawane pytania<\/b>.<br>Korzystaj\u0105c z naszego bezp\u0142atnego edytora, wygeneruj wtyczk\u0119 z niezb\u0119dnym projektem i ustawieniami.<\/li>\n    <li><b>Zdob\u0105d\u017a kod do osadzenia wtyczki<\/b>.<br>Po utworzeniu wid\u017cetu uzyskaj kod do wtyczki FAQ z pojawiaj\u0105cego si\u0119 okna aplikacji Elfsight.<\/li>\n    <li><b>Dodaj wid\u017cet na stronie HTML<\/b>.<br>Uruchom kod strony w edytorze HTML, wy\u015bwietl wid\u017cet w odpowiednim miejscu (tre\u015b\u0107, stopka, pasek boczny itp.) i zastosuj wyniki.<\/li>\n    <li><b>Instalacja zosta\u0142a uko\u0144czona<\/b>.<br>Otw\u00f3rz witryn\u0119, aby zobaczy\u0107 swoj\u0105 prac\u0119.<\/li>\n<\/ol>\n<p>Napotka\u0142e\u015b trudno\u015bci podczas stosowania instrukcji? Zostaw zapytanie w naszym dziale pomocy technicznej lub zapoznaj si\u0119 z obszern\u0105 wersj\u0105 samouczka \u00ab<a href=\"https:\/\/elfsight.com\/tutorials\/how-to-add-responsive-faq-widget-to-html\/\" target=\"_blank\" rel=\"noopener noreferrer\">Jak doda\u0107 FAQ do HTML<\/a>\u00bb i samodzielnie doko\u0144czy\u0107 proces.<\/p>\n<\/div>","protected":false},"excerpt":{"rendered":"","protected":false},"author":9,"featured_media":0,"parent":2064,"menu_order":0,"comment_status":"closed","ping_status":"closed","template":"templates\/template-application-platform.php","meta":{"publish_to_discourse":"","publish_post_category":"","wpdc_auto_publish_overridden":"","wpdc_topic_tags":"","wpdc_pin_topic":"","wpdc_pin_until":"","discourse_post_id":"","discourse_permalink":"","wpdc_publishing_response":"","wpdc_publishing_error":"","footnotes":""},"class_list":["post-5168","page","type-page","status-publish","hentry"],"yoast_head":"<!-- This site is optimized with the Yoast SEO plugin v25.3.1 - https:\/\/yoast.com\/wordpress\/plugins\/seo\/ -->\n<title>Akordeon FAQ - Dodaj wid\u017cet FAQ do strony HTML<\/title>\n<meta name=\"description\" content=\"Wygeneruj spersonalizowan\u0105 wtyczk\u0119 FAQ dla kodu HTML w zaledwie 90 sekund. Wypr\u00f3buj najszybszy edytor do ustawiania wid\u017cet\u00f3w firmy Elfsight, ca\u0142kowicie za darmo.\" \/>\n<meta name=\"robots\" content=\"index, follow, max-snippet:-1, max-image-preview:large, max-video-preview:-1\" \/>\n<link rel=\"canonical\" href=\"https:\/\/elfsight.com\/pl\/accordion-faq-widget\/html\/\" \/>\n<meta property=\"og:locale\" content=\"pl_PL\" \/>\n<meta property=\"og:type\" content=\"article\" \/>\n<meta property=\"og:title\" content=\"Akordeon FAQ - Dodaj wid\u017cet FAQ do strony HTML\" \/>\n<meta property=\"og:description\" content=\"Wygeneruj spersonalizowan\u0105 wtyczk\u0119 FAQ dla kodu HTML w zaledwie 90 sekund. Wypr\u00f3buj najszybszy edytor do ustawiania wid\u017cet\u00f3w firmy Elfsight, ca\u0142kowicie za darmo.\" \/>\n<meta property=\"og:url\" content=\"https:\/\/elfsight.com\/pl\/accordion-faq-widget\/html\/\" \/>\n<meta property=\"og:site_name\" content=\"Elfsight PL\" \/>\n<meta property=\"article:modified_time\" content=\"2025-06-26T14:58:37+00:00\" \/>\n<meta name=\"twitter:card\" content=\"summary_large_image\" \/>\n<meta name=\"twitter:label1\" content=\"Szacowany czas czytania\" \/>\n\t<meta name=\"twitter:data1\" content=\"3 minuty\" \/>\n<!-- \/ Yoast SEO plugin. -->","yoast_head_json":{"title":"Akordeon FAQ - Dodaj wid\u017cet FAQ do strony HTML","description":"Wygeneruj spersonalizowan\u0105 wtyczk\u0119 FAQ dla kodu HTML w zaledwie 90 sekund. Wypr\u00f3buj najszybszy edytor do ustawiania wid\u017cet\u00f3w firmy Elfsight, ca\u0142kowicie za darmo.","robots":{"index":"index","follow":"follow","max-snippet":"max-snippet:-1","max-image-preview":"max-image-preview:large","max-video-preview":"max-video-preview:-1"},"canonical":"https:\/\/elfsight.com\/pl\/accordion-faq-widget\/html\/","og_locale":"pl_PL","og_type":"article","og_title":"Akordeon FAQ - Dodaj wid\u017cet FAQ do strony HTML","og_description":"Wygeneruj spersonalizowan\u0105 wtyczk\u0119 FAQ dla kodu HTML w zaledwie 90 sekund. Wypr\u00f3buj najszybszy edytor do ustawiania wid\u017cet\u00f3w firmy Elfsight, ca\u0142kowicie za darmo.","og_url":"https:\/\/elfsight.com\/pl\/accordion-faq-widget\/html\/","og_site_name":"Elfsight PL","article_modified_time":"2025-06-26T14:58:37+00:00","twitter_card":"summary_large_image","twitter_misc":{"Szacowany czas czytania":"3 minuty"},"schema":{"@context":"https:\/\/schema.org","@graph":[{"@type":"WebPage","@id":"https:\/\/elfsight.com\/pl\/accordion-faq-widget\/html\/","url":"https:\/\/elfsight.com\/pl\/accordion-faq-widget\/html\/","name":"Akordeon FAQ - Dodaj wid\u017cet FAQ do strony HTML","isPartOf":{"@id":"https:\/\/elfsight.com\/pl\/#website"},"datePublished":"2024-05-03T06:36:51+00:00","dateModified":"2025-06-26T14:58:37+00:00","description":"Wygeneruj spersonalizowan\u0105 wtyczk\u0119 FAQ dla kodu HTML w zaledwie 90 sekund. Wypr\u00f3buj najszybszy edytor do ustawiania wid\u017cet\u00f3w firmy Elfsight, ca\u0142kowicie za darmo.","breadcrumb":{"@id":"https:\/\/elfsight.com\/pl\/accordion-faq-widget\/html\/#breadcrumb"},"inLanguage":"pl-PL","potentialAction":[{"@type":"ReadAction","target":["https:\/\/elfsight.com\/pl\/accordion-faq-widget\/html\/"]}]},{"@type":"BreadcrumbList","@id":"https:\/\/elfsight.com\/pl\/accordion-faq-widget\/html\/#breadcrumb","itemListElement":[{"@type":"ListItem","position":1,"name":"Home","item":"https:\/\/elfsight.com\/pl\/"},{"@type":"ListItem","position":2,"name":"FAQ","item":"https:\/\/elfsight.com\/pl\/accordion-faq-widget\/"},{"@type":"ListItem","position":3,"name":"FAQ &#8211; HTML"}]},{"@type":"WebSite","@id":"https:\/\/elfsight.com\/pl\/#website","url":"https:\/\/elfsight.com\/pl\/","name":"Elfsight PL","description":"Just another Elfsight Sites site","potentialAction":[{"@type":"SearchAction","target":{"@type":"EntryPoint","urlTemplate":"https:\/\/elfsight.com\/pl\/?s={search_term_string}"},"query-input":{"@type":"PropertyValueSpecification","valueRequired":true,"valueName":"search_term_string"}}],"inLanguage":"pl-PL"}]}},"meta_box":{"industry":"","seo_heading":"","heading":"","description":"","cta_heading":"","cta_description":"","application":"2063","h1":"Widget FAQ dotycz\u0105cy akordeonu w formacie HTML","h1_caption":"Podaj odpowiedzi na cz\u0119sto zadawane pytania w zorganizowanym formacie umo\u017cliwiaj\u0105cym przeszukiwanie, aby pom\u00f3c u\u017cytkownikom szybko i bez wysi\u0142ku znale\u017a\u0107 rozwi\u0105zania w Twojej witrynie HTML.","application_category":[],"applications_title":"","applications_request_title":"","applications_request_button_text":"","hero_text":"","hero_video":"","hero_video_schema_markup":"","selling_points_title":"","selling_points_caption":"","selling_points":[],"selling_points_cta_text":"","features_title":"","features":"","ed_cta_examples_text":"","ed_cta_examples_hidden":"","ed_cta_demo_text":"","ed_cta_demo_hidden":"","why_caption":"","why_editor_title":"","why_editor_text":"","why_team_title":"","why_team_text":"","why_service_title":"","why_service_text":"","template_catalog_visible":"0","template_catalog_title":"","template_catalog_text":"","template_catalog_categories_visible":"","demo_title":"Utw\u00f3rz wid\u017cet FAQ","demo_caption":"Skonfiguruj swoje FAQ i dodaj je za darmo do swojej strony HTML!","default_faq_hidden":"","app_template_category":[],"platform":"50","template_public_id":"","codecanyon_url":"","codecanyon_item_id":"","codecanyon_price":"","pricing_caption":"","pricing_elfsight_apps_hide_column":"","pricing_elfsight_apps_url":"","pricing_codecanyon_price_caption":"","integration_category":[],"integration_request_title":"","integration_request_cta":"","integration_platform":"","integrations":[],"platform_category":[],"video_schema_markup":"","price":"od 0 USD \/ miesi\u0105c","trial":"","benefits":[{"text":"Bezp\u0142atna pomoc w monta\u017cu"},{"text":"Skuteczna obs\u0142uga klienta"},{"text":"14-dniowa gwarancja zwrotu pieni\u0119dzy"}],"button_url":"#demo","button_target_blank":"0","button_nofollow":"0","attributes":[{"name":"Instaluje"},{"name":"Czu\u0142y"},{"name":"Kompatybilne przegl\u0105darki"}],"tags":[],"tags_disable_links":"0","hide_more_platforms":"0","video_object":"","demo_hide_cta":"0","demo_hide_cloud_options":"0","pricing_title":"","pricing":[{"pricing_icon":"platform","pricing_title":"Elfsight Apps","pricing_title_caption":"Rozwi\u0105zanie wieloplatformowe","pricing_price":"od 0 USD \/ miesi\u0105c","pricing_price_caption":"zacznij od bezp\u0142atnego planu","pricing_benefits":[{"text":"Nielimitowane domeny"},{"text":"Szybka pomoc firmy i dobrze udokumentowana"},{"text":"Bezp\u0142atna pomoc w monta\u017cu"},{"text":"Specjalna oferta na wiele aplikacji"}],"pricing_button_text":"Dodaj do witryny","pricing_button_url":"#demo"}],"related_apps_title":"","related_apps_hidden":"0","author":"","image":[],"title":"","job":"","social_networks":[]},"_links":{"self":[{"href":"https:\/\/elfsight.com\/pl\/wp-json\/wp\/v2\/pages\/5168","targetHints":{"allow":["GET"]}}],"collection":[{"href":"https:\/\/elfsight.com\/pl\/wp-json\/wp\/v2\/pages"}],"about":[{"href":"https:\/\/elfsight.com\/pl\/wp-json\/wp\/v2\/types\/page"}],"author":[{"embeddable":true,"href":"https:\/\/elfsight.com\/pl\/wp-json\/wp\/v2\/users\/9"}],"replies":[{"embeddable":true,"href":"https:\/\/elfsight.com\/pl\/wp-json\/wp\/v2\/comments?post=5168"}],"version-history":[{"count":3,"href":"https:\/\/elfsight.com\/pl\/wp-json\/wp\/v2\/pages\/5168\/revisions"}],"predecessor-version":[{"id":10569,"href":"https:\/\/elfsight.com\/pl\/wp-json\/wp\/v2\/pages\/5168\/revisions\/10569"}],"up":[{"embeddable":true,"href":"https:\/\/elfsight.com\/pl\/wp-json\/wp\/v2\/pages\/2064"}],"wp:attachment":[{"href":"https:\/\/elfsight.com\/pl\/wp-json\/wp\/v2\/media?parent=5168"}],"curies":[{"name":"wp","href":"https:\/\/api.w.org\/{rel}","templated":true}]}}