{"id":5160,"date":"2024-05-03T06:36:47","date_gmt":"2024-05-03T06:36:47","guid":{"rendered":"https:\/\/elfsight.com\/pl\/?page_id=5160"},"modified":"2025-06-26T15:02:54","modified_gmt":"2025-06-26T15:02:54","slug":"squarespace","status":"publish","type":"page","link":"https:\/\/elfsight.com\/pl\/accordion-faq-widget\/squarespace\/","title":{"rendered":"FAQ &#8211; Squarespace"},"content":{"rendered":"<div class=\"application-platform-content-item-description application-platform-content-item\" id=\"description\" data-nav-section=\"description\"><h2>Umie\u015b\u0107 cz\u0119sto zadawane pytania w Squarespace za pomoc\u0105 wid\u017cetu Elfsight<\/h2><p>Cz\u0119sto zadawane pytania dotycz\u0105ce Elfsight to wydajny, \u0142atwy w zastosowaniu i dostosowywany widget do generowania i wy\u015bwietl list\u0119 najbardziej potrzebnych pyta\u0144 wraz z odpowiedziami na swojej stronie. Interaktywny wid\u017cet o intuicyjnym wygl\u0105dzie pozwala na dostarczenie obszernych informacji o Twoich us\u0142ugach, skupienie uwagi czytelnik\u00f3w na pozytywnych cechach oraz walk\u0119 z b\u0142\u0119dnymi przekonaniami i niedowierzaniem, kt\u00f3re mog\u0105 uniemo\u017cliwi\u0107 zakup.<\/p><p><b>Pozw\u00f3l swoim klientom znale\u017a\u0107 odpowiedzi maksymalnie szybko odpowiedzie\u0107 na najwa\u017cniejsze pytania na Twojej stronie i zwi\u0119kszy\u0107 liczb\u0119 zam\u00f3wie\u0144 na stronie!<\/b><\/p><ul><li><b>Pokonaj niezdecydowanie swoich klient\u00f3w i zwi\u0119ksz swoje przychody<\/b> .<br>Udost\u0119pnij potencjalnym klientom obszerne informacje o swoich towarach lub us\u0142ugach, aby pom\u00f3c im w niezdecydowaniu i zwi\u0119kszy\u0107 przychody w witrynie.<\/li><li><b>Uzyskaj maksymalne zrozumienie swoich towar\u00f3w lub us\u0142ug przez klient\u00f3w<\/b>.<br>Wyeliminuj najcz\u0119stsze b\u0142\u0119dne przekonania i podejrzenia na temat Twojej firmy za pomoc\u0105 kompletnych i \u0142atwych do zrozumienia odpowiedzi.<\/li><li><b>Natychmiast odpowiada na wszelkie pytania klient\u00f3w<\/b>.<br>Pom\u00f3\u017c odwiedzaj\u0105cym uzyska\u0107 najbardziej szczeg\u00f3\u0142owe informacje o Twoich towarach lub us\u0142ugach i rozwi\u0105zywa\u0107 zapytania, zanim si\u0119 pojawi\u0105.<\/li><\/ul><\/div><div class=\"application-platform-content-item-features application-platform-content-item\" id=\"features\" data-nav-section=\"features\"><h2>G\u0142\u00f3wne cechy cz\u0119sto zadawanych pyta\u0144 widget<\/h2><p>Kluczowe zalety wid\u017cetu Elfsight, kt\u00f3re sprawiaj\u0105, \u017ce jest to najszybsza metoda dodawania cz\u0119sto zadawanych pyta\u0144 na stronie Squarespace.<\/p><ul><li>Uk\u0142ad harmonijkowy wy\u015bwietlaj\u0105cy odpowiedzi po klikni\u0119ciu;<\/li> <li>4 gotowe do u\u017cycia style z obramowaniami i cieniami;<\/li><li>Poka\u017c\/ukryj i edytuj nazwy kategorii<\/li><li>Edytowalny tytu\u0142 wid\u017cetu;<\/li><li>Na czasie i profesjonalnie obs\u0142uga klienta.<\/li><\/ul><p><a href=\"#demo\">Wypr\u00f3buj wszystkie<\/a><\/p><\/div><div class=\"application-platform-content-item-installation application-platform-content-item\" id=\"installation\" data-nav-section=\"installation\"><h2>Jak aby doda\u0107 wid\u017cet FAQ Accoridon do Squarespace<\/h2><div class=\"video-container\"><iframe width=\"720\" height=\"405\" src=\"https:\/\/www.youtube.com\/embed\/SK75bvTqM_0\" frameborder=\"0\" allowfullscreen=\"\"><\/iframe><\/div><p>Utw\u00f3rz wid\u017cet, korzystaj\u0105c z naszego kr\u00f3tkiego przewodnika. Nie wymaga do\u015bwiadczenia w programowaniu ani fachowej pomocy. Ca\u0142kowity czas konfiguracji wynosi 90 sekund.<\/p><ol><li><b>Utw\u00f3rz spersonalizowane cz\u0119sto zadawane pytania<\/b>.<br>Dzi\u0119ki naszemu bezp\u0142atnemu konfiguratorowi mo\u017cesz stworzy\u0107 wtyczk\u0119 o preferowanym wygl\u0105dzie i ustawieniach.<\/li> <li><b>Zdob\u0105d\u017a kod do instalacji wtyczki<\/b>.<br>Po dostosowaniu wid\u017cetu uzyskaj kod do wtyczki FAQ z powiadomienia pojawiaj\u0105cego si\u0119 w aplikacjach Elfsight.<\/li><li><b>Poka\u017c wtyczk\u0119 na stronie SquareSpace<\/b>.<br>Poka\u017c wtyczk\u0119 w odpowiednim miejscu strony i zapisz zmiany.<\/li><li><b>Osadzanie powiod\u0142o si\u0119!<\/b>.<br>Odwied\u017a swoj\u0105 witryn\u0119, aby sprawdzi\u0107 wtyczk\u0119.<\/li><\/ol><p>Wyst\u0105pi\u0142y problemy podczas stosowania instrukcji? Zostaw wiadomo\u015b\u0107 naszemu zespo\u0142owi pomocy technicznej lub przeczytaj pe\u0142n\u0105 wersj\u0119 samouczka \u00ab<a href=\"https:\/\/elfsight.com\/tutorials\/how-to-add-faq-widget-to-squarespace\/\">Jak doda\u0107 cz\u0119sto zadawane pytania do Squarespace<\/a>\u00bb i samodzielnie doko\u0144czy\u0107 konfiguracj\u0119.<\/p><div class=\"faq\" data-component=\"FAQ\"><div class=\"faq-item\">\r\n\t\t\t\t\t<div class=\"faq-item-question\">\r\n\t\t\t\t\t\t<h3 class=\"faq-item-question-text\">Jak doda\u0107 cz\u0119sto zadawane pytania do mojej witryny Squarespace bez umiej\u0119tno\u015bci kodowania?<\/h3>\r\n\r\n\t\t\t\t\t\t<div class=\"faq-item-question-icon\"><\/div>\r\n\t\t\t\t\t<\/div>\r\n\r\n\t\t\t\t\t<div class=\"faq-item-answer\">\r\n\t\t\t\t\t\t<div class=\"faq-item-answer-text\"> <p>Elfsight zapewnia rozwi\u0105zanie SaaS, kt\u00f3re umo\u017cliwia samodzielne utworzenie wid\u017cetu FAQ. Zobacz, jak \u0142atwy jest ten proces: Pracuj bezpo\u015brednio w edytorze online, aby utworzy\u0107 wid\u017cet FAQ, kt\u00f3ry chcia\u0142by\u015b zobaczy\u0107 na swojej stronie Squarespace. Wybierz jeden z gotowych szablon\u00f3w i dostosuj ustawienia FAQ, dodaj tre\u015b\u0107, zmie\u0144 uk\u0142ad i kolory bez umiej\u0119tno\u015bci kodowania. Zapisz FAQ i skopiuj jego kod instalacyjny, aby\u015b m\u00f3g\u0142 bez wysi\u0142ku doda\u0107 swoj\u0105 witryn\u0119 Squarespace bez kupowania p\u0142atnego planu. Dzi\u0119ki naszemu intuicyjnemu edytorowi ka\u017cdy u\u017cytkownik Internetu mo\u017ce stworzy\u0107 wid\u017cet FAQ online i \u0142atwo osadzi\u0107 go na swojej stronie internetowej Squarespace. Aby uzyska\u0107 dost\u0119p do us\u0142ugi, nie trzeba p\u0142aci\u0107 ani wprowadza\u0107 danych uwierzytelniaj\u0105cych karty. Je\u015bli na kt\u00f3rymkolwiek etapie napotkasz jakiekolwiek problemy, skontaktuj si\u0119 z naszym zespo\u0142em pomocy technicznej.<\/p> <\/div>\r\n\t\t\t\t\t<\/div>\r\n\t\t\t\t<\/div> <\/div><\/div>","protected":false},"excerpt":{"rendered":"","protected":false},"author":9,"featured_media":0,"parent":2064,"menu_order":0,"comment_status":"closed","ping_status":"closed","template":"templates\/template-application-platform.php","meta":{"publish_to_discourse":"","publish_post_category":"","wpdc_auto_publish_overridden":"","wpdc_topic_tags":"","wpdc_pin_topic":"","wpdc_pin_until":"","discourse_post_id":"","discourse_permalink":"","wpdc_publishing_response":"","wpdc_publishing_error":"","footnotes":""},"class_list":["post-5160","page","type-page","status-publish","hentry"],"yoast_head":"<!-- This site is optimized with the Yoast SEO plugin v25.3.1 - https:\/\/yoast.com\/wordpress\/plugins\/seo\/ -->\n<title>Cz\u0119sto zadawane pytania dotycz\u0105ce akordeonu \u2014 dodaj wid\u017cet FAQ do witryny SquareSpace<\/title>\n<meta name=\"description\" content=\"Zdob\u0105d\u017a sw\u00f3j indywidualny wid\u017cet FAQ dla Squarespace w zaledwie 3 minuty. Skorzystaj z naszego szybkiego edytora, aby tworzy\u0107 wtyczki Elfsight, ca\u0142kowicie za darmo.\" \/>\n<meta name=\"robots\" content=\"index, follow, max-snippet:-1, max-image-preview:large, max-video-preview:-1\" \/>\n<link rel=\"canonical\" href=\"https:\/\/elfsight.com\/pl\/accordion-faq-widget\/squarespace\/\" \/>\n<meta property=\"og:locale\" content=\"pl_PL\" \/>\n<meta property=\"og:type\" content=\"article\" \/>\n<meta property=\"og:title\" content=\"Cz\u0119sto zadawane pytania dotycz\u0105ce akordeonu \u2014 dodaj wid\u017cet FAQ do witryny SquareSpace\" \/>\n<meta property=\"og:description\" content=\"Zdob\u0105d\u017a sw\u00f3j indywidualny wid\u017cet FAQ dla Squarespace w zaledwie 3 minuty. Skorzystaj z naszego szybkiego edytora, aby tworzy\u0107 wtyczki Elfsight, ca\u0142kowicie za darmo.\" \/>\n<meta property=\"og:url\" content=\"https:\/\/elfsight.com\/pl\/accordion-faq-widget\/squarespace\/\" \/>\n<meta property=\"og:site_name\" content=\"Elfsight PL\" \/>\n<meta property=\"article:modified_time\" content=\"2025-06-26T15:02:54+00:00\" \/>\n<meta name=\"twitter:card\" content=\"summary_large_image\" \/>\n<meta name=\"twitter:label1\" content=\"Szacowany czas czytania\" \/>\n\t<meta name=\"twitter:data1\" content=\"3 minuty\" \/>\n<!-- \/ Yoast SEO plugin. -->","yoast_head_json":{"title":"Cz\u0119sto zadawane pytania dotycz\u0105ce akordeonu \u2014 dodaj wid\u017cet FAQ do witryny SquareSpace","description":"Zdob\u0105d\u017a sw\u00f3j indywidualny wid\u017cet FAQ dla Squarespace w zaledwie 3 minuty. Skorzystaj z naszego szybkiego edytora, aby tworzy\u0107 wtyczki Elfsight, ca\u0142kowicie za darmo.","robots":{"index":"index","follow":"follow","max-snippet":"max-snippet:-1","max-image-preview":"max-image-preview:large","max-video-preview":"max-video-preview:-1"},"canonical":"https:\/\/elfsight.com\/pl\/accordion-faq-widget\/squarespace\/","og_locale":"pl_PL","og_type":"article","og_title":"Cz\u0119sto zadawane pytania dotycz\u0105ce akordeonu \u2014 dodaj wid\u017cet FAQ do witryny SquareSpace","og_description":"Zdob\u0105d\u017a sw\u00f3j indywidualny wid\u017cet FAQ dla Squarespace w zaledwie 3 minuty. Skorzystaj z naszego szybkiego edytora, aby tworzy\u0107 wtyczki Elfsight, ca\u0142kowicie za darmo.","og_url":"https:\/\/elfsight.com\/pl\/accordion-faq-widget\/squarespace\/","og_site_name":"Elfsight PL","article_modified_time":"2025-06-26T15:02:54+00:00","twitter_card":"summary_large_image","twitter_misc":{"Szacowany czas czytania":"3 minuty"},"schema":{"@context":"https:\/\/schema.org","@graph":[{"@type":"WebPage","@id":"https:\/\/elfsight.com\/pl\/accordion-faq-widget\/squarespace\/","url":"https:\/\/elfsight.com\/pl\/accordion-faq-widget\/squarespace\/","name":"Cz\u0119sto zadawane pytania dotycz\u0105ce akordeonu \u2014 dodaj wid\u017cet FAQ do witryny SquareSpace","isPartOf":{"@id":"https:\/\/elfsight.com\/pl\/#website"},"datePublished":"2024-05-03T06:36:47+00:00","dateModified":"2025-06-26T15:02:54+00:00","description":"Zdob\u0105d\u017a sw\u00f3j indywidualny wid\u017cet FAQ dla Squarespace w zaledwie 3 minuty. Skorzystaj z naszego szybkiego edytora, aby tworzy\u0107 wtyczki Elfsight, ca\u0142kowicie za darmo.","breadcrumb":{"@id":"https:\/\/elfsight.com\/pl\/accordion-faq-widget\/squarespace\/#breadcrumb"},"inLanguage":"pl-PL","potentialAction":[{"@type":"ReadAction","target":["https:\/\/elfsight.com\/pl\/accordion-faq-widget\/squarespace\/"]}]},{"@type":"BreadcrumbList","@id":"https:\/\/elfsight.com\/pl\/accordion-faq-widget\/squarespace\/#breadcrumb","itemListElement":[{"@type":"ListItem","position":1,"name":"Home","item":"https:\/\/elfsight.com\/pl\/"},{"@type":"ListItem","position":2,"name":"FAQ","item":"https:\/\/elfsight.com\/pl\/accordion-faq-widget\/"},{"@type":"ListItem","position":3,"name":"FAQ &#8211; Squarespace"}]},{"@type":"WebSite","@id":"https:\/\/elfsight.com\/pl\/#website","url":"https:\/\/elfsight.com\/pl\/","name":"Elfsight PL","description":"Just another Elfsight Sites site","potentialAction":[{"@type":"SearchAction","target":{"@type":"EntryPoint","urlTemplate":"https:\/\/elfsight.com\/pl\/?s={search_term_string}"},"query-input":{"@type":"PropertyValueSpecification","valueRequired":true,"valueName":"search_term_string"}}],"inLanguage":"pl-PL"}]}},"meta_box":{"industry":"","seo_heading":"","heading":"","description":"","cta_heading":"","cta_description":"","application":"2063","h1":"Widget FAQ dotycz\u0105cy akordeonu dla Squarespace","h1_caption":"Podaj odpowiedzi na cz\u0119sto zadawane pytania w zorganizowanym formacie umo\u017cliwiaj\u0105cym przeszukiwanie, aby pom\u00f3c u\u017cytkownikom szybko znale\u017a\u0107 rozwi\u0105zania w Twojej witrynie Squarespace.","application_category":[],"applications_title":"","applications_request_title":"","applications_request_button_text":"","hero_text":"","hero_video":"","hero_video_schema_markup":"","selling_points_title":"","selling_points_caption":"","selling_points":[],"selling_points_cta_text":"","features_title":"","features":"","ed_cta_examples_text":"","ed_cta_examples_hidden":"","ed_cta_demo_text":"","ed_cta_demo_hidden":"","why_caption":"","why_editor_title":"","why_editor_text":"","why_team_title":"","why_team_text":"","why_service_title":"","why_service_text":"","template_catalog_visible":"0","template_catalog_title":"","template_catalog_text":"","template_catalog_categories_visible":"","demo_title":"Utw\u00f3rz wtyczk\u0119 FAQ","demo_caption":"Skonfiguruj cz\u0119sto zadawane pytania i dodaj je do swojej witryny Squarespace za darmo!","default_faq_hidden":"","app_template_category":[],"platform":"7588","template_public_id":"","codecanyon_url":"","codecanyon_item_id":"","codecanyon_price":"","pricing_caption":"","pricing_elfsight_apps_hide_column":"","pricing_elfsight_apps_url":"","pricing_codecanyon_price_caption":"","integration_category":[],"integration_request_title":"","integration_request_cta":"","integration_platform":"","integrations":[],"platform_category":[],"video_schema_markup":"","price":"od 0 USD \/ miesi\u0105c","trial":"","benefits":[{"text":"Bezp\u0142atna pomoc w monta\u017cu"},{"text":"Kompetentna obs\u0142uga klienta"},{"text":"14-dniowa gwarancja zwrotu pieni\u0119dzy"}],"button_url":"#demo","button_target_blank":"0","button_nofollow":"0","attributes":[{"name":"Instaluje"},{"name":"Czu\u0142y"},{"name":"Kompatybilne przegl\u0105darki"}],"tags":[],"tags_disable_links":"0","hide_more_platforms":"0","video_object":"","demo_hide_cta":"0","demo_hide_cloud_options":"0","pricing_title":"","pricing":[{"pricing_icon":"platform","pricing_title":"Elfsight Apps","pricing_title_caption":"Oprogramowanie wieloplatformowe, kt\u00f3re dzia\u0142a na dowolnej witrynie","pricing_price":"od 0 USD \/ miesi\u0105c","pricing_price_caption":"zacznij od bezp\u0142atnego planu","pricing_benefits":[{"text":"Nielimitowane strony internetowe"},{"text":"Profesjonalne i terminowe wsparcie"},{"text":"Bezp\u0142atna pomoc w monta\u017cu"},{"text":"W pe\u0142ni konfigurowalny"}],"pricing_button_text":"Dodaj do witryny","pricing_button_url":"#demo"}],"related_apps_title":"","related_apps_hidden":"0","author":"","image":[],"title":"","job":"","social_networks":[]},"_links":{"self":[{"href":"https:\/\/elfsight.com\/pl\/wp-json\/wp\/v2\/pages\/5160","targetHints":{"allow":["GET"]}}],"collection":[{"href":"https:\/\/elfsight.com\/pl\/wp-json\/wp\/v2\/pages"}],"about":[{"href":"https:\/\/elfsight.com\/pl\/wp-json\/wp\/v2\/types\/page"}],"author":[{"embeddable":true,"href":"https:\/\/elfsight.com\/pl\/wp-json\/wp\/v2\/users\/9"}],"replies":[{"embeddable":true,"href":"https:\/\/elfsight.com\/pl\/wp-json\/wp\/v2\/comments?post=5160"}],"version-history":[{"count":2,"href":"https:\/\/elfsight.com\/pl\/wp-json\/wp\/v2\/pages\/5160\/revisions"}],"predecessor-version":[{"id":7795,"href":"https:\/\/elfsight.com\/pl\/wp-json\/wp\/v2\/pages\/5160\/revisions\/7795"}],"up":[{"embeddable":true,"href":"https:\/\/elfsight.com\/pl\/wp-json\/wp\/v2\/pages\/2064"}],"wp:attachment":[{"href":"https:\/\/elfsight.com\/pl\/wp-json\/wp\/v2\/media?parent=5160"}],"curies":[{"name":"wp","href":"https:\/\/api.w.org\/{rel}","templated":true}]}}