{"id":5159,"date":"2024-05-03T06:36:46","date_gmt":"2024-05-03T06:36:46","guid":{"rendered":"https:\/\/elfsight.com\/pl\/?page_id=5159"},"modified":"2025-06-26T15:03:53","modified_gmt":"2025-06-26T15:03:53","slug":"webnode","status":"publish","type":"page","link":"https:\/\/elfsight.com\/pl\/accordion-faq-widget\/webnode\/","title":{"rendered":"FAQ &#8211; Webnode"},"content":{"rendered":"<div class=\"application-platform-content-item-description application-platform-content-item\" id=\"description\" data-nav-section=\"description\"><h2>Opis<\/h2><p>Nasze cz\u0119sto zadawane pytania to proste, \u0142atwe w obs\u0142udze i dostosowywane narz\u0119dzie s\u0142u\u017c\u0105ce do tworzenia i publikowania jednostki najcz\u0119\u015bciej zadawane pytania z odpowiedziami na Twojej osobistej stronie. Interaktywny widget o przejrzystym designie pozwala zademonstrowa\u0107 obszerne dane o Twojej firmie, skierowa\u0107 uwag\u0119 czytelnik\u00f3w na pozytywne w\u0142a\u015bciwo\u015bci oraz walczy\u0107 z b\u0142\u0119dnymi przekonaniami i niedowierzaniem, kt\u00f3re mog\u0105 by\u0107 przeszkod\u0105 w zakupie.<\/p><p><b>Odpowiedz na pojawiaj\u0105ce si\u0119 pytania pytania Twoich klient\u00f3w natychmiast i zwi\u0119ksz sprzeda\u017c na stronie!<\/b><\/p><ul><li><b>Prowad\u017a klient\u00f3w do zakupu za pomoc\u0105 inteligentnych SMS-\u00f3w<\/b>.<br>Pokazuj odpowiedzi na najwa\u017cniejsze pytania klient\u00f3w z wyprzedzeniem i przekonaj ich, aby doko\u0144czyli sk\u0142adanie zam\u00f3wienia w Twojej witrynie.<\/li><li><b>Przeka\u017c czytelnikom wizerunek swojej firmy<\/b>.<br>Poka\u017c odwiedzaj\u0105cym prawdziwy obraz firmy Twojej marki i proces\u00f3w handlowych, aby rozwia\u0107 wszelkie niedowierzanie i pobudzi\u0107 wsp\u00f3\u0142prac\u0119.<\/li><li><b>Wcze\u015bniej odpowiedz na wszystkie mo\u017cliwe pytania swoich klient\u00f3w<\/b>.<br>Pozw\u00f3l swoim u\u017cytkownikom uzyska\u0107 najbardziej szczeg\u00f3\u0142owe dane o Twojej firmie produkty lub us\u0142ugi i odpowiadaj na pytania, zanim si\u0119 pojawi\u0105.<\/li><\/ul><\/div><div class=\"application-platform-content-item-features application-platform-content-item\" id=\"features\" data-nav-section=\"features\"><h2>Funkcje<\/h2><p>Najwa\u017cniejsze zalety wid\u017cetu Elfsight, kt\u00f3ry pom\u00f3\u017c mu sta\u0107 si\u0119 najbardziej elastycznym narz\u0119dziem do wy\u015bwietlania cz\u0119sto zadawanych pyta\u0144 w witrynie Webnode.<\/p><ul><li>Uk\u0142ad listy umo\u017cliwiaj\u0105cy wy\u015bwietlanie wszystkich pyta\u0144 i odpowiedzi na raz;<\/li><li>Konfigurowalne kolory tekstu pyta\u0144 i odpowiedzi , nazwa kategorii i t\u0142o;<\/li><li>Ikona krzy\u017cyka lub strza\u0142ki dla uk\u0142adu harmonijkowego;<\/li><li>Obs\u0142ugiwany tekst w formacie HTML;<\/li><li>Zoptymalizowany pod k\u0105tem urz\u0105dze\u0144 mobilnych pod k\u0105tem p\u0142ynnej obs\u0142ugi.<\/li><\/ul><p><a href=\"#demo\">Zobacz je wszystkie<\/a><\/p><\/div><div class=\"application-platform-content-item-installation application-platform-content-item\" id=\"installation\" data-nav-section=\"installation\"><h2>Jak doda\u0107 wid\u017cet FAQ Accorion do Webnode<\/h2><p>Wygeneruj widget korzystaj\u0105c z naszej kr\u00f3tkiej instrukcji. Nie b\u0119dziesz musia\u0142 posiada\u0107 umiej\u0119tno\u015bci programistycznych ani szuka\u0107 programisty. Ca\u0142kowity czas instalacji to zaledwie 2 minuty.<\/p><ol><li><b>Zaprojektuj w\u0142asne FAQ<\/b>.<br>Dzi\u0119ki naszej bezp\u0142atnej wersji demonstracyjnej wygeneruj wtyczk\u0119 z potrzebnym uk\u0142adem i opcjami.<\/li><li><b>Zdob\u0105d\u017a kod do instalacji wtyczki<\/b>.<br>Po wygenerowaniu wid\u017cetu uzyskaj kod do wtyczki FAQ z pojawiaj\u0105cego si\u0119 okna aplikacji Elfsight.<\/li><li><b>Odkryj wtyczk\u0119 na stronie Webnode<\/b>.<br>Dodaj wtyczk\u0119 w odpowiednim miejscu strony i opublikuj zmiany.<\/li><li><b>Osadzanie powiod\u0142o si\u0119!<\/b><br>Odwied\u017a swoj\u0105 witryn\u0119 i zobacz swoj\u0105 prac\u0119.<\/li><\/ol><p>Masz problemy podczas instalacji? Wy\u015blij wiadomo\u015b\u0107 do dzia\u0142u pomocy technicznej Elfsight lub przestudiuj kompleksowy wariant instrukcji \u00ab<a href=\"https:\/\/elfsight.com\/tutorials\/how-to-add-faq-widget-to-webnode\/\" target=\"_blank \" rel=\"noopener noreferrer\">Jak doda\u0107 cz\u0119sto zadawane pytania do Webnode<\/a>\u00bb i samodzielnie doko\u0144czy\u0107 konfiguracj\u0119.<\/p><div class=\"faq\" data-component=\"FAQ\"><div class=\"faq-item\">\r\n\t\t\t\t\t<div class=\"faq-item-question\">\r\n\t\t\t\t\t\t<h3 class=\"faq-item-question-text\">Jak doda\u0107 cz\u0119sto zadawane pytania do mojej witryny Webnode bez umiej\u0119tno\u015bci kodowania?<\/h3>\r\n\r\n\t\t\t\t\t\t<div class=\"faq-item-question-icon\"><\/div>\r\n\t\t\t\t\t<\/div>\r\n\r\n\t\t\t\t\t<div class=\"faq-item-answer\">\r\n\t\t\t\t\t\t<div class=\"faq-item-answer-text\"> <p>Elfsight zapewnia rozwi\u0105zanie SaaS, kt\u00f3re umo\u017cliwia samodzielne utworzenie wid\u017cetu FAQ. Zobacz, jak \u0142atwy jest ten proces: Pracuj bezpo\u015brednio w edytorze online, aby utworzy\u0107 wid\u017cet FAQ, kt\u00f3ry chcia\u0142by\u015b zobaczy\u0107 na swojej stronie internetowej Webnode. Wybierz jeden z gotowych szablon\u00f3w i dostosuj ustawienia FAQ, dodaj tre\u015b\u0107, zmie\u0144 uk\u0142ad i kolory bez umiej\u0119tno\u015bci kodowania. Zapisz FAQ i skopiuj jego kod instalacyjny, kt\u00f3ry mo\u017cesz umie\u015bci\u0107 na swojej stronie Webnode bez konieczno\u015bci kupowania wersji p\u0142atnej. Dzi\u0119ki naszemu intuicyjnemu edytorowi ka\u017cdy u\u017cytkownik Internetu mo\u017ce stworzy\u0107 wid\u017cet FAQ online i \u0142atwo osadzi\u0107 go na swojej stronie Webnode. Aby uzyska\u0107 dost\u0119p do us\u0142ugi, nie trzeba p\u0142aci\u0107 ani wprowadza\u0107 danych uwierzytelniaj\u0105cych karty. Je\u015bli na kt\u00f3rymkolwiek etapie napotkasz jakiekolwiek problemy, skontaktuj si\u0119 z naszym zespo\u0142em pomocy technicznej.<\/p> <\/div>\r\n\t\t\t\t\t<\/div>\r\n\t\t\t\t<\/div> <\/div><\/div>","protected":false},"excerpt":{"rendered":"","protected":false},"author":9,"featured_media":0,"parent":2064,"menu_order":0,"comment_status":"closed","ping_status":"closed","template":"templates\/template-application-platform.php","meta":{"publish_to_discourse":"","publish_post_category":"","wpdc_auto_publish_overridden":"","wpdc_topic_tags":"","wpdc_pin_topic":"","wpdc_pin_until":"","discourse_post_id":"","discourse_permalink":"","wpdc_publishing_response":"","wpdc_publishing_error":"","footnotes":""},"class_list":["post-5159","page","type-page","status-publish","hentry"],"yoast_head":"<!-- This site is optimized with the Yoast SEO plugin v25.3.1 - https:\/\/yoast.com\/wordpress\/plugins\/seo\/ -->\n<title>Accordion FAQ - Dodaj wid\u017cet FAQ do witryny Webnode<\/title>\n<meta name=\"description\" content=\"Stw\u00f3rz sw\u00f3j osobisty widget FAQ dla Webnode w zaledwie 70 sekund. Przetestuj najszybsze demo do generowania wtyczek przez Elfsight, ca\u0142kowicie za darmo.\" \/>\n<meta name=\"robots\" content=\"index, follow, max-snippet:-1, max-image-preview:large, max-video-preview:-1\" \/>\n<link rel=\"canonical\" href=\"https:\/\/elfsight.com\/pl\/accordion-faq-widget\/webnode\/\" \/>\n<meta property=\"og:locale\" content=\"pl_PL\" \/>\n<meta property=\"og:type\" content=\"article\" \/>\n<meta property=\"og:title\" content=\"Accordion FAQ - Dodaj wid\u017cet FAQ do witryny Webnode\" \/>\n<meta property=\"og:description\" content=\"Stw\u00f3rz sw\u00f3j osobisty widget FAQ dla Webnode w zaledwie 70 sekund. Przetestuj najszybsze demo do generowania wtyczek przez Elfsight, ca\u0142kowicie za darmo.\" \/>\n<meta property=\"og:url\" content=\"https:\/\/elfsight.com\/pl\/accordion-faq-widget\/webnode\/\" \/>\n<meta property=\"og:site_name\" content=\"Elfsight PL\" \/>\n<meta property=\"article:modified_time\" content=\"2025-06-26T15:03:53+00:00\" \/>\n<meta name=\"twitter:card\" content=\"summary_large_image\" \/>\n<meta name=\"twitter:label1\" content=\"Szacowany czas czytania\" \/>\n\t<meta name=\"twitter:data1\" content=\"3 minuty\" \/>\n<!-- \/ Yoast SEO plugin. -->","yoast_head_json":{"title":"Accordion FAQ - Dodaj wid\u017cet FAQ do witryny Webnode","description":"Stw\u00f3rz sw\u00f3j osobisty widget FAQ dla Webnode w zaledwie 70 sekund. Przetestuj najszybsze demo do generowania wtyczek przez Elfsight, ca\u0142kowicie za darmo.","robots":{"index":"index","follow":"follow","max-snippet":"max-snippet:-1","max-image-preview":"max-image-preview:large","max-video-preview":"max-video-preview:-1"},"canonical":"https:\/\/elfsight.com\/pl\/accordion-faq-widget\/webnode\/","og_locale":"pl_PL","og_type":"article","og_title":"Accordion FAQ - Dodaj wid\u017cet FAQ do witryny Webnode","og_description":"Stw\u00f3rz sw\u00f3j osobisty widget FAQ dla Webnode w zaledwie 70 sekund. Przetestuj najszybsze demo do generowania wtyczek przez Elfsight, ca\u0142kowicie za darmo.","og_url":"https:\/\/elfsight.com\/pl\/accordion-faq-widget\/webnode\/","og_site_name":"Elfsight PL","article_modified_time":"2025-06-26T15:03:53+00:00","twitter_card":"summary_large_image","twitter_misc":{"Szacowany czas czytania":"3 minuty"},"schema":{"@context":"https:\/\/schema.org","@graph":[{"@type":"WebPage","@id":"https:\/\/elfsight.com\/pl\/accordion-faq-widget\/webnode\/","url":"https:\/\/elfsight.com\/pl\/accordion-faq-widget\/webnode\/","name":"Accordion FAQ - Dodaj wid\u017cet FAQ do witryny Webnode","isPartOf":{"@id":"https:\/\/elfsight.com\/pl\/#website"},"datePublished":"2024-05-03T06:36:46+00:00","dateModified":"2025-06-26T15:03:53+00:00","description":"Stw\u00f3rz sw\u00f3j osobisty widget FAQ dla Webnode w zaledwie 70 sekund. Przetestuj najszybsze demo do generowania wtyczek przez Elfsight, ca\u0142kowicie za darmo.","breadcrumb":{"@id":"https:\/\/elfsight.com\/pl\/accordion-faq-widget\/webnode\/#breadcrumb"},"inLanguage":"pl-PL","potentialAction":[{"@type":"ReadAction","target":["https:\/\/elfsight.com\/pl\/accordion-faq-widget\/webnode\/"]}]},{"@type":"BreadcrumbList","@id":"https:\/\/elfsight.com\/pl\/accordion-faq-widget\/webnode\/#breadcrumb","itemListElement":[{"@type":"ListItem","position":1,"name":"Home","item":"https:\/\/elfsight.com\/pl\/"},{"@type":"ListItem","position":2,"name":"FAQ","item":"https:\/\/elfsight.com\/pl\/accordion-faq-widget\/"},{"@type":"ListItem","position":3,"name":"FAQ &#8211; Webnode"}]},{"@type":"WebSite","@id":"https:\/\/elfsight.com\/pl\/#website","url":"https:\/\/elfsight.com\/pl\/","name":"Elfsight PL","description":"Just another Elfsight Sites site","potentialAction":[{"@type":"SearchAction","target":{"@type":"EntryPoint","urlTemplate":"https:\/\/elfsight.com\/pl\/?s={search_term_string}"},"query-input":{"@type":"PropertyValueSpecification","valueRequired":true,"valueName":"search_term_string"}}],"inLanguage":"pl-PL"}]}},"meta_box":{"industry":"","seo_heading":"","heading":"","description":"","cta_heading":"","cta_description":"","application":"2063","h1":"Widget FAQ dotycz\u0105cy akordeonu dla Webnode","h1_caption":"Podaj odpowiedzi na cz\u0119sto zadawane pytania w zorganizowanym formacie umo\u017cliwiaj\u0105cym przeszukiwanie, aby pom\u00f3c u\u017cytkownikom szybko i bez wysi\u0142ku znale\u017a\u0107 rozwi\u0105zania w witrynie Webnode.","application_category":[],"applications_title":"","applications_request_title":"","applications_request_button_text":"","hero_text":"","hero_video":"","hero_video_schema_markup":"","selling_points_title":"","selling_points_caption":"","selling_points":[],"selling_points_cta_text":"","features_title":"","features":"","ed_cta_examples_text":"","ed_cta_examples_hidden":"","ed_cta_demo_text":"","ed_cta_demo_hidden":"","why_caption":"","why_editor_title":"","why_editor_text":"","why_team_title":"","why_team_text":"","why_service_title":"","why_service_text":"","template_catalog_visible":"0","template_catalog_title":"","template_catalog_text":"","template_catalog_categories_visible":"","demo_title":"Utw\u00f3rz wid\u017cet FAQ","demo_caption":"Skonfiguruj swoje FAQ i dodaj je za darmo do swojej witryny Webnode!","default_faq_hidden":"","app_template_category":[],"platform":"138","template_public_id":"","codecanyon_url":"","codecanyon_item_id":"","codecanyon_price":"","pricing_caption":"","pricing_elfsight_apps_hide_column":"","pricing_elfsight_apps_url":"","pricing_codecanyon_price_caption":"","integration_category":[],"integration_request_title":"","integration_request_cta":"","integration_platform":"","integrations":[],"platform_category":[],"video_schema_markup":"","price":"od 0 USD \/ miesi\u0105c","trial":"","benefits":[{"text":"Bezp\u0142atna pomoc w instalacji"},{"text":"Kompetentna obs\u0142uga klienta"},{"text":"14-dniowa gwarancja zwrotu pieni\u0119dzy"}],"button_url":"#demo","button_target_blank":"0","button_nofollow":"0","attributes":[{"name":"Instaluje"},{"name":"Czu\u0142y"},{"name":"Kompatybilne przegl\u0105darki"}],"tags":[],"tags_disable_links":"0","hide_more_platforms":"0","video_object":"","demo_hide_cta":"0","demo_hide_cloud_options":"0","pricing_title":"","pricing":[{"pricing_icon":"platform","pricing_title":"Elfsight Apps","pricing_title_caption":"Oprogramowanie niezale\u017cne od platformy","pricing_price":"od 0 USD \/ miesi\u0105c","pricing_price_caption":"zacznij od bezp\u0142atnego planu","pricing_benefits":[{"text":"Nielimitowane strony internetowe"},{"text":"Szybkie wsparcie"},{"text":"Bezp\u0142atna pomoc w monta\u017cu"},{"text":"Oferta specjalna na wiele aplikacji"}],"pricing_button_text":"Dodaj do witryny","pricing_button_url":"#demo"}],"related_apps_title":"","related_apps_hidden":"0","author":"","image":[],"title":"","job":"","social_networks":[]},"_links":{"self":[{"href":"https:\/\/elfsight.com\/pl\/wp-json\/wp\/v2\/pages\/5159","targetHints":{"allow":["GET"]}}],"collection":[{"href":"https:\/\/elfsight.com\/pl\/wp-json\/wp\/v2\/pages"}],"about":[{"href":"https:\/\/elfsight.com\/pl\/wp-json\/wp\/v2\/types\/page"}],"author":[{"embeddable":true,"href":"https:\/\/elfsight.com\/pl\/wp-json\/wp\/v2\/users\/9"}],"replies":[{"embeddable":true,"href":"https:\/\/elfsight.com\/pl\/wp-json\/wp\/v2\/comments?post=5159"}],"version-history":[{"count":2,"href":"https:\/\/elfsight.com\/pl\/wp-json\/wp\/v2\/pages\/5159\/revisions"}],"predecessor-version":[{"id":10573,"href":"https:\/\/elfsight.com\/pl\/wp-json\/wp\/v2\/pages\/5159\/revisions\/10573"}],"up":[{"embeddable":true,"href":"https:\/\/elfsight.com\/pl\/wp-json\/wp\/v2\/pages\/2064"}],"wp:attachment":[{"href":"https:\/\/elfsight.com\/pl\/wp-json\/wp\/v2\/media?parent=5159"}],"curies":[{"name":"wp","href":"https:\/\/api.w.org\/{rel}","templated":true}]}}