{"id":5158,"date":"2024-05-03T06:36:45","date_gmt":"2024-05-03T06:36:45","guid":{"rendered":"https:\/\/elfsight.com\/pl\/?page_id=5158"},"modified":"2024-11-14T12:48:27","modified_gmt":"2024-11-14T12:48:27","slug":"weebly","status":"publish","type":"page","link":"https:\/\/elfsight.com\/pl\/accordion-faq-widget\/weebly\/","title":{"rendered":"FAQ &#8211; Weebly"},"content":{"rendered":"<div class=\"application-platform-content-item-description application-platform-content-item\" id=\"description\" data-nav-section=\"description\"><h2>Opis<\/h2><p>Elfsight FAQ to wygodne, \u0142atwe w instalacji i dostosowaniu narz\u0119dzie do generowania i wy\u015bwietlania listy najcz\u0119\u015bciej wa\u017cne pytania z odpowiedziami na Twojej stronie. Aplikacja informacyjna o nieskomplikowanym designie pomo\u017ce Ci podzieli\u0107 si\u0119 szczeg\u00f3\u0142owymi informacjami o Twoich ofertach, zwr\u00f3ci\u0107 uwag\u0119 na ich mocne strony i pokona\u0107 wszelkie w\u0105tpliwo\u015bci i nieufno\u015b\u0107, kt\u00f3re mog\u0105 zniech\u0119ci\u0107 u\u017cytkownik\u00f3w do zakupu.<\/p><p><b>Zajmij si\u0119 tym, co pojawiaj\u0105ce si\u0119 pytania os\u00f3b odwiedzaj\u0105cych Twoj\u0105 witryn\u0119 w ci\u0105gu sekundy i zwi\u0119ksz konwersj\u0119 na stronie!<\/b><\/p><ul><li><b>Wyeliminuj niepewno\u015b\u0107 u\u017cytkownik\u00f3w co do Twoich ofert i zwi\u0119ksz sprzeda\u017c<\/b>.<br>Opublikuj maksimum informacji o swoich produktach lub us\u0142ugach dla swoich przysz\u0142ych klient\u00f3w, aby odpowiedzie\u0107 na wszelkie zapytania i zwi\u0119kszy\u0107 przychody w witrynie.<\/li><li><b>Zaprojektuj nieskazitelny wizerunek swojej marki w\u015br\u00f3d klient\u00f3w<\/b>. <br>Upewnij si\u0119, \u017ce Twoi klienci dobrze rozumiej\u0105 Twoj\u0105 mark\u0119 i procesy handlowe, aby zapobiec niedowierzaniu, kt\u00f3re powstrzymuje ich przed rozpocz\u0119ciem wsp\u00f3\u0142pracy.<\/li><li><b>Natychmiast odpowiada na wszystkie pytania Twoich klient\u00f3w<\/b>. <br>Pom\u00f3\u017c swoim klientom znale\u017a\u0107 pe\u0142ne informacje o Twoich produktach lub us\u0142ugach i rozwi\u0105za\u0107 wszelkie problemy, zanim si\u0119 pojawi\u0105.<\/li><\/ul><\/div><div class=\"application-platform-content-item-features application-platform-content-item\" id=\"features\" data-nav-section=\"features\"><h2>Funkcje<\/h2> <p>Najwa\u017cniejsze zalety naszej aplikacji, dzi\u0119ki kt\u00f3rym jest ona najskuteczniejszym narz\u0119dziem do instalacji FAQ na stronie Weebly.<\/p><ul><li>Wielokolumnowy uk\u0142ad umo\u017cliwiaj\u0105cy automatyczne rozk\u0142adanie tre\u015bci na kolumny;<\/li><li>Konfigurowalne kolory tekstu pytania, tekstu odpowiedzi, nazwy kategorii i t\u0142a;<\/li><li>Dodawaj i usuwaj kategorie;<\/li><li>Schemat pyta\u0144 w postaci mikrodanych, aby pom\u00f3c w optymalizacji SEO;<\/li> <li>Terminowa i profesjonalna obs\u0142uga klienta.<\/li><\/ul><p><a href=\"#demo\">Wypr\u00f3buj wszystkie funkcje<\/a><\/p><\/div><div class=\"application-platform-content-item- instalacja application-platform-content-item\" id=\" instalacja\" data-nav-section=\" instalacja\"><h2>Jak doda\u0107 wid\u017cet FAQ dotycz\u0105cy akordeonu do Weebly<\/h2><div class=\"video-container\"><iframe width=\"720\" height=\"405\" src=\"https:\/\/www.youtube.com\/embed\/kWsZ13Og1SU\" frameborder=\"0\" allowfullscreen=\"\"><\/iframe><\/div><p>Zainstaluj aplikacj\u0119, korzystaj\u0105c z naszego kr\u00f3tkiego przewodnika. Nie potrzebujesz umiej\u0119tno\u015bci programowania stron internetowych ani pomocy profesjonalisty, jest to intuicyjne i proste. \u015aredni czas instalacji wynosi 3 minuty.<\/p><ol><li><b>Cz\u0119sto zadawane pytania dotycz\u0105ce instalacji<\/b>.<br>Pobierz wid\u017cet, naciskaj\u0105c przycisk \u00abADD\u00bb na stronie z cz\u0119sto zadawanymi pytaniami w Weebly App Center.<\/li><li><b>Umie\u015b\u0107 FAQ na stronie<\/b>.<br>W panelu administracyjnym kreatora przeci\u0105gnij element widgetu na stron\u0119 internetow\u0105.<\/li><li><b>Wygeneruj widget<\/b>.<br>Po otrzymaniu wid\u017cetu kliknij jego ikon\u0119, aby skonfigurowa\u0107 w\u0142a\u015bciwo\u015bci klucza. Opublikuj wszystkie zmiany.<\/li><li><b>Gotowe!<\/b>.<br>Wejd\u017a na swoj\u0105 witryn\u0119, aby sprawdzi\u0107 wyniki!<\/li><\/ol><p>Wyst\u0119puj\u0105 trudno\u015bci podczas stosowania przewodnik? Wy\u015blij zapytanie do centrum wsparcia Elfsight lub sprawd\u017a pe\u0142n\u0105 wersj\u0119 instrukcji \u00ab<a href=\"https:\/\/elfsight.com\/tutorials\/how-to-add-faq-widget-to-weebly\/\" target=\"_blank \" rel=\"noopener noreferrer\">Jak doda\u0107 cz\u0119sto zadawane pytania do Weebly<\/a>\u00bb i doko\u0144cz dodawanie samodzielnie.<\/p><div class=\"faq\" data-component=\"FAQ\"><div class=\"faq-item\">\r\n\t\t\t\t\t<div class=\"faq-item-question\">\r\n\t\t\t\t\t\t<h3 class=\"faq-item-question-text\">Jak mog\u0119 doda\u0107 cz\u0119sto zadawane pytania do mojej witryny Weebly bez kodowania umiej\u0119tno\u015bci?<\/h3>\r\n\r\n\t\t\t\t\t\t<div class=\"faq-item-question-icon\"><\/div>\r\n\t\t\t\t\t<\/div>\r\n\r\n\t\t\t\t\t<div class=\"faq-item-answer\">\r\n\t\t\t\t\t\t<div class=\"faq-item-answer-text\"> <p>Elfsight zapewnia rozwi\u0105zanie SaaS, kt\u00f3re umo\u017cliwia samodzielne utworzenie wid\u017cetu FAQ. Zobacz, jak \u0142atwy jest ten proces: Pracuj bezpo\u015brednio w edytorze online, aby utworzy\u0107 wid\u017cet FAQ, kt\u00f3ry chcesz zobaczy\u0107 w swojej witrynie Weebly. Wybierz jeden z gotowych szablon\u00f3w i dostosuj ustawienia FAQ, dodaj tre\u015b\u0107, zmie\u0144 uk\u0142ad i kolory bez umiej\u0119tno\u015bci kodowania. Zapisz FAQ i skopiuj jego kod instalacyjny, kt\u00f3ry mo\u017cesz \u0142atwo osadzi\u0107 na swojej stronie Weebly bez konieczno\u015bci zakupu p\u0142atnego planu. Dzi\u0119ki naszemu intuicyjnemu edytorowi ka\u017cdy u\u017cytkownik Internetu mo\u017ce stworzy\u0107 wid\u017cet FAQ online i \u0142atwo osadzi\u0107 go na swojej stronie internetowej Weebly. Aby uzyska\u0107 dost\u0119p do us\u0142ugi, nie trzeba p\u0142aci\u0107 ani wprowadza\u0107 danych uwierzytelniaj\u0105cych karty. Je\u015bli na kt\u00f3rymkolwiek etapie napotkasz jakiekolwiek problemy, skontaktuj si\u0119 z naszym zespo\u0142em pomocy technicznej.<\/p> <\/div>\r\n\t\t\t\t\t<\/div>\r\n\t\t\t\t<\/div> <\/div><\/div>","protected":false},"excerpt":{"rendered":"","protected":false},"author":9,"featured_media":0,"parent":2064,"menu_order":0,"comment_status":"closed","ping_status":"closed","template":"templates\/template-application-platform.php","meta":{"publish_to_discourse":"","publish_post_category":"","wpdc_auto_publish_overridden":"","wpdc_topic_tags":"","wpdc_pin_topic":"","wpdc_pin_until":"","discourse_post_id":"","discourse_permalink":"","wpdc_publishing_response":"","wpdc_publishing_error":"","footnotes":""},"class_list":["post-5158","page","type-page","status-publish","hentry"],"yoast_head":"<!-- This site is optimized with the Yoast SEO plugin v25.3.1 - https:\/\/yoast.com\/wordpress\/plugins\/seo\/ -->\n<title>Cz\u0119sto zadawane pytania na temat akordeonu \u2014 dodaj aplikacj\u0119 FAQ do witryny Weebly<\/title>\n<meta name=\"description\" content=\"Ustaw swoj\u0105 unikaln\u0105 aplikacj\u0119 z cz\u0119sto zadawanymi pytaniami dla Weebly w zaledwie 90 sekund. Sprawd\u017a naj\u0142atwiejszy edytor do projektowania wtyczek firmy Elfsight, ca\u0142kowicie darmowy.\" \/>\n<meta name=\"robots\" content=\"index, follow, max-snippet:-1, max-image-preview:large, max-video-preview:-1\" \/>\n<link rel=\"canonical\" href=\"https:\/\/elfsight.com\/pl\/accordion-faq-widget\/weebly\/\" \/>\n<meta property=\"og:locale\" content=\"pl_PL\" \/>\n<meta property=\"og:type\" content=\"article\" \/>\n<meta property=\"og:title\" content=\"Cz\u0119sto zadawane pytania na temat akordeonu \u2014 dodaj aplikacj\u0119 FAQ do witryny Weebly\" \/>\n<meta property=\"og:description\" content=\"Ustaw swoj\u0105 unikaln\u0105 aplikacj\u0119 z cz\u0119sto zadawanymi pytaniami dla Weebly w zaledwie 90 sekund. Sprawd\u017a naj\u0142atwiejszy edytor do projektowania wtyczek firmy Elfsight, ca\u0142kowicie darmowy.\" \/>\n<meta property=\"og:url\" content=\"https:\/\/elfsight.com\/pl\/accordion-faq-widget\/weebly\/\" \/>\n<meta property=\"og:site_name\" content=\"Elfsight PL\" \/>\n<meta property=\"article:modified_time\" content=\"2024-11-14T12:48:27+00:00\" \/>\n<meta name=\"twitter:card\" content=\"summary_large_image\" \/>\n<meta name=\"twitter:label1\" content=\"Szacowany czas czytania\" \/>\n\t<meta name=\"twitter:data1\" content=\"3 minuty\" \/>\n<!-- \/ Yoast SEO plugin. -->","yoast_head_json":{"title":"Cz\u0119sto zadawane pytania na temat akordeonu \u2014 dodaj aplikacj\u0119 FAQ do witryny Weebly","description":"Ustaw swoj\u0105 unikaln\u0105 aplikacj\u0119 z cz\u0119sto zadawanymi pytaniami dla Weebly w zaledwie 90 sekund. Sprawd\u017a naj\u0142atwiejszy edytor do projektowania wtyczek firmy Elfsight, ca\u0142kowicie darmowy.","robots":{"index":"index","follow":"follow","max-snippet":"max-snippet:-1","max-image-preview":"max-image-preview:large","max-video-preview":"max-video-preview:-1"},"canonical":"https:\/\/elfsight.com\/pl\/accordion-faq-widget\/weebly\/","og_locale":"pl_PL","og_type":"article","og_title":"Cz\u0119sto zadawane pytania na temat akordeonu \u2014 dodaj aplikacj\u0119 FAQ do witryny Weebly","og_description":"Ustaw swoj\u0105 unikaln\u0105 aplikacj\u0119 z cz\u0119sto zadawanymi pytaniami dla Weebly w zaledwie 90 sekund. Sprawd\u017a naj\u0142atwiejszy edytor do projektowania wtyczek firmy Elfsight, ca\u0142kowicie darmowy.","og_url":"https:\/\/elfsight.com\/pl\/accordion-faq-widget\/weebly\/","og_site_name":"Elfsight PL","article_modified_time":"2024-11-14T12:48:27+00:00","twitter_card":"summary_large_image","twitter_misc":{"Szacowany czas czytania":"3 minuty"},"schema":{"@context":"https:\/\/schema.org","@graph":[{"@type":"WebPage","@id":"https:\/\/elfsight.com\/pl\/accordion-faq-widget\/weebly\/","url":"https:\/\/elfsight.com\/pl\/accordion-faq-widget\/weebly\/","name":"Cz\u0119sto zadawane pytania na temat akordeonu \u2014 dodaj aplikacj\u0119 FAQ do witryny Weebly","isPartOf":{"@id":"https:\/\/elfsight.com\/pl\/#website"},"datePublished":"2024-05-03T06:36:45+00:00","dateModified":"2024-11-14T12:48:27+00:00","description":"Ustaw swoj\u0105 unikaln\u0105 aplikacj\u0119 z cz\u0119sto zadawanymi pytaniami dla Weebly w zaledwie 90 sekund. Sprawd\u017a naj\u0142atwiejszy edytor do projektowania wtyczek firmy Elfsight, ca\u0142kowicie darmowy.","breadcrumb":{"@id":"https:\/\/elfsight.com\/pl\/accordion-faq-widget\/weebly\/#breadcrumb"},"inLanguage":"pl-PL","potentialAction":[{"@type":"ReadAction","target":["https:\/\/elfsight.com\/pl\/accordion-faq-widget\/weebly\/"]}]},{"@type":"BreadcrumbList","@id":"https:\/\/elfsight.com\/pl\/accordion-faq-widget\/weebly\/#breadcrumb","itemListElement":[{"@type":"ListItem","position":1,"name":"Home","item":"https:\/\/elfsight.com\/pl\/"},{"@type":"ListItem","position":2,"name":"FAQ","item":"https:\/\/elfsight.com\/pl\/accordion-faq-widget\/"},{"@type":"ListItem","position":3,"name":"FAQ &#8211; Weebly"}]},{"@type":"WebSite","@id":"https:\/\/elfsight.com\/pl\/#website","url":"https:\/\/elfsight.com\/pl\/","name":"Elfsight PL","description":"Just another Elfsight Sites site","potentialAction":[{"@type":"SearchAction","target":{"@type":"EntryPoint","urlTemplate":"https:\/\/elfsight.com\/pl\/?s={search_term_string}"},"query-input":{"@type":"PropertyValueSpecification","valueRequired":true,"valueName":"search_term_string"}}],"inLanguage":"pl-PL"}]}},"meta_box":{"industry":"","seo_heading":"","heading":"","description":"","cta_heading":"","cta_description":"","application":"2063","h1":"Aplikacja z najcz\u0119\u015bciej zadawanymi pytaniami na temat akordeonu dla Weebly","h1_caption":"Podaj odpowiedzi na cz\u0119sto zadawane pytania w zorganizowanym formacie umo\u017cliwiaj\u0105cym przeszukiwanie, aby pom\u00f3c u\u017cytkownikom szybko i bez wysi\u0142ku znale\u017a\u0107 rozwi\u0105zania w Twojej witrynie Weebly.","application_category":[],"applications_title":"","applications_request_title":"","applications_request_button_text":"","hero_text":"","hero_video":"","hero_video_schema_markup":"","selling_points_title":"","selling_points_caption":"","selling_points":[],"selling_points_cta_text":"","features_title":"","features":"","ed_cta_examples_text":"","ed_cta_examples_hidden":"","ed_cta_demo_text":"","ed_cta_demo_hidden":"","why_caption":"","why_editor_title":"","why_editor_text":"","why_team_title":"","why_team_text":"","why_service_title":"","why_service_text":"","template_catalog_visible":"","template_catalog_title":"","template_catalog_text":"","template_catalog_categories_visible":"","demo_title":"Utw\u00f3rz aplikacj\u0119 z cz\u0119sto zadawanymi pytaniami","demo_caption":"Skonfiguruj cz\u0119sto zadawane pytania i dodaj je bezp\u0142atnie do swojej witryny Weebly!","default_faq_hidden":"","app_template_category":[],"platform":"132","template_public_id":"","codecanyon_url":"","codecanyon_item_id":"","codecanyon_price":"","pricing_caption":"","pricing_elfsight_apps_hide_column":"","pricing_elfsight_apps_url":"","pricing_codecanyon_price_caption":"","integration_category":[],"integration_request_title":"","integration_request_cta":"","integration_platform":"","integrations":[],"platform_category":[],"video_schema_markup":"","price":"od 0 USD \/ miesi\u0105c","trial":"","benefits":[{"text":"Bezp\u0142atna pomoc w monta\u017cu"},{"text":"Kompetentna obs\u0142uga klienta"},{"text":"14-dniowa gwarancja zwrotu pieni\u0119dzy"}],"button_url":"#demo","button_target_blank":"","button_nofollow":"","attributes":[{"name":"Instaluje"},{"name":"Czu\u0142y"},{"name":"Kompatybilne przegl\u0105darki"}],"tags":[],"tags_disable_links":"","hide_more_platforms":"","video_object":"","demo_hide_cta":"","demo_hide_cloud_options":"","pricing_title":"","pricing":[{"pricing_icon":"cloud","pricing_title":"Elfsight Apps","pricing_title_caption":"Wieloplatformowe rozwi\u0105zanie cyfrowe, kt\u00f3re dzia\u0142a na ka\u017cdej stronie internetowej","pricing_price":"od 0 USD \/ miesi\u0105c","pricing_price_caption":"Zacznij od bezp\u0142atnego planu","pricing_benefits":[{"text":"Nielimitowane strony internetowe"},{"text":"Szybkie wsparcie firmy"},{"text":"Bezp\u0142atna pomoc w monta\u017cu"},{"text":"Oferta specjalna na wiele aplikacji"}],"pricing_button_text":"Dodaj do witryny","pricing_button_url":"#demo"}],"related_apps_title":"","related_apps_hidden":"","author":"","image":[],"title":"","job":"","social_networks":[]},"_links":{"self":[{"href":"https:\/\/elfsight.com\/pl\/wp-json\/wp\/v2\/pages\/5158","targetHints":{"allow":["GET"]}}],"collection":[{"href":"https:\/\/elfsight.com\/pl\/wp-json\/wp\/v2\/pages"}],"about":[{"href":"https:\/\/elfsight.com\/pl\/wp-json\/wp\/v2\/types\/page"}],"author":[{"embeddable":true,"href":"https:\/\/elfsight.com\/pl\/wp-json\/wp\/v2\/users\/9"}],"replies":[{"embeddable":true,"href":"https:\/\/elfsight.com\/pl\/wp-json\/wp\/v2\/comments?post=5158"}],"version-history":[{"count":2,"href":"https:\/\/elfsight.com\/pl\/wp-json\/wp\/v2\/pages\/5158\/revisions"}],"predecessor-version":[{"id":7794,"href":"https:\/\/elfsight.com\/pl\/wp-json\/wp\/v2\/pages\/5158\/revisions\/7794"}],"up":[{"embeddable":true,"href":"https:\/\/elfsight.com\/pl\/wp-json\/wp\/v2\/pages\/2064"}],"wp:attachment":[{"href":"https:\/\/elfsight.com\/pl\/wp-json\/wp\/v2\/media?parent=5158"}],"curies":[{"name":"wp","href":"https:\/\/api.w.org\/{rel}","templated":true}]}}