{"id":5157,"date":"2024-05-03T06:36:44","date_gmt":"2024-05-03T06:36:44","guid":{"rendered":"https:\/\/elfsight.com\/pl\/?page_id=5157"},"modified":"2024-11-14T12:48:27","modified_gmt":"2024-11-14T12:48:27","slug":"wix","status":"publish","type":"page","link":"https:\/\/elfsight.com\/pl\/accordion-faq-widget\/wix\/","title":{"rendered":"FAQ &#8211; Wix"},"content":{"rendered":"<div class=\"application-platform-content-item-description application-platform-content-item\" id=\"description\" data-nav-section=\"description\"><h2>Opis<\/h2><p>FAQ autorstwa Elfsight to pot\u0119\u017cne, \u0142atwe w u\u017cyciu i dostosowywalne narz\u0119dzie do generowania i dodawania listy najcz\u0119\u015bciej zadawane pytania wraz z odpowiedziami na Twojej osobistej stronie internetowej. Aplikacja informacyjna o prostej konstrukcji pozwala publikowa\u0107 szczeg\u00f3\u0142owe dane o Twoich us\u0142ugach, zwraca\u0107 uwag\u0119 czytelnik\u00f3w na pozytywne cechy Twoich ofert i zapobiega\u0107 wszelkim obawom i nieufno\u015bci, kt\u00f3re mog\u0142yby uniemo\u017cliwi\u0107 zakup.<\/p><p><b>Odpowiadaj natychmiast na pytania u\u017cytkownik\u00f3w i zwi\u0119kszaj sprzeda\u017c na stronie!<\/b><\/p><ul><li><b>Pozb\u0105d\u017a si\u0119 obaw u\u017cytkownik\u00f3w i zwi\u0119ksz sprzeda\u017c<\/b>.<br>Przekazuj przysz\u0142ym klientom maksimum informacji o swoich towarach lub ofertach, aby pokona\u0107 wszelk\u0105 mo\u017cliw\u0105 nieufno\u015b\u0107 i zwi\u0119kszy\u0107 konwersj\u0119 na stronie.<\/li><li><b>Zdob\u0105d\u017a w\u0142a\u015bciwy odbi\u00f3r Twoich towar\u00f3w lub us\u0142ug przez klient\u00f3w<\/b>.<br>Zniszcz najcz\u0119stsze b\u0142\u0119dne przekonania i w\u0105tpliwo\u015bci zwi\u0105zane z Twoj\u0105 firm\u0105, udzielaj\u0105c jasnych i szczeg\u00f3\u0142owych odpowiedzi.<\/li><li><b>Odpowiadaj na pytania klient\u00f3w, zanim si\u0119 pojawi\u0105<\/b>.<br>Pozw\u00f3l swojemu klienci uzyskuj\u0105 najbardziej kompletne informacje o Twoich towarach lub us\u0142ugach i udzielaj\u0105 odpowiedzi na swoje pytania, zanim si\u0119 pojawi\u0105.<\/li><\/ul><\/div><div class=\"application-platform-content-item-features application-platform-content-item\" id=\"features\" data-nav-section=\"features\"><h2>Funkcje<\/h2><p>Najwa\u017cniejsze cechy aplikacji Elfsight, kt\u00f3re czyni\u0105 j\u0105 najbardziej elastyczn\u0105 metod\u0105 dodawania FAQ na stronie Wix.<\/p><ul><li>Uk\u0142ad wielokolumnowy do automatycznego rozk\u0142adania tre\u015bci na kolumny;<\/li><li>36 predefiniowanych ikon dla kategorii;<\/li><li>Nieograniczona liczba pyta\u0144 w ka\u017cdej kategorii;<\/li><li>Obs\u0142ugiwany tekst w formacie HTML;<\/li><li>Dost\u0119pne aktualizacje zapewniaj\u0105ce \u015bwie\u017co\u015b\u0107.&lt;\/li <\/ul><p><a href=\"#demo\">Sprawd\u017a wszystkie funkcje<\/a><\/p><\/div><div class=\"application-platform-content-item-installation application-platform-content-item\" id=\"installation\" data-nav-section=\"installation\"><h2>Jak doda\u0107 wid\u017cet FAQ dotycz\u0105cy akordeonu do Wix<\/h2><div class=\"video-container\"><iframe width=\"720\" height=\"405\" src=\"https:\/\/www.youtube.com\/embed\/CScBC_J2Ogk\" frameborder=\"0\" allowfullscreen=\"\"><\/iframe><\/div><p>Zainstaluj aplikacj\u0119, korzystaj\u0105c z naszego kr\u00f3tkiego samouczka. Nie potrzebujesz umiej\u0119tno\u015bci programistycznych ani pomocy programisty. Konfiguracja trwa zaledwie 1 minut\u0119.<\/p><ol><li><b>Utw\u00f3rz w\u0142asne cz\u0119sto zadawane pytania<\/b>.<br>Dzi\u0119ki naszemu <a href=\"#demo\">darmowemu edytorowi<\/a> zmontuj wid\u017cet o niezb\u0119dnym uk\u0142adzie i mo\u017cliwo\u015bciach.<\/li><li><b>Zdob\u0105d\u017a kod umo\u017cliwiaj\u0105cy wy\u015bwietlenie aplikacji<\/b>.<br>Po ustawieniu wid\u017cetu uzyskaj kod do wid\u017cetu FAQ witryny internetowej z wy\u015bwietlonego powiadomienie w aplikacjach Elfsight.<\/li><li><b>Odkryj aplikacj\u0119 na stronie Wix<\/b>.<br>Wy\u015bwietl wid\u017cet w wymaganym miejscu strony i zapisz zmiany.<\/li><li><b>Gotowe!<\/b><br>Odwied\u017a swoj\u0105 witryn\u0119, aby zobaczy\u0107 sw\u00f3j wid\u017cet.<\/li><\/ol><p>Natkn\u0105\u0142e\u015b si\u0119 na co\u015b podczas wykonywania samouczka? Powiadom nasze centrum pomocy lub zapoznaj si\u0119 z pe\u0142n\u0105 wersj\u0105 samouczka \u00ab<a href=\"https:\/\/elfsight.com\/tutorials\/how-to-add-faq-to-wix-website\/\" target=\"_blank\" rel=\"noopener noreferrer\">Jak doda\u0107 cz\u0119sto zadawane pytania do Wix<\/a>\u00bb i samodzielnie doko\u0144czy\u0107 konfiguracj\u0119.<\/p><div class=\"faq\" data-component=\"FAQ\"><div class=\"faq-item\">\r\n\t\t\t\t\t<div class=\"faq-item-question\">\r\n\t\t\t\t\t\t<h3 class=\"faq-item-question-text\">Jak doda\u0107 cz\u0119sto zadawane pytania do mojej witryny Wix bez umiej\u0119tno\u015bci kodowania?<\/h3>\r\n\r\n\t\t\t\t\t\t<div class=\"faq-item-question-icon\"><\/div>\r\n\t\t\t\t\t<\/div>\r\n\r\n\t\t\t\t\t<div class=\"faq-item-answer\">\r\n\t\t\t\t\t\t<div class=\"faq-item-answer-text\"> <p>Elfsight zapewnia rozwi\u0105zanie SaaS, kt\u00f3re pozwala Ci samodzielnie utworzy\u0107 wid\u017cet FAQ. Zobacz, jak \u0142atwy jest ten proces: Pracuj bezpo\u015brednio w Edytorze online, aby utworzy\u0107 wid\u017cet FAQ, kt\u00f3ry chcia\u0142by\u015b zobaczy\u0107 na swojej stronie Wix. Wybierz jeden z gotowych szablon\u00f3w i dostosuj ustawienia FAQ, dodaj tre\u015b\u0107, zmie\u0144 uk\u0142ad i kolory bez umiej\u0119tno\u015bci kodowania. Zapisz FAQ i skopiuj jego kod instalacyjny, kt\u00f3ry mo\u017cesz \u0142atwo wklei\u0107 na swojej stronie Wix bez konieczno\u015bci zakupu p\u0142atnego planu. Dzi\u0119ki naszemu intuicyjnemu Edytorowi ka\u017cdy u\u017cytkownik Internetu mo\u017ce stworzy\u0107 wid\u017cet FAQ online i \u0142atwo osadzi\u0107 go na swojej stronie Wix. Aby uzyska\u0107 dost\u0119p do us\u0142ugi, nie trzeba p\u0142aci\u0107 ani wprowadza\u0107 danych uwierzytelniaj\u0105cych karty. Je\u015bli na kt\u00f3rymkolwiek etapie napotkasz jakiekolwiek problemy, skontaktuj si\u0119 z naszym zespo\u0142em pomocy technicznej.<\/p> <\/div>\r\n\t\t\t\t\t<\/div>\r\n\t\t\t\t<\/div> <\/div><\/div>","protected":false},"excerpt":{"rendered":"","protected":false},"author":9,"featured_media":0,"parent":2064,"menu_order":0,"comment_status":"closed","ping_status":"closed","template":"templates\/template-application-platform.php","meta":{"publish_to_discourse":"","publish_post_category":"","wpdc_auto_publish_overridden":"","wpdc_topic_tags":"","wpdc_pin_topic":"","wpdc_pin_until":"","discourse_post_id":"","discourse_permalink":"","wpdc_publishing_response":"","wpdc_publishing_error":"","footnotes":""},"class_list":["post-5157","page","type-page","status-publish","hentry"],"yoast_head":"<!-- This site is optimized with the Yoast SEO plugin v25.3.1 - https:\/\/yoast.com\/wordpress\/plugins\/seo\/ -->\n<title>Akordeon FAQ - Dodaj wid\u017cet FAQ do strony Wix<\/title>\n<meta name=\"description\" content=\"Ustaw swoj\u0105 osobist\u0105 aplikacj\u0119 FAQ dla Wix w zaledwie 3 minuty. Przetestuj nasze szybkie demo dotycz\u0105ce tworzenia wtyczek przez Elfsight, ca\u0142kowicie za darmo.\" \/>\n<meta name=\"robots\" content=\"index, follow, max-snippet:-1, max-image-preview:large, max-video-preview:-1\" \/>\n<link rel=\"canonical\" href=\"https:\/\/elfsight.com\/pl\/accordion-faq-widget\/wix\/\" \/>\n<meta property=\"og:locale\" content=\"pl_PL\" \/>\n<meta property=\"og:type\" content=\"article\" \/>\n<meta property=\"og:title\" content=\"Akordeon FAQ - Dodaj wid\u017cet FAQ do strony Wix\" \/>\n<meta property=\"og:description\" content=\"Ustaw swoj\u0105 osobist\u0105 aplikacj\u0119 FAQ dla Wix w zaledwie 3 minuty. Przetestuj nasze szybkie demo dotycz\u0105ce tworzenia wtyczek przez Elfsight, ca\u0142kowicie za darmo.\" \/>\n<meta property=\"og:url\" content=\"https:\/\/elfsight.com\/pl\/accordion-faq-widget\/wix\/\" \/>\n<meta property=\"og:site_name\" content=\"Elfsight PL\" \/>\n<meta property=\"article:modified_time\" content=\"2024-11-14T12:48:27+00:00\" \/>\n<meta name=\"twitter:card\" content=\"summary_large_image\" \/>\n<meta name=\"twitter:label1\" content=\"Szacowany czas czytania\" \/>\n\t<meta name=\"twitter:data1\" content=\"3 minuty\" \/>\n<!-- \/ Yoast SEO plugin. -->","yoast_head_json":{"title":"Akordeon FAQ - Dodaj wid\u017cet FAQ do strony Wix","description":"Ustaw swoj\u0105 osobist\u0105 aplikacj\u0119 FAQ dla Wix w zaledwie 3 minuty. Przetestuj nasze szybkie demo dotycz\u0105ce tworzenia wtyczek przez Elfsight, ca\u0142kowicie za darmo.","robots":{"index":"index","follow":"follow","max-snippet":"max-snippet:-1","max-image-preview":"max-image-preview:large","max-video-preview":"max-video-preview:-1"},"canonical":"https:\/\/elfsight.com\/pl\/accordion-faq-widget\/wix\/","og_locale":"pl_PL","og_type":"article","og_title":"Akordeon FAQ - Dodaj wid\u017cet FAQ do strony Wix","og_description":"Ustaw swoj\u0105 osobist\u0105 aplikacj\u0119 FAQ dla Wix w zaledwie 3 minuty. Przetestuj nasze szybkie demo dotycz\u0105ce tworzenia wtyczek przez Elfsight, ca\u0142kowicie za darmo.","og_url":"https:\/\/elfsight.com\/pl\/accordion-faq-widget\/wix\/","og_site_name":"Elfsight PL","article_modified_time":"2024-11-14T12:48:27+00:00","twitter_card":"summary_large_image","twitter_misc":{"Szacowany czas czytania":"3 minuty"},"schema":{"@context":"https:\/\/schema.org","@graph":[{"@type":"WebPage","@id":"https:\/\/elfsight.com\/pl\/accordion-faq-widget\/wix\/","url":"https:\/\/elfsight.com\/pl\/accordion-faq-widget\/wix\/","name":"Akordeon FAQ - Dodaj wid\u017cet FAQ do strony Wix","isPartOf":{"@id":"https:\/\/elfsight.com\/pl\/#website"},"datePublished":"2024-05-03T06:36:44+00:00","dateModified":"2024-11-14T12:48:27+00:00","description":"Ustaw swoj\u0105 osobist\u0105 aplikacj\u0119 FAQ dla Wix w zaledwie 3 minuty. Przetestuj nasze szybkie demo dotycz\u0105ce tworzenia wtyczek przez Elfsight, ca\u0142kowicie za darmo.","breadcrumb":{"@id":"https:\/\/elfsight.com\/pl\/accordion-faq-widget\/wix\/#breadcrumb"},"inLanguage":"pl-PL","potentialAction":[{"@type":"ReadAction","target":["https:\/\/elfsight.com\/pl\/accordion-faq-widget\/wix\/"]}]},{"@type":"BreadcrumbList","@id":"https:\/\/elfsight.com\/pl\/accordion-faq-widget\/wix\/#breadcrumb","itemListElement":[{"@type":"ListItem","position":1,"name":"Home","item":"https:\/\/elfsight.com\/pl\/"},{"@type":"ListItem","position":2,"name":"FAQ","item":"https:\/\/elfsight.com\/pl\/accordion-faq-widget\/"},{"@type":"ListItem","position":3,"name":"FAQ &#8211; Wix"}]},{"@type":"WebSite","@id":"https:\/\/elfsight.com\/pl\/#website","url":"https:\/\/elfsight.com\/pl\/","name":"Elfsight PL","description":"Just another Elfsight Sites site","potentialAction":[{"@type":"SearchAction","target":{"@type":"EntryPoint","urlTemplate":"https:\/\/elfsight.com\/pl\/?s={search_term_string}"},"query-input":{"@type":"PropertyValueSpecification","valueRequired":true,"valueName":"search_term_string"}}],"inLanguage":"pl-PL"}]}},"meta_box":{"industry":"","seo_heading":"","heading":"","description":"","cta_heading":"","cta_description":"","application":"2063","h1":"Aplikacja FAQ na temat akordeonu dla Wix","h1_caption":"Podaj odpowiedzi na cz\u0119sto zadawane pytania w zorganizowanym formacie umo\u017cliwiaj\u0105cym przeszukiwanie, aby pom\u00f3c u\u017cytkownikom szybko i bez wysi\u0142ku znale\u017a\u0107 rozwi\u0105zania w Twojej witrynie Wix.","application_category":[],"applications_title":"","applications_request_title":"","applications_request_button_text":"","hero_text":"","hero_video":"","hero_video_schema_markup":"","selling_points_title":"","selling_points_caption":"","selling_points":[],"selling_points_cta_text":"","features_title":"","features":"","ed_cta_examples_text":"","ed_cta_examples_hidden":"","ed_cta_demo_text":"","ed_cta_demo_hidden":"","why_caption":"","why_editor_title":"","why_editor_text":"","why_team_title":"","why_team_text":"","why_service_title":"","why_service_text":"","template_catalog_visible":"","template_catalog_title":"","template_catalog_text":"","template_catalog_categories_visible":"","demo_title":"Utw\u00f3rz aplikacj\u0119 z cz\u0119sto zadawanymi pytaniami","demo_caption":"Skonfiguruj swoje FAQ i dodaj je za darmo do swojej witryny Wix!","default_faq_hidden":"","app_template_category":[],"platform":"30","template_public_id":"","codecanyon_url":"","codecanyon_item_id":"","codecanyon_price":"","pricing_caption":"","pricing_elfsight_apps_hide_column":"","pricing_elfsight_apps_url":"","pricing_codecanyon_price_caption":"","integration_category":[],"integration_request_title":"","integration_request_cta":"","integration_platform":"","integrations":[],"platform_category":[],"video_schema_markup":"","price":"od 0 USD \/ miesi\u0105c","trial":"","benefits":[{"text":"Bezp\u0142atna pomoc w monta\u017cu"},{"text":"Do\u015bwiadczona obs\u0142uga klienta"},{"text":"14-dniowa gwarancja zwrotu pieni\u0119dzy"}],"button_url":"#demo","button_target_blank":"","button_nofollow":"","attributes":[{"name":"Instaluje"},{"name":"Czu\u0142y"},{"name":"Kompatybilne przegl\u0105darki"}],"tags":[],"tags_disable_links":"","hide_more_platforms":"","video_object":"","demo_hide_cta":"","demo_hide_cloud_options":"","pricing_title":"","pricing":[{"pricing_icon":"platform","pricing_title":"Wix app","pricing_title_caption":"Wieloplatformowe rozwi\u0105zanie cyfrowe","pricing_price":"od 0 USD \/ miesi\u0105c","pricing_price_caption":"zacznij od bezp\u0142atnego planu","pricing_benefits":[{"text":"Nieograniczona liczba domen"},{"text":"Bezp\u0142atne wsparcie"},{"text":"Bezp\u0142atna pomoc w monta\u017cu"},{"text":"Specjalna oferta na wiele aplikacji"}],"pricing_button_text":"Dodaj do witryny","pricing_button_url":"#demo"}],"related_apps_title":"","related_apps_hidden":"","author":"","image":[],"title":"","job":"","social_networks":[]},"_links":{"self":[{"href":"https:\/\/elfsight.com\/pl\/wp-json\/wp\/v2\/pages\/5157","targetHints":{"allow":["GET"]}}],"collection":[{"href":"https:\/\/elfsight.com\/pl\/wp-json\/wp\/v2\/pages"}],"about":[{"href":"https:\/\/elfsight.com\/pl\/wp-json\/wp\/v2\/types\/page"}],"author":[{"embeddable":true,"href":"https:\/\/elfsight.com\/pl\/wp-json\/wp\/v2\/users\/9"}],"replies":[{"embeddable":true,"href":"https:\/\/elfsight.com\/pl\/wp-json\/wp\/v2\/comments?post=5157"}],"version-history":[{"count":2,"href":"https:\/\/elfsight.com\/pl\/wp-json\/wp\/v2\/pages\/5157\/revisions"}],"predecessor-version":[{"id":7793,"href":"https:\/\/elfsight.com\/pl\/wp-json\/wp\/v2\/pages\/5157\/revisions\/7793"}],"up":[{"embeddable":true,"href":"https:\/\/elfsight.com\/pl\/wp-json\/wp\/v2\/pages\/2064"}],"wp:attachment":[{"href":"https:\/\/elfsight.com\/pl\/wp-json\/wp\/v2\/media?parent=5157"}],"curies":[{"name":"wp","href":"https:\/\/api.w.org\/{rel}","templated":true}]}}