{"id":5152,"date":"2024-05-03T06:36:43","date_gmt":"2024-05-03T06:36:43","guid":{"rendered":"https:\/\/elfsight.com\/pl\/?page_id=5152"},"modified":"2025-06-26T14:55:20","modified_gmt":"2025-06-26T14:55:20","slug":"jquery","status":"publish","type":"page","link":"https:\/\/elfsight.com\/pl\/accordion-faq-widget\/jquery\/","title":{"rendered":"FAQ &#8211; jQuery"},"content":{"rendered":"<div class=\"application-platform-content-item-description application-platform-content-item\" id=\"description\" data-nav-section=\"description\"><h2>Opis<\/h2><p>FAQ autorstwa Elfsight to pot\u0119\u017cna i \u0142atwa w u\u017cyciu oraz dostosowywana wtyczka do ustawiania i publikowania listy najbardziej potrzebne pytania z odpowiedziami na osobistej stronie internetowej. Interaktywna wtyczka z \u0142atw\u0105 nawigacj\u0105 pomo\u017ce Ci wy\u015bwietli\u0107 kompleksowe informacje o Twojej firmie, skupi\u0107 uwag\u0119 u\u017cytkownik\u00f3w na jej mocnych stronach i pokona\u0107 wszelkie prawdopodobne obawy i niedowierzania, kt\u00f3re mog\u0142yby stan\u0105\u0107 na drodze do zakupu.<\/p><p><b>B\u0142yskawicznie odpowiadaj na wszystkie pojawiaj\u0105ce si\u0119 pytania odwiedzaj\u0105cych i zwi\u0119ksz konwersj\u0119 na stronie!<\/b><\/p><ul><li><b>Dostarczaj przekonuj\u0105cych informacji i zwi\u0119kszaj swoje dochody<\/b>.<br>Pokazuj potencjalnym u\u017cytkownikom maksimum informacji o swoich produktach lub us\u0142ugach, aby wyeliminowa\u0107 wszystkie zapytania, jakie mog\u0105 mie\u0107 na ich temat i zwi\u0119kszy\u0107 przychody w serwisie.<\/li><li><b>Tw\u00f3rz nieskazitelny wizerunek swojej firmy w\u015br\u00f3d klient\u00f3w <\/b>.<br>Poka\u017c swoim czytelnikom prawdziwy obraz swojej firmy i proces\u00f3w biznesowych, aby pokona\u0107 b\u0142\u0119dne przekonania i w\u0105tpliwo\u015bci dotycz\u0105ce rozpocz\u0119cia wsp\u00f3\u0142pracy.<\/li><li><b>Skr\u00f3\u0107 czas i cen\u0119 pracy obs\u0142ugi klienta <\/b>.<br>Dodaj odpowiedzi na wszystkie cz\u0119sto zadawane pytania dotycz\u0105ce Twoich produkt\u00f3w lub us\u0142ug, aby zmniejszy\u0107 nadmierne obci\u0105\u017cenie zespo\u0142u obs\u0142ugi klienta.<\/li><\/ul><\/div><div class=\"application-platform-content-item-features  application-platform-content-item\" id=\"features \" data-nav-section=\"features \"><h2>Funkcje<\/h2><p>Podstawowe zalety naszej wtyczki, kt\u00f3re pozwalaj\u0105 jej sta\u0107 si\u0119 najbardziej elastycznym narz\u0119dziem do dodawania FAQ na temat akordeonu na stronie JQuery.<\/p><ul><li>3 gotowe uk\u0142ady : akordeon, lista, wielokolumna;<\/li><li>Konfigurowalne kolory tekstu pytania, tekstu odpowiedzi, nazwy kategorii i t\u0142a;<\/li><li>Nieograniczona liczba pyta\u0144 w ka\u017cdej kategorii;<\/li><li>Html w obs\u0142ugiwanym tek\u015bcie;<\/li><li>Zoptymalizowany pod k\u0105tem urz\u0105dze\u0144 mobilnych pod k\u0105tem p\u0142ynnej obs\u0142ugi.<\/li><\/ul><p><a href=\"#demo\">Zobacz je wszystkie<\/a><\/p><\/div><div class=\"application-platform-content-item-installation application-platform-content-item\" id=\"installation\" data-nav-section=\"installation\"><h2>Jak doda\u0107 wtyczk\u0119 FAQ akordeonu do witryny jQuery<\/h2><p>Opublikuj wtyczk\u0119, korzystaj\u0105c z naszego kr\u00f3tkiego przewodnika. Jest to bardzo proste i nie wymaga umiej\u0119tno\u015bci programowania ani zatrudniania profesjonalisty. \u015aredni czas konfiguracji to tylko 60 sekund.<\/p><ol><li><b>Wygeneruj spersonalizowane cz\u0119sto zadawane pytania<\/b>.<br>Przy pomocy naszej bezp\u0142atnej wersji demonstracyjnej wygeneruj wtyczk\u0119 o po\u017c\u0105danym wygl\u0105dzie i mo\u017cliwo\u015bciach. <\/li><li><b>Zdob\u0105d\u017a kod do integracji wtyczki<\/b>.<br>Po dostrojeniu wid\u017cetu uzyskaj kod do odpowiedzi na cz\u0119sto zadawane pytania z powiadomienia, kt\u00f3re pojawi\u0142o si\u0119 w aplikacjach Elfsight.<\/li><li><b>Opublikuj wtyczk\u0119 na stronie internetowej<\/b>.<br>Umie\u015b\u0107 FAQ w odpowiednim miejscu witryny i zastosuj zmiany.<\/li><li><b>Gotowe!<\/b><br>Odwied\u017a swoj\u0105 witryn\u0119, aby zobaczy\u0107 wtyczk\u0119.<\/li><\/ol><p>Masz problemy z instrukcj\u0105? Skontaktuj si\u0119 z zespo\u0142em pomocy technicznej Elfsight lub przestudiuj pe\u0142n\u0105 wersj\u0119 przewodnika \u00ab<a href=\"https:\/\/elfsight.com\/tutorials\/how-to-add-faq-to-jquery\/\" target=\"_blank\" rel=\"noopener noreferrer\">Jak doda\u0107 cz\u0119sto zadawane pytania do witryny jQuery<\/a>\u00bb i samodzielnie doko\u0144czy\u0107 tworzenie wtyczki.<\/p><div class=\"faq\" data-component=\"FAQ\"><div class=\"faq-item\">\r\n\t\t\t\t\t<div class=\"faq-item-question\">\r\n\t\t\t\t\t\t<h3 class=\"faq-item-question-text\">Jak mog\u0119 doda\u0107 cz\u0119sto zadawane pytania do mojej witryny jQuery bez umiej\u0119tno\u015bci kodowania?<\/h3>\r\n\r\n\t\t\t\t\t\t<div class=\"faq-item-question-icon\"><\/div>\r\n\t\t\t\t\t<\/div>\r\n\r\n\t\t\t\t\t<div class=\"faq-item-answer\">\r\n\t\t\t\t\t\t<div class=\"faq-item-answer-text\"> <p>Elfsight zapewnia rozwi\u0105zanie SaaS, kt\u00f3re umo\u017cliwia samodzielne utworzenie wid\u017cetu FAQ. Zobacz, jak \u0142atwy jest ten proces: Pracuj bezpo\u015brednio w edytorze online, aby utworzy\u0107 wid\u017cet FAQ, kt\u00f3ry chcia\u0142by\u015b zobaczy\u0107 na swojej witrynie jQuery. Wybierz jeden z gotowych szablon\u00f3w i dostosuj ustawienia FAQ, dodaj tre\u015b\u0107, zmie\u0144 uk\u0142ad i kolory bez umiej\u0119tno\u015bci kodowania. Zapisz FAQ i skopiuj jego kod instalacyjny, kt\u00f3ry mo\u017cesz \u0142atwo osadzi\u0107 na swojej stronie jQuery, bez konieczno\u015bci kupowania p\u0142atnej subskrypcji. Dzi\u0119ki naszemu intuicyjnemu Edytorowi ka\u017cdy u\u017cytkownik Internetu mo\u017ce stworzy\u0107 wid\u017cet FAQ online i \u0142atwo osadzi\u0107 go na swojej stronie jQuery. Aby uzyska\u0107 dost\u0119p do us\u0142ugi, nie trzeba p\u0142aci\u0107 ani wprowadza\u0107 danych uwierzytelniaj\u0105cych karty. Je\u015bli na kt\u00f3rymkolwiek etapie napotkasz jakiekolwiek problemy, skontaktuj si\u0119 z naszym zespo\u0142em pomocy technicznej.<\/p> <\/div>\r\n\t\t\t\t\t<\/div>\r\n\t\t\t\t<\/div> <\/div><\/div>","protected":false},"excerpt":{"rendered":"","protected":false},"author":9,"featured_media":0,"parent":2064,"menu_order":0,"comment_status":"closed","ping_status":"closed","template":"templates\/template-application-platform.php","meta":{"publish_to_discourse":"","publish_post_category":"","wpdc_auto_publish_overridden":"","wpdc_topic_tags":"","wpdc_pin_topic":"","wpdc_pin_until":"","discourse_post_id":"","discourse_permalink":"","wpdc_publishing_response":"","wpdc_publishing_error":"","footnotes":""},"class_list":["post-5152","page","type-page","status-publish","hentry"],"yoast_head":"<!-- This site is optimized with the Yoast SEO plugin v25.3.1 - https:\/\/yoast.com\/wordpress\/plugins\/seo\/ -->\n<title>jQuery FAQ - Dodaj wtyczk\u0119 FAQ akordeonu do strony jQuery<\/title>\n<meta name=\"description\" content=\"Utw\u00f3rz wtyczk\u0119 FAQ akordeonu dla jQuery w zaledwie kilka minut. Skorzystaj z naszego szybkiego demo do generowania wtyczek przez Elfsight, ca\u0142kowicie za darmo.\" \/>\n<meta name=\"robots\" content=\"index, follow, max-snippet:-1, max-image-preview:large, max-video-preview:-1\" \/>\n<link rel=\"canonical\" href=\"https:\/\/elfsight.com\/pl\/accordion-faq-widget\/jquery\/\" \/>\n<meta property=\"og:locale\" content=\"pl_PL\" \/>\n<meta property=\"og:type\" content=\"article\" \/>\n<meta property=\"og:title\" content=\"jQuery FAQ - Dodaj wtyczk\u0119 FAQ akordeonu do strony jQuery\" \/>\n<meta property=\"og:description\" content=\"Utw\u00f3rz wtyczk\u0119 FAQ akordeonu dla jQuery w zaledwie kilka minut. Skorzystaj z naszego szybkiego demo do generowania wtyczek przez Elfsight, ca\u0142kowicie za darmo.\" \/>\n<meta property=\"og:url\" content=\"https:\/\/elfsight.com\/pl\/accordion-faq-widget\/jquery\/\" \/>\n<meta property=\"og:site_name\" content=\"Elfsight PL\" \/>\n<meta property=\"article:modified_time\" content=\"2025-06-26T14:55:20+00:00\" \/>\n<meta name=\"twitter:card\" content=\"summary_large_image\" \/>\n<meta name=\"twitter:label1\" content=\"Szacowany czas czytania\" \/>\n\t<meta name=\"twitter:data1\" content=\"3 minuty\" \/>\n<!-- \/ Yoast SEO plugin. -->","yoast_head_json":{"title":"jQuery FAQ - Dodaj wtyczk\u0119 FAQ akordeonu do strony jQuery","description":"Utw\u00f3rz wtyczk\u0119 FAQ akordeonu dla jQuery w zaledwie kilka minut. Skorzystaj z naszego szybkiego demo do generowania wtyczek przez Elfsight, ca\u0142kowicie za darmo.","robots":{"index":"index","follow":"follow","max-snippet":"max-snippet:-1","max-image-preview":"max-image-preview:large","max-video-preview":"max-video-preview:-1"},"canonical":"https:\/\/elfsight.com\/pl\/accordion-faq-widget\/jquery\/","og_locale":"pl_PL","og_type":"article","og_title":"jQuery FAQ - Dodaj wtyczk\u0119 FAQ akordeonu do strony jQuery","og_description":"Utw\u00f3rz wtyczk\u0119 FAQ akordeonu dla jQuery w zaledwie kilka minut. Skorzystaj z naszego szybkiego demo do generowania wtyczek przez Elfsight, ca\u0142kowicie za darmo.","og_url":"https:\/\/elfsight.com\/pl\/accordion-faq-widget\/jquery\/","og_site_name":"Elfsight PL","article_modified_time":"2025-06-26T14:55:20+00:00","twitter_card":"summary_large_image","twitter_misc":{"Szacowany czas czytania":"3 minuty"},"schema":{"@context":"https:\/\/schema.org","@graph":[{"@type":"WebPage","@id":"https:\/\/elfsight.com\/pl\/accordion-faq-widget\/jquery\/","url":"https:\/\/elfsight.com\/pl\/accordion-faq-widget\/jquery\/","name":"jQuery FAQ - Dodaj wtyczk\u0119 FAQ akordeonu do strony jQuery","isPartOf":{"@id":"https:\/\/elfsight.com\/pl\/#website"},"datePublished":"2024-05-03T06:36:43+00:00","dateModified":"2025-06-26T14:55:20+00:00","description":"Utw\u00f3rz wtyczk\u0119 FAQ akordeonu dla jQuery w zaledwie kilka minut. Skorzystaj z naszego szybkiego demo do generowania wtyczek przez Elfsight, ca\u0142kowicie za darmo.","breadcrumb":{"@id":"https:\/\/elfsight.com\/pl\/accordion-faq-widget\/jquery\/#breadcrumb"},"inLanguage":"pl-PL","potentialAction":[{"@type":"ReadAction","target":["https:\/\/elfsight.com\/pl\/accordion-faq-widget\/jquery\/"]}]},{"@type":"BreadcrumbList","@id":"https:\/\/elfsight.com\/pl\/accordion-faq-widget\/jquery\/#breadcrumb","itemListElement":[{"@type":"ListItem","position":1,"name":"Home","item":"https:\/\/elfsight.com\/pl\/"},{"@type":"ListItem","position":2,"name":"FAQ","item":"https:\/\/elfsight.com\/pl\/accordion-faq-widget\/"},{"@type":"ListItem","position":3,"name":"FAQ &#8211; jQuery"}]},{"@type":"WebSite","@id":"https:\/\/elfsight.com\/pl\/#website","url":"https:\/\/elfsight.com\/pl\/","name":"Elfsight PL","description":"Just another Elfsight Sites site","potentialAction":[{"@type":"SearchAction","target":{"@type":"EntryPoint","urlTemplate":"https:\/\/elfsight.com\/pl\/?s={search_term_string}"},"query-input":{"@type":"PropertyValueSpecification","valueRequired":true,"valueName":"search_term_string"}}],"inLanguage":"pl-PL"}]}},"meta_box":{"industry":"","seo_heading":"","heading":"","description":"","cta_heading":"","cta_description":"","application":"2063","h1":"Wtyczka FAQ jQuery Accordion","h1_caption":"Podaj odpowiedzi na cz\u0119sto zadawane pytania w zorganizowanym formacie umo\u017cliwiaj\u0105cym przeszukiwanie, aby pom\u00f3c u\u017cytkownikom szybko i bez wysi\u0142ku znajdowa\u0107 rozwi\u0105zania w Twojej witrynie jQuery.","application_category":[],"applications_title":"","applications_request_title":"","applications_request_button_text":"","hero_text":"","hero_video":"","hero_video_schema_markup":"","selling_points_title":"","selling_points_caption":"","selling_points":[],"selling_points_cta_text":"","features_title":"","features":"","ed_cta_examples_text":"","ed_cta_examples_hidden":"","ed_cta_demo_text":"","ed_cta_demo_hidden":"","why_caption":"","why_editor_title":"","why_editor_text":"","why_team_title":"","why_team_text":"","why_service_title":"","why_service_text":"","template_catalog_visible":"0","template_catalog_title":"","template_catalog_text":"","template_catalog_categories_visible":"","demo_title":"Utw\u00f3rz wtyczk\u0119 FAQ","demo_caption":"Skonfiguruj swoje FAQ i dodaj je za darmo do swojej witryny jQuery!","default_faq_hidden":"","app_template_category":[],"platform":"56","template_public_id":"","codecanyon_url":"","codecanyon_item_id":"","codecanyon_price":"","pricing_caption":"","pricing_elfsight_apps_hide_column":"","pricing_elfsight_apps_url":"","pricing_codecanyon_price_caption":"","integration_category":[],"integration_request_title":"","integration_request_cta":"","integration_platform":"","integrations":[],"platform_category":[],"video_schema_markup":"","price":"od 0 USD \/ miesi\u0105c","trial":"","benefits":[{"text":"Bezp\u0142atna pomoc w monta\u017cu"},{"text":"Kompetentna obs\u0142uga klienta"},{"text":"14-dniowa gwarancja zwrotu pieni\u0119dzy"}],"button_url":"#demo","button_target_blank":"0","button_nofollow":"0","attributes":[{"name":"Instaluje"},{"name":"Czu\u0142y"},{"name":"Kompatybilne przegl\u0105darki"}],"tags":[],"tags_disable_links":"0","hide_more_platforms":"0","video_object":"","demo_hide_cta":"0","demo_hide_cloud_options":"0","pricing_title":"","pricing":[{"pricing_icon":"platform","pricing_title":"Elfsight Apps","pricing_title_caption":"Rozwi\u0105zanie niezale\u017cne od platformy, kt\u00f3re pasuje do ka\u017cdej witryny","pricing_price":"od 0 USD \/ miesi\u0105c","pricing_price_caption":"zacznij od bezp\u0142atnego planu","pricing_benefits":[{"text":"Nielimitowane strony internetowe"},{"text":"Profesjonalna obs\u0142uga klienta i dobrze udokumentowana"},{"text":"Bezp\u0142atna pomoc w instalacji"},{"text":"Elastyczny projekt"}],"pricing_button_text":"Dodaj do witryny","pricing_button_url":"#demo"}],"related_apps_title":"","related_apps_hidden":"0","author":"","image":[],"title":"","job":"","social_networks":[]},"_links":{"self":[{"href":"https:\/\/elfsight.com\/pl\/wp-json\/wp\/v2\/pages\/5152","targetHints":{"allow":["GET"]}}],"collection":[{"href":"https:\/\/elfsight.com\/pl\/wp-json\/wp\/v2\/pages"}],"about":[{"href":"https:\/\/elfsight.com\/pl\/wp-json\/wp\/v2\/types\/page"}],"author":[{"embeddable":true,"href":"https:\/\/elfsight.com\/pl\/wp-json\/wp\/v2\/users\/9"}],"replies":[{"embeddable":true,"href":"https:\/\/elfsight.com\/pl\/wp-json\/wp\/v2\/comments?post=5152"}],"version-history":[{"count":2,"href":"https:\/\/elfsight.com\/pl\/wp-json\/wp\/v2\/pages\/5152\/revisions"}],"predecessor-version":[{"id":10566,"href":"https:\/\/elfsight.com\/pl\/wp-json\/wp\/v2\/pages\/5152\/revisions\/10566"}],"up":[{"embeddable":true,"href":"https:\/\/elfsight.com\/pl\/wp-json\/wp\/v2\/pages\/2064"}],"wp:attachment":[{"href":"https:\/\/elfsight.com\/pl\/wp-json\/wp\/v2\/media?parent=5152"}],"curies":[{"name":"wp","href":"https:\/\/api.w.org\/{rel}","templated":true}]}}