{"id":5151,"date":"2024-05-03T06:36:42","date_gmt":"2024-05-03T06:36:42","guid":{"rendered":"https:\/\/elfsight.com\/pl\/?page_id=5151"},"modified":"2024-11-14T09:32:57","modified_gmt":"2024-11-14T09:32:57","slug":"elementor","status":"publish","type":"page","link":"https:\/\/elfsight.com\/pl\/accordion-faq-widget\/elementor\/","title":{"rendered":"FAQ &#8211; Elementor"},"content":{"rendered":"<div class=\"application-platform-content-item-description application-platform-content-item\" id=\"description\" data-nav-section=\"description\"><h2>Umie\u015b\u0107 cz\u0119sto zadawane pytania w Elementorze za pomoc\u0105 wid\u017cetu Elfsight<\/h2><p>FAQ to wygodne narz\u0119dzie do tworzenia i dodawania listy najcz\u0119\u015bciej popularne pytania z odpowiedziami na Twojej osobistej stronie internetowej. Interaktywna wtyczka z intuicyjn\u0105 nawigacj\u0105 daje szans\u0119 pokazania bardziej szczeg\u00f3\u0142owych danych o Twoich ofertach, skierowania zainteresowania do pozytywnych cech oraz pokonania wszelkich oczekiwanych obaw i nieufno\u015bci, kt\u00f3re mog\u0105 utrudnia\u0107 podj\u0119cie decyzji zakupowej.<\/p><p><b> Odpowiadaj natychmiast na pojawiaj\u0105ce si\u0119 pytania Twoich u\u017cytkownik\u00f3w i zwi\u0119ksz sprzeda\u017c w serwisie!<\/b><\/p><\/div><div class=\"application-platform-content-item-features application-platform-content-item\" id=\"features\" data-nav-section=\"features\"><h2>G\u0142\u00f3wne cechy wid\u017cetu FAQ<\/h2><p>Oto kluczowe cechy wtyczki Elfsight, kt\u00f3re czyni\u0105 j\u0105 jednym z najskuteczniejszych narz\u0119dzi do wy\u015bwietlania cz\u0119sto zadawanych pyta\u0144 na stronie Elementora.<\/p><ul><li>Uk\u0142ad wielokolumnowy do automatycznego rozk\u0142adania tre\u015bci na kolumny;<\/li><li>36 predefiniowanych ikon dla kategorii;<\/li><li>Dodawaj i usuwaj kategorie;<\/li><li>Obs\u0142ugiwany HTML w tek\u015bcie;<\/li><li>Terminowa i profesjonalna obs\u0142uga klienta.<\/li> <\/ul><p><a href=\"#demo\">Uzyskaj wszystkie funkcje<\/a><\/p><\/div><div class=\"application-platform-content-item-installation application-platform-content-item\" id=\"installation\" data-nav-section=\"installation\"><h2>Jak doda\u0107 cz\u0119sto zadawane pytania dotycz\u0105ce akordeonu do Elementora <\/h2><div class=\"video-container\"><iframe width=\"720\" height=\"405\" src=\"https:\/\/www.youtube.com\/embed\/4EgNL_dJmAA\" frameborder=\"0\" allowfullscreen=\"\"><\/iframe><\/div><p>Dodaj wtyczk\u0119, korzystaj\u0105c z naszych kr\u00f3tkich instrukcji. W tym celu nie musisz mie\u0107 kompetencji w tworzeniu stron internetowych ani zatrudnia\u0107 programisty. Czas instalacji to zaledwie 1 minuta.<\/p><ol><li><b>Stw\u00f3rz swoj\u0105 unikaln\u0105 wtyczk\u0119 FAQ<\/b><br> Za pomoc\u0105 naszego darmowego edytora wygeneruj wtyczk\u0119 o wybranym sk\u0142adzie i cechach funkcjonalnych . <\/li><li><b>Zdob\u0105d\u017a osobisty kod, aby opublikowa\u0107 wtyczk\u0119<\/b><br> Po dostosowaniu wid\u017cetu otrzymasz sw\u00f3j osobisty kod z wyskakuj\u0105cego okna aplikacji Elfsight. Skopiuj go do p\u00f3\u017aniejszego wykorzystania. <\/li> <li><b>Dodaj wtyczk\u0119 do swojej witryny Elementor<\/b><br> Wybierz obszar strony, w kt\u00f3rym planujesz zintegrowa\u0107 wtyczk\u0119 i wklej tam zapisany kod. Zapisz zmiany. <\/li> <li><b>Gotowe!<\/b><br> Przejd\u017a do swojego sklepu i zobacz swoj\u0105 prac\u0119. <\/li> <\/ol><p>Masz problemy podczas stosowania samouczka? Wy\u015blij swoje zapytanie do dzia\u0142u pomocy technicznej Elfsight lub przeczytaj szczeg\u00f3\u0142owy wariant przewodnika i samodzielnie doko\u0144cz instalacj\u0119.<\/p><div class=\"faq\" data-component=\"FAQ\"><div class=\"faq-item\">\r\n\t\t\t\t\t<div class=\"faq-item-question\">\r\n\t\t\t\t\t\t<h3 class=\"faq-item-question-text\">Jak mog\u0119 doda\u0107 cz\u0119sto zadawane pytania do mojej witryny Elementor bez umiej\u0119tno\u015bci kodowania?<\/h3>\r\n\r\n\t\t\t\t\t\t<div class=\"faq-item-question-icon\"><\/div>\r\n\t\t\t\t\t<\/div>\r\n\r\n\t\t\t\t\t<div class=\"faq-item-answer\">\r\n\t\t\t\t\t\t<div class=\"faq-item-answer-text\"> <p>Elfsight zapewnia rozwi\u0105zanie SaaS, kt\u00f3re umo\u017cliwia samodzielne utworzenie wid\u017cetu FAQ. Zobacz, jak \u0142atwy jest ten proces: Pracuj bezpo\u015brednio w edytorze online, aby utworzy\u0107 wid\u017cet FAQ, kt\u00f3ry chcesz zobaczy\u0107 na swojej stronie internetowej Elementor. Wybierz jeden z gotowych szablon\u00f3w i dostosuj ustawienia FAQ, dodaj tre\u015b\u0107, zmie\u0144 uk\u0142ad i kolory bez umiej\u0119tno\u015bci kodowania. Zapisz FAQ i skopiuj jego kod instalacyjny, kt\u00f3ry mo\u017cesz \u0142atwo wklei\u0107 na swojej stronie Elementora, bez konieczno\u015bci kupowania p\u0142atnego planu. Dzi\u0119ki naszemu intuicyjnemu edytorowi ka\u017cdy u\u017cytkownik Internetu mo\u017ce stworzy\u0107 wid\u017cet FAQ online i \u0142atwo osadzi\u0107 go na swojej stronie internetowej Elementor. Aby uzyska\u0107 dost\u0119p do us\u0142ugi, nie trzeba p\u0142aci\u0107 ani wprowadza\u0107 danych uwierzytelniaj\u0105cych karty. Je\u015bli na kt\u00f3rymkolwiek etapie napotkasz jakiekolwiek problemy, skontaktuj si\u0119 z naszym zespo\u0142em pomocy technicznej.<\/p> <\/div>\r\n\t\t\t\t\t<\/div>\r\n\t\t\t\t<\/div> <\/div><\/div>","protected":false},"excerpt":{"rendered":"","protected":false},"author":9,"featured_media":0,"parent":2064,"menu_order":0,"comment_status":"closed","ping_status":"closed","template":"templates\/template-application-platform.php","meta":{"publish_to_discourse":"","publish_post_category":"","wpdc_auto_publish_overridden":"","wpdc_topic_tags":"","wpdc_pin_topic":"","wpdc_pin_until":"","discourse_post_id":"","discourse_permalink":"","wpdc_publishing_response":"","wpdc_publishing_error":"","footnotes":""},"class_list":["post-5151","page","type-page","status-publish","hentry"],"yoast_head":"<!-- This site is optimized with the Yoast SEO plugin v25.3.1 - https:\/\/yoast.com\/wordpress\/plugins\/seo\/ -->\n<title>Accordion FAQ - Dodaj widget FAQ do strony Elementora (w 2 minuty)<\/title>\n<meta name=\"description\" content=\"Stw\u00f3rz spersonalizowany widget FAQ dotycz\u0105cy akordeonu dla witryny Elementor w zaledwie 2 minuty. Skorzystaj z najszybszej wersji demonstracyjnej wtyczek konfiguracyjnych firmy Elfsight, ca\u0142kowicie za darmo.\" \/>\n<meta name=\"robots\" content=\"index, follow, max-snippet:-1, max-image-preview:large, max-video-preview:-1\" \/>\n<link rel=\"canonical\" href=\"https:\/\/elfsight.com\/pl\/accordion-faq-widget\/elementor\/\" \/>\n<meta property=\"og:locale\" content=\"pl_PL\" \/>\n<meta property=\"og:type\" content=\"article\" \/>\n<meta property=\"og:title\" content=\"Accordion FAQ - Dodaj widget FAQ do strony Elementora (w 2 minuty)\" \/>\n<meta property=\"og:description\" content=\"Stw\u00f3rz spersonalizowany widget FAQ dotycz\u0105cy akordeonu dla witryny Elementor w zaledwie 2 minuty. Skorzystaj z najszybszej wersji demonstracyjnej wtyczek konfiguracyjnych firmy Elfsight, ca\u0142kowicie za darmo.\" \/>\n<meta property=\"og:url\" content=\"https:\/\/elfsight.com\/pl\/accordion-faq-widget\/elementor\/\" \/>\n<meta property=\"og:site_name\" content=\"Elfsight PL\" \/>\n<meta property=\"article:modified_time\" content=\"2024-11-14T09:32:57+00:00\" \/>\n<meta name=\"twitter:card\" content=\"summary_large_image\" \/>\n<meta name=\"twitter:label1\" content=\"Szacowany czas czytania\" \/>\n\t<meta name=\"twitter:data1\" content=\"2 minuty\" \/>\n<!-- \/ Yoast SEO plugin. -->","yoast_head_json":{"title":"Accordion FAQ - Dodaj widget FAQ do strony Elementora (w 2 minuty)","description":"Stw\u00f3rz spersonalizowany widget FAQ dotycz\u0105cy akordeonu dla witryny Elementor w zaledwie 2 minuty. Skorzystaj z najszybszej wersji demonstracyjnej wtyczek konfiguracyjnych firmy Elfsight, ca\u0142kowicie za darmo.","robots":{"index":"index","follow":"follow","max-snippet":"max-snippet:-1","max-image-preview":"max-image-preview:large","max-video-preview":"max-video-preview:-1"},"canonical":"https:\/\/elfsight.com\/pl\/accordion-faq-widget\/elementor\/","og_locale":"pl_PL","og_type":"article","og_title":"Accordion FAQ - Dodaj widget FAQ do strony Elementora (w 2 minuty)","og_description":"Stw\u00f3rz spersonalizowany widget FAQ dotycz\u0105cy akordeonu dla witryny Elementor w zaledwie 2 minuty. Skorzystaj z najszybszej wersji demonstracyjnej wtyczek konfiguracyjnych firmy Elfsight, ca\u0142kowicie za darmo.","og_url":"https:\/\/elfsight.com\/pl\/accordion-faq-widget\/elementor\/","og_site_name":"Elfsight PL","article_modified_time":"2024-11-14T09:32:57+00:00","twitter_card":"summary_large_image","twitter_misc":{"Szacowany czas czytania":"2 minuty"},"schema":{"@context":"https:\/\/schema.org","@graph":[{"@type":"WebPage","@id":"https:\/\/elfsight.com\/pl\/accordion-faq-widget\/elementor\/","url":"https:\/\/elfsight.com\/pl\/accordion-faq-widget\/elementor\/","name":"Accordion FAQ - Dodaj widget FAQ do strony Elementora (w 2 minuty)","isPartOf":{"@id":"https:\/\/elfsight.com\/pl\/#website"},"datePublished":"2024-05-03T06:36:42+00:00","dateModified":"2024-11-14T09:32:57+00:00","description":"Stw\u00f3rz spersonalizowany widget FAQ dotycz\u0105cy akordeonu dla witryny Elementor w zaledwie 2 minuty. Skorzystaj z najszybszej wersji demonstracyjnej wtyczek konfiguracyjnych firmy Elfsight, ca\u0142kowicie za darmo.","breadcrumb":{"@id":"https:\/\/elfsight.com\/pl\/accordion-faq-widget\/elementor\/#breadcrumb"},"inLanguage":"pl-PL","potentialAction":[{"@type":"ReadAction","target":["https:\/\/elfsight.com\/pl\/accordion-faq-widget\/elementor\/"]}]},{"@type":"BreadcrumbList","@id":"https:\/\/elfsight.com\/pl\/accordion-faq-widget\/elementor\/#breadcrumb","itemListElement":[{"@type":"ListItem","position":1,"name":"Home","item":"https:\/\/elfsight.com\/pl\/"},{"@type":"ListItem","position":2,"name":"FAQ","item":"https:\/\/elfsight.com\/pl\/accordion-faq-widget\/"},{"@type":"ListItem","position":3,"name":"FAQ &#8211; Elementor"}]},{"@type":"WebSite","@id":"https:\/\/elfsight.com\/pl\/#website","url":"https:\/\/elfsight.com\/pl\/","name":"Elfsight PL","description":"Just another Elfsight Sites site","potentialAction":[{"@type":"SearchAction","target":{"@type":"EntryPoint","urlTemplate":"https:\/\/elfsight.com\/pl\/?s={search_term_string}"},"query-input":{"@type":"PropertyValueSpecification","valueRequired":true,"valueName":"search_term_string"}}],"inLanguage":"pl-PL"}]}},"meta_box":{"industry":"","seo_heading":"","heading":"","description":"","cta_heading":"","cta_description":"","application":"2063","h1":"Cz\u0119sto zadawane pytania na temat akordeonu Elementor","h1_caption":"Podaj odpowiedzi na cz\u0119sto zadawane pytania w zorganizowanym formacie umo\u017cliwiaj\u0105cym przeszukiwanie, aby pom\u00f3c u\u017cytkownikom szybko i bez wysi\u0142ku znale\u017a\u0107 rozwi\u0105zania w witrynie Elementor.","application_category":[],"applications_title":"","applications_request_title":"","applications_request_button_text":"","hero_text":"","hero_video":"","hero_video_schema_markup":"","selling_points_title":"","selling_points_caption":"","selling_points":[],"selling_points_cta_text":"","features_title":"","features":"","ed_cta_examples_text":"","ed_cta_examples_hidden":"","ed_cta_demo_text":"","ed_cta_demo_hidden":"","why_caption":"","why_editor_title":"","why_editor_text":"","why_team_title":"","why_team_text":"","why_service_title":"","why_service_text":"","template_catalog_visible":"","template_catalog_title":"","template_catalog_text":"","template_catalog_categories_visible":"","demo_title":"Utw\u00f3rz wid\u017cet FAQ","demo_caption":"Skonfiguruj swoje FAQ i dodaj je za darmo do swojej witryny Elementor!","default_faq_hidden":"","app_template_category":[],"platform":"268","template_public_id":"","codecanyon_url":"","codecanyon_item_id":"","codecanyon_price":"","pricing_caption":"","pricing_elfsight_apps_hide_column":"","pricing_elfsight_apps_url":"","pricing_codecanyon_price_caption":"","integration_category":[],"integration_request_title":"","integration_request_cta":"","integration_platform":"","integrations":[],"platform_category":[],"video_schema_markup":"","price":"od 0 USD \/ miesi\u0105c","trial":"","benefits":[{"text":"Bezp\u0142atna pomoc w instalacji"},{"text":"Profesjonalna obs\u0142uga klienta"},{"text":"14-dniowa gwarancja zwrotu pieni\u0119dzy"}],"button_url":"#demo","button_target_blank":"","button_nofollow":"","attributes":[{"name":"Instaluje"},{"name":"Czu\u0142y"},{"name":"Kompatybilne przegl\u0105darki"}],"tags":[],"tags_disable_links":"","hide_more_platforms":"","video_object":"","demo_hide_cta":"","demo_hide_cloud_options":"","pricing_title":"","pricing":[{"pricing_icon":"platform","pricing_title":"Elementor widget","pricing_title_caption":"Wersja niezale\u017cna od platformy","pricing_price":"od 0 USD \/ miesi\u0105c","pricing_price_caption":"zacznij od bezp\u0142atnego planu","pricing_benefits":[{"text":"Nielimitowane strony internetowe"},{"text":"Ca\u0142odobowe wsparcie firmy i dobrze udokumentowane"},{"text":"Bezp\u0142atne wsparcie przy instalacji"},{"text":"Cena do z\u0142apania dla wielu aplikacji"}],"pricing_button_text":"Dodaj do witryny","pricing_button_url":"#demo"}],"related_apps_title":"","related_apps_hidden":"","author":"","image":[],"title":"","job":"","social_networks":[]},"_links":{"self":[{"href":"https:\/\/elfsight.com\/pl\/wp-json\/wp\/v2\/pages\/5151","targetHints":{"allow":["GET"]}}],"collection":[{"href":"https:\/\/elfsight.com\/pl\/wp-json\/wp\/v2\/pages"}],"about":[{"href":"https:\/\/elfsight.com\/pl\/wp-json\/wp\/v2\/types\/page"}],"author":[{"embeddable":true,"href":"https:\/\/elfsight.com\/pl\/wp-json\/wp\/v2\/users\/9"}],"replies":[{"embeddable":true,"href":"https:\/\/elfsight.com\/pl\/wp-json\/wp\/v2\/comments?post=5151"}],"version-history":[{"count":2,"href":"https:\/\/elfsight.com\/pl\/wp-json\/wp\/v2\/pages\/5151\/revisions"}],"predecessor-version":[{"id":7792,"href":"https:\/\/elfsight.com\/pl\/wp-json\/wp\/v2\/pages\/5151\/revisions\/7792"}],"up":[{"embeddable":true,"href":"https:\/\/elfsight.com\/pl\/wp-json\/wp\/v2\/pages\/2064"}],"wp:attachment":[{"href":"https:\/\/elfsight.com\/pl\/wp-json\/wp\/v2\/media?parent=5151"}],"curies":[{"name":"wp","href":"https:\/\/api.w.org\/{rel}","templated":true}]}}