{"id":5141,"date":"2024-05-03T06:36:36","date_gmt":"2024-05-03T06:36:36","guid":{"rendered":"https:\/\/elfsight.com\/pl\/?page_id=5141"},"modified":"2024-10-23T13:36:04","modified_gmt":"2024-10-23T13:36:04","slug":"godaddy","status":"publish","type":"page","link":"https:\/\/elfsight.com\/pl\/accordion-faq-widget\/godaddy\/","title":{"rendered":"FAQ &#8211; GoDaddy"},"content":{"rendered":"<div class=\"application-platform-content-item-description application-platform-content-item\" id=\"description\" data-nav-section=\"description\"> <h2>Umie\u015b\u0107 cz\u0119sto zadawane pytania w serwisie GoDaddy za pomoc\u0105 wid\u017cetu Elfsight<\/h2> <p>Wtyczka Elfsight FAQ to skuteczne narz\u0119dzie do \u0142atwego kszta\u0142towania informacyjnych cz\u0119sto zadawanych pyta\u0144 dla u\u017cytkownik\u00f3w Twoja strona internetowa. Zapewnij swoim klientom odpowiedzi na najcz\u0119\u015bciej zadawane pytania w przejrzystym i \u0142atwym w obs\u0142udze formacie, aby przewidzie\u0107 ich zapytania i zmniejszy\u0107 obci\u0105\u017cenie zespo\u0142u wsparcia. Podaj wi\u0119cej szczeg\u00f3\u0142\u00f3w na temat swoich produkt\u00f3w i warunk\u00f3w handlowych, aby rozwia\u0107 wszelkie w\u0105tpliwo\u015bci i nieporozumienia, a w rezultacie zwi\u0119kszy\u0107 zaufanie i sprzeda\u017c.<\/p> <p><b>Zwi\u0119ksz sprzeda\u017c, przewidywaj\u0105c pytania klient\u00f3w i eliminuj\u0105c przeszkody w zakupie!<\/b> <\/p> <\/div> <div class=\"application-platform-content-item-features application-platform-content-item\" id=\"features\" data-nav-section=\"features\"> <h2>Poni\u017cej podstawowe cechy wtyczki: <\/h2> <ul><li>3 gotowe uk\u0142ady: akordeon, lista, wielokolumna<\/li> <li>Uk\u0142ad harmonijkowy pokazuj\u0105cy odpowiedzi po klikni\u0119ciu<\/li><li>Uk\u0142ad listy wy\u015bwietlaj\u0105cy wszystkie pytania i odpowiedzi na raz<\/li><li>Uk\u0142ad wielokolumnowy do automatycznego rozk\u0142adania tre\u015bci na kolumny<\/li><li> 4 gotowe do u\u017cycia style z obramowaniami i cieniami<\/li><\/ul><p><a href=\"#demo\">Po prostu wypr\u00f3buj t\u0119 wersj\u0119 demonstracyjn\u0105, aby zobaczy\u0107, ile jest warta wtyczka<\/a><\/p> <\/div> <div class=\"application-platform-content-item-installation application-platform-content-item\" id=\"installation\" data-nav-section=\"installation\"> <h2>Jak doda\u0107 cz\u0119sto zadawane pytania do mojej witryny GoDaddy? <\/h2> <p>Wystarczy wykona\u0107 kilka krok\u00f3w podanych poni\u017cej, aby zintegrowa\u0107 narz\u0119dzie. <\/p> <ol><li><b>Wykonaj bezp\u0142atn\u0105 wersj\u0119 demonstracyjn\u0105 i rozpocznij tworzenie spersonalizowanej wtyczki. <\/b><br> Okre\u015bl niestandardow\u0105 form\u0119 i funkcjonalno\u015b\u0107 wtyczki i zapisz zmiany. <\/li> <li><b>Wy\u015bwietl sw\u00f3j osobisty kod w specjalnym formularzu w aplikacjach Elfsight. <\/b><br> Po zako\u0144czeniu tworzenia w\u0142asnej wtyczki skopiuj indywidualny kod w wy\u015bwietlonym oknie i zachowaj go na p\u00f3\u017aniej. <\/li> <li><b>Rozpocznij korzystanie z wtyczki na swojej stronie internetowej GoDaddy. <\/b><br> Umie\u015b\u0107 ostatnio zapisany kod na swojej stronie i zastosuj modyfikacje. <\/li> <li><b>Gotowe! Integracja zosta\u0142a pomy\u015blnie przeprowadzona. <\/b><br> Przejd\u017a na swoj\u0105 stron\u0119 i zobacz w akcji dzia\u0142anie wtyczki. <\/li><\/ol> <p>Je\u015bli masz pytania lub napotkasz jakiekolwiek przeszkody, skontaktuj si\u0119 z naszym zespo\u0142em pomocy. Nasi specjali\u015bci z przyjemno\u015bci\u0105 pomog\u0105 Ci we wszystkich problemach, jakie mo\u017cesz mie\u0107 z produktem. <\/p> <div class=\"faq\" data-component=\"FAQ\"><div class=\"faq-item\">\r\n\t\t\t\t\t<div class=\"faq-item-question\">\r\n\t\t\t\t\t\t<h3 class=\"faq-item-question-text\">Jak doda\u0107 cz\u0119sto zadawane pytania do mojej witryny GoDaddy bez umiej\u0119tno\u015bci kodowania?<\/h3>\r\n\r\n\t\t\t\t\t\t<div class=\"faq-item-question-icon\"><\/div>\r\n\t\t\t\t\t<\/div>\r\n\r\n\t\t\t\t\t<div class=\"faq-item-answer\">\r\n\t\t\t\t\t\t<div class=\"faq-item-answer-text\"> <p>Elfsight zapewnia rozwi\u0105zanie SaaS, kt\u00f3re pozwala samodzielnie utworzy\u0107 wid\u017cet cz\u0119sto zadawanych pyta\u0144. Zobacz, jak \u0142atwy jest ten proces : Pracuj bezpo\u015brednio w edytorze online, aby utworzy\u0107 wid\u017cet z cz\u0119sto zadawanymi pytaniami, kt\u00f3ry chcesz zobaczy\u0107 w swojej witrynie GoDaddy. Wybierz jeden z gotowych szablon\u00f3w i dostosuj ustawienia FAQ, dodaj tre\u015b\u0107, zmie\u0144 uk\u0142ad i kolory bez umiej\u0119tno\u015bci kodowania. Zapisz FAQ i skopiuj jego kod instalacyjny, kt\u00f3ry mo\u017cesz po prostu doda\u0107 na swojej stronie GoDaddy, bez konieczno\u015bci kupowania p\u0142atnego planu. Dzi\u0119ki naszemu intuicyjnemu edytorowi ka\u017cdy u\u017cytkownik Internetu mo\u017ce stworzy\u0107 wid\u017cet FAQ online i \u0142atwo osadzi\u0107 go na swojej stronie internetowej GoDaddy. Aby uzyska\u0107 dost\u0119p do us\u0142ugi, nie trzeba p\u0142aci\u0107 ani wprowadza\u0107 danych uwierzytelniaj\u0105cych karty. Je\u015bli na kt\u00f3rymkolwiek etapie napotkasz jakiekolwiek problemy, skontaktuj si\u0119 z naszym zespo\u0142em pomocy technicznej.<\/p> <\/div>\r\n\t\t\t\t\t<\/div>\r\n\t\t\t\t<\/div> <\/div><\/div>","protected":false},"excerpt":{"rendered":"","protected":false},"author":9,"featured_media":0,"parent":2064,"menu_order":0,"comment_status":"closed","ping_status":"closed","template":"templates\/template-application-platform.php","meta":{"publish_to_discourse":"","publish_post_category":"","wpdc_auto_publish_overridden":"","wpdc_topic_tags":"","wpdc_pin_topic":"","wpdc_pin_until":"","discourse_post_id":"","discourse_permalink":"","wpdc_publishing_response":"","wpdc_publishing_error":"","footnotes":""},"class_list":["post-5141","page","type-page","status-publish","hentry"],"yoast_head":"<!-- This site is optimized with the Yoast SEO plugin v25.3.1 - https:\/\/yoast.com\/wordpress\/plugins\/seo\/ -->\n<title>Wtyczka FAQ - Dodaj wtyczk\u0119 FAQ do witryny GoDaddy!<\/title>\n<meta name=\"description\" content=\"Zdob\u0105d\u017a dostosowan\u0105 wtyczk\u0119 FAQ dla GoDaddy w ci\u0105gu zaledwie kilku minut. Przetestuj naj\u0142atwiejsze demo do generowania wtyczek przez Elfsight.\" \/>\n<meta name=\"robots\" content=\"index, follow, max-snippet:-1, max-image-preview:large, max-video-preview:-1\" \/>\n<link rel=\"canonical\" href=\"https:\/\/elfsight.com\/pl\/accordion-faq-widget\/godaddy\/\" \/>\n<meta property=\"og:locale\" content=\"pl_PL\" \/>\n<meta property=\"og:type\" content=\"article\" \/>\n<meta property=\"og:title\" content=\"Wtyczka FAQ - Dodaj wtyczk\u0119 FAQ do witryny GoDaddy!\" \/>\n<meta property=\"og:description\" content=\"Zdob\u0105d\u017a dostosowan\u0105 wtyczk\u0119 FAQ dla GoDaddy w ci\u0105gu zaledwie kilku minut. Przetestuj naj\u0142atwiejsze demo do generowania wtyczek przez Elfsight.\" \/>\n<meta property=\"og:url\" content=\"https:\/\/elfsight.com\/pl\/accordion-faq-widget\/godaddy\/\" \/>\n<meta property=\"og:site_name\" content=\"Elfsight PL\" \/>\n<meta property=\"article:modified_time\" content=\"2024-10-23T13:36:04+00:00\" \/>\n<meta name=\"twitter:card\" content=\"summary_large_image\" \/>\n<meta name=\"twitter:label1\" content=\"Szacowany czas czytania\" \/>\n\t<meta name=\"twitter:data1\" content=\"3 minuty\" \/>\n<!-- \/ Yoast SEO plugin. -->","yoast_head_json":{"title":"Wtyczka FAQ - Dodaj wtyczk\u0119 FAQ do witryny GoDaddy!","description":"Zdob\u0105d\u017a dostosowan\u0105 wtyczk\u0119 FAQ dla GoDaddy w ci\u0105gu zaledwie kilku minut. Przetestuj naj\u0142atwiejsze demo do generowania wtyczek przez Elfsight.","robots":{"index":"index","follow":"follow","max-snippet":"max-snippet:-1","max-image-preview":"max-image-preview:large","max-video-preview":"max-video-preview:-1"},"canonical":"https:\/\/elfsight.com\/pl\/accordion-faq-widget\/godaddy\/","og_locale":"pl_PL","og_type":"article","og_title":"Wtyczka FAQ - Dodaj wtyczk\u0119 FAQ do witryny GoDaddy!","og_description":"Zdob\u0105d\u017a dostosowan\u0105 wtyczk\u0119 FAQ dla GoDaddy w ci\u0105gu zaledwie kilku minut. Przetestuj naj\u0142atwiejsze demo do generowania wtyczek przez Elfsight.","og_url":"https:\/\/elfsight.com\/pl\/accordion-faq-widget\/godaddy\/","og_site_name":"Elfsight PL","article_modified_time":"2024-10-23T13:36:04+00:00","twitter_card":"summary_large_image","twitter_misc":{"Szacowany czas czytania":"3 minuty"},"schema":{"@context":"https:\/\/schema.org","@graph":[{"@type":"WebPage","@id":"https:\/\/elfsight.com\/pl\/accordion-faq-widget\/godaddy\/","url":"https:\/\/elfsight.com\/pl\/accordion-faq-widget\/godaddy\/","name":"Wtyczka FAQ - Dodaj wtyczk\u0119 FAQ do witryny GoDaddy!","isPartOf":{"@id":"https:\/\/elfsight.com\/pl\/#website"},"datePublished":"2024-05-03T06:36:36+00:00","dateModified":"2024-10-23T13:36:04+00:00","description":"Zdob\u0105d\u017a dostosowan\u0105 wtyczk\u0119 FAQ dla GoDaddy w ci\u0105gu zaledwie kilku minut. Przetestuj naj\u0142atwiejsze demo do generowania wtyczek przez Elfsight.","breadcrumb":{"@id":"https:\/\/elfsight.com\/pl\/accordion-faq-widget\/godaddy\/#breadcrumb"},"inLanguage":"pl-PL","potentialAction":[{"@type":"ReadAction","target":["https:\/\/elfsight.com\/pl\/accordion-faq-widget\/godaddy\/"]}]},{"@type":"BreadcrumbList","@id":"https:\/\/elfsight.com\/pl\/accordion-faq-widget\/godaddy\/#breadcrumb","itemListElement":[{"@type":"ListItem","position":1,"name":"Home","item":"https:\/\/elfsight.com\/pl\/"},{"@type":"ListItem","position":2,"name":"FAQ","item":"https:\/\/elfsight.com\/pl\/accordion-faq-widget\/"},{"@type":"ListItem","position":3,"name":"FAQ &#8211; GoDaddy"}]},{"@type":"WebSite","@id":"https:\/\/elfsight.com\/pl\/#website","url":"https:\/\/elfsight.com\/pl\/","name":"Elfsight PL","description":"Just another Elfsight Sites site","potentialAction":[{"@type":"SearchAction","target":{"@type":"EntryPoint","urlTemplate":"https:\/\/elfsight.com\/pl\/?s={search_term_string}"},"query-input":{"@type":"PropertyValueSpecification","valueRequired":true,"valueName":"search_term_string"}}],"inLanguage":"pl-PL"}]}},"meta_box":{"industry":"","seo_heading":"","heading":"","description":"","cta_heading":"","cta_description":"","application":"2063","h1":"Wtyczka GoDaddy z cz\u0119sto zadawanymi pytaniami","h1_caption":"Podaj odpowiedzi na cz\u0119sto zadawane pytania w zorganizowanym formacie umo\u017cliwiaj\u0105cym przeszukiwanie, aby pom\u00f3c u\u017cytkownikom szybko i bez wysi\u0142ku znale\u017a\u0107 rozwi\u0105zania w Twojej witrynie GoDaddy.","application_category":[],"applications_title":"","applications_request_title":"","applications_request_button_text":"","hero_text":"","hero_video":"","hero_video_schema_markup":"","selling_points_title":"","selling_points_caption":"","selling_points":[],"selling_points_cta_text":"","features_title":"","features":"","ed_cta_examples_text":"","ed_cta_examples_hidden":"","ed_cta_demo_text":"","ed_cta_demo_hidden":"","why_caption":"","why_editor_title":"","why_editor_text":"","why_team_title":"","why_team_text":"","why_service_title":"","why_service_text":"","template_catalog_visible":"","template_catalog_title":"","template_catalog_text":"","template_catalog_categories_visible":"","demo_title":"Nie wahaj si\u0119 i utw\u00f3rz w\u0142asne cz\u0119sto zadawane pytania dotycz\u0105ce GoDaddy","demo_caption":"Spersonalizuj go i dodaj na swoj\u0105 stron\u0119, korzystaj\u0105c z wersji demonstracyjnej na \u017cywo.","default_faq_hidden":"","app_template_category":[],"platform":"180","template_public_id":"","codecanyon_url":"","codecanyon_item_id":"","codecanyon_price":"","pricing_caption":"","pricing_elfsight_apps_hide_column":"","pricing_elfsight_apps_url":"","pricing_codecanyon_price_caption":"","integration_category":[],"integration_request_title":"","integration_request_cta":"","integration_platform":"","integrations":[],"platform_category":[],"video_schema_markup":"","price":"od 0 USD \/ miesi\u0105c","trial":"","benefits":[{"text":"Bezp\u0142atna us\u0142uga monta\u017cu"},{"text":"Profesjonalna obs\u0142uga klienta"},{"text":"14-dniowa gwarancja zwrotu pieni\u0119dzy"}],"button_url":"#demo","button_target_blank":"","button_nofollow":"","attributes":[{"name":"Instaluje"},{"name":"Czu\u0142y"},{"name":"Kompatybilne przegl\u0105darki"}],"tags":[],"tags_disable_links":"","hide_more_platforms":"","video_object":"","demo_hide_cta":"","demo_hide_cloud_options":"","pricing_title":"","pricing":[{"pricing_icon":"platform","pricing_title":"Elfsight Apps","pricing_title_caption":"Wieloplatformowe rozwi\u0105zanie cyfrowe, kt\u00f3re dzia\u0142a na ka\u017cdej stronie internetowej","pricing_price":"od 0 USD \/ miesi\u0105c","pricing_price_caption":"zacznij od bezp\u0142atnego planu","pricing_benefits":[{"text":"Nielimitowane domeny"},{"text":"Wsparcie premium, terminowe i dobrze udokumentowane"},{"text":"Bezp\u0142atna pomoc w monta\u017cu"},{"text":"W pe\u0142ni konfigurowalny"}],"pricing_button_text":"Dodaj do witryny","pricing_button_url":"#demo"}],"related_apps_title":"","related_apps_hidden":"","author":"","image":[],"title":"","job":"","social_networks":[]},"_links":{"self":[{"href":"https:\/\/elfsight.com\/pl\/wp-json\/wp\/v2\/pages\/5141","targetHints":{"allow":["GET"]}}],"collection":[{"href":"https:\/\/elfsight.com\/pl\/wp-json\/wp\/v2\/pages"}],"about":[{"href":"https:\/\/elfsight.com\/pl\/wp-json\/wp\/v2\/types\/page"}],"author":[{"embeddable":true,"href":"https:\/\/elfsight.com\/pl\/wp-json\/wp\/v2\/users\/9"}],"replies":[{"embeddable":true,"href":"https:\/\/elfsight.com\/pl\/wp-json\/wp\/v2\/comments?post=5141"}],"version-history":[{"count":1,"href":"https:\/\/elfsight.com\/pl\/wp-json\/wp\/v2\/pages\/5141\/revisions"}],"predecessor-version":[{"id":5145,"href":"https:\/\/elfsight.com\/pl\/wp-json\/wp\/v2\/pages\/5141\/revisions\/5145"}],"up":[{"embeddable":true,"href":"https:\/\/elfsight.com\/pl\/wp-json\/wp\/v2\/pages\/2064"}],"wp:attachment":[{"href":"https:\/\/elfsight.com\/pl\/wp-json\/wp\/v2\/media?parent=5141"}],"curies":[{"name":"wp","href":"https:\/\/api.w.org\/{rel}","templated":true}]}}