{"id":5133,"date":"2024-05-03T06:36:32","date_gmt":"2024-05-03T06:36:32","guid":{"rendered":"https:\/\/elfsight.com\/pl\/?page_id=5133"},"modified":"2025-06-24T13:08:28","modified_gmt":"2025-06-24T13:08:28","slug":"blogger","status":"publish","type":"page","link":"https:\/\/elfsight.com\/pl\/facebook-reviews-widget\/blogger\/","title":{"rendered":"Facebook Reviews &#8211; Blogger"},"content":{"rendered":"<div class=\"application-platform-content-item-description application-platform-content-item\" id=\"description\" data-nav-section=\"description\"><h2>Opis<\/h2><p>Recenzje Elfsight na Facebooku to \u0142atwy spos\u00f3b na dodanie recenzji z Twojej strony na Facebooku do Twojej strony internetowej i zwi\u0119kszenie poziomu zaufania do Twojej firmy przez klient\u00f3w witryny internetowej. Mo\u017cesz uporz\u0105dkowa\u0107 recenzje, doda\u0107 ocen\u0119 w postaci gwiazdek, informacje o autorze i przycisk umo\u017cliwiaj\u0105cy pozostawienie jeszcze jednej recenzji. Wid\u017cet Recenzje na Facebooku Elfsight ma r\u00f3\u017cne uk\u0142ady i szablony recenzji, prze\u0142\u0105czalne elementy interfejsu i elastyczny nag\u0142\u00f3wek umo\u017cliwiaj\u0105cy doskona\u0142e dostosowanie. Dzi\u0119ki Twoim recenzjom na Facebooku w witrynie mo\u017cesz si\u0119 pochwali\u0107 du\u017cym uznaniem, zwi\u0119kszy\u0107 pewno\u015b\u0107 siebie i uzyska\u0107 jeszcze wi\u0119cej recenzji.<\/p><p><b>Przedstaw swoje recenzje z Facebooka w witrynie, aby wyrazi\u0107 swoje uznanie!<\/b> <\/p><ul><li><b>Podnie\u015b postrzegan\u0105 warto\u015b\u0107 swoich produkt\u00f3w dzi\u0119ki najlepszym recenzjom<\/b><br>Zastosuj filtry, aby ukry\u0107 wszystkie negatywne recenzje i zapewni\u0107 odwiedzaj\u0105cym 100% pewno\u015bci co do doskona\u0142o\u015bci Twoich ofert .<\/li><li><b>Przyci\u0105gaj nowe sprzeda\u017ce, chwal\u0105c si\u0119 swoj\u0105 doskona\u0142\u0105 ocen\u0105<\/b><br>Poka\u017c swoje wysokie oceny i pozytywne recenzje, aby przekona\u0107 u\u017cytkownik\u00f3w, \u017ce Twoje produkty s\u0105 warte zakupu i przyci\u0105gn\u0105\u0107 now\u0105 sprzeda\u017c.<\/li> <li><b>Uzyskaj lepsze zrozumienie swoich ofert<\/b><br>Prezentacja swoich produkt\u00f3w na podstawie do\u015bwiadcze\u0144 klient\u00f3w pomo\u017ce u\u017cytkownikom lepiej je zrozumie\u0107.<\/li><\/ul><\/div> <div class=\"application-platform-content-item-features application-platform-content-item\" id=\"features\" data-nav-section=\"features\"><h2>Funkcje<\/h2><p>Istotne cechy wyr\u00f3\u017cniaj\u0105ce nasz widget, dzi\u0119ki kt\u00f3rym jest on doskonale op\u0142acalnym narz\u0119dziem do dodawania wtyczki na Bloggerze:<\/p><ul><li>Osadzanie recenzji klient\u00f3w ze strony na Facebooku;<\/li><li>Klasyczne lub murowane typy uk\u0142adu siatki;<\/li><li>Trzy szablony recenzji: Klasyczny, B\u0105belkowy, Spotlight;<\/li><li>\u0141\u0105cza obs\u0142ugiwane w wiadomo\u015b\u0107 o odrzuceniu pro\u015bby o recenzj\u0119;<\/li><li>6 prze\u0142\u0105czalnych element\u00f3w recenzji: imi\u0119 i zdj\u0119cie autora, rekomendacja, data, ikona Facebooka i liczba gwiazdek;<\/li><\/ul><p><a href=\"#demo\">Sprawd\u017a g\u0142\u00f3wne funkcje naszego edytora<\/a><\/p><\/div><div class=\"application-platform-content-item-installation application-platform-content-item\" id=\"installation\" data-nav-section=\"installation\"><h2>Jak doda\u0107 recenzje z Facebooka do witryny Bloggera<\/h2><div class=\"video-container\"><iframe width=\"720\" height=\"405\" src=\"https:\/\/www.youtube.com\/embed\/6o3r1Dbs-HA\" frameborder=\"0\" allowfullscreen=\"\"><\/iframe><\/div><p>Zrozumia\u0142a instrukcja instalacji widgetu dla witryny bez umiej\u0119tno\u015bci programowania. Sumaryczny czas wykonywania przewodnika nie przekracza 70 sekund.<\/p><ol><li><b>Tw\u00f3rz swoje indywidualne recenzje<\/b><br>Korzystaj\u0105c z naszego darmowego edytora, wygeneruj wtyczk\u0119 z wymaganym szablonem i mo\u017cliwo\u015bciami.<\/li><li><b>Skopiuj kod do opublikowania wtyczki<\/b><br>Po wygenerowaniu wid\u017cetu Otrzymaj kod do wtyczki Recenzje z wyskakuj\u0105cego powiadomienia w aplikacjach Elfsight.<\/li><li><b> Opublikuj wtyczk\u0119 w witrynie Bloggera<\/b><br>Ods\u0142o\u0144 wtyczk\u0119 w wybranym miejscu strony i zastosuj zmiany.<\/li><li><b>Gotowe!<\/b><br>Przejd\u017a do swojego witryny, aby zobaczy\u0107 swoje recenzje.<\/li><\/ol><p>Nie mo\u017cesz doda\u0107 lub wy\u015bwietli\u0107 wtyczki na stronie internetowej? Skontaktuj si\u0119 z naszym zespo\u0142em pomocy.<\/p><div class=\"faq\" data-component=\"FAQ\"> <div class=\"faq-item\">\r\n\t\t\t\t\t<div class=\"faq-item-question\">\r\n\t\t\t\t\t\t<h3 class=\"faq-item-question-text\">Jak mog\u0119 doda\u0107 recenzje z Facebooka do mojej witryny Bloggera bez umiej\u0119tno\u015bci kodowania?<\/h3>\r\n\r\n\t\t\t\t\t\t<div class=\"faq-item-question-icon\"><\/div>\r\n\t\t\t\t\t<\/div>\r\n\r\n\t\t\t\t\t<div class=\"faq-item-answer\">\r\n\t\t\t\t\t\t<div class=\"faq-item-answer-text\"> <p>Elfsight zapewnia rozwi\u0105zanie SaaS, kt\u00f3re umo\u017cliwia samodzielne utworzenie wid\u017cetu Recenzje na Facebooku , przekonaj si\u0119, jakie to proste: Pracuj bezpo\u015brednio w edytorze online, aby utworzy\u0107 wid\u017cet Recenzje na Facebooku, kt\u00f3ry chcesz widzie\u0107 w swojej witrynie Bloggera. Wybierz jeden z gotowych szablon\u00f3w i dostosuj ustawienia Recenzji na Facebooku, dodaj tre\u015b\u0107, zmie\u0144 uk\u0142ad i kolory bez umiej\u0119tno\u015bci kodowania. Zapisz recenzje na Facebooku i skopiuj ich kod instalacyjny, kt\u00f3ry mo\u017cesz \u0142atwo umie\u015bci\u0107 na swojej stronie Bloggera bez konieczno\u015bci kupowania wersji p\u0142atnej. Dzi\u0119ki naszemu intuicyjnemu edytorowi ka\u017cdy u\u017cytkownik Internetu mo\u017ce stworzy\u0107 wid\u017cet Recenzje na Facebooku online i \u0142atwo osadzi\u0107 go na swojej stronie Bloggera. Aby uzyska\u0107 dost\u0119p do us\u0142ugi, nie trzeba p\u0142aci\u0107 ani wprowadza\u0107 danych uwierzytelniaj\u0105cych karty. Je\u015bli na kt\u00f3rymkolwiek etapie napotkasz jakiekolwiek problemy, skontaktuj si\u0119 z naszym zespo\u0142em pomocy technicznej.<\/p> <\/div>\r\n\t\t\t\t\t<\/div>\r\n\t\t\t\t<\/div> <\/div> <\/div>\n","protected":false},"excerpt":{"rendered":"","protected":false},"author":9,"featured_media":0,"parent":1078,"menu_order":0,"comment_status":"closed","ping_status":"closed","template":"templates\/template-application-platform.php","meta":{"publish_to_discourse":"","publish_post_category":"","wpdc_auto_publish_overridden":"","wpdc_topic_tags":"","wpdc_pin_topic":"","wpdc_pin_until":"","discourse_post_id":"","discourse_permalink":"","wpdc_publishing_response":"","wpdc_publishing_error":"","footnotes":""},"class_list":["post-5133","page","type-page","status-publish","hentry"],"yoast_head":"<!-- This site is optimized with the Yoast SEO plugin v25.3.1 - https:\/\/yoast.com\/wordpress\/plugins\/seo\/ -->\n<title>Najlepszy wid\u017cet Recenzje Facebooka dla witryny Bloggera (2025)<\/title>\n<meta name=\"description\" content=\"Przetestuj ten premium widget Recenzje na Facebooku dla witryny Bloggera ju\u017c teraz! Zaprojektuj indywidualny widget na Elfsight w zaledwie 1 minut\u0119.\" \/>\n<meta name=\"robots\" content=\"index, follow, max-snippet:-1, max-image-preview:large, max-video-preview:-1\" \/>\n<link rel=\"canonical\" href=\"https:\/\/elfsight.com\/pl\/facebook-reviews-widget\/blogger\/\" \/>\n<meta property=\"og:locale\" content=\"pl_PL\" \/>\n<meta property=\"og:type\" content=\"article\" \/>\n<meta property=\"og:title\" content=\"Najlepszy wid\u017cet Recenzje Facebooka dla witryny Bloggera (2025)\" \/>\n<meta property=\"og:description\" content=\"Przetestuj ten premium widget Recenzje na Facebooku dla witryny Bloggera ju\u017c teraz! Zaprojektuj indywidualny widget na Elfsight w zaledwie 1 minut\u0119.\" \/>\n<meta property=\"og:url\" content=\"https:\/\/elfsight.com\/pl\/facebook-reviews-widget\/blogger\/\" \/>\n<meta property=\"og:site_name\" content=\"Elfsight PL\" \/>\n<meta property=\"article:modified_time\" content=\"2025-06-24T13:08:28+00:00\" \/>\n<meta name=\"twitter:card\" content=\"summary_large_image\" \/>\n<meta name=\"twitter:label1\" content=\"Szacowany czas czytania\" \/>\n\t<meta name=\"twitter:data1\" content=\"3 minuty\" \/>\n<!-- \/ Yoast SEO plugin. -->","yoast_head_json":{"title":"Najlepszy wid\u017cet Recenzje Facebooka dla witryny Bloggera (2025)","description":"Przetestuj ten premium widget Recenzje na Facebooku dla witryny Bloggera ju\u017c teraz! Zaprojektuj indywidualny widget na Elfsight w zaledwie 1 minut\u0119.","robots":{"index":"index","follow":"follow","max-snippet":"max-snippet:-1","max-image-preview":"max-image-preview:large","max-video-preview":"max-video-preview:-1"},"canonical":"https:\/\/elfsight.com\/pl\/facebook-reviews-widget\/blogger\/","og_locale":"pl_PL","og_type":"article","og_title":"Najlepszy wid\u017cet Recenzje Facebooka dla witryny Bloggera (2025)","og_description":"Przetestuj ten premium widget Recenzje na Facebooku dla witryny Bloggera ju\u017c teraz! Zaprojektuj indywidualny widget na Elfsight w zaledwie 1 minut\u0119.","og_url":"https:\/\/elfsight.com\/pl\/facebook-reviews-widget\/blogger\/","og_site_name":"Elfsight PL","article_modified_time":"2025-06-24T13:08:28+00:00","twitter_card":"summary_large_image","twitter_misc":{"Szacowany czas czytania":"3 minuty"},"schema":{"@context":"https:\/\/schema.org","@graph":[{"@type":"WebPage","@id":"https:\/\/elfsight.com\/pl\/facebook-reviews-widget\/blogger\/","url":"https:\/\/elfsight.com\/pl\/facebook-reviews-widget\/blogger\/","name":"Najlepszy wid\u017cet Recenzje Facebooka dla witryny Bloggera (2025)","isPartOf":{"@id":"https:\/\/elfsight.com\/pl\/#website"},"datePublished":"2024-05-03T06:36:32+00:00","dateModified":"2025-06-24T13:08:28+00:00","description":"Przetestuj ten premium widget Recenzje na Facebooku dla witryny Bloggera ju\u017c teraz! Zaprojektuj indywidualny widget na Elfsight w zaledwie 1 minut\u0119.","breadcrumb":{"@id":"https:\/\/elfsight.com\/pl\/facebook-reviews-widget\/blogger\/#breadcrumb"},"inLanguage":"pl-PL","potentialAction":[{"@type":"ReadAction","target":["https:\/\/elfsight.com\/pl\/facebook-reviews-widget\/blogger\/"]}]},{"@type":"BreadcrumbList","@id":"https:\/\/elfsight.com\/pl\/facebook-reviews-widget\/blogger\/#breadcrumb","itemListElement":[{"@type":"ListItem","position":1,"name":"Home","item":"https:\/\/elfsight.com\/pl\/"},{"@type":"ListItem","position":2,"name":"Facebook Reviews","item":"https:\/\/elfsight.com\/pl\/facebook-reviews-widget\/"},{"@type":"ListItem","position":3,"name":"Facebook Reviews &#8211; Blogger"}]},{"@type":"WebSite","@id":"https:\/\/elfsight.com\/pl\/#website","url":"https:\/\/elfsight.com\/pl\/","name":"Elfsight PL","description":"Just another Elfsight Sites site","potentialAction":[{"@type":"SearchAction","target":{"@type":"EntryPoint","urlTemplate":"https:\/\/elfsight.com\/pl\/?s={search_term_string}"},"query-input":{"@type":"PropertyValueSpecification","valueRequired":true,"valueName":"search_term_string"}}],"inLanguage":"pl-PL"}]}},"meta_box":{"industry":"","seo_heading":"","heading":"","description":"","cta_heading":"","cta_description":"","application":"1077","h1":"Widget Recenzje Bloggera na Facebooku","h1_caption":"Osadzaj recenzje klient\u00f3w ze swojej strony na Facebooku bezpo\u015brednio w swojej witrynie, aby bez wysi\u0142ku zwi\u0119kszy\u0107 zaufanie i dow\u00f3d spo\u0142eczny w swojej witrynie Bloggera.","application_category":[],"applications_title":"","applications_request_title":"","applications_request_button_text":"","hero_text":"","hero_video":"","hero_video_schema_markup":"","selling_points_title":"","selling_points_caption":"","selling_points":[],"selling_points_cta_text":"","features_title":"","features":"","ed_cta_examples_text":"","ed_cta_examples_hidden":"","ed_cta_demo_text":"","ed_cta_demo_hidden":"","why_caption":"","why_editor_title":"","why_editor_text":"","why_team_title":"","why_team_text":"","why_service_title":"","why_service_text":"","template_catalog_visible":"0","template_catalog_title":"","template_catalog_text":"","template_catalog_categories_visible":"","demo_title":"Utw\u00f3rz wid\u017cet Recenzje na Facebooku","demo_caption":"Skonfiguruj swoje recenzje na Facebooku i dodaj je do swojej witryny Bloggera za darmo!","default_faq_hidden":"","app_template_category":[],"platform":"44","template_public_id":"","codecanyon_url":"","codecanyon_item_id":"","codecanyon_price":"","pricing_caption":"","pricing_elfsight_apps_hide_column":"","pricing_elfsight_apps_url":"","pricing_codecanyon_price_caption":"","integration_category":[],"integration_request_title":"","integration_request_cta":"","integration_platform":"","integrations":[],"platform_category":[],"video_schema_markup":"","price":"od 0 USD \/ miesi\u0105c","trial":"","benefits":[{"text":"Bezp\u0142atna pomoc w monta\u017cu"},{"text":"Kompetentna obs\u0142uga klienta"},{"text":"14-dniowa gwarancja zwrotu pieni\u0119dzy"}],"button_url":"#demo","button_target_blank":"0","button_nofollow":"0","attributes":[{"name":"Instaluje"},{"name":"Czu\u0142y"},{"name":"Kompatybilne przegl\u0105darki"}],"tags":[],"tags_disable_links":"0","hide_more_platforms":"0","video_object":"","demo_hide_cta":"0","demo_hide_cloud_options":"0","pricing_title":"","pricing":[{"pricing_icon":"platform","pricing_title":"Elfsight Apps","pricing_title_caption":"Oprogramowanie niezale\u017cne od platformy, kt\u00f3re dzia\u0142a na dowolnej witrynie","pricing_price":"od 0 USD \/ miesi\u0105c","pricing_price_caption":"zacznij od bezp\u0142atnego planu","pricing_benefits":[{"text":"Nielimitowane strony internetowe"},{"text":"Profesjonalna obs\u0142uga klienta i dobrze udokumentowana"},{"text":"Bezp\u0142atna us\u0142uga monta\u017cu"},{"text":"W pe\u0142ni konfigurowalny"}],"pricing_button_text":"Dodaj do witryny","pricing_button_url":"#demo"}],"related_apps_title":"","related_apps_hidden":"0","author":"","image":[],"title":"","job":"","social_networks":[]},"_links":{"self":[{"href":"https:\/\/elfsight.com\/pl\/wp-json\/wp\/v2\/pages\/5133","targetHints":{"allow":["GET"]}}],"collection":[{"href":"https:\/\/elfsight.com\/pl\/wp-json\/wp\/v2\/pages"}],"about":[{"href":"https:\/\/elfsight.com\/pl\/wp-json\/wp\/v2\/types\/page"}],"author":[{"embeddable":true,"href":"https:\/\/elfsight.com\/pl\/wp-json\/wp\/v2\/users\/9"}],"replies":[{"embeddable":true,"href":"https:\/\/elfsight.com\/pl\/wp-json\/wp\/v2\/comments?post=5133"}],"version-history":[{"count":3,"href":"https:\/\/elfsight.com\/pl\/wp-json\/wp\/v2\/pages\/5133\/revisions"}],"predecessor-version":[{"id":10410,"href":"https:\/\/elfsight.com\/pl\/wp-json\/wp\/v2\/pages\/5133\/revisions\/10410"}],"up":[{"embeddable":true,"href":"https:\/\/elfsight.com\/pl\/wp-json\/wp\/v2\/pages\/1078"}],"wp:attachment":[{"href":"https:\/\/elfsight.com\/pl\/wp-json\/wp\/v2\/media?parent=5133"}],"curies":[{"name":"wp","href":"https:\/\/api.w.org\/{rel}","templated":true}]}}