{"id":5125,"date":"2024-05-03T06:36:28","date_gmt":"2024-05-03T06:36:28","guid":{"rendered":"https:\/\/elfsight.com\/pl\/?page_id=5125"},"modified":"2024-11-14T12:42:54","modified_gmt":"2024-11-14T12:42:54","slug":"html","status":"publish","type":"page","link":"https:\/\/elfsight.com\/pl\/facebook-reviews-widget\/html\/","title":{"rendered":"Facebook Reviews &#8211; HTML"},"content":{"rendered":"<div class=\"application-platform-content-item-description application-platform-content-item\" id=\"description\" data-nav-section=\"description\"><h2>Opis<\/h2><p>Przedstaw swoje opinie klient\u00f3w z Facebooka w witrynie za pomoc\u0105 Elfsight Facebook Reviews i udowodnij, \u017ce ludzie ufaj\u0105 Tobie . Odwiedzaj\u0105cy witryn\u0119 dowiedz\u0105 si\u0119, co ludzie m\u00f3wi\u0105 o Twojej firmie na Facebooku, za pomoc\u0105 wid\u017cetu ze zr\u00f3wnowa\u017conym interfejsem i oryginalnymi danymi z Facebooka. Interfejs jest adaptacyjny i zawiera ocen\u0119 w postaci gwiazdek, dane autora, prze\u0142\u0105czalne elementy oraz predefiniowane opcje uk\u0142adu i szablonu. Dzi\u0119ki Recenzjom Elfsight na Facebooku mo\u017cesz wy\u015bwietli\u0107 przycisk umo\u017cliwiaj\u0105cy pozostawienie nowej recenzji i zebranie opinii klient\u00f3w.<\/p><p>Zdob\u0105d\u017a wi\u0119cej opinii klient\u00f3w, prezentuj\u0105c recenzje na Facebooku z opcj\u0105 dodawania nowych!<\/p><ul><li><b>Zwi\u0119ksz zaufanie, pokazuj\u0105c recenzje prawdziwych klient\u00f3w<\/b><br>Przekonaj u\u017cytkownik\u00f3w, \u017ce Twoje recenzje s\u0105 prawdziwe, korzystaj\u0105c z pe\u0142nych danych autora i zwi\u0119ksz zaufanie do swojej marki.<\/li><li><b>Przyci\u0105gaj wi\u0119cej zakup\u00f3w, chwal\u0105c si\u0119 Twoj\u0105 doskona\u0142\u0105 ocen\u0105<\/b><br>Poka\u017c swoje doskona\u0142e oceny i doskona\u0142e recenzje, aby udowodni\u0107, \u017ce Twoje produkty s\u0105 warte zakupu i przyci\u0105gn\u0105\u0107 wi\u0119cej zakup\u00f3w.<\/li><li><b>Uzyskaj lepsze zrozumienie swoich ofert<\/b><br>Pokazanie swoich produkt\u00f3w i us\u0142ug na podstawie do\u015bwiadcze\u0144 klient\u00f3w pomo\u017ce u\u017cytkownikom lepiej je zrozumie\u0107.<\/li><\/ul><\/div><div class=\"application-platform-content-item-features application-platform-content-item\" id=\"features\" data-nav-section=\"features\"><h2>Funkcje <\/h2><p>5 zalet, kt\u00f3re czyni\u0105 z naszego widgetu najlepsze narz\u0119dzie dla stron HTML:<\/p><ul><li>Prze\u0142\u0105czany nag\u0142\u00f3wek widgetu;<\/li><li>Wyb\u00f3r ilo\u015bci recenzji na stron\u0119;<\/li><li>Wyb\u00f3r rodzaju paginacji w uk\u0142adzie Slider;<\/li><li>Przycisk \u017c\u0105dania recenzji, aby przekierowa\u0107 na stron\u0119 na Facebooku;<\/li><li>5 element\u00f3w interfejsu do pomalowania: t\u0142o, recenzja tekst, linki. Przycisk pro\u015bby o sprawdzenie, ocena;<\/li><\/ul><p><a href=\"#demo\">Przetestuj wszystkie funkcje w wersji demonstracyjnej na \u017cywo<\/a><\/p><\/div><div class=\"application-platform-content-item- instalacja application-platform-content-item\" id=\" instalacja\" data-nav-section=\" instalacja\"><h2>Jak doda\u0107 recenzje z Facebooka do witryny HTML<\/h2><div class=\"video-container\"><iframe width=\"720\" height=\"405\" src=\"https:\/\/www.youtube.com\/embed\/XfkcWOTExT8\" frameborder=\"0\" allowfullscreen=\"\"><\/iframe><\/div><p>Przybli\u017cony czas wdro\u017cenia to nieca\u0142e 90 sekund, a ponadto nie wymaga kompetencji w zakresie programowanie.<\/p><ol><li><b>Tw\u00f3rz swoje unikalne recenzje na Facebooku<\/b><br> Za pomoc\u0105 naszego bezp\u0142atnego edytora wygeneruj wtyczk\u0119 z wymaganymi funkcjami uk\u0142adu.<\/li><li><b> Odbierz kod do integracji wtyczki<\/b><br> Po skonfigurowaniu wid\u017cetu odbierz kod do wtyczki Recenzje z wy\u015bwietlonego powiadomienia w Elfsight Apps.<\/li><li><b>Umie\u015b\u0107 wid\u017cet na stronie HTML <\/b><br> Otw\u00f3rz kod strony w edytorze HTML, ustaw widget w wymaganym miejscu (tre\u015b\u0107, stopka, pasek boczny itp.) i zastosuj zmiany.<\/li><li><b>Osadzanie powiod\u0142o si\u0119! <\/b><br> Wejd\u017a na stron\u0119, aby sprawdzi\u0107 swoj\u0105 wtyczk\u0119.<\/li><\/ol><p>Masz trudno\u015bci podczas wykonywania instrukcji lub generowania wtyczki osobistej? Skontaktuj si\u0119 z centrum pomocy, a zesp\u00f3\u0142 wsparcia ch\u0119tnie Ci pomo\u017ce.<\/p><div class=\"faq\" data-component=\"FAQ\"> <div class=\"faq-item\">\r\n\t\t\t\t\t<div class=\"faq-item-question\">\r\n\t\t\t\t\t\t<h3 class=\"faq-item-question-text\">Jak doda\u0107 recenzje z Facebooka do mojej witryny HTML bez umiej\u0119tno\u015bci kodowania?<\/h3>\r\n\r\n\t\t\t\t\t\t<div class=\"faq-item-question-icon\"><\/div>\r\n\t\t\t\t\t<\/div>\r\n\r\n\t\t\t\t\t<div class=\"faq-item-answer\">\r\n\t\t\t\t\t\t<div class=\"faq-item-answer-text\"> <p>Elfsight zapewnia rozwi\u0105zanie SaaS, kt\u00f3re pozwala utw\u00f3rz samodzielnie wid\u017cet Recenzji na Facebooku, przekonaj si\u0119, jak \u0142atwy jest ten proces: Pracuj bezpo\u015brednio w edytorze online, aby utworzy\u0107 wid\u017cet Recenzji na Facebooku, kt\u00f3ry chcesz zobaczy\u0107 na swojej stronie HTML. Wybierz jeden z gotowych szablon\u00f3w i dostosuj ustawienia Recenzji na Facebooku, dodaj tre\u015b\u0107, zmie\u0144 uk\u0142ad i kolory bez umiej\u0119tno\u015bci kodowania. Zapisz recenzje na Facebooku i skopiuj ich kod instalacyjny, kt\u00f3ry mo\u017cesz po prostu osadzi\u0107 na swojej stronie HTML bez konieczno\u015bci kupowania wersji p\u0142atnej. Dzi\u0119ki naszemu intuicyjnemu edytorowi ka\u017cdy u\u017cytkownik Internetu mo\u017ce stworzy\u0107 wid\u017cet Recenzje na Facebooku online i \u0142atwo osadzi\u0107 go na swojej stronie HTML. Aby uzyska\u0107 dost\u0119p do us\u0142ugi, nie trzeba p\u0142aci\u0107 ani wprowadza\u0107 danych uwierzytelniaj\u0105cych karty. Je\u015bli na kt\u00f3rymkolwiek etapie napotkasz jakiekolwiek problemy, skontaktuj si\u0119 z naszym zespo\u0142em pomocy technicznej.<\/p> <\/div>\r\n\t\t\t\t\t<\/div>\r\n\t\t\t\t<\/div> <\/div> <\/div>","protected":false},"excerpt":{"rendered":"","protected":false},"author":9,"featured_media":0,"parent":1078,"menu_order":0,"comment_status":"closed","ping_status":"closed","template":"templates\/template-application-platform.php","meta":{"publish_to_discourse":"","publish_post_category":"","wpdc_auto_publish_overridden":"","wpdc_topic_tags":"","wpdc_pin_topic":"","wpdc_pin_until":"","discourse_post_id":"","discourse_permalink":"","wpdc_publishing_response":"","wpdc_publishing_error":"","footnotes":""},"class_list":["post-5125","page","type-page","status-publish","hentry"],"yoast_head":"<!-- This site is optimized with the Yoast SEO plugin v25.3.1 - https:\/\/yoast.com\/wordpress\/plugins\/seo\/ -->\n<title>Najlepszy wid\u017cet Recenzje Facebooka dla witryny HTML (2026)<\/title>\n<meta name=\"description\" content=\"Posiadaj w\u0142asny widget premium Recenzje na Facebooku dla witryny HTML za darmo! Stw\u00f3rz sw\u00f3j w\u0142asny widget w Elfsight w zaledwie 3 minuty.\" \/>\n<meta name=\"robots\" content=\"index, follow, max-snippet:-1, max-image-preview:large, max-video-preview:-1\" \/>\n<link rel=\"canonical\" href=\"https:\/\/elfsight.com\/pl\/facebook-reviews-widget\/html\/\" \/>\n<meta property=\"og:locale\" content=\"pl_PL\" \/>\n<meta property=\"og:type\" content=\"article\" \/>\n<meta property=\"og:title\" content=\"Najlepszy wid\u017cet Recenzje Facebooka dla witryny HTML (2026)\" \/>\n<meta property=\"og:description\" content=\"Posiadaj w\u0142asny widget premium Recenzje na Facebooku dla witryny HTML za darmo! Stw\u00f3rz sw\u00f3j w\u0142asny widget w Elfsight w zaledwie 3 minuty.\" \/>\n<meta property=\"og:url\" content=\"https:\/\/elfsight.com\/pl\/facebook-reviews-widget\/html\/\" \/>\n<meta property=\"og:site_name\" content=\"Elfsight PL\" \/>\n<meta property=\"article:modified_time\" content=\"2024-11-14T12:42:54+00:00\" \/>\n<meta name=\"twitter:card\" content=\"summary_large_image\" \/>\n<meta name=\"twitter:label1\" content=\"Szacowany czas czytania\" \/>\n\t<meta name=\"twitter:data1\" content=\"3 minuty\" \/>\n<!-- \/ Yoast SEO plugin. -->","yoast_head_json":{"title":"Najlepszy wid\u017cet Recenzje Facebooka dla witryny HTML (2026)","description":"Posiadaj w\u0142asny widget premium Recenzje na Facebooku dla witryny HTML za darmo! Stw\u00f3rz sw\u00f3j w\u0142asny widget w Elfsight w zaledwie 3 minuty.","robots":{"index":"index","follow":"follow","max-snippet":"max-snippet:-1","max-image-preview":"max-image-preview:large","max-video-preview":"max-video-preview:-1"},"canonical":"https:\/\/elfsight.com\/pl\/facebook-reviews-widget\/html\/","og_locale":"pl_PL","og_type":"article","og_title":"Najlepszy wid\u017cet Recenzje Facebooka dla witryny HTML (2026)","og_description":"Posiadaj w\u0142asny widget premium Recenzje na Facebooku dla witryny HTML za darmo! Stw\u00f3rz sw\u00f3j w\u0142asny widget w Elfsight w zaledwie 3 minuty.","og_url":"https:\/\/elfsight.com\/pl\/facebook-reviews-widget\/html\/","og_site_name":"Elfsight PL","article_modified_time":"2024-11-14T12:42:54+00:00","twitter_card":"summary_large_image","twitter_misc":{"Szacowany czas czytania":"3 minuty"},"schema":{"@context":"https:\/\/schema.org","@graph":[{"@type":"WebPage","@id":"https:\/\/elfsight.com\/pl\/facebook-reviews-widget\/html\/","url":"https:\/\/elfsight.com\/pl\/facebook-reviews-widget\/html\/","name":"Najlepszy wid\u017cet Recenzje Facebooka dla witryny HTML (2026)","isPartOf":{"@id":"https:\/\/elfsight.com\/pl\/#website"},"datePublished":"2024-05-03T06:36:28+00:00","dateModified":"2024-11-14T12:42:54+00:00","description":"Posiadaj w\u0142asny widget premium Recenzje na Facebooku dla witryny HTML za darmo! Stw\u00f3rz sw\u00f3j w\u0142asny widget w Elfsight w zaledwie 3 minuty.","breadcrumb":{"@id":"https:\/\/elfsight.com\/pl\/facebook-reviews-widget\/html\/#breadcrumb"},"inLanguage":"pl-PL","potentialAction":[{"@type":"ReadAction","target":["https:\/\/elfsight.com\/pl\/facebook-reviews-widget\/html\/"]}]},{"@type":"BreadcrumbList","@id":"https:\/\/elfsight.com\/pl\/facebook-reviews-widget\/html\/#breadcrumb","itemListElement":[{"@type":"ListItem","position":1,"name":"Home","item":"https:\/\/elfsight.com\/pl\/"},{"@type":"ListItem","position":2,"name":"Facebook Reviews","item":"https:\/\/elfsight.com\/pl\/facebook-reviews-widget\/"},{"@type":"ListItem","position":3,"name":"Facebook Reviews &#8211; HTML"}]},{"@type":"WebSite","@id":"https:\/\/elfsight.com\/pl\/#website","url":"https:\/\/elfsight.com\/pl\/","name":"Elfsight PL","description":"Just another Elfsight Sites site","potentialAction":[{"@type":"SearchAction","target":{"@type":"EntryPoint","urlTemplate":"https:\/\/elfsight.com\/pl\/?s={search_term_string}"},"query-input":{"@type":"PropertyValueSpecification","valueRequired":true,"valueName":"search_term_string"}}],"inLanguage":"pl-PL"}]}},"meta_box":{"industry":"","seo_heading":"","heading":"","description":"","cta_heading":"","cta_description":"","application":"1077","h1":"Widget HTML Recenzje na Facebooku","h1_caption":"Osadzaj recenzje klient\u00f3w ze swojej strony na Facebooku bezpo\u015brednio w swojej witrynie, aby bez wysi\u0142ku zwi\u0119kszy\u0107 zaufanie i dow\u00f3d spo\u0142eczny w swojej witrynie HTML.","application_category":[],"applications_title":"","applications_request_title":"","applications_request_button_text":"","hero_text":"","hero_video":"","hero_video_schema_markup":"","selling_points_title":"","selling_points_caption":"","selling_points":[],"selling_points_cta_text":"","features_title":"","features":"","ed_cta_examples_text":"","ed_cta_examples_hidden":"","ed_cta_demo_text":"","ed_cta_demo_hidden":"","why_caption":"","why_editor_title":"","why_editor_text":"","why_team_title":"","why_team_text":"","why_service_title":"","why_service_text":"","template_catalog_visible":"","template_catalog_title":"","template_catalog_text":"","template_catalog_categories_visible":"","demo_title":"Utw\u00f3rz wid\u017cet Recenzje na Facebooku","demo_caption":"Skonfiguruj swoje recenzje na Facebooku i dodaj je do swojej witryny HTML za darmo!","default_faq_hidden":"","app_template_category":[],"platform":"50","template_public_id":"","codecanyon_url":"","codecanyon_item_id":"","codecanyon_price":"","pricing_caption":"","pricing_elfsight_apps_hide_column":"","pricing_elfsight_apps_url":"","pricing_codecanyon_price_caption":"","integration_category":[],"integration_request_title":"","integration_request_cta":"","integration_platform":"","integrations":[],"platform_category":[],"video_schema_markup":"","price":"od 0 USD \/ miesi\u0105c","trial":"","benefits":[{"text":"Bezp\u0142atna pomoc w instalacji"},{"text":"Wyj\u0105tkowe wsparcie"},{"text":"14-dniowa gwarancja zwrotu pieni\u0119dzy"}],"button_url":"#demo","button_target_blank":"","button_nofollow":"","attributes":[{"name":"Instaluje"},{"name":"Czu\u0142y"},{"name":"Kompatybilne przegl\u0105darki"}],"tags":[],"tags_disable_links":"","hide_more_platforms":"","video_object":"","demo_hide_cta":"","demo_hide_cloud_options":"","pricing_title":"","pricing":[{"pricing_icon":"platform","pricing_title":"Elfsight Apps","pricing_title_caption":"Niezale\u017cne od platformy rozwi\u0105zanie cyfrowe","pricing_price":"od 0 USD \/ miesi\u0105c","pricing_price_caption":"zacznij od bezp\u0142atnego planu","pricing_benefits":[{"text":"Nielimitowane domeny"},{"text":"Bezp\u0142atna obs\u0142uga klienta"},{"text":"Bezp\u0142atna pomoc w monta\u017cu"},{"text":"Oferta ograniczona czasowo dla wielu aplikacji"}],"pricing_button_text":"Dodaj do witryny","pricing_button_url":"#demo"}],"related_apps_title":"","related_apps_hidden":"","author":"","image":[],"title":"","job":"","social_networks":[]},"_links":{"self":[{"href":"https:\/\/elfsight.com\/pl\/wp-json\/wp\/v2\/pages\/5125","targetHints":{"allow":["GET"]}}],"collection":[{"href":"https:\/\/elfsight.com\/pl\/wp-json\/wp\/v2\/pages"}],"about":[{"href":"https:\/\/elfsight.com\/pl\/wp-json\/wp\/v2\/types\/page"}],"author":[{"embeddable":true,"href":"https:\/\/elfsight.com\/pl\/wp-json\/wp\/v2\/users\/9"}],"replies":[{"embeddable":true,"href":"https:\/\/elfsight.com\/pl\/wp-json\/wp\/v2\/comments?post=5125"}],"version-history":[{"count":2,"href":"https:\/\/elfsight.com\/pl\/wp-json\/wp\/v2\/pages\/5125\/revisions"}],"predecessor-version":[{"id":7790,"href":"https:\/\/elfsight.com\/pl\/wp-json\/wp\/v2\/pages\/5125\/revisions\/7790"}],"up":[{"embeddable":true,"href":"https:\/\/elfsight.com\/pl\/wp-json\/wp\/v2\/pages\/1078"}],"wp:attachment":[{"href":"https:\/\/elfsight.com\/pl\/wp-json\/wp\/v2\/media?parent=5125"}],"curies":[{"name":"wp","href":"https:\/\/api.w.org\/{rel}","templated":true}]}}