{"id":5120,"date":"2024-05-03T06:36:27","date_gmt":"2024-05-03T06:36:27","guid":{"rendered":"https:\/\/elfsight.com\/pl\/?page_id=5120"},"modified":"2024-11-14T12:42:54","modified_gmt":"2024-11-14T12:42:54","slug":"shopify","status":"publish","type":"page","link":"https:\/\/elfsight.com\/pl\/facebook-reviews-widget\/shopify\/","title":{"rendered":"Facebook Reviews &#8211; Shopify"},"content":{"rendered":"<div class=\"application-platform-content-item-description application-platform-content-item\" id=\"description\" data-nav-section=\"description\"><h2>Osadzaj recenzje z Facebooka w Shopify za pomoc\u0105 wid\u017cetu Elfsight<\/h2><p>Wy\u015bwietlaj recenzje klient\u00f3w z Facebooka w witrynie za pomoc\u0105 Recenzji Elfsight z Facebooka i udowodnij swoj\u0105 wiarygodno\u015b\u0107. Odbiorcy Twojej witryny b\u0119d\u0105 mogli zobaczy\u0107, co u\u017cytkownicy m\u00f3wi\u0105 o Twoich produktach na Facebooku, za pomoc\u0105 wid\u017cetu o zr\u00f3wnowa\u017conym wygl\u0105dzie i autentycznych elementach Facebooka. Interfejs jest elastyczny i zawiera ocen\u0119 w postaci gwiazdek, informacje o autorze, prze\u0142\u0105czalne elementy oraz gotowe warianty uk\u0142adu i szablonu. Korzystaj\u0105c z Recenzji Elfsight na Facebooku, mo\u017cesz wy\u015bwietli\u0107 przycisk umo\u017cliwiaj\u0105cy napisanie jeszcze jednej recenzji i uzyskanie nowych opinii.<\/p><p><b>Wstaw swoje recenzje z Facebooka na stronie, aby pokaza\u0107 swoj\u0105 ocen\u0119 klient\u00f3w!<\/b><\/p><ul><li><b>Zwi\u0119ksz wiarygodno\u015b\u0107, ujawniaj\u0105c recenzje prawdziwych ludzi<\/b><br>Poka\u017c, \u017ce recenzje s\u0105 prawdziwe, podaj\u0105c szczeg\u00f3\u0142owe dane autora i zwi\u0119ksz wiarygodno\u015b\u0107 swojej marki.<\/li><li><b>Zwi\u0119kszaj liczb\u0119 zakup\u00f3w, chwal\u0105c si\u0119 doskona\u0142\u0105 ocen\u0105<\/b><br>Wykorzystaj swoje najwy\u017csze oceny i pozytywne recenzje, aby wykaza\u0107, \u017ce Twoje produkty s\u0105 warte zakupu i pozyska\u0107 nowe zakupy.<\/li><li><b>Uzyskaj lepsze zrozumienie swoich ofert w\u015br\u00f3d u\u017cytkownik\u00f3w<\/b><br>Prezentacja Twoich produkt\u00f3w i us\u0142ug na podstawie do\u015bwiadcze\u0144 klient\u00f3w pomo\u017ce odwiedzaj\u0105cym uzyska\u0107 jasny obraz Twojej oferty.<\/li><\/ul><\/div><div class=\"application-platform-content-item-features application-platform-content-item\" id=\"features\" data-nav-section=\"features\"><h2>G\u0142\u00f3wne funkcje wid\u017cetu Recenzje na Facebooku<\/h2><p>Dlaczego nasza wtyczka jest najlepszym z wid\u017cet\u00f3w Shopify premium? Oto najwa\u017cniejsze cechy:<\/p><ul><li>Prze\u0142\u0105czany nag\u0142\u00f3wek wid\u017cetu;<\/li><li>Klasyczny lub murowany uk\u0142ad siatki;<\/li><li>Wyb\u00f3r typu paginacji w uk\u0142adzie suwaka ;<\/li><li>Dwa scenariusze odrzucenia pro\u015bby o recenzj\u0119: poka\u017c wiadomo\u015b\u0107 lub ukryj formularz;<\/li><li>6 prze\u0142\u0105czalnych element\u00f3w recenzji: imi\u0119 i zdj\u0119cie autora, rekomendacja, data, ikona Facebooka oraz liczba gwiazdek.<\/li><\/ul><p><a href=\"#demo\">Wypr\u00f3buj pe\u0142n\u0105 list\u0119 funkcji w konfiguratorze<\/a><\/p><\/div><div class=\"application-platform-content-item-installation  application-platform-content-item\" id=\"installation \" data-nav-section=\"installation \"><h2>Jak doda\u0107 recenzje z Facebooka do witryny Shopify<\/h2><div class=\"video-container\"><iframe width=\"720\" height=\"405\" src=\"https:\/\/www.youtube.com\/embed\/vlzw1yb539E\" frameborder=\"0\" allowfullscreen=\"\"><\/iframe><\/div><p>Oto ekspresowy samouczek przygotowany przez nasz zesp\u00f3\u0142 na temat osadzania i kszta\u0142towania wid\u017cetu bez do\u015bwiadczenia w programowaniu. Wykonanie instrukcji zajmie Ci oko\u0142o 3 minut.<\/p><ol><li><b>Otw\u00f3rz nasze bezp\u0142atne demo i rozpocznij prac\u0119 ze swoj\u0105 spersonalizowan\u0105 aplikacj\u0105. <\/b><br> Okre\u015bl odpowiedni interfejs i opcje aplikacji oraz zapisz wszystkie poprawki. <\/li> <li><b>Pobierz indywidualny kod pokazany w pude\u0142ku w aplikacjach Elfsight. <\/b><br> Po zako\u0144czeniu konfiguracji aplikacji osobistej skopiuj kod z wy\u015bwietlonego pola i zapisz go do wykorzystania w przysz\u0142o\u015bci. <\/li> <li><b>Rozpocznij korzystanie z aplikacji na stronie internetowej Shopify. <\/b><br> Zaimplementuj skopiowany ostatnio kod na swojej stronie i zapisz poprawki. <\/li> <li><b>Gotowe! Konfiguracja zosta\u0142a w pe\u0142ni wykonana. <\/b><br> Przejd\u017a na swoj\u0105 stron\u0119 internetow\u0105 i obserwuj dzia\u0142anie aplikacji. <\/li><\/ol><p>Napotka\u0142e\u015b jakie\u015b trudno\u015bci podczas wykonywania przewodnika? Skontaktuj si\u0119 z obs\u0142ug\u0105 techniczn\u0105 Elfsight lub sprawd\u017a kompleksowy wariant instrukcji i wykonaj instalacj\u0119 samodzielnie.<\/p><div class=\"faq\" data-component=\"FAQ\"> <div class=\"faq-item\">\r\n\t\t\t\t\t<div class=\"faq-item-question\">\r\n\t\t\t\t\t\t<h3 class=\"faq-item-question-text\">Jak doda\u0107 recenzje z Facebooka do mojej witryny Shopify bez umiej\u0119tno\u015bci kodowania?<\/h3>\r\n\r\n\t\t\t\t\t\t<div class=\"faq-item-question-icon\"><\/div>\r\n\t\t\t\t\t<\/div>\r\n\r\n\t\t\t\t\t<div class=\"faq-item-answer\">\r\n\t\t\t\t\t\t<div class=\"faq-item-answer-text\"> <p> Elfsight zapewnia rozwi\u0105zanie SaaS, kt\u00f3re umo\u017cliwia samodzielne utworzenie wid\u017cetu Recenzje na Facebooku. Przekonaj si\u0119, jak \u0142atwy jest ten proces: Pracuj bezpo\u015brednio w edytorze online, aby utworzy\u0107 wid\u017cet Recenzji na Facebooku, kt\u00f3ry chcesz widzie\u0107 w swojej witrynie Shopify. Wybierz jeden z gotowych szablon\u00f3w i dostosuj ustawienia Recenzji na Facebooku, dodaj tre\u015b\u0107, zmie\u0144 uk\u0142ad i kolory bez umiej\u0119tno\u015bci kodowania. Zapisz recenzje na Facebooku i skopiuj ich kod instalacyjny, kt\u00f3ry mo\u017cesz \u0142atwo umie\u015bci\u0107 na swojej stronie Shopify bez konieczno\u015bci kupowania p\u0142atnej subskrypcji. Dzi\u0119ki naszemu intuicyjnemu edytorowi ka\u017cdy u\u017cytkownik Internetu mo\u017ce stworzy\u0107 wid\u017cet Recenzje na Facebooku online i \u0142atwo osadzi\u0107 go na swojej stronie internetowej Shopify. Aby uzyska\u0107 dost\u0119p do us\u0142ugi, nie trzeba p\u0142aci\u0107 ani wprowadza\u0107 danych uwierzytelniaj\u0105cych karty. Je\u015bli na kt\u00f3rymkolwiek etapie napotkasz jakiekolwiek problemy, skontaktuj si\u0119 z naszym zespo\u0142em pomocy technicznej.<\/p> <\/div>\r\n\t\t\t\t\t<\/div>\r\n\t\t\t\t<\/div> <\/div> <\/div>","protected":false},"excerpt":{"rendered":"","protected":false},"author":9,"featured_media":0,"parent":1078,"menu_order":0,"comment_status":"closed","ping_status":"closed","template":"templates\/template-application-platform.php","meta":{"publish_to_discourse":"","publish_post_category":"","wpdc_auto_publish_overridden":"","wpdc_topic_tags":"","wpdc_pin_topic":"","wpdc_pin_until":"","discourse_post_id":"","discourse_permalink":"","wpdc_publishing_response":"","wpdc_publishing_error":"","footnotes":""},"class_list":["post-5120","page","type-page","status-publish","hentry"],"yoast_head":"<!-- This site is optimized with the Yoast SEO plugin v25.3.1 - https:\/\/yoast.com\/wordpress\/plugins\/seo\/ -->\n<title>Najlepsza aplikacja do recenzji na Facebooku dla witryny Shopify (2025)<\/title>\n<meta name=\"description\" content=\"Kszta\u0142tuj swoj\u0105 aplikacj\u0119 Recenzje na Facebooku dla Shopify i wy\u015bwietlaj j\u0105 w swojej witrynie. Darmowy edytor, pomoc w ustawieniach i inne korzy\u015bci od Elfsight!\" \/>\n<meta name=\"robots\" content=\"index, follow, max-snippet:-1, max-image-preview:large, max-video-preview:-1\" \/>\n<link rel=\"canonical\" href=\"https:\/\/elfsight.com\/pl\/facebook-reviews-widget\/shopify\/\" \/>\n<meta property=\"og:locale\" content=\"pl_PL\" \/>\n<meta property=\"og:type\" content=\"article\" \/>\n<meta property=\"og:title\" content=\"Najlepsza aplikacja do recenzji na Facebooku dla witryny Shopify (2025)\" \/>\n<meta property=\"og:description\" content=\"Kszta\u0142tuj swoj\u0105 aplikacj\u0119 Recenzje na Facebooku dla Shopify i wy\u015bwietlaj j\u0105 w swojej witrynie. Darmowy edytor, pomoc w ustawieniach i inne korzy\u015bci od Elfsight!\" \/>\n<meta property=\"og:url\" content=\"https:\/\/elfsight.com\/pl\/facebook-reviews-widget\/shopify\/\" \/>\n<meta property=\"og:site_name\" content=\"Elfsight PL\" \/>\n<meta property=\"article:modified_time\" content=\"2024-11-14T12:42:54+00:00\" \/>\n<meta name=\"twitter:card\" content=\"summary_large_image\" \/>\n<meta name=\"twitter:label1\" content=\"Szacowany czas czytania\" \/>\n\t<meta name=\"twitter:data1\" content=\"3 minuty\" \/>\n<!-- \/ Yoast SEO plugin. -->","yoast_head_json":{"title":"Najlepsza aplikacja do recenzji na Facebooku dla witryny Shopify (2025)","description":"Kszta\u0142tuj swoj\u0105 aplikacj\u0119 Recenzje na Facebooku dla Shopify i wy\u015bwietlaj j\u0105 w swojej witrynie. Darmowy edytor, pomoc w ustawieniach i inne korzy\u015bci od Elfsight!","robots":{"index":"index","follow":"follow","max-snippet":"max-snippet:-1","max-image-preview":"max-image-preview:large","max-video-preview":"max-video-preview:-1"},"canonical":"https:\/\/elfsight.com\/pl\/facebook-reviews-widget\/shopify\/","og_locale":"pl_PL","og_type":"article","og_title":"Najlepsza aplikacja do recenzji na Facebooku dla witryny Shopify (2025)","og_description":"Kszta\u0142tuj swoj\u0105 aplikacj\u0119 Recenzje na Facebooku dla Shopify i wy\u015bwietlaj j\u0105 w swojej witrynie. Darmowy edytor, pomoc w ustawieniach i inne korzy\u015bci od Elfsight!","og_url":"https:\/\/elfsight.com\/pl\/facebook-reviews-widget\/shopify\/","og_site_name":"Elfsight PL","article_modified_time":"2024-11-14T12:42:54+00:00","twitter_card":"summary_large_image","twitter_misc":{"Szacowany czas czytania":"3 minuty"},"schema":{"@context":"https:\/\/schema.org","@graph":[{"@type":"WebPage","@id":"https:\/\/elfsight.com\/pl\/facebook-reviews-widget\/shopify\/","url":"https:\/\/elfsight.com\/pl\/facebook-reviews-widget\/shopify\/","name":"Najlepsza aplikacja do recenzji na Facebooku dla witryny Shopify (2025)","isPartOf":{"@id":"https:\/\/elfsight.com\/pl\/#website"},"datePublished":"2024-05-03T06:36:27+00:00","dateModified":"2024-11-14T12:42:54+00:00","description":"Kszta\u0142tuj swoj\u0105 aplikacj\u0119 Recenzje na Facebooku dla Shopify i wy\u015bwietlaj j\u0105 w swojej witrynie. Darmowy edytor, pomoc w ustawieniach i inne korzy\u015bci od Elfsight!","breadcrumb":{"@id":"https:\/\/elfsight.com\/pl\/facebook-reviews-widget\/shopify\/#breadcrumb"},"inLanguage":"pl-PL","potentialAction":[{"@type":"ReadAction","target":["https:\/\/elfsight.com\/pl\/facebook-reviews-widget\/shopify\/"]}]},{"@type":"BreadcrumbList","@id":"https:\/\/elfsight.com\/pl\/facebook-reviews-widget\/shopify\/#breadcrumb","itemListElement":[{"@type":"ListItem","position":1,"name":"Home","item":"https:\/\/elfsight.com\/pl\/"},{"@type":"ListItem","position":2,"name":"Facebook Reviews","item":"https:\/\/elfsight.com\/pl\/facebook-reviews-widget\/"},{"@type":"ListItem","position":3,"name":"Facebook Reviews &#8211; Shopify"}]},{"@type":"WebSite","@id":"https:\/\/elfsight.com\/pl\/#website","url":"https:\/\/elfsight.com\/pl\/","name":"Elfsight PL","description":"Just another Elfsight Sites site","potentialAction":[{"@type":"SearchAction","target":{"@type":"EntryPoint","urlTemplate":"https:\/\/elfsight.com\/pl\/?s={search_term_string}"},"query-input":{"@type":"PropertyValueSpecification","valueRequired":true,"valueName":"search_term_string"}}],"inLanguage":"pl-PL"}]}},"meta_box":{"industry":"","seo_heading":"","heading":"","description":"","cta_heading":"","cta_description":"","application":"1077","h1":"Aplikacja Shopify Facebook Recenzje","h1_caption":"Osadzaj recenzje klient\u00f3w ze swojej strony na Facebooku bezpo\u015brednio w swojej witrynie, aby bez wysi\u0142ku zwi\u0119kszy\u0107 zaufanie i dow\u00f3d spo\u0142eczny w swojej witrynie Shopify.","application_category":[],"applications_title":"","applications_request_title":"","applications_request_button_text":"","hero_text":"","hero_video":"","hero_video_schema_markup":"","selling_points_title":"","selling_points_caption":"","selling_points":[],"selling_points_cta_text":"","features_title":"","features":"","ed_cta_examples_text":"","ed_cta_examples_hidden":"","ed_cta_demo_text":"","ed_cta_demo_hidden":"","why_caption":"","why_editor_title":"","why_editor_text":"","why_team_title":"","why_team_text":"","why_service_title":"","why_service_text":"","template_catalog_visible":"","template_catalog_title":"","template_catalog_text":"","template_catalog_categories_visible":"","demo_title":"Utw\u00f3rz aplikacj\u0119 Recenzje na Facebooku","demo_caption":"Skonfiguruj swoje recenzje na Facebooku i dodaj je za darmo do swojej witryny Shopify!","default_faq_hidden":"","app_template_category":[],"platform":"112","template_public_id":"","codecanyon_url":"","codecanyon_item_id":"","codecanyon_price":"","pricing_caption":"","pricing_elfsight_apps_hide_column":"","pricing_elfsight_apps_url":"","pricing_codecanyon_price_caption":"","integration_category":[],"integration_request_title":"","integration_request_cta":"","integration_platform":"","integrations":[],"platform_category":[],"video_schema_markup":"","price":"od 0 USD \/ miesi\u0105c","trial":"","benefits":[{"text":"Bezp\u0142atna us\u0142uga monta\u017cu"},{"text":"Wsparcie premium"},{"text":"14-dniowa gwarancja zwrotu pieni\u0119dzy"}],"button_url":"#demo","button_target_blank":"","button_nofollow":"","attributes":[{"name":"Instaluje"},{"name":"Czu\u0142y"},{"name":"Kompatybilne przegl\u0105darki"}],"tags":[],"tags_disable_links":"","hide_more_platforms":"","video_object":"","demo_hide_cta":"","demo_hide_cloud_options":"","pricing_title":"","pricing":[{"pricing_icon":"cloud","pricing_title":"Elfsight Apps","pricing_title_caption":"Wersja wieloplatformowa, kt\u00f3ra dzia\u0142a na ka\u017cdej stronie internetowej","pricing_price":"od 0 USD \/ miesi\u0105c","pricing_price_caption":"zacznij od bezp\u0142atnego planu","pricing_benefits":[{"text":"Nielimitowane strony internetowe"},{"text":"Wsparcie premium"},{"text":"Bezp\u0142atna us\u0142uga monta\u017cu"},{"text":"Oferta specjalna na wiele aplikacji"}],"pricing_button_text":"Dodaj do witryny","pricing_button_url":"#demo"}],"related_apps_title":"","related_apps_hidden":"","author":"","image":[],"title":"","job":"","social_networks":[]},"_links":{"self":[{"href":"https:\/\/elfsight.com\/pl\/wp-json\/wp\/v2\/pages\/5120","targetHints":{"allow":["GET"]}}],"collection":[{"href":"https:\/\/elfsight.com\/pl\/wp-json\/wp\/v2\/pages"}],"about":[{"href":"https:\/\/elfsight.com\/pl\/wp-json\/wp\/v2\/types\/page"}],"author":[{"embeddable":true,"href":"https:\/\/elfsight.com\/pl\/wp-json\/wp\/v2\/users\/9"}],"replies":[{"embeddable":true,"href":"https:\/\/elfsight.com\/pl\/wp-json\/wp\/v2\/comments?post=5120"}],"version-history":[{"count":2,"href":"https:\/\/elfsight.com\/pl\/wp-json\/wp\/v2\/pages\/5120\/revisions"}],"predecessor-version":[{"id":7789,"href":"https:\/\/elfsight.com\/pl\/wp-json\/wp\/v2\/pages\/5120\/revisions\/7789"}],"up":[{"embeddable":true,"href":"https:\/\/elfsight.com\/pl\/wp-json\/wp\/v2\/pages\/1078"}],"wp:attachment":[{"href":"https:\/\/elfsight.com\/pl\/wp-json\/wp\/v2\/media?parent=5120"}],"curies":[{"name":"wp","href":"https:\/\/api.w.org\/{rel}","templated":true}]}}