{"id":5118,"date":"2024-05-03T06:36:25","date_gmt":"2024-05-03T06:36:25","guid":{"rendered":"https:\/\/elfsight.com\/pl\/?page_id=5118"},"modified":"2025-06-24T13:16:13","modified_gmt":"2025-06-24T13:16:13","slug":"webflow","status":"publish","type":"page","link":"https:\/\/elfsight.com\/pl\/facebook-reviews-widget\/webflow\/","title":{"rendered":"Facebook Reviews &#8211; Webflow"},"content":{"rendered":"<div class=\"application-platform-content-item-description application-platform-content-item\" id=\"description\" data-nav-section=\"description\">\n<h2>Osadzaj recenzje z Facebooka w Webflow za pomoc\u0105 wid\u017cetu Elfsight<\/h2>\n<p>Elfsight Recenzje z Facebooka to nieskomplikowane narz\u0119dzie do wy\u015bwietlania recenzji z Twojej strony na Facebooku w Twojej witrynie i zwi\u0119kszenia zaufania do Twojej marki w\u015br\u00f3d klient\u00f3w witryny. Mo\u017cesz filtrowa\u0107 recenzje, wy\u015bwietla\u0107 liczb\u0119 gwiazdek, dane autora i wy\u015bwietla\u0107 przycisk dodawania nowej recenzji. Nasz wid\u017cet Recenzje na Facebooku zawiera r\u00f3\u017cnorodne uk\u0142ady i szablony recenzji, prze\u0142\u0105czalne elementy interfejsu i dostosowywalny nag\u0142\u00f3wek umo\u017cliwiaj\u0105cy g\u0142\u0119bok\u0105 personalizacj\u0119. Za pomoc\u0105 recenzji na Facebooku mo\u017cesz wykaza\u0107 si\u0119 dobr\u0105 ocen\u0105, wzmocni\u0107 zaufanie i uzyska\u0107 wi\u0119cej recenzji.<\/p>\n<p>Zdob\u0105d\u017a wi\u0119cej opinii klient\u00f3w, wy\u015bwietlaj\u0105c recenzje na Facebooku, umo\u017cliwiaj\u0105c dodawanie nowych!<\/p>\n<ul>\n    <li>Zwi\u0119ksz zaufanie, pokazuj\u0105c recenzje prawdziwych ludzi<br>Wyka\u017c, \u017ce recenzje s\u0105 prawdziwe, korzystaj\u0105c ze szczeg\u00f3\u0142owych danych o autorze i zwi\u0119ksz zaufanie do swojej marki.<\/li>\n    <li>Zwi\u0119ksz liczb\u0119 zakup\u00f3w, chwal\u0105c si\u0119 doskona\u0142\u0105 ocen\u0105<br>Poka\u017c swoje wysokie oceny i doskona\u0142e recenzje, aby przekona\u0107 u\u017cytkownik\u00f3w, \u017ce Twoje produkty s\u0105 warte zakupu i przyci\u0105gn\u0105\u0107 wi\u0119cej zakup\u00f3w.<\/li>\n    <li>Uzyskaj lepsze zrozumienie swoich ofert<br>Pokazywanie swoich produkt\u00f3w poprzez do\u015bwiadczenia klient\u00f3w pomo\u017ce przysz\u0142ym klientom lepiej je zrozumie\u0107.<\/li>\n<\/ul>\n<\/div>\n\n<div class=\"application-platform-content-item-features application-platform-content-item\" id=\"features\" data-nav-section=\"features\">\n<h2>G\u0142\u00f3wne funkcje wid\u017cetu Recenzje na Facebooku<\/h2>\n<p>Dlaczego nasza wtyczka jest najlepsza spo\u015br\u00f3d podobnych wid\u017cet\u00f3w Webflow? Poznaj nasze g\u0142\u00f3wne zalety:<\/p>\n<ul>\n    <li>Osadzanie recenzji klient\u00f3w ze strony na Facebooku;<\/li>\n    <li>Trzy typy uk\u0142adu: lista, siatka i suwak;<\/li>\n    <li>Regulowana szeroko\u015b\u0107 i wysoko\u015b\u0107 wid\u017cetu;<\/li>\n    <li>Edytowalna wiadomo\u015b\u0107 tekstowa po odrzuceniu pro\u015bby o sprawdzenie, z opcjami formatowania;<\/li>\n    <li>Trzy typy dekoracji recenzji: Obramowanie, T\u0142o, Brak;<\/li>\n<\/ul>\n<p><a href=\"#demo\">Przeczytaj wszystkie funkcje naszej bezp\u0142atnej wersji demonstracyjnej<\/a><\/p>\n<\/div>\n\n<div class=\"application-platform-content-item-installation application-platform-content-item\" id=\"installation\" data-nav-section=\"installation\"><\/div>\n<h2>Jak doda\u0107 recenzje z Facebooka do witryny Webflow<\/h2>\n<div class=\"video-container\"><iframe width=\"720\" height=\"405\" src=\"https:\/\/www.youtube.com\/embed\/JfC38jdDtRw\" frameborder=\"0\" allowfullscreen=\"\"><\/iframe><\/div>\n<p>Wtyczka Elfsight jest prosta w integracji i nie b\u0119dzie wymaga\u0107 umiej\u0119tno\u015bci programowania. Wykonanie przewodnika zajmie oko\u0142o 1 minuty.<\/p>\n<ol>\n    <li>Zaprojektuj swoje indywidualne recenzje na Facebooku<br>Korzystaj\u0105c z naszego bezp\u0142atnego edytora, wygeneruj wtyczk\u0119 z wymaganym wygl\u0105dem i ustawieniami.<\/li>\n    <li>Skopiuj kod do osadzenia wtyczki<br>Po ustawieniu wid\u017cetu uzyskaj kod wtyczki Recenzje z wyskakuj\u0105cego powiadomienia w aplikacji Elfsight.<\/li>\n    <li>Opublikuj wtyczk\u0119 na stronie Webflow<br>Zintegruj wtyczk\u0119 w wybranym miejscu witryny i zastosuj zmiany.<\/li>\n    <li>Instalacja zosta\u0142a zako\u0144czona<br>Odwied\u017a swoj\u0105 witryn\u0119, aby zobaczy\u0107 swoj\u0105 prac\u0119.<\/li>\n<\/ol>\n<p>Masz problemy z wykonaniem samouczka lub ustawieniem wtyczki? Zostaw pro\u015bb\u0119 w centrum wsparcia Elfsight, a zesp\u00f3\u0142 wsparcia z przyjemno\u015bci\u0105 pomo\u017ce Ci zaprojektowa\u0107 i wstawi\u0107 wtyczk\u0119 do Twojej witryny.<\/p>\n<div class=\"faq\" data-component=\"FAQ\">\n    <div class=\"faq-item\">\r\n\t\t\t\t\t<div class=\"faq-item-question\">\r\n\t\t\t\t\t\t<h3 class=\"faq-item-question-text\">Jak mog\u0119 doda\u0107 recenzje z Facebooka do mojej witryny Webflow bez umiej\u0119tno\u015bci kodowania?<\/h3>\r\n\r\n\t\t\t\t\t\t<div class=\"faq-item-question-icon\"><\/div>\r\n\t\t\t\t\t<\/div>\r\n\r\n\t\t\t\t\t<div class=\"faq-item-answer\">\r\n\t\t\t\t\t\t<div class=\"faq-item-answer-text\">\n    <p>Elfsight zapewnia rozwi\u0105zanie SaaS, kt\u00f3re umo\u017cliwia samodzielne utworzenie wid\u017cetu Recenzji na Facebooku. Zobacz, jak \u0142atwy jest ten proces: Pracuj bezpo\u015brednio w edytorze online, aby utworzy\u0107 wid\u017cet Recenzji na Facebooku, kt\u00f3ry chcesz widzie\u0107 na swojej stronie internetowej Webflow. Wybierz jeden z gotowych szablon\u00f3w i dostosuj ustawienia Recenzji na Facebooku, dodaj tre\u015b\u0107, zmie\u0144 uk\u0142ad i kolory bez umiej\u0119tno\u015bci kodowania. Zapisz recenzje na Facebooku i skopiuj ich kod instalacyjny, kt\u00f3ry mo\u017cesz \u0142atwo osadzi\u0107 na swojej stronie internetowej Webflow bez konieczno\u015bci kupowania p\u0142atnego planu. Dzi\u0119ki naszemu intuicyjnemu edytorowi ka\u017cdy u\u017cytkownik Internetu mo\u017ce stworzy\u0107 wid\u017cet Recenzje Facebooka online i \u0142atwo osadzi\u0107 go na swojej stronie internetowej Webflow. Aby uzyska\u0107 dost\u0119p do us\u0142ugi, nie trzeba p\u0142aci\u0107 ani wprowadza\u0107 danych uwierzytelniaj\u0105cych karty. Je\u015bli na kt\u00f3rymkolwiek etapie napotkasz jakiekolwiek problemy, skontaktuj si\u0119 z naszym zespo\u0142em pomocy technicznej.<\/p>\n    <\/div>\r\n\t\t\t\t\t<\/div>\r\n\t\t\t\t<\/div>\n<\/div>","protected":false},"excerpt":{"rendered":"Jak doda\u0107 recenzje z Facebooka do witryny Webflow Wtyczka Elfsight jest prosta w integracji i nie b\u0119dzie wymaga\u0107 umiej\u0119tno\u015bci programowania. Wykonanie przewodnika zajmie oko\u0142o 1 minuty. Zaprojektuj swoje indywidualne recenzje na FacebookuKorzystaj\u0105c z naszego bezp\u0142atnego edytora, wygeneruj wtyczk\u0119 z wymaganym wygl\u0105dem i ustawieniami. Skopiuj kod do osadzenia wtyczkiPo ustawieniu wid\u017cetu&#8230;","protected":false},"author":9,"featured_media":0,"parent":1078,"menu_order":0,"comment_status":"closed","ping_status":"closed","template":"templates\/template-application-platform.php","meta":{"publish_to_discourse":"","publish_post_category":"","wpdc_auto_publish_overridden":"","wpdc_topic_tags":"","wpdc_pin_topic":"","wpdc_pin_until":"","discourse_post_id":"","discourse_permalink":"","wpdc_publishing_response":"","wpdc_publishing_error":"","footnotes":""},"class_list":["post-5118","page","type-page","status-publish","hentry"],"yoast_head":"<!-- This site is optimized with the Yoast SEO plugin v25.3.1 - https:\/\/yoast.com\/wordpress\/plugins\/seo\/ -->\n<title>Najlepszy wid\u017cet Recenzje Facebooka dla witryny Webflow (2025)<\/title>\n<meta name=\"description\" content=\"Ju\u017c teraz przetestuj nasz wid\u017cet Recenzje na Facebooku dla Webflow. Skonfiguruj unikaln\u0105 wtyczk\u0119 dla swojej witryny w kilka minut!\" \/>\n<meta name=\"robots\" content=\"index, follow, max-snippet:-1, max-image-preview:large, max-video-preview:-1\" \/>\n<link rel=\"canonical\" href=\"https:\/\/elfsight.com\/pl\/facebook-reviews-widget\/webflow\/\" \/>\n<meta property=\"og:locale\" content=\"pl_PL\" \/>\n<meta property=\"og:type\" content=\"article\" \/>\n<meta property=\"og:title\" content=\"Najlepszy wid\u017cet Recenzje Facebooka dla witryny Webflow (2025)\" \/>\n<meta property=\"og:description\" content=\"Ju\u017c teraz przetestuj nasz wid\u017cet Recenzje na Facebooku dla Webflow. Skonfiguruj unikaln\u0105 wtyczk\u0119 dla swojej witryny w kilka minut!\" \/>\n<meta property=\"og:url\" content=\"https:\/\/elfsight.com\/pl\/facebook-reviews-widget\/webflow\/\" \/>\n<meta property=\"og:site_name\" content=\"Elfsight PL\" \/>\n<meta property=\"article:modified_time\" content=\"2025-06-24T13:16:13+00:00\" \/>\n<meta name=\"twitter:card\" content=\"summary_large_image\" \/>\n<meta name=\"twitter:label1\" content=\"Szacowany czas czytania\" \/>\n\t<meta name=\"twitter:data1\" content=\"3 minuty\" \/>\n<!-- \/ Yoast SEO plugin. -->","yoast_head_json":{"title":"Najlepszy wid\u017cet Recenzje Facebooka dla witryny Webflow (2025)","description":"Ju\u017c teraz przetestuj nasz wid\u017cet Recenzje na Facebooku dla Webflow. Skonfiguruj unikaln\u0105 wtyczk\u0119 dla swojej witryny w kilka minut!","robots":{"index":"index","follow":"follow","max-snippet":"max-snippet:-1","max-image-preview":"max-image-preview:large","max-video-preview":"max-video-preview:-1"},"canonical":"https:\/\/elfsight.com\/pl\/facebook-reviews-widget\/webflow\/","og_locale":"pl_PL","og_type":"article","og_title":"Najlepszy wid\u017cet Recenzje Facebooka dla witryny Webflow (2025)","og_description":"Ju\u017c teraz przetestuj nasz wid\u017cet Recenzje na Facebooku dla Webflow. Skonfiguruj unikaln\u0105 wtyczk\u0119 dla swojej witryny w kilka minut!","og_url":"https:\/\/elfsight.com\/pl\/facebook-reviews-widget\/webflow\/","og_site_name":"Elfsight PL","article_modified_time":"2025-06-24T13:16:13+00:00","twitter_card":"summary_large_image","twitter_misc":{"Szacowany czas czytania":"3 minuty"},"schema":{"@context":"https:\/\/schema.org","@graph":[{"@type":"WebPage","@id":"https:\/\/elfsight.com\/pl\/facebook-reviews-widget\/webflow\/","url":"https:\/\/elfsight.com\/pl\/facebook-reviews-widget\/webflow\/","name":"Najlepszy wid\u017cet Recenzje Facebooka dla witryny Webflow (2025)","isPartOf":{"@id":"https:\/\/elfsight.com\/pl\/#website"},"datePublished":"2024-05-03T06:36:25+00:00","dateModified":"2025-06-24T13:16:13+00:00","description":"Ju\u017c teraz przetestuj nasz wid\u017cet Recenzje na Facebooku dla Webflow. Skonfiguruj unikaln\u0105 wtyczk\u0119 dla swojej witryny w kilka minut!","breadcrumb":{"@id":"https:\/\/elfsight.com\/pl\/facebook-reviews-widget\/webflow\/#breadcrumb"},"inLanguage":"pl-PL","potentialAction":[{"@type":"ReadAction","target":["https:\/\/elfsight.com\/pl\/facebook-reviews-widget\/webflow\/"]}]},{"@type":"BreadcrumbList","@id":"https:\/\/elfsight.com\/pl\/facebook-reviews-widget\/webflow\/#breadcrumb","itemListElement":[{"@type":"ListItem","position":1,"name":"Home","item":"https:\/\/elfsight.com\/pl\/"},{"@type":"ListItem","position":2,"name":"Facebook Reviews","item":"https:\/\/elfsight.com\/pl\/facebook-reviews-widget\/"},{"@type":"ListItem","position":3,"name":"Facebook Reviews &#8211; Webflow"}]},{"@type":"WebSite","@id":"https:\/\/elfsight.com\/pl\/#website","url":"https:\/\/elfsight.com\/pl\/","name":"Elfsight PL","description":"Just another Elfsight Sites site","potentialAction":[{"@type":"SearchAction","target":{"@type":"EntryPoint","urlTemplate":"https:\/\/elfsight.com\/pl\/?s={search_term_string}"},"query-input":{"@type":"PropertyValueSpecification","valueRequired":true,"valueName":"search_term_string"}}],"inLanguage":"pl-PL"}]}},"meta_box":{"industry":"","seo_heading":"","heading":"","description":"","cta_heading":"","cta_description":"","application":"1077","h1":"Widget Webflow Recenzje na Facebooku","h1_caption":"Osadzaj recenzje klient\u00f3w ze swojej strony na Facebooku bezpo\u015brednio w swojej witrynie, aby bez wysi\u0142ku zwi\u0119kszy\u0107 zaufanie i dow\u00f3d spo\u0142eczny w swojej witrynie Webflow.","application_category":[],"applications_title":"","applications_request_title":"","applications_request_button_text":"","hero_text":"","hero_video":"","hero_video_schema_markup":"","selling_points_title":"","selling_points_caption":"","selling_points":[],"selling_points_cta_text":"","features_title":"","features":"","ed_cta_examples_text":"","ed_cta_examples_hidden":"","ed_cta_demo_text":"","ed_cta_demo_hidden":"","why_caption":"","why_editor_title":"","why_editor_text":"","why_team_title":"","why_team_text":"","why_service_title":"","why_service_text":"","template_catalog_visible":"0","template_catalog_title":"","template_catalog_text":"","template_catalog_categories_visible":"","demo_title":"Utw\u00f3rz wid\u017cet Recenzje na Facebooku","demo_caption":"Skonfiguruj swoje recenzje na Facebooku i dodaj je za darmo do swojej witryny Webflow!","default_faq_hidden":"","app_template_category":[],"platform":"127","template_public_id":"","codecanyon_url":"","codecanyon_item_id":"","codecanyon_price":"","pricing_caption":"","pricing_elfsight_apps_hide_column":"","pricing_elfsight_apps_url":"","pricing_codecanyon_price_caption":"","integration_category":[],"integration_request_title":"","integration_request_cta":"","integration_platform":"","integrations":[],"platform_category":[],"video_schema_markup":"","price":"od 0 USD \/ miesi\u0105c","trial":"","benefits":[{"text":"Bezp\u0142atna pomoc w instalacji"},{"text":"Wsparcie premium"},{"text":"14-dniowa gwarancja zwrotu pieni\u0119dzy"}],"button_url":"#demo","button_target_blank":"0","button_nofollow":"0","attributes":[{"name":"Instaluje"},{"name":"Czu\u0142y"},{"name":"Kompatybilne przegl\u0105darki"}],"tags":[],"tags_disable_links":"0","hide_more_platforms":"0","video_object":"","demo_hide_cta":"0","demo_hide_cloud_options":"0","pricing_title":"","pricing":[{"pricing_icon":"platform","pricing_title":"Elfsight Apps","pricing_title_caption":"Wersja niezale\u017cna od platformy, kt\u00f3ra dzia\u0142a na ka\u017cdej stronie","pricing_price":"od 0 USD \/ miesi\u0105c","pricing_price_caption":"zacznij od bezp\u0142atnego planu","pricing_benefits":[{"text":"Nielimitowane domeny"},{"text":"Dedykowane wsparcie"},{"text":"Bezp\u0142atna us\u0142uga monta\u017cu"},{"text":"Specjalna cena za wiele aplikacji"}],"pricing_button_text":"Dodaj do witryny","pricing_button_url":"#demo"}],"related_apps_title":"","related_apps_hidden":"0","author":"","image":[],"title":"","job":"","social_networks":[]},"_links":{"self":[{"href":"https:\/\/elfsight.com\/pl\/wp-json\/wp\/v2\/pages\/5118","targetHints":{"allow":["GET"]}}],"collection":[{"href":"https:\/\/elfsight.com\/pl\/wp-json\/wp\/v2\/pages"}],"about":[{"href":"https:\/\/elfsight.com\/pl\/wp-json\/wp\/v2\/types\/page"}],"author":[{"embeddable":true,"href":"https:\/\/elfsight.com\/pl\/wp-json\/wp\/v2\/users\/9"}],"replies":[{"embeddable":true,"href":"https:\/\/elfsight.com\/pl\/wp-json\/wp\/v2\/comments?post=5118"}],"version-history":[{"count":3,"href":"https:\/\/elfsight.com\/pl\/wp-json\/wp\/v2\/pages\/5118\/revisions"}],"predecessor-version":[{"id":10414,"href":"https:\/\/elfsight.com\/pl\/wp-json\/wp\/v2\/pages\/5118\/revisions\/10414"}],"up":[{"embeddable":true,"href":"https:\/\/elfsight.com\/pl\/wp-json\/wp\/v2\/pages\/1078"}],"wp:attachment":[{"href":"https:\/\/elfsight.com\/pl\/wp-json\/wp\/v2\/media?parent=5118"}],"curies":[{"name":"wp","href":"https:\/\/api.w.org\/{rel}","templated":true}]}}