{"id":5117,"date":"2024-05-03T06:36:24","date_gmt":"2024-05-03T06:36:24","guid":{"rendered":"https:\/\/elfsight.com\/pl\/?page_id=5117"},"modified":"2024-11-14T12:42:46","modified_gmt":"2024-11-14T12:42:46","slug":"webnode","status":"publish","type":"page","link":"https:\/\/elfsight.com\/pl\/facebook-reviews-widget\/webnode\/","title":{"rendered":"Facebook Reviews &#8211; Webnode"},"content":{"rendered":"<div class=\"application-platform-content-item-description application-platform-content-item\" id=\"description\" data-nav-section=\"description\"><h2>Opis<\/h2><p>Poka\u017c swoje opinie klient\u00f3w z Facebooka na stronie internetowej za pomoc\u0105 Elfsight Facebook Reviews i o\u015bwiadcz, \u017ce jeste\u015b zaufany przez ludzi. Osoby przegl\u0105daj\u0105ce witryn\u0119 b\u0119d\u0105 mog\u0142y dowiedzie\u0107 si\u0119, co ludzie m\u00f3wi\u0105 o Twojej firmie na Facebooku, za pomoc\u0105 wid\u017cetu o przejrzystym wygl\u0105dzie i autentycznych danych z Facebooka. Interfejs jest elastyczny i zawiera ocen\u0119 w postaci gwiazdek, informacje o autorze, prze\u0142\u0105czalne elementy oraz gotowe do u\u017cycia opcje uk\u0142adu i szablonu. Dzi\u0119ki Recenzjom Elfsight na Facebooku mo\u017cesz udost\u0119pni\u0107 przycisk umo\u017cliwiaj\u0105cy pozostawienie jeszcze jednej recenzji i zebranie opinii klient\u00f3w.<\/p><p><b>Odkryj, jakie klienci publikuj\u0105 o Tobie na Facebooku i podnie\u015b poziom wiarygodno\u015bci!<\/b><\/p><ul><li><b>Podnie\u015b postrzegan\u0105 warto\u015b\u0107 swoich ofert dzi\u0119ki najlepszym recenzjom<\/b><br> U\u017cyj filtr\u00f3w, aby uporz\u0105dkowa\u0107 wszystkie niepo\u017c\u0105dane recenzje i upewni\u0107 si\u0119, \u017ce klienci s\u0105 pewni jako\u015bci Twoich produkt\u00f3w .<\/li><li><b>Zwi\u0119ksz sprzeda\u017c, wykazuj\u0105c si\u0119 doskona\u0142\u0105 ocen\u0105<\/b><br> Wykorzystaj swoje doskona\u0142e oceny i pozytywne recenzje, aby udowodni\u0107, \u017ce Twoje produkty s\u0105 warte zakupu i zwi\u0119kszy\u0107 sprzeda\u017c.<\/li><li> <b>Uzyskaj lepsze zrozumienie swoich ofert<\/b><br> Zaprezentowanie swoich produkt\u00f3w poprzez do\u015bwiadczenia u\u017cytkownik\u00f3w klient\u00f3w pomo\u017ce odwiedzaj\u0105cym lepiej je zrozumie\u0107.<\/li><\/ul><\/div><div class=\"application-platform-content-item- funkcje application-platform-content-item\" id=\" funkcje\" data-nav-section=\" funkcje\"><h2>Funkcje<\/h2><p>Oto kilka funkcji, kt\u00f3re czyni\u0105 nasz widget idealnym narz\u0119dziem dla witryny Webnode:<\/p><ul><li>Trzy typy filtr\u00f3w: wed\u0142ug typu, wykluczone wed\u0142ug i ilo\u015b\u0107 recenzji;<\/li><li>Trzy typy uk\u0142adu: lista, siatka i suwak;<\/li><li>Trzy szablony recenzji: klasyczny, b\u0105belek, reflektor;<\/li><li>Mo\u017cliwo\u015b\u0107 edycji wiadomo\u015b\u0107 SMS po odrzuceniu pro\u015bby o recenzj\u0119 z mo\u017cliwo\u015bci\u0105 formatowania;<\/li><li>6 prze\u0142\u0105czalnych element\u00f3w recenzji: imi\u0119 i zdj\u0119cie autora, rekomendacja, data, ikona Facebooka i liczba gwiazdek;<\/li><\/ul><p><a href=\"#demo\">Przetestuj wszystkie w\u0142a\u015bciwo\u015bci w naszej bezp\u0142atnej wersji demonstracyjnej<\/a><\/p><\/div><div class=\"application-platform-content-item-installation application-platform-content-item\" id=\"installation\" data-nav-section=\"installation\"><h2>Jak doda\u0107 recenzje z Facebooka do witryny Webnode <\/h2><p>Ma\u0142y poradnik dotycz\u0105cy instalacji widgetu bez do\u015bwiadczenia w programowaniu lub poszukiwania tymczasowego programisty. Sumaryczny czas wykonania instrukcji nie przekracza 90 sekund.<\/p><ol><li><b>Stw\u00f3rz swoje indywidualne recenzje na Facebooku<\/b><br>Korzystaj\u0105c z naszej bezp\u0142atnej wersji demonstracyjnej, wtyczki o preferowanym wygl\u0105dzie i funkcjach .<\/li><li><b>Odbierz kod do opublikowania wtyczki<\/b><br>Po skonfigurowaniu wid\u017cetu pobierz kod do wtyczki Recenzje z pojawiaj\u0105cego si\u0119 powiadomienia w aplikacji Elfsight.<\/li><li> <b>Opublikuj wtyczk\u0119 na stronie Webnode<\/b><br>Osad\u017a wtyczk\u0119 w wymaganym miejscu witryny i zapisz wyniki.<\/li><li><b>Gotowe!<\/b> <br>Wejd\u017a na swoj\u0105 stron\u0119, aby zobaczy\u0107 swoj\u0105 wtyczk\u0119.<\/li><\/ol><p>Wyst\u0105pi\u0142y jakie\u015b problemy podczas dodawania lub dostosowywania wtyczki? Skontaktuj si\u0119 z naszym Centrum wsparcia.<\/p><div class=\"faq\" data-component=\"FAQ\"> <div class=\"faq-item\">\r\n\t\t\t\t\t<div class=\"faq-item-question\">\r\n\t\t\t\t\t\t<h3 class=\"faq-item-question-text\">Jak mog\u0119 doda\u0107 recenzje z Facebooka do mojej witryny Webnode bez umiej\u0119tno\u015bci kodowania?<\/h3>\r\n\r\n\t\t\t\t\t\t<div class=\"faq-item-question-icon\"><\/div>\r\n\t\t\t\t\t<\/div>\r\n\r\n\t\t\t\t\t<div class=\"faq-item-answer\">\r\n\t\t\t\t\t\t<div class=\"faq-item-answer-text\"> <p>Elfsight zapewnia rozwi\u0105zanie SaaS, kt\u00f3re pozwala utworzy\u0107 Facebook Sam wid\u017cet Recenzje, przekonaj si\u0119, jak \u0142atwy jest ten proces: Pracuj bezpo\u015brednio w edytorze online, aby utworzy\u0107 wid\u017cet Recenzje na Facebooku, kt\u00f3ry chcesz zobaczy\u0107 na swojej stronie internetowej Webnode. Wybierz jeden z gotowych szablon\u00f3w i dostosuj ustawienia Recenzji na Facebooku, dodaj tre\u015b\u0107, zmie\u0144 uk\u0142ad i kolory bez umiej\u0119tno\u015bci kodowania. Zapisz recenzje na Facebooku i skopiuj ich kod instalacyjny, kt\u00f3ry mo\u017cesz \u0142atwo wklei\u0107 na swojej stronie Webnode bez konieczno\u015bci kupowania wersji p\u0142atnej. Dzi\u0119ki naszemu intuicyjnemu edytorowi ka\u017cdy u\u017cytkownik Internetu mo\u017ce stworzy\u0107 wid\u017cet Recenzje Facebooka online i \u0142atwo osadzi\u0107 go na swojej stronie internetowej Webnode. Aby uzyska\u0107 dost\u0119p do us\u0142ugi, nie trzeba p\u0142aci\u0107 ani wprowadza\u0107 danych uwierzytelniaj\u0105cych karty. Je\u015bli na kt\u00f3rymkolwiek etapie napotkasz jakiekolwiek problemy, skontaktuj si\u0119 z naszym zespo\u0142em pomocy technicznej.<\/p> <\/div>\r\n\t\t\t\t\t<\/div>\r\n\t\t\t\t<\/div> <\/div> <\/div>","protected":false},"excerpt":{"rendered":"","protected":false},"author":9,"featured_media":0,"parent":1078,"menu_order":0,"comment_status":"closed","ping_status":"closed","template":"templates\/template-application-platform.php","meta":{"publish_to_discourse":"","publish_post_category":"","wpdc_auto_publish_overridden":"","wpdc_topic_tags":"","wpdc_pin_topic":"","wpdc_pin_until":"","discourse_post_id":"","discourse_permalink":"","wpdc_publishing_response":"","wpdc_publishing_error":"","footnotes":""},"class_list":["post-5117","page","type-page","status-publish","hentry"],"yoast_head":"<!-- This site is optimized with the Yoast SEO plugin v25.3.1 - https:\/\/yoast.com\/wordpress\/plugins\/seo\/ -->\n<title>Najlepsze recenzje na Facebooku dla witryny Webnode (2025)<\/title>\n<meta name=\"description\" content=\"Przetestuj ju\u017c teraz nasz\u0105 wtyczk\u0119 Facebook Reviews dla Webnode. Skonfiguruj unikalny widget dla swojej witryny w kilka minut!\" \/>\n<meta name=\"robots\" content=\"index, follow, max-snippet:-1, max-image-preview:large, max-video-preview:-1\" \/>\n<link rel=\"canonical\" href=\"https:\/\/elfsight.com\/pl\/facebook-reviews-widget\/webnode\/\" \/>\n<meta property=\"og:locale\" content=\"pl_PL\" \/>\n<meta property=\"og:type\" content=\"article\" \/>\n<meta property=\"og:title\" content=\"Najlepsze recenzje na Facebooku dla witryny Webnode (2025)\" \/>\n<meta property=\"og:description\" content=\"Przetestuj ju\u017c teraz nasz\u0105 wtyczk\u0119 Facebook Reviews dla Webnode. Skonfiguruj unikalny widget dla swojej witryny w kilka minut!\" \/>\n<meta property=\"og:url\" content=\"https:\/\/elfsight.com\/pl\/facebook-reviews-widget\/webnode\/\" \/>\n<meta property=\"og:site_name\" content=\"Elfsight PL\" \/>\n<meta property=\"article:modified_time\" content=\"2024-11-14T12:42:46+00:00\" \/>\n<meta name=\"twitter:card\" content=\"summary_large_image\" \/>\n<meta name=\"twitter:label1\" content=\"Szacowany czas czytania\" \/>\n\t<meta name=\"twitter:data1\" content=\"3 minuty\" \/>\n<!-- \/ Yoast SEO plugin. -->","yoast_head_json":{"title":"Najlepsze recenzje na Facebooku dla witryny Webnode (2025)","description":"Przetestuj ju\u017c teraz nasz\u0105 wtyczk\u0119 Facebook Reviews dla Webnode. Skonfiguruj unikalny widget dla swojej witryny w kilka minut!","robots":{"index":"index","follow":"follow","max-snippet":"max-snippet:-1","max-image-preview":"max-image-preview:large","max-video-preview":"max-video-preview:-1"},"canonical":"https:\/\/elfsight.com\/pl\/facebook-reviews-widget\/webnode\/","og_locale":"pl_PL","og_type":"article","og_title":"Najlepsze recenzje na Facebooku dla witryny Webnode (2025)","og_description":"Przetestuj ju\u017c teraz nasz\u0105 wtyczk\u0119 Facebook Reviews dla Webnode. Skonfiguruj unikalny widget dla swojej witryny w kilka minut!","og_url":"https:\/\/elfsight.com\/pl\/facebook-reviews-widget\/webnode\/","og_site_name":"Elfsight PL","article_modified_time":"2024-11-14T12:42:46+00:00","twitter_card":"summary_large_image","twitter_misc":{"Szacowany czas czytania":"3 minuty"},"schema":{"@context":"https:\/\/schema.org","@graph":[{"@type":"WebPage","@id":"https:\/\/elfsight.com\/pl\/facebook-reviews-widget\/webnode\/","url":"https:\/\/elfsight.com\/pl\/facebook-reviews-widget\/webnode\/","name":"Najlepsze recenzje na Facebooku dla witryny Webnode (2025)","isPartOf":{"@id":"https:\/\/elfsight.com\/pl\/#website"},"datePublished":"2024-05-03T06:36:24+00:00","dateModified":"2024-11-14T12:42:46+00:00","description":"Przetestuj ju\u017c teraz nasz\u0105 wtyczk\u0119 Facebook Reviews dla Webnode. Skonfiguruj unikalny widget dla swojej witryny w kilka minut!","breadcrumb":{"@id":"https:\/\/elfsight.com\/pl\/facebook-reviews-widget\/webnode\/#breadcrumb"},"inLanguage":"pl-PL","potentialAction":[{"@type":"ReadAction","target":["https:\/\/elfsight.com\/pl\/facebook-reviews-widget\/webnode\/"]}]},{"@type":"BreadcrumbList","@id":"https:\/\/elfsight.com\/pl\/facebook-reviews-widget\/webnode\/#breadcrumb","itemListElement":[{"@type":"ListItem","position":1,"name":"Home","item":"https:\/\/elfsight.com\/pl\/"},{"@type":"ListItem","position":2,"name":"Facebook Reviews","item":"https:\/\/elfsight.com\/pl\/facebook-reviews-widget\/"},{"@type":"ListItem","position":3,"name":"Facebook Reviews &#8211; Webnode"}]},{"@type":"WebSite","@id":"https:\/\/elfsight.com\/pl\/#website","url":"https:\/\/elfsight.com\/pl\/","name":"Elfsight PL","description":"Just another Elfsight Sites site","potentialAction":[{"@type":"SearchAction","target":{"@type":"EntryPoint","urlTemplate":"https:\/\/elfsight.com\/pl\/?s={search_term_string}"},"query-input":{"@type":"PropertyValueSpecification","valueRequired":true,"valueName":"search_term_string"}}],"inLanguage":"pl-PL"}]}},"meta_box":{"industry":"","seo_heading":"","heading":"","description":"","cta_heading":"","cta_description":"","application":"1077","h1":"Widget Webnode Recenzje na Facebooku","h1_caption":"Osadzaj recenzje klient\u00f3w ze swojej strony na Facebooku bezpo\u015brednio w swojej witrynie, aby bez wysi\u0142ku zwi\u0119kszy\u0107 zaufanie i dow\u00f3d spo\u0142eczny w swojej witrynie Webnode.","application_category":[],"applications_title":"","applications_request_title":"","applications_request_button_text":"","hero_text":"","hero_video":"","hero_video_schema_markup":"","selling_points_title":"","selling_points_caption":"","selling_points":[],"selling_points_cta_text":"","features_title":"","features":"","ed_cta_examples_text":"","ed_cta_examples_hidden":"","ed_cta_demo_text":"","ed_cta_demo_hidden":"","why_caption":"","why_editor_title":"","why_editor_text":"","why_team_title":"","why_team_text":"","why_service_title":"","why_service_text":"","template_catalog_visible":"","template_catalog_title":"","template_catalog_text":"","template_catalog_categories_visible":"","demo_title":"Utw\u00f3rz wid\u017cet Recenzje na Facebooku","demo_caption":"Skonfiguruj swoje recenzje na Facebooku i dodaj je za darmo do swojej witryny Webnode!","default_faq_hidden":"","app_template_category":[],"platform":"138","template_public_id":"","codecanyon_url":"","codecanyon_item_id":"","codecanyon_price":"","pricing_caption":"","pricing_elfsight_apps_hide_column":"","pricing_elfsight_apps_url":"","pricing_codecanyon_price_caption":"","integration_category":[],"integration_request_title":"","integration_request_cta":"","integration_platform":"","integrations":[],"platform_category":[],"video_schema_markup":"","price":"od 0 USD \/ miesi\u0105c","trial":"","benefits":[{"text":"Bezp\u0142atna pomoc w instalacji"},{"text":"Wyj\u0105tkowe wsparcie"},{"text":"14-dniowa gwarancja zwrotu pieni\u0119dzy"}],"button_url":"#demo","button_target_blank":"","button_nofollow":"","attributes":[{"name":"Instaluje"},{"name":"Czu\u0142y"},{"name":"Kompatybilne przegl\u0105darki"}],"tags":[],"tags_disable_links":"","hide_more_platforms":"","video_object":"","demo_hide_cta":"","demo_hide_cloud_options":"","pricing_title":"","pricing":[{"pricing_icon":"platform","pricing_title":"Elfsight Apps","pricing_title_caption":"Wersja wieloplatformowa, kt\u00f3ra pasuje do ka\u017cdej witryny","pricing_price":"od 0 USD \/ miesi\u0105c","pricing_price_caption":"zacznij od bezp\u0142atnego planu","pricing_benefits":[{"text":"Nielimitowane domeny"},{"text":"Profesjonalne wsparcie firmy"},{"text":"Bezp\u0142atna pomoc w instalacji"},{"text":"\u015awietna oferta na wiele aplikacji"}],"pricing_button_text":"Dodaj do witryny","pricing_button_url":"#demo"}],"related_apps_title":"","related_apps_hidden":"","author":"","image":[],"title":"","job":"","social_networks":[]},"_links":{"self":[{"href":"https:\/\/elfsight.com\/pl\/wp-json\/wp\/v2\/pages\/5117","targetHints":{"allow":["GET"]}}],"collection":[{"href":"https:\/\/elfsight.com\/pl\/wp-json\/wp\/v2\/pages"}],"about":[{"href":"https:\/\/elfsight.com\/pl\/wp-json\/wp\/v2\/types\/page"}],"author":[{"embeddable":true,"href":"https:\/\/elfsight.com\/pl\/wp-json\/wp\/v2\/users\/9"}],"replies":[{"embeddable":true,"href":"https:\/\/elfsight.com\/pl\/wp-json\/wp\/v2\/comments?post=5117"}],"version-history":[{"count":1,"href":"https:\/\/elfsight.com\/pl\/wp-json\/wp\/v2\/pages\/5117\/revisions"}],"predecessor-version":[{"id":5121,"href":"https:\/\/elfsight.com\/pl\/wp-json\/wp\/v2\/pages\/5117\/revisions\/5121"}],"up":[{"embeddable":true,"href":"https:\/\/elfsight.com\/pl\/wp-json\/wp\/v2\/pages\/1078"}],"wp:attachment":[{"href":"https:\/\/elfsight.com\/pl\/wp-json\/wp\/v2\/media?parent=5117"}],"curies":[{"name":"wp","href":"https:\/\/api.w.org\/{rel}","templated":true}]}}