{"id":5112,"date":"2024-05-03T06:36:23","date_gmt":"2024-05-03T06:36:23","guid":{"rendered":"https:\/\/elfsight.com\/pl\/?page_id=5112"},"modified":"2024-11-14T12:42:46","modified_gmt":"2024-11-14T12:42:46","slug":"weebly","status":"publish","type":"page","link":"https:\/\/elfsight.com\/pl\/facebook-reviews-widget\/weebly\/","title":{"rendered":"Facebook Reviews &#8211; Weebly"},"content":{"rendered":"<div class=\"application-platform-content-item-description application-platform-content-item\" id=\"description\" data-nav-section=\"description\"><h2>Opis<\/h2><p>Recenzje Elfsight na Facebooku to p\u0142ynny spos\u00f3b na pokazanie recenzji z Twojej strony na Facebooku na Twojej stronie internetowej i zwi\u0119kszenie zaufania do Twojej firmy przez klient\u00f3w witryny. Mo\u017cesz zastosowa\u0107 filtr recenzji, wy\u015bwietli\u0107 ocen\u0119 w postaci gwiazdek, informacje o autorze i wy\u015bwietli\u0107 przycisk umo\u017cliwiaj\u0105cy pozostawienie nowej recenzji. Widget Recenzje na Facebooku Elfsight ma r\u00f3\u017cne uk\u0142ady i szablony recenzji, prze\u0142\u0105czalne elementy i elastyczny nag\u0142\u00f3wek umo\u017cliwiaj\u0105cy g\u0142\u0119bok\u0105 personalizacj\u0119. Korzystaj\u0105c z recenzji na Facebooku na stronie, wyka\u017cesz si\u0119 du\u017cym uznaniem, wzmocnisz zaufanie i zdob\u0119dziesz wi\u0119cej recenzji.<\/p><p><b>Zdob\u0105d\u017a wi\u0119cej opinii klient\u00f3w, pokazuj\u0105c recenzje na Facebooku z mo\u017cliwo\u015bci\u0105 pozostawienia nowych!<\/b> <\/p><ul><li><b>Zwi\u0119ksz zaufanie, wy\u015bwietlaj\u0105c recenzje prawdziwych u\u017cytkownik\u00f3w<\/b><br> Poka\u017c, \u017ce recenzje s\u0105 autentyczne, korzystaj\u0105c z pe\u0142nych danych autora i zwi\u0119ksz zaufanie do swojej marki.<\/li><li><b>Przyci\u0105gaj wi\u0119ksz\u0105 sprzeda\u017c, pokazuj\u0105c swoj\u0105 wysok\u0105 ocen\u0119<\/b><br> Przedstaw swoje wysokie oceny i pozytywne recenzje, aby udowodni\u0107, \u017ce Twoje produkty s\u0105 warte zakupu i przyci\u0105gn\u0105\u0107 wi\u0119cej zakup\u00f3w.<\/li><li><b>Uzyskaj ja\u015bniejsz\u0105 opini\u0119 zrozumienie Twoich ofert w\u015br\u00f3d nowych u\u017cytkownik\u00f3w<\/b><br> Prezentowanie produkt\u00f3w oczami klient\u00f3w pomo\u017ce potencjalnym klientom lepiej je zrozumie\u0107.<\/li><\/ul><\/div><div class=\"application-platform-content-item-features application-platform-content-item\" id=\"features\" data-nav-section=\"features\"> <h2>Funkcje<\/h2><p>Sprawd\u017a, jakie funkcje sprawiaj\u0105, \u017ce ta wtyczka jest jedn\u0105 z najlepszych dla Weebly:<\/p><ul><li>Prze\u0142\u0105czany nag\u0142\u00f3wek wid\u017cetu;<\/li><li>Wyb\u00f3r numeru recenzji na stron\u0119;<\/li><li>Ustawianie szybko\u015bci slajdu i szybko\u015bci autoodtwarzania;<\/li><li>Linki obs\u0142ugiwane w wiadomo\u015bci o odmowie pro\u015bby o recenzj\u0119;<\/li><li>5 element\u00f3w interfejsu do pomalowania: t\u0142o, tekst recenzji, linki. Przycisk pro\u015bby o recenzj\u0119, ocena;<\/li><\/ul><p><a href=\"#demo\">Sprawd\u017a najwa\u017cniejsze funkcje wersji demonstracyjnej Elfsight<\/a><\/p><\/div><div class=\"application-platform-content-item-installation application-platform-content-item\" id=\"installation\" data-nav-section=\"installation\"><h2>Jak doda\u0107 recenzje z Facebooka do witryny Weebly<\/h2><div class=\"video-container\"><iframe width=\"720\" height=\"405\" src=\"https:\/\/www.youtube.com\/embed\/gTTmnUeCyUQ\" frameborder=\"0\" allowfullscreen=\"\"><\/iframe><\/div><p>Prosta instrukcja osadzania wid\u017cetu na stronie internetowej bez znajomo\u015bci programowania. Ca\u0142kowity czas r\u0119cznego wykonywania nie przekracza 1 minuty.<\/p><ol><li><b>Uruchom nasz darmowy edytor i zacznij tworzy\u0107 niestandardow\u0105 aplikacj\u0119. <\/b><br> Wybierz wybrany interfejs i parametry aplikacji i zastosuj wszystkie modyfikacje. <\/li> <li><b>Zdob\u0105d\u017a sw\u00f3j indywidualny kod pokazany w polu w aplikacjach Elfsight. <\/b><br> Po zako\u0144czeniu dostosowywania aplikacji osobistej skopiuj indywidualny kod z wyskakuj\u0105cego okienka i zachowaj go na p\u00f3\u017aniej. <\/li> <li><b>Rozpocznij korzystanie z aplikacji w witrynie Weebly. <\/b><br> Zintegruj kod, kt\u00f3ry wcze\u015bniej zapisa\u0142e\u015b na swojej stronie internetowej i zastosuj zmiany. <\/li> <li><b>Gotowe! Konfiguracja zosta\u0142a ca\u0142kowicie zako\u0144czona. <\/b><br> Otw\u00f3rz swoj\u0105 witryn\u0119, aby zobaczy\u0107, jak dzia\u0142a aplikacja. <\/li><\/ol><p>Masz trudno\u015bci z dodaniem wtyczki lub jej personalizacj\u0105? Skontaktuj si\u0119 z naszym zespo\u0142em pomocy technicznej.<\/p><div class=\"faq\" data-component=\"FAQ\"> <div class=\"faq-item\">\r\n\t\t\t\t\t<div class=\"faq-item-question\">\r\n\t\t\t\t\t\t<h3 class=\"faq-item-question-text\">Jak mog\u0119 doda\u0107 recenzje z Facebooka do mojej witryny Weebly bez umiej\u0119tno\u015bci kodowania?<\/h3>\r\n\r\n\t\t\t\t\t\t<div class=\"faq-item-question-icon\"><\/div>\r\n\t\t\t\t\t<\/div>\r\n\r\n\t\t\t\t\t<div class=\"faq-item-answer\">\r\n\t\t\t\t\t\t<div class=\"faq-item-answer-text\"> <p>Elfsight zapewnia rozwi\u0105zanie SaaS, kt\u00f3re pozwala utworzy\u0107 Facebook Sam wid\u017cet Recenzje, przekonaj si\u0119, jak \u0142atwy jest ten proces: Pracuj bezpo\u015brednio w edytorze online, aby utworzy\u0107 wid\u017cet Recenzje na Facebooku, kt\u00f3ry chcesz widzie\u0107 w swojej witrynie Weebly. Wybierz jeden z gotowych szablon\u00f3w i dostosuj ustawienia Recenzji na Facebooku, dodaj swoj\u0105 tre\u015b\u0107, zmie\u0144 uk\u0142ad i kolor element\u00f3w bez umiej\u0119tno\u015bci kodowania. Zapisz recenzje na Facebooku i skopiuj ich kod instalacyjny, kt\u00f3ry mo\u017cesz \u0142atwo wklei\u0107 na swojej stronie internetowej Weebly bez konieczno\u015bci kupowania p\u0142atnego planu. Dzi\u0119ki naszemu intuicyjnemu edytorowi ka\u017cdy u\u017cytkownik Internetu mo\u017ce stworzy\u0107 wid\u017cet Recenzje na Facebooku online i \u0142atwo osadzi\u0107 go na swojej stronie internetowej Weebly. Aby uzyska\u0107 dost\u0119p do us\u0142ugi, nie trzeba p\u0142aci\u0107 ani wprowadza\u0107 danych uwierzytelniaj\u0105cych karty. Je\u015bli na kt\u00f3rymkolwiek etapie napotkasz jakiekolwiek problemy, skontaktuj si\u0119 z naszym zespo\u0142em pomocy technicznej.<\/p> <\/div>\r\n\t\t\t\t\t<\/div>\r\n\t\t\t\t<\/div> <\/div> <\/div>","protected":false},"excerpt":{"rendered":"","protected":false},"author":9,"featured_media":0,"parent":1078,"menu_order":0,"comment_status":"closed","ping_status":"closed","template":"templates\/template-application-platform.php","meta":{"publish_to_discourse":"","publish_post_category":"","wpdc_auto_publish_overridden":"","wpdc_topic_tags":"","wpdc_pin_topic":"","wpdc_pin_until":"","discourse_post_id":"","discourse_permalink":"","wpdc_publishing_response":"","wpdc_publishing_error":"","footnotes":""},"class_list":["post-5112","page","type-page","status-publish","hentry"],"yoast_head":"<!-- This site is optimized with the Yoast SEO plugin v25.3.1 - https:\/\/yoast.com\/wordpress\/plugins\/seo\/ -->\n<title>Najlepsza aplikacja do recenzji Facebooka dla witryny Weebly (2025)<\/title>\n<meta name=\"description\" content=\"Stw\u00f3rz swoj\u0105 osobist\u0105 aplikacj\u0119 Recenzje na Facebooku dla Weebly i dodaj j\u0105 na swojej stronie w zaledwie 3 minuty. Darmowe demo, pomoc w projektowaniu i inne dodatki od Elfsight!\" \/>\n<meta name=\"robots\" content=\"index, follow, max-snippet:-1, max-image-preview:large, max-video-preview:-1\" \/>\n<link rel=\"canonical\" href=\"https:\/\/elfsight.com\/pl\/facebook-reviews-widget\/weebly\/\" \/>\n<meta property=\"og:locale\" content=\"pl_PL\" \/>\n<meta property=\"og:type\" content=\"article\" \/>\n<meta property=\"og:title\" content=\"Najlepsza aplikacja do recenzji Facebooka dla witryny Weebly (2025)\" \/>\n<meta property=\"og:description\" content=\"Stw\u00f3rz swoj\u0105 osobist\u0105 aplikacj\u0119 Recenzje na Facebooku dla Weebly i dodaj j\u0105 na swojej stronie w zaledwie 3 minuty. Darmowe demo, pomoc w projektowaniu i inne dodatki od Elfsight!\" \/>\n<meta property=\"og:url\" content=\"https:\/\/elfsight.com\/pl\/facebook-reviews-widget\/weebly\/\" \/>\n<meta property=\"og:site_name\" content=\"Elfsight PL\" \/>\n<meta property=\"article:modified_time\" content=\"2024-11-14T12:42:46+00:00\" \/>\n<meta name=\"twitter:card\" content=\"summary_large_image\" \/>\n<meta name=\"twitter:label1\" content=\"Szacowany czas czytania\" \/>\n\t<meta name=\"twitter:data1\" content=\"3 minuty\" \/>\n<!-- \/ Yoast SEO plugin. -->","yoast_head_json":{"title":"Najlepsza aplikacja do recenzji Facebooka dla witryny Weebly (2025)","description":"Stw\u00f3rz swoj\u0105 osobist\u0105 aplikacj\u0119 Recenzje na Facebooku dla Weebly i dodaj j\u0105 na swojej stronie w zaledwie 3 minuty. Darmowe demo, pomoc w projektowaniu i inne dodatki od Elfsight!","robots":{"index":"index","follow":"follow","max-snippet":"max-snippet:-1","max-image-preview":"max-image-preview:large","max-video-preview":"max-video-preview:-1"},"canonical":"https:\/\/elfsight.com\/pl\/facebook-reviews-widget\/weebly\/","og_locale":"pl_PL","og_type":"article","og_title":"Najlepsza aplikacja do recenzji Facebooka dla witryny Weebly (2025)","og_description":"Stw\u00f3rz swoj\u0105 osobist\u0105 aplikacj\u0119 Recenzje na Facebooku dla Weebly i dodaj j\u0105 na swojej stronie w zaledwie 3 minuty. Darmowe demo, pomoc w projektowaniu i inne dodatki od Elfsight!","og_url":"https:\/\/elfsight.com\/pl\/facebook-reviews-widget\/weebly\/","og_site_name":"Elfsight PL","article_modified_time":"2024-11-14T12:42:46+00:00","twitter_card":"summary_large_image","twitter_misc":{"Szacowany czas czytania":"3 minuty"},"schema":{"@context":"https:\/\/schema.org","@graph":[{"@type":"WebPage","@id":"https:\/\/elfsight.com\/pl\/facebook-reviews-widget\/weebly\/","url":"https:\/\/elfsight.com\/pl\/facebook-reviews-widget\/weebly\/","name":"Najlepsza aplikacja do recenzji Facebooka dla witryny Weebly (2025)","isPartOf":{"@id":"https:\/\/elfsight.com\/pl\/#website"},"datePublished":"2024-05-03T06:36:23+00:00","dateModified":"2024-11-14T12:42:46+00:00","description":"Stw\u00f3rz swoj\u0105 osobist\u0105 aplikacj\u0119 Recenzje na Facebooku dla Weebly i dodaj j\u0105 na swojej stronie w zaledwie 3 minuty. Darmowe demo, pomoc w projektowaniu i inne dodatki od Elfsight!","breadcrumb":{"@id":"https:\/\/elfsight.com\/pl\/facebook-reviews-widget\/weebly\/#breadcrumb"},"inLanguage":"pl-PL","potentialAction":[{"@type":"ReadAction","target":["https:\/\/elfsight.com\/pl\/facebook-reviews-widget\/weebly\/"]}]},{"@type":"BreadcrumbList","@id":"https:\/\/elfsight.com\/pl\/facebook-reviews-widget\/weebly\/#breadcrumb","itemListElement":[{"@type":"ListItem","position":1,"name":"Home","item":"https:\/\/elfsight.com\/pl\/"},{"@type":"ListItem","position":2,"name":"Facebook Reviews","item":"https:\/\/elfsight.com\/pl\/facebook-reviews-widget\/"},{"@type":"ListItem","position":3,"name":"Facebook Reviews &#8211; Weebly"}]},{"@type":"WebSite","@id":"https:\/\/elfsight.com\/pl\/#website","url":"https:\/\/elfsight.com\/pl\/","name":"Elfsight PL","description":"Just another Elfsight Sites site","potentialAction":[{"@type":"SearchAction","target":{"@type":"EntryPoint","urlTemplate":"https:\/\/elfsight.com\/pl\/?s={search_term_string}"},"query-input":{"@type":"PropertyValueSpecification","valueRequired":true,"valueName":"search_term_string"}}],"inLanguage":"pl-PL"}]}},"meta_box":{"industry":"","seo_heading":"","heading":"","description":"","cta_heading":"","cta_description":"","application":"1077","h1":"Aplikacja Weebly z recenzjami na Facebooku","h1_caption":"Osadzaj recenzje klient\u00f3w ze swojej strony na Facebooku bezpo\u015brednio w swojej witrynie, aby bez wysi\u0142ku zwi\u0119kszy\u0107 zaufanie i dow\u00f3d spo\u0142eczny w swojej witrynie Weebly.","application_category":[],"applications_title":"","applications_request_title":"","applications_request_button_text":"","hero_text":"","hero_video":"","hero_video_schema_markup":"","selling_points_title":"","selling_points_caption":"","selling_points":[],"selling_points_cta_text":"","features_title":"","features":"","ed_cta_examples_text":"","ed_cta_examples_hidden":"","ed_cta_demo_text":"","ed_cta_demo_hidden":"","why_caption":"","why_editor_title":"","why_editor_text":"","why_team_title":"","why_team_text":"","why_service_title":"","why_service_text":"","template_catalog_visible":"","template_catalog_title":"","template_catalog_text":"","template_catalog_categories_visible":"","demo_title":"Utw\u00f3rz aplikacj\u0119 Recenzje na Facebooku","demo_caption":"Skonfiguruj swoje recenzje na Facebooku i dodaj je za darmo do swojej witryny Weebly!","default_faq_hidden":"","app_template_category":[],"platform":"132","template_public_id":"","codecanyon_url":"","codecanyon_item_id":"","codecanyon_price":"","pricing_caption":"","pricing_elfsight_apps_hide_column":"","pricing_elfsight_apps_url":"","pricing_codecanyon_price_caption":"","integration_category":[],"integration_request_title":"","integration_request_cta":"","integration_platform":"","integrations":[],"platform_category":[],"video_schema_markup":"","price":"od 0 USD \/ miesi\u0105c","trial":"","benefits":[{"text":"Bezp\u0142atna us\u0142uga monta\u017cu"},{"text":"Skuteczna obs\u0142uga klienta"},{"text":"14-dniowa gwarancja zwrotu pieni\u0119dzy"}],"button_url":"#demo","button_target_blank":"","button_nofollow":"","attributes":[{"name":"Instaluje"},{"name":"Czu\u0142y"},{"name":"Kompatybilne przegl\u0105darki"}],"tags":[],"tags_disable_links":"","hide_more_platforms":"","video_object":"","demo_hide_cta":"","demo_hide_cloud_options":"","pricing_title":"","pricing":[{"pricing_icon":"cloud","pricing_title":"Elfsight Apps","pricing_title_caption":"Oprogramowanie wieloplatformowe","pricing_price":"od 0 USD \/ miesi\u0105c","pricing_price_caption":"zacznij od bezp\u0142atnego planu","pricing_benefits":[{"text":"Nielimitowane domeny"},{"text":"Wsparcie firmy premium i dobrze udokumentowane"},{"text":"Bezp\u0142atne wsparcie przy instalacji"},{"text":"100% konfigurowalny"}],"pricing_button_text":"Dodaj do witryny","pricing_button_url":"#demo"}],"related_apps_title":"","related_apps_hidden":"","author":"","image":[],"title":"","job":"","social_networks":[]},"_links":{"self":[{"href":"https:\/\/elfsight.com\/pl\/wp-json\/wp\/v2\/pages\/5112","targetHints":{"allow":["GET"]}}],"collection":[{"href":"https:\/\/elfsight.com\/pl\/wp-json\/wp\/v2\/pages"}],"about":[{"href":"https:\/\/elfsight.com\/pl\/wp-json\/wp\/v2\/types\/page"}],"author":[{"embeddable":true,"href":"https:\/\/elfsight.com\/pl\/wp-json\/wp\/v2\/users\/9"}],"replies":[{"embeddable":true,"href":"https:\/\/elfsight.com\/pl\/wp-json\/wp\/v2\/comments?post=5112"}],"version-history":[{"count":2,"href":"https:\/\/elfsight.com\/pl\/wp-json\/wp\/v2\/pages\/5112\/revisions"}],"predecessor-version":[{"id":7786,"href":"https:\/\/elfsight.com\/pl\/wp-json\/wp\/v2\/pages\/5112\/revisions\/7786"}],"up":[{"embeddable":true,"href":"https:\/\/elfsight.com\/pl\/wp-json\/wp\/v2\/pages\/1078"}],"wp:attachment":[{"href":"https:\/\/elfsight.com\/pl\/wp-json\/wp\/v2\/media?parent=5112"}],"curies":[{"name":"wp","href":"https:\/\/api.w.org\/{rel}","templated":true}]}}