{"id":5111,"date":"2024-05-03T06:36:22","date_gmt":"2024-05-03T06:36:22","guid":{"rendered":"https:\/\/elfsight.com\/pl\/?page_id=5111"},"modified":"2025-06-24T13:18:12","modified_gmt":"2025-06-24T13:18:12","slug":"wix","status":"publish","type":"page","link":"https:\/\/elfsight.com\/pl\/facebook-reviews-widget\/wix\/","title":{"rendered":"Facebook Reviews &#8211; Wix"},"content":{"rendered":"<div class=\"application-platform-content-item-description application-platform-content-item\" id=\"description\" data-nav-section=\"description\">\n<h2>Opis<\/h2>\n<p>Elfsight Facebook Recenzje to nieskomplikowane narz\u0119dzie, kt\u00f3re pozwala dodawa\u0107 recenzje ze swojej strony na Facebooku do swojej witryny i zwi\u0119ksza\u0107 zaufanie do biznesu w\u015br\u00f3d u\u017cytkownik\u00f3w serwisu. Mo\u017cesz uporz\u0105dkowa\u0107 recenzje, doda\u0107 ocen\u0119 w postaci gwiazdek, dane autora i przycisk umo\u017cliwiaj\u0105cy opublikowanie nowej recenzji. Widget Recenzje na Facebooku Elfsight oferuje r\u00f3\u017cnorodne uk\u0142ady i szablony recenzji, prze\u0142\u0105czalne funkcje interfejsu i elastyczny nag\u0142\u00f3wek umo\u017cliwiaj\u0105cy doskona\u0142e dostosowanie. Za pomoc\u0105 recenzji na Facebooku mo\u017cesz wykaza\u0107 si\u0119 ocen\u0105 klient\u00f3w, wzmocni\u0107 zaufanie i uzyska\u0107 wi\u0119cej recenzji.<\/p>\n<p>Poka\u017c, co m\u00f3wi\u0105 o Tobie klienci na Facebooku i podnie\u015b poziom wiarygodno\u015bci!<\/p>\n<ul>\n    <li><b>Zwi\u0119ksz zaufanie, prezentuj\u0105c recenzje prawdziwych ludzi<\/b><br>Przekonaj u\u017cytkownik\u00f3w, \u017ce Twoje recenzje s\u0105 autentyczne, korzystaj\u0105c ze szczeg\u00f3\u0142owych danych autora i podnie\u015b wiarygodno\u015b\u0107 swojej marki.<\/li>\n    <li><b>Otrzymuj wi\u0119cej recenzji za pomoc\u0105 przycisku wezwania do dzia\u0142ania<\/b><br>Dzi\u0119ki p\u0142ynnemu dost\u0119powi do Twojej strony na Facebooku i inspiruj\u0105cemu przyciskowi wezwania do dzia\u0142ania mo\u017cesz zebra\u0107 wi\u0119cej opinii klient\u00f3w.<\/li>\n    <li><b>Uzyskaj lepsze zrozumienie swoich ofert<\/b><br>Pokazywanie produkt\u00f3w poprzez do\u015bwiadczenia klient\u00f3w pomo\u017ce u\u017cytkownikom uzyska\u0107 w\u0142a\u015bciwe zrozumienie.<\/li>\n<\/ul>\n<\/div>\n\n<div class=\"application-platform-content-item-features application-platform-content-item\" id=\"features\" data-nav-section=\"features\">\n<h2>Funkcje<\/h2>\n<p>Przyjrzyj si\u0119 niekt\u00f3rym zaletom tego wid\u017cetu. Sprawiaj\u0105, \u017ce jest to najlepszy instrument Wix do wy\u015bwietlania recenzji z Facebooka na stronie internetowej:<\/p>\n<ul>\n    <li>Prze\u0142\u0105czane elementy nag\u0142\u00f3wka: ocena i zdj\u0119cia recenzent\u00f3w;<\/li>\n    <li>Typy klasyczne lub murarskie Uk\u0142ad siatki;<\/li>\n    <li>Ustawianie szybko\u015bci slajdu i szybko\u015bci autoodtwarzania;<\/li>\n    <li>\u0141\u0105cza obs\u0142ugiwane w wiadomo\u015bci o odmowie pro\u015bby o sprawdzenie;<\/li>\n    <li>Trzy typy dekoracji recenzji: Obramowanie, T\u0142o, Brak;<\/li>\n<\/ul>\n<p><a href=\"#demo\">Poznaj pe\u0142n\u0105 list\u0119 zalet w naszym demo<\/a><\/p>\n<\/div>\n\n<div class=\"application-platform-content-item-installation application-platform-content-item\" id=\"installation\" data-nav-section=\"installation\"><\/div>\n<h2>Jak osadzi\u0107 recenzje z Facebooka na stronie Wix<\/h2>\n<div class=\"video-container\"><iframe width=\"720\" height=\"405\" src=\"https:\/\/www.youtube.com\/embed\/2cy-yQapEPA\" frameborder=\"0\" allowfullscreen=\"\"><\/iframe><\/div>\n<p>Skorzystaj z naszej kr\u00f3tkiej instrukcji dotycz\u0105cej integracji i personalizacji wtyczki. Zajmie to tylko 3 minuty i nie b\u0119dzie wymaga\u0107 wiedzy z zakresu programowania.<\/p>\n<ol>\n    <li><b>Wybierz widget na rynku Wix<\/b><br>Otw\u00f3rz stron\u0119 z recenzjami na Facebooku i naci\u015bnij \u00abDodaj do witryny\u201d.<\/li>\n    <li><b>Umie\u015b\u0107 wid\u017cet na stronie<\/b><br>W wyskakuj\u0105cym oknie przejd\u017a do \u201eOtw\u00f3rz edytor\u201d i wstaw wid\u017cet na \u017c\u0105dan\u0105 stron\u0119.<\/li>\n    <li><b>Skonfiguruj swoje Recenzje<\/b><br>Ustaw wybrane parametry wygl\u0105du i podaj \u017ar\u00f3d\u0142o recenzji. Zapisz wszystkie zmiany.<\/li>\n    <li><b>Integracja powiod\u0142a si\u0119!<\/b><br>Odwied\u017a witryn\u0119, aby sprawdzi\u0107 swoje recenzje!<\/li>\n<\/ol>\n<p>Nie uda\u0142o si\u0119 doda\u0107 lub wstawi\u0107 wtyczk\u0119 na stronie internetowej? Zostaw wiadomo\u015b\u0107 w naszym centrum pomocy.<\/p>\n<div class=\"faq\" data-component=\"FAQ\">\n    <div class=\"faq-item\">\r\n\t\t\t\t\t<div class=\"faq-item-question\">\r\n\t\t\t\t\t\t<h3 class=\"faq-item-question-text\">Jak doda\u0107 recenzje z Facebooka na mojej stronie Wix?<\/h3>\r\n\r\n\t\t\t\t\t\t<div class=\"faq-item-question-icon\"><\/div>\r\n\t\t\t\t\t<\/div>\r\n\r\n\t\t\t\t\t<div class=\"faq-item-answer\">\r\n\t\t\t\t\t\t<div class=\"faq-item-answer-text\">\n    <p>Wystarczy, \u017ce zbuduj sw\u00f3j widget, nast\u0119pnie zmodyfikuj jego styl i zapisz zmiany. Skopiuj kod swojego wid\u017cetu i osad\u017a go w uk\u0142adzie, kt\u00f3rego u\u017cywasz.<\/p>\n    <\/div>\r\n\t\t\t\t\t<\/div>\r\n\t\t\t\t<\/div>\n    <div class=\"faq-item\">\r\n\t\t\t\t\t<div class=\"faq-item-question\">\r\n\t\t\t\t\t\t<h3 class=\"faq-item-question-text\">Jak zbiera\u0107 recenzje klient\u00f3w Facebooka na temat moich stron produktowych?<\/h3>\r\n\r\n\t\t\t\t\t\t<div class=\"faq-item-question-icon\"><\/div>\r\n\t\t\t\t\t<\/div>\r\n\r\n\t\t\t\t\t<div class=\"faq-item-answer\">\r\n\t\t\t\t\t\t<div class=\"faq-item-answer-text\">\n    <p>Wystarczy, \u017ce u\u017cyjesz przycisku wezwania do dzia\u0142ania. Po naci\u015bni\u0119ciu odwiedzaj\u0105cy b\u0119d\u0105 mieli natychmiastowy dost\u0119p do Twojego profilu.<\/p>\n    <\/div>\r\n\t\t\t\t\t<\/div>\r\n\t\t\t\t<\/div>\n    <div class=\"faq-item\">\r\n\t\t\t\t\t<div class=\"faq-item-question\">\r\n\t\t\t\t\t\t<h3 class=\"faq-item-question-text\">Czy mog\u0119 utworzy\u0107 moj\u0105 aplikacj\u0119 oceniaj\u0105c\u0105 \/ szablon odznaki Wix?<\/h3>\r\n\r\n\t\t\t\t\t\t<div class=\"faq-item-question-icon\"><\/div>\r\n\t\t\t\t\t<\/div>\r\n\r\n\t\t\t\t\t<div class=\"faq-item-answer\">\r\n\t\t\t\t\t\t<div class=\"faq-item-answer-text\">\n    <p>Zastosuj wszystkie punkty ze szczeg\u00f3\u0142owego przewodnika: <\/p>\n    <ol>\n        <li>Uruchom Elfsight konfigurator i zacznij tworzy\u0107 spersonalizowan\u0105 aplikacj\u0119.<\/li>\n        <li>Skonfiguruj aspekty aplikacji i kliknij, aby zapisa\u0107 niezb\u0119dne zmiany.<\/li>\n        <li>Skopiuj kod osobisty pokazany w oknie.<\/li>\n        <li>Umie\u015b\u0107 kod w swojej witrynie i zapisz stron\u0119.<\/li>\n        <li>Osadzi\u0142e\u015b nowy wid\u017cet na swojej stronie.<\/li>\n    <\/ol>\n    <\/div>\r\n\t\t\t\t\t<\/div>\r\n\t\t\t\t<\/div>\n<\/div>","protected":false},"excerpt":{"rendered":"Jak osadzi\u0107 recenzje z Facebooka na stronie Wix Skorzystaj z naszej kr\u00f3tkiej instrukcji dotycz\u0105cej integracji i personalizacji wtyczki. Zajmie to tylko 3 minuty i nie b\u0119dzie wymaga\u0107 wiedzy z zakresu programowania. Wybierz widget na rynku WixOtw\u00f3rz stron\u0119 z recenzjami na Facebooku i naci\u015bnij \u00abDodaj do witryny\u201d. Umie\u015b\u0107 wid\u017cet na stronieW&#8230;","protected":false},"author":9,"featured_media":0,"parent":1078,"menu_order":0,"comment_status":"closed","ping_status":"closed","template":"templates\/template-application-platform.php","meta":{"publish_to_discourse":"","publish_post_category":"","wpdc_auto_publish_overridden":"","wpdc_topic_tags":"","wpdc_pin_topic":"","wpdc_pin_until":"","discourse_post_id":"","discourse_permalink":"","wpdc_publishing_response":"","wpdc_publishing_error":"","footnotes":""},"class_list":["post-5111","page","type-page","status-publish","hentry"],"yoast_head":"<!-- This site is optimized with the Yoast SEO plugin v25.3.1 - https:\/\/yoast.com\/wordpress\/plugins\/seo\/ -->\n<title>Najlepsza aplikacja z recenzjami Facebooka dla witryny Wix (2025)<\/title>\n<meta name=\"description\" content=\"Sprawd\u017a bezp\u0142atnie nasz\u0105 aplikacj\u0119 Recenzje na Facebooku dla Wix. Zaprojektuj spersonalizowany widget Facebooka dla swojej witryny tylko w kilka minut!\" \/>\n<meta name=\"robots\" content=\"index, follow, max-snippet:-1, max-image-preview:large, max-video-preview:-1\" \/>\n<link rel=\"canonical\" href=\"https:\/\/elfsight.com\/pl\/facebook-reviews-widget\/wix\/\" \/>\n<meta property=\"og:locale\" content=\"pl_PL\" \/>\n<meta property=\"og:type\" content=\"article\" \/>\n<meta property=\"og:title\" content=\"Najlepsza aplikacja z recenzjami Facebooka dla witryny Wix (2025)\" \/>\n<meta property=\"og:description\" content=\"Sprawd\u017a bezp\u0142atnie nasz\u0105 aplikacj\u0119 Recenzje na Facebooku dla Wix. Zaprojektuj spersonalizowany widget Facebooka dla swojej witryny tylko w kilka minut!\" \/>\n<meta property=\"og:url\" content=\"https:\/\/elfsight.com\/pl\/facebook-reviews-widget\/wix\/\" \/>\n<meta property=\"og:site_name\" content=\"Elfsight PL\" \/>\n<meta property=\"article:modified_time\" content=\"2025-06-24T13:18:12+00:00\" \/>\n<meta name=\"twitter:card\" content=\"summary_large_image\" \/>\n<meta name=\"twitter:label1\" content=\"Szacowany czas czytania\" \/>\n\t<meta name=\"twitter:data1\" content=\"3 minuty\" \/>\n<!-- \/ Yoast SEO plugin. -->","yoast_head_json":{"title":"Najlepsza aplikacja z recenzjami Facebooka dla witryny Wix (2025)","description":"Sprawd\u017a bezp\u0142atnie nasz\u0105 aplikacj\u0119 Recenzje na Facebooku dla Wix. Zaprojektuj spersonalizowany widget Facebooka dla swojej witryny tylko w kilka minut!","robots":{"index":"index","follow":"follow","max-snippet":"max-snippet:-1","max-image-preview":"max-image-preview:large","max-video-preview":"max-video-preview:-1"},"canonical":"https:\/\/elfsight.com\/pl\/facebook-reviews-widget\/wix\/","og_locale":"pl_PL","og_type":"article","og_title":"Najlepsza aplikacja z recenzjami Facebooka dla witryny Wix (2025)","og_description":"Sprawd\u017a bezp\u0142atnie nasz\u0105 aplikacj\u0119 Recenzje na Facebooku dla Wix. Zaprojektuj spersonalizowany widget Facebooka dla swojej witryny tylko w kilka minut!","og_url":"https:\/\/elfsight.com\/pl\/facebook-reviews-widget\/wix\/","og_site_name":"Elfsight PL","article_modified_time":"2025-06-24T13:18:12+00:00","twitter_card":"summary_large_image","twitter_misc":{"Szacowany czas czytania":"3 minuty"},"schema":{"@context":"https:\/\/schema.org","@graph":[{"@type":"WebPage","@id":"https:\/\/elfsight.com\/pl\/facebook-reviews-widget\/wix\/","url":"https:\/\/elfsight.com\/pl\/facebook-reviews-widget\/wix\/","name":"Najlepsza aplikacja z recenzjami Facebooka dla witryny Wix (2025)","isPartOf":{"@id":"https:\/\/elfsight.com\/pl\/#website"},"datePublished":"2024-05-03T06:36:22+00:00","dateModified":"2025-06-24T13:18:12+00:00","description":"Sprawd\u017a bezp\u0142atnie nasz\u0105 aplikacj\u0119 Recenzje na Facebooku dla Wix. Zaprojektuj spersonalizowany widget Facebooka dla swojej witryny tylko w kilka minut!","breadcrumb":{"@id":"https:\/\/elfsight.com\/pl\/facebook-reviews-widget\/wix\/#breadcrumb"},"inLanguage":"pl-PL","potentialAction":[{"@type":"ReadAction","target":["https:\/\/elfsight.com\/pl\/facebook-reviews-widget\/wix\/"]}]},{"@type":"BreadcrumbList","@id":"https:\/\/elfsight.com\/pl\/facebook-reviews-widget\/wix\/#breadcrumb","itemListElement":[{"@type":"ListItem","position":1,"name":"Home","item":"https:\/\/elfsight.com\/pl\/"},{"@type":"ListItem","position":2,"name":"Facebook Reviews","item":"https:\/\/elfsight.com\/pl\/facebook-reviews-widget\/"},{"@type":"ListItem","position":3,"name":"Facebook Reviews &#8211; Wix"}]},{"@type":"WebSite","@id":"https:\/\/elfsight.com\/pl\/#website","url":"https:\/\/elfsight.com\/pl\/","name":"Elfsight PL","description":"Just another Elfsight Sites site","potentialAction":[{"@type":"SearchAction","target":{"@type":"EntryPoint","urlTemplate":"https:\/\/elfsight.com\/pl\/?s={search_term_string}"},"query-input":{"@type":"PropertyValueSpecification","valueRequired":true,"valueName":"search_term_string"}}],"inLanguage":"pl-PL"}]}},"meta_box":{"industry":"","seo_heading":"","heading":"","description":"","cta_heading":"","cta_description":"","application":"1077","h1":"Aplikacja Wix Recenzje na Facebooku","h1_caption":"Osadzaj recenzje klient\u00f3w ze swojej strony na Facebooku bezpo\u015brednio na swojej stronie internetowej, aby bez wysi\u0142ku zwi\u0119kszy\u0107 zaufanie i dow\u00f3d spo\u0142eczny na swojej stronie Wix.","application_category":[],"applications_title":"","applications_request_title":"","applications_request_button_text":"","hero_text":"","hero_video":"","hero_video_schema_markup":"","selling_points_title":"","selling_points_caption":"","selling_points":[],"selling_points_cta_text":"","features_title":"","features":"","ed_cta_examples_text":"","ed_cta_examples_hidden":"","ed_cta_demo_text":"","ed_cta_demo_hidden":"","why_caption":"","why_editor_title":"","why_editor_text":"","why_team_title":"","why_team_text":"","why_service_title":"","why_service_text":"","template_catalog_visible":"0","template_catalog_title":"","template_catalog_text":"","template_catalog_categories_visible":"","demo_title":"Utw\u00f3rz aplikacj\u0119 Recenzje na Facebooku","demo_caption":"Skonfiguruj swoje recenzje na Facebooku i dodaj je za darmo do swojej witryny Wix!","default_faq_hidden":"","app_template_category":[],"platform":"30","template_public_id":"","codecanyon_url":"","codecanyon_item_id":"","codecanyon_price":"","pricing_caption":"","pricing_elfsight_apps_hide_column":"","pricing_elfsight_apps_url":"","pricing_codecanyon_price_caption":"","integration_category":[],"integration_request_title":"","integration_request_cta":"","integration_platform":"","integrations":[],"platform_category":[],"video_schema_markup":"","price":"od 0 USD \/ miesi\u0105c","trial":"","benefits":[{"text":"Bezp\u0142atna us\u0142uga monta\u017cu"},{"text":"Skuteczna obs\u0142uga klienta"},{"text":"14-dniowa gwarancja zwrotu pieni\u0119dzy"}],"button_url":"#demo","button_target_blank":"0","button_nofollow":"0","attributes":[{"name":"Instaluje"},{"name":"Czu\u0142y"},{"name":"Kompatybilne przegl\u0105darki"}],"tags":[],"tags_disable_links":"0","hide_more_platforms":"0","video_object":"","demo_hide_cta":"0","demo_hide_cloud_options":"0","pricing_title":"","pricing":[{"pricing_icon":"platform","pricing_title":"Elfsight Apps","pricing_title_caption":"Rozwi\u0105zanie wieloplatformowe","pricing_price":"od 0 USD \/ miesi\u0105c","pricing_price_caption":"zacznij od bezp\u0142atnego planu","pricing_benefits":[{"text":"Nieograniczona liczba stron internetowych"},{"text":"Szybkie i terminowe wsparcie"},{"text":"Bezp\u0142atna pomoc w monta\u017cu"},{"text":"W pe\u0142ni konfigurowalny"}],"pricing_button_text":"Dodaj do witryny","pricing_button_url":"#demo"}],"related_apps_title":"","related_apps_hidden":"0","author":"","image":[],"title":"","job":"","social_networks":[]},"_links":{"self":[{"href":"https:\/\/elfsight.com\/pl\/wp-json\/wp\/v2\/pages\/5111","targetHints":{"allow":["GET"]}}],"collection":[{"href":"https:\/\/elfsight.com\/pl\/wp-json\/wp\/v2\/pages"}],"about":[{"href":"https:\/\/elfsight.com\/pl\/wp-json\/wp\/v2\/types\/page"}],"author":[{"embeddable":true,"href":"https:\/\/elfsight.com\/pl\/wp-json\/wp\/v2\/users\/9"}],"replies":[{"embeddable":true,"href":"https:\/\/elfsight.com\/pl\/wp-json\/wp\/v2\/comments?post=5111"}],"version-history":[{"count":3,"href":"https:\/\/elfsight.com\/pl\/wp-json\/wp\/v2\/pages\/5111\/revisions"}],"predecessor-version":[{"id":10415,"href":"https:\/\/elfsight.com\/pl\/wp-json\/wp\/v2\/pages\/5111\/revisions\/10415"}],"up":[{"embeddable":true,"href":"https:\/\/elfsight.com\/pl\/wp-json\/wp\/v2\/pages\/1078"}],"wp:attachment":[{"href":"https:\/\/elfsight.com\/pl\/wp-json\/wp\/v2\/media?parent=5111"}],"curies":[{"name":"wp","href":"https:\/\/api.w.org\/{rel}","templated":true}]}}