{"id":5110,"date":"2024-05-03T06:36:21","date_gmt":"2024-05-03T06:36:21","guid":{"rendered":"https:\/\/elfsight.com\/pl\/?page_id=5110"},"modified":"2024-11-14T12:42:46","modified_gmt":"2024-11-14T12:42:46","slug":"wordpress","status":"publish","type":"page","link":"https:\/\/elfsight.com\/pl\/facebook-reviews-widget\/wordpress\/","title":{"rendered":"Facebook Reviews &#8211; WordPress"},"content":{"rendered":"<div class=\"application-platform-content-item-description application-platform-content-item\" id=\"description\" data-nav-section=\"description\"><h2>Osadzaj recenzje z Facebooka na WordPressie za pomoc\u0105 wid\u017cetu Elfsight<\/h2><p>Ujawniaj na stronie recenzje swoich klient\u00f3w z sieci spo\u0142eczno\u015bciowej za pomoc\u0105 Recenzje Elfsight na Facebooku i pochwal si\u0119 swoj\u0105 wiarygodno\u015bci\u0105. Odwiedzaj\u0105cy witryn\u0119 dowiedz\u0105 si\u0119, co klienci m\u00f3wi\u0105 o Twojej firmie na Facebooku, za pomoc\u0105 wid\u017cetu o przejrzystym wygl\u0105dzie i autentycznych elementach Facebooka. Interfejs jest regulowany i zawiera liczb\u0119 gwiazdek, dane autora, prze\u0142\u0105czalne elementy oraz gotowe opcje uk\u0142adu i szablonu. Korzystaj\u0105c z wtyczki Elfsight Facebook, mo\u017cesz udost\u0119pni\u0107 przycisk umo\u017cliwiaj\u0105cy publikowanie nowych recenzji i pozyskiwanie opinii klient\u00f3w.<\/p><p><b>Poka\u017c, jakie wpisy odbiorcy publikuj\u0105 na temat Twojej firmy na Facebooku i zwi\u0119ksz poziom wiarygodno\u015bci!<\/b><\/p><ul><li><b>Zwi\u0119ksz postrzegan\u0105 warto\u015b\u0107 swoich produkt\u00f3w, prezentuj\u0105c najlepsze recenzje<\/b><br>U\u017cyj filtr\u00f3w, aby ukry\u0107 wszystkie negatywne recenzje i sprawi\u0107, by widzowie nie mieli w\u0105tpliwo\u015bci co do doskona\u0142o\u015bci Twoich produkt\u00f3w.<\/li><li><b>Przyci\u0105gaj wi\u0119cej zakup\u00f3w, pokazuj\u0105c swoj\u0105 wysok\u0105 ocen\u0119<\/b><br>Poka\u017c swoje doskona\u0142e oceny i doskona\u0142e recenzje, aby udowodni\u0107, \u017ce Twoje produkty s\u0105 warte zakupu i przyci\u0105gn\u0105\u0107 nowe zakupy.<\/li><li><b> Uzyskaj lepsze zrozumienie swoich ofert<\/b><br>Prezentacja produkt\u00f3w oczami klient\u00f3w pomo\u017ce u\u017cytkownikom w budowaniu w\u0142a\u015bciwego zrozumienia.<\/li><\/ul><\/div><div class=\"application-platform-content-item-features application-platform-content-item\" id=\"features\" data-nav-section=\"features\"><h2>G\u0142\u00f3wne cechy wid\u017cetu Recenzje na Facebooku<\/h2><p>Oto lista podstawowych funkcji wid\u017cetu Elfsight, kt\u00f3re czyni\u0105 go niezb\u0119dn\u0105 wtyczk\u0105 do WordPressa:<\/p><ul><li>Obs\u0142ugiwane s\u0105 22 predefiniowane j\u0119zyki ;<\/li><li>Klasyczny lub murowany uk\u0142ad siatki;<\/li><li>Trzy szablony recenzji: Klasyczny, Ba\u0144ka, Spotlight;<\/li><li>Przycisk \u017c\u0105dania recenzji umo\u017cliwiaj\u0105cy przekierowanie na stron\u0119 na Facebooku;<\/li><li>Edytowalny tytu\u0142 wid\u017cetu z mo\u017cliwo\u015bci\u0105 regulacji rozmiaru i grubo\u015bci czcionki;<\/li><\/ul><p><a href=\"#demo\">Odkryj wszystkie funkcje w naszym konfiguratorze<\/a><\/p><\/div><div class=\"application-platform-content-item-installation application-platform-content-item\" id=\"installation\" data-nav-section=\"installation\"><h2>Jak doda\u0107 recenzje z Facebooka do witryny WordPress<\/h2><div class=\"video-container\"><iframe width=\"720\" height=\"405\" src=\"https:\/\/www.youtube.com\/embed\/UEK0Me8GX1A\" frameborder=\"0\" allowfullscreen=\"\"><\/iframe><\/div><p>Wystarczy wykona\u0107 poni\u017csze kroki, aby wstawi\u0107 wtyczk\u0119 do WordPressa .<\/p> <ol><li><b>Skorzystaj z naszej bezp\u0142atnej wersji demonstracyjnej i zacznij tworzy\u0107 w\u0142asn\u0105 wtyczk\u0119. <\/b><br> Okre\u015bl odpowiedni interfejs i specyfikacje narz\u0119dzia i zapisz zmiany. <\/li> <li><b>Uzyskaj indywidualny kod, kt\u00f3ry pojawi si\u0119 w oknie aplikacji Elfsight. <\/b><br> Po zako\u0144czeniu generowania osobistego wid\u017cetu Recenzji na Facebooku skopiuj indywidualny kod z wy\u015bwietlonego pola i zachowaj go do wykorzystania w przysz\u0142o\u015bci. <\/li> <li><b>Rozpocznij korzystanie z wid\u017cetu na swojej stronie WordPress. <\/b><br> Zintegruj skopiowany wcze\u015bniej kod na swojej stronie i zapisz zmiany. <\/li> <li><b>Instalacja zosta\u0142a pomy\u015blnie uko\u0144czona. <\/b><br> Odwied\u017a swoj\u0105 witryn\u0119, aby sprawdzi\u0107 dzia\u0142anie wid\u017cetu. <\/li><\/ol> <p>Podczas stosowania instrukcji pojawi\u0142y si\u0119 zapytania? Zostaw wiadomo\u015b\u0107 naszemu centrum wsparcia lub zapoznaj si\u0119 z obszernym tekstem instrukcji i samodzielnie doko\u0144cz konfiguracj\u0119.<\/p><div class=\"faq\" data-component=\"FAQ\"> <div class=\"faq-item\">\r\n\t\t\t\t\t<div class=\"faq-item-question\">\r\n\t\t\t\t\t\t<h3 class=\"faq-item-question-text\">Jak doda\u0107 recenzje z Facebooka do mojej witryny WordPress bez umiej\u0119tno\u015bci kodowania?<\/h3>\r\n\r\n\t\t\t\t\t\t<div class=\"faq-item-question-icon\"><\/div>\r\n\t\t\t\t\t<\/div>\r\n\r\n\t\t\t\t\t<div class=\"faq-item-answer\">\r\n\t\t\t\t\t\t<div class=\"faq-item-answer-text\"> <p>Elfsight zapewnia rozwi\u0105zanie SaaS, kt\u00f3re umo\u017cliwia samodzielne utworzenie wid\u017cetu Recenzje na Facebooku. Przekonaj si\u0119, jak \u0142atwy jest ten proces: Pracuj bezpo\u015brednio w edytorze online, aby utworzy\u0107 wid\u017cet Recenzji na Facebooku, kt\u00f3ry chcesz widzie\u0107 na swojej stronie WordPress. Wybierz jeden z gotowych szablon\u00f3w i dostosuj ustawienia Recenzji na Facebooku, dodaj tre\u015b\u0107, zmie\u0144 uk\u0142ad i kolory bez umiej\u0119tno\u015bci kodowania. Zapisz recenzje na Facebooku i skopiuj ich kod instalacyjny, kt\u00f3ry mo\u017cesz \u0142atwo osadzi\u0107 na swojej stronie WordPress bez konieczno\u015bci kupowania wersji p\u0142atnej. Dzi\u0119ki naszemu intuicyjnemu edytorowi ka\u017cdy u\u017cytkownik Internetu mo\u017ce stworzy\u0107 wid\u017cet Recenzje na Facebooku online i \u0142atwo osadzi\u0107 go na swojej stronie WordPress. Aby uzyska\u0107 dost\u0119p do us\u0142ugi, nie trzeba p\u0142aci\u0107 ani wprowadza\u0107 danych uwierzytelniaj\u0105cych karty. Je\u015bli na kt\u00f3rymkolwiek etapie napotkasz jakiekolwiek problemy, skontaktuj si\u0119 z naszym zespo\u0142em pomocy technicznej.<\/p> <\/div>\r\n\t\t\t\t\t<\/div>\r\n\t\t\t\t<\/div> <\/div> <\/div><p><\/p>","protected":false},"excerpt":{"rendered":"","protected":false},"author":9,"featured_media":0,"parent":1078,"menu_order":0,"comment_status":"closed","ping_status":"closed","template":"templates\/template-application-platform.php","meta":{"publish_to_discourse":"","publish_post_category":"","wpdc_auto_publish_overridden":"","wpdc_topic_tags":"","wpdc_pin_topic":"","wpdc_pin_until":"","discourse_post_id":"","discourse_permalink":"","wpdc_publishing_response":"","wpdc_publishing_error":"","footnotes":""},"class_list":["post-5110","page","type-page","status-publish","hentry"],"yoast_head":"<!-- This site is optimized with the Yoast SEO plugin v25.3.1 - https:\/\/yoast.com\/wordpress\/plugins\/seo\/ -->\n<title>Najlepsza wtyczka Facebook Recenzje dla witryny WordPress (2025)<\/title>\n<meta name=\"description\" content=\"Wypr\u00f3buj za darmo najlepsz\u0105 wtyczk\u0119 Facebook Reviews dla WordPress. \u0141atwa i szybka integracja bez do\u015bwiadczenia w kodowaniu w zaledwie 1 minut\u0119.\" \/>\n<meta name=\"robots\" content=\"index, follow, max-snippet:-1, max-image-preview:large, max-video-preview:-1\" \/>\n<link rel=\"canonical\" href=\"https:\/\/elfsight.com\/pl\/facebook-reviews-widget\/wordpress\/\" \/>\n<meta property=\"og:locale\" content=\"pl_PL\" \/>\n<meta property=\"og:type\" content=\"article\" \/>\n<meta property=\"og:title\" content=\"Najlepsza wtyczka Facebook Recenzje dla witryny WordPress (2025)\" \/>\n<meta property=\"og:description\" content=\"Wypr\u00f3buj za darmo najlepsz\u0105 wtyczk\u0119 Facebook Reviews dla WordPress. \u0141atwa i szybka integracja bez do\u015bwiadczenia w kodowaniu w zaledwie 1 minut\u0119.\" \/>\n<meta property=\"og:url\" content=\"https:\/\/elfsight.com\/pl\/facebook-reviews-widget\/wordpress\/\" \/>\n<meta property=\"og:site_name\" content=\"Elfsight PL\" \/>\n<meta property=\"article:modified_time\" content=\"2024-11-14T12:42:46+00:00\" \/>\n<meta name=\"twitter:card\" content=\"summary_large_image\" \/>\n<meta name=\"twitter:label1\" content=\"Szacowany czas czytania\" \/>\n\t<meta name=\"twitter:data1\" content=\"3 minuty\" \/>\n<!-- \/ Yoast SEO plugin. -->","yoast_head_json":{"title":"Najlepsza wtyczka Facebook Recenzje dla witryny WordPress (2025)","description":"Wypr\u00f3buj za darmo najlepsz\u0105 wtyczk\u0119 Facebook Reviews dla WordPress. \u0141atwa i szybka integracja bez do\u015bwiadczenia w kodowaniu w zaledwie 1 minut\u0119.","robots":{"index":"index","follow":"follow","max-snippet":"max-snippet:-1","max-image-preview":"max-image-preview:large","max-video-preview":"max-video-preview:-1"},"canonical":"https:\/\/elfsight.com\/pl\/facebook-reviews-widget\/wordpress\/","og_locale":"pl_PL","og_type":"article","og_title":"Najlepsza wtyczka Facebook Recenzje dla witryny WordPress (2025)","og_description":"Wypr\u00f3buj za darmo najlepsz\u0105 wtyczk\u0119 Facebook Reviews dla WordPress. \u0141atwa i szybka integracja bez do\u015bwiadczenia w kodowaniu w zaledwie 1 minut\u0119.","og_url":"https:\/\/elfsight.com\/pl\/facebook-reviews-widget\/wordpress\/","og_site_name":"Elfsight PL","article_modified_time":"2024-11-14T12:42:46+00:00","twitter_card":"summary_large_image","twitter_misc":{"Szacowany czas czytania":"3 minuty"},"schema":{"@context":"https:\/\/schema.org","@graph":[{"@type":"WebPage","@id":"https:\/\/elfsight.com\/pl\/facebook-reviews-widget\/wordpress\/","url":"https:\/\/elfsight.com\/pl\/facebook-reviews-widget\/wordpress\/","name":"Najlepsza wtyczka Facebook Recenzje dla witryny WordPress (2025)","isPartOf":{"@id":"https:\/\/elfsight.com\/pl\/#website"},"datePublished":"2024-05-03T06:36:21+00:00","dateModified":"2024-11-14T12:42:46+00:00","description":"Wypr\u00f3buj za darmo najlepsz\u0105 wtyczk\u0119 Facebook Reviews dla WordPress. \u0141atwa i szybka integracja bez do\u015bwiadczenia w kodowaniu w zaledwie 1 minut\u0119.","breadcrumb":{"@id":"https:\/\/elfsight.com\/pl\/facebook-reviews-widget\/wordpress\/#breadcrumb"},"inLanguage":"pl-PL","potentialAction":[{"@type":"ReadAction","target":["https:\/\/elfsight.com\/pl\/facebook-reviews-widget\/wordpress\/"]}]},{"@type":"BreadcrumbList","@id":"https:\/\/elfsight.com\/pl\/facebook-reviews-widget\/wordpress\/#breadcrumb","itemListElement":[{"@type":"ListItem","position":1,"name":"Home","item":"https:\/\/elfsight.com\/pl\/"},{"@type":"ListItem","position":2,"name":"Facebook Reviews","item":"https:\/\/elfsight.com\/pl\/facebook-reviews-widget\/"},{"@type":"ListItem","position":3,"name":"Facebook Reviews &#8211; WordPress"}]},{"@type":"WebSite","@id":"https:\/\/elfsight.com\/pl\/#website","url":"https:\/\/elfsight.com\/pl\/","name":"Elfsight PL","description":"Just another Elfsight Sites site","potentialAction":[{"@type":"SearchAction","target":{"@type":"EntryPoint","urlTemplate":"https:\/\/elfsight.com\/pl\/?s={search_term_string}"},"query-input":{"@type":"PropertyValueSpecification","valueRequired":true,"valueName":"search_term_string"}}],"inLanguage":"pl-PL"}]}},"meta_box":{"industry":"","seo_heading":"","heading":"","description":"","cta_heading":"","cta_description":"","application":"1077","h1":"Wtyczka WordPress Recenzje na Facebooku","h1_caption":"Osadzaj recenzje klient\u00f3w ze swojej strony na Facebooku bezpo\u015brednio w swojej witrynie, aby bez wysi\u0142ku zwi\u0119kszy\u0107 zaufanie i dow\u00f3d spo\u0142eczny w swojej witrynie WordPress.","application_category":[],"applications_title":"","applications_request_title":"","applications_request_button_text":"","hero_text":"","hero_video":"","hero_video_schema_markup":"","selling_points_title":"","selling_points_caption":"","selling_points":[],"selling_points_cta_text":"","features_title":"","features":"","ed_cta_examples_text":"","ed_cta_examples_hidden":"","ed_cta_demo_text":"","ed_cta_demo_hidden":"","why_caption":"","why_editor_title":"","why_editor_text":"","why_team_title":"","why_team_text":"","why_service_title":"","why_service_text":"","template_catalog_visible":"","template_catalog_title":"","template_catalog_text":"","template_catalog_categories_visible":"","demo_title":"Utw\u00f3rz wtyczk\u0119 Recenzje na Facebooku","demo_caption":"Skonfiguruj swoje recenzje na Facebooku i dodaj je za darmo do swojej witryny WordPress!","default_faq_hidden":"","app_template_category":[],"platform":"31","template_public_id":"","codecanyon_url":"","codecanyon_item_id":"","codecanyon_price":"","pricing_caption":"","pricing_elfsight_apps_hide_column":"","pricing_elfsight_apps_url":"","pricing_codecanyon_price_caption":"","integration_category":[],"integration_request_title":"","integration_request_cta":"","integration_platform":"","integrations":[],"platform_category":[],"video_schema_markup":"","price":"od 0 USD \/ miesi\u0105c","trial":"","benefits":[{"text":"Bezp\u0142atna us\u0142uga monta\u017cu"},{"text":"Profesjonalna obs\u0142uga klienta"},{"text":"14-dniowa gwarancja zwrotu pieni\u0119dzy"}],"button_url":"#demo","button_target_blank":"","button_nofollow":"","attributes":[{"name":"Instaluje"},{"name":"Czu\u0142y"},{"name":"Kompatybilne przegl\u0105darki"}],"tags":[],"tags_disable_links":"","hide_more_platforms":"","video_object":"","demo_hide_cta":"","demo_hide_cloud_options":"","pricing_title":"","pricing":[{"pricing_icon":"platform","pricing_title":"Elfsight Apps","pricing_title_caption":"Oprogramowanie wieloplatformowe, kt\u00f3re pasuje do ka\u017cdej witryny internetowej","pricing_price":"od 0 USD \/ miesi\u0105c","pricing_price_caption":"zacznij od bezp\u0142atnego planu","pricing_benefits":[{"text":"Nielimitowane domeny"},{"text":"Bezp\u0142atne wsparcie"},{"text":"Bezp\u0142atna us\u0142uga monta\u017cu"},{"text":"Cena do z\u0142apania dla wielu aplikacji"}],"pricing_button_text":"Dodaj do witryny","pricing_button_url":"#demo"}],"related_apps_title":"","related_apps_hidden":"","author":"","image":[],"title":"","job":"","social_networks":[]},"_links":{"self":[{"href":"https:\/\/elfsight.com\/pl\/wp-json\/wp\/v2\/pages\/5110","targetHints":{"allow":["GET"]}}],"collection":[{"href":"https:\/\/elfsight.com\/pl\/wp-json\/wp\/v2\/pages"}],"about":[{"href":"https:\/\/elfsight.com\/pl\/wp-json\/wp\/v2\/types\/page"}],"author":[{"embeddable":true,"href":"https:\/\/elfsight.com\/pl\/wp-json\/wp\/v2\/users\/9"}],"replies":[{"embeddable":true,"href":"https:\/\/elfsight.com\/pl\/wp-json\/wp\/v2\/comments?post=5110"}],"version-history":[{"count":2,"href":"https:\/\/elfsight.com\/pl\/wp-json\/wp\/v2\/pages\/5110\/revisions"}],"predecessor-version":[{"id":7784,"href":"https:\/\/elfsight.com\/pl\/wp-json\/wp\/v2\/pages\/5110\/revisions\/7784"}],"up":[{"embeddable":true,"href":"https:\/\/elfsight.com\/pl\/wp-json\/wp\/v2\/pages\/1078"}],"wp:attachment":[{"href":"https:\/\/elfsight.com\/pl\/wp-json\/wp\/v2\/media?parent=5110"}],"curies":[{"name":"wp","href":"https:\/\/api.w.org\/{rel}","templated":true}]}}