{"id":5109,"date":"2024-05-03T06:36:20","date_gmt":"2024-05-03T06:36:20","guid":{"rendered":"https:\/\/elfsight.com\/pl\/?page_id=5109"},"modified":"2024-11-14T12:42:38","modified_gmt":"2024-11-14T12:42:38","slug":"bigcommerce","status":"publish","type":"page","link":"https:\/\/elfsight.com\/pl\/facebook-reviews-widget\/bigcommerce\/","title":{"rendered":"Facebook Reviews &#8211; BigCommerce"},"content":{"rendered":"<div class=\"application-platform-content-item-description application-platform-content-item\" id=\"description\" data-nav-section=\"description\"><h2>Opis<\/h2><p>Odkryj recenzje swoich klient\u00f3w z Facebooka na stronie dzi\u0119ki Elfsight Facebook Reviews i udowodnij sw\u00f3j wysoki poziom zaufania. U\u017cytkownicy serwisu dowiedz\u0105 si\u0119, co klienci m\u00f3wi\u0105 o Twoich produktach na Facebooku, w widgecie o zr\u00f3wnowa\u017conym interfejsie i oryginalnych elementach Facebooka. Interfejs jest responsywny i wy\u015bwietla oceny w gwiazdkach, dane autora, prze\u0142\u0105czalne funkcje oraz wst\u0119pnie ustawione uk\u0142ady i warianty szablon\u00f3w. Za pomoc\u0105 Recenzji Elfsight na Facebooku mo\u017cesz doda\u0107 przycisk umo\u017cliwiaj\u0105cy pozostawienie nowej recenzji i otrzymanie w ten spos\u00f3b \u015bwie\u017cej opinii.<\/p><p>Otrzymuj wi\u0119cej informacji o klientach przedstawiaj\u0105cych recenzje na Facebooku z funkcj\u0105 pisania nowych!<\/p><ul><li><b>Zwi\u0119ksz zaufanie, ujawniaj\u0105c recenzje prawdziwych u\u017cytkownik\u00f3w<\/b><br>Udowodnij, \u017ce Twoje recenzje s\u0105 prawdziwe, korzystaj\u0105c ze szczeg\u00f3\u0142owych danych autora i zwi\u0119ksz wiarygodno\u015b\u0107 swojej marki.<\/li><li><b>Przyci\u0105gaj recenzje za pomoc\u0105 przycisku wezwania do dzia\u0142ania<\/b><br>Dzi\u0119ki p\u0142ynnemu dost\u0119powi do Twojej strony na Facebooku i inspiruj\u0105cemu przyciskowi wezwania do dzia\u0142ania mo\u017cesz uzyska\u0107 wi\u0119cej recenzji klient\u00f3w.<\/li><li><b>Uzyskaj lepsze zrozumienie swoich ofert<\/b><br>Pokazywanie swoich produkt\u00f3w na podstawie do\u015bwiadcze\u0144 klient\u00f3w pomo\u017ce przysz\u0142ym klientom lepiej je zrozumie\u0107.<\/li><\/ul><\/div><div class=\"application-platform-content-item-funkcje application-platform-content-item\" id=\"funkcje\" data-nav-section=\"funkcje\"><h2>Funkcje<\/h2><p>Dlaczego Elfsight jest wtyczk\u0105 najlepsz\u0105 spo\u015br\u00f3d wysokiej jako\u015bci wid\u017cet\u00f3w BigCommerce? Wypr\u00f3buj nasze wiod\u0105ce cechy:<\/p><ul><li>Prze\u0142\u0105czane elementy nag\u0142\u00f3wka: ocena i zdj\u0119cia recenzent\u00f3w;<\/li><li>Nawigacja za pomoc\u0105 strza\u0142ek i przeci\u0105gania w uk\u0142adzie suwaka;<\/li><li>Ustawianie pr\u0119dko\u015b\u0107 slajdu i pr\u0119dko\u015b\u0107 autoodtwarzania;<\/li><li>Dwa scenariusze odmowy pro\u015bby o sprawdzenie: poka\u017c wiadomo\u015b\u0107 lub ukryj formularz;<\/li><li>5 element\u00f3w interfejsu do pomalowania: t\u0142o, tekst recenzji, linki. Przycisk \u017c\u0105dania recenzji, ocena;<\/li><\/ul><p><a href=\"#demo\">Mo\u017cesz wypr\u00f3bowa\u0107 wszystkie zalety za pomoc\u0105 edytora na \u017cywo<\/a><\/p><\/div><div class=\"application-platform-content-item-installation application-platform-content-item\" id=\"installation\" data-nav-section=\"installation\"><h2>Jak osadzi\u0107 recenzje z Facebooka w witrynie BigCommerce<\/h2><div class=\"video-container\"><iframe width=\"720\" height=\"405\" src=\"https:\/\/www.youtube.com\/embed\/kl7pq1zmjbU\" frameborder=\"0\" allowfullscreen=\"\"><\/iframe><\/div><p>Wystarczy post\u0119powa\u0107 zgodnie z poni\u017cszymi wskaz\u00f3wkami, aby zintegrowa\u0107 wid\u017cet z BigCommerce.<\/p> <ol><li><b>Uruchom nasz darmowy edytor i zacznij tworzy\u0107 w\u0142asn\u0105 aplikacj\u0119. <\/b><br> Okre\u015bl wybrany uk\u0142ad i parametry wid\u017cetu i zapisz zmiany. <\/li> <li><b>Skopiuj sw\u00f3j unikalny kod ujawniony w specjalnym formularzu w aplikacjach Elfsight. <\/b><br> Po zako\u0144czeniu konfiguracji osobistego wid\u017cetu Recenzji na Facebooku skopiuj ekskluzywny kod z wy\u015bwietlonego pola i zapisz go na p\u00f3\u017aniej. <\/li> <li><b>Zainicjuj u\u017cycie wid\u017cetu w swojej witrynie BigCommerce. <\/b><br> Dodaj skopiowany wcze\u015bniej kod na swoj\u0105 stron\u0119 i zapisz ulepszenia. <\/li> <li><b>Gotowe! Konfiguracja zosta\u0142a pomy\u015blnie przeprowadzona. <\/b><br> Odwied\u017a swoj\u0105 witryn\u0119, aby zobaczy\u0107, jak dzia\u0142a to narz\u0119dzie. <\/li><\/ol><p>Potrzebujesz pomocy przy dodawaniu lub generowaniu wtyczki? Specjali\u015bci wsparcia Elfsight ch\u0119tnie udziel\u0105 wsparcia i zaproponuj\u0105 rozwi\u0105zanie!<\/p><div class=\"faq\" data-component=\"FAQ\"> <div class=\"faq-item\">\r\n\t\t\t\t\t<div class=\"faq-item-question\">\r\n\t\t\t\t\t\t<h3 class=\"faq-item-question-text\">Jak mog\u0119 doda\u0107 recenzje z Facebooka do mojej witryny BigCommerce bez umiej\u0119tno\u015bci kodowania?<\/h3>\r\n\r\n\t\t\t\t\t\t<div class=\"faq-item-question-icon\"><\/div>\r\n\t\t\t\t\t<\/div>\r\n\r\n\t\t\t\t\t<div class=\"faq-item-answer\">\r\n\t\t\t\t\t\t<div class=\"faq-item-answer-text\"> <p>Elfsight zapewnia rozwi\u0105zanie SaaS, kt\u00f3re pozwala Ci samodzielnie utworzy\u0107 wid\u017cet Recenzji na Facebooku, przekonaj si\u0119, jak \u0142atwy jest ten proces: Pracuj bezpo\u015brednio w edytorze online, aby utworzy\u0107 wid\u017cet Recenzji na Facebooku, kt\u00f3ry chcia\u0142by\u015b zobaczy\u0107 na swojej stronie BigCommerce. Wybierz jeden z gotowych szablon\u00f3w i dostosuj ustawienia Recenzji na Facebooku, dodaj tre\u015b\u0107, zmie\u0144 uk\u0142ad i kolory bez umiej\u0119tno\u015bci kodowania. Zapisz recenzje na Facebooku i skopiuj ich kod instalacyjny, kt\u00f3ry mo\u017cesz po prostu doda\u0107 na swojej stronie BigCommerce bez kupowania wersji p\u0142atnej. Dzi\u0119ki naszemu intuicyjnemu edytorowi ka\u017cdy u\u017cytkownik Internetu mo\u017ce stworzy\u0107 wid\u017cet Recenzje na Facebooku online i \u0142atwo osadzi\u0107 go na swojej stronie BigCommerce. Aby uzyska\u0107 dost\u0119p do us\u0142ugi, nie trzeba p\u0142aci\u0107 ani wprowadza\u0107 danych uwierzytelniaj\u0105cych karty. Je\u015bli na kt\u00f3rymkolwiek etapie napotkasz jakiekolwiek problemy, skontaktuj si\u0119 z naszym zespo\u0142em pomocy technicznej.<\/p> <\/div>\r\n\t\t\t\t\t<\/div>\r\n\t\t\t\t<\/div> <\/div> <\/div>","protected":false},"excerpt":{"rendered":"","protected":false},"author":9,"featured_media":0,"parent":1078,"menu_order":0,"comment_status":"closed","ping_status":"closed","template":"templates\/template-application-platform.php","meta":{"publish_to_discourse":"","publish_post_category":"","wpdc_auto_publish_overridden":"","wpdc_topic_tags":"","wpdc_pin_topic":"","wpdc_pin_until":"","discourse_post_id":"","discourse_permalink":"","wpdc_publishing_response":"","wpdc_publishing_error":"","footnotes":""},"class_list":["post-5109","page","type-page","status-publish","hentry"],"yoast_head":"<!-- This site is optimized with the Yoast SEO plugin v25.3.1 - https:\/\/yoast.com\/wordpress\/plugins\/seo\/ -->\n<title>Najlepsza aplikacja z recenzjami Facebooka dla witryny BigCommerce (2025)<\/title>\n<meta name=\"description\" content=\"Stw\u00f3rz dostosowan\u0105 aplikacj\u0119 Recenzje na Facebooku dla witryny BigCommerce. Dodaj interaktywne wid\u017cety w zaledwie 3 minuty za darmo, korzystaj\u0105c z najprostszego edytora wtyczek.\" \/>\n<meta name=\"robots\" content=\"index, follow, max-snippet:-1, max-image-preview:large, max-video-preview:-1\" \/>\n<link rel=\"canonical\" href=\"https:\/\/elfsight.com\/pl\/facebook-reviews-widget\/bigcommerce\/\" \/>\n<meta property=\"og:locale\" content=\"pl_PL\" \/>\n<meta property=\"og:type\" content=\"article\" \/>\n<meta property=\"og:title\" content=\"Najlepsza aplikacja z recenzjami Facebooka dla witryny BigCommerce (2025)\" \/>\n<meta property=\"og:description\" content=\"Stw\u00f3rz dostosowan\u0105 aplikacj\u0119 Recenzje na Facebooku dla witryny BigCommerce. Dodaj interaktywne wid\u017cety w zaledwie 3 minuty za darmo, korzystaj\u0105c z najprostszego edytora wtyczek.\" \/>\n<meta property=\"og:url\" content=\"https:\/\/elfsight.com\/pl\/facebook-reviews-widget\/bigcommerce\/\" \/>\n<meta property=\"og:site_name\" content=\"Elfsight PL\" \/>\n<meta property=\"article:modified_time\" content=\"2024-11-14T12:42:38+00:00\" \/>\n<meta name=\"twitter:card\" content=\"summary_large_image\" \/>\n<meta name=\"twitter:label1\" content=\"Szacowany czas czytania\" \/>\n\t<meta name=\"twitter:data1\" content=\"3 minuty\" \/>\n<!-- \/ Yoast SEO plugin. -->","yoast_head_json":{"title":"Najlepsza aplikacja z recenzjami Facebooka dla witryny BigCommerce (2025)","description":"Stw\u00f3rz dostosowan\u0105 aplikacj\u0119 Recenzje na Facebooku dla witryny BigCommerce. Dodaj interaktywne wid\u017cety w zaledwie 3 minuty za darmo, korzystaj\u0105c z najprostszego edytora wtyczek.","robots":{"index":"index","follow":"follow","max-snippet":"max-snippet:-1","max-image-preview":"max-image-preview:large","max-video-preview":"max-video-preview:-1"},"canonical":"https:\/\/elfsight.com\/pl\/facebook-reviews-widget\/bigcommerce\/","og_locale":"pl_PL","og_type":"article","og_title":"Najlepsza aplikacja z recenzjami Facebooka dla witryny BigCommerce (2025)","og_description":"Stw\u00f3rz dostosowan\u0105 aplikacj\u0119 Recenzje na Facebooku dla witryny BigCommerce. Dodaj interaktywne wid\u017cety w zaledwie 3 minuty za darmo, korzystaj\u0105c z najprostszego edytora wtyczek.","og_url":"https:\/\/elfsight.com\/pl\/facebook-reviews-widget\/bigcommerce\/","og_site_name":"Elfsight PL","article_modified_time":"2024-11-14T12:42:38+00:00","twitter_card":"summary_large_image","twitter_misc":{"Szacowany czas czytania":"3 minuty"},"schema":{"@context":"https:\/\/schema.org","@graph":[{"@type":"WebPage","@id":"https:\/\/elfsight.com\/pl\/facebook-reviews-widget\/bigcommerce\/","url":"https:\/\/elfsight.com\/pl\/facebook-reviews-widget\/bigcommerce\/","name":"Najlepsza aplikacja z recenzjami Facebooka dla witryny BigCommerce (2025)","isPartOf":{"@id":"https:\/\/elfsight.com\/pl\/#website"},"datePublished":"2024-05-03T06:36:20+00:00","dateModified":"2024-11-14T12:42:38+00:00","description":"Stw\u00f3rz dostosowan\u0105 aplikacj\u0119 Recenzje na Facebooku dla witryny BigCommerce. Dodaj interaktywne wid\u017cety w zaledwie 3 minuty za darmo, korzystaj\u0105c z najprostszego edytora wtyczek.","breadcrumb":{"@id":"https:\/\/elfsight.com\/pl\/facebook-reviews-widget\/bigcommerce\/#breadcrumb"},"inLanguage":"pl-PL","potentialAction":[{"@type":"ReadAction","target":["https:\/\/elfsight.com\/pl\/facebook-reviews-widget\/bigcommerce\/"]}]},{"@type":"BreadcrumbList","@id":"https:\/\/elfsight.com\/pl\/facebook-reviews-widget\/bigcommerce\/#breadcrumb","itemListElement":[{"@type":"ListItem","position":1,"name":"Home","item":"https:\/\/elfsight.com\/pl\/"},{"@type":"ListItem","position":2,"name":"Facebook Reviews","item":"https:\/\/elfsight.com\/pl\/facebook-reviews-widget\/"},{"@type":"ListItem","position":3,"name":"Facebook Reviews &#8211; BigCommerce"}]},{"@type":"WebSite","@id":"https:\/\/elfsight.com\/pl\/#website","url":"https:\/\/elfsight.com\/pl\/","name":"Elfsight PL","description":"Just another Elfsight Sites site","potentialAction":[{"@type":"SearchAction","target":{"@type":"EntryPoint","urlTemplate":"https:\/\/elfsight.com\/pl\/?s={search_term_string}"},"query-input":{"@type":"PropertyValueSpecification","valueRequired":true,"valueName":"search_term_string"}}],"inLanguage":"pl-PL"}]}},"meta_box":{"industry":"","seo_heading":"","heading":"","description":"","cta_heading":"","cta_description":"","application":"1077","h1":"Widget Recenzje BigCommerce na Facebooku","h1_caption":"Osadzaj recenzje klient\u00f3w ze swojej strony na Facebooku bezpo\u015brednio w swojej witrynie, aby bez wysi\u0142ku zwi\u0119kszy\u0107 zaufanie i dow\u00f3d spo\u0142eczny w swojej witrynie BigCommerce.","application_category":[],"applications_title":"","applications_request_title":"","applications_request_button_text":"","hero_text":"","hero_video":"","hero_video_schema_markup":"","selling_points_title":"","selling_points_caption":"","selling_points":[],"selling_points_cta_text":"","features_title":"","features":"","ed_cta_examples_text":"","ed_cta_examples_hidden":"","ed_cta_demo_text":"","ed_cta_demo_hidden":"","why_caption":"","why_editor_title":"","why_editor_text":"","why_team_title":"","why_team_text":"","why_service_title":"","why_service_text":"","template_catalog_visible":"","template_catalog_title":"","template_catalog_text":"","template_catalog_categories_visible":"","demo_title":"Utw\u00f3rz aplikacj\u0119 Recenzje na Facebooku","demo_caption":"Skonfiguruj swoje recenzje na Facebooku i dodaj je za darmo do swojej witryny BigCommerce!","default_faq_hidden":"","app_template_category":[],"platform":"41","template_public_id":"","codecanyon_url":"","codecanyon_item_id":"","codecanyon_price":"","pricing_caption":"","pricing_elfsight_apps_hide_column":"","pricing_elfsight_apps_url":"","pricing_codecanyon_price_caption":"","integration_category":[],"integration_request_title":"","integration_request_cta":"","integration_platform":"","integrations":[],"platform_category":[],"video_schema_markup":"","price":"od 0 USD \/ miesi\u0105c","trial":"","benefits":[{"text":"Bezp\u0142atna us\u0142uga monta\u017cu"},{"text":"Wyj\u0105tkowe wsparcie"},{"text":"14-dniowa gwarancja zwrotu pieni\u0119dzy"}],"button_url":"#demo","button_target_blank":"","button_nofollow":"","attributes":[{"name":"Instaluje"},{"name":"Czu\u0142y"},{"name":"Kompatybilne przegl\u0105darki"}],"tags":[],"tags_disable_links":"","hide_more_platforms":"","video_object":"","demo_hide_cta":"","demo_hide_cloud_options":"","pricing_title":"","pricing":[{"pricing_icon":"platform","pricing_title":"Elfsight Apps","pricing_title_caption":"Wersja wieloplatformowa, kt\u00f3ra pasuje do ka\u017cdej witryny","pricing_price":"od 0 USD \/ miesi\u0105c","pricing_price_caption":"zacznij od bezp\u0142atnego planu","pricing_benefits":[{"text":"Nielimitowane strony internetowe"},{"text":"Profesjonalne wsparcie firmy"},{"text":"Bezp\u0142atne wsparcie przy instalacji"},{"text":"100% konfigurowalny"}],"pricing_button_text":"Dodaj do witryny","pricing_button_url":"#demo"}],"related_apps_title":"","related_apps_hidden":"","author":"","image":[],"title":"","job":"","social_networks":[]},"_links":{"self":[{"href":"https:\/\/elfsight.com\/pl\/wp-json\/wp\/v2\/pages\/5109","targetHints":{"allow":["GET"]}}],"collection":[{"href":"https:\/\/elfsight.com\/pl\/wp-json\/wp\/v2\/pages"}],"about":[{"href":"https:\/\/elfsight.com\/pl\/wp-json\/wp\/v2\/types\/page"}],"author":[{"embeddable":true,"href":"https:\/\/elfsight.com\/pl\/wp-json\/wp\/v2\/users\/9"}],"replies":[{"embeddable":true,"href":"https:\/\/elfsight.com\/pl\/wp-json\/wp\/v2\/comments?post=5109"}],"version-history":[{"count":2,"href":"https:\/\/elfsight.com\/pl\/wp-json\/wp\/v2\/pages\/5109\/revisions"}],"predecessor-version":[{"id":7783,"href":"https:\/\/elfsight.com\/pl\/wp-json\/wp\/v2\/pages\/5109\/revisions\/7783"}],"up":[{"embeddable":true,"href":"https:\/\/elfsight.com\/pl\/wp-json\/wp\/v2\/pages\/1078"}],"wp:attachment":[{"href":"https:\/\/elfsight.com\/pl\/wp-json\/wp\/v2\/media?parent=5109"}],"curies":[{"name":"wp","href":"https:\/\/api.w.org\/{rel}","templated":true}]}}