{"id":5104,"date":"2024-05-03T06:36:19","date_gmt":"2024-05-03T06:36:19","guid":{"rendered":"https:\/\/elfsight.com\/pl\/?page_id=5104"},"modified":"2024-11-14T12:42:38","modified_gmt":"2024-11-14T12:42:38","slug":"opencart","status":"publish","type":"page","link":"https:\/\/elfsight.com\/pl\/facebook-reviews-widget\/opencart\/","title":{"rendered":"Facebook Reviews &#8211; OpenCart"},"content":{"rendered":"<div class=\"application-platform-content-item-description application-platform-content-item\" id=\"description\" data-nav-section=\"description\"><h2>Opis<\/h2><p>Opublikuj recenzje swoich klient\u00f3w z Facebooka na stronie z Elfsight Facebook Reviews i poka\u017c swoj\u0105 wiarygodno\u015b\u0107. Odwiedzaj\u0105cy witryn\u0119 dowiedz\u0105 si\u0119, co ludzie m\u00f3wi\u0105 o Twojej firmie na Facebooku, dzi\u0119ki wid\u017cetowi o zr\u00f3wnowa\u017conym wygl\u0105dzie i oryginalnych elementach Facebooka. Interfejs jest responsywny i zawiera oceny w gwiazdkach, informacje o autorze, prze\u0142\u0105czalne komponenty oraz wst\u0119pnie ustawione uk\u0142ady i warianty szablon\u00f3w. Dzi\u0119ki Recenzjom na Facebooku Elfsight mo\u017cesz doda\u0107 przycisk umo\u017cliwiaj\u0105cy wystawianie recenzji i przyci\u0105ganie wi\u0119kszej liczby opinii.<\/p><p><b>Zdob\u0105d\u017a wi\u0119cej opinii klient\u00f3w, przedstawiaj\u0105c recenzje na Facebooku za pomoc\u0105 wezwania do dzia\u0142ania!<\/b><\/p><ul><li><b>Podnie\u015b wiarygodno\u015b\u0107 swojej firmy, demonstruj\u0105c recenzje prawdziwych klient\u00f3w<\/b><br>Wyka\u017c, \u017ce recenzje s\u0105 autentyczne, podaj\u0105c szczeg\u00f3\u0142owe informacje o autorze, i zwi\u0119ksz zaufanie do swojej marki.<\/li> <li><b>Przyci\u0105gaj nowe sprzeda\u017ce, pokazuj\u0105c swoj\u0105 wysok\u0105 ocen\u0119<\/b><br>Wykorzystaj swoje doskona\u0142e oceny i pozytywne recenzje, aby wykaza\u0107, \u017ce Twoje produkty s\u0105 warte zakupu i przyci\u0105gn\u0105\u0107 nowych zakup\u00f3w.<\/li><li><b>Uzyskaj lepsze zrozumienie swoich ofert<\/b><br>Prezentacja swoich produkt\u00f3w poprzez do\u015bwiadczenie klient\u00f3w pomo\u017ce przysz\u0142ym klientom lepiej je zrozumie\u0107.<\/li><\/ul><\/div><div class=\"application-platform-content-item-funkcje application-platform-content-item\" id=\"funkcje\" data-nav-section=\"funkcje\"><h2>Funkcje<\/h2><p>Kluczowe zalety naszego wid\u017cetu, kt\u00f3re czyni\u0105 go najlepszym dla OpenCart:<\/p><ul><li>Prze\u0142\u0105czany nag\u0142\u00f3wek wid\u017cetu;<\/li><li>Nawigacja strza\u0142kami i przeci\u0105ganiem w uk\u0142adzie Slider;<\/li><li>Trzy szablony recenzji: Klasyczny, B\u0105belek, Spotlight;<\/li><li>Edytowalna wiadomo\u015b\u0107 tekstowa po odrzuceniu pro\u015bby o sprawdzenie, z opcjami formatowania;<\/li> <li>Trzy typy dekoracji recenzji: Obramowanie, T\u0142o, Brak;<\/li><\/ul><p><a href=\"#demo\">Przeczytaj wszystkie wyr\u00f3\u017cniaj\u0105ce si\u0119 funkcje w naszym darmowym konstruktorze<\/a><\/p><\/div><div class=\"application-platform-content-item-installation application-platform-content-item\" id=\"installation\" data-nav-section=\"installation\"><h2>Jak doda\u0107 recenzje z Facebooka do witryny OpenCart<\/h2><p>Wystarczy post\u0119powa\u0107 zgodnie z poni\u017cszymi wskaz\u00f3wkami, aby rozpocz\u0105\u0107 korzystanie z narz\u0119dzia w OpenCart.<\/p> <ol><li><b>Wykonaj nasze bezp\u0142atne demo i rozpocznij tworzenie w\u0142asnego instrumentu. <\/b><br> Okre\u015bl po\u017c\u0105dany projekt i parametry rozszerzenia i zapisz zmiany. <\/li> <li><b>Odbierz indywidualny kod pokazany w oknie aplikacji Elfsight. <\/b><br> Zaraz po utworzeniu osobistego rozszerzenia Recenzji na Facebooku skopiuj indywidualny kod z wy\u015bwietlonego okna i zapisz go na dalsze potrzeby. <\/li> <li><b>Rozpocznij korzystanie z rozszerzenia w swojej witrynie OpenCart. <\/b><br> Wprowad\u017a kod ostatnio skopiowany na swoj\u0105 stron\u0119 i zastosuj zmiany. <\/li> <li><b>Gotowe! Osadzanie zosta\u0142o ca\u0142kowicie zako\u0144czone. <\/b><br> Wejd\u017a na swoj\u0105 stron\u0119 i zobacz jak dzia\u0142a narz\u0119dzie. <\/li><\/ol> <p>Masz problemy podczas wykonywania instrukcji? Zostaw wiadomo\u015b\u0107 w naszym dziale pomocy technicznej lub sprawd\u017a pe\u0142ny tekst samouczka i spr\u00f3buj ponownie.<\/p><div class=\"faq\" data-component=\"FAQ\"> <div class=\"faq-item\">\r\n\t\t\t\t\t<div class=\"faq-item-question\">\r\n\t\t\t\t\t\t<h3 class=\"faq-item-question-text\">Jak mog\u0119 doda\u0107 recenzje z Facebooka do mojej witryny OpenCart bez umiej\u0119tno\u015bci kodowania?<\/h3>\r\n\r\n\t\t\t\t\t\t<div class=\"faq-item-question-icon\"><\/div>\r\n\t\t\t\t\t<\/div>\r\n\r\n\t\t\t\t\t<div class=\"faq-item-answer\">\r\n\t\t\t\t\t\t<div class=\"faq-item-answer-text\"> <p> Elfsight zapewnia rozwi\u0105zanie SaaS, kt\u00f3re pozwala Ci samodzielnie utworzy\u0107 wid\u017cet Recenzji na Facebooku. Zobacz, jak \u0142atwy jest ten proces: Pracuj bezpo\u015brednio w edytorze online, aby utworzy\u0107 wid\u017cet Recenzji na Facebooku, kt\u00f3ry chcia\u0142by\u015b zobaczy\u0107 na swojej stronie OpenCart. Wybierz jeden z gotowych szablon\u00f3w i dostosuj ustawienia Recenzji na Facebooku, dodaj tre\u015b\u0107, zmie\u0144 uk\u0142ad i kolory bez umiej\u0119tno\u015bci kodowania. Zapisz recenzje na Facebooku i skopiuj ich kod instalacyjny, kt\u00f3ry mo\u017cesz \u0142atwo wklei\u0107 na swojej stronie OpenCart bez konieczno\u015bci kupowania p\u0142atnego planu. Dzi\u0119ki naszemu intuicyjnemu edytorowi ka\u017cdy u\u017cytkownik Internetu mo\u017ce stworzy\u0107 wid\u017cet Recenzje na Facebooku online i \u0142atwo osadzi\u0107 go na swojej stronie OpenCart. Aby uzyska\u0107 dost\u0119p do us\u0142ugi, nie trzeba p\u0142aci\u0107 ani wprowadza\u0107 danych uwierzytelniaj\u0105cych karty. Je\u015bli na kt\u00f3rymkolwiek etapie napotkasz jakiekolwiek problemy, skontaktuj si\u0119 z naszym zespo\u0142em pomocy technicznej.<\/p> <\/div>\r\n\t\t\t\t\t<\/div>\r\n\t\t\t\t<\/div> <\/div> <\/div>","protected":false},"excerpt":{"rendered":"","protected":false},"author":9,"featured_media":0,"parent":1078,"menu_order":0,"comment_status":"closed","ping_status":"closed","template":"templates\/template-application-platform.php","meta":{"publish_to_discourse":"","publish_post_category":"","wpdc_auto_publish_overridden":"","wpdc_topic_tags":"","wpdc_pin_topic":"","wpdc_pin_until":"","discourse_post_id":"","discourse_permalink":"","wpdc_publishing_response":"","wpdc_publishing_error":"","footnotes":""},"class_list":["post-5104","page","type-page","status-publish","hentry"],"yoast_head":"<!-- This site is optimized with the Yoast SEO plugin v25.3.1 - https:\/\/yoast.com\/wordpress\/plugins\/seo\/ -->\n<title>Najlepsze rozszerzenie recenzji Facebooka dla witryny OpenCart (2025)<\/title>\n<meta name=\"description\" content=\"Stw\u00f3rz swoje indywidualne rozszerzenie Facebook Recenzje dla OpenCart w zaledwie 60 sekund. Wypr\u00f3buj szybkie demo kszta\u0142towania wid\u017cet\u00f3w przez Elfsight, ca\u0142kowicie za darmo.\" \/>\n<meta name=\"robots\" content=\"index, follow, max-snippet:-1, max-image-preview:large, max-video-preview:-1\" \/>\n<link rel=\"canonical\" href=\"https:\/\/elfsight.com\/pl\/facebook-reviews-widget\/opencart\/\" \/>\n<meta property=\"og:locale\" content=\"pl_PL\" \/>\n<meta property=\"og:type\" content=\"article\" \/>\n<meta property=\"og:title\" content=\"Najlepsze rozszerzenie recenzji Facebooka dla witryny OpenCart (2025)\" \/>\n<meta property=\"og:description\" content=\"Stw\u00f3rz swoje indywidualne rozszerzenie Facebook Recenzje dla OpenCart w zaledwie 60 sekund. Wypr\u00f3buj szybkie demo kszta\u0142towania wid\u017cet\u00f3w przez Elfsight, ca\u0142kowicie za darmo.\" \/>\n<meta property=\"og:url\" content=\"https:\/\/elfsight.com\/pl\/facebook-reviews-widget\/opencart\/\" \/>\n<meta property=\"og:site_name\" content=\"Elfsight PL\" \/>\n<meta property=\"article:modified_time\" content=\"2024-11-14T12:42:38+00:00\" \/>\n<meta name=\"twitter:card\" content=\"summary_large_image\" \/>\n<meta name=\"twitter:label1\" content=\"Szacowany czas czytania\" \/>\n\t<meta name=\"twitter:data1\" content=\"3 minuty\" \/>\n<!-- \/ Yoast SEO plugin. -->","yoast_head_json":{"title":"Najlepsze rozszerzenie recenzji Facebooka dla witryny OpenCart (2025)","description":"Stw\u00f3rz swoje indywidualne rozszerzenie Facebook Recenzje dla OpenCart w zaledwie 60 sekund. Wypr\u00f3buj szybkie demo kszta\u0142towania wid\u017cet\u00f3w przez Elfsight, ca\u0142kowicie za darmo.","robots":{"index":"index","follow":"follow","max-snippet":"max-snippet:-1","max-image-preview":"max-image-preview:large","max-video-preview":"max-video-preview:-1"},"canonical":"https:\/\/elfsight.com\/pl\/facebook-reviews-widget\/opencart\/","og_locale":"pl_PL","og_type":"article","og_title":"Najlepsze rozszerzenie recenzji Facebooka dla witryny OpenCart (2025)","og_description":"Stw\u00f3rz swoje indywidualne rozszerzenie Facebook Recenzje dla OpenCart w zaledwie 60 sekund. Wypr\u00f3buj szybkie demo kszta\u0142towania wid\u017cet\u00f3w przez Elfsight, ca\u0142kowicie za darmo.","og_url":"https:\/\/elfsight.com\/pl\/facebook-reviews-widget\/opencart\/","og_site_name":"Elfsight PL","article_modified_time":"2024-11-14T12:42:38+00:00","twitter_card":"summary_large_image","twitter_misc":{"Szacowany czas czytania":"3 minuty"},"schema":{"@context":"https:\/\/schema.org","@graph":[{"@type":"WebPage","@id":"https:\/\/elfsight.com\/pl\/facebook-reviews-widget\/opencart\/","url":"https:\/\/elfsight.com\/pl\/facebook-reviews-widget\/opencart\/","name":"Najlepsze rozszerzenie recenzji Facebooka dla witryny OpenCart (2025)","isPartOf":{"@id":"https:\/\/elfsight.com\/pl\/#website"},"datePublished":"2024-05-03T06:36:19+00:00","dateModified":"2024-11-14T12:42:38+00:00","description":"Stw\u00f3rz swoje indywidualne rozszerzenie Facebook Recenzje dla OpenCart w zaledwie 60 sekund. Wypr\u00f3buj szybkie demo kszta\u0142towania wid\u017cet\u00f3w przez Elfsight, ca\u0142kowicie za darmo.","breadcrumb":{"@id":"https:\/\/elfsight.com\/pl\/facebook-reviews-widget\/opencart\/#breadcrumb"},"inLanguage":"pl-PL","potentialAction":[{"@type":"ReadAction","target":["https:\/\/elfsight.com\/pl\/facebook-reviews-widget\/opencart\/"]}]},{"@type":"BreadcrumbList","@id":"https:\/\/elfsight.com\/pl\/facebook-reviews-widget\/opencart\/#breadcrumb","itemListElement":[{"@type":"ListItem","position":1,"name":"Home","item":"https:\/\/elfsight.com\/pl\/"},{"@type":"ListItem","position":2,"name":"Facebook Reviews","item":"https:\/\/elfsight.com\/pl\/facebook-reviews-widget\/"},{"@type":"ListItem","position":3,"name":"Facebook Reviews &#8211; OpenCart"}]},{"@type":"WebSite","@id":"https:\/\/elfsight.com\/pl\/#website","url":"https:\/\/elfsight.com\/pl\/","name":"Elfsight PL","description":"Just another Elfsight Sites site","potentialAction":[{"@type":"SearchAction","target":{"@type":"EntryPoint","urlTemplate":"https:\/\/elfsight.com\/pl\/?s={search_term_string}"},"query-input":{"@type":"PropertyValueSpecification","valueRequired":true,"valueName":"search_term_string"}}],"inLanguage":"pl-PL"}]}},"meta_box":{"industry":"","seo_heading":"","heading":"","description":"","cta_heading":"","cta_description":"","application":"1077","h1":"Rozszerzenie OpenCart Facebook Recenzje","h1_caption":"Osadzaj recenzje klient\u00f3w ze swojej strony na Facebooku bezpo\u015brednio w swojej witrynie, aby bez wysi\u0142ku zwi\u0119kszy\u0107 zaufanie i dow\u00f3d spo\u0142eczny w swojej witrynie Opencart.","application_category":[],"applications_title":"","applications_request_title":"","applications_request_button_text":"","hero_text":"","hero_video":"","hero_video_schema_markup":"","selling_points_title":"","selling_points_caption":"","selling_points":[],"selling_points_cta_text":"","features_title":"","features":"","ed_cta_examples_text":"","ed_cta_examples_hidden":"","ed_cta_demo_text":"","ed_cta_demo_hidden":"","why_caption":"","why_editor_title":"","why_editor_text":"","why_team_title":"","why_team_text":"","why_service_title":"","why_service_text":"","template_catalog_visible":"","template_catalog_title":"","template_catalog_text":"","template_catalog_categories_visible":"","demo_title":"Utw\u00f3rz rozszerzenie Recenzji na Facebooku","demo_caption":"Skonfiguruj swoje recenzje na Facebooku i dodaj je do swojej witryny OpenCart za darmo!","default_faq_hidden":"","app_template_category":[],"platform":"107","template_public_id":"","codecanyon_url":"","codecanyon_item_id":"","codecanyon_price":"","pricing_caption":"","pricing_elfsight_apps_hide_column":"","pricing_elfsight_apps_url":"","pricing_codecanyon_price_caption":"","integration_category":[],"integration_request_title":"","integration_request_cta":"","integration_platform":"","integrations":[],"platform_category":[],"video_schema_markup":"","price":"od 0 USD \/ miesi\u0105c","trial":"","benefits":[{"text":"Bezp\u0142atna us\u0142uga monta\u017cu"},{"text":"Kompetentna obs\u0142uga klienta"},{"text":"14-dniowa gwarancja zwrotu pieni\u0119dzy"}],"button_url":"#demo","button_target_blank":"","button_nofollow":"","attributes":[{"name":"Instaluje"},{"name":"Czu\u0142y"},{"name":"Kompatybilne przegl\u0105darki"}],"tags":[],"tags_disable_links":"","hide_more_platforms":"","video_object":"","demo_hide_cta":"","demo_hide_cloud_options":"","pricing_title":"","pricing":[{"pricing_icon":"cloud","pricing_title":"Elfsight Apps","pricing_title_caption":"Wieloplatformowe rozwi\u0105zanie cyfrowe, kt\u00f3re pasuje do ka\u017cdej witryny internetowej","pricing_price":"od 0 USD \/ miesi\u0105c","pricing_price_caption":"zacznij od bezp\u0142atnego planu","pricing_benefits":[{"text":"Nielimitowane strony internetowe"},{"text":"Profesjonalna obs\u0142uga klienta"},{"text":"Bezp\u0142atna pomoc w monta\u017cu"},{"text":"100% konfigurowalny"}],"pricing_button_text":"Dodaj do witryny","pricing_button_url":"#demo"}],"related_apps_title":"","related_apps_hidden":"","author":"","image":[],"title":"","job":"","social_networks":[]},"_links":{"self":[{"href":"https:\/\/elfsight.com\/pl\/wp-json\/wp\/v2\/pages\/5104","targetHints":{"allow":["GET"]}}],"collection":[{"href":"https:\/\/elfsight.com\/pl\/wp-json\/wp\/v2\/pages"}],"about":[{"href":"https:\/\/elfsight.com\/pl\/wp-json\/wp\/v2\/types\/page"}],"author":[{"embeddable":true,"href":"https:\/\/elfsight.com\/pl\/wp-json\/wp\/v2\/users\/9"}],"replies":[{"embeddable":true,"href":"https:\/\/elfsight.com\/pl\/wp-json\/wp\/v2\/comments?post=5104"}],"version-history":[{"count":1,"href":"https:\/\/elfsight.com\/pl\/wp-json\/wp\/v2\/pages\/5104\/revisions"}],"predecessor-version":[{"id":5108,"href":"https:\/\/elfsight.com\/pl\/wp-json\/wp\/v2\/pages\/5104\/revisions\/5108"}],"up":[{"embeddable":true,"href":"https:\/\/elfsight.com\/pl\/wp-json\/wp\/v2\/pages\/1078"}],"wp:attachment":[{"href":"https:\/\/elfsight.com\/pl\/wp-json\/wp\/v2\/media?parent=5104"}],"curies":[{"name":"wp","href":"https:\/\/api.w.org\/{rel}","templated":true}]}}