{"id":5102,"date":"2024-05-03T06:36:17","date_gmt":"2024-05-03T06:36:17","guid":{"rendered":"https:\/\/elfsight.com\/pl\/?page_id=5102"},"modified":"2025-06-24T13:13:35","modified_gmt":"2025-06-24T13:13:35","slug":"jquery","status":"publish","type":"page","link":"https:\/\/elfsight.com\/pl\/facebook-reviews-widget\/jquery\/","title":{"rendered":"Facebook Reviews &#8211; jQuery"},"content":{"rendered":"<div class=\"application-platform-content-item-description application-platform-content-item\" id=\"description\" data-nav-section=\"description\">\n<h2>Opis<\/h2>\n<p>Prezentuj recenzje swoich klient\u00f3w z Facebooka na stronie internetowej za pomoc\u0105 Elfsight Facebook Reviews i pochwal si\u0119 swoj\u0105 wiarygodno\u015bci\u0105. Odbiorcy witryny zobacz\u0105, co klienci m\u00f3wi\u0105 o Twoich produktach na Facebooku, w wid\u017cecie o przejrzystym wygl\u0105dzie i oryginalnych elementach Facebooka. Interfejs jest regulowany i zawiera ocen\u0119 w postaci gwiazdek, informacje o autorze, prze\u0142\u0105czalne funkcje oraz gotowe opcje uk\u0142adu i szablonu. Za pomoc\u0105 Recenzji Elfsight na Facebooku mo\u017cesz wy\u015bwietli\u0107 przycisk umo\u017cliwiaj\u0105cy dodanie nowej recenzji i zebranie opinii klient\u00f3w.<\/p>\n<p><b>Wklej swoje recenzje z Facebooka na stronie internetowej, aby pozna\u0107 swoj\u0105 wysok\u0105 ocen\u0119!<\/b><\/p>\n<ul>\n    <li><b>Zwi\u0119ksz wiarygodno\u015b\u0107, ujawniaj\u0105c recenzje prawdziwych u\u017cytkownik\u00f3w<\/b><br>Przekonaj u\u017cytkownik\u00f3w, \u017ce Twoje recenzje s\u0105 prawdziwe, korzystaj\u0105c z pe\u0142nych danych autora i zwi\u0119ksz zaufanie do swojej marki.<\/li>\n    <li><b>Zwi\u0119ksz liczb\u0119 zakup\u00f3w, pokazuj\u0105c swoj\u0105 wysok\u0105 ocen\u0119<\/b><br>Poka\u017c swoje wysokie oceny i doskona\u0142e recenzje, aby przekona\u0107 u\u017cytkownik\u00f3w, \u017ce Twoje produkty s\u0105 warte zakupu.<\/li>\n    <li><b>Uzyskaj lepsze zrozumienie Twoje oferty<\/b><br>Pokazanie swoich produkt\u00f3w poprzez do\u015bwiadczenie klient\u00f3w pomo\u017ce potencjalnym klientom lepiej je zrozumie\u0107.<\/li>\n<\/ul>\n<\/div>\n\n<div class=\"application-platform-content-item-features application-platform-content-item\" id=\"features\" data-nav-section=\"features\">\n<h2>Funkcje<\/h2>\n<p>Oto kr\u00f3tka lista funkcji, kt\u00f3re czyni\u0105 nasz\u0105 wtyczk\u0119 idealnym rozwi\u0105zaniem dla JQuery:<\/p>\n<ul>\n    <li>Trzy typy filtr\u00f3w: wed\u0142ug typu, wykluczania wed\u0142ug i ilo\u015bci recenzji;<\/li>\n    <li>Wyb\u00f3r liczby recenzji na stron\u0119;<\/li>\n    <li>Ustawianie szybko\u015bci slajdu i szybko\u015bci automatycznego odtwarzania;<\/li>\n    <li>\u0141\u0105cza obs\u0142ugiwane w wiadomo\u015bci o odmowie pro\u015bby o sprawdzenie;<\/li>\n    <li>Trzy typy dekoracji recenzji: Obramowanie, T\u0142o, Brak;<\/li>\n<\/ul>\n<p><a href=\"#demo\">Odkryj pe\u0142ny zestaw funkcji w wersji demonstracyjnej!<\/a><\/p>\n<\/div>\n\n<div class=\"application-platform-content-item-installation application-platform-content-item\" id=\"installation\" data-nav-section=\"installation\"><\/div>\n<h2>Jak doda\u0107 recenzje z Facebooka do witryny jQuery<\/h2>\n<p>Wtyczka Elfsight jest naj\u0142atwiejsza pod wzgl\u0119dem integracji i nie b\u0119dzie wymaga\u0107 umiej\u0119tno\u015bci programowania WWW. \u015aredni czas instalacji nie przekracza 80 sekund.<\/p>\n<ol>\n    <li><b>Tw\u00f3rz w\u0142asne recenzje na Facebooku<\/b><br>Za pomoc\u0105 naszego bezp\u0142atnego edytora utw\u00f3rz wtyczk\u0119 z wymaganymi opcjami uk\u0142adu i ustawie\u0144.<\/li>\n    <li><b>Uzyskaj kod do opublikowania wtyczki<\/b><br>Po dostosowaniu wid\u017cetu uzyskaj kod do wtyczki Recenzje z powiadomienia, kt\u00f3re pojawi\u0142o si\u0119 w aplikacji Elfsight.<\/li>\n    <li><b>Umie\u015b\u0107 widget na stronie<\/b><br>Otw\u00f3rz kod strony w edytorze HTML, dodaj widget do wybranego obszaru (tre\u015b\u0107, stopka, pasek boczny itp.) i opublikuj wyniki.<\/li>\n    <li><b>Konfiguracja zosta\u0142a uko\u0144czona<\/b><br>Otw\u00f3rz witryn\u0119, aby zobaczy\u0107 swoj\u0105 prac\u0119.<\/li>\n<\/ol>\n<p>Podczas instalacji pojawi\u0142y si\u0119 jakie\u015b pytania? Wy\u015blij zapytanie do centrum wsparcia Elfsight lub skorzystaj z pe\u0142nego tekstu samouczka, aby samodzielnie doko\u0144czy\u0107 tworzenie wtyczki.<\/p>\n<div class=\"faq\" data-component=\"FAQ\">\n    <div class=\"faq-item\">\r\n\t\t\t\t\t<div class=\"faq-item-question\">\r\n\t\t\t\t\t\t<h3 class=\"faq-item-question-text\">Jak mog\u0119 doda\u0107 recenzje z Facebooka do mojej witryny jQuery bez umiej\u0119tno\u015bci kodowania?<\/h3>\r\n\r\n\t\t\t\t\t\t<div class=\"faq-item-question-icon\"><\/div>\r\n\t\t\t\t\t<\/div>\r\n\r\n\t\t\t\t\t<div class=\"faq-item-answer\">\r\n\t\t\t\t\t\t<div class=\"faq-item-answer-text\">\n    <p>Elfsight zapewnia rozwi\u0105zanie SaaS, kt\u00f3re umo\u017cliwia samodzielne utworzenie wid\u017cetu Recenzje na Facebooku. Przekonaj si\u0119, jak \u0142atwy jest ten proces: Pracuj bezpo\u015brednio w edytorze online, aby utworzy\u0107 wid\u017cet Recenzji na Facebooku, kt\u00f3ry chcesz widzie\u0107 w swojej witrynie jQuery. Wybierz jeden z gotowych szablon\u00f3w i dostosuj ustawienia Recenzji na Facebooku, dodaj tre\u015b\u0107, zmie\u0144 uk\u0142ad i kolory bez umiej\u0119tno\u015bci kodowania. Zapisz recenzje na Facebooku i skopiuj ich kod instalacyjny, kt\u00f3ry mo\u017cesz bez wysi\u0142ku osadzi\u0107 na swojej stronie jQuery bez konieczno\u015bci kupowania p\u0142atnej subskrypcji. Dzi\u0119ki naszemu intuicyjnemu edytorowi ka\u017cdy u\u017cytkownik Internetu mo\u017ce stworzy\u0107 wid\u017cet Recenzje Facebooka online i \u0142atwo osadzi\u0107 go na swojej stronie internetowej jQuery. Aby uzyska\u0107 dost\u0119p do us\u0142ugi, nie trzeba p\u0142aci\u0107 ani wprowadza\u0107 danych uwierzytelniaj\u0105cych karty. Je\u015bli na kt\u00f3rymkolwiek etapie napotkasz jakiekolwiek problemy, skontaktuj si\u0119 z naszym zespo\u0142em pomocy technicznej.<\/p>\n    <\/div>\r\n\t\t\t\t\t<\/div>\r\n\t\t\t\t<\/div>\n<\/div>","protected":false},"excerpt":{"rendered":"Jak doda\u0107 recenzje z Facebooka do witryny jQuery Wtyczka Elfsight jest naj\u0142atwiejsza pod wzgl\u0119dem integracji i nie b\u0119dzie wymaga\u0107 umiej\u0119tno\u015bci programowania WWW. \u015aredni czas instalacji nie przekracza 80 sekund. Tw\u00f3rz w\u0142asne recenzje na FacebookuZa pomoc\u0105 naszego bezp\u0142atnego edytora utw\u00f3rz wtyczk\u0119 z wymaganymi opcjami uk\u0142adu i ustawie\u0144. Uzyskaj kod do opublikowania&#8230;","protected":false},"author":9,"featured_media":0,"parent":1078,"menu_order":0,"comment_status":"closed","ping_status":"closed","template":"templates\/template-application-platform.php","meta":{"publish_to_discourse":"","publish_post_category":"","wpdc_auto_publish_overridden":"","wpdc_topic_tags":"","wpdc_pin_topic":"","wpdc_pin_until":"","discourse_post_id":"","discourse_permalink":"","wpdc_publishing_response":"","wpdc_publishing_error":"","footnotes":""},"class_list":["post-5102","page","type-page","status-publish","hentry"],"yoast_head":"<!-- This site is optimized with the Yoast SEO plugin v25.3.1 - https:\/\/yoast.com\/wordpress\/plugins\/seo\/ -->\n<title>Najlepsza wtyczka Facebook Reviews dla witryny jQuery (2025)<\/title>\n<meta name=\"description\" content=\"Utw\u00f3rz wtyczk\u0119 Facebook Revies dla jQuery i zainstaluj j\u0105 na swojej stronie internetowej. Darmowy edytor, pomoc przy instalacji i inne wid\u017cety od Elfsight!\" \/>\n<meta name=\"robots\" content=\"index, follow, max-snippet:-1, max-image-preview:large, max-video-preview:-1\" \/>\n<link rel=\"canonical\" href=\"https:\/\/elfsight.com\/pl\/facebook-reviews-widget\/jquery\/\" \/>\n<meta property=\"og:locale\" content=\"pl_PL\" \/>\n<meta property=\"og:type\" content=\"article\" \/>\n<meta property=\"og:title\" content=\"Najlepsza wtyczka Facebook Reviews dla witryny jQuery (2025)\" \/>\n<meta property=\"og:description\" content=\"Utw\u00f3rz wtyczk\u0119 Facebook Revies dla jQuery i zainstaluj j\u0105 na swojej stronie internetowej. Darmowy edytor, pomoc przy instalacji i inne wid\u017cety od Elfsight!\" \/>\n<meta property=\"og:url\" content=\"https:\/\/elfsight.com\/pl\/facebook-reviews-widget\/jquery\/\" \/>\n<meta property=\"og:site_name\" content=\"Elfsight PL\" \/>\n<meta property=\"article:modified_time\" content=\"2025-06-24T13:13:35+00:00\" \/>\n<meta name=\"twitter:card\" content=\"summary_large_image\" \/>\n<meta name=\"twitter:label1\" content=\"Szacowany czas czytania\" \/>\n\t<meta name=\"twitter:data1\" content=\"3 minuty\" \/>\n<!-- \/ Yoast SEO plugin. -->","yoast_head_json":{"title":"Najlepsza wtyczka Facebook Reviews dla witryny jQuery (2025)","description":"Utw\u00f3rz wtyczk\u0119 Facebook Revies dla jQuery i zainstaluj j\u0105 na swojej stronie internetowej. Darmowy edytor, pomoc przy instalacji i inne wid\u017cety od Elfsight!","robots":{"index":"index","follow":"follow","max-snippet":"max-snippet:-1","max-image-preview":"max-image-preview:large","max-video-preview":"max-video-preview:-1"},"canonical":"https:\/\/elfsight.com\/pl\/facebook-reviews-widget\/jquery\/","og_locale":"pl_PL","og_type":"article","og_title":"Najlepsza wtyczka Facebook Reviews dla witryny jQuery (2025)","og_description":"Utw\u00f3rz wtyczk\u0119 Facebook Revies dla jQuery i zainstaluj j\u0105 na swojej stronie internetowej. Darmowy edytor, pomoc przy instalacji i inne wid\u017cety od Elfsight!","og_url":"https:\/\/elfsight.com\/pl\/facebook-reviews-widget\/jquery\/","og_site_name":"Elfsight PL","article_modified_time":"2025-06-24T13:13:35+00:00","twitter_card":"summary_large_image","twitter_misc":{"Szacowany czas czytania":"3 minuty"},"schema":{"@context":"https:\/\/schema.org","@graph":[{"@type":"WebPage","@id":"https:\/\/elfsight.com\/pl\/facebook-reviews-widget\/jquery\/","url":"https:\/\/elfsight.com\/pl\/facebook-reviews-widget\/jquery\/","name":"Najlepsza wtyczka Facebook Reviews dla witryny jQuery (2025)","isPartOf":{"@id":"https:\/\/elfsight.com\/pl\/#website"},"datePublished":"2024-05-03T06:36:17+00:00","dateModified":"2025-06-24T13:13:35+00:00","description":"Utw\u00f3rz wtyczk\u0119 Facebook Revies dla jQuery i zainstaluj j\u0105 na swojej stronie internetowej. Darmowy edytor, pomoc przy instalacji i inne wid\u017cety od Elfsight!","breadcrumb":{"@id":"https:\/\/elfsight.com\/pl\/facebook-reviews-widget\/jquery\/#breadcrumb"},"inLanguage":"pl-PL","potentialAction":[{"@type":"ReadAction","target":["https:\/\/elfsight.com\/pl\/facebook-reviews-widget\/jquery\/"]}]},{"@type":"BreadcrumbList","@id":"https:\/\/elfsight.com\/pl\/facebook-reviews-widget\/jquery\/#breadcrumb","itemListElement":[{"@type":"ListItem","position":1,"name":"Home","item":"https:\/\/elfsight.com\/pl\/"},{"@type":"ListItem","position":2,"name":"Facebook Reviews","item":"https:\/\/elfsight.com\/pl\/facebook-reviews-widget\/"},{"@type":"ListItem","position":3,"name":"Facebook Reviews &#8211; jQuery"}]},{"@type":"WebSite","@id":"https:\/\/elfsight.com\/pl\/#website","url":"https:\/\/elfsight.com\/pl\/","name":"Elfsight PL","description":"Just another Elfsight Sites site","potentialAction":[{"@type":"SearchAction","target":{"@type":"EntryPoint","urlTemplate":"https:\/\/elfsight.com\/pl\/?s={search_term_string}"},"query-input":{"@type":"PropertyValueSpecification","valueRequired":true,"valueName":"search_term_string"}}],"inLanguage":"pl-PL"}]}},"meta_box":{"industry":"","seo_heading":"","heading":"","description":"","cta_heading":"","cta_description":"","application":"1077","h1":"Wtyczka jQuery Facebook Reviews","h1_caption":"Osadzaj recenzje klient\u00f3w ze swojej strony na Facebooku bezpo\u015brednio w swojej witrynie, aby bez wysi\u0142ku zwi\u0119kszy\u0107 zaufanie i dow\u00f3d spo\u0142eczny w swojej witrynie jQuery.","application_category":[],"applications_title":"","applications_request_title":"","applications_request_button_text":"","hero_text":"","hero_video":"","hero_video_schema_markup":"","selling_points_title":"","selling_points_caption":"","selling_points":[],"selling_points_cta_text":"","features_title":"","features":"","ed_cta_examples_text":"","ed_cta_examples_hidden":"","ed_cta_demo_text":"","ed_cta_demo_hidden":"","why_caption":"","why_editor_title":"","why_editor_text":"","why_team_title":"","why_team_text":"","why_service_title":"","why_service_text":"","template_catalog_visible":"0","template_catalog_title":"","template_catalog_text":"","template_catalog_categories_visible":"","demo_title":"Utw\u00f3rz wtyczk\u0119 Recenzje na Facebooku","demo_caption":"Skonfiguruj swoje recenzje na Facebooku i dodaj je do swojej witryny jQuery za darmo!","default_faq_hidden":"","app_template_category":[],"platform":"56","template_public_id":"","codecanyon_url":"","codecanyon_item_id":"","codecanyon_price":"","pricing_caption":"","pricing_elfsight_apps_hide_column":"","pricing_elfsight_apps_url":"","pricing_codecanyon_price_caption":"","integration_category":[],"integration_request_title":"","integration_request_cta":"","integration_platform":"","integrations":[],"platform_category":[],"video_schema_markup":"","price":"od 0 USD \/ miesi\u0105c","trial":"","benefits":[{"text":"Bezp\u0142atna pomoc w monta\u017cu"},{"text":"Wyj\u0105tkowe wsparcie"},{"text":"14-dniowa gwarancja zwrotu pieni\u0119dzy"}],"button_url":"#demo","button_target_blank":"0","button_nofollow":"0","attributes":[{"name":"Instaluje"},{"name":"Czu\u0142y"},{"name":"Kompatybilne przegl\u0105darki"}],"tags":[],"tags_disable_links":"0","hide_more_platforms":"0","video_object":"","demo_hide_cta":"0","demo_hide_cloud_options":"0","pricing_title":"","pricing":[{"pricing_icon":"platform","pricing_title":"Elfsight Apps","pricing_title_caption":"Rozwi\u0105zanie wieloplatformowe, kt\u00f3re dzia\u0142a na ka\u017cdej stronie internetowej","pricing_price":"od 0 USD \/ miesi\u0105c","pricing_price_caption":"zacznij od bezp\u0142atnego planu","pricing_benefits":[{"text":"Nielimitowane domeny"},{"text":"Ca\u0142odobowa obs\u0142uga klienta"},{"text":"Bezp\u0142atna us\u0142uga monta\u017cu"},{"text":"100% konfigurowalny"}],"pricing_button_text":"Dodaj do witryny","pricing_button_url":"#demo"}],"related_apps_title":"","related_apps_hidden":"0","author":"","image":[],"title":"","job":"","social_networks":[]},"_links":{"self":[{"href":"https:\/\/elfsight.com\/pl\/wp-json\/wp\/v2\/pages\/5102","targetHints":{"allow":["GET"]}}],"collection":[{"href":"https:\/\/elfsight.com\/pl\/wp-json\/wp\/v2\/pages"}],"about":[{"href":"https:\/\/elfsight.com\/pl\/wp-json\/wp\/v2\/types\/page"}],"author":[{"embeddable":true,"href":"https:\/\/elfsight.com\/pl\/wp-json\/wp\/v2\/users\/9"}],"replies":[{"embeddable":true,"href":"https:\/\/elfsight.com\/pl\/wp-json\/wp\/v2\/comments?post=5102"}],"version-history":[{"count":2,"href":"https:\/\/elfsight.com\/pl\/wp-json\/wp\/v2\/pages\/5102\/revisions"}],"predecessor-version":[{"id":10413,"href":"https:\/\/elfsight.com\/pl\/wp-json\/wp\/v2\/pages\/5102\/revisions\/10413"}],"up":[{"embeddable":true,"href":"https:\/\/elfsight.com\/pl\/wp-json\/wp\/v2\/pages\/1078"}],"wp:attachment":[{"href":"https:\/\/elfsight.com\/pl\/wp-json\/wp\/v2\/media?parent=5102"}],"curies":[{"name":"wp","href":"https:\/\/api.w.org\/{rel}","templated":true}]}}