{"id":5101,"date":"2024-05-03T06:36:16","date_gmt":"2024-05-03T06:36:16","guid":{"rendered":"https:\/\/elfsight.com\/pl\/?page_id=5101"},"modified":"2024-11-14T12:39:47","modified_gmt":"2024-11-14T12:39:47","slug":"elementor","status":"publish","type":"page","link":"https:\/\/elfsight.com\/pl\/facebook-reviews-widget\/elementor\/","title":{"rendered":"Facebook Reviews &#8211; Elementor"},"content":{"rendered":"<div class=\"application-platform-content-item-description application-platform-content-item\" id=\"description\" data-nav-section=\"description\"><h2>Osadzaj recenzje z Facebooka w Elementorze za pomoc\u0105 wid\u017cetu Elfsight<\/h2> <p>Publikuj recenzje swoich klient\u00f3w z Facebooka na stronie za pomoc\u0105 Elfsight Facebook Reviews i okre\u015bl sw\u00f3j wysoki poziom zaufania. Odwiedzaj\u0105cy witryn\u0119 zobacz\u0105, co klienci m\u00f3wi\u0105 o Tobie na Facebooku, w wid\u017cecie o przejrzystym wygl\u0105dzie i autentycznych elementach Facebooka. Interfejs mo\u017cna dostosowa\u0107 i wy\u015bwietla liczb\u0119 gwiazdek, dane autora, prze\u0142\u0105czalne komponenty oraz zawiera predefiniowane uk\u0142ady i warianty szablon\u00f3w. Dzi\u0119ki Recenzjom Elfsight na Facebooku mo\u017cesz wy\u015bwietli\u0107 przycisk umo\u017cliwiaj\u0105cy pozostawienie nowej recenzji i uzyskanie nowych opinii klient\u00f3w.<\/p> <p>Otrzymuj wi\u0119cej opinii klient\u00f3w przedstawiaj\u0105cych recenzje na Facebooku z mo\u017cliwo\u015bci\u0105 publikowania nowych!<\/p> <p><b>Zwi\u0119ksz postrzegan\u0105 warto\u015b\u0107 swoich produkt\u00f3w, wykazuj\u0105c najlepsze recenzje<\/b><br>U\u017cyj filtr\u00f3w, aby ukry\u0107 wszystkie niepo\u017c\u0105dane recenzje i sprawi\u0107, by u\u017cytkownicy nie mieli w\u0105tpliwo\u015bci co do doskona\u0142o\u015bci Twoich ofert.<\/p> <p><b>Zdob\u0105d\u017a nowe recenzje z przyciskiem wezwania do dzia\u0142ania<\/b><br> Dzi\u0119ki p\u0142ynnemu dost\u0119powi do Twojej strony na Facebooku i inspiruj\u0105cemu przyciskowi wezwania do dzia\u0142ania mo\u017cesz otrzymywa\u0107 wi\u0119cej informacji o klientach.<\/p> <p><b>Osi\u0105gnij lepsze zrozumienie Twoich ofert<\/b><br> Pokazanie produkt\u00f3w oczami klient\u00f3w pomo\u017ce potencjalnym klientom w uzyskaniu w\u0142a\u015bciwego zrozumienia.<\/p><\/div><div class=\"application-platform-content-item-features application-platform-content-item\" id=\"features\" data-nav-section=\"features\"><h2>G\u0142\u00f3wne funkcje wid\u017cetu Recenzje na Facebooku<\/h2><p>Kilka w\u0142a\u015bciwo\u015bci, kt\u00f3re przekszta\u0142caj\u0105 wid\u017cet Elfsight w niezb\u0119dn\u0105 wtyczk\u0119 dla ka\u017cdej witryny WordPress:<\/p><ul><li>Osadzanie recenzji klient\u00f3w ze strony na Facebooku; <\/li> <li>Trzy typy uk\u0142adu: lista, siatka i suwak;<\/li> <li>Trzy szablony recenzji: klasyczny, b\u0105belek, reflektor;<\/li> <li>Linki obs\u0142ugiwane w wiadomo\u015bci o odrzuceniu pro\u015bby o recenzj\u0119 ;<\/li> <li>Trzy typy dekoracji recenzji: Obramowanie, T\u0142o, Brak;<\/li> <\/ul><p><a href=\"#demo\">Przetestuj ca\u0142\u0105 list\u0119 cech w naszym konfiguratorze<\/a><\/p><\/div><div class=\"application-platform-content-item-installation application-platform-content-item\" id=\"installation\" data-nav-section=\"installation\"><h2>Jak doda\u0107 recenzje z Facebooka do witryny Elementor<\/h2><div><iframe width=\"720\" height=\"405\" src=\"https:\/\/www.youtube.com\/embed\/9bmAB-v4_IE\" frameborder=\"0\" allowfullscreen=\"\"><\/iframe><\/div><p>\u0141atwy przewodnik na temat tworzenia ikon dla stron internetowych bez umiej\u0119tno\u015bci programowanie. Pe\u0142ny czas wykonania samouczka wynosi mniej ni\u017c 80 sekund.<\/p><ol><li><b>Stw\u00f3rz sw\u00f3j unikalny wid\u017cet Recenzje na Facebooku<\/b><br> Za pomoc\u0105 naszego bezp\u0142atnego konfiguratora utw\u00f3rz wtyczk\u0119 o preferowanym wygl\u0105dzie i funkcjach .<\/li><li><b>Skopiuj kod do wy\u015bwietlenia wtyczki<\/b><br> Po wygenerowaniu wid\u017cetu uzyskaj kod wtyczki Facebook z pojawiaj\u0105cego si\u0119 okna aplikacji Elfsight.<\/li><li><b>Umie\u015b\u0107 wtyczk\u0119 na stronie Elementora<\/b><br> Wstaw wtyczk\u0119 w wybrane miejsce na stronie i zastosuj wyniki.<\/li><li><b>Gotowe!<\/b><br> Odwied\u017a swoj\u0105 witryn\u0119, aby zobaczy\u0107 swoj\u0105 wtyczk\u0119.<\/li><\/ol><p>Nie mo\u017cesz zainstalowa\u0107 lub zademonstrowa\u0107 wtyczki w witrynie? Zostaw zapytanie naszemu zespo\u0142owi pomocy technicznej.<\/p><div class=\"faq\" data-component=\"FAQ\"> <div class=\"faq-item\">\r\n\t\t\t\t\t<div class=\"faq-item-question\">\r\n\t\t\t\t\t\t<h3 class=\"faq-item-question-text\">Jak doda\u0107 recenzje z Facebooka do mojej witryny Elementor bez umiej\u0119tno\u015bci kodowania?<\/h3>\r\n\r\n\t\t\t\t\t\t<div class=\"faq-item-question-icon\"><\/div>\r\n\t\t\t\t\t<\/div>\r\n\r\n\t\t\t\t\t<div class=\"faq-item-answer\">\r\n\t\t\t\t\t\t<div class=\"faq-item-answer-text\"> <p>Elfsight zapewnia rozwi\u0105zanie SaaS, kt\u00f3re pozwala tworzy\u0107 recenzje na Facebooku samodzielnie wid\u017cet, przekonaj si\u0119, jak \u0142atwy jest ten proces: Pracuj bezpo\u015brednio w edytorze online, aby utworzy\u0107 wid\u017cet Recenzje na Facebooku, kt\u00f3ry chcesz zobaczy\u0107 na swojej stronie internetowej Elementor. Wybierz jeden z gotowych szablon\u00f3w i dostosuj ustawienia Recenzji na Facebooku, dodaj tre\u015b\u0107, zmie\u0144 uk\u0142ad i kolorystyk\u0119 bez umiej\u0119tno\u015bci kodowania. Zapisz recenzje na Facebooku i skopiuj ich kod instalacyjny, kt\u00f3ry mo\u017cesz \u0142atwo umie\u015bci\u0107 na swojej stronie internetowej Elementor bez konieczno\u015bci kupowania p\u0142atnej subskrypcji. Dzi\u0119ki naszemu intuicyjnemu edytorowi ka\u017cdy u\u017cytkownik Internetu mo\u017ce stworzy\u0107 wid\u017cet Recenzje na Facebooku online i \u0142atwo osadzi\u0107 go na swojej stronie internetowej Elementor. Aby uzyska\u0107 dost\u0119p do us\u0142ugi, nie trzeba p\u0142aci\u0107 ani wprowadza\u0107 danych uwierzytelniaj\u0105cych karty. Je\u015bli na kt\u00f3rymkolwiek etapie napotkasz jakiekolwiek problemy, skontaktuj si\u0119 z naszym zespo\u0142em pomocy technicznej.<\/p> <\/div>\r\n\t\t\t\t\t<\/div>\r\n\t\t\t\t<\/div> <\/div> <\/div><p><\/p>","protected":false},"excerpt":{"rendered":"","protected":false},"author":9,"featured_media":0,"parent":1078,"menu_order":0,"comment_status":"closed","ping_status":"closed","template":"templates\/template-application-platform.php","meta":{"publish_to_discourse":"","publish_post_category":"","wpdc_auto_publish_overridden":"","wpdc_topic_tags":"","wpdc_pin_topic":"","wpdc_pin_until":"","discourse_post_id":"","discourse_permalink":"","wpdc_publishing_response":"","wpdc_publishing_error":"","footnotes":""},"class_list":["post-5101","page","type-page","status-publish","hentry"],"yoast_head":"<!-- This site is optimized with the Yoast SEO plugin v25.3.1 - https:\/\/yoast.com\/wordpress\/plugins\/seo\/ -->\n<title>Widget Recenzje Facebooka dla witryny Elementor<\/title>\n<meta name=\"description\" content=\"Zaprojektuj unikalny wid\u017cet Recenzje na Facebooku, aby zainstalowa\u0107 Elementor na swojej stronie. Darmowy edytor, pomoc w projektowaniu i inne bonusy od Elfsight!\" \/>\n<meta name=\"robots\" content=\"index, follow, max-snippet:-1, max-image-preview:large, max-video-preview:-1\" \/>\n<link rel=\"canonical\" href=\"https:\/\/elfsight.com\/pl\/facebook-reviews-widget\/elementor\/\" \/>\n<meta property=\"og:locale\" content=\"pl_PL\" \/>\n<meta property=\"og:type\" content=\"article\" \/>\n<meta property=\"og:title\" content=\"Widget Recenzje Facebooka dla witryny Elementor\" \/>\n<meta property=\"og:description\" content=\"Zaprojektuj unikalny wid\u017cet Recenzje na Facebooku, aby zainstalowa\u0107 Elementor na swojej stronie. Darmowy edytor, pomoc w projektowaniu i inne bonusy od Elfsight!\" \/>\n<meta property=\"og:url\" content=\"https:\/\/elfsight.com\/pl\/facebook-reviews-widget\/elementor\/\" \/>\n<meta property=\"og:site_name\" content=\"Elfsight PL\" \/>\n<meta property=\"article:modified_time\" content=\"2024-11-14T12:39:47+00:00\" \/>\n<meta name=\"twitter:card\" content=\"summary_large_image\" \/>\n<meta name=\"twitter:label1\" content=\"Szacowany czas czytania\" \/>\n\t<meta name=\"twitter:data1\" content=\"3 minuty\" \/>\n<!-- \/ Yoast SEO plugin. -->","yoast_head_json":{"title":"Widget Recenzje Facebooka dla witryny Elementor","description":"Zaprojektuj unikalny wid\u017cet Recenzje na Facebooku, aby zainstalowa\u0107 Elementor na swojej stronie. Darmowy edytor, pomoc w projektowaniu i inne bonusy od Elfsight!","robots":{"index":"index","follow":"follow","max-snippet":"max-snippet:-1","max-image-preview":"max-image-preview:large","max-video-preview":"max-video-preview:-1"},"canonical":"https:\/\/elfsight.com\/pl\/facebook-reviews-widget\/elementor\/","og_locale":"pl_PL","og_type":"article","og_title":"Widget Recenzje Facebooka dla witryny Elementor","og_description":"Zaprojektuj unikalny wid\u017cet Recenzje na Facebooku, aby zainstalowa\u0107 Elementor na swojej stronie. Darmowy edytor, pomoc w projektowaniu i inne bonusy od Elfsight!","og_url":"https:\/\/elfsight.com\/pl\/facebook-reviews-widget\/elementor\/","og_site_name":"Elfsight PL","article_modified_time":"2024-11-14T12:39:47+00:00","twitter_card":"summary_large_image","twitter_misc":{"Szacowany czas czytania":"3 minuty"},"schema":{"@context":"https:\/\/schema.org","@graph":[{"@type":"WebPage","@id":"https:\/\/elfsight.com\/pl\/facebook-reviews-widget\/elementor\/","url":"https:\/\/elfsight.com\/pl\/facebook-reviews-widget\/elementor\/","name":"Widget Recenzje Facebooka dla witryny Elementor","isPartOf":{"@id":"https:\/\/elfsight.com\/pl\/#website"},"datePublished":"2024-05-03T06:36:16+00:00","dateModified":"2024-11-14T12:39:47+00:00","description":"Zaprojektuj unikalny wid\u017cet Recenzje na Facebooku, aby zainstalowa\u0107 Elementor na swojej stronie. Darmowy edytor, pomoc w projektowaniu i inne bonusy od Elfsight!","breadcrumb":{"@id":"https:\/\/elfsight.com\/pl\/facebook-reviews-widget\/elementor\/#breadcrumb"},"inLanguage":"pl-PL","potentialAction":[{"@type":"ReadAction","target":["https:\/\/elfsight.com\/pl\/facebook-reviews-widget\/elementor\/"]}]},{"@type":"BreadcrumbList","@id":"https:\/\/elfsight.com\/pl\/facebook-reviews-widget\/elementor\/#breadcrumb","itemListElement":[{"@type":"ListItem","position":1,"name":"Home","item":"https:\/\/elfsight.com\/pl\/"},{"@type":"ListItem","position":2,"name":"Facebook Reviews","item":"https:\/\/elfsight.com\/pl\/facebook-reviews-widget\/"},{"@type":"ListItem","position":3,"name":"Facebook Reviews &#8211; Elementor"}]},{"@type":"WebSite","@id":"https:\/\/elfsight.com\/pl\/#website","url":"https:\/\/elfsight.com\/pl\/","name":"Elfsight PL","description":"Just another Elfsight Sites site","potentialAction":[{"@type":"SearchAction","target":{"@type":"EntryPoint","urlTemplate":"https:\/\/elfsight.com\/pl\/?s={search_term_string}"},"query-input":{"@type":"PropertyValueSpecification","valueRequired":true,"valueName":"search_term_string"}}],"inLanguage":"pl-PL"}]}},"meta_box":{"industry":"","seo_heading":"","heading":"","description":"","cta_heading":"","cta_description":"","application":"1077","h1":"Recenzje Elementora na Facebooku","h1_caption":"Osadzaj recenzje klient\u00f3w ze swojej strony na Facebooku bezpo\u015brednio w swojej witrynie, aby bez wysi\u0142ku zwi\u0119kszy\u0107 zaufanie i dow\u00f3d spo\u0142eczny w swojej witrynie Elementor.","application_category":[],"applications_title":"","applications_request_title":"","applications_request_button_text":"","hero_text":"","hero_video":"","hero_video_schema_markup":"","selling_points_title":"","selling_points_caption":"","selling_points":[],"selling_points_cta_text":"","features_title":"","features":"","ed_cta_examples_text":"","ed_cta_examples_hidden":"","ed_cta_demo_text":"","ed_cta_demo_hidden":"","why_caption":"","why_editor_title":"","why_editor_text":"","why_team_title":"","why_team_text":"","why_service_title":"","why_service_text":"","template_catalog_visible":"","template_catalog_title":"","template_catalog_text":"","template_catalog_categories_visible":"","demo_title":"Utw\u00f3rz wid\u017cet Recenzje na Facebooku","demo_caption":"Skonfiguruj swoje recenzje na Facebooku i dodaj je do swojej witryny Elementor za darmo!","default_faq_hidden":"","app_template_category":[],"platform":"268","template_public_id":"","codecanyon_url":"","codecanyon_item_id":"","codecanyon_price":"","pricing_caption":"","pricing_elfsight_apps_hide_column":"","pricing_elfsight_apps_url":"","pricing_codecanyon_price_caption":"","integration_category":[],"integration_request_title":"","integration_request_cta":"","integration_platform":"","integrations":[],"platform_category":[],"video_schema_markup":"","price":"od 0 USD \/ miesi\u0105c","trial":"","benefits":[{"text":"Bezp\u0142atna pomoc w monta\u017cu"},{"text":"Wsparcie premium"},{"text":"14-dniowa gwarancja zwrotu pieni\u0119dzy"}],"button_url":"#demo","button_target_blank":"","button_nofollow":"","attributes":[{"name":"Instaluje"},{"name":"Czu\u0142y"},{"name":"Kompatybilne przegl\u0105darki"}],"tags":[],"tags_disable_links":"","hide_more_platforms":"","video_object":"","demo_hide_cta":"","demo_hide_cloud_options":"","pricing_title":"","pricing":[{"pricing_icon":"platform","pricing_title":"Elfsight Apps","pricing_title_caption":"Oprogramowanie wieloplatformowe, kt\u00f3re dzia\u0142a na dowolnej stronie internetowej","pricing_price":"od 0 USD \/ miesi\u0105c","pricing_price_caption":"zacznij od bezp\u0142atnego planu","pricing_benefits":[{"text":"Nielimitowane domeny"},{"text":"Dedykowane i terminowe wsparcie"},{"text":"Bezp\u0142atna pomoc w monta\u017cu"},{"text":"Oferta ograniczona czasowo dla wielu aplikacji"}],"pricing_button_text":"Dodaj do witryny","pricing_button_url":"#demo"}],"related_apps_title":"","related_apps_hidden":"","author":"","image":[],"title":"","job":"","social_networks":[]},"_links":{"self":[{"href":"https:\/\/elfsight.com\/pl\/wp-json\/wp\/v2\/pages\/5101","targetHints":{"allow":["GET"]}}],"collection":[{"href":"https:\/\/elfsight.com\/pl\/wp-json\/wp\/v2\/pages"}],"about":[{"href":"https:\/\/elfsight.com\/pl\/wp-json\/wp\/v2\/types\/page"}],"author":[{"embeddable":true,"href":"https:\/\/elfsight.com\/pl\/wp-json\/wp\/v2\/users\/9"}],"replies":[{"embeddable":true,"href":"https:\/\/elfsight.com\/pl\/wp-json\/wp\/v2\/comments?post=5101"}],"version-history":[{"count":2,"href":"https:\/\/elfsight.com\/pl\/wp-json\/wp\/v2\/pages\/5101\/revisions"}],"predecessor-version":[{"id":7782,"href":"https:\/\/elfsight.com\/pl\/wp-json\/wp\/v2\/pages\/5101\/revisions\/7782"}],"up":[{"embeddable":true,"href":"https:\/\/elfsight.com\/pl\/wp-json\/wp\/v2\/pages\/1078"}],"wp:attachment":[{"href":"https:\/\/elfsight.com\/pl\/wp-json\/wp\/v2\/media?parent=5101"}],"curies":[{"name":"wp","href":"https:\/\/api.w.org\/{rel}","templated":true}]}}