{"id":5096,"date":"2024-05-03T06:36:15","date_gmt":"2024-05-03T06:36:15","guid":{"rendered":"https:\/\/elfsight.com\/pl\/?page_id=5096"},"modified":"2024-11-14T09:31:54","modified_gmt":"2024-11-14T09:31:54","slug":"iframe","status":"publish","type":"page","link":"https:\/\/elfsight.com\/pl\/facebook-reviews-widget\/iframe\/","title":{"rendered":"Facebook Reviews &#8211; iFrame"},"content":{"rendered":"<div class=\"application-platform-content-item-description application-platform-content-item\" id=\"description\" data-nav-section=\"description\"><h2>Osadzaj recenzje z Facebooka w ramce iFrame za pomoc\u0105 wid\u017cetu Elfsight<\/h2><p>Recenzje Elfsight na Facebooku to \u0142atwe narz\u0119dzie do wy\u015bwietlania recenzji z Twojego Facebooka stron\u0119 w Twojej witrynie i zbuduj zaufanie do swojej firmy w\u015br\u00f3d klient\u00f3w witryny. Mo\u017cesz u\u017cy\u0107 filtra recenzji, doda\u0107 ocen\u0119 w postaci gwiazdek, informacje o autorze i przycisk, aby zostawi\u0107 now\u0105 recenzj\u0119. Wtyczka Elfsight Facebook Reviews zawiera r\u00f3\u017cne uk\u0142ady i szablony recenzji, prze\u0142\u0105czalne elementy interfejsu i dostosowywalny nag\u0142\u00f3wek do personalizacji. Korzystaj\u0105c z recenzji na Facebooku w witrynie, mo\u017cesz wykaza\u0107 si\u0119 \u015bwietn\u0105 ocen\u0105, zwi\u0119kszy\u0107 pewno\u015b\u0107 siebie i uzyska\u0107 wi\u0119cej recenzji. <\/p> <p><b>Odkryj, co ludzie m\u00f3wi\u0105 o Tobie na Facebooku i wzmocnij swoj\u0105 wiarygodno\u015b\u0107!<\/b><\/p> <\/div><div class=\"application-platform-content-item-features application-platform-content-item\" id=\"features\" data-nav-section=\"features\"><h2>G\u0142\u00f3wne cechy Widget Recenzje na Facebooku<\/h2><p>Dowiedz si\u0119 wi\u0119cej o funkcjach czatu Elfsight na Facebooku. Sprawd\u017a list\u0119 najwa\u017cniejszych: <\/p> <ul><li>obs\u0142ugiwane s\u0105 22 predefiniowane j\u0119zyki; <\/li> <li>Nawigacja za pomoc\u0105 strza\u0142ek i przeci\u0105gania w uk\u0142adzie Slider; <\/li> <li>Regulowana szeroko\u015b\u0107 i wysoko\u015b\u0107 wtyczki; <\/li> <li>Przycisk pro\u015bby o sprawdzenie, umo\u017cliwiaj\u0105cy przekierowanie na stron\u0119 na Facebooku; <\/li> <li>Trzy typy dekoracji recenzji: Obramowanie, T\u0142o, Brak; <\/li> <\/ul><p><a href=\"#demo\"><\/a><\/p><p><a href=\"#demo\">Wypr\u00f3buj nasz\u0105 wersj\u0119 demonstracyjn\u0105 na \u017cywo, aby sprawdzi\u0107 wszystkie opcje<\/a><\/p><\/div><div class=\"application-platform-content-item-installation application-platform-content-item\" id=\"installation\" data-nav-section=\"installation\"><h2>Jak doda\u0107 wtyczk\u0119 Facebook Recenzje do witryny iFrame?<\/h2><p>Konfiguracja wtyczki jest bardzo prosta. Wystarczy wykona\u0107 kilka szybkich krok\u00f3w. <\/p> <ol><li><b>Zaprojektuj w\u0142asn\u0105 wtyczk\u0119 Facebooka<\/b><br> Korzystaj\u0105c z naszego bezp\u0142atnego edytora, skonfiguruj wtyczk\u0119 z niestandardowym interfejsem i funkcjonalno\u015bci\u0105. <\/li><li><b>Uzyskaj osobisty kod umo\u017cliwiaj\u0105cy dodanie wtyczki<\/b><br> Po wygenerowaniu wtyczki otrzymasz kod instalacyjny z wyskakuj\u0105cego powiadomienia w aplikacji Elfsight. Skopiuj kod.<\/li> <li><b>Zintegruj wtyczk\u0119 ze swoj\u0105 witryn\u0105 iFrame<\/b><br> Wybierz miejsce, w kt\u00f3rym chcesz wy\u015bwietli\u0107 wtyczk\u0119 i wstaw tam skopiowany kod. Zastosuj zmiany. <\/li> <li><b>Instalacja zosta\u0142a zako\u0144czona<\/b><br> Wejd\u017a na stron\u0119, aby zobaczy\u0107 swoje recenzje.<\/li> <\/ol><p>Je\u015bli potrzebujesz pomocy lub masz pytania, skontaktuj si\u0119 z obs\u0142ug\u0105 klienta Elfsight. Ch\u0119tnie pomo\u017cemy. <\/p> <div class=\"faq\" data-component=\"FAQ\"> <div class=\"faq-item\">\r\n\t\t\t\t\t<div class=\"faq-item-question\">\r\n\t\t\t\t\t\t<h3 class=\"faq-item-question-text\">Jak doda\u0107 recenzje z Facebooka do mojej witryny iFrame bez umiej\u0119tno\u015bci kodowania?<\/h3>\r\n\r\n\t\t\t\t\t\t<div class=\"faq-item-question-icon\"><\/div>\r\n\t\t\t\t\t<\/div>\r\n\r\n\t\t\t\t\t<div class=\"faq-item-answer\">\r\n\t\t\t\t\t\t<div class=\"faq-item-answer-text\"> <p>Elfsight zapewnia rozwi\u0105zanie SaaS, kt\u00f3re pozwala samodzielnie utworzy\u0107 wid\u017cet Recenzje na Facebooku. Zobacz, jak \u0142atwy jest ten proces to: Pracuj bezpo\u015brednio w edytorze online, aby utworzy\u0107 wid\u017cet Recenzje na Facebooku, kt\u00f3ry chcesz zobaczy\u0107 w swojej witrynie iFrame. Wybierz jeden z gotowych szablon\u00f3w i dostosuj ustawienia Recenzji na Facebooku, dodaj swoj\u0105 tre\u015b\u0107, zmie\u0144 uk\u0142ad i kolorystyk\u0119 bez umiej\u0119tno\u015bci kodowania. Zapisz recenzje na Facebooku i skopiuj ich kod instalacyjny, kt\u00f3ry mo\u017cesz wklei\u0107 na swojej stronie iFrame bez konieczno\u015bci zakupu wersji p\u0142atnej. Dzi\u0119ki naszemu intuicyjnemu edytorowi ka\u017cdy u\u017cytkownik Internetu mo\u017ce stworzy\u0107 wid\u017cet Recenzje na Facebooku online i \u0142atwo osadzi\u0107 go na swojej stronie internetowej iFrame. Aby uzyska\u0107 dost\u0119p do us\u0142ugi, nie trzeba p\u0142aci\u0107 ani wprowadza\u0107 danych uwierzytelniaj\u0105cych karty. Je\u015bli na kt\u00f3rymkolwiek etapie napotkasz jakiekolwiek problemy, skontaktuj si\u0119 z naszym zespo\u0142em pomocy technicznej.<\/p> <\/div>\r\n\t\t\t\t\t<\/div>\r\n\t\t\t\t<\/div> <\/div> <\/div>","protected":false},"excerpt":{"rendered":"","protected":false},"author":9,"featured_media":0,"parent":1078,"menu_order":0,"comment_status":"closed","ping_status":"closed","template":"templates\/template-application-platform.php","meta":{"publish_to_discourse":"","publish_post_category":"","wpdc_auto_publish_overridden":"","wpdc_topic_tags":"","wpdc_pin_topic":"","wpdc_pin_until":"","discourse_post_id":"","discourse_permalink":"","wpdc_publishing_response":"","wpdc_publishing_error":"","footnotes":""},"class_list":["post-5096","page","type-page","status-publish","hentry"],"yoast_head":"<!-- This site is optimized with the Yoast SEO plugin v25.3.1 - https:\/\/yoast.com\/wordpress\/plugins\/seo\/ -->\n<title>Wtyczka iFrame Facebook Reviews dla witryny internetowej (bezp\u0142atna i szybka)<\/title>\n<meta name=\"description\" content=\"Utworzenie wtyczki Recenzje na Facebooku i wy\u015bwietlenie jej w witrynie iFrame jest niezwykle proste. Obs\u0142uga klienta Elfsight jest bezp\u0142atna i szybka.\" \/>\n<meta name=\"robots\" content=\"index, follow, max-snippet:-1, max-image-preview:large, max-video-preview:-1\" \/>\n<link rel=\"canonical\" href=\"https:\/\/elfsight.com\/pl\/facebook-reviews-widget\/iframe\/\" \/>\n<meta property=\"og:locale\" content=\"pl_PL\" \/>\n<meta property=\"og:type\" content=\"article\" \/>\n<meta property=\"og:title\" content=\"Wtyczka iFrame Facebook Reviews dla witryny internetowej (bezp\u0142atna i szybka)\" \/>\n<meta property=\"og:description\" content=\"Utworzenie wtyczki Recenzje na Facebooku i wy\u015bwietlenie jej w witrynie iFrame jest niezwykle proste. Obs\u0142uga klienta Elfsight jest bezp\u0142atna i szybka.\" \/>\n<meta property=\"og:url\" content=\"https:\/\/elfsight.com\/pl\/facebook-reviews-widget\/iframe\/\" \/>\n<meta property=\"og:site_name\" content=\"Elfsight PL\" \/>\n<meta property=\"article:modified_time\" content=\"2024-11-14T09:31:54+00:00\" \/>\n<meta name=\"twitter:card\" content=\"summary_large_image\" \/>\n<meta name=\"twitter:label1\" content=\"Szacowany czas czytania\" \/>\n\t<meta name=\"twitter:data1\" content=\"3 minuty\" \/>\n<!-- \/ Yoast SEO plugin. -->","yoast_head_json":{"title":"Wtyczka iFrame Facebook Reviews dla witryny internetowej (bezp\u0142atna i szybka)","description":"Utworzenie wtyczki Recenzje na Facebooku i wy\u015bwietlenie jej w witrynie iFrame jest niezwykle proste. Obs\u0142uga klienta Elfsight jest bezp\u0142atna i szybka.","robots":{"index":"index","follow":"follow","max-snippet":"max-snippet:-1","max-image-preview":"max-image-preview:large","max-video-preview":"max-video-preview:-1"},"canonical":"https:\/\/elfsight.com\/pl\/facebook-reviews-widget\/iframe\/","og_locale":"pl_PL","og_type":"article","og_title":"Wtyczka iFrame Facebook Reviews dla witryny internetowej (bezp\u0142atna i szybka)","og_description":"Utworzenie wtyczki Recenzje na Facebooku i wy\u015bwietlenie jej w witrynie iFrame jest niezwykle proste. Obs\u0142uga klienta Elfsight jest bezp\u0142atna i szybka.","og_url":"https:\/\/elfsight.com\/pl\/facebook-reviews-widget\/iframe\/","og_site_name":"Elfsight PL","article_modified_time":"2024-11-14T09:31:54+00:00","twitter_card":"summary_large_image","twitter_misc":{"Szacowany czas czytania":"3 minuty"},"schema":{"@context":"https:\/\/schema.org","@graph":[{"@type":"WebPage","@id":"https:\/\/elfsight.com\/pl\/facebook-reviews-widget\/iframe\/","url":"https:\/\/elfsight.com\/pl\/facebook-reviews-widget\/iframe\/","name":"Wtyczka iFrame Facebook Reviews dla witryny internetowej (bezp\u0142atna i szybka)","isPartOf":{"@id":"https:\/\/elfsight.com\/pl\/#website"},"datePublished":"2024-05-03T06:36:15+00:00","dateModified":"2024-11-14T09:31:54+00:00","description":"Utworzenie wtyczki Recenzje na Facebooku i wy\u015bwietlenie jej w witrynie iFrame jest niezwykle proste. Obs\u0142uga klienta Elfsight jest bezp\u0142atna i szybka.","breadcrumb":{"@id":"https:\/\/elfsight.com\/pl\/facebook-reviews-widget\/iframe\/#breadcrumb"},"inLanguage":"pl-PL","potentialAction":[{"@type":"ReadAction","target":["https:\/\/elfsight.com\/pl\/facebook-reviews-widget\/iframe\/"]}]},{"@type":"BreadcrumbList","@id":"https:\/\/elfsight.com\/pl\/facebook-reviews-widget\/iframe\/#breadcrumb","itemListElement":[{"@type":"ListItem","position":1,"name":"Home","item":"https:\/\/elfsight.com\/pl\/"},{"@type":"ListItem","position":2,"name":"Facebook Reviews","item":"https:\/\/elfsight.com\/pl\/facebook-reviews-widget\/"},{"@type":"ListItem","position":3,"name":"Facebook Reviews &#8211; iFrame"}]},{"@type":"WebSite","@id":"https:\/\/elfsight.com\/pl\/#website","url":"https:\/\/elfsight.com\/pl\/","name":"Elfsight PL","description":"Just another Elfsight Sites site","potentialAction":[{"@type":"SearchAction","target":{"@type":"EntryPoint","urlTemplate":"https:\/\/elfsight.com\/pl\/?s={search_term_string}"},"query-input":{"@type":"PropertyValueSpecification","valueRequired":true,"valueName":"search_term_string"}}],"inLanguage":"pl-PL"}]}},"meta_box":{"industry":"","seo_heading":"","heading":"","description":"","cta_heading":"","cta_description":"","application":"1077","h1":"Wtyczka iFrame Recenzje na Facebooku","h1_caption":"Osadzaj recenzje klient\u00f3w ze swojej strony na Facebooku bezpo\u015brednio w swojej witrynie, aby bez wysi\u0142ku zwi\u0119kszy\u0107 zaufanie i dow\u00f3d spo\u0142eczny w swojej witrynie iFrame.","application_category":[],"applications_title":"","applications_request_title":"","applications_request_button_text":"","hero_text":"","hero_video":"","hero_video_schema_markup":"","selling_points_title":"","selling_points_caption":"","selling_points":[],"selling_points_cta_text":"","features_title":"","features":"","ed_cta_examples_text":"","ed_cta_examples_hidden":"","ed_cta_demo_text":"","ed_cta_demo_hidden":"","why_caption":"","why_editor_title":"","why_editor_text":"","why_team_title":"","why_team_text":"","why_service_title":"","why_service_text":"","template_catalog_visible":"","template_catalog_title":"","template_catalog_text":"","template_catalog_categories_visible":"","demo_title":"Utw\u00f3rz wid\u017cet Recenzje na Facebooku","demo_caption":"Skonfiguruj swoje recenzje na Facebooku i dodaj je do swojej witryny iFrame za darmo!","default_faq_hidden":"","app_template_category":[],"platform":"187","template_public_id":"","codecanyon_url":"","codecanyon_item_id":"","codecanyon_price":"","pricing_caption":"","pricing_elfsight_apps_hide_column":"","pricing_elfsight_apps_url":"","pricing_codecanyon_price_caption":"","integration_category":[],"integration_request_title":"","integration_request_cta":"","integration_platform":"","integrations":[],"platform_category":[],"video_schema_markup":"","price":"od 0 USD \/ miesi\u0105c","trial":"","benefits":[{"text":"Bezp\u0142atna pomoc w monta\u017cu"},{"text":"Profesjonalna obs\u0142uga klienta"},{"text":"14-dniowa gwarancja zwrotu pieni\u0119dzy"}],"button_url":"#demo","button_target_blank":"","button_nofollow":"","attributes":[{"name":"Instaluje"},{"name":"Czu\u0142y"},{"name":"Kompatybilne przegl\u0105darki"}],"tags":[],"tags_disable_links":"","hide_more_platforms":"","video_object":"","demo_hide_cta":"","demo_hide_cloud_options":"","pricing_title":"","pricing":[{"pricing_icon":"platform","pricing_title":"Elfsight Apps","pricing_title_caption":"Wieloplatformowe rozwi\u0105zanie cyfrowe, kt\u00f3re dzia\u0142a na ka\u017cdej stronie internetowej","pricing_price":"od 0 USD \/ miesi\u0105c","pricing_price_caption":"zacznij od bezp\u0142atnego planu","pricing_benefits":[{"text":"Nieograniczona liczba stron internetowych"},{"text":"Profesjonalne i terminowe wsparcie"},{"text":"Bezp\u0142atna us\u0142uga monta\u017cu"},{"text":"Specjalna cena za wiele aplikacji"}],"pricing_button_text":"Dodaj do witryny","pricing_button_url":"#demo"}],"related_apps_title":"","related_apps_hidden":"","author":"","image":[],"title":"","job":"","social_networks":[]},"_links":{"self":[{"href":"https:\/\/elfsight.com\/pl\/wp-json\/wp\/v2\/pages\/5096","targetHints":{"allow":["GET"]}}],"collection":[{"href":"https:\/\/elfsight.com\/pl\/wp-json\/wp\/v2\/pages"}],"about":[{"href":"https:\/\/elfsight.com\/pl\/wp-json\/wp\/v2\/types\/page"}],"author":[{"embeddable":true,"href":"https:\/\/elfsight.com\/pl\/wp-json\/wp\/v2\/users\/9"}],"replies":[{"embeddable":true,"href":"https:\/\/elfsight.com\/pl\/wp-json\/wp\/v2\/comments?post=5096"}],"version-history":[{"count":1,"href":"https:\/\/elfsight.com\/pl\/wp-json\/wp\/v2\/pages\/5096\/revisions"}],"predecessor-version":[{"id":5100,"href":"https:\/\/elfsight.com\/pl\/wp-json\/wp\/v2\/pages\/5096\/revisions\/5100"}],"up":[{"embeddable":true,"href":"https:\/\/elfsight.com\/pl\/wp-json\/wp\/v2\/pages\/1078"}],"wp:attachment":[{"href":"https:\/\/elfsight.com\/pl\/wp-json\/wp\/v2\/media?parent=5096"}],"curies":[{"name":"wp","href":"https:\/\/api.w.org\/{rel}","templated":true}]}}