{"id":5094,"date":"2024-05-03T06:36:13","date_gmt":"2024-05-03T06:36:13","guid":{"rendered":"https:\/\/elfsight.com\/pl\/?page_id=5094"},"modified":"2024-11-14T09:03:19","modified_gmt":"2024-11-14T09:03:19","slug":"woocommerce","status":"publish","type":"page","link":"https:\/\/elfsight.com\/pl\/facebook-reviews-widget\/woocommerce\/","title":{"rendered":"Facebook Reviews &#8211; WooCommerce"},"content":{"rendered":"<div class=\"application-platform-content-item-description application-platform-content-item\" id=\"description\" data-nav-section=\"description\"><h2>Opis<\/h2><p>Przechwalaj si\u0119 opiniami klient\u00f3w z Facebooka na stronie internetowej, korzystaj\u0105c z Elfsight Facebook Reviews i potwierd\u017a swoj\u0105 wiarygodno\u015b\u0107. U\u017cytkownicy witryny b\u0119d\u0105 mogli dowiedzie\u0107 si\u0119, co m\u00f3wi\u0105 o Tobie klienci na Facebooku, za pomoc\u0105 wid\u017cetu o przejrzystym wygl\u0105dzie i autentycznych danych z Facebooka. Interfejs jest responsywny i zawiera ocen\u0119 w postaci gwiazdek, informacje o autorze, prze\u0142\u0105czalne komponenty oraz gotowe do u\u017cycia opcje uk\u0142adu i szablonu. Korzystaj\u0105c z Recenzji Elfsight na Facebooku, mo\u017cesz doda\u0107 przycisk umo\u017cliwiaj\u0105cy opublikowanie nowej recenzji i uzyskanie nowych opinii.<\/p><p>Odkryj, co widzowie publikuj\u0105 o Tobie na Facebooku i zwi\u0119ksz swoj\u0105 wiarygodno\u015b\u0107!<\/p><\/div> <div class=\"application-platform-content-item-features application-platform-content-item\" id=\"features\" data-nav-section=\"features\"><h2>Przejrzyj podstawowe funkcje wid\u017cetu:<\/h2><ul><li>Osadzanie recenzji klient\u00f3w ze strony na Facebooku;<\/li><li>Trzy typy uk\u0142adu: lista, siatka, i Slider;<\/li><li>Regulowana szeroko\u015b\u0107 i wysoko\u015b\u0107 wid\u017cetu;<\/li><li>Dwa scenariusze odmowy pro\u015bby o sprawdzenie: poka\u017c wiadomo\u015b\u0107 lub ukryj formularz;<\/li><li>Edytowalny tytu\u0142 wid\u017cetu z regulowanym rozmiarem i grubo\u015bci\u0105 czcionki.<\/li><\/ul><p><a href=\"#demo\">Odkryj wszystkie opcje dostosowywania w pe\u0142nej wersji demonstracyjnej<\/a><\/p><\/div>[ application_platform_content_item id=&#8221;installation&#8221;]<h2>Jak osadzi\u0107 recenzje z Facebooka na mojej stronie internetowej WooCommerce?<\/h2><p>Wystarczy wykona\u0107 poni\u017csze instrukcje, aby rozpocz\u0105\u0107 korzystanie z wid\u017cetu.<\/p><ol><li> <b>Zastosuj nasz darmowy edytor i zacznij tworzy\u0107 sw\u00f3j w\u0142asny instrument.<\/b><br>Znajd\u017a niestandardow\u0105 form\u0119 i specyfikacje wid\u017cetu i zastosuj modyfikacje.<\/li><li><b>Skopiuj ujawniony unikalny kod w polu aplikacji Elfsight.<\/b><br>Po zako\u0144czeniu dostosowywania narz\u0119dzia skopiuj kod osobisty w wy\u015bwietlonym oknie i zapisz go do wykorzystania w przysz\u0142o\u015bci.<\/li><li><b>Rozpocznij u\u017cytkowanie narz\u0119dzia na stronie WooCommerce.<\/b><br>Zaimplementuj kod, kt\u00f3ry ostatnio zapisa\u0142e\u015b na swojej stronie i zastosuj zmiany.<\/li><li><b>Instalacja zosta\u0142a w pe\u0142ni wykonana.<\/b> <br>Wejd\u017a na swoj\u0105 witryn\u0119, aby zobaczy\u0107, jak dzia\u0142a narz\u0119dzie.<\/li><\/ol><p>W przypadku pyta\u0144 lub komplikacji mo\u017cesz skontaktowa\u0107 si\u0119 z naszym personelem pomocy technicznej. Nasi specjali\u015bci z przyjemno\u015bci\u0105 rozwi\u0105\u017c\u0105 wszystkie problemy, jakie mo\u017cesz mie\u0107 z tym narz\u0119dziem.<\/p><div class=\"faq\" data-component=\"FAQ\"> <div class=\"faq-item\">\r\n\t\t\t\t\t<div class=\"faq-item-question\">\r\n\t\t\t\t\t\t<h3 class=\"faq-item-question-text\">Jak doda\u0107 recenzje z Facebooka do mojej witryny WooCommerce bez umiej\u0119tno\u015bci kodowania?<\/h3>\r\n\r\n\t\t\t\t\t\t<div class=\"faq-item-question-icon\"><\/div>\r\n\t\t\t\t\t<\/div>\r\n\r\n\t\t\t\t\t<div class=\"faq-item-answer\">\r\n\t\t\t\t\t\t<div class=\"faq-item-answer-text\"> <p>Elfsight zapewnia Rozwi\u0105zanie SaaS, kt\u00f3re umo\u017cliwia samodzielne utworzenie wid\u017cetu Recenzje na Facebooku. Przekonaj si\u0119, jak \u0142atwy jest ten proces: Pracuj bezpo\u015brednio w edytorze online, aby utworzy\u0107 wid\u017cet Recenzji na Facebooku, kt\u00f3ry chcia\u0142by\u015b widzie\u0107 na swojej stronie WooCommerce. Wybierz jeden z gotowych szablon\u00f3w i dostosuj ustawienia Recenzji na Facebooku, dodaj tre\u015b\u0107, zmie\u0144 uk\u0142ad i kolory bez umiej\u0119tno\u015bci kodowania. Zapisz recenzje na Facebooku i skopiuj ich kod instalacyjny, kt\u00f3ry mo\u017cesz \u0142atwo umie\u015bci\u0107 na swojej stronie WooCommerce bez konieczno\u015bci zakupu p\u0142atnej subskrypcji. Dzi\u0119ki naszemu intuicyjnemu edytorowi ka\u017cdy u\u017cytkownik Internetu mo\u017ce stworzy\u0107 wid\u017cet Recenzje na Facebooku online i \u0142atwo osadzi\u0107 go na swojej stronie WooCommerce. Aby uzyska\u0107 dost\u0119p do us\u0142ugi, nie trzeba p\u0142aci\u0107 ani wprowadza\u0107 danych uwierzytelniaj\u0105cych karty. Je\u015bli na kt\u00f3rymkolwiek etapie napotkasz jakiekolwiek problemy, skontaktuj si\u0119 z naszym zespo\u0142em pomocy technicznej.<\/p> <\/div>\r\n\t\t\t\t\t<\/div>\r\n\t\t\t\t<\/div> <\/div> [\/application_platform_content_item]","protected":false},"excerpt":{"rendered":"[ application_platform_content_item id=&#8221;installation&#8221;]Jak osadzi\u0107 recenzje z Facebooka na mojej stronie internetowej WooCommerce?Wystarczy wykona\u0107 poni\u017csze instrukcje, aby rozpocz\u0105\u0107 korzystanie z wid\u017cetu. Zastosuj nasz darmowy edytor i zacznij tworzy\u0107 sw\u00f3j w\u0142asny instrument.Znajd\u017a niestandardow\u0105 form\u0119 i specyfikacje wid\u017cetu i zastosuj modyfikacje.Skopiuj ujawniony unikalny kod w polu aplikacji Elfsight.Po zako\u0144czeniu dostosowywania narz\u0119dzia skopiuj kod&#8230;","protected":false},"author":9,"featured_media":0,"parent":1078,"menu_order":0,"comment_status":"closed","ping_status":"closed","template":"templates\/template-application-platform.php","meta":{"publish_to_discourse":"","publish_post_category":"","wpdc_auto_publish_overridden":"","wpdc_topic_tags":"","wpdc_pin_topic":"","wpdc_pin_until":"","discourse_post_id":"","discourse_permalink":"","wpdc_publishing_response":"","wpdc_publishing_error":"","footnotes":""},"class_list":["post-5094","page","type-page","status-publish","hentry"],"yoast_head":"<!-- This site is optimized with the Yoast SEO plugin v25.3.1 - https:\/\/yoast.com\/wordpress\/plugins\/seo\/ -->\n<title>Wtyczka WooCommerce Facebook Reviews dla Twojej witryny (2025)<\/title>\n<meta name=\"description\" content=\"Mo\u017cesz dostosowa\u0107 wtyczk\u0119 Facebook Recenzje za pomoc\u0105 kilku klikni\u0119\u0107 i zintegrowa\u0107 j\u0105 ze swoj\u0105 witryn\u0105 WooCommerce bezpo\u015brednio za pomoc\u0105 demonstracji na \u017cywo.\" \/>\n<meta name=\"robots\" content=\"index, follow, max-snippet:-1, max-image-preview:large, max-video-preview:-1\" \/>\n<link rel=\"canonical\" href=\"https:\/\/elfsight.com\/pl\/facebook-reviews-widget\/woocommerce\/\" \/>\n<meta property=\"og:locale\" content=\"pl_PL\" \/>\n<meta property=\"og:type\" content=\"article\" \/>\n<meta property=\"og:title\" content=\"Wtyczka WooCommerce Facebook Reviews dla Twojej witryny (2025)\" \/>\n<meta property=\"og:description\" content=\"Mo\u017cesz dostosowa\u0107 wtyczk\u0119 Facebook Recenzje za pomoc\u0105 kilku klikni\u0119\u0107 i zintegrowa\u0107 j\u0105 ze swoj\u0105 witryn\u0105 WooCommerce bezpo\u015brednio za pomoc\u0105 demonstracji na \u017cywo.\" \/>\n<meta property=\"og:url\" content=\"https:\/\/elfsight.com\/pl\/facebook-reviews-widget\/woocommerce\/\" \/>\n<meta property=\"og:site_name\" content=\"Elfsight PL\" \/>\n<meta property=\"article:modified_time\" content=\"2024-11-14T09:03:19+00:00\" \/>\n<meta name=\"twitter:card\" content=\"summary_large_image\" \/>\n<meta name=\"twitter:label1\" content=\"Szacowany czas czytania\" \/>\n\t<meta name=\"twitter:data1\" content=\"3 minuty\" \/>\n<!-- \/ Yoast SEO plugin. -->","yoast_head_json":{"title":"Wtyczka WooCommerce Facebook Reviews dla Twojej witryny (2025)","description":"Mo\u017cesz dostosowa\u0107 wtyczk\u0119 Facebook Recenzje za pomoc\u0105 kilku klikni\u0119\u0107 i zintegrowa\u0107 j\u0105 ze swoj\u0105 witryn\u0105 WooCommerce bezpo\u015brednio za pomoc\u0105 demonstracji na \u017cywo.","robots":{"index":"index","follow":"follow","max-snippet":"max-snippet:-1","max-image-preview":"max-image-preview:large","max-video-preview":"max-video-preview:-1"},"canonical":"https:\/\/elfsight.com\/pl\/facebook-reviews-widget\/woocommerce\/","og_locale":"pl_PL","og_type":"article","og_title":"Wtyczka WooCommerce Facebook Reviews dla Twojej witryny (2025)","og_description":"Mo\u017cesz dostosowa\u0107 wtyczk\u0119 Facebook Recenzje za pomoc\u0105 kilku klikni\u0119\u0107 i zintegrowa\u0107 j\u0105 ze swoj\u0105 witryn\u0105 WooCommerce bezpo\u015brednio za pomoc\u0105 demonstracji na \u017cywo.","og_url":"https:\/\/elfsight.com\/pl\/facebook-reviews-widget\/woocommerce\/","og_site_name":"Elfsight PL","article_modified_time":"2024-11-14T09:03:19+00:00","twitter_card":"summary_large_image","twitter_misc":{"Szacowany czas czytania":"3 minuty"},"schema":{"@context":"https:\/\/schema.org","@graph":[{"@type":"WebPage","@id":"https:\/\/elfsight.com\/pl\/facebook-reviews-widget\/woocommerce\/","url":"https:\/\/elfsight.com\/pl\/facebook-reviews-widget\/woocommerce\/","name":"Wtyczka WooCommerce Facebook Reviews dla Twojej witryny (2025)","isPartOf":{"@id":"https:\/\/elfsight.com\/pl\/#website"},"datePublished":"2024-05-03T06:36:13+00:00","dateModified":"2024-11-14T09:03:19+00:00","description":"Mo\u017cesz dostosowa\u0107 wtyczk\u0119 Facebook Recenzje za pomoc\u0105 kilku klikni\u0119\u0107 i zintegrowa\u0107 j\u0105 ze swoj\u0105 witryn\u0105 WooCommerce bezpo\u015brednio za pomoc\u0105 demonstracji na \u017cywo.","breadcrumb":{"@id":"https:\/\/elfsight.com\/pl\/facebook-reviews-widget\/woocommerce\/#breadcrumb"},"inLanguage":"pl-PL","potentialAction":[{"@type":"ReadAction","target":["https:\/\/elfsight.com\/pl\/facebook-reviews-widget\/woocommerce\/"]}]},{"@type":"BreadcrumbList","@id":"https:\/\/elfsight.com\/pl\/facebook-reviews-widget\/woocommerce\/#breadcrumb","itemListElement":[{"@type":"ListItem","position":1,"name":"Home","item":"https:\/\/elfsight.com\/pl\/"},{"@type":"ListItem","position":2,"name":"Facebook Reviews","item":"https:\/\/elfsight.com\/pl\/facebook-reviews-widget\/"},{"@type":"ListItem","position":3,"name":"Facebook Reviews &#8211; WooCommerce"}]},{"@type":"WebSite","@id":"https:\/\/elfsight.com\/pl\/#website","url":"https:\/\/elfsight.com\/pl\/","name":"Elfsight PL","description":"Just another Elfsight Sites site","potentialAction":[{"@type":"SearchAction","target":{"@type":"EntryPoint","urlTemplate":"https:\/\/elfsight.com\/pl\/?s={search_term_string}"},"query-input":{"@type":"PropertyValueSpecification","valueRequired":true,"valueName":"search_term_string"}}],"inLanguage":"pl-PL"}]}},"meta_box":{"industry":"","seo_heading":"","heading":"","description":"","cta_heading":"","cta_description":"","application":"1077","h1":"Wtyczka WooCommerce Recenzje na Facebooku","h1_caption":"Osadzaj recenzje klient\u00f3w ze swojej strony na Facebooku bezpo\u015brednio w swojej witrynie, aby bez wysi\u0142ku zwi\u0119kszy\u0107 zaufanie i dow\u00f3d spo\u0142eczny w swojej witrynie WooCommerce.","application_category":[],"applications_title":"","applications_request_title":"","applications_request_button_text":"","hero_text":"","hero_video":"","hero_video_schema_markup":"","selling_points_title":"","selling_points_caption":"","selling_points":[],"selling_points_cta_text":"","features_title":"","features":"","ed_cta_examples_text":"","ed_cta_examples_hidden":"","ed_cta_demo_text":"","ed_cta_demo_hidden":"","why_caption":"","why_editor_title":"","why_editor_text":"","why_team_title":"","why_team_text":"","why_service_title":"","why_service_text":"","template_catalog_visible":"","template_catalog_title":"","template_catalog_text":"","template_catalog_categories_visible":"","demo_title":"Utw\u00f3rz aplikacj\u0119 Recenzje na Facebooku","demo_caption":"Skonfiguruj swoje recenzje na Facebooku i dodaj je do swojej witryny WooCommerce za darmo!","default_faq_hidden":"","app_template_category":[],"platform":"335","template_public_id":"","codecanyon_url":"","codecanyon_item_id":"","codecanyon_price":"","pricing_caption":"","pricing_elfsight_apps_hide_column":"","pricing_elfsight_apps_url":"","pricing_codecanyon_price_caption":"","integration_category":[],"integration_request_title":"","integration_request_cta":"","integration_platform":"","integrations":[],"platform_category":[],"video_schema_markup":"","price":"od 0 USD \/ miesi\u0105c","trial":"","benefits":[{"text":"Do\u015bwiadczona obs\u0142uga klienta"},{"text":"Wsparcie premium"},{"text":"14-dniowa gwarancja zwrotu pieni\u0119dzy"}],"button_url":"#demo","button_target_blank":"","button_nofollow":"","attributes":[{"name":"Instaluje"},{"name":"Czu\u0142y"},{"name":"Kompatybilne przegl\u0105darki"}],"tags":[],"tags_disable_links":"","hide_more_platforms":"","video_object":"","demo_hide_cta":"","demo_hide_cloud_options":"","pricing_title":"","pricing":[{"pricing_icon":"platform","pricing_title":"Elfsight Apps","pricing_title_caption":"Wieloplatformowe rozwi\u0105zanie cyfrowe, kt\u00f3re dzia\u0142a na ka\u017cdej stronie internetowej","pricing_price":"od 0 USD \/ miesi\u0105c","pricing_price_caption":"zacznij od bezp\u0142atnego planu","pricing_benefits":[{"text":"Nielimitowane strony internetowe"},{"text":"Wsparcie premium, terminowe i dobrze udokumentowane"},{"text":"Bezp\u0142atne wsparcie przy instalacji"},{"text":"Elastyczny projekt"}],"pricing_button_text":"Dodaj do witryny","pricing_button_url":"#demo"}],"related_apps_title":"","related_apps_hidden":"","author":"","image":[],"title":"","job":"","social_networks":[]},"_links":{"self":[{"href":"https:\/\/elfsight.com\/pl\/wp-json\/wp\/v2\/pages\/5094","targetHints":{"allow":["GET"]}}],"collection":[{"href":"https:\/\/elfsight.com\/pl\/wp-json\/wp\/v2\/pages"}],"about":[{"href":"https:\/\/elfsight.com\/pl\/wp-json\/wp\/v2\/types\/page"}],"author":[{"embeddable":true,"href":"https:\/\/elfsight.com\/pl\/wp-json\/wp\/v2\/users\/9"}],"replies":[{"embeddable":true,"href":"https:\/\/elfsight.com\/pl\/wp-json\/wp\/v2\/comments?post=5094"}],"version-history":[{"count":1,"href":"https:\/\/elfsight.com\/pl\/wp-json\/wp\/v2\/pages\/5094\/revisions"}],"predecessor-version":[{"id":5098,"href":"https:\/\/elfsight.com\/pl\/wp-json\/wp\/v2\/pages\/5094\/revisions\/5098"}],"up":[{"embeddable":true,"href":"https:\/\/elfsight.com\/pl\/wp-json\/wp\/v2\/pages\/1078"}],"wp:attachment":[{"href":"https:\/\/elfsight.com\/pl\/wp-json\/wp\/v2\/media?parent=5094"}],"curies":[{"name":"wp","href":"https:\/\/api.w.org\/{rel}","templated":true}]}}