{"id":5088,"date":"2024-05-03T06:36:11","date_gmt":"2024-05-03T06:36:11","guid":{"rendered":"https:\/\/elfsight.com\/pl\/?page_id=5088"},"modified":"2024-11-14T08:52:09","modified_gmt":"2024-11-14T08:52:09","slug":"google-sites","status":"publish","type":"page","link":"https:\/\/elfsight.com\/pl\/facebook-reviews-widget\/google-sites\/","title":{"rendered":"Facebook Reviews &#8211; Google Sites"},"content":{"rendered":"<div class=\"application-platform-content-item-description application-platform-content-item\" id=\"description\" data-nav-section=\"description\"> <h2>Osadzaj recenzje z Facebooka w Witrynach Google za pomoc\u0105 wid\u017cetu Elfsight<\/h2> <p>Recenzje Elfsight pomog\u0105 Ci \u0142atwo doda\u0107 referencje ze swojej strony na Facebooku na Twojej stronie internetowej i zwi\u0119ksz zaufanie do Twojej marki w\u015br\u00f3d u\u017cytkownik\u00f3w serwisu. Mo\u017cesz filtrowa\u0107 recenzje wed\u0142ug u\u017cytkownik\u00f3w, dodawa\u0107 oceny w postaci gwiazdek, informacje o autorze i wy\u015bwietla\u0107 przycisk umo\u017cliwiaj\u0105cy pozostawienie jeszcze jednej recenzji. Widget Recenzje na Facebooku Elfsight ma r\u00f3\u017cnorodne uk\u0142ady i szablony recenzji, prze\u0142\u0105czalne elementy i elastyczny nag\u0142\u00f3wek umo\u017cliwiaj\u0105cy g\u0142\u0119bok\u0105 personalizacj\u0119. Posiadaj\u0105c recenzje z Facebooka w witrynie Google, mo\u017cesz pochwali\u0107 si\u0119 du\u017cym uznaniem, zwi\u0119kszy\u0107 zaufanie i przyci\u0105gn\u0105\u0107 wi\u0119cej recenzji.<\/p> <p><b>Zwi\u0119ksz skuteczno\u015b\u0107 swojej witryny pod k\u0105tem cel\u00f3w e-commerce dzi\u0119ki wid\u017cetom Elfsight<\/b> <\/p> <\/div> <div class=\"application-platform-content-item-features application-platform-content-item\" id=\"features\" data-nav-section=\"features\"> <h2>To tylko kilka z r\u00f3\u017cnych funkcji widgetu: <\/h2> <ul><li>obs\u0142ugiwane s\u0105 22 predefiniowane j\u0119zyki; <\/li><li>Wyb\u00f3r liczby recenzji na stron\u0119; <\/li><li>Ustawianie szybko\u015bci przesuwania i szybko\u015bci automatycznego odtwarzania; <\/li><li>Edytowalna wiadomo\u015b\u0107 tekstowa po odrzuceniu pro\u015bby o sprawdzenie, z opcjami formatowania; <\/li><li>Edytowalny tytu\u0142 wid\u017cetu z mo\u017cliwo\u015bci\u0105 dostosowania rozmiaru i grubo\u015bci czcionki; <\/li><\/ul><p><a href=\"#demo\">Po prostu wypr\u00f3buj t\u0119 wersj\u0119 demonstracyjn\u0105, aby zobaczy\u0107, ile wart jest wid\u017cet<\/a><\/p> <\/div> <div class=\"application-platform-content-item-installation application-platform-content-item\" id=\"installation\" data-nav-section=\"installation\"> <h2>Jak doda\u0107 recenzje z Facebooka do moich Witryn Google?<\/h2> <p>Wystarczy zastosowa\u0107 si\u0119 do poni\u017cszych instrukcji, aby wstawi\u0107 narz\u0119dzie.<\/p> <ol><li><b>Skorzystaj z naszej bezp\u0142atnej wersji demonstracyjnej i zacznij tworzy\u0107 sw\u00f3j w\u0142asny wid\u017cet.<\/b><br> Wybierz niestandardowy uk\u0142ad i funkcjonalno\u015b\u0107 wid\u017cetu i zapisz zmiany.<\/li> <li><b>Skopiuj sw\u00f3j unikalny kod, kt\u00f3ry jest wy\u015bwietlany w specjalnym formularzu w Elfsight Aplikacje.<\/b><br> Po zako\u0144czeniu konfiguracji wtyczki skopiuj ekskluzywny kod z wy\u015bwietlonego pola i zachowaj go na p\u00f3\u017aniej.<\/li> <li><b>Rozpocznij korzystanie z wid\u017cetu w Google Witryna Witryny.<\/b><br> Umie\u015b\u0107 skopiowany ostatnio kod na swojej stronie g\u0142\u00f3wnej i zastosuj zmiany.<\/li> <li><b>Gotowe! Konfiguracja zosta\u0142a pomy\u015blnie zako\u0144czona.<\/b><br> Odwied\u017a swoj\u0105 witryn\u0119, aby obserwowa\u0107 dzia\u0142anie wid\u017cetu.<\/li><\/ol> <div class=\"tip-yellow tip\"><b>Ze wzgl\u0119du na specyfik\u0119 dzia\u0142ania Witryn Google wid\u017cet mo\u017ce wygl\u0105da\u0107 inaczej ni\u017c wersja demonstracyjna online. Przepraszamy za wszelkie niedogodno\u015bci.<\/b><\/div><p>Je\u015bli masz do czynienia z zapytaniami lub napotykasz trudno\u015bci, nie wahaj si\u0119 skontaktowa\u0107 z naszym zespo\u0142em wsparcia. Nasi ludzie pragn\u0105 pom\u00f3c Ci we wszystkich trudno\u015bciach, jakie mo\u017cesz mie\u0107 z produktem.<\/p> <div class=\"faq\" data-component=\"FAQ\"> <div class=\"faq-item\">\r\n\t\t\t\t\t<div class=\"faq-item-question\">\r\n\t\t\t\t\t\t<h3 class=\"faq-item-question-text\">Jak doda\u0107 recenzje z Facebooka do mojej witryny Google Sites bez umiej\u0119tno\u015bci kodowania?<\/h3>\r\n\r\n\t\t\t\t\t\t<div class=\"faq-item-question-icon\"><\/div>\r\n\t\t\t\t\t<\/div>\r\n\r\n\t\t\t\t\t<div class=\"faq-item-answer\">\r\n\t\t\t\t\t\t<div class=\"faq-item-answer-text\"> <p>Elfsight oferuje rozwi\u0105zanie SaaS, kt\u00f3re umo\u017cliwia samodzielne utworzenie wid\u017cetu Recenzje na Facebooku. Przekonaj si\u0119, jak \u0142atwy jest ten proces: Pracuj bezpo\u015brednio w edytorze online, aby utworzy\u0107 wid\u017cet Recenzji na Facebooku, kt\u00f3ry chcesz widzie\u0107 w swojej witrynie Witryn Google. Wybierz jeden z gotowych szablon\u00f3w i dostosuj ustawienia Recenzji na Facebooku, dodaj tre\u015b\u0107, zmie\u0144 uk\u0142ad i kolory bez umiej\u0119tno\u015bci kodowania. Zapisz recenzje na Facebooku i skopiuj ich kod instalacyjny, kt\u00f3ry mo\u017cesz \u0142atwo doda\u0107 do swojej witryny Google Sites bez konieczno\u015bci kupowania p\u0142atnej subskrypcji. Dzi\u0119ki naszemu intuicyjnemu edytorowi ka\u017cdy u\u017cytkownik Internetu mo\u017ce utworzy\u0107 wid\u017cet Recenzje na Facebooku online i \u0142atwo osadzi\u0107 go na swojej witrynie Google Sites. Aby uzyska\u0107 dost\u0119p do us\u0142ugi, nie trzeba p\u0142aci\u0107 ani wprowadza\u0107 danych uwierzytelniaj\u0105cych karty. Je\u015bli na kt\u00f3rymkolwiek etapie napotkasz jakiekolwiek problemy, skontaktuj si\u0119 z naszym zespo\u0142em pomocy technicznej.<\/p> <\/div>\r\n\t\t\t\t\t<\/div>\r\n\t\t\t\t<\/div> <\/div> <\/div><p><\/p>","protected":false},"excerpt":{"rendered":"","protected":false},"author":9,"featured_media":0,"parent":1078,"menu_order":0,"comment_status":"closed","ping_status":"closed","template":"templates\/template-application-platform.php","meta":{"publish_to_discourse":"","publish_post_category":"","wpdc_auto_publish_overridden":"","wpdc_topic_tags":"","wpdc_pin_topic":"","wpdc_pin_until":"","discourse_post_id":"","discourse_permalink":"","wpdc_publishing_response":"","wpdc_publishing_error":"","footnotes":""},"class_list":["post-5088","page","type-page","status-publish","hentry"],"yoast_head":"<!-- This site is optimized with the Yoast SEO plugin v25.3.1 - https:\/\/yoast.com\/wordpress\/plugins\/seo\/ -->\n<title>Recenzje na Facebooku \u2014 dodawaj recenzje z Facebooka do Witryn Google (2026)<\/title>\n<meta name=\"description\" content=\"Umie\u015b\u0107 responsywn\u0105 wtyczk\u0119 Facebook Recenzje w swoich Witrynach Google i zdob\u0105d\u017a pe\u0142ne zaufanie. Skorzystaj z wersji demonstracyjnej Elfsight, aby zbudowa\u0107 spersonalizowany wid\u017cet recenzji.\" \/>\n<meta name=\"robots\" content=\"index, follow, max-snippet:-1, max-image-preview:large, max-video-preview:-1\" \/>\n<link rel=\"canonical\" href=\"https:\/\/elfsight.com\/pl\/facebook-reviews-widget\/google-sites\/\" \/>\n<meta property=\"og:locale\" content=\"pl_PL\" \/>\n<meta property=\"og:type\" content=\"article\" \/>\n<meta property=\"og:title\" content=\"Recenzje na Facebooku \u2014 dodawaj recenzje z Facebooka do Witryn Google (2026)\" \/>\n<meta property=\"og:description\" content=\"Umie\u015b\u0107 responsywn\u0105 wtyczk\u0119 Facebook Recenzje w swoich Witrynach Google i zdob\u0105d\u017a pe\u0142ne zaufanie. Skorzystaj z wersji demonstracyjnej Elfsight, aby zbudowa\u0107 spersonalizowany wid\u017cet recenzji.\" \/>\n<meta property=\"og:url\" content=\"https:\/\/elfsight.com\/pl\/facebook-reviews-widget\/google-sites\/\" \/>\n<meta property=\"og:site_name\" content=\"Elfsight PL\" \/>\n<meta property=\"article:modified_time\" content=\"2024-11-14T08:52:09+00:00\" \/>\n<meta name=\"twitter:card\" content=\"summary_large_image\" \/>\n<meta name=\"twitter:label1\" content=\"Szacowany czas czytania\" \/>\n\t<meta name=\"twitter:data1\" content=\"3 minuty\" \/>\n<!-- \/ Yoast SEO plugin. -->","yoast_head_json":{"title":"Recenzje na Facebooku \u2014 dodawaj recenzje z Facebooka do Witryn Google (2026)","description":"Umie\u015b\u0107 responsywn\u0105 wtyczk\u0119 Facebook Recenzje w swoich Witrynach Google i zdob\u0105d\u017a pe\u0142ne zaufanie. Skorzystaj z wersji demonstracyjnej Elfsight, aby zbudowa\u0107 spersonalizowany wid\u017cet recenzji.","robots":{"index":"index","follow":"follow","max-snippet":"max-snippet:-1","max-image-preview":"max-image-preview:large","max-video-preview":"max-video-preview:-1"},"canonical":"https:\/\/elfsight.com\/pl\/facebook-reviews-widget\/google-sites\/","og_locale":"pl_PL","og_type":"article","og_title":"Recenzje na Facebooku \u2014 dodawaj recenzje z Facebooka do Witryn Google (2026)","og_description":"Umie\u015b\u0107 responsywn\u0105 wtyczk\u0119 Facebook Recenzje w swoich Witrynach Google i zdob\u0105d\u017a pe\u0142ne zaufanie. Skorzystaj z wersji demonstracyjnej Elfsight, aby zbudowa\u0107 spersonalizowany wid\u017cet recenzji.","og_url":"https:\/\/elfsight.com\/pl\/facebook-reviews-widget\/google-sites\/","og_site_name":"Elfsight PL","article_modified_time":"2024-11-14T08:52:09+00:00","twitter_card":"summary_large_image","twitter_misc":{"Szacowany czas czytania":"3 minuty"},"schema":{"@context":"https:\/\/schema.org","@graph":[{"@type":"WebPage","@id":"https:\/\/elfsight.com\/pl\/facebook-reviews-widget\/google-sites\/","url":"https:\/\/elfsight.com\/pl\/facebook-reviews-widget\/google-sites\/","name":"Recenzje na Facebooku \u2014 dodawaj recenzje z Facebooka do Witryn Google (2026)","isPartOf":{"@id":"https:\/\/elfsight.com\/pl\/#website"},"datePublished":"2024-05-03T06:36:11+00:00","dateModified":"2024-11-14T08:52:09+00:00","description":"Umie\u015b\u0107 responsywn\u0105 wtyczk\u0119 Facebook Recenzje w swoich Witrynach Google i zdob\u0105d\u017a pe\u0142ne zaufanie. Skorzystaj z wersji demonstracyjnej Elfsight, aby zbudowa\u0107 spersonalizowany wid\u017cet recenzji.","breadcrumb":{"@id":"https:\/\/elfsight.com\/pl\/facebook-reviews-widget\/google-sites\/#breadcrumb"},"inLanguage":"pl-PL","potentialAction":[{"@type":"ReadAction","target":["https:\/\/elfsight.com\/pl\/facebook-reviews-widget\/google-sites\/"]}]},{"@type":"BreadcrumbList","@id":"https:\/\/elfsight.com\/pl\/facebook-reviews-widget\/google-sites\/#breadcrumb","itemListElement":[{"@type":"ListItem","position":1,"name":"Home","item":"https:\/\/elfsight.com\/pl\/"},{"@type":"ListItem","position":2,"name":"Facebook Reviews","item":"https:\/\/elfsight.com\/pl\/facebook-reviews-widget\/"},{"@type":"ListItem","position":3,"name":"Facebook Reviews &#8211; Google Sites"}]},{"@type":"WebSite","@id":"https:\/\/elfsight.com\/pl\/#website","url":"https:\/\/elfsight.com\/pl\/","name":"Elfsight PL","description":"Just another Elfsight Sites site","potentialAction":[{"@type":"SearchAction","target":{"@type":"EntryPoint","urlTemplate":"https:\/\/elfsight.com\/pl\/?s={search_term_string}"},"query-input":{"@type":"PropertyValueSpecification","valueRequired":true,"valueName":"search_term_string"}}],"inLanguage":"pl-PL"}]}},"meta_box":{"industry":"","seo_heading":"","heading":"","description":"","cta_heading":"","cta_description":"","application":"1077","h1":"Widget Witryny Google Recenzje na Facebooku","h1_caption":"Osadzaj recenzje klient\u00f3w ze swojej strony na Facebooku bezpo\u015brednio w swojej witrynie, aby bez wysi\u0142ku zwi\u0119kszy\u0107 zaufanie i wiarygodno\u015b\u0107 spo\u0142eczn\u0105 w swoich Witrynach Google.","application_category":[],"applications_title":"","applications_request_title":"","applications_request_button_text":"","hero_text":"","hero_video":"","hero_video_schema_markup":"","selling_points_title":"","selling_points_caption":"","selling_points":[],"selling_points_cta_text":"","features_title":"","features":"","ed_cta_examples_text":"","ed_cta_examples_hidden":"","ed_cta_demo_text":"","ed_cta_demo_hidden":"","why_caption":"","why_editor_title":"","why_editor_text":"","why_team_title":"","why_team_text":"","why_service_title":"","why_service_text":"","template_catalog_visible":"","template_catalog_title":"","template_catalog_text":"","template_catalog_categories_visible":"","demo_title":"Utw\u00f3rz wid\u017cet Recenzje na Facebooku","demo_caption":"Skonfiguruj swoje recenzje na Facebooku i dodaj je za darmo do swojej witryny Google Sites!","default_faq_hidden":"","app_template_category":[],"platform":"484","template_public_id":"","codecanyon_url":"","codecanyon_item_id":"","codecanyon_price":"","pricing_caption":"","pricing_elfsight_apps_hide_column":"","pricing_elfsight_apps_url":"","pricing_codecanyon_price_caption":"","integration_category":[],"integration_request_title":"","integration_request_cta":"","integration_platform":"","integrations":[],"platform_category":[],"video_schema_markup":"","price":"od 0 USD \/ miesi\u0105c","trial":"","benefits":[{"text":"Bezp\u0142atna pomoc w monta\u017cu"},{"text":"Profesjonalna obs\u0142uga klienta"},{"text":"14-dniowa gwarancja zwrotu pieni\u0119dzy"}],"button_url":"#demo","button_target_blank":"","button_nofollow":"","attributes":[{"name":"Instaluje"},{"name":"Czu\u0142y"},{"name":"Kompatybilne przegl\u0105darki"}],"tags":[],"tags_disable_links":"","hide_more_platforms":"","video_object":"","demo_hide_cta":"","demo_hide_cloud_options":"","pricing_title":"","pricing":[{"pricing_icon":"platform","pricing_title":"Elfsight Apps","pricing_title_caption":"Wersja wieloplatformowa","pricing_price":"od 0 USD \/ miesi\u0105c","pricing_price_caption":"zacznij od bezp\u0142atnego planu","pricing_benefits":[{"text":"Nielimitowane strony internetowe"},{"text":"Szybka obs\u0142uga klienta"},{"text":"Bezp\u0142atna us\u0142uga monta\u017cu"},{"text":"Oferta specjalna na wiele aplikacji"}],"pricing_button_text":"Dodaj do witryny","pricing_button_url":"#demo"}],"related_apps_title":"","related_apps_hidden":"","author":"","image":[],"title":"","job":"","social_networks":[]},"_links":{"self":[{"href":"https:\/\/elfsight.com\/pl\/wp-json\/wp\/v2\/pages\/5088","targetHints":{"allow":["GET"]}}],"collection":[{"href":"https:\/\/elfsight.com\/pl\/wp-json\/wp\/v2\/pages"}],"about":[{"href":"https:\/\/elfsight.com\/pl\/wp-json\/wp\/v2\/types\/page"}],"author":[{"embeddable":true,"href":"https:\/\/elfsight.com\/pl\/wp-json\/wp\/v2\/users\/9"}],"replies":[{"embeddable":true,"href":"https:\/\/elfsight.com\/pl\/wp-json\/wp\/v2\/comments?post=5088"}],"version-history":[{"count":1,"href":"https:\/\/elfsight.com\/pl\/wp-json\/wp\/v2\/pages\/5088\/revisions"}],"predecessor-version":[{"id":5092,"href":"https:\/\/elfsight.com\/pl\/wp-json\/wp\/v2\/pages\/5088\/revisions\/5092"}],"up":[{"embeddable":true,"href":"https:\/\/elfsight.com\/pl\/wp-json\/wp\/v2\/pages\/1078"}],"wp:attachment":[{"href":"https:\/\/elfsight.com\/pl\/wp-json\/wp\/v2\/media?parent=5088"}],"curies":[{"name":"wp","href":"https:\/\/api.w.org\/{rel}","templated":true}]}}