{"id":5086,"date":"2024-05-03T06:36:09","date_gmt":"2024-05-03T06:36:09","guid":{"rendered":"https:\/\/elfsight.com\/pl\/?page_id=5086"},"modified":"2024-10-24T12:00:43","modified_gmt":"2024-10-24T12:00:43","slug":"prestashop","status":"publish","type":"page","link":"https:\/\/elfsight.com\/pl\/facebook-reviews-widget\/prestashop\/","title":{"rendered":"Facebook Reviews &#8211; PrestaShop"},"content":{"rendered":"<div class=\"application-platform-content-item-description application-platform-content-item\" id=\"description\" data-nav-section=\"description\"> <h2>Opis<\/h2> <p>Recenzje Elfsight na Facebooku to przydatny widget, kt\u00f3ry umo\u017cliwia prezentowanie opinii na temat Twoich akcji bezpo\u015brednio na Twoim ze wszystkich popularnych witryn z recenzjami biznesowymi. Korzystaj\u0105c z naszej wtyczki, b\u0119dziesz m\u00f3g\u0142 u\u017cywa\u0107 filtr\u00f3w do ukrywania niepo\u017c\u0105danych recenzji, ujawnia\u0107 swoj\u0105 liczb\u0119 gwiazdek i liczb\u0119 ocen ze swojego konta na dowolnej stronie z recenzjami, dodawa\u0107 dane o tw\u00f3rcach recenzji i do\u0142\u0105cza\u0107 przycisk CTA, kt\u00f3ry b\u0119dzie kierowa\u0107 go\u015bci, kt\u00f3rzy chc\u0105 podzieli\u0107 si\u0119 swoimi przemy\u015bleniami. Nasza aplikacja Recenzje na Facebooku pomo\u017ce Ci wy\u015bwietli\u0107 Tw\u00f3j wspania\u0142y dow\u00f3d spo\u0142eczno\u015bciowy na stronie internetowej i zacz\u0105\u0107 dokonywa\u0107 wi\u0119kszej liczby nowych zakup\u00f3w. <\/p> <p><b>Wykorzystuj najlepsze recenzje na Facebooku, aby realizowa\u0107 swoje cele e-commerce! <\/b><\/p> <\/div> <div class=\"application-platform-content-item-features application-platform-content-item\" id=\"features\" data-nav-section=\"features\"> <h2>Oto g\u0142\u00f3wne funkcje wid\u017cetu: <\/h2> <ul><li>Osadzanie recenzji klient\u00f3w ze strony na Facebooku<\/li><li>3 typy filtr\u00f3w: wykluczanie wed\u0142ug typu i liczby recenzji<\/li><li>Nawigacja za pomoc\u0105 przeci\u0105gania i strza\u0142ek w uk\u0142adzie suwaka<\/li><li>Ustawianie szybko\u015bci slajdu i szybko\u015bci autoodtwarzania<\/li> <li>Prze\u0142\u0105czane elementy nag\u0142\u00f3wka: ocena i zdj\u0119cia recenzent\u00f3w<\/li><li>Przycisk pro\u015bby o recenzj\u0119 umo\u017cliwiaj\u0105cy przekierowanie na stron\u0119 na Facebooku<\/li><li>Linki obs\u0142ugiwane w wiadomo\u015bci o odrzuceniu pro\u015bby o recenzj\u0119<\/li><li> 3 szablony recenzji: Bubble, Classic, Spotlight<\/li><li>6 prze\u0142\u0105czalnych element\u00f3w recenzji: data, nazwisko i zdj\u0119cie autora, ikona Facebooka i ocena w postaci gwiazdek, rekomendacje<\/li><li>Trzy typy dekoracji recenzji: Obramowanie , T\u0142o, Brak<\/li><li>Pi\u0119\u0107 element\u00f3w interfejsu do pomalowania: linki. Przycisk \u017c\u0105dania recenzji, t\u0142o, ocena, tekst recenzji. <\/li><\/ul><p><a href=\"#demo\">Po prostu wypr\u00f3buj t\u0119 wersj\u0119 demonstracyjn\u0105, aby uzyska\u0107 pe\u0142ny obraz<\/a><\/p> <\/div> <div class=\"application-platform-content-item-installation application-platform-content-item\" id=\"installation\" data-nav-section=\"installation\"> <h2>Jak osadzi\u0107 recenzje z Facebooka na mojej stronie PrestaShop? <\/h2> <p>Wystarczy post\u0119powa\u0107 zgodnie z poni\u017cszymi wskaz\u00f3wkami, aby doda\u0107 wid\u017cet. <\/p> <ol><li><b>Wykonaj nasz darmowy konfigurator i zacznij tworzy\u0107 sw\u00f3j w\u0142asny widget. <\/b><br> Wybierz niestandardowy projekt i specyfikacj\u0119 wid\u017cetu i zapisz poprawki. <\/li> <li><b>Odbierz sw\u00f3j indywidualny kod, kt\u00f3ry pojawi si\u0119 w oknie aplikacji Elfsight. <\/b><br> Po zako\u0144czeniu konfiguracji Twojego osobistego dodatku skopiuj indywidualny kod z wy\u015bwietlonego pola i zachowaj go na p\u00f3\u017aniej. <\/li> <li><b>Rozpocznij korzystanie z dodatku w swojej witrynie PrestaShop. <\/b><br> Wklej ostatnio skopiowany kod na swoj\u0105 stron\u0119 internetow\u0105 i zastosuj zmiany. <\/li> <li><b>Instalacja zosta\u0142a pomy\u015blnie uko\u0144czona. <\/b><br> Odwied\u017a swoj\u0105 stron\u0119 internetow\u0105, aby zobaczy\u0107, jak dzia\u0142a narz\u0119dzie. <\/li><\/ol> <p>Je\u015bli napotkasz jakie\u015b przeszkody, nie wahaj si\u0119 skontaktowa\u0107 z naszym zespo\u0142em wsparcia. Nasi specjali\u015bci ch\u0119tnie pomog\u0105 Ci we wszystkich problemach, jakie mo\u017cesz mie\u0107 z widgetem. <\/p><div class=\"faq\" data-component=\"FAQ\"> <div class=\"faq-item\">\r\n\t\t\t\t\t<div class=\"faq-item-question\">\r\n\t\t\t\t\t\t<h3 class=\"faq-item-question-text\">Jak mog\u0119 doda\u0107 recenzje na Facebooku do mojej witryny PrestaShop bez umiej\u0119tno\u015bci kodowania?<\/h3>\r\n\r\n\t\t\t\t\t\t<div class=\"faq-item-question-icon\"><\/div>\r\n\t\t\t\t\t<\/div>\r\n\r\n\t\t\t\t\t<div class=\"faq-item-answer\">\r\n\t\t\t\t\t\t<div class=\"faq-item-answer-text\"> <p>Elfsight zapewnia rozwi\u0105zanie SaaS, kt\u00f3re pozwala samodzielnie utworzy\u0107 wid\u017cet Recenzji na Facebooku. Zobacz, jak \u0142atwo jest to zrobi\u0107 proces jest nast\u0119puj\u0105cy: Pracuj bezpo\u015brednio w edytorze online, aby utworzy\u0107 wid\u017cet Recenzji na Facebooku, kt\u00f3ry chcia\u0142by\u015b zobaczy\u0107 na swojej stronie PrestaShop. Wybierz jeden z gotowych szablon\u00f3w i dostosuj ustawienia Recenzji na Facebooku, dodaj tre\u015b\u0107, zmie\u0144 uk\u0142ad i kolory bez umiej\u0119tno\u015bci kodowania. Zapisz recenzje na Facebooku i skopiuj ich kod instalacyjny, kt\u00f3ry mo\u017cesz umie\u015bci\u0107 na swojej stronie PrestaShop bez konieczno\u015bci kupowania p\u0142atnej subskrypcji. Dzi\u0119ki naszemu intuicyjnemu edytorowi ka\u017cdy u\u017cytkownik Internetu mo\u017ce stworzy\u0107 wid\u017cet Recenzje na Facebooku online i \u0142atwo osadzi\u0107 go na swojej stronie PrestaShop. Aby uzyska\u0107 dost\u0119p do us\u0142ugi, nie trzeba p\u0142aci\u0107 ani wprowadza\u0107 danych uwierzytelniaj\u0105cych karty. Je\u015bli na kt\u00f3rymkolwiek etapie napotkasz jakiekolwiek problemy, skontaktuj si\u0119 z naszym zespo\u0142em pomocy technicznej.<\/p> <\/div>\r\n\t\t\t\t\t<\/div>\r\n\t\t\t\t<\/div> <\/div> <\/div>","protected":false},"excerpt":{"rendered":"","protected":false},"author":9,"featured_media":0,"parent":1078,"menu_order":0,"comment_status":"closed","ping_status":"closed","template":"templates\/template-application-platform.php","meta":{"publish_to_discourse":"","publish_post_category":"","wpdc_auto_publish_overridden":"","wpdc_topic_tags":"","wpdc_pin_topic":"","wpdc_pin_until":"","discourse_post_id":"","discourse_permalink":"","wpdc_publishing_response":"","wpdc_publishing_error":"","footnotes":""},"class_list":["post-5086","page","type-page","status-publish","hentry"],"yoast_head":"<!-- This site is optimized with the Yoast SEO plugin v25.3.1 - https:\/\/yoast.com\/wordpress\/plugins\/seo\/ -->\n<title>Najlepsza wtyczka Facebook Recenzje dla witryny PrestaShop (2025)<\/title>\n<meta name=\"description\" content=\"Stw\u00f3rz sw\u00f3j osobisty dodatek do recenzji na Facebooku dla PrestaShop. Skorzystaj z najprostszej wersji demonstracyjnej, aby ca\u0142kowicie bezp\u0142atnie skonfigurowa\u0107 dodatki Elfsight.\" \/>\n<meta name=\"robots\" content=\"index, follow, max-snippet:-1, max-image-preview:large, max-video-preview:-1\" \/>\n<link rel=\"canonical\" href=\"https:\/\/elfsight.com\/pl\/facebook-reviews-widget\/prestashop\/\" \/>\n<meta property=\"og:locale\" content=\"pl_PL\" \/>\n<meta property=\"og:type\" content=\"article\" \/>\n<meta property=\"og:title\" content=\"Najlepsza wtyczka Facebook Recenzje dla witryny PrestaShop (2025)\" \/>\n<meta property=\"og:description\" content=\"Stw\u00f3rz sw\u00f3j osobisty dodatek do recenzji na Facebooku dla PrestaShop. Skorzystaj z najprostszej wersji demonstracyjnej, aby ca\u0142kowicie bezp\u0142atnie skonfigurowa\u0107 dodatki Elfsight.\" \/>\n<meta property=\"og:url\" content=\"https:\/\/elfsight.com\/pl\/facebook-reviews-widget\/prestashop\/\" \/>\n<meta property=\"og:site_name\" content=\"Elfsight PL\" \/>\n<meta property=\"article:modified_time\" content=\"2024-10-24T12:00:43+00:00\" \/>\n<meta name=\"twitter:card\" content=\"summary_large_image\" \/>\n<meta name=\"twitter:label1\" content=\"Szacowany czas czytania\" \/>\n\t<meta name=\"twitter:data1\" content=\"3 minuty\" \/>\n<!-- \/ Yoast SEO plugin. -->","yoast_head_json":{"title":"Najlepsza wtyczka Facebook Recenzje dla witryny PrestaShop (2025)","description":"Stw\u00f3rz sw\u00f3j osobisty dodatek do recenzji na Facebooku dla PrestaShop. Skorzystaj z najprostszej wersji demonstracyjnej, aby ca\u0142kowicie bezp\u0142atnie skonfigurowa\u0107 dodatki Elfsight.","robots":{"index":"index","follow":"follow","max-snippet":"max-snippet:-1","max-image-preview":"max-image-preview:large","max-video-preview":"max-video-preview:-1"},"canonical":"https:\/\/elfsight.com\/pl\/facebook-reviews-widget\/prestashop\/","og_locale":"pl_PL","og_type":"article","og_title":"Najlepsza wtyczka Facebook Recenzje dla witryny PrestaShop (2025)","og_description":"Stw\u00f3rz sw\u00f3j osobisty dodatek do recenzji na Facebooku dla PrestaShop. Skorzystaj z najprostszej wersji demonstracyjnej, aby ca\u0142kowicie bezp\u0142atnie skonfigurowa\u0107 dodatki Elfsight.","og_url":"https:\/\/elfsight.com\/pl\/facebook-reviews-widget\/prestashop\/","og_site_name":"Elfsight PL","article_modified_time":"2024-10-24T12:00:43+00:00","twitter_card":"summary_large_image","twitter_misc":{"Szacowany czas czytania":"3 minuty"},"schema":{"@context":"https:\/\/schema.org","@graph":[{"@type":"WebPage","@id":"https:\/\/elfsight.com\/pl\/facebook-reviews-widget\/prestashop\/","url":"https:\/\/elfsight.com\/pl\/facebook-reviews-widget\/prestashop\/","name":"Najlepsza wtyczka Facebook Recenzje dla witryny PrestaShop (2025)","isPartOf":{"@id":"https:\/\/elfsight.com\/pl\/#website"},"datePublished":"2024-05-03T06:36:09+00:00","dateModified":"2024-10-24T12:00:43+00:00","description":"Stw\u00f3rz sw\u00f3j osobisty dodatek do recenzji na Facebooku dla PrestaShop. Skorzystaj z najprostszej wersji demonstracyjnej, aby ca\u0142kowicie bezp\u0142atnie skonfigurowa\u0107 dodatki Elfsight.","breadcrumb":{"@id":"https:\/\/elfsight.com\/pl\/facebook-reviews-widget\/prestashop\/#breadcrumb"},"inLanguage":"pl-PL","potentialAction":[{"@type":"ReadAction","target":["https:\/\/elfsight.com\/pl\/facebook-reviews-widget\/prestashop\/"]}]},{"@type":"BreadcrumbList","@id":"https:\/\/elfsight.com\/pl\/facebook-reviews-widget\/prestashop\/#breadcrumb","itemListElement":[{"@type":"ListItem","position":1,"name":"Home","item":"https:\/\/elfsight.com\/pl\/"},{"@type":"ListItem","position":2,"name":"Facebook Reviews","item":"https:\/\/elfsight.com\/pl\/facebook-reviews-widget\/"},{"@type":"ListItem","position":3,"name":"Facebook Reviews &#8211; PrestaShop"}]},{"@type":"WebSite","@id":"https:\/\/elfsight.com\/pl\/#website","url":"https:\/\/elfsight.com\/pl\/","name":"Elfsight PL","description":"Just another Elfsight Sites site","potentialAction":[{"@type":"SearchAction","target":{"@type":"EntryPoint","urlTemplate":"https:\/\/elfsight.com\/pl\/?s={search_term_string}"},"query-input":{"@type":"PropertyValueSpecification","valueRequired":true,"valueName":"search_term_string"}}],"inLanguage":"pl-PL"}]}},"meta_box":{"industry":"","seo_heading":"","heading":"","description":"","cta_heading":"","cta_description":"","application":"1077","h1":"Dodatek do recenzji PrestaShop na Facebooku","h1_caption":"Osadzaj recenzje klient\u00f3w ze swojej strony na Facebooku bezpo\u015brednio w swojej witrynie, aby bez wysi\u0142ku zwi\u0119kszy\u0107 zaufanie i dow\u00f3d spo\u0142eczny w swojej witrynie Prestashop.","application_category":[],"applications_title":"","applications_request_title":"","applications_request_button_text":"","hero_text":"","hero_video":"","hero_video_schema_markup":"","selling_points_title":"","selling_points_caption":"","selling_points":[],"selling_points_cta_text":"","features_title":"","features":"","ed_cta_examples_text":"","ed_cta_examples_hidden":"","ed_cta_demo_text":"","ed_cta_demo_hidden":"","why_caption":"","why_editor_title":"","why_editor_text":"","why_team_title":"","why_team_text":"","why_service_title":"","why_service_text":"","template_catalog_visible":"","template_catalog_title":"","template_catalog_text":"","template_catalog_categories_visible":"","demo_title":"Kszta\u0142tuj w\u0142asne recenzje na Facebooku w 90 sekund!","demo_caption":"Prosty konfigurator umo\u017cliwiaj\u0105cy utworzenie niestandardowego dodatku w zaledwie 3 krokach.","default_faq_hidden":"","app_template_category":[],"platform":"586","template_public_id":"","codecanyon_url":"","codecanyon_item_id":"","codecanyon_price":"","pricing_caption":"","pricing_elfsight_apps_hide_column":"","pricing_elfsight_apps_url":"","pricing_codecanyon_price_caption":"","integration_category":[],"integration_request_title":"","integration_request_cta":"","integration_platform":"","integrations":[],"platform_category":[],"video_schema_markup":"","price":"od 0 USD \/ miesi\u0105c","trial":"","benefits":[{"text":"Bezp\u0142atna pomoc w instalacji"},{"text":"Profesjonalna obs\u0142uga klienta"},{"text":"14-dniowa gwarancja zwrotu pieni\u0119dzy"}],"button_url":"#demo","button_target_blank":"","button_nofollow":"","attributes":[{"name":"Instaluje"},{"name":"Czu\u0142y"},{"name":"Kompatybilne przegl\u0105darki"}],"tags":[],"tags_disable_links":"","hide_more_platforms":"","video_object":"","demo_hide_cta":"","demo_hide_cloud_options":"","pricing_title":"","pricing":[{"pricing_icon":"platform","pricing_title":"Elfsight Apps","pricing_title_caption":"Wersja wieloplatformowa, kt\u00f3ra dzia\u0142a na ka\u017cdej stronie internetowej","pricing_price":"od 0 USD \/ miesi\u0105c","pricing_price_caption":"zacznij od bezp\u0142atnego planu","pricing_benefits":[{"text":"Nielimitowane domeny"},{"text":"Ca\u0142odobowe wsparcie i dobrze udokumentowane"},{"text":"Bezp\u0142atna pomoc w monta\u017cu"},{"text":"W pe\u0142ni konfigurowalny"}],"pricing_button_text":"Dodaj do witryny","pricing_button_url":"#demo"}],"related_apps_title":"","related_apps_hidden":"","author":"","image":[],"title":"","job":"","social_networks":[]},"_links":{"self":[{"href":"https:\/\/elfsight.com\/pl\/wp-json\/wp\/v2\/pages\/5086","targetHints":{"allow":["GET"]}}],"collection":[{"href":"https:\/\/elfsight.com\/pl\/wp-json\/wp\/v2\/pages"}],"about":[{"href":"https:\/\/elfsight.com\/pl\/wp-json\/wp\/v2\/types\/page"}],"author":[{"embeddable":true,"href":"https:\/\/elfsight.com\/pl\/wp-json\/wp\/v2\/users\/9"}],"replies":[{"embeddable":true,"href":"https:\/\/elfsight.com\/pl\/wp-json\/wp\/v2\/comments?post=5086"}],"version-history":[{"count":1,"href":"https:\/\/elfsight.com\/pl\/wp-json\/wp\/v2\/pages\/5086\/revisions"}],"predecessor-version":[{"id":5090,"href":"https:\/\/elfsight.com\/pl\/wp-json\/wp\/v2\/pages\/5086\/revisions\/5090"}],"up":[{"embeddable":true,"href":"https:\/\/elfsight.com\/pl\/wp-json\/wp\/v2\/pages\/1078"}],"wp:attachment":[{"href":"https:\/\/elfsight.com\/pl\/wp-json\/wp\/v2\/media?parent=5086"}],"curies":[{"name":"wp","href":"https:\/\/api.w.org\/{rel}","templated":true}]}}