{"id":5085,"date":"2024-05-03T06:36:08","date_gmt":"2024-05-03T06:36:08","guid":{"rendered":"https:\/\/elfsight.com\/pl\/?page_id=5085"},"modified":"2024-10-24T12:00:59","modified_gmt":"2024-10-24T12:00:59","slug":"jimdo","status":"publish","type":"page","link":"https:\/\/elfsight.com\/pl\/facebook-reviews-widget\/jimdo\/","title":{"rendered":"Facebook Reviews &#8211; Jimdo"},"content":{"rendered":"<div class=\"application-platform-content-item-description application-platform-content-item\" id=\"description\" data-nav-section=\"description\"> <h2>Opis<\/h2> <p>Recenzje na Facebooku to przydatne narz\u0119dzie, kt\u00f3re umo\u017cliwia wy\u015bwietlanie recenzji Twoich akcji bezpo\u015brednio na Twoim ze wszystkich znanych witryn z recenzjami. Za pomoc\u0105 naszego narz\u0119dzia mo\u017cesz zastosowa\u0107 filtry umo\u017cliwiaj\u0105ce ukrycie niechcianych komentarzy, pokaza\u0107 swoj\u0105 liczb\u0119 gwiazdek i liczb\u0119 ocen bezpo\u015brednio ze swojej strony na dowolnej stronie z recenzjami, doda\u0107 informacje o autorach recenzji i do\u0142\u0105czy\u0107 wezwanie do dzia\u0142ania, kt\u00f3re zach\u0119ci odwiedzaj\u0105cych do napisania swoich przemy\u015ble\u0144. Wid\u017cet Recenzje na Facebooku pobudzi Ci\u0119 do zaprezentowania na stronie swojego istotnego dowodu spo\u0142ecznego i rozpocz\u0119cia zdobywania wi\u0119kszej liczby nowych zakup\u00f3w. <\/p> <p><b>Zwi\u0119ksz skuteczno\u015b\u0107 swojej witryny w osi\u0105ganiu cel\u00f3w biznesowych dzi\u0119ki recenzjom na Facebooku<\/b><\/p> <\/div> <div class=\"application-platform-content-item-features application-platform-content-item\" id=\"features\" data-nav-section=\"features\"> <h2>To tylko kilka z mn\u00f3stwo funkcji wid\u017cetu: <\/h2> <ul><li>Osadzanie recenzji klient\u00f3w ze strony na Facebooku<\/li><li>3 rodzaje filtr\u00f3w: wed\u0142ug typu, ilo\u015bci recenzji i wykluczenia wed\u0142ug<\/li><li> Nawigacja za pomoc\u0105 przeci\u0105gania i strza\u0142ek w uk\u0142adzie suwaka<\/li><li>Ustawianie szybko\u015bci automatycznego odtwarzania i szybko\u015bci slajdu<\/li><li>Prze\u0142\u0105czane elementy nag\u0142\u00f3wka: zdj\u0119cia recenzent\u00f3w i ocena<\/li><li>Przycisk \u017c\u0105dania recenzji umo\u017cliwiaj\u0105cy przekierowanie na stronie Facebook<\/li><li>Linki obs\u0142ugiwane w wiadomo\u015bci o odrzuceniu pro\u015bby o recenzj\u0119<\/li><li>Trzy szablony recenzji: Klasyczny, Ba\u0144ka, Spotlight<\/li><li>Sze\u015b\u0107 prze\u0142\u0105czalnych element\u00f3w recenzji: rekomendacje, data , ikona Facebooka i liczba gwiazdek, nazwisko autora i zdj\u0119cie<\/li><li>3 typy dekoracji recenzji: t\u0142o, obramowanie, brak<\/li><li>Pi\u0119\u0107 element\u00f3w interfejsu do pomalowania: ocena, linki. Przycisk \u017c\u0105dania przegl\u0105du, t\u0142o, tekst recenzji. <\/li><\/ul><p><a href=\"#demo\">Przetestuj wszystkie opcje dostosowywania w pe\u0142ni funkcjonalnej wersji demonstracyjnej<\/a><\/p> <\/div> <div class=\"application-platform-content-item-installation application-platform-content-item\" id=\"installation\" data-nav-section=\"installation\"> <h2>Jak doda\u0107 recenzje z Facebooka do mojej strony internetowej Jimdo? <\/h2> <p>Wystarczy zastosowa\u0107 si\u0119 do poni\u017cszych instrukcji, aby aktywowa\u0107 wid\u017cet. <\/p> <ol><li><b>Wykonaj nasz\u0105 bezp\u0142atn\u0105 wersj\u0119 demonstracyjn\u0105 i zacznij tworzy\u0107 spersonalizowany widget. <\/b><br> Okre\u015bl preferowany wygl\u0105d i opcje wid\u017cetu i zapisz poprawki. <\/li> <li><b>Wy\u015bwietl indywidualny kod w polu w aplikacjach Elfsight. <\/b><br> Po wygenerowaniu wid\u017cetu skopiuj indywidualny kod w wy\u015bwietlonym oknie i zapisz go na p\u00f3\u017aniej. <\/li> <li><b>Rozpocznij korzystanie z widgetu na stronie Jimdo. <\/b><br> Wstaw ostatnio zapisany kod na swoj\u0105 stron\u0119 g\u0142\u00f3wn\u0105 i zapisz ulepszenia. <\/li> <li><b>Instalacja zosta\u0142a w pe\u0142ni uko\u0144czona. <\/b><br> Przejd\u017a na swoj\u0105 stron\u0119 i zobacz dzia\u0142anie widgetu. <\/li><\/ol> <p>W przypadku wyst\u0105pienia jakichkolwiek komplikacji prosimy o kontakt z naszym zespo\u0142em obs\u0142ugi klienta. Nasi specjali\u015bci ch\u0119tnie pomog\u0105 Ci we wszystkich problemach, jakie mo\u017cesz mie\u0107 z widgetem. <\/p> <div class=\"faq\" data-component=\"FAQ\"> <div class=\"faq-item\">\r\n\t\t\t\t\t<div class=\"faq-item-question\">\r\n\t\t\t\t\t\t<h3 class=\"faq-item-question-text\">Jak mog\u0119 doda\u0107 recenzje na Facebooku do mojej witryny Jimdo bez umiej\u0119tno\u015bci kodowania?<\/h3>\r\n\r\n\t\t\t\t\t\t<div class=\"faq-item-question-icon\"><\/div>\r\n\t\t\t\t\t<\/div>\r\n\r\n\t\t\t\t\t<div class=\"faq-item-answer\">\r\n\t\t\t\t\t\t<div class=\"faq-item-answer-text\"> <p>Elfsight zapewnia rozwi\u0105zanie SaaS, kt\u00f3re pozwala samodzielnie utworzy\u0107 wid\u017cet Recenzji na Facebooku. Zobacz, jak \u0142atwo proces jest nast\u0119puj\u0105cy: Pracuj bezpo\u015brednio w edytorze online, aby utworzy\u0107 wid\u017cet Recenzji na Facebooku, kt\u00f3ry chcia\u0142by\u015b zobaczy\u0107 na swojej stronie internetowej Jimdo. Wybierz jeden z gotowych szablon\u00f3w i dostosuj ustawienia Recenzji na Facebooku, dodaj tre\u015b\u0107, zmie\u0144 uk\u0142ad i kolorystyk\u0119 bez umiej\u0119tno\u015bci kodowania. Zapisz recenzje na Facebooku i skopiuj ich kod instalacyjny, kt\u00f3ry mo\u017cesz po prostu doda\u0107 na swojej stronie Jimdo bez kupowania p\u0142atnego planu. Dzi\u0119ki naszemu intuicyjnemu edytorowi ka\u017cdy u\u017cytkownik Internetu mo\u017ce stworzy\u0107 wid\u017cet Recenzje na Facebooku online i \u0142atwo osadzi\u0107 go na swojej stronie internetowej Jimdo. Aby uzyska\u0107 dost\u0119p do us\u0142ugi, nie trzeba p\u0142aci\u0107 ani wprowadza\u0107 danych uwierzytelniaj\u0105cych karty. Je\u015bli na kt\u00f3rymkolwiek etapie napotkasz jakiekolwiek problemy, skontaktuj si\u0119 z naszym zespo\u0142em pomocy technicznej.<\/p> <\/div>\r\n\t\t\t\t\t<\/div>\r\n\t\t\t\t<\/div> <\/div> <\/div>","protected":false},"excerpt":{"rendered":"","protected":false},"author":9,"featured_media":0,"parent":1078,"menu_order":0,"comment_status":"closed","ping_status":"closed","template":"templates\/template-application-platform.php","meta":{"publish_to_discourse":"","publish_post_category":"","wpdc_auto_publish_overridden":"","wpdc_topic_tags":"","wpdc_pin_topic":"","wpdc_pin_until":"","discourse_post_id":"","discourse_permalink":"","wpdc_publishing_response":"","wpdc_publishing_error":"","footnotes":""},"class_list":["post-5085","page","type-page","status-publish","hentry"],"yoast_head":"<!-- This site is optimized with the Yoast SEO plugin v25.3.1 - https:\/\/yoast.com\/wordpress\/plugins\/seo\/ -->\n<title>Najlepszy wid\u017cet Recenzje na Facebooku dla witryny Jimdo (2025)<\/title>\n<meta name=\"description\" content=\"Skonstruuj sw\u00f3j osobisty wid\u017cet Recenzje na Facebooku dla Jimdo w zaledwie 80 sekund. Skorzystaj z najprostszego demo do ustawiania wid\u017cet\u00f3w Elfsight za darmo.\" \/>\n<meta name=\"robots\" content=\"index, follow, max-snippet:-1, max-image-preview:large, max-video-preview:-1\" \/>\n<link rel=\"canonical\" href=\"https:\/\/elfsight.com\/pl\/facebook-reviews-widget\/jimdo\/\" \/>\n<meta property=\"og:locale\" content=\"pl_PL\" \/>\n<meta property=\"og:type\" content=\"article\" \/>\n<meta property=\"og:title\" content=\"Najlepszy wid\u017cet Recenzje na Facebooku dla witryny Jimdo (2025)\" \/>\n<meta property=\"og:description\" content=\"Skonstruuj sw\u00f3j osobisty wid\u017cet Recenzje na Facebooku dla Jimdo w zaledwie 80 sekund. Skorzystaj z najprostszego demo do ustawiania wid\u017cet\u00f3w Elfsight za darmo.\" \/>\n<meta property=\"og:url\" content=\"https:\/\/elfsight.com\/pl\/facebook-reviews-widget\/jimdo\/\" \/>\n<meta property=\"og:site_name\" content=\"Elfsight PL\" \/>\n<meta property=\"article:modified_time\" content=\"2024-10-24T12:00:59+00:00\" \/>\n<meta name=\"twitter:card\" content=\"summary_large_image\" \/>\n<meta name=\"twitter:label1\" content=\"Szacowany czas czytania\" \/>\n\t<meta name=\"twitter:data1\" content=\"3 minuty\" \/>\n<!-- \/ Yoast SEO plugin. -->","yoast_head_json":{"title":"Najlepszy wid\u017cet Recenzje na Facebooku dla witryny Jimdo (2025)","description":"Skonstruuj sw\u00f3j osobisty wid\u017cet Recenzje na Facebooku dla Jimdo w zaledwie 80 sekund. Skorzystaj z najprostszego demo do ustawiania wid\u017cet\u00f3w Elfsight za darmo.","robots":{"index":"index","follow":"follow","max-snippet":"max-snippet:-1","max-image-preview":"max-image-preview:large","max-video-preview":"max-video-preview:-1"},"canonical":"https:\/\/elfsight.com\/pl\/facebook-reviews-widget\/jimdo\/","og_locale":"pl_PL","og_type":"article","og_title":"Najlepszy wid\u017cet Recenzje na Facebooku dla witryny Jimdo (2025)","og_description":"Skonstruuj sw\u00f3j osobisty wid\u017cet Recenzje na Facebooku dla Jimdo w zaledwie 80 sekund. Skorzystaj z najprostszego demo do ustawiania wid\u017cet\u00f3w Elfsight za darmo.","og_url":"https:\/\/elfsight.com\/pl\/facebook-reviews-widget\/jimdo\/","og_site_name":"Elfsight PL","article_modified_time":"2024-10-24T12:00:59+00:00","twitter_card":"summary_large_image","twitter_misc":{"Szacowany czas czytania":"3 minuty"},"schema":{"@context":"https:\/\/schema.org","@graph":[{"@type":"WebPage","@id":"https:\/\/elfsight.com\/pl\/facebook-reviews-widget\/jimdo\/","url":"https:\/\/elfsight.com\/pl\/facebook-reviews-widget\/jimdo\/","name":"Najlepszy wid\u017cet Recenzje na Facebooku dla witryny Jimdo (2025)","isPartOf":{"@id":"https:\/\/elfsight.com\/pl\/#website"},"datePublished":"2024-05-03T06:36:08+00:00","dateModified":"2024-10-24T12:00:59+00:00","description":"Skonstruuj sw\u00f3j osobisty wid\u017cet Recenzje na Facebooku dla Jimdo w zaledwie 80 sekund. Skorzystaj z najprostszego demo do ustawiania wid\u017cet\u00f3w Elfsight za darmo.","breadcrumb":{"@id":"https:\/\/elfsight.com\/pl\/facebook-reviews-widget\/jimdo\/#breadcrumb"},"inLanguage":"pl-PL","potentialAction":[{"@type":"ReadAction","target":["https:\/\/elfsight.com\/pl\/facebook-reviews-widget\/jimdo\/"]}]},{"@type":"BreadcrumbList","@id":"https:\/\/elfsight.com\/pl\/facebook-reviews-widget\/jimdo\/#breadcrumb","itemListElement":[{"@type":"ListItem","position":1,"name":"Home","item":"https:\/\/elfsight.com\/pl\/"},{"@type":"ListItem","position":2,"name":"Facebook Reviews","item":"https:\/\/elfsight.com\/pl\/facebook-reviews-widget\/"},{"@type":"ListItem","position":3,"name":"Facebook Reviews &#8211; Jimdo"}]},{"@type":"WebSite","@id":"https:\/\/elfsight.com\/pl\/#website","url":"https:\/\/elfsight.com\/pl\/","name":"Elfsight PL","description":"Just another Elfsight Sites site","potentialAction":[{"@type":"SearchAction","target":{"@type":"EntryPoint","urlTemplate":"https:\/\/elfsight.com\/pl\/?s={search_term_string}"},"query-input":{"@type":"PropertyValueSpecification","valueRequired":true,"valueName":"search_term_string"}}],"inLanguage":"pl-PL"}]}},"meta_box":{"industry":"","seo_heading":"","heading":"","description":"","cta_heading":"","cta_description":"","application":"1077","h1":"Widget Recenzje Jimdo na Facebooku","h1_caption":"Osadzaj recenzje klient\u00f3w ze swojej strony na Facebooku bezpo\u015brednio na swojej stronie internetowej, aby bez wysi\u0142ku zwi\u0119kszy\u0107 zaufanie i dow\u00f3d spo\u0142eczny na swojej stronie internetowej Jimdo.","application_category":[],"applications_title":"","applications_request_title":"","applications_request_button_text":"","hero_text":"","hero_video":"","hero_video_schema_markup":"","selling_points_title":"","selling_points_caption":"","selling_points":[],"selling_points_cta_text":"","features_title":"","features":"","ed_cta_examples_text":"","ed_cta_examples_hidden":"","ed_cta_demo_text":"","ed_cta_demo_hidden":"","why_caption":"","why_editor_title":"","why_editor_text":"","why_team_title":"","why_team_text":"","why_service_title":"","why_service_text":"","template_catalog_visible":"","template_catalog_title":"","template_catalog_text":"","template_catalog_categories_visible":"","demo_title":"Kszta\u0142tuj w\u0142asne recenzje w 90 sekund!","demo_caption":"Prosty konfigurator umo\u017cliwiaj\u0105cy utworzenie niestandardowej wtyczki w zaledwie 3 krokach.","default_faq_hidden":"","app_template_category":[],"platform":"193","template_public_id":"","codecanyon_url":"","codecanyon_item_id":"","codecanyon_price":"","pricing_caption":"","pricing_elfsight_apps_hide_column":"","pricing_elfsight_apps_url":"","pricing_codecanyon_price_caption":"","integration_category":[],"integration_request_title":"","integration_request_cta":"","integration_platform":"","integrations":[],"platform_category":[],"video_schema_markup":"","price":"od 0 USD \/ miesi\u0105c","trial":"","benefits":[{"text":"Bezp\u0142atna pomoc w monta\u017cu"},{"text":"Do\u015bwiadczona obs\u0142uga klienta"},{"text":"14-dniowa gwarancja zwrotu pieni\u0119dzy"}],"button_url":"#demo","button_target_blank":"","button_nofollow":"","attributes":[{"name":"Instaluje"},{"name":"Czu\u0142y"},{"name":"Kompatybilne przegl\u0105darki"}],"tags":[],"tags_disable_links":"","hide_more_platforms":"","video_object":"","demo_hide_cta":"","demo_hide_cloud_options":"","pricing_title":"","pricing":[{"pricing_icon":"platform","pricing_title":"Elfsight Apps","pricing_title_caption":"Wersja wieloplatformowa, kt\u00f3ra dzia\u0142a na ka\u017cdej stronie internetowej","pricing_price":"od 0 USD \/ miesi\u0105c","pricing_price_caption":"zacznij od bezp\u0142atnego planu","pricing_benefits":[{"text":"Nielimitowane domeny"},{"text":"Ca\u0142odobowe wsparcie i dobrze udokumentowane"},{"text":"Bezp\u0142atna pomoc w monta\u017cu"},{"text":"W pe\u0142ni konfigurowalny"}],"pricing_button_text":"Dodaj do witryny","pricing_button_url":"#demo"}],"related_apps_title":"","related_apps_hidden":"","author":"","image":[],"title":"","job":"","social_networks":[]},"_links":{"self":[{"href":"https:\/\/elfsight.com\/pl\/wp-json\/wp\/v2\/pages\/5085","targetHints":{"allow":["GET"]}}],"collection":[{"href":"https:\/\/elfsight.com\/pl\/wp-json\/wp\/v2\/pages"}],"about":[{"href":"https:\/\/elfsight.com\/pl\/wp-json\/wp\/v2\/types\/page"}],"author":[{"embeddable":true,"href":"https:\/\/elfsight.com\/pl\/wp-json\/wp\/v2\/users\/9"}],"replies":[{"embeddable":true,"href":"https:\/\/elfsight.com\/pl\/wp-json\/wp\/v2\/comments?post=5085"}],"version-history":[{"count":1,"href":"https:\/\/elfsight.com\/pl\/wp-json\/wp\/v2\/pages\/5085\/revisions"}],"predecessor-version":[{"id":5089,"href":"https:\/\/elfsight.com\/pl\/wp-json\/wp\/v2\/pages\/5085\/revisions\/5089"}],"up":[{"embeddable":true,"href":"https:\/\/elfsight.com\/pl\/wp-json\/wp\/v2\/pages\/1078"}],"wp:attachment":[{"href":"https:\/\/elfsight.com\/pl\/wp-json\/wp\/v2\/media?parent=5085"}],"curies":[{"name":"wp","href":"https:\/\/api.w.org\/{rel}","templated":true}]}}