{"id":5080,"date":"2024-05-03T06:36:07","date_gmt":"2024-05-03T06:36:07","guid":{"rendered":"https:\/\/elfsight.com\/pl\/?page_id=5080"},"modified":"2025-01-24T13:10:36","modified_gmt":"2025-01-24T13:10:36","slug":"wordpress","status":"publish","type":"page","link":"https:\/\/elfsight.com\/pl\/facebook-feed-widget\/wordpress\/","title":{"rendered":"Facebook Feed &#8211; WordPress"},"content":{"rendered":"\n<div class=\"application-platform-content-item-description application-platform-content-item\" id=\"description\" data-nav-section=\"description\"><h2>Osad\u017a kana\u0142 Facebooka na WordPress za pomoc\u0105 wid\u017cetu Elfsight<\/h2><p>Poka\u017c swoj\u0105 stron\u0119 na Facebooku za pomoc\u0105 naszej uniwersalnej wtyczki \u2013 Facebook Feed. Posty, filmy, zdj\u0119cia \u2013 upewnij si\u0119, \u017ce Twoi czytelnicy nie pomin\u0105 ani jednego fragmentu Twoich tre\u015bci. Anga\u017cuj\u0105cy interfejs z oryginalnymi elementami Facebooka jest skazany na przyci\u0105gni\u0119cie uwagi i przyczyni si\u0119 nie tylko do zatrzymania obecnych u\u017cytkownik\u00f3w w serwisie, ale tak\u017ce przyci\u0105gni\u0119cia nowych subskrybent\u00f3w Facebooka.<\/p><p><b>Wynie\u015b swoj\u0105 witryn\u0119 na nowy poziom poziom dzi\u0119ki najlepszej wtyczce WordPress do Facebooka.<\/b><\/p><ul><li><b>Wzmocnij wiarygodno\u015b\u0107 swojej firmy<\/b>.<br>Firma posiadaj\u0105ca aktywne profile w mediach spo\u0142eczno\u015bciowych otrzymuje 75 % wi\u0119cej zaufania w\u015br\u00f3d czytelnik\u00f3w. Zaprezentuj sw\u00f3j profil na Facebooku na stronie internetowej, aby udowodni\u0107 u\u017cytkownikom, \u017ce Twoja firma jest prawdziwa i godna zaufania.<\/li><li><b>Zwi\u0119ksz liczb\u0119 subskrybent\u00f3w swojego profilu na Facebooku<\/b>.<br>Przekszta\u0142\u0107 u\u017cytkownik\u00f3w witryny w subskrybent\u00f3w Facebooka. Skonfiguruj pr\u0119\u017cn\u0105 wtyczk\u0119 wy\u015bwietlaj\u0105c\u0105 Twoj\u0105 stron\u0119 i dodaj j\u0105 na stronie, aby ka\u017cdy czytelnik m\u00f3g\u0142 \u015bledzi\u0107 Twoj\u0105 stron\u0119.<\/li><li><b>1 widget Facebooka zamiast 3<\/b>.<br>Mo\u017cesz wy\u015bwietli\u0107 ca\u0142\u0105 zawarto\u015b\u0107 Facebooka w jednej wtyczce: wstawiaj publikacje z komentarzami, polubieniami lub wszystkimi dost\u0119pnymi reakcjami; pobieraj zdj\u0119cia i playlisty wideo z album\u00f3w na Facebooku.<\/li><\/ul><div class=\"faq\" data-component=\"FAQ\"> <div class=\"faq-item\">\r\n\t\t\t\t\t<div class=\"faq-item-question\">\r\n\t\t\t\t\t\t<h3 class=\"faq-item-question-text\">Jakie inne narz\u0119dzia dla WordPress masz do zaoferowania? <\/h3>\r\n\r\n\t\t\t\t\t\t<div class=\"faq-item-question-icon\"><\/div>\r\n\t\t\t\t\t<\/div>\r\n\r\n\t\t\t\t\t<div class=\"faq-item-answer\">\r\n\t\t\t\t\t\t<div class=\"faq-item-answer-text\"> <p>Mo\u017cesz skorzysta\u0107 z mn\u00f3stwo narz\u0119dzi do dowolnych cel\u00f3w w Twojej witrynie, niezale\u017cnie od prowadzonej dzia\u0142alno\u015bci. Zobacz niekt\u00f3re z nich: <a href=\"https:\/\/elfsight.com\/popup-widget\/webflow\/\">Popup<\/a>, <a href=\"https:\/\/elfsight.com\/facebook-chat-widget \/wordpress\/\">Czat na Facebooku<\/a>, <a href=\"https:\/\/elfsight.com\/google-reviews-widget\/wordpress\/\">Opinie Google<\/a>, <a href=\"https:\/ \/elfsight.com\/testimonials-slider-widget\/wordpress\/\">Suwak opinii<\/a>, <a href=\"https:\/\/elfsight.com\/youtube-channel-plugin-yottie\/wordpress\/\">Kana\u0142 YouTube<\/a>. Mo\u017cesz doda\u0107 je wszystkie do swojej witryny lub wybra\u0107 tylko te, kt\u00f3re najbardziej Ci odpowiadaj\u0105. <\/p> <\/div>\r\n\t\t\t\t\t<\/div>\r\n\t\t\t\t<\/div> <div class=\"faq-item\">\r\n\t\t\t\t\t<div class=\"faq-item-question\">\r\n\t\t\t\t\t\t<h3 class=\"faq-item-question-text\">W jaki spos\u00f3b mog\u0119 osadzi\u0107 wtyczk\u0119 Facebook Feed w mojej witrynie WordPress? <\/h3>\r\n\r\n\t\t\t\t\t\t<div class=\"faq-item-question-icon\"><\/div>\r\n\t\t\t\t\t<\/div>\r\n\r\n\t\t\t\t\t<div class=\"faq-item-answer\">\r\n\t\t\t\t\t\t<div class=\"faq-item-answer-text\"> <p>Mo\u017cesz doda\u0107 wtyczk\u0119 Facebook Feed do swojej witryny WordPress, aby zaprezentowa\u0107 dowolne posty lub obrazy, kt\u00f3re jak \u0142atwo. Wystarczy otworzy\u0107 panel administracyjny i wykona\u0107 nast\u0119puj\u0105ce czynno\u015bci: <\/p><ol><li>Kliknij ustawienia swojej witryny WordPress. <\/li><li>Wybierz blok, w kt\u00f3rym chcesz wdro\u017cy\u0107 kana\u0142 Facebook. <\/li><li>Osad\u017a sw\u00f3j kod z us\u0142ugi Elfsight Apps i zastosuj zmiany. <\/li><li>Wszystko gotowe. <\/li><\/ol><p>Istnieje r\u00f3wnie\u017c kompletny przewodnik dotycz\u0105cy instalacji kana\u0142u Facebook, kt\u00f3ry mo\u017cna znale\u017a\u0107 <a href=\"https:\/\/elfsight.com\/tutorials\/how-to-add-facebook-feed-to-any-website\/#wordpress-facebook-plugin\">tutaj<\/a>.<\/p><\/div>\r\n\t\t\t\t\t<\/div>\r\n\t\t\t\t<\/div> <div class=\"faq-item\">\r\n\t\t\t\t\t<div class=\"faq-item-question\">\r\n\t\t\t\t\t\t<h3 class=\"faq-item-question-text\">Czy mog\u0119 przetestowa\u0107 twoj\u0105 wtyczk\u0119 do WordPressa na Facebooku <\/h3>\r\n\r\n\t\t\t\t\t\t<div class=\"faq-item-question-icon\"><\/div>\r\n\t\t\t\t\t<\/div>\r\n\r\n\t\t\t\t\t<div class=\"faq-item-answer\">\r\n\t\t\t\t\t\t<div class=\"faq-item-answer-text\"> <p>Jasne rzecz! Zapraszamy do skorzystania z naszego aktywnego <a href=\"https:\/\/elfsight.com\/facebook-feed-widget\/#demo\">demo<\/a>, kt\u00f3re nie tylko zademonstruje wszystkie funkcje wtyczki, ale tak\u017ce pozwoli Ci aby doda\u0107 narz\u0119dzie do swojej witryny WordPress!<\/p><\/div>\r\n\t\t\t\t\t<\/div>\r\n\t\t\t\t<\/div> <\/div><\/div><div class=\"application-platform-content-item-features application-platform-content-item\" id=\"features\" data-nav-section=\"features\"><h2>G\u0142\u00f3wne funkcje wid\u017cetu Facebook Feed<\/h2><p> Najwa\u017cniejsze funkcje, dzi\u0119ki kt\u00f3rym nasz kana\u0142 na Facebooku jest jedn\u0105 z najlepszych wtyczek dla dowolnej witryny WordPress.<\/p><ul><li>3 typy tre\u015bci na Facebooku, kt\u00f3re mo\u017cna wy\u015bwietla\u0107: posty, filmy i zdj\u0119cia z albumami;<\/li><li>Konfigurowalny nag\u0142\u00f3wek z regulowanymi elementami: zdj\u0119cie na ok\u0142adce, akcje, zdj\u0119cie strony, liczba polubie\u0144;<\/li><li>Przyciski Lubi\u0119 to i Udost\u0119pnij w nag\u0142\u00f3wku;<\/li><li>Zmienny limit post\u00f3w;<\/li><li>Regularne aktualizacje na \u017cywo, aby zachowa\u0107 \u015bwie\u017co\u015b\u0107.<\/li><\/ul><p><a href=\"#demo\">Przetestuj wszystkie funkcje w wersji demonstracyjnej na \u017cywo<\/a><\/p><\/div><div class=\"application-platform-content-item-installation application-platform-content-item\" id=\"installation\" data-nav-section=\"installation\"><h2>Jak osadzi\u0107 wtyczk\u0119 Facebooka w WordPressie<\/h2><div class=\"video-container\"><iframe width=\"720\" height=\"405\" src=\"https:\/\/www.youtube.com\/embed\/URsM7tz9sAc\" frameborder=\"0\" allowfullscreen=\"\"><\/iframe><\/div><p>Wystarczy wykona\u0107 poni\u017csze kroki, aby zintegrowa\u0107 wid\u017cet z WordPress.<\/p> <ol><li><b>Skorzystaj z naszej bezp\u0142atnej wersji demonstracyjnej i zacznij budowa\u0107 sw\u00f3j spersonalizowany instrument. <\/b><br> Okre\u015bl niestandardowy wygl\u0105d i funkcjonalno\u015b\u0107 wid\u017cetu oraz zastosuj modyfikacje. <\/li> <li><b>Odbierz indywidualny kod pokazany w specjalnym formularzu w aplikacjach Elfsight. <\/b><br> Zaraz po skonfigurowaniu wtyczki Facebook Feed skopiuj indywidualny kod w pojawiaj\u0105cym si\u0119 wyskakuj\u0105cym okienku i zapisz go na p\u00f3\u017aniej. <\/li> <li><b>Rozpocznij korzystanie z narz\u0119dzia na swojej stronie WordPress. <\/b><br> Wklej skopiowany wcze\u015bniej kod na swoj\u0105 stron\u0119 internetow\u0105 i zapisz ulepszenia. <\/li> <li><b>Gotowe! Integracja zosta\u0142a pomy\u015blnie przeprowadzona. <\/b><br> Przejd\u017a do swojej witryny, aby zobaczy\u0107 dzia\u0142anie wtyczki. <\/li><\/ol> <p>Czy potrzebujesz bardziej szczeg\u00f3\u0142owego wsparcia? Przeczytaj <a href=\"https:\/\/elfsight.com\/tutorials\/how-to-add-facebook-feed-plugin-to-wordpress\/\" target=\"_blank\" rel=\"noopener noreferrer\">pe\u0142n\u0105 instrukcj\u0119<\/a> lub napisz e-mail do centrum pomocy Elfsight, a my z przyjemno\u015bci\u0105 udzielimy odpowiedzi.<\/p><\/div><div class=\"faq\" data-component=\"FAQ\"><div class=\"faq-item\">\r\n\t\t\t\t\t<div class=\"faq-item-question\">\r\n\t\t\t\t\t\t<h3 class=\"faq-item-question-text\">Czy mog\u0119 otrzyma\u0107 Du\u017cy wid\u017cet kana\u0142u aktualno\u015bci lub filmy na Facebooku wykorzystuj\u0105ce Twoje wid\u017cety?<\/h3>\r\n\r\n\t\t\t\t\t\t<div class=\"faq-item-question-icon\"><\/div>\r\n\t\t\t\t\t<\/div>\r\n\r\n\t\t\t\t\t<div class=\"faq-item-answer\">\r\n\t\t\t\t\t\t<div class=\"faq-item-answer-text\"><p>Zastosowana jest ogromna liczba szablon\u00f3w: galeria, mur, siatka, kana\u0142, lista i wiele wi\u0119cej, z uwzgl\u0119dnieniem plastycznych dostosowa\u0144 uk\u0142adu w celu spe\u0142nienia Twoich warunk\u00f3w wst\u0119pnych. Mo\u017cesz stworzy\u0107 prawie wszystko, czego Ci brakuje. <\/p><\/div>\r\n\t\t\t\t\t<\/div>\r\n\t\t\t\t<\/div><div class=\"faq-item\">\r\n\t\t\t\t\t<div class=\"faq-item-question\">\r\n\t\t\t\t\t\t<h3 class=\"faq-item-question-text\">M\u00f3j wid\u017cet WordPress na Facebooku nie dzia\u0142a\/nie aktualizuje si\u0119<\/h3>\r\n\r\n\t\t\t\t\t\t<div class=\"faq-item-question-icon\"><\/div>\r\n\t\t\t\t\t<\/div>\r\n\r\n\t\t\t\t\t<div class=\"faq-item-answer\">\r\n\t\t\t\t\t\t<div class=\"faq-item-answer-text\"><p>Je\u015bli do\u015bwiadczysz jakichkolwiek problem\u00f3w z wid\u017cetami WordPress, skontaktuj si\u0119 z zespo\u0142em obs\u0142ugi klienta. Us\u0142uga wsparcia jest ca\u0142kowicie bezp\u0142atna dla wszystkich klient\u00f3w Elfsight. <\/p><\/div>\r\n\t\t\t\t\t<\/div>\r\n\t\t\t\t<\/div><\/div>\n","protected":false},"excerpt":{"rendered":"","protected":false},"author":9,"featured_media":0,"parent":1843,"menu_order":0,"comment_status":"closed","ping_status":"closed","template":"templates\/template-application-platform.php","meta":{"publish_to_discourse":"","publish_post_category":"","wpdc_auto_publish_overridden":"","wpdc_topic_tags":"","wpdc_pin_topic":"","wpdc_pin_until":"","discourse_post_id":"","discourse_permalink":"","wpdc_publishing_response":"","wpdc_publishing_error":"","footnotes":""},"class_list":["post-5080","page","type-page","status-publish","hentry"],"yoast_head":"<!-- This site is optimized with the Yoast SEO plugin v25.3.1 - https:\/\/yoast.com\/wordpress\/plugins\/seo\/ -->\n<title>Dodaj wtyczk\u0119 WordPress Facebook Feed do swojej witryny (za darmo)<\/title>\n<meta name=\"description\" content=\"Umie\u015b\u0107 najlepsz\u0105 wtyczk\u0119 Facebook Feed na swojej stronie WordPress. Przetestuj nasze demo na \u017cywo i utw\u00f3rz wtyczk\u0119 w zaledwie 1 minut\u0119.\" \/>\n<meta name=\"robots\" content=\"index, follow, max-snippet:-1, max-image-preview:large, max-video-preview:-1\" \/>\n<link rel=\"canonical\" href=\"https:\/\/elfsight.com\/pl\/facebook-feed-widget\/wordpress\/\" \/>\n<meta property=\"og:locale\" content=\"pl_PL\" \/>\n<meta property=\"og:type\" content=\"article\" \/>\n<meta property=\"og:title\" content=\"Dodaj wtyczk\u0119 WordPress Facebook Feed do swojej witryny (za darmo)\" \/>\n<meta property=\"og:description\" content=\"Umie\u015b\u0107 najlepsz\u0105 wtyczk\u0119 Facebook Feed na swojej stronie WordPress. Przetestuj nasze demo na \u017cywo i utw\u00f3rz wtyczk\u0119 w zaledwie 1 minut\u0119.\" \/>\n<meta property=\"og:url\" content=\"https:\/\/elfsight.com\/pl\/facebook-feed-widget\/wordpress\/\" \/>\n<meta property=\"og:site_name\" content=\"Elfsight PL\" \/>\n<meta property=\"article:modified_time\" content=\"2025-01-24T13:10:36+00:00\" \/>\n<meta name=\"twitter:card\" content=\"summary_large_image\" \/>\n<meta name=\"twitter:label1\" content=\"Szacowany czas czytania\" \/>\n\t<meta name=\"twitter:data1\" content=\"4 minuty\" \/>\n<!-- \/ Yoast SEO plugin. -->","yoast_head_json":{"title":"Dodaj wtyczk\u0119 WordPress Facebook Feed do swojej witryny (za darmo)","description":"Umie\u015b\u0107 najlepsz\u0105 wtyczk\u0119 Facebook Feed na swojej stronie WordPress. Przetestuj nasze demo na \u017cywo i utw\u00f3rz wtyczk\u0119 w zaledwie 1 minut\u0119.","robots":{"index":"index","follow":"follow","max-snippet":"max-snippet:-1","max-image-preview":"max-image-preview:large","max-video-preview":"max-video-preview:-1"},"canonical":"https:\/\/elfsight.com\/pl\/facebook-feed-widget\/wordpress\/","og_locale":"pl_PL","og_type":"article","og_title":"Dodaj wtyczk\u0119 WordPress Facebook Feed do swojej witryny (za darmo)","og_description":"Umie\u015b\u0107 najlepsz\u0105 wtyczk\u0119 Facebook Feed na swojej stronie WordPress. Przetestuj nasze demo na \u017cywo i utw\u00f3rz wtyczk\u0119 w zaledwie 1 minut\u0119.","og_url":"https:\/\/elfsight.com\/pl\/facebook-feed-widget\/wordpress\/","og_site_name":"Elfsight PL","article_modified_time":"2025-01-24T13:10:36+00:00","twitter_card":"summary_large_image","twitter_misc":{"Szacowany czas czytania":"4 minuty"},"schema":{"@context":"https:\/\/schema.org","@graph":[{"@type":"WebPage","@id":"https:\/\/elfsight.com\/pl\/facebook-feed-widget\/wordpress\/","url":"https:\/\/elfsight.com\/pl\/facebook-feed-widget\/wordpress\/","name":"Dodaj wtyczk\u0119 WordPress Facebook Feed do swojej witryny (za darmo)","isPartOf":{"@id":"https:\/\/elfsight.com\/pl\/#website"},"datePublished":"2024-05-03T06:36:07+00:00","dateModified":"2025-01-24T13:10:36+00:00","description":"Umie\u015b\u0107 najlepsz\u0105 wtyczk\u0119 Facebook Feed na swojej stronie WordPress. Przetestuj nasze demo na \u017cywo i utw\u00f3rz wtyczk\u0119 w zaledwie 1 minut\u0119.","breadcrumb":{"@id":"https:\/\/elfsight.com\/pl\/facebook-feed-widget\/wordpress\/#breadcrumb"},"inLanguage":"pl-PL","potentialAction":[{"@type":"ReadAction","target":["https:\/\/elfsight.com\/pl\/facebook-feed-widget\/wordpress\/"]}]},{"@type":"BreadcrumbList","@id":"https:\/\/elfsight.com\/pl\/facebook-feed-widget\/wordpress\/#breadcrumb","itemListElement":[{"@type":"ListItem","position":1,"name":"Home","item":"https:\/\/elfsight.com\/pl\/"},{"@type":"ListItem","position":2,"name":"Facebook Feed","item":"https:\/\/elfsight.com\/pl\/facebook-feed-widget\/"},{"@type":"ListItem","position":3,"name":"Facebook Feed &#8211; WordPress"}]},{"@type":"WebSite","@id":"https:\/\/elfsight.com\/pl\/#website","url":"https:\/\/elfsight.com\/pl\/","name":"Elfsight PL","description":"Just another Elfsight Sites site","potentialAction":[{"@type":"SearchAction","target":{"@type":"EntryPoint","urlTemplate":"https:\/\/elfsight.com\/pl\/?s={search_term_string}"},"query-input":{"@type":"PropertyValueSpecification","valueRequired":true,"valueName":"search_term_string"}}],"inLanguage":"pl-PL"}]}},"meta_box":{"industry":"","seo_heading":"","heading":"","description":"","cta_heading":"","cta_description":"","application":"1841","h1":"Wtyczka WordPress na Facebooku","h1_caption":"Osadzaj posty ze swojej strony na Facebooku, aby bez wysi\u0142ku odwiedzaj\u0105cy Twoj\u0105 witryn\u0119 mogli zapozna\u0107 si\u0119 z najnowszymi aktualizacjami i aktualno\u015bciami na Twojej stronie WordPress.","application_category":[],"applications_title":"","applications_request_title":"","applications_request_button_text":"","hero_text":"","hero_video":"","hero_video_schema_markup":"","selling_points_title":"","selling_points_caption":"","selling_points":[],"selling_points_cta_text":"","features_title":"","features":"","ed_cta_examples_text":"","ed_cta_examples_hidden":"","ed_cta_demo_text":"","ed_cta_demo_hidden":"","why_caption":"","why_editor_title":"","why_editor_text":"","why_team_title":"","why_team_text":"","why_service_title":"","why_service_text":"","template_catalog_visible":"0","template_catalog_title":"","template_catalog_text":"","template_catalog_categories_visible":"","demo_title":"Utw\u00f3rz wtyczk\u0119 kana\u0142u Facebook","demo_caption":"Skonfiguruj sw\u00f3j kana\u0142 na Facebooku i dodaj go do swojej witryny WordPress za darmo!","default_faq_hidden":"","app_template_category":[],"platform":"31","template_public_id":"","codecanyon_url":"","codecanyon_item_id":"","codecanyon_price":"","pricing_caption":"","pricing_elfsight_apps_hide_column":"","pricing_elfsight_apps_url":"","pricing_codecanyon_price_caption":"","integration_category":[],"integration_request_title":"","integration_request_cta":"","integration_platform":"","integrations":[],"platform_category":[],"video_schema_markup":"","price":"od 0 USD \/ miesi\u0105c","trial":"","benefits":[{"text":"Bezp\u0142atna pomoc w instalacji"},{"text":"Wyj\u0105tkowe wsparcie"},{"text":"14-dniowa gwarancja zwrotu pieni\u0119dzy"}],"button_url":"#demo","button_target_blank":"0","button_nofollow":"0","attributes":[{"name":"Instaluje"},{"name":"Czu\u0142y"},{"name":"Kompatybilne przegl\u0105darki"}],"tags":[],"tags_disable_links":"0","hide_more_platforms":"","video_object":"","demo_hide_cta":"0","demo_hide_cloud_options":"0","pricing_title":"","pricing":[{"pricing_icon":"cloud","pricing_title":"Elfsight Apps","pricing_title_caption":"Rozwi\u0105zanie niezale\u017cne od platformy","pricing_price":"od 0 USD \/ miesi\u0105c","pricing_price_caption":"zacznij od bezp\u0142atnego planu","pricing_benefits":[{"text":"Nielimitowane domeny"},{"text":"Szybkie wsparcie"},{"text":"Bezp\u0142atna pomoc w monta\u017cu"},{"text":"Specjalna oferta na wiele aplikacji"}],"pricing_button_text":"Dodaj do witryny","pricing_button_url":"#demo"}],"related_apps_title":"","related_apps_hidden":"0","author":"","image":[],"title":"","job":"","social_networks":[]},"_links":{"self":[{"href":"https:\/\/elfsight.com\/pl\/wp-json\/wp\/v2\/pages\/5080","targetHints":{"allow":["GET"]}}],"collection":[{"href":"https:\/\/elfsight.com\/pl\/wp-json\/wp\/v2\/pages"}],"about":[{"href":"https:\/\/elfsight.com\/pl\/wp-json\/wp\/v2\/types\/page"}],"author":[{"embeddable":true,"href":"https:\/\/elfsight.com\/pl\/wp-json\/wp\/v2\/users\/9"}],"replies":[{"embeddable":true,"href":"https:\/\/elfsight.com\/pl\/wp-json\/wp\/v2\/comments?post=5080"}],"version-history":[{"count":4,"href":"https:\/\/elfsight.com\/pl\/wp-json\/wp\/v2\/pages\/5080\/revisions"}],"predecessor-version":[{"id":9785,"href":"https:\/\/elfsight.com\/pl\/wp-json\/wp\/v2\/pages\/5080\/revisions\/9785"}],"up":[{"embeddable":true,"href":"https:\/\/elfsight.com\/pl\/wp-json\/wp\/v2\/pages\/1843"}],"wp:attachment":[{"href":"https:\/\/elfsight.com\/pl\/wp-json\/wp\/v2\/media?parent=5080"}],"curies":[{"name":"wp","href":"https:\/\/api.w.org\/{rel}","templated":true}]}}