{"id":5079,"date":"2024-05-03T06:36:06","date_gmt":"2024-05-03T06:36:06","guid":{"rendered":"https:\/\/elfsight.com\/pl\/?page_id=5079"},"modified":"2025-06-19T13:48:07","modified_gmt":"2025-06-19T13:48:07","slug":"shopify","status":"publish","type":"page","link":"https:\/\/elfsight.com\/pl\/facebook-feed-widget\/shopify\/","title":{"rendered":"Facebook Feed &#8211; Shopify"},"content":{"rendered":"<div class=\"application-platform-content-item-description application-platform-content-item\" id=\"description\" data-nav-section=\"description\"><h2>Osad\u017a kana\u0142 Facebooka w Shopify za pomoc\u0105 wid\u017cetu Elfsight<\/h2><p>Wy\u015bwietl swoj\u0105 stron\u0119 na Facebooku w naszej uniwersalnej aplikacji \u2013 Kana\u0142 Facebooka. Strony, filmy, zdj\u0119cia \u2013 upewnij si\u0119, \u017ce Twoi odwiedzaj\u0105cy nie przegapi\u0105 ani jednej wiadomo\u015bci. Kusz\u0105cy design z prawdziwymi elementami Facebooka nie pozostanie niezauwa\u017cony i pozwoli Ci nie tylko zatrzyma\u0107 obecnych klient\u00f3w na stronie, ale tak\u017ce znale\u017a\u0107 nowych subskrybent\u00f3w Facebooka.<\/p><p><b>Rozwijaj swoj\u0105 witryn\u0119 do najwy\u017cszego poziomu etap razem z aplikacj\u0105 Shopify na Facebooku.<\/b><\/p><ul><li><b>Zwi\u0119ksz konwersj\u0119 swojej witryny nawet o 125%<\/b>.<br>Dodaj jednostk\u0119 medi\u00f3w spo\u0142eczno\u015bciowych do swojego witryn\u0119 i zdob\u0105d\u017a wi\u0119cej klient\u00f3w. Pozw\u00f3l odwiedzaj\u0105cym odkry\u0107 Twoj\u0105 firm\u0119 na Facebooku i zdoby\u0107 ich zaufanie, co przyczyni si\u0119 do wzmocnienia Twojej konwersji.<\/li><li><b>Promuj swoje konto na Facebooku<\/b>.<br>Wykorzystaj swoje tre\u015bci na Facebooku nie tylko do cel\u00f3w zapewnia\u0107 rozrywk\u0119 widzom medi\u00f3w spo\u0142eczno\u015bciowych, ale tak\u017ce pozyskiwa\u0107 odwiedzaj\u0105cych ze strony internetowej i kierowa\u0107 ich na Twoj\u0105 stron\u0119 na Facebooku. Dodaj zauwa\u017calny kana\u0142 lub zdj\u0119cia, aby ju\u017c teraz zacz\u0105\u0107 zdobywa\u0107 nowych subskrybent\u00f3w!<\/li><li><b>1 wid\u017cet Facebooka, kt\u00f3ry b\u0119dzie s\u0142u\u017cy\u0142 jako 3<\/b>.<br>Ca\u0142a zawarto\u015b\u0107 Facebooka w jednym wid\u017cecie: dodawaj posty z opiniami , udost\u0119pnienia lub wszystkie dost\u0119pne reakcje; Tw\u00f3rz galerie zdj\u0119\u0107 i film\u00f3w na stronie internetowej, korzystaj\u0105c z album\u00f3w na Facebooku.<\/li><\/ul><\/div><div class=\"application-platform-content-item-features application-platform-content-item\" id=\"features\" data-nav-section=\"features\"><h2>G\u0142\u00f3wne funkcje wid\u017cetu Kana\u0142 na Facebooku<\/h2><p>Kilka cechy, kt\u00f3re sprawiaj\u0105, \u017ce nasz kana\u0142 na Facebooku jest najlepsz\u0105 aplikacj\u0105 dla witryny Shopify.<\/p><ul><li>3 typy tre\u015bci na Facebooku, kt\u00f3re mo\u017cna wy\u015bwietla\u0107: posty, filmy i zdj\u0119cia z albumami;<\/li><li>Dostosowywalny pop -ups z prze\u0142\u0105czalnymi elementami: autor, liczba polubie\u0144, liczba udost\u0119pnie\u0144, komentarze;<\/li><li>Regulowana szeroko\u015b\u0107 i wysoko\u015b\u0107;<\/li><li>W\u0142\u0105cz lub wy\u0142\u0105cz nag\u0142\u00f3wek;<\/li><li>Bezp\u0142atne us\u0142uga instalacji.<\/li><\/ul><p><a href=\"#demo\">Zobacz wszystkie funkcje w wersji demonstracyjnej na \u017cywo<\/a><\/p><\/div><div class=\"application-platform-content-item-installation application-platform-content-item\" id=\"installation\" data-nav-section=\"installation\"> <h2>Jak doda\u0107 kana\u0142 Facebook do witryny Shopify<\/h2><div class=\"video-container\"><iframe width=\"720\" height=\"405\" src=\"https:\/\/www.youtube.com\/embed\/4iTtZ_DcOOA\" frameborder=\"0\" allowfullscreen=\"\"><\/iframe><\/div><p>Post\u0119puj zgodnie z naszym przewodnikiem, aby doko\u0144czy\u0107 instalacj\u0119. Zajmie to tylko kilka minut i nie wymaga wiedzy programistycznej.<\/p><ol><li><b>Uruchom nasze bezp\u0142atne demo i rozpocznij prac\u0119 z w\u0142asn\u0105 aplikacj\u0105. <\/b><br> Wybierz odpowiedni uk\u0142ad i wydajno\u015b\u0107 aplikacji, a nast\u0119pnie zastosuj wszystkie zmiany. <\/li> <li><b>Zdob\u0105d\u017a sw\u00f3j indywidualny kod, kt\u00f3ry pojawi si\u0119 w oknie aplikacji Elfsight. <\/b><br> Po zako\u0144czeniu tworzenia aplikacji skopiuj kod w wy\u015bwietlonym polu i zapisz go na przysz\u0142o\u015b\u0107. <\/li> <li><b>Rozpocznij korzystanie z aplikacji na swojej stronie internetowej Shopify. <\/b><br> Zintegruj ostatnio skopiowany kod ze swoj\u0105 stron\u0105 i zapisz zmiany. <\/li> <li><b>Instalacja zosta\u0142a pomy\u015blnie uko\u0144czona. <\/b><br> Przejd\u017a do swojej witryny, aby sprawdzi\u0107, jak dzia\u0142a aplikacja. <\/li><\/ol><p>Czy potrzebujesz bardziej niestandardowego wsparcia? Napisz do naszego centrum pomocy, a ch\u0119tnie znajdziemy dla Ciebie rozwi\u0105zanie lub przeczytasz <a href=\"https:\/\/elfsight.com\/tutorials\/how-to-add-facebook-feed-app-to-shopify\/\" target=\"_blank\" rel=\"noopener noreferrer\">szczeg\u00f3\u0142owy artyku\u0142<\/a>.<\/p><\/div><div class=\"faq\" data-component=\"FAQ\"><div class=\"faq-item\">\r\n\t\t\t\t\t<div class=\"faq-item-question\">\r\n\t\t\t\t\t\t<h3 class=\"faq-item-question-text\">W jaki spos\u00f3b czy mo\u017cna doda\u0107 WhatsApp Chat do mojej strony Shopify bez kodowania?<\/h3>\r\n\r\n\t\t\t\t\t\t<div class=\"faq-item-question-icon\"><\/div>\r\n\t\t\t\t\t<\/div>\r\n\r\n\t\t\t\t\t<div class=\"faq-item-answer\">\r\n\t\t\t\t\t\t<div class=\"faq-item-answer-text\"><p>Firma Elfsight dostarcza rozwi\u0105zanie SaaS, kt\u00f3re umo\u017cliwia szerokiemu gronu odbiorc\u00f3w samodzielne utworzenie aplikacji WhatsApp Chat, sprawd\u017a, jak prosty jest ten proces: <\/p><ul><li>Rozpocznij prac\u0119 bezpo\u015brednio w edytorze online, aby utworzy\u0107 wtyczk\u0119 WhatsApp Chat, kt\u00f3r\u0105 chcesz doda\u0107 na stronie Shopify.<\/li><li>Wybierz jeden z wielu gotowych szablon\u00f3w i dostosuj ustawienia WhatsApp Chat, do\u0142\u0105cz swoj\u0105 tre\u015b\u0107 , zmie\u0144 uk\u0142ad i kolor element\u00f3w bez kodowania.<\/li><li>Zapisz ustawienia wprowadzone w WhatsApp Chat i skopiuj kod wtyczki do osadzenia, kt\u00f3ry mo\u017cesz \u0142atwo i bezp\u0142atnie umie\u015bci\u0107 na stronie g\u0142\u00f3wnej Shopify. <\/li><\/ul><p>Korzystaj\u0105c z naszego intuicyjnego konfiguratora, ka\u017cdy u\u017cytkownik Internetu mo\u017ce wygenerowa\u0107 wtyczk\u0119 WhatsApp Chat i \u0142atwo umie\u015bci\u0107 j\u0105 na swojej stronie Shopify. Aby uzyska\u0107 dost\u0119p do us\u0142ugi Elfsight, nie trzeba wykupi\u0107 p\u0142atnej subskrypcji ani podawa\u0107 danych karty. Je\u015bli na kt\u00f3rymkolwiek etapie napotkasz jakiekolwiek problemy, skontaktuj si\u0119 z naszym personelem pomocy technicznej.<\/p><\/div>\r\n\t\t\t\t\t<\/div>\r\n\t\t\t\t<\/div><\/div>","protected":false},"excerpt":{"rendered":"","protected":false},"author":9,"featured_media":0,"parent":1843,"menu_order":0,"comment_status":"closed","ping_status":"closed","template":"templates\/template-application-platform.php","meta":{"publish_to_discourse":"","publish_post_category":"","wpdc_auto_publish_overridden":"","wpdc_topic_tags":"","wpdc_pin_topic":"","wpdc_pin_until":"","discourse_post_id":"","discourse_permalink":"","wpdc_publishing_response":"","wpdc_publishing_error":"","footnotes":""},"class_list":["post-5079","page","type-page","status-publish","hentry"],"yoast_head":"<!-- This site is optimized with the Yoast SEO plugin v25.3.1 - https:\/\/yoast.com\/wordpress\/plugins\/seo\/ -->\n<title>Kana\u0142 Facebooka \u2014 dodaj aplikacj\u0119 Facebook do Shopify (\u0142atwo i szybko)<\/title>\n<meta name=\"description\" content=\"Zintegruj najlepsz\u0105 aplikacj\u0119 Facebook Feed ze swoim sklepem Shopify. Przetestuj interaktywne demo Elfsight i zaprojektuj swoj\u0105 osobist\u0105 aplikacj\u0119 w zaledwie 1 minut\u0119.\" \/>\n<meta name=\"robots\" content=\"index, follow, max-snippet:-1, max-image-preview:large, max-video-preview:-1\" \/>\n<link rel=\"canonical\" href=\"https:\/\/elfsight.com\/pl\/facebook-feed-widget\/shopify\/\" \/>\n<meta property=\"og:locale\" content=\"pl_PL\" \/>\n<meta property=\"og:type\" content=\"article\" \/>\n<meta property=\"og:title\" content=\"Kana\u0142 Facebooka \u2014 dodaj aplikacj\u0119 Facebook do Shopify (\u0142atwo i szybko)\" \/>\n<meta property=\"og:description\" content=\"Zintegruj najlepsz\u0105 aplikacj\u0119 Facebook Feed ze swoim sklepem Shopify. Przetestuj interaktywne demo Elfsight i zaprojektuj swoj\u0105 osobist\u0105 aplikacj\u0119 w zaledwie 1 minut\u0119.\" \/>\n<meta property=\"og:url\" content=\"https:\/\/elfsight.com\/pl\/facebook-feed-widget\/shopify\/\" \/>\n<meta property=\"og:site_name\" content=\"Elfsight PL\" \/>\n<meta property=\"article:modified_time\" content=\"2025-06-19T13:48:07+00:00\" \/>\n<meta name=\"twitter:card\" content=\"summary_large_image\" \/>\n<meta name=\"twitter:label1\" content=\"Szacowany czas czytania\" \/>\n\t<meta name=\"twitter:data1\" content=\"4 minuty\" \/>\n<!-- \/ Yoast SEO plugin. -->","yoast_head_json":{"title":"Kana\u0142 Facebooka \u2014 dodaj aplikacj\u0119 Facebook do Shopify (\u0142atwo i szybko)","description":"Zintegruj najlepsz\u0105 aplikacj\u0119 Facebook Feed ze swoim sklepem Shopify. Przetestuj interaktywne demo Elfsight i zaprojektuj swoj\u0105 osobist\u0105 aplikacj\u0119 w zaledwie 1 minut\u0119.","robots":{"index":"index","follow":"follow","max-snippet":"max-snippet:-1","max-image-preview":"max-image-preview:large","max-video-preview":"max-video-preview:-1"},"canonical":"https:\/\/elfsight.com\/pl\/facebook-feed-widget\/shopify\/","og_locale":"pl_PL","og_type":"article","og_title":"Kana\u0142 Facebooka \u2014 dodaj aplikacj\u0119 Facebook do Shopify (\u0142atwo i szybko)","og_description":"Zintegruj najlepsz\u0105 aplikacj\u0119 Facebook Feed ze swoim sklepem Shopify. Przetestuj interaktywne demo Elfsight i zaprojektuj swoj\u0105 osobist\u0105 aplikacj\u0119 w zaledwie 1 minut\u0119.","og_url":"https:\/\/elfsight.com\/pl\/facebook-feed-widget\/shopify\/","og_site_name":"Elfsight PL","article_modified_time":"2025-06-19T13:48:07+00:00","twitter_card":"summary_large_image","twitter_misc":{"Szacowany czas czytania":"4 minuty"},"schema":{"@context":"https:\/\/schema.org","@graph":[{"@type":"WebPage","@id":"https:\/\/elfsight.com\/pl\/facebook-feed-widget\/shopify\/","url":"https:\/\/elfsight.com\/pl\/facebook-feed-widget\/shopify\/","name":"Kana\u0142 Facebooka \u2014 dodaj aplikacj\u0119 Facebook do Shopify (\u0142atwo i szybko)","isPartOf":{"@id":"https:\/\/elfsight.com\/pl\/#website"},"datePublished":"2024-05-03T06:36:06+00:00","dateModified":"2025-06-19T13:48:07+00:00","description":"Zintegruj najlepsz\u0105 aplikacj\u0119 Facebook Feed ze swoim sklepem Shopify. Przetestuj interaktywne demo Elfsight i zaprojektuj swoj\u0105 osobist\u0105 aplikacj\u0119 w zaledwie 1 minut\u0119.","breadcrumb":{"@id":"https:\/\/elfsight.com\/pl\/facebook-feed-widget\/shopify\/#breadcrumb"},"inLanguage":"pl-PL","potentialAction":[{"@type":"ReadAction","target":["https:\/\/elfsight.com\/pl\/facebook-feed-widget\/shopify\/"]}]},{"@type":"BreadcrumbList","@id":"https:\/\/elfsight.com\/pl\/facebook-feed-widget\/shopify\/#breadcrumb","itemListElement":[{"@type":"ListItem","position":1,"name":"Home","item":"https:\/\/elfsight.com\/pl\/"},{"@type":"ListItem","position":2,"name":"Facebook Feed","item":"https:\/\/elfsight.com\/pl\/facebook-feed-widget\/"},{"@type":"ListItem","position":3,"name":"Facebook Feed &#8211; Shopify"}]},{"@type":"WebSite","@id":"https:\/\/elfsight.com\/pl\/#website","url":"https:\/\/elfsight.com\/pl\/","name":"Elfsight PL","description":"Just another Elfsight Sites site","potentialAction":[{"@type":"SearchAction","target":{"@type":"EntryPoint","urlTemplate":"https:\/\/elfsight.com\/pl\/?s={search_term_string}"},"query-input":{"@type":"PropertyValueSpecification","valueRequired":true,"valueName":"search_term_string"}}],"inLanguage":"pl-PL"}]}},"meta_box":{"industry":"","seo_heading":"","heading":"","description":"","cta_heading":"","cta_description":"","application":"1841","h1":"Aplikacja Facebook Feed dla Shopify","h1_caption":"Osadzaj posty ze swojej strony na Facebooku, aby bez wysi\u0142ku zainteresowa\u0107 odwiedzaj\u0105cych Twoj\u0105 witryn\u0119 najnowszymi aktualizacjami i aktualno\u015bciami w Twojej witrynie Shopify.","application_category":[],"applications_title":"","applications_request_title":"","applications_request_button_text":"","hero_text":"","hero_video":"","hero_video_schema_markup":"","selling_points_title":"","selling_points_caption":"","selling_points":[],"selling_points_cta_text":"","features_title":"","features":"","ed_cta_examples_text":"","ed_cta_examples_hidden":"","ed_cta_demo_text":"","ed_cta_demo_hidden":"","why_caption":"","why_editor_title":"","why_editor_text":"","why_team_title":"","why_team_text":"","why_service_title":"","why_service_text":"","template_catalog_visible":"0","template_catalog_title":"","template_catalog_text":"","template_catalog_categories_visible":"","demo_title":"Utw\u00f3rz aplikacj\u0119 do obs\u0142ugi kana\u0142\u00f3w na Facebooku","demo_caption":"Skonfiguruj sw\u00f3j kana\u0142 na Facebooku i dodaj go do swojej witryny Shopify za darmo!","default_faq_hidden":"","app_template_category":[],"platform":"7580","template_public_id":"","codecanyon_url":"","codecanyon_item_id":"","codecanyon_price":"","pricing_caption":"","pricing_elfsight_apps_hide_column":"","pricing_elfsight_apps_url":"","pricing_codecanyon_price_caption":"","integration_category":[],"integration_request_title":"","integration_request_cta":"","integration_platform":"","integrations":[],"platform_category":[],"video_schema_markup":"","price":"od 0 USD \/ miesi\u0105c","trial":"","benefits":[{"text":"Bezp\u0142atna us\u0142uga monta\u017cu"},{"text":"Wsparcie premium"},{"text":"14-dniowa gwarancja zwrotu pieni\u0119dzy"}],"button_url":"#demo","button_target_blank":"0","button_nofollow":"0","attributes":[{"name":"Instaluje"},{"name":"Czu\u0142y"},{"name":"Kompatybilne przegl\u0105darki"}],"tags":[],"tags_disable_links":"0","hide_more_platforms":"0","video_object":"","demo_hide_cta":"0","demo_hide_cloud_options":"0","pricing_title":"","pricing":[{"pricing_icon":"cloud","pricing_title":"Elfsight Apps","pricing_title_caption":"Wersja wieloplatformowa dzia\u0142aj\u0105ca na dowolnej stronie internetowej (w tym Shopify)","pricing_price":"od 0 USD \/ miesi\u0105c","pricing_price_caption":"Zacznij od bezp\u0142atnego planu","pricing_benefits":[{"text":"Nielimitowane strony internetowe"},{"text":"Oferta specjalna na wiele aplikacji"},{"text":"Wsparcie premium"},{"text":"Bezp\u0142atna us\u0142uga monta\u017cu"}],"pricing_button_text":"Dodaj do witryny","pricing_button_url":"#demo"}],"related_apps_title":"","related_apps_hidden":"0","author":"","image":[],"title":"","job":"","social_networks":[]},"_links":{"self":[{"href":"https:\/\/elfsight.com\/pl\/wp-json\/wp\/v2\/pages\/5079","targetHints":{"allow":["GET"]}}],"collection":[{"href":"https:\/\/elfsight.com\/pl\/wp-json\/wp\/v2\/pages"}],"about":[{"href":"https:\/\/elfsight.com\/pl\/wp-json\/wp\/v2\/types\/page"}],"author":[{"embeddable":true,"href":"https:\/\/elfsight.com\/pl\/wp-json\/wp\/v2\/users\/9"}],"replies":[{"embeddable":true,"href":"https:\/\/elfsight.com\/pl\/wp-json\/wp\/v2\/comments?post=5079"}],"version-history":[{"count":3,"href":"https:\/\/elfsight.com\/pl\/wp-json\/wp\/v2\/pages\/5079\/revisions"}],"predecessor-version":[{"id":9776,"href":"https:\/\/elfsight.com\/pl\/wp-json\/wp\/v2\/pages\/5079\/revisions\/9776"}],"up":[{"embeddable":true,"href":"https:\/\/elfsight.com\/pl\/wp-json\/wp\/v2\/pages\/1843"}],"wp:attachment":[{"href":"https:\/\/elfsight.com\/pl\/wp-json\/wp\/v2\/media?parent=5079"}],"curies":[{"name":"wp","href":"https:\/\/api.w.org\/{rel}","templated":true}]}}