{"id":5077,"date":"2024-05-03T06:36:04","date_gmt":"2024-05-03T06:36:04","guid":{"rendered":"https:\/\/elfsight.com\/pl\/?page_id=5077"},"modified":"2024-12-24T13:28:09","modified_gmt":"2024-12-24T13:28:09","slug":"bigcommerce","status":"publish","type":"page","link":"https:\/\/elfsight.com\/pl\/facebook-feed-widget\/bigcommerce\/","title":{"rendered":"Facebook Feed &#8211; BigCommerce"},"content":{"rendered":"\n<div class=\"application-platform-content-item-description application-platform-content-item\" id=\"description\" data-nav-section=\"description\"><h2>Opis<\/h2><p>Wy\u015bwietl swoj\u0105 stron\u0119 na Facebooku w naszej zaawansowanej aplikacji \u2013 Kana\u0142 Facebooka. Posty, filmy, zdj\u0119cia \u2013 upewnij si\u0119, \u017ce Twoi czytelnicy nie pomin\u0105 ani jednej wiadomo\u015bci od Ciebie. Stylowy interfejs z prawdziwymi elementami Facebooka z pewno\u015bci\u0105 zostanie zauwa\u017cony i przyczyni si\u0119 nie tylko do zatrzymania obecnych klient\u00f3w na stronie, ale tak\u017ce do zaproszenia nowych subskrybent\u00f3w Facebooka.<\/p><p><b>Ulepsz swoj\u0105 witryn\u0119 do poziomu maksymalna wysoko\u015b\u0107 wraz z aplikacj\u0105 BigCommerce na Facebooku.<\/b><\/p><ul><li><b>Zwi\u0119ksz konwersj\u0119 swojej witryny nawet o 125%<\/b>.<br>Wykorzystaj element spo\u0142eczno\u015bciowy zaufaj swojej witrynie, aby znale\u017a\u0107 wi\u0119cej klient\u00f3w. Pozw\u00f3l odwiedzaj\u0105cym odkry\u0107 Twoj\u0105 firm\u0119 na Facebooku i zdoby\u0107 ich pe\u0142ne zaufanie, co przyczyni si\u0119 do wzrostu Twojej konwersji.<\/li><li><b>Reklamuj sw\u00f3j profil na Facebooku<\/b>.<br>Wy\u015bwietlaj tre\u015bci z Facebooka nie tylko dla odwiedzaj\u0105cych media spo\u0142eczno\u015bciowe, ale tak\u017ce w celu przyci\u0105gni\u0119cia u\u017cytkownik\u00f3w ze strony internetowej do Twojego konta na Facebooku. Dodaj rozpoznawalny kana\u0142 lub zdj\u0119cia, aby ju\u017c teraz zacz\u0105\u0107 zdobywa\u0107 nowych subskrybent\u00f3w!<\/li><li><b>Ca\u0142y Facebook w 1 wid\u017cecie<\/b>.<br>Wszystkie rodzaje tre\u015bci na Facebooku w unikalnym wid\u017cecie: pokazuj publikacje z komentarzami, udost\u0119pnienia lub jakiekolwiek reakcje na Facebooku; kszta\u0142tuj obrazy i galerie wideo w serwisie za pomoc\u0105 album\u00f3w na Facebooku.<\/li><\/ul><\/div><div class=\"application-platform-content-item-features application-platform-content-item\" id=\"features\" data-nav-section=\"features\"><h2>Funkcje<\/h2><p>Kilka cech, kt\u00f3re zmieni\u0105 nasz kana\u0142 Facebook w niezb\u0119dn\u0105 aplikacj\u0119 dla witryny BigCommerce.<\/p><ul><li>3 typy tre\u015bci, kt\u00f3re mo\u017cna wy\u015bwietli\u0107 na Facebooku: posty, filmy i zdj\u0119cia z albumami;<\/li><li>Pokazuj zdj\u0119cia, albumy lub oba;<\/li><li>Posty z prze\u0142\u0105czalnymi informacjami: autor, liczba polubie\u0144, liczba udost\u0119pnie\u0144, przycisk udost\u0119pniania;<\/li><li>Wy\u015bwietlaj lub ukrywaj filmy wideo;<\/li><li>Regulowany czas pami\u0119ci podr\u0119cznej.<\/li> <\/ul><p><a href=\"#demo\">Przetestuj wszystkie funkcje w wersji demonstracyjnej na \u017cywo<\/a><\/p><\/div><div class=\"application-platform-content-item-installation application-platform-content-item\" id=\"installation\" data-nav-section=\"installation\"><h2>Jak to zrobi\u0107 dodaj aplikacj\u0119 Facebook do witryny BigCommerce<\/h2><div class=\"video-container\"><iframe width=\"720\" height=\"405\" src=\"https:\/\/www.youtube.com\/embed\/GZwiP0igJZg\" frameborder=\"0\" allowfullscreen=\"\"><\/iframe><\/div><p>Wystarczy wykona\u0107 poni\u017csze kroki, aby zainstalowa\u0107 wtyczk\u0119 w BigCommerce.<\/p> <ol><li><b>Uruchom nasz\u0105 bezp\u0142atn\u0105 wersj\u0119 demonstracyjn\u0105 i zacznij tworzy\u0107 w\u0142asn\u0105 wtyczk\u0119. <\/b><br> Wybierz wybrany wygl\u0105d i cechy wtyczki oraz zastosuj poprawki. <\/li> <li><b>Skopiuj sw\u00f3j osobisty kod widoczny w polu aplikacji Elfsight. <\/b><br> Po zako\u0144czeniu generowania aplikacji osobistej skopiuj kod osobisty z wy\u015bwietlonego wyskakuj\u0105cego okienka i zachowaj go do dalszego wykorzystania. <\/li> <li><b>Rozpocznij korzystanie z wid\u017cetu w witrynie BigCommerce. <\/b><br> Umie\u015b\u0107 w swojej witrynie ostatnio skopiowany kod i zastosuj poprawki. <\/li> <li><b>Instalacja zosta\u0142a pomy\u015blnie zako\u0144czona. <\/b><br> Odwied\u017a swoj\u0105 stron\u0119, aby zobaczy\u0107 w akcji dzia\u0142anie aplikacji . <\/li><\/ol><p>Czy potrzebujesz bardziej szczeg\u00f3\u0142owej pomocy? Skontaktuj si\u0119 z obs\u0142ug\u0105 klienta Elfsight, a z przyjemno\u015bci\u0105 znajdziemy rozwi\u0105zanie lub poznamy <a href=\"https:\/\/elfsight.com\/tutorials\/how-to-add-facebook-feed-plugin-to-bigcommerce\/\" target=\"_blank\" rel=\"noopener noreferrer\">pe\u0142ny przewodnik<\/a>.<\/p><\/div><div class=\"faq\" data-component=\"FAQ\"><div class=\"faq-item\">\r\n\t\t\t\t\t<div class=\"faq-item-question\">\r\n\t\t\t\t\t\t<h3 class=\"faq-item-question-text\">Czy czy istnieje mo\u017cliwo\u015b\u0107 dodania czatu WhatsApp do mojej strony internetowej BigCommerce bez do\u015bwiadczenia w kodowaniu?<\/h3>\r\n\r\n\t\t\t\t\t\t<div class=\"faq-item-question-icon\"><\/div>\r\n\t\t\t\t\t<\/div>\r\n\r\n\t\t\t\t\t<div class=\"faq-item-answer\">\r\n\t\t\t\t\t\t<div class=\"faq-item-answer-text\"><p>Firma Elfsight oferuje rozwi\u0105zanie, kt\u00f3re pozwala samodzielnie wygenerowa\u0107 wid\u017cet czatu WhatsApp, poznaj proste kroki: <\/p><ul> <li>Przejd\u017a do wersji demonstracyjnej online, aby utworzy\u0107 sekcj\u0119 czatu WhatsApp, kt\u00f3r\u0105 chcesz umie\u015bci\u0107 w swoim BigCommerce.<\/li><li>Wybierz jeden z wst\u0119pnie zaprojektowanych szablon\u00f3w i dostosuj ustawienia czatu WhatsApp, zaktualizuj tre\u015b\u0107, zmie\u0144 uk\u0142ad i schemat kolor\u00f3w bez \u017cadnego do\u015bwiadczenia w kodowaniu.<\/li><li>Zapisz ustawienia wprowadzone w WhatsApp Chat i uzyskaj kod wid\u017cetu do instalacji, kt\u00f3ry mo\u017cesz doda\u0107 na stronie BigCommerce bez konieczno\u015bci kupowania p\u0142atnego planu. <\/li><\/ul><p>Za pomoc\u0105 naszego przyjaznego dla u\u017cytkownika konfiguratora ka\u017cdy u\u017cytkownik Internetu mo\u017ce stworzy\u0107 aplikacj\u0119 WhatsApp Chat i doda\u0107 j\u0105 do strony g\u0142\u00f3wnej BigCommerce. Aby uzyska\u0107 dost\u0119p do naszego Edytora, nie jest wymagana p\u0142atno\u015b\u0107 ani ujawnianie danych karty. Je\u015bli na kt\u00f3rymkolwiek etapie napotkasz jakiekolwiek przeszkody, nie wahaj si\u0119 porozmawia\u0107 z naszym technicznym dzia\u0142em obs\u0142ugi klienta.<\/p><\/div>\r\n\t\t\t\t\t<\/div>\r\n\t\t\t\t<\/div><\/div>\n","protected":false},"excerpt":{"rendered":"","protected":false},"author":9,"featured_media":0,"parent":1843,"menu_order":0,"comment_status":"closed","ping_status":"closed","template":"templates\/template-application-platform.php","meta":{"publish_to_discourse":"","publish_post_category":"","wpdc_auto_publish_overridden":"","wpdc_topic_tags":"","wpdc_pin_topic":"","wpdc_pin_until":"","discourse_post_id":"","discourse_permalink":"","wpdc_publishing_response":"","wpdc_publishing_error":"","footnotes":""},"class_list":["post-5077","page","type-page","status-publish","hentry"],"yoast_head":"<!-- This site is optimized with the Yoast SEO plugin v25.3.1 - https:\/\/yoast.com\/wordpress\/plugins\/seo\/ -->\n<title>Kana\u0142 Facebooka \u2014 dodaj aplikacj\u0119 Facebook do witryny BigCommerce<\/title>\n<meta name=\"description\" content=\"Umie\u015b\u0107 responsywn\u0105 aplikacj\u0119 Facebook Feed na swojej stronie BigCommerce. Skorzystaj z naszego interaktywnego edytora i zaprojektuj swoj\u0105 osobist\u0105 aplikacj\u0119 w zaledwie 2 minuty.\" \/>\n<meta name=\"robots\" content=\"index, follow, max-snippet:-1, max-image-preview:large, max-video-preview:-1\" \/>\n<link rel=\"canonical\" href=\"https:\/\/elfsight.com\/pl\/facebook-feed-widget\/bigcommerce\/\" \/>\n<meta property=\"og:locale\" content=\"pl_PL\" \/>\n<meta property=\"og:type\" content=\"article\" \/>\n<meta property=\"og:title\" content=\"Kana\u0142 Facebooka \u2014 dodaj aplikacj\u0119 Facebook do witryny BigCommerce\" \/>\n<meta property=\"og:description\" content=\"Umie\u015b\u0107 responsywn\u0105 aplikacj\u0119 Facebook Feed na swojej stronie BigCommerce. Skorzystaj z naszego interaktywnego edytora i zaprojektuj swoj\u0105 osobist\u0105 aplikacj\u0119 w zaledwie 2 minuty.\" \/>\n<meta property=\"og:url\" content=\"https:\/\/elfsight.com\/pl\/facebook-feed-widget\/bigcommerce\/\" \/>\n<meta property=\"og:site_name\" content=\"Elfsight PL\" \/>\n<meta property=\"article:modified_time\" content=\"2024-12-24T13:28:09+00:00\" \/>\n<meta name=\"twitter:card\" content=\"summary_large_image\" \/>\n<meta name=\"twitter:label1\" content=\"Szacowany czas czytania\" \/>\n\t<meta name=\"twitter:data1\" content=\"4 minuty\" \/>\n<!-- \/ Yoast SEO plugin. -->","yoast_head_json":{"title":"Kana\u0142 Facebooka \u2014 dodaj aplikacj\u0119 Facebook do witryny BigCommerce","description":"Umie\u015b\u0107 responsywn\u0105 aplikacj\u0119 Facebook Feed na swojej stronie BigCommerce. Skorzystaj z naszego interaktywnego edytora i zaprojektuj swoj\u0105 osobist\u0105 aplikacj\u0119 w zaledwie 2 minuty.","robots":{"index":"index","follow":"follow","max-snippet":"max-snippet:-1","max-image-preview":"max-image-preview:large","max-video-preview":"max-video-preview:-1"},"canonical":"https:\/\/elfsight.com\/pl\/facebook-feed-widget\/bigcommerce\/","og_locale":"pl_PL","og_type":"article","og_title":"Kana\u0142 Facebooka \u2014 dodaj aplikacj\u0119 Facebook do witryny BigCommerce","og_description":"Umie\u015b\u0107 responsywn\u0105 aplikacj\u0119 Facebook Feed na swojej stronie BigCommerce. Skorzystaj z naszego interaktywnego edytora i zaprojektuj swoj\u0105 osobist\u0105 aplikacj\u0119 w zaledwie 2 minuty.","og_url":"https:\/\/elfsight.com\/pl\/facebook-feed-widget\/bigcommerce\/","og_site_name":"Elfsight PL","article_modified_time":"2024-12-24T13:28:09+00:00","twitter_card":"summary_large_image","twitter_misc":{"Szacowany czas czytania":"4 minuty"},"schema":{"@context":"https:\/\/schema.org","@graph":[{"@type":"WebPage","@id":"https:\/\/elfsight.com\/pl\/facebook-feed-widget\/bigcommerce\/","url":"https:\/\/elfsight.com\/pl\/facebook-feed-widget\/bigcommerce\/","name":"Kana\u0142 Facebooka \u2014 dodaj aplikacj\u0119 Facebook do witryny BigCommerce","isPartOf":{"@id":"https:\/\/elfsight.com\/pl\/#website"},"datePublished":"2024-05-03T06:36:04+00:00","dateModified":"2024-12-24T13:28:09+00:00","description":"Umie\u015b\u0107 responsywn\u0105 aplikacj\u0119 Facebook Feed na swojej stronie BigCommerce. Skorzystaj z naszego interaktywnego edytora i zaprojektuj swoj\u0105 osobist\u0105 aplikacj\u0119 w zaledwie 2 minuty.","breadcrumb":{"@id":"https:\/\/elfsight.com\/pl\/facebook-feed-widget\/bigcommerce\/#breadcrumb"},"inLanguage":"pl-PL","potentialAction":[{"@type":"ReadAction","target":["https:\/\/elfsight.com\/pl\/facebook-feed-widget\/bigcommerce\/"]}]},{"@type":"BreadcrumbList","@id":"https:\/\/elfsight.com\/pl\/facebook-feed-widget\/bigcommerce\/#breadcrumb","itemListElement":[{"@type":"ListItem","position":1,"name":"Home","item":"https:\/\/elfsight.com\/pl\/"},{"@type":"ListItem","position":2,"name":"Facebook Feed","item":"https:\/\/elfsight.com\/pl\/facebook-feed-widget\/"},{"@type":"ListItem","position":3,"name":"Facebook Feed &#8211; BigCommerce"}]},{"@type":"WebSite","@id":"https:\/\/elfsight.com\/pl\/#website","url":"https:\/\/elfsight.com\/pl\/","name":"Elfsight PL","description":"Just another Elfsight Sites site","potentialAction":[{"@type":"SearchAction","target":{"@type":"EntryPoint","urlTemplate":"https:\/\/elfsight.com\/pl\/?s={search_term_string}"},"query-input":{"@type":"PropertyValueSpecification","valueRequired":true,"valueName":"search_term_string"}}],"inLanguage":"pl-PL"}]}},"meta_box":{"industry":"","seo_heading":"","heading":"","description":"","cta_heading":"","cta_description":"","application":"1841","h1":"Aplikacja Facebook Feed dla BigCommerce","h1_caption":"Osadzaj posty ze swojej strony na Facebooku, aby bez wysi\u0142ku odwiedzaj\u0105cy Twoj\u0105 witryn\u0119 byli zainteresowani najnowszymi aktualizacjami i aktualno\u015bciami na Twojej stronie BigCommerce.","application_category":[],"applications_title":"","applications_request_title":"","applications_request_button_text":"","hero_text":"","hero_video":"","hero_video_schema_markup":"","selling_points_title":"","selling_points_caption":"","selling_points":[],"selling_points_cta_text":"","features_title":"","features":"","ed_cta_examples_text":"","ed_cta_examples_hidden":"","ed_cta_demo_text":"","ed_cta_demo_hidden":"","why_caption":"","why_editor_title":"","why_editor_text":"","why_team_title":"","why_team_text":"","why_service_title":"","why_service_text":"","template_catalog_visible":"0","template_catalog_title":"","template_catalog_text":"","template_catalog_categories_visible":"","demo_title":"Utw\u00f3rz aplikacj\u0119 do obs\u0142ugi kana\u0142\u00f3w na Facebooku","demo_caption":"Skonfiguruj sw\u00f3j kana\u0142 na Facebooku i dodaj go do swojej witryny BigCommerce za darmo!","default_faq_hidden":"","app_template_category":[],"platform":"41","template_public_id":"","codecanyon_url":"","codecanyon_item_id":"","codecanyon_price":"","pricing_caption":"","pricing_elfsight_apps_hide_column":"","pricing_elfsight_apps_url":"","pricing_codecanyon_price_caption":"","integration_category":[],"integration_request_title":"","integration_request_cta":"","integration_platform":"","integrations":[],"platform_category":[],"video_schema_markup":"","price":"od 0 USD \/ miesi\u0105c","trial":"","benefits":[{"text":"Bezp\u0142atna us\u0142uga monta\u017cu"},{"text":"Kompetentna obs\u0142uga klienta"},{"text":"14-dniowa gwarancja zwrotu pieni\u0119dzy"}],"button_url":"#demo","button_target_blank":"0","button_nofollow":"0","attributes":[{"name":"Instaluje"},{"name":"Czu\u0142y"},{"name":"Kompatybilne przegl\u0105darki"}],"tags":[],"tags_disable_links":"0","hide_more_platforms":"","video_object":"","demo_hide_cta":"0","demo_hide_cloud_options":"0","pricing_title":"","pricing":[{"pricing_icon":"cloud","pricing_title":"Elfsight Apps","pricing_title_caption":"Wersja wieloplatformowa","pricing_price":"od 0 USD \/ miesi\u0105c","pricing_price_caption":"zacznij od bezp\u0142atnego planu","pricing_benefits":[{"text":"Nielimitowane domeny"},{"text":"Ca\u0142odobowe wsparcie firmy i dobrze udokumentowane"},{"text":"Bezp\u0142atna us\u0142uga monta\u017cu"},{"text":"W pe\u0142ni konfigurowalny"}],"pricing_button_text":"Dodaj do witryny","pricing_button_url":"#demo"}],"related_apps_title":"","related_apps_hidden":"0","author":"","image":[],"title":"","job":"","social_networks":[]},"_links":{"self":[{"href":"https:\/\/elfsight.com\/pl\/wp-json\/wp\/v2\/pages\/5077","targetHints":{"allow":["GET"]}}],"collection":[{"href":"https:\/\/elfsight.com\/pl\/wp-json\/wp\/v2\/pages"}],"about":[{"href":"https:\/\/elfsight.com\/pl\/wp-json\/wp\/v2\/types\/page"}],"author":[{"embeddable":true,"href":"https:\/\/elfsight.com\/pl\/wp-json\/wp\/v2\/users\/9"}],"replies":[{"embeddable":true,"href":"https:\/\/elfsight.com\/pl\/wp-json\/wp\/v2\/comments?post=5077"}],"version-history":[{"count":5,"href":"https:\/\/elfsight.com\/pl\/wp-json\/wp\/v2\/pages\/5077\/revisions"}],"predecessor-version":[{"id":9628,"href":"https:\/\/elfsight.com\/pl\/wp-json\/wp\/v2\/pages\/5077\/revisions\/9628"}],"up":[{"embeddable":true,"href":"https:\/\/elfsight.com\/pl\/wp-json\/wp\/v2\/pages\/1843"}],"wp:attachment":[{"href":"https:\/\/elfsight.com\/pl\/wp-json\/wp\/v2\/media?parent=5077"}],"curies":[{"name":"wp","href":"https:\/\/api.w.org\/{rel}","templated":true}]}}