{"id":5071,"date":"2024-05-03T06:36:02","date_gmt":"2024-05-03T06:36:02","guid":{"rendered":"https:\/\/elfsight.com\/pl\/?page_id=5071"},"modified":"2025-06-19T13:39:51","modified_gmt":"2025-06-19T13:39:51","slug":"drupal","status":"publish","type":"page","link":"https:\/\/elfsight.com\/pl\/facebook-feed-widget\/drupal\/","title":{"rendered":"Facebook Feed &#8211; Drupal"},"content":{"rendered":"<div class=\"application-platform-content-item-description application-platform-content-item\" id=\"description\" data-nav-section=\"description\"><h2>Opis<\/h2><p>Wy\u015bwietl swoj\u0105 stron\u0119 na Facebooku w naszej wielofunkcyjnej wtyczce \u2013 Facebook Feed. Aktualno\u015bci, filmy, zdj\u0119cia \u2013 mo\u017cesz mie\u0107 pewno\u015b\u0107, \u017ce Twoi odwiedzaj\u0105cy nie przegapi\u0105 \u017cadnego og\u0142oszenia. Atrakcyjny design z oryginalnymi elementami Facebooka nie pozostanie niezauwa\u017cony i przyczyni si\u0119 nie tylko do zatrzymania obecnych czytelnik\u00f3w na stronie, ale tak\u017ce do zdobycia nowych subskrybent\u00f3w Facebooka.<\/p><p><b>Zwi\u0119ksz zaanga\u017cowanie swojego klienta do zaawansowanego poziomu obs\u0142ugiwanego przez wtyczk\u0119 Drupal Facebook.<\/b><\/p><ul><li><b>Zatrzymaj u\u017cytkownik\u00f3w na stronie<\/b>.<br>Zastosuj elementy spo\u0142eczno\u015bciowe i atrakcyjne, kt\u00f3re przyci\u0105gn\u0105 uwag\u0119 u\u017cytkownik\u00f3w, aby utrzyma\u0107 je na stronie i podaj wi\u0119cej szczeg\u00f3\u0142\u00f3w na temat swoich produkt\u00f3w lub us\u0142ug.<\/li><li><b>Wybuduj g\u0142\u0119bokie zainteresowanie czytelnik\u00f3w swoj\u0105 witryn\u0105<\/b>.<br>Nie zatrzymuj si\u0119 tylko na stronie internetowej , pozw\u00f3l ka\u017cdemu odwiedzaj\u0105cemu szczeg\u00f3\u0142owo pozna\u0107 Twoj\u0105 firm\u0119 na Facebooku: wci\u0105gnij odwiedzaj\u0105cych w wewn\u0119trzne \u017cycie Twojej firmy i znajd\u017a najwierniejszych fan\u00f3w.<\/li><li><b>Ca\u0142y Facebook w 1 wid\u017cecie<\/b>. Wszystkie Twoje tre\u015bci z Facebooka w jednym wid\u017cecie: wy\u015bwietlaj wiadomo\u015bci z komentarzami, udost\u0119pnieniami i innymi reakcjami; generuj zdj\u0119cia i kolekcje wideo na stronie za pomoc\u0105 album\u00f3w na Facebooku.<\/li><\/ul><div class=\"faq\" data-component=\"FAQ\"> <div class=\"faq-item\">\r\n\t\t\t\t\t<div class=\"faq-item-question\">\r\n\t\t\t\t\t\t<h3 class=\"faq-item-question-text\">Jakie jeszcze wid\u017cety dla Drupala mo\u017cna doda\u0107 do mojej witryny? <\/h3>\r\n\r\n\t\t\t\t\t\t<div class=\"faq-item-question-icon\"><\/div>\r\n\t\t\t\t\t<\/div>\r\n\r\n\t\t\t\t\t<div class=\"faq-item-answer\">\r\n\t\t\t\t\t\t<div class=\"faq-item-answer-text\"> <p>Jest ich kilka wid\u017cet\u00f3w, dzi\u0119ki kt\u00f3rym mo\u017cesz osi\u0105gn\u0105\u0107 dowolny cel na swojej stronie internetowej. Wybierz ten, kt\u00f3ry odpowiada Twoim potrzebom: <a href=\"https:\/\/elfsight.com\/whatsapp-chat-widget\/drupal\/\">Czat WhatsApp<\/a>, <a href=\"https:\/\/elfsight.com \/online-form-builder\/drupal\/\">Kreator formularzy<\/a>, <a href=\"https:\/\/elfsight.com\/pdf-embed-widget\/drupal\/\">Osadzanie plik\u00f3w PDF<\/a>, <a href=\"https:\/\/elfsight.com\/instagram-feed-instashow\/drupal\/\">Kana\u0142 na Instagramie<\/a>, <a href=\"https:\/\/elfsight.com\/event-calendar-widget\/drupal\/\">Kalendarz wydarze\u0144<\/a>. <\/p> <\/div>\r\n\t\t\t\t\t<\/div>\r\n\t\t\t\t<\/div> <div class=\"faq-item\">\r\n\t\t\t\t\t<div class=\"faq-item-question\">\r\n\t\t\t\t\t\t<h3 class=\"faq-item-question-text\">Jak mog\u0119 osadzi\u0107 modu\u0142 Facebook Feed w mojej witrynie Drupal? <\/h3>\r\n\r\n\t\t\t\t\t\t<div class=\"faq-item-question-icon\"><\/div>\r\n\t\t\t\t\t<\/div>\r\n\r\n\t\t\t\t\t<div class=\"faq-item-answer\">\r\n\t\t\t\t\t\t<div class=\"faq-item-answer-text\"> <p>Mo\u017cesz doda\u0107 modu\u0142 Facebook Feed do swojej witryny Drupal bez wysi\u0142ku &#8211; integracja widget zajmie tylko kilka minut. Po prostu otw\u00f3rz panel administracyjny i wykonaj nast\u0119puj\u0105ce kroki: <\/p><ol><li>Kliknij ustawienia motywu. <\/li><li>Znajd\u017a blok, w kt\u00f3rym chcesz doda\u0107 sw\u00f3j kana\u0142 Drupal na Facebooku ze zdj\u0119ciami i postami. <\/li><li>Osad\u017a kod z aplikacji Elfsight i zastosuj wprowadzone modyfikacje. <\/li><li>Wszystko gotowe. <\/li><\/ol><p>Nie zapomnij zapozna\u0107 si\u0119 z naszym pe\u0142nym przewodnikiem na temat instalacji wid\u017cetu <a href=\"https:\/\/elfsight.com\/tutorials\/how-to-add-facebook-feed-to-any-website\/#drupal-facebook-feed\">tutaj<\/a>.<\/p><\/div>\r\n\t\t\t\t\t<\/div>\r\n\t\t\t\t<\/div> <div class=\"faq-item\">\r\n\t\t\t\t\t<div class=\"faq-item-question\">\r\n\t\t\t\t\t\t<h3 class=\"faq-item-question-text\">Czy mog\u0119 zobaczy\u0107 modu\u0142 Twojego kana\u0142u na Facebooku w r\u0119ku? <\/h3>\r\n\r\n\t\t\t\t\t\t<div class=\"faq-item-question-icon\"><\/div>\r\n\t\t\t\t\t<\/div>\r\n\r\n\t\t\t\t\t<div class=\"faq-item-answer\">\r\n\t\t\t\t\t\t<div class=\"faq-item-answer-text\"> <p>Of kurs! Ka\u017cdy u\u017cytkownik Elfsight ma szans\u0119 zastosowa\u0107 nasze <a href=\"https:\/\/elfsight.com\/facebook-feed-widget\/#demo\">demo<\/a> na \u017cywo, aby zobaczy\u0107 dzia\u0142anie modu\u0142u w akcji. Jako bonus mo\u017cesz doda\u0107 wid\u017cet Facebook Feed do swojej witryny Drupal prosto z wersji demonstracyjnej!<\/p><\/div>\r\n\t\t\t\t\t<\/div>\r\n\t\t\t\t<\/div> <\/div><\/div><div class=\"application-platform-content-item-features application-platform-content-item\" id=\"features\" data-nav-section=\"features\"><h2>Funkcje<\/h2><p>Niekt\u00f3re atrybuty, kt\u00f3re sprawiaj\u0105, \u017ce nasz kana\u0142 Facebook jest najlepsz\u0105 wtyczk\u0105 dla witryny Drupal.<\/p><ul><li>Obs\u0142ugiwane 2 \u017ar\u00f3d\u0142a Facebooka: strony, profile;<\/li><li>Konfigurowalny nag\u0142\u00f3wek z regulowane elementy: zdj\u0119cie na ok\u0142adce, akcje, zdj\u0119cie strony, liczba polubie\u0144;<\/li><li>Filmy z prze\u0142\u0105czalnymi informacjami: opis, liczba polubie\u0144, liczba komentarzy;<\/li><li>Poka\u017c lub ukryj menu;<\/li> <li>Por\u0119czny i intuicyjny edytor bez konieczno\u015bci kodowania.<\/li><\/ul><p><a href=\"#demo\">Zobacz wszystkie zalety w wersji demonstracyjnej na \u017cywo<\/a>.<\/p><\/div><div class=\"application-platform-content-item-installation application-platform-content-item\" id=\"installation\" data-nav-section=\"installation\"><h2>Jak doda\u0107 modu\u0142 strony Facebooka do witryny Drupal<\/h2><div class=\"video-container\"><iframe width=\"720\" height=\"405\" src=\"https:\/\/www.youtube.com\/embed\/aV0KEz5HJYY\" frameborder=\"0\" allowfullscreen=\"\"><\/iframe><\/div><p>Wystarczy wykona\u0107 poni\u017csze kroki, aby zintegrowa\u0107 modu\u0142 z Drupalem.<\/p> <ol><li><b>Skorzystaj z naszego bezp\u0142atnego konfiguratora i zacznij tworzy\u0107 spersonalizowany modu\u0142 Facebook Feed. <\/b><br> Znajd\u017a preferowany uk\u0142ad i funkcje modu\u0142u i zapisz poprawki. <\/li> <li><b>Zdob\u0105d\u017a sw\u00f3j indywidualny kod, kt\u00f3ry jest widoczny w ramce aplikacji Elfsight. <\/b><br> Po skonfigurowaniu osobistego wid\u017cetu skopiuj kod osobisty z wy\u015bwietlonego wyskakuj\u0105cego okienka i zapisz go na p\u00f3\u017aniej. <\/li> <li><b>Zacznij korzysta\u0107 z modu\u0142u na stronie Drupal. <\/b><br> Zintegruj skopiowany wcze\u015bniej kod ze swoj\u0105 witryn\u0105 i zapisz zmiany. <\/li> <li><b>Instalacja zosta\u0142a ca\u0142kowicie zako\u0144czona. <\/b><br> Przejd\u017a do swojej witryny, aby sprawdzi\u0107 dzia\u0142anie modu\u0142u. <\/li><\/ol><p>Czy potrzebujesz bardziej szczeg\u00f3\u0142owego wsparcia? Post\u0119puj zgodnie z naszym <a href=\"https:\/\/elfsight.com\/tutorials\/how-to-add-facebook-feed-to-drupal\/\" target=\"_blank\" rel=\"noopener noreferrer\">samouczek<\/a>, aby zako\u0144czy\u0107 osadzanie lub zwr\u00f3ci\u0107 si\u0119 do obs\u0142ugi klienta Elfsight, a my z przyjemno\u015bci\u0105 udzielimy odpowiedzi.<\/p><\/div>","protected":false},"excerpt":{"rendered":"","protected":false},"author":9,"featured_media":0,"parent":1843,"menu_order":0,"comment_status":"closed","ping_status":"closed","template":"templates\/template-application-platform.php","meta":{"publish_to_discourse":"","publish_post_category":"","wpdc_auto_publish_overridden":"","wpdc_topic_tags":"","wpdc_pin_topic":"","wpdc_pin_until":"","discourse_post_id":"","discourse_permalink":"","wpdc_publishing_response":"","wpdc_publishing_error":"","footnotes":""},"class_list":["post-5071","page","type-page","status-publish","hentry"],"yoast_head":"<!-- This site is optimized with the Yoast SEO plugin v25.3.1 - https:\/\/yoast.com\/wordpress\/plugins\/seo\/ -->\n<title>Facebook Feed - Dodaj modu\u0142 Facebooka do strony Drupal<\/title>\n<meta name=\"description\" content=\"Dodaj bezp\u0142atnie modu\u0142 Facebook Feed do swojej witryny Drupal 8. Wypr\u00f3buj nasze darmowe demo i stw\u00f3rz modu\u0142 Facebooka w 1 minut\u0119.\" \/>\n<meta name=\"robots\" content=\"index, follow, max-snippet:-1, max-image-preview:large, max-video-preview:-1\" \/>\n<link rel=\"canonical\" href=\"https:\/\/elfsight.com\/pl\/facebook-feed-widget\/drupal\/\" \/>\n<meta property=\"og:locale\" content=\"pl_PL\" \/>\n<meta property=\"og:type\" content=\"article\" \/>\n<meta property=\"og:title\" content=\"Facebook Feed - Dodaj modu\u0142 Facebooka do strony Drupal\" \/>\n<meta property=\"og:description\" content=\"Dodaj bezp\u0142atnie modu\u0142 Facebook Feed do swojej witryny Drupal 8. Wypr\u00f3buj nasze darmowe demo i stw\u00f3rz modu\u0142 Facebooka w 1 minut\u0119.\" \/>\n<meta property=\"og:url\" content=\"https:\/\/elfsight.com\/pl\/facebook-feed-widget\/drupal\/\" \/>\n<meta property=\"og:site_name\" content=\"Elfsight PL\" \/>\n<meta property=\"article:modified_time\" content=\"2025-06-19T13:39:51+00:00\" \/>\n<meta name=\"twitter:card\" content=\"summary_large_image\" \/>\n<meta name=\"twitter:label1\" content=\"Szacowany czas czytania\" \/>\n\t<meta name=\"twitter:data1\" content=\"4 minuty\" \/>\n<!-- \/ Yoast SEO plugin. -->","yoast_head_json":{"title":"Facebook Feed - Dodaj modu\u0142 Facebooka do strony Drupal","description":"Dodaj bezp\u0142atnie modu\u0142 Facebook Feed do swojej witryny Drupal 8. Wypr\u00f3buj nasze darmowe demo i stw\u00f3rz modu\u0142 Facebooka w 1 minut\u0119.","robots":{"index":"index","follow":"follow","max-snippet":"max-snippet:-1","max-image-preview":"max-image-preview:large","max-video-preview":"max-video-preview:-1"},"canonical":"https:\/\/elfsight.com\/pl\/facebook-feed-widget\/drupal\/","og_locale":"pl_PL","og_type":"article","og_title":"Facebook Feed - Dodaj modu\u0142 Facebooka do strony Drupal","og_description":"Dodaj bezp\u0142atnie modu\u0142 Facebook Feed do swojej witryny Drupal 8. Wypr\u00f3buj nasze darmowe demo i stw\u00f3rz modu\u0142 Facebooka w 1 minut\u0119.","og_url":"https:\/\/elfsight.com\/pl\/facebook-feed-widget\/drupal\/","og_site_name":"Elfsight PL","article_modified_time":"2025-06-19T13:39:51+00:00","twitter_card":"summary_large_image","twitter_misc":{"Szacowany czas czytania":"4 minuty"},"schema":{"@context":"https:\/\/schema.org","@graph":[{"@type":"WebPage","@id":"https:\/\/elfsight.com\/pl\/facebook-feed-widget\/drupal\/","url":"https:\/\/elfsight.com\/pl\/facebook-feed-widget\/drupal\/","name":"Facebook Feed - Dodaj modu\u0142 Facebooka do strony Drupal","isPartOf":{"@id":"https:\/\/elfsight.com\/pl\/#website"},"datePublished":"2024-05-03T06:36:02+00:00","dateModified":"2025-06-19T13:39:51+00:00","description":"Dodaj bezp\u0142atnie modu\u0142 Facebook Feed do swojej witryny Drupal 8. Wypr\u00f3buj nasze darmowe demo i stw\u00f3rz modu\u0142 Facebooka w 1 minut\u0119.","breadcrumb":{"@id":"https:\/\/elfsight.com\/pl\/facebook-feed-widget\/drupal\/#breadcrumb"},"inLanguage":"pl-PL","potentialAction":[{"@type":"ReadAction","target":["https:\/\/elfsight.com\/pl\/facebook-feed-widget\/drupal\/"]}]},{"@type":"BreadcrumbList","@id":"https:\/\/elfsight.com\/pl\/facebook-feed-widget\/drupal\/#breadcrumb","itemListElement":[{"@type":"ListItem","position":1,"name":"Home","item":"https:\/\/elfsight.com\/pl\/"},{"@type":"ListItem","position":2,"name":"Facebook Feed","item":"https:\/\/elfsight.com\/pl\/facebook-feed-widget\/"},{"@type":"ListItem","position":3,"name":"Facebook Feed &#8211; Drupal"}]},{"@type":"WebSite","@id":"https:\/\/elfsight.com\/pl\/#website","url":"https:\/\/elfsight.com\/pl\/","name":"Elfsight PL","description":"Just another Elfsight Sites site","potentialAction":[{"@type":"SearchAction","target":{"@type":"EntryPoint","urlTemplate":"https:\/\/elfsight.com\/pl\/?s={search_term_string}"},"query-input":{"@type":"PropertyValueSpecification","valueRequired":true,"valueName":"search_term_string"}}],"inLanguage":"pl-PL"}]}},"meta_box":{"industry":"","seo_heading":"","heading":"","description":"","cta_heading":"","cta_description":"","application":"1841","h1":"Wtyczka Facebook Feed dla Drupala","h1_caption":"Osadzaj posty ze swojej strony na Facebooku, aby bez wysi\u0142ku odwiedzaj\u0105cy Twoj\u0105 witryn\u0119 byli zainteresowani najnowszymi aktualizacjami i aktualno\u015bciami na Twojej stronie Drupal.","application_category":[],"applications_title":"","applications_request_title":"","applications_request_button_text":"","hero_text":"","hero_video":"","hero_video_schema_markup":"","selling_points_title":"","selling_points_caption":"","selling_points":[],"selling_points_cta_text":"","features_title":"","features":"","ed_cta_examples_text":"","ed_cta_examples_hidden":"","ed_cta_demo_text":"","ed_cta_demo_hidden":"","why_caption":"","why_editor_title":"","why_editor_text":"","why_team_title":"","why_team_text":"","why_service_title":"","why_service_text":"","template_catalog_visible":"0","template_catalog_title":"","template_catalog_text":"","template_catalog_categories_visible":"","demo_title":"Utw\u00f3rz modu\u0142 kana\u0142u Facebook","demo_caption":"Skonfiguruj sw\u00f3j kana\u0142 na Facebooku i dodaj go do swojej witryny Drupal za darmo!","default_faq_hidden":"","app_template_category":[],"platform":"47","template_public_id":"","codecanyon_url":"","codecanyon_item_id":"","codecanyon_price":"","pricing_caption":"","pricing_elfsight_apps_hide_column":"","pricing_elfsight_apps_url":"","pricing_codecanyon_price_caption":"","integration_category":[],"integration_request_title":"","integration_request_cta":"","integration_platform":"","integrations":[],"platform_category":[],"video_schema_markup":"","price":"od 0 USD \/ miesi\u0105c","trial":"","benefits":[{"text":"Bezp\u0142atna pomoc w instalacji"},{"text":"Profesjonalna obs\u0142uga klienta"},{"text":"14-dniowa gwarancja zwrotu pieni\u0119dzy"}],"button_url":"#demo","button_target_blank":"0","button_nofollow":"0","attributes":[{"name":"Instaluje"},{"name":"Czu\u0142y"},{"name":"Kompatybilne przegl\u0105darki"}],"tags":[],"tags_disable_links":"0","hide_more_platforms":"0","video_object":"","demo_hide_cta":"0","demo_hide_cloud_options":"0","pricing_title":"","pricing":[{"pricing_icon":"cloud","pricing_title":"Elfsight Apps","pricing_title_caption":"Niezale\u017cne od platformy rozwi\u0105zanie cyfrowe, kt\u00f3re pasuje do ka\u017cdej witryny internetowej","pricing_price":"od 0 USD \/ miesi\u0105c","pricing_price_caption":"zacznij od bezp\u0142atnego planu","pricing_benefits":[{"text":"Nielimitowane strony internetowe"},{"text":"Szybka obs\u0142uga klienta i dobrze udokumentowana"},{"text":"Bezp\u0142atna us\u0142uga monta\u017cu"},{"text":"Specjalna oferta na wiele aplikacji"}],"pricing_button_text":"Dodaj do witryny","pricing_button_url":"#demo"}],"related_apps_title":"","related_apps_hidden":"0","author":"","image":[],"title":"","job":"","social_networks":[]},"_links":{"self":[{"href":"https:\/\/elfsight.com\/pl\/wp-json\/wp\/v2\/pages\/5071","targetHints":{"allow":["GET"]}}],"collection":[{"href":"https:\/\/elfsight.com\/pl\/wp-json\/wp\/v2\/pages"}],"about":[{"href":"https:\/\/elfsight.com\/pl\/wp-json\/wp\/v2\/types\/page"}],"author":[{"embeddable":true,"href":"https:\/\/elfsight.com\/pl\/wp-json\/wp\/v2\/users\/9"}],"replies":[{"embeddable":true,"href":"https:\/\/elfsight.com\/pl\/wp-json\/wp\/v2\/comments?post=5071"}],"version-history":[{"count":4,"href":"https:\/\/elfsight.com\/pl\/wp-json\/wp\/v2\/pages\/5071\/revisions"}],"predecessor-version":[{"id":10115,"href":"https:\/\/elfsight.com\/pl\/wp-json\/wp\/v2\/pages\/5071\/revisions\/10115"}],"up":[{"embeddable":true,"href":"https:\/\/elfsight.com\/pl\/wp-json\/wp\/v2\/pages\/1843"}],"wp:attachment":[{"href":"https:\/\/elfsight.com\/pl\/wp-json\/wp\/v2\/media?parent=5071"}],"curies":[{"name":"wp","href":"https:\/\/api.w.org\/{rel}","templated":true}]}}