{"id":5070,"date":"2024-05-03T06:36:01","date_gmt":"2024-05-03T06:36:01","guid":{"rendered":"https:\/\/elfsight.com\/pl\/?page_id=5070"},"modified":"2025-06-19T13:45:34","modified_gmt":"2025-06-19T13:45:34","slug":"html","status":"publish","type":"page","link":"https:\/\/elfsight.com\/pl\/facebook-feed-widget\/html\/","title":{"rendered":"Facebook Feed &#8211; HTML"},"content":{"rendered":"<div class=\"application-platform-content-item-description application-platform-content-item\" id=\"description\" data-nav-section=\"description\">\n<h2>Opis<\/h2>\n<p>Osad\u017a zawarto\u015b\u0107 swojej strony na Facebooku w naszej zaawansowanej wtyczce \u2013 **Facebook Feed**. Aktualno\u015bci, filmy, zdj\u0119cia \u2013 mo\u017cesz mie\u0107 pewno\u015b\u0107, \u017ce Twoi u\u017cytkownicy nie pomin\u0105 ani jednej wiadomo\u015bci. Stylowy wygl\u0105d z oryginalnymi komponentami Facebooka nie pozostanie niezauwa\u017cony i przyczyni si\u0119 nie tylko do zatrzymania obecnych u\u017cytkownik\u00f3w na stronie, ale tak\u017ce przyci\u0105gni\u0119cia nowych subskrybent\u00f3w Facebooka.<\/p>\n<p><b>Podnie\u015b sw\u00f3j marketing w mediach spo\u0142eczno\u015bciowych do niespotykanego dot\u0105d poziomu za pomoc\u0105 wtyczki HTML strony na Facebooku.<\/b><\/p>\n<ul>\n    <li><b>Zwi\u0119ksz konwersj\u0119 swojej witryny nawet o 112%<\/b>.<br>Zastosuj komponent spo\u0142eczno\u015bciowy na swojej stronie internetowej, aby pozyska\u0107 wi\u0119cej klient\u00f3w. Pozw\u00f3l swoim czytelnikom odkry\u0107 Twoj\u0105 mark\u0119 na Facebooku i zdoby\u0107 ich zaufanie, co pomo\u017ce zwi\u0119kszy\u0107 Twoj\u0105 konwersj\u0119.<\/li>\n    <li><b>Osi\u0105gnij g\u0142\u0119bokie zaanga\u017cowanie klient\u00f3w w Twoje \u017cycie w mediach spo\u0142eczno\u015bciowych<\/b>.<br>Nie poprzestawaj na samej stronie internetowej, pozw\u00f3l ka\u017cdemu klientowi szczeg\u00f3\u0142owo sprawdzi\u0107 Tw\u00f3j biznes na Facebooku: wci\u0105gnij klient\u00f3w w wewn\u0119trzne \u017cycie Twojej firmy, a dzi\u0119ki temu pozyskasz najwierniejszych zwolennik\u00f3w.<\/li>\n    <li><b>3 Wtyczka do Facebooka w 1<\/b>.<br>Wszystkie tre\u015bci z Facebooka w jednej wtyczce: wy\u015bwietlaj wiadomo\u015bci z opiniami, polubieniami i innymi reakcjami; Kszta\u0142tuj listy zdj\u0119\u0107 i film\u00f3w na stronie za pomoc\u0105 album\u00f3w na Facebooku.<\/li>\n<\/ul>\n<\/div>\n\n<div class=\"application-platform-content-item-features application-platform-content-item\" id=\"features\" data-nav-section=\"features\">\n<h2>Funkcje<\/h2>\n<p>Kilka zalet, kt\u00f3re czyni\u0105 nasz Facebook Feed naprawd\u0119 warto\u015bciow\u0105 wtyczk\u0105 do dowolnej witryny HTML.<\/p>\n<ul>\n    <li>Obs\u0142ugiwane 2 \u017ar\u00f3d\u0142a Facebooka: strony, profile;<\/li>\n    <li>Konfigurowalne wyskakuj\u0105ce okienka z prze\u0142\u0105czanymi elementami: autor, liczba polubie\u0144, liczba udost\u0119pnie\u0144, komentarze;<\/li>\n    <li>Przyciski \u201eLubi\u0119 to\u201d i \u201eUdost\u0119pnij\u201d w nag\u0142\u00f3wku;<\/li>\n    <li>W\u0142\u0105czanie i wy\u0142\u0105czanie nag\u0142\u00f3wka;<\/li>\n    <li>Obs\u0142ugiwane jest 12 popularnych j\u0119zyk\u00f3w.<\/li>\n<\/ul>\n<p><a href=\"#demo\">Zobacz wszystkie funkcje w wersji demonstracyjnej na \u017cywo<\/a>.<\/p>\n<\/div>\n\n<div class=\"application-platform-content-item-installation application-platform-content-item\" id=\"installation\" data-nav-section=\"installation\">\n<h2>Jak osadzi\u0107 wtyczk\u0119 Facebooka na stronie HTML<\/h2>\n<p>Przeczytaj nasz przewodnik, aby zako\u0144czy\u0107 dodanie wtyczki do witryny. Zajmie to nie wi\u0119cej ni\u017c kilka minut i nie b\u0119dzie wymaga\u0142o wiedzy z zakresu programowania.<\/p>\n<ol>\n    <li><b>Stw\u00f3rz sw\u00f3j w\u0142asny kana\u0142 na Facebooku<\/b>.<br>Za pomoc\u0105 naszego bezp\u0142atnego konfiguratora, utw\u00f3rz wtyczk\u0119 z potrzebnym szablonem i opcjami.<\/li>\n    <li><b>Skopiuj kod wy\u015bwietlaj\u0105cy wtyczk\u0119<\/b>.<br>Po dostosowaniu wtyczki uzyskaj kod wtyczki Facebooka z wy\u015bwietlonego powiadomienia Aplikacje Elfsight.<\/li>\n    <li><b>Osad\u017a wtyczk\u0119 na stronie HTML<\/b>.<br>Otw\u00f3rz kod strony w edytorze HTML i wstaw wtyczk\u0119 w niezb\u0119dne miejsce (tre\u015b\u0107, stopka, pasek boczny itp.) i zapisz wyniki.<\/li>\n    <li><b>Gotowe!<\/b><br>Otw\u00f3rz witryn\u0119 HTML, aby sprawdzi\u0107 wtyczk\u0119.<\/li>\n<\/ol>\n<p>Czy potrzebujesz bardziej szczeg\u00f3\u0142owego wsparcia? Przeczytaj <a href=\"https:\/\/elfsight.com\/tutorials\/how-to-add-facebook-feed-widget-to-html\/\" target=\"_blank\" rel=\"noopener noreferrer\">pe\u0142n\u0105 instrukcj\u0119<\/a> lub skontaktuj si\u0119 z naszym dzia\u0142em obs\u0142ugi klienta, a my z przyjemno\u015bci\u0105 zaoferujemy rozwi\u0105zanie.<\/p>\n<\/div>\n\n<div class=\"faq\" data-component=\"FAQ\">\n<div class=\"faq-item\">\r\n\t\t\t\t\t<div class=\"faq-item-question\">\r\n\t\t\t\t\t\t<h3 class=\"faq-item-question-text\">Jak mog\u0119 doda\u0107 czat WhatsApp do mojej witryny HTML bez umiej\u0119tno\u015bci kodowania?<\/h3>\r\n\r\n\t\t\t\t\t\t<div class=\"faq-item-question-icon\"><\/div>\r\n\t\t\t\t\t<\/div>\r\n\r\n\t\t\t\t\t<div class=\"faq-item-answer\">\r\n\t\t\t\t\t\t<div class=\"faq-item-answer-text\">\n<p>Firma Elfsight zapewnia rozwi\u0105zanie, kt\u00f3re umo\u017cliwia u\u017cytkownikom samodzielne utworzenie aplikacji WhatsApp Chat. Obejrzyj prosty przewodnik: <\/p>\n<ul>\n    <li>Przejd\u017a do wersji demonstracyjnej na \u017cywo, aby utworzy\u0107 wtyczk\u0119 WhatsApp Chat, kt\u00f3r\u0105 chcesz zintegrowa\u0107 ze swoj\u0105 stron\u0105 g\u0142\u00f3wn\u0105 HTML.<\/li>\n    <li>Wybierz jeden z gotowych szablon\u00f3w i zmie\u0144 ustawienia WhatsApp Chat, dodaj tre\u015b\u0107, zmie\u0144 uk\u0142ad i kolory bez kodowania.<\/li>\n    <li>Zapisz czat WhatsApp i uzyskaj kod instalacyjny, kt\u00f3ry mo\u017cesz bez wysi\u0142ku wklei\u0107 na dowolnej stronie internetowej HTML bez konieczno\u015bci zakupu p\u0142atnej subskrypcji.<\/li>\n<\/ul>\n<p>Dzi\u0119ki intuicyjnemu konfiguratorowi ka\u017cdy u\u017cytkownik Internetu mo\u017ce utworzy\u0107 sekcj\u0119 WhatsApp Chat online i bez problemu doda\u0107 j\u0105 do swojej strony g\u0142\u00f3wnej HTML. Nie nale\u017cy p\u0142aci\u0107 ani podawa\u0107 danych uwierzytelniaj\u0105cych karty, aby uzyska\u0107 dost\u0119p do us\u0142ugi Elfsight. Je\u015bli napotkasz jakiekolwiek problemy, nie wahaj si\u0119 zwr\u00f3ci\u0107 do naszego personelu pomocy technicznej.<\/p>\n<\/div>\r\n\t\t\t\t\t<\/div>\r\n\t\t\t\t<\/div>\n<\/div><iframe width=\"720\" height=\"405\" src=\"https:\/\/www.youtube.com\/embed\/L9fQwrdrAyk\" frameborder=\"0\" allowfullscreen=\"\"><\/iframe>","protected":false},"excerpt":{"rendered":"","protected":false},"author":9,"featured_media":0,"parent":1843,"menu_order":0,"comment_status":"closed","ping_status":"closed","template":"templates\/template-application-platform.php","meta":{"publish_to_discourse":"","publish_post_category":"","wpdc_auto_publish_overridden":"","wpdc_topic_tags":"","wpdc_pin_topic":"","wpdc_pin_until":"","discourse_post_id":"","discourse_permalink":"","wpdc_publishing_response":"","wpdc_publishing_error":"","footnotes":""},"class_list":["post-5070","page","type-page","status-publish","hentry"],"yoast_head":"<!-- This site is optimized with the Yoast SEO plugin v25.3.1 - https:\/\/yoast.com\/wordpress\/plugins\/seo\/ -->\n<title>Kana\u0142 Facebooka - Osad\u017a wtyczk\u0119 Facebooka na stronie HTML (w 1 minut\u0119)<\/title>\n<meta name=\"description\" content=\"Dodaj najlepsz\u0105 wtyczk\u0119 Facebook Feed do swojej witryny HTML. Wypr\u00f3buj elastyczn\u0105 wersj\u0119 demonstracyjn\u0105 Elfsight i stw\u00f3rz sw\u00f3j osobisty widget w zaledwie 1 minut\u0119.\" \/>\n<meta name=\"robots\" content=\"index, follow, max-snippet:-1, max-image-preview:large, max-video-preview:-1\" \/>\n<link rel=\"canonical\" href=\"https:\/\/elfsight.com\/pl\/facebook-feed-widget\/html\/\" \/>\n<meta property=\"og:locale\" content=\"pl_PL\" \/>\n<meta property=\"og:type\" content=\"article\" \/>\n<meta property=\"og:title\" content=\"Kana\u0142 Facebooka - Osad\u017a wtyczk\u0119 Facebooka na stronie HTML (w 1 minut\u0119)\" \/>\n<meta property=\"og:description\" content=\"Dodaj najlepsz\u0105 wtyczk\u0119 Facebook Feed do swojej witryny HTML. Wypr\u00f3buj elastyczn\u0105 wersj\u0119 demonstracyjn\u0105 Elfsight i stw\u00f3rz sw\u00f3j osobisty widget w zaledwie 1 minut\u0119.\" \/>\n<meta property=\"og:url\" content=\"https:\/\/elfsight.com\/pl\/facebook-feed-widget\/html\/\" \/>\n<meta property=\"og:site_name\" content=\"Elfsight PL\" \/>\n<meta property=\"article:modified_time\" content=\"2025-06-19T13:45:34+00:00\" \/>\n<meta name=\"twitter:card\" content=\"summary_large_image\" \/>\n<meta name=\"twitter:label1\" content=\"Szacowany czas czytania\" \/>\n\t<meta name=\"twitter:data1\" content=\"4 minuty\" \/>\n<!-- \/ Yoast SEO plugin. -->","yoast_head_json":{"title":"Kana\u0142 Facebooka - Osad\u017a wtyczk\u0119 Facebooka na stronie HTML (w 1 minut\u0119)","description":"Dodaj najlepsz\u0105 wtyczk\u0119 Facebook Feed do swojej witryny HTML. Wypr\u00f3buj elastyczn\u0105 wersj\u0119 demonstracyjn\u0105 Elfsight i stw\u00f3rz sw\u00f3j osobisty widget w zaledwie 1 minut\u0119.","robots":{"index":"index","follow":"follow","max-snippet":"max-snippet:-1","max-image-preview":"max-image-preview:large","max-video-preview":"max-video-preview:-1"},"canonical":"https:\/\/elfsight.com\/pl\/facebook-feed-widget\/html\/","og_locale":"pl_PL","og_type":"article","og_title":"Kana\u0142 Facebooka - Osad\u017a wtyczk\u0119 Facebooka na stronie HTML (w 1 minut\u0119)","og_description":"Dodaj najlepsz\u0105 wtyczk\u0119 Facebook Feed do swojej witryny HTML. Wypr\u00f3buj elastyczn\u0105 wersj\u0119 demonstracyjn\u0105 Elfsight i stw\u00f3rz sw\u00f3j osobisty widget w zaledwie 1 minut\u0119.","og_url":"https:\/\/elfsight.com\/pl\/facebook-feed-widget\/html\/","og_site_name":"Elfsight PL","article_modified_time":"2025-06-19T13:45:34+00:00","twitter_card":"summary_large_image","twitter_misc":{"Szacowany czas czytania":"4 minuty"},"schema":{"@context":"https:\/\/schema.org","@graph":[{"@type":"WebPage","@id":"https:\/\/elfsight.com\/pl\/facebook-feed-widget\/html\/","url":"https:\/\/elfsight.com\/pl\/facebook-feed-widget\/html\/","name":"Kana\u0142 Facebooka - Osad\u017a wtyczk\u0119 Facebooka na stronie HTML (w 1 minut\u0119)","isPartOf":{"@id":"https:\/\/elfsight.com\/pl\/#website"},"datePublished":"2024-05-03T06:36:01+00:00","dateModified":"2025-06-19T13:45:34+00:00","description":"Dodaj najlepsz\u0105 wtyczk\u0119 Facebook Feed do swojej witryny HTML. Wypr\u00f3buj elastyczn\u0105 wersj\u0119 demonstracyjn\u0105 Elfsight i stw\u00f3rz sw\u00f3j osobisty widget w zaledwie 1 minut\u0119.","breadcrumb":{"@id":"https:\/\/elfsight.com\/pl\/facebook-feed-widget\/html\/#breadcrumb"},"inLanguage":"pl-PL","potentialAction":[{"@type":"ReadAction","target":["https:\/\/elfsight.com\/pl\/facebook-feed-widget\/html\/"]}]},{"@type":"BreadcrumbList","@id":"https:\/\/elfsight.com\/pl\/facebook-feed-widget\/html\/#breadcrumb","itemListElement":[{"@type":"ListItem","position":1,"name":"Home","item":"https:\/\/elfsight.com\/pl\/"},{"@type":"ListItem","position":2,"name":"Facebook Feed","item":"https:\/\/elfsight.com\/pl\/facebook-feed-widget\/"},{"@type":"ListItem","position":3,"name":"Facebook Feed &#8211; HTML"}]},{"@type":"WebSite","@id":"https:\/\/elfsight.com\/pl\/#website","url":"https:\/\/elfsight.com\/pl\/","name":"Elfsight PL","description":"Just another Elfsight Sites site","potentialAction":[{"@type":"SearchAction","target":{"@type":"EntryPoint","urlTemplate":"https:\/\/elfsight.com\/pl\/?s={search_term_string}"},"query-input":{"@type":"PropertyValueSpecification","valueRequired":true,"valueName":"search_term_string"}}],"inLanguage":"pl-PL"}]}},"meta_box":{"industry":"","seo_heading":"","heading":"","description":"","cta_heading":"","cta_description":"","application":"1841","h1":"Wtyczka Facebook Feed dla HTML","h1_caption":"Osadzaj posty ze swojej strony na Facebooku, aby bez wysi\u0142ku odwiedzaj\u0105cy Twoj\u0105 witryn\u0119 mogli zapozna\u0107 si\u0119 z najnowszymi aktualizacjami i aktualno\u015bciami w Twojej witrynie HTML.","application_category":[],"applications_title":"","applications_request_title":"","applications_request_button_text":"","hero_text":"","hero_video":"","hero_video_schema_markup":"","selling_points_title":"","selling_points_caption":"","selling_points":[],"selling_points_cta_text":"","features_title":"","features":"","ed_cta_examples_text":"","ed_cta_examples_hidden":"","ed_cta_demo_text":"","ed_cta_demo_hidden":"","why_caption":"","why_editor_title":"","why_editor_text":"","why_team_title":"","why_team_text":"","why_service_title":"","why_service_text":"","template_catalog_visible":"0","template_catalog_title":"","template_catalog_text":"","template_catalog_categories_visible":"","demo_title":"Utw\u00f3rz wid\u017cet kana\u0142u Facebook","demo_caption":"Skonfiguruj sw\u00f3j kana\u0142 na Facebooku i dodaj go do swojej witryny HTML za darmo!","default_faq_hidden":"","app_template_category":[],"platform":"50","template_public_id":"","codecanyon_url":"","codecanyon_item_id":"","codecanyon_price":"","pricing_caption":"","pricing_elfsight_apps_hide_column":"","pricing_elfsight_apps_url":"","pricing_codecanyon_price_caption":"","integration_category":[],"integration_request_title":"","integration_request_cta":"","integration_platform":"","integrations":[],"platform_category":[],"video_schema_markup":"","price":"od 0 USD \/ miesi\u0105c","trial":"","benefits":[{"text":"Bezp\u0142atna pomoc w monta\u017cu"},{"text":"Wyj\u0105tkowe wsparcie"},{"text":"14-dniowa gwarancja zwrotu pieni\u0119dzy"}],"button_url":"#demo","button_target_blank":"0","button_nofollow":"0","attributes":[{"name":"Instaluje"},{"name":"Czu\u0142y"},{"name":"Kompatybilne przegl\u0105darki"}],"tags":[],"tags_disable_links":"0","hide_more_platforms":"0","video_object":"","demo_hide_cta":"0","demo_hide_cloud_options":"0","pricing_title":"","pricing":[{"pricing_icon":"platform","pricing_title":"HTML widget","pricing_title_caption":"Wieloplatformowe rozwi\u0105zanie cyfrowe","pricing_price":"od 0 USD \/ miesi\u0105c","pricing_price_caption":"zacznij od bezp\u0142atnego planu","pricing_benefits":[{"text":"Nielimitowane domeny"},{"text":"Szybkie wsparcie firmy"},{"text":"Bezp\u0142atna us\u0142uga monta\u017cu"},{"text":"Cena do z\u0142apania dla wielu aplikacji"}],"pricing_button_text":"Dodaj do witryny","pricing_button_url":"#demo"}],"related_apps_title":"","related_apps_hidden":"0","author":"","image":[],"title":"","job":"","social_networks":[]},"_links":{"self":[{"href":"https:\/\/elfsight.com\/pl\/wp-json\/wp\/v2\/pages\/5070","targetHints":{"allow":["GET"]}}],"collection":[{"href":"https:\/\/elfsight.com\/pl\/wp-json\/wp\/v2\/pages"}],"about":[{"href":"https:\/\/elfsight.com\/pl\/wp-json\/wp\/v2\/types\/page"}],"author":[{"embeddable":true,"href":"https:\/\/elfsight.com\/pl\/wp-json\/wp\/v2\/users\/9"}],"replies":[{"embeddable":true,"href":"https:\/\/elfsight.com\/pl\/wp-json\/wp\/v2\/comments?post=5070"}],"version-history":[{"count":3,"href":"https:\/\/elfsight.com\/pl\/wp-json\/wp\/v2\/pages\/5070\/revisions"}],"predecessor-version":[{"id":10121,"href":"https:\/\/elfsight.com\/pl\/wp-json\/wp\/v2\/pages\/5070\/revisions\/10121"}],"up":[{"embeddable":true,"href":"https:\/\/elfsight.com\/pl\/wp-json\/wp\/v2\/pages\/1843"}],"wp:attachment":[{"href":"https:\/\/elfsight.com\/pl\/wp-json\/wp\/v2\/media?parent=5070"}],"curies":[{"name":"wp","href":"https:\/\/api.w.org\/{rel}","templated":true}]}}