{"id":5069,"date":"2024-05-03T06:36:00","date_gmt":"2024-05-03T06:36:00","guid":{"rendered":"https:\/\/elfsight.com\/pl\/?page_id=5069"},"modified":"2025-06-19T13:41:38","modified_gmt":"2025-06-19T13:41:38","slug":"joomla","status":"publish","type":"page","link":"https:\/\/elfsight.com\/pl\/facebook-feed-widget\/joomla\/","title":{"rendered":"Facebook Feed &#8211; Joomla"},"content":{"rendered":"<div class=\"application-platform-content-item-description application-platform-content-item\" id=\"description\" data-nav-section=\"description\"><h2>Opis<\/h2><p>Zaprezentuj swoj\u0105 zawarto\u015b\u0107 na Facebooku w naszym zaawansowanym rozszerzeniu \u2013 Kana\u0142 Facebooka. Publikacje, filmy, zdj\u0119cia \u2013 nie w\u0105tp, \u017ce Twoi u\u017cytkownicy zobacz\u0105 ka\u017cd\u0105 wiadomo\u015b\u0107. Elegancki wygl\u0105d z oryginalnymi elementami interfejsu Facebooka nie pozostanie niezauwa\u017cony i przyczyni si\u0119 nie tylko do zatrzymania obecnych klient\u00f3w na stronie, ale tak\u017ce przyci\u0105gni\u0119cia nowych subskrybent\u00f3w Facebooka.<\/p><p><b>Podnie\u015b prac\u0119 swojego klienta do zaawansowanego poziomu wysoko\u015b\u0107 za pomoc\u0105 rozszerzenia Joomla Facebook.<\/b><\/p><ul><li><b>Spraw, aby klienci zostali na stronie<\/b>.<br>Pokazuj tre\u015bci spo\u0142eczno\u015bciowe i interaktywne, kt\u00f3re zainteresuj\u0105 odwiedzaj\u0105cych, zatrzymaj ich na stronie i powiedz im znacznie wi\u0119cej o swoich produktach lub firmie.<\/li><li><b>Zwi\u0119ksz liczb\u0119 subskrybent\u00f3w swojego profilu na Facebooku<\/b>.<br>Zamie\u0144 czytelnik\u00f3w witryny w subskrybent\u00f3w Facebooka. Stw\u00f3rz atrakcyjne rozszerzenie ze swoj\u0105 stron\u0105 i dodaj je na serwisie, tak aby ka\u017cdy odwiedzaj\u0105cy mia\u0142 szans\u0119 \u015bledzi\u0107 Twoj\u0105 stron\u0119.<\/li><li><b>1 widget na ca\u0142\u0105 zawarto\u015b\u0107 Facebooka<\/b>. Twoja pe\u0142na tre\u015b\u0107 na Facebooku w jednym rozszerzeniu: wstawiaj posty z komentarzami, polubieniami lub wszystkimi dost\u0119pnymi reakcjami; projektuj zdj\u0119cia i galerie wideo na stronie internetowej za pomoc\u0105 album\u00f3w na Facebooku.<\/li><\/ul><\/div><div class=\"application-platform-content-item-features application-platform-content-item\" id=\"features\" data-nav-section=\"features\"><h2>Funkcje<\/h2><p>Kluczowe zalety, kt\u00f3re spraw, aby nasz kana\u0142 Facebook sta\u0142 si\u0119 niezb\u0119dnym rozszerzeniem ka\u017cdej witryny Joomla.<\/p><ul><li>3 typy tre\u015bci, kt\u00f3re mo\u017cna wy\u015bwietla\u0107 na Facebooku: posty, filmy i zdj\u0119cia z albumami;<\/li><li>Dostosowywalne wyskakuj\u0105ce okienka z prze\u0142\u0105czalne elementy: autor, liczba polubie\u0144, liczba udost\u0119pnie\u0144, komentarze;<\/li><li>Regulowana szeroko\u015b\u0107 i wysoko\u015b\u0107;<\/li><li>Pokazuj lub ukrywaj posty;<\/li><li>Regularne aktualizacje na \u017cywo, aby to zachowa\u0107 Fresh.<\/li><\/ul><p><a href=\"#demo\">Sprawd\u017a wszystkie funkcje w wersji demonstracyjnej na \u017cywo<\/a>.<\/p><\/div><div class=\"application-platform-content-item-installation application-platform-content-item\" id=\"installation\" data-nav-section=\"installation\"> <h2>Jak doda\u0107 wid\u017cet Facebooka do witryny Joomla<\/h2><div class=\"video-container\"><iframe width=\"720\" height=\"405\" src=\"https:\/\/www.youtube.com\/embed\/WU-YF8wzRs8\" frameborder=\"0\" allowfullscreen=\"\"><\/iframe><\/div><p>Wystarczy wykona\u0107 poni\u017csze kroki, aby osadzi\u0107 rozszerzenie Facebook Feed w Joomla.<\/p> <ol><li><b>Uruchom nasz darmowy edytor i zacznij kszta\u0142towa\u0107 sw\u00f3j w\u0142asny instrument. <\/b><br> Okre\u015bl niestandardowy wygl\u0105d i funkcjonalno\u015b\u0107 wid\u017cetu i zastosuj poprawki. <\/li> <li><b>Skopiuj sw\u00f3j indywidualny kod wy\u015bwietlony w oknie aplikacji Elfsight. <\/b><br> Po utworzeniu rozszerzenia skopiuj kod osobisty w wy\u015bwietlonym oknie i zapisz go na dalsze potrzeby. <\/li> <li><b>Rozpocznij korzystanie z narz\u0119dzia w witrynie Joomla. <\/b><br> Wprowad\u017a zapisany wcze\u015bniej kod na swoj\u0105 stron\u0119 i zapisz ulepszenia. <\/li> <li><b>Gotowe! Integracja zosta\u0142a pomy\u015blnie przeprowadzona. <\/b><br> Odwied\u017a swoj\u0105 witryn\u0119, aby zobaczy\u0107, jak dzia\u0142a narz\u0119dzie. <\/li><\/ol><p>Czy potrzebujesz bardziej szczeg\u00f3\u0142owej pomocy? Zapoznaj si\u0119 z <a href=\"https:\/\/elfsight.com\/tutorials\/how-to-add-facebook-feed-module-to-joomla\/\" target=\"_blank\" rel=\"noopener noreferrer\">obszerny samouczek<\/a> lub napisz do naszego dzia\u0142u obs\u0142ugi klienta, a my z przyjemno\u015bci\u0105 udzielimy odpowiedzi.<\/p><\/div><div class=\"faq\" data-component=\"FAQ\"><div class=\"faq-item\">\r\n\t\t\t\t\t<div class=\"faq-item-question\">\r\n\t\t\t\t\t\t<h3 class=\"faq-item-question-text\">Czy istnieje metoda osadzanie czatu WhatsApp na mojej stronie Joomla bez znajomo\u015bci kodowania?<\/h3>\r\n\r\n\t\t\t\t\t\t<div class=\"faq-item-question-icon\"><\/div>\r\n\t\t\t\t\t<\/div>\r\n\r\n\t\t\t\t\t<div class=\"faq-item-answer\">\r\n\t\t\t\t\t\t<div class=\"faq-item-answer-text\"><p>Firma Elfsight wprowadza rozwi\u0105zanie w chmurze, kt\u00f3re pozwala u\u017cytkownikowi samodzielnie wygenerowa\u0107 wid\u017cet czatu WhatsApp. Odkryj, jak \u0142atwy jest ten proces: <\/p><ul><li> Pracuj w edytorze online, aby utworzy\u0107 aplikacj\u0119 WhatsApp Chat, kt\u00f3r\u0105 chcesz widzie\u0107 w Joomla.<\/li><li>Kliknij jeden z wst\u0119pnie zaprojektowanych szablon\u00f3w i dostosuj ustawienia WhatsApp Chat, zmie\u0144 uk\u0142ad i kolory, dodaj sw\u00f3j tre\u015bci bez znajomo\u015bci kodowania.<\/li><li>Kliknij, aby zapisa\u0107 ustawienia wprowadzone w WhatsApp Chat i skopiuj kod do instalacji, kt\u00f3ry mo\u017cna wklei\u0107 na stronie Joomla przy u\u017cyciu bezp\u0142atnego planu. <\/li><\/ul><p>Dzi\u0119ki naszemu prostemu edytorowi ka\u017cdy u\u017cytkownik Internetu mo\u017ce utworzy\u0107 czat WhatsApp i \u0142atwo wklei\u0107 go na dowoln\u0105 witryn\u0119 Joomla. Aby wej\u015b\u0107 do naszego Edytora nie trzeba posiada\u0107 planu p\u0142atnego ani podawa\u0107 danych karty. Je\u015bli na kt\u00f3rymkolwiek etapie napotkasz jakiekolwiek problemy, skontaktuj si\u0119 z naszym zespo\u0142em pomocy technicznej.<\/p><\/div>\r\n\t\t\t\t\t<\/div>\r\n\t\t\t\t<\/div><\/div>","protected":false},"excerpt":{"rendered":"","protected":false},"author":9,"featured_media":0,"parent":1843,"menu_order":0,"comment_status":"closed","ping_status":"closed","template":"templates\/template-application-platform.php","meta":{"publish_to_discourse":"","publish_post_category":"","wpdc_auto_publish_overridden":"","wpdc_topic_tags":"","wpdc_pin_topic":"","wpdc_pin_until":"","discourse_post_id":"","discourse_permalink":"","wpdc_publishing_response":"","wpdc_publishing_error":"","footnotes":""},"class_list":["post-5069","page","type-page","status-publish","hentry"],"yoast_head":"<!-- This site is optimized with the Yoast SEO plugin v25.3.1 - https:\/\/yoast.com\/wordpress\/plugins\/seo\/ -->\n<title>Kana\u0142 Facebooka - Dodaj rozszerzenie Facebooka do witryny Joomla<\/title>\n<meta name=\"description\" content=\"Wstaw responsywne rozszerzenie Facebook Feed na swoj\u0105 stron\u0119 Joomla. Wypr\u00f3buj por\u0119czn\u0105 wersj\u0119 demonstracyjn\u0105 Elfsight i zaprojektuj sw\u00f3j widget w zaledwie 2 minuty.\" \/>\n<meta name=\"robots\" content=\"index, follow, max-snippet:-1, max-image-preview:large, max-video-preview:-1\" \/>\n<link rel=\"canonical\" href=\"https:\/\/elfsight.com\/pl\/facebook-feed-widget\/joomla\/\" \/>\n<meta property=\"og:locale\" content=\"pl_PL\" \/>\n<meta property=\"og:type\" content=\"article\" \/>\n<meta property=\"og:title\" content=\"Kana\u0142 Facebooka - Dodaj rozszerzenie Facebooka do witryny Joomla\" \/>\n<meta property=\"og:description\" content=\"Wstaw responsywne rozszerzenie Facebook Feed na swoj\u0105 stron\u0119 Joomla. Wypr\u00f3buj por\u0119czn\u0105 wersj\u0119 demonstracyjn\u0105 Elfsight i zaprojektuj sw\u00f3j widget w zaledwie 2 minuty.\" \/>\n<meta property=\"og:url\" content=\"https:\/\/elfsight.com\/pl\/facebook-feed-widget\/joomla\/\" \/>\n<meta property=\"og:site_name\" content=\"Elfsight PL\" \/>\n<meta property=\"article:modified_time\" content=\"2025-06-19T13:41:38+00:00\" \/>\n<meta name=\"twitter:card\" content=\"summary_large_image\" \/>\n<meta name=\"twitter:label1\" content=\"Szacowany czas czytania\" \/>\n\t<meta name=\"twitter:data1\" content=\"3 minuty\" \/>\n<!-- \/ Yoast SEO plugin. -->","yoast_head_json":{"title":"Kana\u0142 Facebooka - Dodaj rozszerzenie Facebooka do witryny Joomla","description":"Wstaw responsywne rozszerzenie Facebook Feed na swoj\u0105 stron\u0119 Joomla. Wypr\u00f3buj por\u0119czn\u0105 wersj\u0119 demonstracyjn\u0105 Elfsight i zaprojektuj sw\u00f3j widget w zaledwie 2 minuty.","robots":{"index":"index","follow":"follow","max-snippet":"max-snippet:-1","max-image-preview":"max-image-preview:large","max-video-preview":"max-video-preview:-1"},"canonical":"https:\/\/elfsight.com\/pl\/facebook-feed-widget\/joomla\/","og_locale":"pl_PL","og_type":"article","og_title":"Kana\u0142 Facebooka - Dodaj rozszerzenie Facebooka do witryny Joomla","og_description":"Wstaw responsywne rozszerzenie Facebook Feed na swoj\u0105 stron\u0119 Joomla. Wypr\u00f3buj por\u0119czn\u0105 wersj\u0119 demonstracyjn\u0105 Elfsight i zaprojektuj sw\u00f3j widget w zaledwie 2 minuty.","og_url":"https:\/\/elfsight.com\/pl\/facebook-feed-widget\/joomla\/","og_site_name":"Elfsight PL","article_modified_time":"2025-06-19T13:41:38+00:00","twitter_card":"summary_large_image","twitter_misc":{"Szacowany czas czytania":"3 minuty"},"schema":{"@context":"https:\/\/schema.org","@graph":[{"@type":"WebPage","@id":"https:\/\/elfsight.com\/pl\/facebook-feed-widget\/joomla\/","url":"https:\/\/elfsight.com\/pl\/facebook-feed-widget\/joomla\/","name":"Kana\u0142 Facebooka - Dodaj rozszerzenie Facebooka do witryny Joomla","isPartOf":{"@id":"https:\/\/elfsight.com\/pl\/#website"},"datePublished":"2024-05-03T06:36:00+00:00","dateModified":"2025-06-19T13:41:38+00:00","description":"Wstaw responsywne rozszerzenie Facebook Feed na swoj\u0105 stron\u0119 Joomla. Wypr\u00f3buj por\u0119czn\u0105 wersj\u0119 demonstracyjn\u0105 Elfsight i zaprojektuj sw\u00f3j widget w zaledwie 2 minuty.","breadcrumb":{"@id":"https:\/\/elfsight.com\/pl\/facebook-feed-widget\/joomla\/#breadcrumb"},"inLanguage":"pl-PL","potentialAction":[{"@type":"ReadAction","target":["https:\/\/elfsight.com\/pl\/facebook-feed-widget\/joomla\/"]}]},{"@type":"BreadcrumbList","@id":"https:\/\/elfsight.com\/pl\/facebook-feed-widget\/joomla\/#breadcrumb","itemListElement":[{"@type":"ListItem","position":1,"name":"Home","item":"https:\/\/elfsight.com\/pl\/"},{"@type":"ListItem","position":2,"name":"Facebook Feed","item":"https:\/\/elfsight.com\/pl\/facebook-feed-widget\/"},{"@type":"ListItem","position":3,"name":"Facebook Feed &#8211; Joomla"}]},{"@type":"WebSite","@id":"https:\/\/elfsight.com\/pl\/#website","url":"https:\/\/elfsight.com\/pl\/","name":"Elfsight PL","description":"Just another Elfsight Sites site","potentialAction":[{"@type":"SearchAction","target":{"@type":"EntryPoint","urlTemplate":"https:\/\/elfsight.com\/pl\/?s={search_term_string}"},"query-input":{"@type":"PropertyValueSpecification","valueRequired":true,"valueName":"search_term_string"}}],"inLanguage":"pl-PL"}]}},"meta_box":{"industry":"","seo_heading":"","heading":"","description":"","cta_heading":"","cta_description":"","application":"1841","h1":"Rozszerzenie kana\u0142u Facebook dla Joomla","h1_caption":"Osadzaj posty ze swojej strony na Facebooku, aby bez wysi\u0142ku odwiedzaj\u0105cy Twoj\u0105 witryn\u0119 informowali o najnowszych aktualizacjach i aktualno\u015bciach na Twojej stronie Joomla.","application_category":[],"applications_title":"","applications_request_title":"","applications_request_button_text":"","hero_text":"","hero_video":"","hero_video_schema_markup":"","selling_points_title":"","selling_points_caption":"","selling_points":[],"selling_points_cta_text":"","features_title":"","features":"","ed_cta_examples_text":"","ed_cta_examples_hidden":"","ed_cta_demo_text":"","ed_cta_demo_hidden":"","why_caption":"","why_editor_title":"","why_editor_text":"","why_team_title":"","why_team_text":"","why_service_title":"","why_service_text":"","template_catalog_visible":"0","template_catalog_title":"","template_catalog_text":"","template_catalog_categories_visible":"","demo_title":"Utw\u00f3rz wtyczk\u0119 kana\u0142u Facebook","demo_caption":"Skonfiguruj sw\u00f3j kana\u0142 na Facebooku i dodaj go do swojej witryny Joomla za darmo!","default_faq_hidden":"","app_template_category":[],"platform":"53","template_public_id":"","codecanyon_url":"","codecanyon_item_id":"","codecanyon_price":"","pricing_caption":"","pricing_elfsight_apps_hide_column":"","pricing_elfsight_apps_url":"","pricing_codecanyon_price_caption":"","integration_category":[],"integration_request_title":"","integration_request_cta":"","integration_platform":"","integrations":[],"platform_category":[],"video_schema_markup":"","price":"od 0 USD \/ miesi\u0105c","trial":"","benefits":[{"text":"Bezp\u0142atna pomoc w monta\u017cu"},{"text":"Profesjonalna obs\u0142uga klienta"},{"text":"14-dniowa gwarancja zwrotu pieni\u0119dzy"}],"button_url":"#demo","button_target_blank":"0","button_nofollow":"0","attributes":[{"name":"Instaluje"},{"name":"Czu\u0142y"},{"name":"Kompatybilne przegl\u0105darki"}],"tags":[],"tags_disable_links":"0","hide_more_platforms":"0","video_object":"","demo_hide_cta":"0","demo_hide_cloud_options":"0","pricing_title":"","pricing":[{"pricing_icon":"cloud","pricing_title":"Elfsight Apps","pricing_title_caption":"Rozwi\u0105zanie wieloplatformowe, kt\u00f3re dzia\u0142a na ka\u017cdej stronie internetowej","pricing_price":"od 0 USD \/ miesi\u0105c","pricing_price_caption":"zacznij od bezp\u0142atnego planu","pricing_benefits":[{"text":"Nielimitowane strony internetowe"},{"text":"Profesjonalna obs\u0142uga klienta i dobrze udokumentowana"},{"text":"Bezp\u0142atna pomoc przy instalacji"},{"text":"Specjalna cena za wiele aplikacji"}],"pricing_button_text":"Dodaj do witryny","pricing_button_url":"#demo"}],"related_apps_title":"","related_apps_hidden":"0","author":"","image":[],"title":"","job":"","social_networks":[]},"_links":{"self":[{"href":"https:\/\/elfsight.com\/pl\/wp-json\/wp\/v2\/pages\/5069","targetHints":{"allow":["GET"]}}],"collection":[{"href":"https:\/\/elfsight.com\/pl\/wp-json\/wp\/v2\/pages"}],"about":[{"href":"https:\/\/elfsight.com\/pl\/wp-json\/wp\/v2\/types\/page"}],"author":[{"embeddable":true,"href":"https:\/\/elfsight.com\/pl\/wp-json\/wp\/v2\/users\/9"}],"replies":[{"embeddable":true,"href":"https:\/\/elfsight.com\/pl\/wp-json\/wp\/v2\/comments?post=5069"}],"version-history":[{"count":3,"href":"https:\/\/elfsight.com\/pl\/wp-json\/wp\/v2\/pages\/5069\/revisions"}],"predecessor-version":[{"id":10117,"href":"https:\/\/elfsight.com\/pl\/wp-json\/wp\/v2\/pages\/5069\/revisions\/10117"}],"up":[{"embeddable":true,"href":"https:\/\/elfsight.com\/pl\/wp-json\/wp\/v2\/pages\/1843"}],"wp:attachment":[{"href":"https:\/\/elfsight.com\/pl\/wp-json\/wp\/v2\/media?parent=5069"}],"curies":[{"name":"wp","href":"https:\/\/api.w.org\/{rel}","templated":true}]}}