{"id":5064,"date":"2024-05-03T06:35:59","date_gmt":"2024-05-03T06:35:59","guid":{"rendered":"https:\/\/elfsight.com\/pl\/?page_id=5064"},"modified":"2025-06-19T13:43:45","modified_gmt":"2025-06-19T13:43:45","slug":"magento","status":"publish","type":"page","link":"https:\/\/elfsight.com\/pl\/facebook-feed-widget\/magento\/","title":{"rendered":"Facebook Feed &#8211; Magento"},"content":{"rendered":"<div class=\"application-platform-content-item-description application-platform-content-item\" id=\"description\" data-nav-section=\"description\">\n<h2>Opis<\/h2>\n<p>Wy\u015bwietl sw\u00f3j kana\u0142 Facebooka w naszym uniwersalnym rozszerzeniu \u2013 **Kana\u0142 Facebooka**. Aktualno\u015bci, filmy, zdj\u0119cia \u2013 upewnij si\u0119, \u017ce Twoi odwiedzaj\u0105cy nigdy nie pomin\u0105 ani jednej wiadomo\u015bci. Atrakcyjny wygl\u0105d z autentycznymi elementami Facebooka nie pozostanie niezauwa\u017cony i pomo\u017ce nie tylko zatrzyma\u0107 obecnych u\u017cytkownik\u00f3w na stronie, ale tak\u017ce zaprosi\u0107 nowych subskrybent\u00f3w Facebooka.<\/p>\n<p><b>Podnie\u015b zaanga\u017cowanie swoich klient\u00f3w do najwy\u017cszego poziomu dzi\u0119ki rozszerzeniu Magento Facebook.<\/b><\/p>\n<ul>\n    <li><b>Zdob\u0105d\u017a wi\u0119ksz\u0105 wiarygodno\u015b\u0107 swojej firmy<\/b>.<br>Firma posiadaj\u0105ca konta bie\u017c\u0105ce w mediach spo\u0142eczno\u015bciowych zyskuje o 75% wi\u0119ksze zaufanie w\u015br\u00f3d u\u017cytkownik\u00f3w. Umie\u015b\u0107 w witrynie swoj\u0105 stron\u0119 na Facebooku, aby udowodni\u0107 czytelnikom, \u017ce Twoja firma jest prawdziwa i godna zaufania.<\/li>\n    <li><b>Zawsze anga\u017cuj czytelnik\u00f3w swojej firmy<\/b>.<br>Nie zatrzymuj si\u0119 tylko na stronie internetowej, pom\u00f3\u017c ka\u017cdemu czytelnikowi bli\u017cej pozna\u0107 Twoj\u0105 mark\u0119 na Facebooku: zintegruj klient\u00f3w z codziennym \u017cyciem Twojej firmy i znajd\u017a najbardziej lojalnych klient\u00f3w.<\/li>\n    <li><b>3 wid\u017cety Facebooka w 1<\/b>. Ca\u0142a wspania\u0142a zawarto\u015b\u0107 Facebooka w jednym wid\u017cecie: wy\u015bwietlaj publikacje z opiniami, polubieniami i dowolnymi reakcjami na Facebooku; tw\u00f3rz kolekcje zdj\u0119\u0107 i film\u00f3w w serwisie za pomoc\u0105 album\u00f3w na Facebooku.<\/li>\n<\/ul>\n<\/div>\n\n<div class=\"application-platform-content-item-features application-platform-content-item\" id=\"features\" data-nav-section=\"features\">\n<h2>Funkcje<\/h2>\n<p>4 funkcje, dzi\u0119ki kt\u00f3rym nasz kana\u0142 na Facebooku staje si\u0119 najlepszym rozszerzeniem dla witryny Magento.<\/p>\n<ul>\n    <li>Obs\u0142ugiwane s\u0105 2 \u017ar\u00f3d\u0142a Facebooka: strony, profile;<\/li>\n    <li>Poka\u017c zdj\u0119cia, albumy lub jedno i drugie;<\/li>\n    <li>Przyciski \u201eLubi\u0119 to\u201d i \u201eUdost\u0119pnij\u201d w nag\u0142\u00f3wku;<\/li>\n    <li>Zmienny limit post\u00f3w;<\/li>\n    <li>Wsparcie premium zapewniane przez profesjonalist\u00f3w.<\/li>\n<\/ul>\n<p><a href=\"#demo\">Sprawd\u017a wszystkie funkcje w wersji demonstracyjnej na \u017cywo<\/a><\/p>\n<\/div>\n\n<div class=\"application-platform-content-item-installation application-platform-content-item\" id=\"installation\" data-nav-section=\"installation\">\n<h2>Jak doda\u0107 Facebooka do witryny Magento<\/h2>\n<p>Wystarczy post\u0119powa\u0107 zgodnie z poni\u017cszymi instrukcjami, aby osadzi\u0107 rozszerzenie w Magento.<\/p>\n<ol>\n    <li><b>Uruchom nasz\u0105 bezp\u0142atn\u0105 wersj\u0119 demonstracyjn\u0105 i rozpocznij tworzenie niestandardowego widgetu.<\/b><br>Znajd\u017a preferowan\u0105 form\u0119 i funkcje rozszerzenia Facebook Feed i zastosuj poprawki.<\/li>\n    <li><b>Odbierz sw\u00f3j osobisty kod, kt\u00f3ry pojawi si\u0119 w specjalnym formularzu w aplikacjach Elfsight.<\/b><br>Zaraz po skonfigurowaniu narz\u0119dzia skopiuj kod osobisty w wy\u015bwietlonym oknie i zachowaj go do p\u00f3\u017aniejszego wykorzystania.<\/li>\n    <li><b>Rozpocznij korzystanie z narz\u0119dzia na swojej stronie Magento.<\/b><br>Zaimplementuj skopiowany wcze\u015bniej kod na swojej stronie internetowej i zastosuj zmiany.<\/li>\n    <li><b>Instalacja zosta\u0142a pomy\u015blnie zako\u0144czona.<\/b><br>Przejd\u017a na swoj\u0105 stron\u0119 internetow\u0105 i zobacz w akcji dzia\u0142anie narz\u0119dzia.<\/li>\n<\/ol>\n<p>Czy chcesz uzyska\u0107 bardziej szczeg\u00f3\u0142ow\u0105 pomoc? Przeczytaj <a href=\"https:\/\/elfsight.com\/tutorials\/how-to-add-facebook-feed-extension-to-magento\/\" target=\"_blank\" rel=\"noopener noreferrer\">ca\u0142y artyku\u0142<\/a> lub napisz do naszego centrum pomocy, a my z przyjemno\u015bci\u0105 zapewnimy rozwi\u0105zanie.<\/p>\n<\/div>\n\n<div class=\"faq\" data-component=\"FAQ\">\n<div class=\"faq-item\">\r\n\t\t\t\t\t<div class=\"faq-item-question\">\r\n\t\t\t\t\t\t<h3 class=\"faq-item-question-text\">W jaki spos\u00f3b mog\u0119 osadzi\u0107 WhatsApp Chat w moim Magento bez znajomo\u015bci kodowania?<\/h3>\r\n\r\n\t\t\t\t\t\t<div class=\"faq-item-question-icon\"><\/div>\r\n\t\t\t\t\t<\/div>\r\n\r\n\t\t\t\t\t<div class=\"faq-item-answer\">\r\n\t\t\t\t\t\t<div class=\"faq-item-answer-text\">\n<p>Firma Elfsight oferuje rozwi\u0105zanie SaaS, kt\u00f3re pozwala u\u017cytkownikom samodzielnie utworzy\u0107 sekcj\u0119 WhatsApp Chat, odkryj nieskomplikowane kroki:<\/p>\n<ul>\n    <li>Przejd\u017a do edytora online, aby ustawi\u0107 wid\u017cet WhatsApp Chat, kt\u00f3ry ma si\u0119 pojawia\u0107 na Twojej stronie Magento.<\/li>\n    <li>Wybierz jeden z naszych gotowych szablon\u00f3w i dostosuj ustawienia WhatsApp Chat, zmie\u0144 uk\u0142ad i kolory, dodaj swoj\u0105 tre\u015b\u0107 bez znajomo\u015bci kodowania.<\/li>\n    <li>Kliknij, aby zapisa\u0107 ustawienia wprowadzone w WhatsApp Chat i uzyska\u0107 kod instalacyjny, kt\u00f3ry mo\u017cna \u0142atwo doda\u0107 na stronie g\u0142\u00f3wnej Magento bez konieczno\u015bci kupowania wersji p\u0142atnej.<\/li>\n<\/ul>\n<p>Dzi\u0119ki naszemu prostemu w obs\u0142udze edytorowi ka\u017cdy internauta mo\u017ce stworzy\u0107 aplikacj\u0119 WhatsApp Chat online i po prostu doda\u0107 j\u0105 do strony Magento. Aby wej\u015b\u0107 do Edytora, nie trzeba p\u0142aci\u0107 ani podawa\u0107 danych karty. Je\u015bli na kt\u00f3rymkolwiek etapie napotkasz jakiekolwiek problemy, skontaktuj si\u0119 z naszym zespo\u0142em pomocy technicznej.<\/p>\n<\/div>\r\n\t\t\t\t\t<\/div>\r\n\t\t\t\t<\/div>\n<\/div>","protected":false},"excerpt":{"rendered":"","protected":false},"author":9,"featured_media":0,"parent":1843,"menu_order":0,"comment_status":"closed","ping_status":"closed","template":"templates\/template-application-platform.php","meta":{"publish_to_discourse":"","publish_post_category":"","wpdc_auto_publish_overridden":"","wpdc_topic_tags":"","wpdc_pin_topic":"","wpdc_pin_until":"","discourse_post_id":"","discourse_permalink":"","wpdc_publishing_response":"","wpdc_publishing_error":"","footnotes":""},"class_list":["post-5064","page","type-page","status-publish","hentry"],"yoast_head":"<!-- This site is optimized with the Yoast SEO plugin v25.3.1 - https:\/\/yoast.com\/wordpress\/plugins\/seo\/ -->\n<title>Kana\u0142 Facebooka - Dodaj rozszerzenie Facebooka do witryny Magento<\/title>\n<meta name=\"description\" content=\"Zintegruj responsywne rozszerzenie Facebook Feed ze swoj\u0105 witryn\u0105 Magento. Skorzystaj z por\u0119cznego edytora Elfsight i utw\u00f3rz sw\u00f3j widget w zaledwie 1 minut\u0119.\" \/>\n<meta name=\"robots\" content=\"index, follow, max-snippet:-1, max-image-preview:large, max-video-preview:-1\" \/>\n<link rel=\"canonical\" href=\"https:\/\/elfsight.com\/pl\/facebook-feed-widget\/magento\/\" \/>\n<meta property=\"og:locale\" content=\"pl_PL\" \/>\n<meta property=\"og:type\" content=\"article\" \/>\n<meta property=\"og:title\" content=\"Kana\u0142 Facebooka - Dodaj rozszerzenie Facebooka do witryny Magento\" \/>\n<meta property=\"og:description\" content=\"Zintegruj responsywne rozszerzenie Facebook Feed ze swoj\u0105 witryn\u0105 Magento. Skorzystaj z por\u0119cznego edytora Elfsight i utw\u00f3rz sw\u00f3j widget w zaledwie 1 minut\u0119.\" \/>\n<meta property=\"og:url\" content=\"https:\/\/elfsight.com\/pl\/facebook-feed-widget\/magento\/\" \/>\n<meta property=\"og:site_name\" content=\"Elfsight PL\" \/>\n<meta property=\"article:modified_time\" content=\"2025-06-19T13:43:45+00:00\" \/>\n<meta name=\"twitter:card\" content=\"summary_large_image\" \/>\n<meta name=\"twitter:label1\" content=\"Szacowany czas czytania\" \/>\n\t<meta name=\"twitter:data1\" content=\"3 minuty\" \/>\n<!-- \/ Yoast SEO plugin. -->","yoast_head_json":{"title":"Kana\u0142 Facebooka - Dodaj rozszerzenie Facebooka do witryny Magento","description":"Zintegruj responsywne rozszerzenie Facebook Feed ze swoj\u0105 witryn\u0105 Magento. Skorzystaj z por\u0119cznego edytora Elfsight i utw\u00f3rz sw\u00f3j widget w zaledwie 1 minut\u0119.","robots":{"index":"index","follow":"follow","max-snippet":"max-snippet:-1","max-image-preview":"max-image-preview:large","max-video-preview":"max-video-preview:-1"},"canonical":"https:\/\/elfsight.com\/pl\/facebook-feed-widget\/magento\/","og_locale":"pl_PL","og_type":"article","og_title":"Kana\u0142 Facebooka - Dodaj rozszerzenie Facebooka do witryny Magento","og_description":"Zintegruj responsywne rozszerzenie Facebook Feed ze swoj\u0105 witryn\u0105 Magento. Skorzystaj z por\u0119cznego edytora Elfsight i utw\u00f3rz sw\u00f3j widget w zaledwie 1 minut\u0119.","og_url":"https:\/\/elfsight.com\/pl\/facebook-feed-widget\/magento\/","og_site_name":"Elfsight PL","article_modified_time":"2025-06-19T13:43:45+00:00","twitter_card":"summary_large_image","twitter_misc":{"Szacowany czas czytania":"3 minuty"},"schema":{"@context":"https:\/\/schema.org","@graph":[{"@type":"WebPage","@id":"https:\/\/elfsight.com\/pl\/facebook-feed-widget\/magento\/","url":"https:\/\/elfsight.com\/pl\/facebook-feed-widget\/magento\/","name":"Kana\u0142 Facebooka - Dodaj rozszerzenie Facebooka do witryny Magento","isPartOf":{"@id":"https:\/\/elfsight.com\/pl\/#website"},"datePublished":"2024-05-03T06:35:59+00:00","dateModified":"2025-06-19T13:43:45+00:00","description":"Zintegruj responsywne rozszerzenie Facebook Feed ze swoj\u0105 witryn\u0105 Magento. Skorzystaj z por\u0119cznego edytora Elfsight i utw\u00f3rz sw\u00f3j widget w zaledwie 1 minut\u0119.","breadcrumb":{"@id":"https:\/\/elfsight.com\/pl\/facebook-feed-widget\/magento\/#breadcrumb"},"inLanguage":"pl-PL","potentialAction":[{"@type":"ReadAction","target":["https:\/\/elfsight.com\/pl\/facebook-feed-widget\/magento\/"]}]},{"@type":"BreadcrumbList","@id":"https:\/\/elfsight.com\/pl\/facebook-feed-widget\/magento\/#breadcrumb","itemListElement":[{"@type":"ListItem","position":1,"name":"Home","item":"https:\/\/elfsight.com\/pl\/"},{"@type":"ListItem","position":2,"name":"Facebook Feed","item":"https:\/\/elfsight.com\/pl\/facebook-feed-widget\/"},{"@type":"ListItem","position":3,"name":"Facebook Feed &#8211; Magento"}]},{"@type":"WebSite","@id":"https:\/\/elfsight.com\/pl\/#website","url":"https:\/\/elfsight.com\/pl\/","name":"Elfsight PL","description":"Just another Elfsight Sites site","potentialAction":[{"@type":"SearchAction","target":{"@type":"EntryPoint","urlTemplate":"https:\/\/elfsight.com\/pl\/?s={search_term_string}"},"query-input":{"@type":"PropertyValueSpecification","valueRequired":true,"valueName":"search_term_string"}}],"inLanguage":"pl-PL"}]}},"meta_box":{"industry":"","seo_heading":"","heading":"","description":"","cta_heading":"","cta_description":"","application":"1841","h1":"Rozszerzenie Facebook Feed dla Magento","h1_caption":"Osadzaj posty ze swojej strony na Facebooku, aby bez wysi\u0142ku odwiedzaj\u0105cy Twoj\u0105 witryn\u0119 byli zainteresowani najnowszymi aktualizacjami i aktualno\u015bciami na Twojej stronie Magento.","application_category":[],"applications_title":"","applications_request_title":"","applications_request_button_text":"","hero_text":"","hero_video":"","hero_video_schema_markup":"","selling_points_title":"","selling_points_caption":"","selling_points":[],"selling_points_cta_text":"","features_title":"","features":"","ed_cta_examples_text":"","ed_cta_examples_hidden":"","ed_cta_demo_text":"","ed_cta_demo_hidden":"","why_caption":"","why_editor_title":"","why_editor_text":"","why_team_title":"","why_team_text":"","why_service_title":"","why_service_text":"","template_catalog_visible":"0","template_catalog_title":"","template_catalog_text":"","template_catalog_categories_visible":"","demo_title":"Utw\u00f3rz rozszerzenie kana\u0142u na Facebooku","demo_caption":"Skonfiguruj sw\u00f3j kana\u0142 na Facebooku i dodaj go do swojej witryny Magento za darmo!","default_faq_hidden":"","app_template_category":[],"platform":"92","template_public_id":"","codecanyon_url":"","codecanyon_item_id":"","codecanyon_price":"","pricing_caption":"","pricing_elfsight_apps_hide_column":"","pricing_elfsight_apps_url":"","pricing_codecanyon_price_caption":"","integration_category":[],"integration_request_title":"","integration_request_cta":"","integration_platform":"","integrations":[],"platform_category":[],"video_schema_markup":"","price":"od 0 USD \/ miesi\u0105c","trial":"","benefits":[{"text":"Bezp\u0142atna us\u0142uga monta\u017cu"},{"text":"Skuteczna obs\u0142uga klienta"},{"text":"14-dniowa gwarancja zwrotu pieni\u0119dzy"}],"button_url":"#demo","button_target_blank":"0","button_nofollow":"0","attributes":[{"name":"Instaluje"},{"name":"Czu\u0142y"},{"name":"Kompatybilne przegl\u0105darki"}],"tags":[],"tags_disable_links":"0","hide_more_platforms":"0","video_object":"","demo_hide_cta":"0","demo_hide_cloud_options":"0","pricing_title":"","pricing":[{"pricing_icon":"platform","pricing_title":"Elfsight Apps","pricing_title_caption":"Wieloplatformowe rozwi\u0105zanie cyfrowe, kt\u00f3re pasuje do ka\u017cdej witryny","pricing_price":"od 0 USD \/ miesi\u0105c","pricing_price_caption":"zacznij od bezp\u0142atnego planu","pricing_benefits":[{"text":"Nielimitowane domeny"},{"text":"Dedykowana obs\u0142uga klienta i dobrze udokumentowana"},{"text":"Bezp\u0142atna pomoc przy instalacji"},{"text":"W pe\u0142ni konfigurowalny"}],"pricing_button_text":"Dodaj do witryny","pricing_button_url":"#demo"}],"related_apps_title":"","related_apps_hidden":"0","author":"","image":[],"title":"","job":"","social_networks":[]},"_links":{"self":[{"href":"https:\/\/elfsight.com\/pl\/wp-json\/wp\/v2\/pages\/5064","targetHints":{"allow":["GET"]}}],"collection":[{"href":"https:\/\/elfsight.com\/pl\/wp-json\/wp\/v2\/pages"}],"about":[{"href":"https:\/\/elfsight.com\/pl\/wp-json\/wp\/v2\/types\/page"}],"author":[{"embeddable":true,"href":"https:\/\/elfsight.com\/pl\/wp-json\/wp\/v2\/users\/9"}],"replies":[{"embeddable":true,"href":"https:\/\/elfsight.com\/pl\/wp-json\/wp\/v2\/comments?post=5064"}],"version-history":[{"count":2,"href":"https:\/\/elfsight.com\/pl\/wp-json\/wp\/v2\/pages\/5064\/revisions"}],"predecessor-version":[{"id":10119,"href":"https:\/\/elfsight.com\/pl\/wp-json\/wp\/v2\/pages\/5064\/revisions\/10119"}],"up":[{"embeddable":true,"href":"https:\/\/elfsight.com\/pl\/wp-json\/wp\/v2\/pages\/1843"}],"wp:attachment":[{"href":"https:\/\/elfsight.com\/pl\/wp-json\/wp\/v2\/media?parent=5064"}],"curies":[{"name":"wp","href":"https:\/\/api.w.org\/{rel}","templated":true}]}}