{"id":5062,"date":"2024-05-03T06:35:57","date_gmt":"2024-05-03T06:35:57","guid":{"rendered":"https:\/\/elfsight.com\/pl\/?page_id=5062"},"modified":"2025-06-19T13:47:25","modified_gmt":"2025-06-19T13:47:25","slug":"opencart","status":"publish","type":"page","link":"https:\/\/elfsight.com\/pl\/facebook-feed-widget\/opencart\/","title":{"rendered":"Facebook Feed &#8211; OpenCart"},"content":{"rendered":"<div class=\"application-platform-content-item-description application-platform-content-item\" id=\"description\" data-nav-section=\"description\">\n<h2>Opis<\/h2>\n<p>Wy\u015bwietlaj swoje tre\u015bci z Facebooka w naszym zaawansowanym module \u2013 **Facebook Feed**. Aktualno\u015bci, wideo, zdj\u0119cia \u2013 mo\u017cesz by\u0107 pewien, \u017ce Twoi czytelnicy nigdy nie pomin\u0105 ani jednego fragmentu Twoich tre\u015bci. Modny interfejs z prawdziwymi elementami Facebooka przyci\u0105gnie wzrok i pozwoli Ci nie tylko zatrzyma\u0107 obecnych klient\u00f3w na stronie, ale tak\u017ce przyci\u0105gn\u0105\u0107 nowych subskrybent\u00f3w Facebooka.<\/p>\n<p><b>Ulepsz sw\u00f3j marketing w mediach spo\u0142eczno\u015bciowych do wysoko\u015bci, jakiej nigdy wcze\u015bniej nie widziano, korzystaj\u0105c z rozszerzenia OpenCart na Facebooku.<\/b><\/p>\n<ul>\n    <li><b>Spraw, aby odwiedzaj\u0105cy pozostali na stronie<\/b>. Poka\u017c elementy spo\u0142eczno\u015bciowe i interaktywne, kt\u00f3re przyci\u0105gn\u0105 uwag\u0119 czytelnik\u00f3w, aby zatrzyma\u0107 je na stronie i dostarczy\u0107 wi\u0119cej informacji o Twoich produktach lub firmie.<\/li>\n    <li><b>Rozbuduj swoj\u0105 stron\u0119 na Facebooku<\/b>. Dodaj zdj\u0119cia i filmy z Facebooka nie tylko dla os\u00f3b odwiedzaj\u0105cych media spo\u0142eczno\u015bciowe, ale od razu, aby przyci\u0105gn\u0105\u0107 go\u015bci z witryny na swoj\u0105 stron\u0119 na Facebooku. Wstaw rozpoznawalne posty lub obrazy, aby ju\u017c teraz zacz\u0105\u0107 zdobywa\u0107 nowych subskrybent\u00f3w!<\/li>\n    <li><b>Ca\u0142y Facebook w 1 module<\/b>. Ca\u0142a zawarto\u015b\u0107 Facebooka w jednym module: pokazuj aktualno\u015bci z opiniami, udost\u0119pnieniami lub dowolnymi reakcjami na Facebooku; Kszta\u0142tuj galerie zdj\u0119\u0107 i film\u00f3w w witrynie, korzystaj\u0105c z album\u00f3w na Facebooku.<\/li>\n<\/ul>\n<\/div>\n\n<div class=\"application-platform-content-item-features application-platform-content-item\" id=\"features\" data-nav-section=\"features\">\n<h2>Funkcje<\/h2>\n<p>Kilka niesamowitych funkcji, kt\u00f3re zmieniaj\u0105 nasze **Facebook Feed** w warto\u015bciowe rozszerzenie dowolnej witryny OpenCart.<\/p>\n<ul>\n    <li>Obs\u0142ugiwane 2 \u017ar\u00f3d\u0142a Facebooka: strony, profile;<\/li>\n    <li>Konfigurowalne wyskakuj\u0105ce okienka z prze\u0142\u0105czanymi elementami: autor, liczba polubie\u0144, liczba udost\u0119pnie\u0144, komentarze;<\/li>\n    <li>Filmy z prze\u0142\u0105czanymi informacjami: opis, liczba polubie\u0144, liczba komentarzy;<\/li>\n    <li>W\u0142\u0105cz lub wy\u0142\u0105cz nag\u0142\u00f3wek;<\/li>\n    <li>Obs\u0142ugiwanych jest 12 popularnych j\u0119zyk\u00f3w.<\/li>\n<\/ul>\n<p><a href=\"#demo\">Sprawd\u017a wszystkie zalety w wersji demonstracyjnej na \u017cywo<\/a>.<\/p>\n<\/div>\n\n<div class=\"application-platform-content-item-installation application-platform-content-item\" id=\"installation\" data-nav-section=\"installation\">\n<h2>Jak doda\u0107 modu\u0142 Facebook Feed do witryny OpenCart<\/h2>\n<iframe src=\"https:\/\/www.youtube.com\/embed\/6iIw-QUJoAI\" width=\"720\" height=\"405\" frameborder=\"0\" allowfullscreen=\"allowfullscreen\"><\/iframe>\n<p>Wystarczy post\u0119powa\u0107 zgodnie z poni\u017cszymi wskaz\u00f3wkami, aby rozpocz\u0105\u0107 korzystanie z rozszerzenia w OpenCart.<\/p>\n<ol>\n    <li><b>Zarz\u0105dzaj naszym bezp\u0142atnym konfiguratorem i zacznij tworzy\u0107 w\u0142asne, wykonane przed\u0142u\u017cenie.<\/b><br>Wybierz \u017c\u0105dany uk\u0142ad i specyfikacje wid\u017cetu i zapisz zmiany.<\/li>\n    <li><b>Odbierz sw\u00f3j osobisty kod widoczny w pude\u0142ku w aplikacjach Elfsight.<\/b><br>Po skonfigurowaniu osobistego rozszerzenia Facebook Feed skopiuj osobisty kod w wy\u015bwietlonym oknie i zapisz go do p\u00f3\u017aniejszego wykorzystania.<\/li>\n    <li><b>Rozpocznij korzystanie z narz\u0119dzia na stronie OpenCart.<\/b><br>Wstaw ostatnio zapisany kod na swoj\u0105 stron\u0119 i zapisz poprawki.<\/li>\n    <li><b>Instalacja zosta\u0142a w pe\u0142ni uko\u0144czona.<\/b><br>Wejd\u017a na swoj\u0105 stron\u0119 i obserwuj prac\u0119 narz\u0119dzia.<\/li>\n<\/ol>\n<p>Czy potrzebujesz bardziej szczeg\u00f3\u0142owej pomocy? Zapoznaj si\u0119 z <a href=\"https:\/\/elfsight.com\/tutorials\/how-to-add-facebook-feed-to-opencart\/\" target=\"_blank\" rel=\"noopener noreferrer\">obszerny samouczek<\/a> lub zostaw wiadomo\u015b\u0107 naszemu dzia\u0142owi obs\u0142ugi klienta, a my z przyjemno\u015bci\u0105 zaoferujemy rozwi\u0105zanie.<\/p>\n<\/div>\n\n<div class=\"faq\" data-component=\"FAQ\">\n<div class=\"faq-item\">\r\n\t\t\t\t\t<div class=\"faq-item-question\">\r\n\t\t\t\t\t\t<h3 class=\"faq-item-question-text\">Czy istnieje mo\u017cliwo\u015b\u0107 doda\u0107 WhatsApp Chat do mojej strony g\u0142\u00f3wnej OpenCart bez do\u015bwiadczenia w kodowaniu?<\/h3>\r\n\r\n\t\t\t\t\t\t<div class=\"faq-item-question-icon\"><\/div>\r\n\t\t\t\t\t<\/div>\r\n\r\n\t\t\t\t\t<div class=\"faq-item-answer\">\r\n\t\t\t\t\t\t<div class=\"faq-item-answer-text\">\n<p>Firma Elfsight dostarcza rozwi\u0105zanie, kt\u00f3re umo\u017cliwia u\u017cytkownikom samodzielne zbudowanie wtyczki WhatsApp Chat, sprawd\u017a proste kroki: <\/p>\n<ul>\n    <li>Pracuj bezpo\u015brednio w wersji demonstracyjnej online, aby utworzy\u0107 wtyczk\u0119 WhatsApp Chat, kt\u00f3r\u0105 chcesz doda\u0107 do swojej witryny OpenCart.<\/li>\n    <li>Wybierz jeden z wst\u0119pnie zaprojektowanych szablon\u00f3w i dostosuj ustawienia WhatsApp Chat, zmie\u0144 uk\u0142ad i kolory, dodaj tre\u015b\u0107 bez umiej\u0119tno\u015bci kodowania.<\/li>\n    <li>Zapisz ustawienia wprowadzone w WhatsApp Chat i skopiuj kod do umieszczenia, kt\u00f3ry mo\u017cna po prostu wklei\u0107 na stronie g\u0142\u00f3wnej OpenCart w ramach bezp\u0142atnego planu.<\/li>\n<\/ul>\n<p>Dzi\u0119ki przyjaznemu dla u\u017cytkownika konfiguratorowi ka\u017cdy u\u017cytkownik Internetu mo\u017ce skonfigurowa\u0107 aplikacj\u0119 WhatsApp Chat online i \u0142atwo wklei\u0107 j\u0105 na dowoln\u0105 stron\u0119 internetow\u0105 OpenCart. Aby uzyska\u0107 dost\u0119p do Edytora Elfsight, nie ma potrzeby kupowania p\u0142atnego planu ani ujawniania danych karty. Je\u015bli napotkasz jakiekolwiek problemy, nie wahaj si\u0119 skontaktowa\u0107 z naszym dzia\u0142em obs\u0142ugi klienta.<\/p>\n<\/div>\r\n\t\t\t\t\t<\/div>\r\n\t\t\t\t<\/div>\n<\/div>","protected":false},"excerpt":{"rendered":"","protected":false},"author":9,"featured_media":0,"parent":1843,"menu_order":0,"comment_status":"closed","ping_status":"closed","template":"templates\/template-application-platform.php","meta":{"publish_to_discourse":"","publish_post_category":"","wpdc_auto_publish_overridden":"","wpdc_topic_tags":"","wpdc_pin_topic":"","wpdc_pin_until":"","discourse_post_id":"","discourse_permalink":"","wpdc_publishing_response":"","wpdc_publishing_error":"","footnotes":""},"class_list":["post-5062","page","type-page","status-publish","hentry"],"yoast_head":"<!-- This site is optimized with the Yoast SEO plugin v25.3.1 - https:\/\/yoast.com\/wordpress\/plugins\/seo\/ -->\n<title>Kana\u0142 Facebooka - Dodaj rozszerzenie Facebooka do witryny OpenCart<\/title>\n<meta name=\"description\" content=\"Dodaj responsywne rozszerzenie Facebook Feed na swojej stronie OpenCart. Skorzystaj z elastycznego edytora Elfsight i zaprojektuj sw\u00f3j modu\u0142 w zaledwie 1 minut\u0119.\" \/>\n<meta name=\"robots\" content=\"index, follow, max-snippet:-1, max-image-preview:large, max-video-preview:-1\" \/>\n<link rel=\"canonical\" href=\"https:\/\/elfsight.com\/pl\/facebook-feed-widget\/opencart\/\" \/>\n<meta property=\"og:locale\" content=\"pl_PL\" \/>\n<meta property=\"og:type\" content=\"article\" \/>\n<meta property=\"og:title\" content=\"Kana\u0142 Facebooka - Dodaj rozszerzenie Facebooka do witryny OpenCart\" \/>\n<meta property=\"og:description\" content=\"Dodaj responsywne rozszerzenie Facebook Feed na swojej stronie OpenCart. Skorzystaj z elastycznego edytora Elfsight i zaprojektuj sw\u00f3j modu\u0142 w zaledwie 1 minut\u0119.\" \/>\n<meta property=\"og:url\" content=\"https:\/\/elfsight.com\/pl\/facebook-feed-widget\/opencart\/\" \/>\n<meta property=\"og:site_name\" content=\"Elfsight PL\" \/>\n<meta property=\"article:modified_time\" content=\"2025-06-19T13:47:25+00:00\" \/>\n<meta name=\"twitter:card\" content=\"summary_large_image\" \/>\n<meta name=\"twitter:label1\" content=\"Szacowany czas czytania\" \/>\n\t<meta name=\"twitter:data1\" content=\"4 minuty\" \/>\n<!-- \/ Yoast SEO plugin. -->","yoast_head_json":{"title":"Kana\u0142 Facebooka - Dodaj rozszerzenie Facebooka do witryny OpenCart","description":"Dodaj responsywne rozszerzenie Facebook Feed na swojej stronie OpenCart. Skorzystaj z elastycznego edytora Elfsight i zaprojektuj sw\u00f3j modu\u0142 w zaledwie 1 minut\u0119.","robots":{"index":"index","follow":"follow","max-snippet":"max-snippet:-1","max-image-preview":"max-image-preview:large","max-video-preview":"max-video-preview:-1"},"canonical":"https:\/\/elfsight.com\/pl\/facebook-feed-widget\/opencart\/","og_locale":"pl_PL","og_type":"article","og_title":"Kana\u0142 Facebooka - Dodaj rozszerzenie Facebooka do witryny OpenCart","og_description":"Dodaj responsywne rozszerzenie Facebook Feed na swojej stronie OpenCart. Skorzystaj z elastycznego edytora Elfsight i zaprojektuj sw\u00f3j modu\u0142 w zaledwie 1 minut\u0119.","og_url":"https:\/\/elfsight.com\/pl\/facebook-feed-widget\/opencart\/","og_site_name":"Elfsight PL","article_modified_time":"2025-06-19T13:47:25+00:00","twitter_card":"summary_large_image","twitter_misc":{"Szacowany czas czytania":"4 minuty"},"schema":{"@context":"https:\/\/schema.org","@graph":[{"@type":"WebPage","@id":"https:\/\/elfsight.com\/pl\/facebook-feed-widget\/opencart\/","url":"https:\/\/elfsight.com\/pl\/facebook-feed-widget\/opencart\/","name":"Kana\u0142 Facebooka - Dodaj rozszerzenie Facebooka do witryny OpenCart","isPartOf":{"@id":"https:\/\/elfsight.com\/pl\/#website"},"datePublished":"2024-05-03T06:35:57+00:00","dateModified":"2025-06-19T13:47:25+00:00","description":"Dodaj responsywne rozszerzenie Facebook Feed na swojej stronie OpenCart. Skorzystaj z elastycznego edytora Elfsight i zaprojektuj sw\u00f3j modu\u0142 w zaledwie 1 minut\u0119.","breadcrumb":{"@id":"https:\/\/elfsight.com\/pl\/facebook-feed-widget\/opencart\/#breadcrumb"},"inLanguage":"pl-PL","potentialAction":[{"@type":"ReadAction","target":["https:\/\/elfsight.com\/pl\/facebook-feed-widget\/opencart\/"]}]},{"@type":"BreadcrumbList","@id":"https:\/\/elfsight.com\/pl\/facebook-feed-widget\/opencart\/#breadcrumb","itemListElement":[{"@type":"ListItem","position":1,"name":"Home","item":"https:\/\/elfsight.com\/pl\/"},{"@type":"ListItem","position":2,"name":"Facebook Feed","item":"https:\/\/elfsight.com\/pl\/facebook-feed-widget\/"},{"@type":"ListItem","position":3,"name":"Facebook Feed &#8211; OpenCart"}]},{"@type":"WebSite","@id":"https:\/\/elfsight.com\/pl\/#website","url":"https:\/\/elfsight.com\/pl\/","name":"Elfsight PL","description":"Just another Elfsight Sites site","potentialAction":[{"@type":"SearchAction","target":{"@type":"EntryPoint","urlTemplate":"https:\/\/elfsight.com\/pl\/?s={search_term_string}"},"query-input":{"@type":"PropertyValueSpecification","valueRequired":true,"valueName":"search_term_string"}}],"inLanguage":"pl-PL"}]}},"meta_box":{"industry":"","seo_heading":"","heading":"","description":"","cta_heading":"","cta_description":"","application":"1841","h1":"Rozszerzenie kana\u0142u Facebook dla Opencart","h1_caption":"Osadzaj posty ze swojej strony na Facebooku, aby bez wysi\u0142ku zainteresowa\u0107 odwiedzaj\u0105cych Twoj\u0105 witryn\u0119 najnowszymi aktualizacjami i aktualno\u015bciami na Twojej stronie Opencart.","application_category":[],"applications_title":"","applications_request_title":"","applications_request_button_text":"","hero_text":"","hero_video":"","hero_video_schema_markup":"","selling_points_title":"","selling_points_caption":"","selling_points":[],"selling_points_cta_text":"","features_title":"","features":"","ed_cta_examples_text":"","ed_cta_examples_hidden":"","ed_cta_demo_text":"","ed_cta_demo_hidden":"","why_caption":"","why_editor_title":"","why_editor_text":"","why_team_title":"","why_team_text":"","why_service_title":"","why_service_text":"","template_catalog_visible":"0","template_catalog_title":"","template_catalog_text":"","template_catalog_categories_visible":"","demo_title":"Utw\u00f3rz rozszerzenie kana\u0142u na Facebooku","demo_caption":"Skonfiguruj sw\u00f3j kana\u0142 na Facebooku i dodaj go do swojej witryny OpenCart za darmo!","default_faq_hidden":"","app_template_category":[],"platform":"107","template_public_id":"","codecanyon_url":"","codecanyon_item_id":"","codecanyon_price":"","pricing_caption":"","pricing_elfsight_apps_hide_column":"","pricing_elfsight_apps_url":"","pricing_codecanyon_price_caption":"","integration_category":[],"integration_request_title":"","integration_request_cta":"","integration_platform":"","integrations":[],"platform_category":[],"video_schema_markup":"","price":"od 0 USD \/ miesi\u0105c","trial":"","benefits":[{"text":"Bezp\u0142atna us\u0142uga monta\u017cu"},{"text":"Kompetentna obs\u0142uga klienta"},{"text":"14-dniowa gwarancja zwrotu pieni\u0119dzy"}],"button_url":"#demo","button_target_blank":"0","button_nofollow":"0","attributes":[{"name":"Instaluje"},{"name":"Czu\u0142y"},{"name":"Kompatybilne przegl\u0105darki"}],"tags":[],"tags_disable_links":"0","hide_more_platforms":"0","video_object":"","demo_hide_cta":"0","demo_hide_cloud_options":"0","pricing_title":"","pricing":[{"pricing_icon":"platform","pricing_title":"Elfsight Apps","pricing_title_caption":"Oprogramowanie wieloplatformowe, kt\u00f3re pasuje do ka\u017cdej witryny internetowej","pricing_price":"od 0 USD \/ miesi\u0105c","pricing_price_caption":"zacznij od bezp\u0142atnego planu","pricing_benefits":[{"text":"Nielimitowane strony internetowe"},{"text":"Bezp\u0142atne wsparcie"},{"text":"Bezp\u0142atna pomoc w monta\u017cu"},{"text":"100% konfigurowalny"}],"pricing_button_text":"Dodaj do witryny","pricing_button_url":"#demo"}],"related_apps_title":"","related_apps_hidden":"0","author":"","image":[],"title":"","job":"","social_networks":[]},"_links":{"self":[{"href":"https:\/\/elfsight.com\/pl\/wp-json\/wp\/v2\/pages\/5062","targetHints":{"allow":["GET"]}}],"collection":[{"href":"https:\/\/elfsight.com\/pl\/wp-json\/wp\/v2\/pages"}],"about":[{"href":"https:\/\/elfsight.com\/pl\/wp-json\/wp\/v2\/types\/page"}],"author":[{"embeddable":true,"href":"https:\/\/elfsight.com\/pl\/wp-json\/wp\/v2\/users\/9"}],"replies":[{"embeddable":true,"href":"https:\/\/elfsight.com\/pl\/wp-json\/wp\/v2\/comments?post=5062"}],"version-history":[{"count":3,"href":"https:\/\/elfsight.com\/pl\/wp-json\/wp\/v2\/pages\/5062\/revisions"}],"predecessor-version":[{"id":10123,"href":"https:\/\/elfsight.com\/pl\/wp-json\/wp\/v2\/pages\/5062\/revisions\/10123"}],"up":[{"embeddable":true,"href":"https:\/\/elfsight.com\/pl\/wp-json\/wp\/v2\/pages\/1843"}],"wp:attachment":[{"href":"https:\/\/elfsight.com\/pl\/wp-json\/wp\/v2\/media?parent=5062"}],"curies":[{"name":"wp","href":"https:\/\/api.w.org\/{rel}","templated":true}]}}