{"id":5061,"date":"2024-05-03T06:35:56","date_gmt":"2024-05-03T06:35:56","guid":{"rendered":"https:\/\/elfsight.com\/pl\/?page_id=5061"},"modified":"2025-06-19T13:49:55","modified_gmt":"2025-06-19T13:49:55","slug":"webflow","status":"publish","type":"page","link":"https:\/\/elfsight.com\/pl\/facebook-feed-widget\/webflow\/","title":{"rendered":"Facebook Feed &#8211; Webflow"},"content":{"rendered":"<div class=\"application-platform-content-item-description application-platform-content-item\" id=\"description\" data-nav-section=\"description\">\n<h2>Umie\u015b\u0107 kana\u0142 Facebooka w Webflow za pomoc\u0105 wid\u017cetu Elfsight<\/h2>\n<p>Pokazuj swoje tre\u015bci z Facebooka w naszym pot\u0119\u017cnym wid\u017cecie \u2013 **Kana\u0142 Facebooka**. Aktualno\u015bci, wideo, zdj\u0119cia \u2013 mo\u017cesz mie\u0107 pewno\u015b\u0107, \u017ce Twoi u\u017cytkownicy nigdy nie przegapi\u0105 \u017cadnego wpisu. Atrakcyjny wygl\u0105d z oryginalnymi detalami Facebooka z pewno\u015bci\u0105 zostanie zauwa\u017cony i pomo\u017ce nie tylko zatrzyma\u0107 obecnych klient\u00f3w na stronie, ale tak\u017ce zaprosi\u0107 nowych subskrybent\u00f3w Facebooka.<\/p>\n<p><b>Rozwi\u0144 sw\u00f3j marketing w mediach spo\u0142eczno\u015bciowych do maksimum, korzystaj\u0105c z wid\u017cetu Webflow na Facebooku.<\/b><\/p>\n<ul>\n    <li><b>Wzmocnij zaufanie klient\u00f3w do swojej firmy<\/b>.<br>Firma posiadaj\u0105ca aktywne profile w mediach spo\u0142eczno\u015bciowych cieszy si\u0119 o 72% wi\u0119kszym zaufaniem w\u015br\u00f3d u\u017cytkownik\u00f3w. Skorzystaj ze swojego profilu na Facebooku w witrynie, aby mie\u0107 pewno\u015b\u0107, \u017ce klienci, z kt\u00f3rymi wsp\u00f3\u0142pracujesz, s\u0105 rzetelni i bezpieczni.<\/li>\n    <li><b>Zwi\u0119ksz liczb\u0119 subskrybent\u00f3w Facebooka na swoim profilu<\/b>.<br>Zamie\u0144 odwiedzaj\u0105cych witryn\u0119 internetow\u0105 w subskrybent\u00f3w Facebooka. Ukszta\u0142tuj optymalny wid\u017cet ze swoj\u0105 stron\u0105 i poka\u017c go na serwisie, tak aby ka\u017cdy u\u017cytkownik mia\u0142 szans\u0119 \u015bledzi\u0107 Twoj\u0105 stron\u0119.<\/li>\n    <li><b>Ca\u0142y Facebook w 1 wid\u017cecie<\/b>.<br>Ca\u0142a zawarto\u015b\u0107 z Facebooka w wygodnym wid\u017cecie: dodawaj posty z opiniami, udost\u0119pnieniami lub wszystkimi dost\u0119pnymi reakcjami; kszta\u0142tuj obrazy i kolekcje wideo na stronie za pomoc\u0105 album\u00f3w na Facebooku.<\/li>\n<\/ul>\n<\/div>\n\n<div class=\"application-platform-content-item-features application-platform-content-item\" id=\"features\" data-nav-section=\"features\">\n<h2>G\u0142\u00f3wne funkcje wid\u017cetu Facebook Feed<\/h2>\n<p>4 opcje, dzi\u0119ki kt\u00f3rym nasz kana\u0142 na Facebooku staje si\u0119 warto\u015bciowym wid\u017cetem dla witryny Webflow.<\/p>\n<ul>\n    <li>Obs\u0142ugiwane 2 \u017ar\u00f3d\u0142a Facebooka: strony, profile;<\/li>\n    <li>Pokazuj zdj\u0119cia, albumy lub jedno i drugie;<\/li>\n    <li>Filmy z prze\u0142\u0105czalnymi informacjami: opis, liczba polubie\u0144, liczba komentarzy;<\/li>\n    <li>Pokazuj lub ukrywaj posty;<\/li>\n    <li>Wsparcie premium zapewniane przez profesjonalist\u00f3w.<\/li>\n<\/ul>\n<p><a href=\"#demo\">Wypr\u00f3buj wszystkie zalety w wersji demonstracyjnej na \u017cywo<\/a>.<\/p>\n<\/div>\n\n<div class=\"application-platform-content-item-installation application-platform-content-item\" id=\"installation\" data-nav-section=\"installation\">\n<h2>Jak doda\u0107 Facebooka do witryny Webflow<\/h2>\n<div class=\"video-container\"><iframe width=\"720\" height=\"405\" src=\"https:\/\/www.youtube.com\/embed\/8C87jPKdYWg\" frameborder=\"0\" allowfullscreen=\"\"><\/iframe><\/div>\n<p>Zapoznaj si\u0119 z nasz\u0105 instrukcj\u0105, aby doko\u0144czy\u0107 wstawianie wid\u017cetu na swoj\u0105 witryn\u0119. Realizacja zajmie nie wi\u0119cej ni\u017c kilka minut i nie wymaga umiej\u0119tno\u015bci programistycznych.<\/p>\n<ol>\n    <li><b>Stw\u00f3rz sw\u00f3j indywidualny Feed na Facebooku<\/b>.<br>Za pomoc\u0105 naszego bezp\u0142atnego konfiguratora wygeneruj wid\u017cet o po\u017c\u0105danym wygl\u0105dzie i ustawieniach.<\/li>\n    <li><b>Odbierz kod do konfiguracji wid\u017cetu<\/b>.<br>Po dostrojeniu wid\u017cetu uzyskaj kod wid\u017cetu Facebooka z wyskakuj\u0105cego okna w Elfsight Aplikacje.<\/li>\n    <li><b>Odkryj wid\u017cet na stronie Webflow<\/b>.<br>Wklej wid\u017cet w wymagane miejsce na stronie i opublikuj wyniki.<\/li>\n    <li><b>Osadzanie powiod\u0142o si\u0119!<\/b><br>Przejd\u017a do swojej witryny Webflow, aby sprawdzi\u0107 swoj\u0105 prac\u0119.<\/li>\n<\/ol>\n<p>Czy potrzebujesz dok\u0142adniejszej pomocy? Zapoznaj si\u0119 z <a href=\"https:\/\/elfsight.com\/tutorials\/how-to-add-facebook-feed-to-webflow\/\" target=\"_blank\" rel=\"noopener noreferrer\">pe\u0142nym przewodnikiem<\/a> lub napisz e-mail do centrum pomocy Elfsight, a my z przyjemno\u015bci\u0105 zapewnimy rozwi\u0105zanie.<\/p>\n<\/div>\n\n<div class=\"faq\" data-component=\"FAQ\">\n<div class=\"faq-item\">\r\n\t\t\t\t\t<div class=\"faq-item-question\">\r\n\t\t\t\t\t\t<h3 class=\"faq-item-question-text\">W jaki spos\u00f3b mog\u0119 doda\u0107 WhatsApp Chat do mojego Webflow bez kodowania?<\/h3>\r\n\r\n\t\t\t\t\t\t<div class=\"faq-item-question-icon\"><\/div>\r\n\t\t\t\t\t<\/div>\r\n\r\n\t\t\t\t\t<div class=\"faq-item-answer\">\r\n\t\t\t\t\t\t<div class=\"faq-item-answer-text\">\n<p>Firma Elfsight oferuje rozwi\u0105zanie SaaS, kt\u00f3re umo\u017cliwia w\u0142a\u015bcicielom witryn samodzielne utworzenie wtyczki WhatsApp Chat, zobacz prosty przewodnik: <\/p>\n<ul>\n    <li>Przejd\u017a do edytora online, aby utworzy\u0107 sekcj\u0119 czatu WhatsApp, kt\u00f3ra ma by\u0107 wy\u015bwietlana w witrynie Webflow.<\/li>\n    <li>Kliknij jeden z wielu gotowych szablon\u00f3w i dostosuj ustawienia czatu WhatsApp, zmie\u0144 uk\u0142ad i kolor element\u00f3w, do\u0142\u0105cz swoj\u0105 tre\u015b\u0107 bez znajomo\u015bci kodowania.<\/li>\n    <li>Zapisz czat WhatsApp i uzyskaj jego kod do osadzenia, kt\u00f3ry mo\u017cna \u0142atwo i bezp\u0142atnie osadzi\u0107 na stronie g\u0142\u00f3wnej Webflow.<\/li>\n<\/ul>\n<p>Korzystaj\u0105c z naszego \u0142atwego w obs\u0142udze konfiguratora, ka\u017cdy u\u017cytkownik Internetu mo\u017ce utworzy\u0107 sekcj\u0119 Czat WhatsApp i \u0142atwo osadzi\u0107 j\u0105 na swojej stronie internetowej Webflow. Aby uzyska\u0107 dost\u0119p do Edytora, nie musisz wykupi\u0107 p\u0142atnej subskrypcji ani podawa\u0107 danych swojej karty. Je\u015bli napotkasz jakiekolwiek przeszkody, \u015bmia\u0142o porozmawiaj z naszym zespo\u0142em pomocy.<\/p>\n<\/div>\r\n\t\t\t\t\t<\/div>\r\n\t\t\t\t<\/div>\n<\/div>","protected":false},"excerpt":{"rendered":"","protected":false},"author":9,"featured_media":0,"parent":1843,"menu_order":0,"comment_status":"closed","ping_status":"closed","template":"templates\/template-application-platform.php","meta":{"publish_to_discourse":"","publish_post_category":"","wpdc_auto_publish_overridden":"","wpdc_topic_tags":"","wpdc_pin_topic":"","wpdc_pin_until":"","discourse_post_id":"","discourse_permalink":"","wpdc_publishing_response":"","wpdc_publishing_error":"","footnotes":""},"class_list":["post-5061","page","type-page","status-publish","hentry"],"yoast_head":"<!-- This site is optimized with the Yoast SEO plugin v25.3.1 - https:\/\/yoast.com\/wordpress\/plugins\/seo\/ -->\n<title>Kana\u0142 Facebooka \u2014 dodaj wid\u017cet Facebooka do witryny Webflow<\/title>\n<meta name=\"description\" content=\"Poka\u017c najlepszy wid\u017cet kana\u0142u Facebook na swojej stronie internetowej Webflow. Wypr\u00f3buj nasz interaktywny edytor i zaprojektuj indywidualn\u0105 wtyczk\u0119 w zaledwie 2 minuty.\" \/>\n<meta name=\"robots\" content=\"index, follow, max-snippet:-1, max-image-preview:large, max-video-preview:-1\" \/>\n<link rel=\"canonical\" href=\"https:\/\/elfsight.com\/pl\/facebook-feed-widget\/webflow\/\" \/>\n<meta property=\"og:locale\" content=\"pl_PL\" \/>\n<meta property=\"og:type\" content=\"article\" \/>\n<meta property=\"og:title\" content=\"Kana\u0142 Facebooka \u2014 dodaj wid\u017cet Facebooka do witryny Webflow\" \/>\n<meta property=\"og:description\" content=\"Poka\u017c najlepszy wid\u017cet kana\u0142u Facebook na swojej stronie internetowej Webflow. Wypr\u00f3buj nasz interaktywny edytor i zaprojektuj indywidualn\u0105 wtyczk\u0119 w zaledwie 2 minuty.\" \/>\n<meta property=\"og:url\" content=\"https:\/\/elfsight.com\/pl\/facebook-feed-widget\/webflow\/\" \/>\n<meta property=\"og:site_name\" content=\"Elfsight PL\" \/>\n<meta property=\"article:modified_time\" content=\"2025-06-19T13:49:55+00:00\" \/>\n<meta name=\"twitter:card\" content=\"summary_large_image\" \/>\n<meta name=\"twitter:label1\" content=\"Szacowany czas czytania\" \/>\n\t<meta name=\"twitter:data1\" content=\"4 minuty\" \/>\n<!-- \/ Yoast SEO plugin. -->","yoast_head_json":{"title":"Kana\u0142 Facebooka \u2014 dodaj wid\u017cet Facebooka do witryny Webflow","description":"Poka\u017c najlepszy wid\u017cet kana\u0142u Facebook na swojej stronie internetowej Webflow. Wypr\u00f3buj nasz interaktywny edytor i zaprojektuj indywidualn\u0105 wtyczk\u0119 w zaledwie 2 minuty.","robots":{"index":"index","follow":"follow","max-snippet":"max-snippet:-1","max-image-preview":"max-image-preview:large","max-video-preview":"max-video-preview:-1"},"canonical":"https:\/\/elfsight.com\/pl\/facebook-feed-widget\/webflow\/","og_locale":"pl_PL","og_type":"article","og_title":"Kana\u0142 Facebooka \u2014 dodaj wid\u017cet Facebooka do witryny Webflow","og_description":"Poka\u017c najlepszy wid\u017cet kana\u0142u Facebook na swojej stronie internetowej Webflow. Wypr\u00f3buj nasz interaktywny edytor i zaprojektuj indywidualn\u0105 wtyczk\u0119 w zaledwie 2 minuty.","og_url":"https:\/\/elfsight.com\/pl\/facebook-feed-widget\/webflow\/","og_site_name":"Elfsight PL","article_modified_time":"2025-06-19T13:49:55+00:00","twitter_card":"summary_large_image","twitter_misc":{"Szacowany czas czytania":"4 minuty"},"schema":{"@context":"https:\/\/schema.org","@graph":[{"@type":"WebPage","@id":"https:\/\/elfsight.com\/pl\/facebook-feed-widget\/webflow\/","url":"https:\/\/elfsight.com\/pl\/facebook-feed-widget\/webflow\/","name":"Kana\u0142 Facebooka \u2014 dodaj wid\u017cet Facebooka do witryny Webflow","isPartOf":{"@id":"https:\/\/elfsight.com\/pl\/#website"},"datePublished":"2024-05-03T06:35:56+00:00","dateModified":"2025-06-19T13:49:55+00:00","description":"Poka\u017c najlepszy wid\u017cet kana\u0142u Facebook na swojej stronie internetowej Webflow. Wypr\u00f3buj nasz interaktywny edytor i zaprojektuj indywidualn\u0105 wtyczk\u0119 w zaledwie 2 minuty.","breadcrumb":{"@id":"https:\/\/elfsight.com\/pl\/facebook-feed-widget\/webflow\/#breadcrumb"},"inLanguage":"pl-PL","potentialAction":[{"@type":"ReadAction","target":["https:\/\/elfsight.com\/pl\/facebook-feed-widget\/webflow\/"]}]},{"@type":"BreadcrumbList","@id":"https:\/\/elfsight.com\/pl\/facebook-feed-widget\/webflow\/#breadcrumb","itemListElement":[{"@type":"ListItem","position":1,"name":"Home","item":"https:\/\/elfsight.com\/pl\/"},{"@type":"ListItem","position":2,"name":"Facebook Feed","item":"https:\/\/elfsight.com\/pl\/facebook-feed-widget\/"},{"@type":"ListItem","position":3,"name":"Facebook Feed &#8211; Webflow"}]},{"@type":"WebSite","@id":"https:\/\/elfsight.com\/pl\/#website","url":"https:\/\/elfsight.com\/pl\/","name":"Elfsight PL","description":"Just another Elfsight Sites site","potentialAction":[{"@type":"SearchAction","target":{"@type":"EntryPoint","urlTemplate":"https:\/\/elfsight.com\/pl\/?s={search_term_string}"},"query-input":{"@type":"PropertyValueSpecification","valueRequired":true,"valueName":"search_term_string"}}],"inLanguage":"pl-PL"}]}},"meta_box":{"industry":"","seo_heading":"","heading":"","description":"","cta_heading":"","cta_description":"","application":"1841","h1":"Widget kana\u0142u Facebook dla Webflow","h1_caption":"Osadzaj posty ze swojej strony na Facebooku, aby bez wysi\u0142ku informowa\u0107 odwiedzaj\u0105cych Twoj\u0105 witryn\u0119 o najnowszych aktualizacjach i aktualno\u015bciach w Twojej witrynie Webflow.","application_category":[],"applications_title":"","applications_request_title":"","applications_request_button_text":"","hero_text":"","hero_video":"","hero_video_schema_markup":"","selling_points_title":"","selling_points_caption":"","selling_points":[],"selling_points_cta_text":"","features_title":"","features":"","ed_cta_examples_text":"","ed_cta_examples_hidden":"","ed_cta_demo_text":"","ed_cta_demo_hidden":"","why_caption":"","why_editor_title":"","why_editor_text":"","why_team_title":"","why_team_text":"","why_service_title":"","why_service_text":"","template_catalog_visible":"0","template_catalog_title":"","template_catalog_text":"","template_catalog_categories_visible":"","demo_title":"Utw\u00f3rz wid\u017cet kana\u0142u Facebook","demo_caption":"Skonfiguruj sw\u00f3j kana\u0142 na Facebooku i dodaj go do swojej witryny Webflow za darmo!","default_faq_hidden":"","app_template_category":[],"platform":"127","template_public_id":"","codecanyon_url":"","codecanyon_item_id":"","codecanyon_price":"","pricing_caption":"","pricing_elfsight_apps_hide_column":"","pricing_elfsight_apps_url":"","pricing_codecanyon_price_caption":"","integration_category":[],"integration_request_title":"","integration_request_cta":"","integration_platform":"","integrations":[],"platform_category":[],"video_schema_markup":"","price":"od 0 USD \/ miesi\u0105c","trial":"","benefits":[{"text":"Bezp\u0142atna us\u0142uga monta\u017cu"},{"text":"Do\u015bwiadczona obs\u0142uga klienta"},{"text":"14-dniowa gwarancja zwrotu pieni\u0119dzy"}],"button_url":"#demo","button_target_blank":"0","button_nofollow":"0","attributes":[{"name":"Instaluje"},{"name":"Czu\u0142y"},{"name":"Kompatybilne przegl\u0105darki"}],"tags":[],"tags_disable_links":"0","hide_more_platforms":"0","video_object":"","demo_hide_cta":"0","demo_hide_cloud_options":"0","pricing_title":"","pricing":[{"pricing_icon":"platform","pricing_title":"Webflow widget","pricing_title_caption":"Niezale\u017cne od platformy rozwi\u0105zanie cyfrowe, kt\u00f3re dzia\u0142a na ka\u017cdej stronie internetowej","pricing_price":"od 0 USD \/ miesi\u0105c","pricing_price_caption":"zacznij od bezp\u0142atnego planu","pricing_benefits":[{"text":"Nieograniczona liczba stron internetowych"},{"text":"Wsparcie premium"},{"text":"Bezp\u0142atna us\u0142uga monta\u017cu"},{"text":"Specjalna oferta na wiele aplikacji"}],"pricing_button_text":"Dodaj do witryny","pricing_button_url":"#demo"}],"related_apps_title":"","related_apps_hidden":"0","author":"","image":[],"title":"","job":"","social_networks":[]},"_links":{"self":[{"href":"https:\/\/elfsight.com\/pl\/wp-json\/wp\/v2\/pages\/5061","targetHints":{"allow":["GET"]}}],"collection":[{"href":"https:\/\/elfsight.com\/pl\/wp-json\/wp\/v2\/pages"}],"about":[{"href":"https:\/\/elfsight.com\/pl\/wp-json\/wp\/v2\/types\/page"}],"author":[{"embeddable":true,"href":"https:\/\/elfsight.com\/pl\/wp-json\/wp\/v2\/users\/9"}],"replies":[{"embeddable":true,"href":"https:\/\/elfsight.com\/pl\/wp-json\/wp\/v2\/comments?post=5061"}],"version-history":[{"count":3,"href":"https:\/\/elfsight.com\/pl\/wp-json\/wp\/v2\/pages\/5061\/revisions"}],"predecessor-version":[{"id":10125,"href":"https:\/\/elfsight.com\/pl\/wp-json\/wp\/v2\/pages\/5061\/revisions\/10125"}],"up":[{"embeddable":true,"href":"https:\/\/elfsight.com\/pl\/wp-json\/wp\/v2\/pages\/1843"}],"wp:attachment":[{"href":"https:\/\/elfsight.com\/pl\/wp-json\/wp\/v2\/media?parent=5061"}],"curies":[{"name":"wp","href":"https:\/\/api.w.org\/{rel}","templated":true}]}}