{"id":5055,"date":"2024-05-03T06:35:54","date_gmt":"2024-05-03T06:35:54","guid":{"rendered":"https:\/\/elfsight.com\/pl\/?page_id=5055"},"modified":"2024-11-14T12:50:08","modified_gmt":"2024-11-14T12:50:08","slug":"weebly","status":"publish","type":"page","link":"https:\/\/elfsight.com\/pl\/facebook-feed-widget\/weebly\/","title":{"rendered":"Facebook Feed &#8211; Weebly"},"content":{"rendered":"<div class=\"application-platform-content-item-description application-platform-content-item\" id=\"description\" data-nav-section=\"description\"><h2>Opis<\/h2><p>Zaprezentuj swoj\u0105 stron\u0119 na Facebooku w naszej wielofunkcyjnej aplikacji \u2013 Facebook Feed. Posty, filmy, zdj\u0119cia \u2013 upewnij si\u0119, \u017ce Twoi czytelnicy nigdy nie przegapi\u0105 \u017cadnej wiadomo\u015bci od Ciebie. Atrakcyjny wygl\u0105d z prawdziwymi elementami Facebooka nie pozostanie niezauwa\u017cony i przyczyni si\u0119 nie tylko do zatrzymania obecnych klient\u00f3w na stronie, ale tak\u017ce do zdobycia nowych subskrybent\u00f3w Facebooka.<\/p><p><b>Podnie\u015b komunikacj\u0119 z klientem na niespotykany dot\u0105d poziom za pomoc\u0105 aplikacji Weebly Facebook.<\/b><\/p><ul><li><b>Zwi\u0119ksz konwersj\u0119 w swojej witrynie nawet o 125%<\/b>.<br>Zastosuj element zaufania spo\u0142ecznego w swojej witrynie, aby zdoby\u0107 wi\u0119cej klient\u00f3w. Pozw\u00f3l swoim czytelnikom odkry\u0107 Twoj\u0105 mark\u0119 na Facebooku i zdoby\u0107 ich zaufanie, co przyczyni si\u0119 do wyr\u00f3wnywania Twojej konwersji.<\/li><li><b>Zwi\u0119ksz poziom subskrybent\u00f3w Facebooka na Twojej stronie<\/b>.<br>Przekszta\u0142\u0107 witryn\u0119 odwiedzaj\u0105cych do subskrybent\u00f3w Facebooka. Stw\u00f3rz atrakcyjn\u0105 aplikacj\u0119 ze swoim profilem i wstaw j\u0105 na stron\u0119, aby ka\u017cdy u\u017cytkownik m\u00f3g\u0142 obserwowa\u0107 Twoj\u0105 stron\u0119.<\/li><li><b>1 wtyczka do wszystkich tre\u015bci na Facebooku<\/b>.<br>Wszystkie informacje z Facebooka w jednej wtyczce: prezentuj wiadomo\u015bci za pomoc\u0105 komentarzy, polubie\u0144 lub reakcji na Facebooku; generuj kolekcje zdj\u0119\u0107 i film\u00f3w w serwisie za pomoc\u0105 album\u00f3w na Facebooku.<\/li><\/ul><\/div><div class=\"application-platform-content-item-features application-platform-content-item\" id=\"features\" data-nav-section=\"features\"><h2>Funkcje<\/h2><p>Kilka zalet, kt\u00f3re odmieni\u0105 Tw\u00f3j Facebook w cenn\u0105 aplikacj\u0119 dla witryny Weebly.<\/p><ul><li>Obs\u0142ugiwane 2 \u017ar\u00f3d\u0142a Facebooka: strony, profile;<\/li><li>Konfigurowalny nag\u0142\u00f3wek z regulowanymi elementami: zdj\u0119cie na ok\u0142adce, akcje, zdj\u0119cie strony, polubienia count;<\/li><li>Przyciski Lubi\u0119 to i Udost\u0119pnij w nag\u0142\u00f3wku;<\/li><li>Pokazuj lub ukrywaj posty;<\/li><li>Wygodny i intuicyjny edytor bez konieczno\u015bci kodowania.<\/li><\/ul><p><a href=\"#demo\">Zobacz wszystkie zalety demonstracji na \u017cywo<\/a>.<\/p><\/div><div class=\"application-platform-content-item-installation application-platform-content-item\" id=\"installation\" data-nav-section=\"installation\"><h2>Jak zintegrowa\u0107 Facebooka z Witryna Weebly<\/h2><div class=\"video-container\"><iframe width=\"720\" height=\"405\" src=\"https:\/\/www.youtube.com\/embed\/GoHbo68g1GE\" frameborder=\"0\" allowfullscreen><\/iframe><\/div><p>Post\u0119puj zgodnie z nasz\u0105 instrukcj\u0105, aby zako\u0144czy\u0107 dodawanie. Przejrzenie go zajmie tylko 1 minut\u0119 i nie wymaga do\u015bwiadczenia w programowaniu.<\/p><ol><li><b>Zarz\u0105dzaj naszym darmowym edytorem i zacznij tworzy\u0107 swoj\u0105 unikaln\u0105 aplikacj\u0119. <\/b><br> Wybierz po\u017c\u0105dany interfejs i aspekty aplikacji i zapisz wszystkie modyfikacje. <\/li> <li><b>Odbierz sw\u00f3j unikalny kod, kt\u00f3ry pojawi si\u0119 w polu aplikacji Elfsight. <\/b><br> Zaraz po zako\u0144czeniu konfiguracji aplikacji skopiuj indywidualny kod z wy\u015bwietlonego wyskakuj\u0105cego okienka i zachowaj go na p\u00f3\u017aniej. <\/li> <li><b>Rozpocznij korzystanie z aplikacji w swojej witrynie Weebly. <\/b><br> Wstaw kod, kt\u00f3ry ostatnio zapisa\u0142e\u015b na swojej stronie internetowej i zapisz zmiany. <\/li> <li><b>Gotowe! Integracja zosta\u0142a w pe\u0142ni wykonana. <\/b><br> Odwied\u017a swoj\u0105 stron\u0119 internetow\u0105, aby sprawdzi\u0107, jak dzia\u0142a aplikacja. <\/li><\/ol><p>Czy potrzebujesz bardziej szczeg\u00f3\u0142owego wsparcia? Zobacz, czy potrzebujesz bardziej szczeg\u00f3\u0142owego wsparcia? Zobacz <a href=\"https:\/\/elfsight.com\/tutorials\/how-to-add-facebook-feed-to-weebly\/\" target=\"_blank\" rel=\"noopener noreferrer\">szczeg\u00f3\u0142ow\u0105 instrukcj\u0119<\/a> lub skontaktuj si\u0119 z naszym dzia\u0142em obs\u0142ugi klienta, a ch\u0119tnie udzielimy odpowiedzi.<\/div>","protected":false},"excerpt":{"rendered":"","protected":false},"author":9,"featured_media":0,"parent":1843,"menu_order":0,"comment_status":"closed","ping_status":"closed","template":"templates\/template-application-platform.php","meta":{"publish_to_discourse":"","publish_post_category":"","wpdc_auto_publish_overridden":"","wpdc_topic_tags":"","wpdc_pin_topic":"","wpdc_pin_until":"","discourse_post_id":"","discourse_permalink":"","wpdc_publishing_response":"","wpdc_publishing_error":"","footnotes":""},"class_list":["post-5055","page","type-page","status-publish","hentry"],"yoast_head":"<!-- This site is optimized with the Yoast SEO plugin v25.3.1 - https:\/\/yoast.com\/wordpress\/plugins\/seo\/ -->\n<title>Kana\u0142 Facebooka \u2014 dodaj aplikacj\u0119 Facebook do witryny Weebly<\/title>\n<meta name=\"description\" content=\"Umie\u015b\u0107 najlepsz\u0105 aplikacj\u0119 do obs\u0142ugi kana\u0142\u00f3w Facebook w swojej witrynie Weebly. Odkryj nasz interaktywny edytor i skonstruuj niestandardow\u0105 wtyczk\u0119 w zaledwie 3 minuty.\" \/>\n<meta name=\"robots\" content=\"index, follow, max-snippet:-1, max-image-preview:large, max-video-preview:-1\" \/>\n<link rel=\"canonical\" href=\"https:\/\/elfsight.com\/pl\/facebook-feed-widget\/weebly\/\" \/>\n<meta property=\"og:locale\" content=\"pl_PL\" \/>\n<meta property=\"og:type\" content=\"article\" \/>\n<meta property=\"og:title\" content=\"Kana\u0142 Facebooka \u2014 dodaj aplikacj\u0119 Facebook do witryny Weebly\" \/>\n<meta property=\"og:description\" content=\"Umie\u015b\u0107 najlepsz\u0105 aplikacj\u0119 do obs\u0142ugi kana\u0142\u00f3w Facebook w swojej witrynie Weebly. Odkryj nasz interaktywny edytor i skonstruuj niestandardow\u0105 wtyczk\u0119 w zaledwie 3 minuty.\" \/>\n<meta property=\"og:url\" content=\"https:\/\/elfsight.com\/pl\/facebook-feed-widget\/weebly\/\" \/>\n<meta property=\"og:site_name\" content=\"Elfsight PL\" \/>\n<meta property=\"article:modified_time\" content=\"2024-11-14T12:50:08+00:00\" \/>\n<meta name=\"twitter:card\" content=\"summary_large_image\" \/>\n<meta name=\"twitter:label1\" content=\"Szacowany czas czytania\" \/>\n\t<meta name=\"twitter:data1\" content=\"2 minuty\" \/>\n<!-- \/ Yoast SEO plugin. -->","yoast_head_json":{"title":"Kana\u0142 Facebooka \u2014 dodaj aplikacj\u0119 Facebook do witryny Weebly","description":"Umie\u015b\u0107 najlepsz\u0105 aplikacj\u0119 do obs\u0142ugi kana\u0142\u00f3w Facebook w swojej witrynie Weebly. Odkryj nasz interaktywny edytor i skonstruuj niestandardow\u0105 wtyczk\u0119 w zaledwie 3 minuty.","robots":{"index":"index","follow":"follow","max-snippet":"max-snippet:-1","max-image-preview":"max-image-preview:large","max-video-preview":"max-video-preview:-1"},"canonical":"https:\/\/elfsight.com\/pl\/facebook-feed-widget\/weebly\/","og_locale":"pl_PL","og_type":"article","og_title":"Kana\u0142 Facebooka \u2014 dodaj aplikacj\u0119 Facebook do witryny Weebly","og_description":"Umie\u015b\u0107 najlepsz\u0105 aplikacj\u0119 do obs\u0142ugi kana\u0142\u00f3w Facebook w swojej witrynie Weebly. Odkryj nasz interaktywny edytor i skonstruuj niestandardow\u0105 wtyczk\u0119 w zaledwie 3 minuty.","og_url":"https:\/\/elfsight.com\/pl\/facebook-feed-widget\/weebly\/","og_site_name":"Elfsight PL","article_modified_time":"2024-11-14T12:50:08+00:00","twitter_card":"summary_large_image","twitter_misc":{"Szacowany czas czytania":"2 minuty"},"schema":{"@context":"https:\/\/schema.org","@graph":[{"@type":"WebPage","@id":"https:\/\/elfsight.com\/pl\/facebook-feed-widget\/weebly\/","url":"https:\/\/elfsight.com\/pl\/facebook-feed-widget\/weebly\/","name":"Kana\u0142 Facebooka \u2014 dodaj aplikacj\u0119 Facebook do witryny Weebly","isPartOf":{"@id":"https:\/\/elfsight.com\/pl\/#website"},"datePublished":"2024-05-03T06:35:54+00:00","dateModified":"2024-11-14T12:50:08+00:00","description":"Umie\u015b\u0107 najlepsz\u0105 aplikacj\u0119 do obs\u0142ugi kana\u0142\u00f3w Facebook w swojej witrynie Weebly. Odkryj nasz interaktywny edytor i skonstruuj niestandardow\u0105 wtyczk\u0119 w zaledwie 3 minuty.","breadcrumb":{"@id":"https:\/\/elfsight.com\/pl\/facebook-feed-widget\/weebly\/#breadcrumb"},"inLanguage":"pl-PL","potentialAction":[{"@type":"ReadAction","target":["https:\/\/elfsight.com\/pl\/facebook-feed-widget\/weebly\/"]}]},{"@type":"BreadcrumbList","@id":"https:\/\/elfsight.com\/pl\/facebook-feed-widget\/weebly\/#breadcrumb","itemListElement":[{"@type":"ListItem","position":1,"name":"Home","item":"https:\/\/elfsight.com\/pl\/"},{"@type":"ListItem","position":2,"name":"Facebook Feed","item":"https:\/\/elfsight.com\/pl\/facebook-feed-widget\/"},{"@type":"ListItem","position":3,"name":"Facebook Feed &#8211; Weebly"}]},{"@type":"WebSite","@id":"https:\/\/elfsight.com\/pl\/#website","url":"https:\/\/elfsight.com\/pl\/","name":"Elfsight PL","description":"Just another Elfsight Sites site","potentialAction":[{"@type":"SearchAction","target":{"@type":"EntryPoint","urlTemplate":"https:\/\/elfsight.com\/pl\/?s={search_term_string}"},"query-input":{"@type":"PropertyValueSpecification","valueRequired":true,"valueName":"search_term_string"}}],"inLanguage":"pl-PL"}]}},"meta_box":{"industry":"","seo_heading":"","heading":"","description":"","cta_heading":"","cta_description":"","application":"1841","h1":"Aplikacja Facebook Feed dla Weebly","h1_caption":"Osadzaj posty ze swojej strony na Facebooku, aby bez wysi\u0142ku odwiedzaj\u0105cy Twoj\u0105 witryn\u0119 informowali o najnowszych aktualizacjach i aktualno\u015bciach w Twojej witrynie Weebly.","application_category":[],"applications_title":"","applications_request_title":"","applications_request_button_text":"","hero_text":"","hero_video":"","hero_video_schema_markup":"","selling_points_title":"","selling_points_caption":"","selling_points":[],"selling_points_cta_text":"","features_title":"","features":"","ed_cta_examples_text":"","ed_cta_examples_hidden":"","ed_cta_demo_text":"","ed_cta_demo_hidden":"","why_caption":"","why_editor_title":"","why_editor_text":"","why_team_title":"","why_team_text":"","why_service_title":"","why_service_text":"","template_catalog_visible":"","template_catalog_title":"","template_catalog_text":"","template_catalog_categories_visible":"","demo_title":"Utw\u00f3rz aplikacj\u0119 do obs\u0142ugi kana\u0142\u00f3w na Facebooku","demo_caption":"Skonfiguruj sw\u00f3j kana\u0142 na Facebooku i dodaj go do swojej witryny Weebly za darmo!","default_faq_hidden":"","app_template_category":[],"platform":"132","template_public_id":"","codecanyon_url":"","codecanyon_item_id":"","codecanyon_price":"","pricing_caption":"","pricing_elfsight_apps_hide_column":"","pricing_elfsight_apps_url":"","pricing_codecanyon_price_caption":"","integration_category":[],"integration_request_title":"","integration_request_cta":"","integration_platform":"","integrations":[],"platform_category":[],"video_schema_markup":"","price":"od 0 USD \/ miesi\u0105c","trial":"","benefits":[{"text":"Bezp\u0142atna us\u0142uga monta\u017cu"},{"text":"Kompetentna obs\u0142uga klienta"},{"text":"14-dniowa gwarancja zwrotu pieni\u0119dzy"}],"button_url":"#demo","button_target_blank":"","button_nofollow":"","attributes":[{"name":"Instaluje"},{"name":"Czu\u0142y"},{"name":"Kompatybilne przegl\u0105darki"}],"tags":[],"tags_disable_links":"","hide_more_platforms":"","video_object":"","demo_hide_cta":"","demo_hide_cloud_options":"","pricing_title":"","pricing":[{"pricing_icon":"cloud","pricing_title":"Elfsight Apps","pricing_title_caption":"Oprogramowanie wieloplatformowe, kt\u00f3re pasuje do ka\u017cdej witryny","pricing_price":"od 0 USD \/ miesi\u0105c","pricing_price_caption":"Zacznij od bezp\u0142atnego planu","pricing_benefits":[{"text":"Nielimitowane domeny"},{"text":"Bezp\u0142atne i terminowe wsparcie oraz dobrze udokumentowane"},{"text":"Bezp\u0142atna pomoc w instalacji"},{"text":"100% konfigurowalny"}],"pricing_button_text":"Dodaj do witryny","pricing_button_url":"#demo"}],"related_apps_title":"","related_apps_hidden":"","author":"","image":[],"title":"","job":"","social_networks":[]},"_links":{"self":[{"href":"https:\/\/elfsight.com\/pl\/wp-json\/wp\/v2\/pages\/5055","targetHints":{"allow":["GET"]}}],"collection":[{"href":"https:\/\/elfsight.com\/pl\/wp-json\/wp\/v2\/pages"}],"about":[{"href":"https:\/\/elfsight.com\/pl\/wp-json\/wp\/v2\/types\/page"}],"author":[{"embeddable":true,"href":"https:\/\/elfsight.com\/pl\/wp-json\/wp\/v2\/users\/9"}],"replies":[{"embeddable":true,"href":"https:\/\/elfsight.com\/pl\/wp-json\/wp\/v2\/comments?post=5055"}],"version-history":[{"count":2,"href":"https:\/\/elfsight.com\/pl\/wp-json\/wp\/v2\/pages\/5055\/revisions"}],"predecessor-version":[{"id":7772,"href":"https:\/\/elfsight.com\/pl\/wp-json\/wp\/v2\/pages\/5055\/revisions\/7772"}],"up":[{"embeddable":true,"href":"https:\/\/elfsight.com\/pl\/wp-json\/wp\/v2\/pages\/1843"}],"wp:attachment":[{"href":"https:\/\/elfsight.com\/pl\/wp-json\/wp\/v2\/media?parent=5055"}],"curies":[{"name":"wp","href":"https:\/\/api.w.org\/{rel}","templated":true}]}}