{"id":5054,"date":"2024-05-03T06:35:53","date_gmt":"2024-05-03T06:35:53","guid":{"rendered":"https:\/\/elfsight.com\/pl\/?page_id=5054"},"modified":"2025-12-08T16:35:58","modified_gmt":"2025-12-08T16:35:58","slug":"wix","status":"publish","type":"page","link":"https:\/\/elfsight.com\/pl\/facebook-feed-widget\/wix\/","title":{"rendered":"Facebook Feed &#8211; Wix"},"content":{"rendered":"<div class=\"application-platform-content-item-description application-platform-content-item\" id=\"description\" data-nav-section=\"description\"><h2>Opis<\/h2><p>Poka\u017c swoj\u0105 stron\u0119 na Facebooku w naszej zaawansowanej aplikacji \u2013 Facebook Feed. Strony, filmy, zdj\u0119cia \u2013 mo\u017cesz mie\u0107 pewno\u015b\u0107, \u017ce Twoi odwiedzaj\u0105cy nigdy nie przegapi\u0105 \u017cadnego wpisu. Kusz\u0105cy wygl\u0105d z prawdziwymi elementami Facebooka nie mo\u017ce pozosta\u0107 niezauwa\u017cony i przyczyni si\u0119 nie tylko do zatrzymania obecnych czytelnik\u00f3w na stronie, ale tak\u017ce do zaanga\u017cowania nowych subskrybent\u00f3w Facebooka.<\/p><p><b>Zwi\u0119ksz zaanga\u017cowanie swojego klienta do ca\u0142kowicie nowy poziom za pomoc\u0105 aplikacji Wix Facebook.<\/b><\/p><ul><li><b>Zbuduj silny wizerunek swojej marki w\u015br\u00f3d u\u017cytkownik\u00f3w<\/b>.<br>Firma posiadaj\u0105ca aktywne konta w sieciach spo\u0142eczno\u015bciowych cieszy si\u0119 o 78% wi\u0119kszym zaufaniem w\u015br\u00f3d czytelnik\u00f3w. Skorzystaj ze swojej strony na Facebooku w witrynie, aby mie\u0107 pewno\u015b\u0107, \u017ce kontakt z Twoj\u0105 firm\u0105 jest prawdziwy i bezpieczny.<\/li><li><b>Zwi\u0119ksz liczb\u0119 subskrybent\u00f3w Facebooka na swojej stronie<\/b>.<br> Zmie\u0144 odwiedzaj\u0105cych witryn\u0119 w subskrybent\u00f3w Facebooka. Stw\u00f3rz efektywn\u0105 aplikacj\u0119 ze swoim profilem i zaprezentuj j\u0105 na stronie, tak aby ka\u017cdy u\u017cytkownik mia\u0142 szans\u0119 zasubskrybowa\u0107 Twoj\u0105 stron\u0119.<\/li><li><b>1 widget Facebooka zamiast 3<\/b>.<br>Ca\u0142a zawarto\u015b\u0107 Facebooka w por\u0119cznym wid\u017cecie: wy\u015bwietlaj publikacje z komentarzami, udost\u0119pnieniami lub wszystkimi dost\u0119pnymi reakcjami; generuj galerie zdj\u0119\u0107 i wideo na stronie z zawarto\u015bci swoich album\u00f3w na Facebooku.<\/li><\/ul><div class=\"faq\" data-component=\"FAQ\"> <div class=\"faq-item\">\r\n\t\t\t\t\t<div class=\"faq-item-question\">\r\n\t\t\t\t\t\t<h3 class=\"faq-item-question-text\">Czy s\u0105 jakie\u015b inne narz\u0119dzia dla Wix, kt\u00f3re mog\u0119 osadzi\u0107 na mojej stronie? <\/h3>\r\n\r\n\t\t\t\t\t\t<div class=\"faq-item-question-icon\"><\/div>\r\n\t\t\t\t\t<\/div>\r\n\r\n\t\t\t\t\t<div class=\"faq-item-answer\">\r\n\t\t\t\t\t\t<div class=\"faq-item-answer-text\"> <p>Mo\u017cesz przetestowa\u0107 mn\u00f3stwo wid\u017cet\u00f3w do dowolnych cel\u00f3w na swojej stronie internetowej, niezale\u017cnie od sfery biznesowej. Sprawd\u017a niekt\u00f3re z najciekawszych aplikacji: <a href=\"https:\/\/elfsight.com\/pdf-embed-widget\/wix\/\">PDF Embed<\/a>, <a href=\"https:\/\/elfsight.com \/instagram-feed-instashow\/wix\/\">Kana\u0142 na Instagramie<\/a>, <a href=\"https:\/\/elfsight.com\/google-reviews-widget\/wix\/\">Recenzje Google<\/a>, <a href=\"https:\/\/elfsight.com\/whatsapp-chat-widget\/wix\/\">Czat WhatsApp<\/a>, <a href=\"https:\/\/elfsight.com\/popup-widget\/wix\/\">Wyskakuj\u0105ce okienko <\/a>.<\/p> <\/div>\r\n\t\t\t\t\t<\/div>\r\n\t\t\t\t<\/div> <div class=\"faq-item\">\r\n\t\t\t\t\t<div class=\"faq-item-question\">\r\n\t\t\t\t\t\t<h3 class=\"faq-item-question-text\">W jaki spos\u00f3b mog\u0119 doda\u0107 wid\u017cet Kana\u0142 Facebooka do mojej witryny? <\/h3>\r\n\r\n\t\t\t\t\t\t<div class=\"faq-item-question-icon\"><\/div>\r\n\t\t\t\t\t<\/div>\r\n\r\n\t\t\t\t\t<div class=\"faq-item-answer\">\r\n\t\t\t\t\t\t<div class=\"faq-item-answer-text\"> <p>Mo\u017cesz \u0142atwo osadzi\u0107 wid\u017cet Kana\u0142 Facebooka w swojej witrynie internetowej, aby to zademonstrowa\u0107 Twoje najciekawsze zdj\u0119cia i posty. Po prostu przejd\u017a do panelu administratora i wykonaj nast\u0119puj\u0105ce kroki: <\/p><ol><li>Wybierz ustawienia motywu. <\/li><li>Znajd\u017a cz\u0119\u015b\u0107, w kt\u00f3rej chcesz zaimplementowa\u0107 kana\u0142 Facebook. <\/li><li>Osad\u017a sw\u00f3j kod z aplikacji Elfsight i zapisz zmiany. <\/li><li>Gotowe. <\/li><\/ol><p><a href=\"https:\/\/elfsight.com\/tutorials\/how-to-add-facebook-feed-to-any-website\/#wix-facebook-feed\"> Tutaj<\/a> znajdziesz wi\u0119cej szczeg\u00f3\u0142\u00f3w na temat dzia\u0142ania wid\u017cetu.<\/p><\/div>\r\n\t\t\t\t\t<\/div>\r\n\t\t\t\t<\/div> <div class=\"faq-item\">\r\n\t\t\t\t\t<div class=\"faq-item-question\">\r\n\t\t\t\t\t\t<h3 class=\"faq-item-question-text\">Czy istnieje spos\u00f3b, aby zobaczy\u0107 sw\u00f3j wid\u017cet Wix Facebook Feed, gdy jest u\u017cywany? <\/h3>\r\n\r\n\t\t\t\t\t\t<div class=\"faq-item-question-icon\"><\/div>\r\n\t\t\t\t\t<\/div>\r\n\r\n\t\t\t\t\t<div class=\"faq-item-answer\">\r\n\t\t\t\t\t\t<div class=\"faq-item-answer-text\"> <p>Ty mo\u017cesz z \u0142atwo\u015bci\u0105 obserwowa\u0107 wszystkie cechy funkcjonalne wid\u017cetu w naszym aktywnym <a href=\"https:\/\/elfsight.com\/facebook-feed-widget\/#demo\">demo<\/a>. Pami\u0119taj, \u017ce mo\u017cesz go r\u00f3wnie\u017c u\u017cy\u0107 do dodania wid\u017cetu kana\u0142u Facebook do swojej witryny!<\/p> <\/div>\r\n\t\t\t\t\t<\/div>\r\n\t\t\t\t<\/div> <\/div><\/div><div class=\"application-platform-content-item-features application-platform-content-item\" id=\"features\" data-nav-section=\"features\"><h2>Funkcje<\/h2><p>Kluczowe zalety, kt\u00f3re przekszta\u0142caj\u0105 nasz kana\u0142 na Facebooku w warto\u015bciow\u0105 aplikacj\u0119 dla witryny Wix.<\/p><ul><li>3 typy tre\u015bci na Facebooku, kt\u00f3re mo\u017cna wy\u015bwietli\u0107: posty, filmy i zdj\u0119cia z albumami;<\/li><li>Poka\u017c zdj\u0119cia, albumy lub jedno i drugie;<\/li><li>Regulowana szeroko\u015b\u0107 i wysoko\u015b\u0107;<\/li><li>Poka\u017c lub ukryj menu;<\/li><li>Regulowany czas pami\u0119ci podr\u0119cznej.<\/li> <\/ul><p><a href=\"#demo\">Przetestuj wszystkie funkcje w wersji demonstracyjnej na \u017cywo<\/a><\/p><\/div><div class=\"application-platform-content-item-installation application-platform-content-item\" id=\"installation\" data-nav-section=\"installation\"><h2>Jak doda\u0107 Facebooka aplikacja na witryn\u0119 Wix<\/h2><div class=\"video-container\">\n<iframe width=\"720\" height=\"405\" src=\"https:\/\/www.youtube.com\/embed\/KsF2KvlSQfE?si=8dNmlWyGobzNRQbT\" frameborder=\"0\" allowfullscreen=\"\"><\/iframe>\n<\/div><p>Post\u0119puj zgodnie z nasz\u0105 instrukcj\u0105, aby zako\u0144czy\u0107 dodawanie. Realizacja zajmie nie wi\u0119cej ni\u017c minut\u0119 i nie wymaga umiej\u0119tno\u015bci programowania.<\/p><ol><li><b>Kup widget na rynku Wix<\/b>.<br><a href=\"https:\/\/www.wix.com\/app-market\/facebook-feed-1\/overview\" target=\"_blank\" rel=\"noopener noreferrer\">Otw\u00f3rz stron\u0119<\/a> w aplikacji Facebook Feed i naci\u015bnij \u00abDodaj do Przycisk Witryna\u00bb.<\/li><li><b>Wstaw wid\u017cet do witryny<\/b>.<br>W wyskakuj\u0105cym oknie przejd\u017a do \u201eOtw\u00f3rz edytor\u201d i umie\u015b\u0107 wid\u017cet na dowolnej stronie.<\/li><li><b>Skonfiguruj sw\u00f3j widget<\/b>.<br>Dokonaj niezb\u0119dnych zmian parametr\u00f3w interfejsu i dodaj dane do wy\u015bwietlania. Zastosuj wszystkie zmiany.<\/li><li><b>Zako\u0144czy\u0142e\u015b instalacj\u0119 pomy\u015blnie<\/b>.<br>Odwied\u017a witryn\u0119 Wix, aby zobaczy\u0107 sw\u00f3j wid\u017cet na Facebooku<\/li><\/ol><p>Czy potrzebujesz dok\u0142adniejszej pomocy? Zapoznaj si\u0119 z <a href=\"https:\/\/elfsight.com\/tutorials\/how-to-add-facebook-feed-to-wix\/\" target=\"_blank\" rel=\"noopener noreferrer\">obszerny samouczek<\/a> lub skontaktuj si\u0119 z obs\u0142ug\u0105 klienta Elfsight, a my z przyjemno\u015bci\u0105 znajdziemy rozwi\u0105zanie.<\/p><\/div>","protected":false},"excerpt":{"rendered":"","protected":false},"author":9,"featured_media":0,"parent":1843,"menu_order":0,"comment_status":"closed","ping_status":"closed","template":"templates\/template-application-platform.php","meta":{"publish_to_discourse":"","publish_post_category":"","wpdc_auto_publish_overridden":"","wpdc_topic_tags":"","wpdc_pin_topic":"","wpdc_pin_until":"","discourse_post_id":"","discourse_permalink":"","wpdc_publishing_response":"","wpdc_publishing_error":"","footnotes":""},"class_list":["post-5054","page","type-page","status-publish","hentry"],"yoast_head":"<!-- This site is optimized with the Yoast SEO plugin v25.3.1 - https:\/\/yoast.com\/wordpress\/plugins\/seo\/ -->\n<title>Kana\u0142 Facebooka \u2014 dodaj aplikacj\u0119 Facebook do witryny Wix<\/title>\n<meta name=\"description\" content=\"Zintegruj responsywn\u0105 aplikacj\u0119 Facebook Feed na swojej stronie Wix. Wypr\u00f3buj interaktywne demo Elfsight i skonfiguruj niestandardowy widget w zaledwie 1 minut\u0119.\" \/>\n<meta name=\"robots\" content=\"index, follow, max-snippet:-1, max-image-preview:large, max-video-preview:-1\" \/>\n<link rel=\"canonical\" href=\"https:\/\/elfsight.com\/pl\/facebook-feed-widget\/wix\/\" \/>\n<meta property=\"og:locale\" content=\"pl_PL\" \/>\n<meta property=\"og:type\" content=\"article\" \/>\n<meta property=\"og:title\" content=\"Kana\u0142 Facebooka \u2014 dodaj aplikacj\u0119 Facebook do witryny Wix\" \/>\n<meta property=\"og:description\" content=\"Zintegruj responsywn\u0105 aplikacj\u0119 Facebook Feed na swojej stronie Wix. Wypr\u00f3buj interaktywne demo Elfsight i skonfiguruj niestandardowy widget w zaledwie 1 minut\u0119.\" \/>\n<meta property=\"og:url\" content=\"https:\/\/elfsight.com\/pl\/facebook-feed-widget\/wix\/\" \/>\n<meta property=\"og:site_name\" content=\"Elfsight PL\" \/>\n<meta property=\"article:modified_time\" content=\"2025-12-08T16:35:58+00:00\" \/>\n<meta name=\"twitter:card\" content=\"summary_large_image\" \/>\n<meta name=\"twitter:label1\" content=\"Szacowany czas czytania\" \/>\n\t<meta name=\"twitter:data1\" content=\"4 minuty\" \/>\n<!-- \/ Yoast SEO plugin. -->","yoast_head_json":{"title":"Kana\u0142 Facebooka \u2014 dodaj aplikacj\u0119 Facebook do witryny Wix","description":"Zintegruj responsywn\u0105 aplikacj\u0119 Facebook Feed na swojej stronie Wix. Wypr\u00f3buj interaktywne demo Elfsight i skonfiguruj niestandardowy widget w zaledwie 1 minut\u0119.","robots":{"index":"index","follow":"follow","max-snippet":"max-snippet:-1","max-image-preview":"max-image-preview:large","max-video-preview":"max-video-preview:-1"},"canonical":"https:\/\/elfsight.com\/pl\/facebook-feed-widget\/wix\/","og_locale":"pl_PL","og_type":"article","og_title":"Kana\u0142 Facebooka \u2014 dodaj aplikacj\u0119 Facebook do witryny Wix","og_description":"Zintegruj responsywn\u0105 aplikacj\u0119 Facebook Feed na swojej stronie Wix. Wypr\u00f3buj interaktywne demo Elfsight i skonfiguruj niestandardowy widget w zaledwie 1 minut\u0119.","og_url":"https:\/\/elfsight.com\/pl\/facebook-feed-widget\/wix\/","og_site_name":"Elfsight PL","article_modified_time":"2025-12-08T16:35:58+00:00","twitter_card":"summary_large_image","twitter_misc":{"Szacowany czas czytania":"4 minuty"},"schema":{"@context":"https:\/\/schema.org","@graph":[{"@type":"WebPage","@id":"https:\/\/elfsight.com\/pl\/facebook-feed-widget\/wix\/","url":"https:\/\/elfsight.com\/pl\/facebook-feed-widget\/wix\/","name":"Kana\u0142 Facebooka \u2014 dodaj aplikacj\u0119 Facebook do witryny Wix","isPartOf":{"@id":"https:\/\/elfsight.com\/pl\/#website"},"datePublished":"2024-05-03T06:35:53+00:00","dateModified":"2025-12-08T16:35:58+00:00","description":"Zintegruj responsywn\u0105 aplikacj\u0119 Facebook Feed na swojej stronie Wix. Wypr\u00f3buj interaktywne demo Elfsight i skonfiguruj niestandardowy widget w zaledwie 1 minut\u0119.","breadcrumb":{"@id":"https:\/\/elfsight.com\/pl\/facebook-feed-widget\/wix\/#breadcrumb"},"inLanguage":"pl-PL","potentialAction":[{"@type":"ReadAction","target":["https:\/\/elfsight.com\/pl\/facebook-feed-widget\/wix\/"]}]},{"@type":"BreadcrumbList","@id":"https:\/\/elfsight.com\/pl\/facebook-feed-widget\/wix\/#breadcrumb","itemListElement":[{"@type":"ListItem","position":1,"name":"Home","item":"https:\/\/elfsight.com\/pl\/"},{"@type":"ListItem","position":2,"name":"Facebook Feed","item":"https:\/\/elfsight.com\/pl\/facebook-feed-widget\/"},{"@type":"ListItem","position":3,"name":"Facebook Feed &#8211; Wix"}]},{"@type":"WebSite","@id":"https:\/\/elfsight.com\/pl\/#website","url":"https:\/\/elfsight.com\/pl\/","name":"Elfsight PL","description":"Just another Elfsight Sites site","potentialAction":[{"@type":"SearchAction","target":{"@type":"EntryPoint","urlTemplate":"https:\/\/elfsight.com\/pl\/?s={search_term_string}"},"query-input":{"@type":"PropertyValueSpecification","valueRequired":true,"valueName":"search_term_string"}}],"inLanguage":"pl-PL"}]}},"meta_box":{"industry":"","seo_heading":"","heading":"","description":"","cta_heading":"","cta_description":"","application":"1841","h1":"Aplikacja Facebook Feed dla Wix","h1_caption":"Osadzaj posty ze swojej strony na Facebooku, aby bez wysi\u0142ku zainteresowa\u0107 odwiedzaj\u0105cych Twoj\u0105 witryn\u0119 najnowszymi aktualizacjami i aktualno\u015bciami na Twojej stronie Wix.","application_category":[],"applications_title":"","applications_request_title":"","applications_request_button_text":"","hero_text":"","hero_video":"","hero_video_schema_markup":"","selling_points_title":"","selling_points_caption":"","selling_points":[],"selling_points_cta_text":"","features_title":"","features":"","ed_cta_examples_text":"","ed_cta_examples_hidden":"","ed_cta_demo_text":"","ed_cta_demo_hidden":"","why_caption":"","why_editor_title":"","why_editor_text":"","why_team_title":"","why_team_text":"","why_service_title":"","why_service_text":"","template_catalog_visible":"0","template_catalog_title":"","template_catalog_text":"","template_catalog_categories_visible":"","demo_title":"Utw\u00f3rz aplikacj\u0119 do obs\u0142ugi kana\u0142\u00f3w na Facebooku","demo_caption":"Skonfiguruj sw\u00f3j kana\u0142 na Facebooku i dodaj go do swojej witryny Wix za darmo!","default_faq_hidden":"","app_template_category":[],"platform":"30","template_public_id":"","codecanyon_url":"","codecanyon_item_id":"","codecanyon_price":"","pricing_caption":"","pricing_elfsight_apps_hide_column":"","pricing_elfsight_apps_url":"","pricing_codecanyon_price_caption":"","integration_category":[],"integration_request_title":"","integration_request_cta":"","integration_platform":"","integrations":[],"platform_category":[],"video_schema_markup":"","price":"od 0 USD \/ miesi\u0105c","trial":"","benefits":[{"text":"Bezp\u0142atna pomoc w instalacji"},{"text":"Kompetentna obs\u0142uga klienta"},{"text":"14-dniowa gwarancja zwrotu pieni\u0119dzy"}],"button_url":"#demo","button_target_blank":"0","button_nofollow":"0","attributes":[{"name":"Instaluje"},{"name":"Czu\u0142y"},{"name":"Kompatybilne przegl\u0105darki"}],"tags":[],"tags_disable_links":"0","hide_more_platforms":"0","video_object":"","demo_hide_cta":"0","demo_hide_cloud_options":"0","pricing_title":"","pricing":[{"pricing_icon":"cloud","pricing_title":"Elfsight Apps","pricing_title_caption":"Wieloplatformowe rozwi\u0105zanie cyfrowe","pricing_price":"od 0 USD \/ miesi\u0105c","pricing_price_caption":"Zacznij od bezp\u0142atnego planu","pricing_benefits":[{"text":"Nieograniczona liczba stron internetowych"},{"text":"Dedykowana obs\u0142uga klienta"},{"text":"Bezp\u0142atna pomoc w monta\u017cu"},{"text":"Specjalna cena za wiele aplikacji"}],"pricing_button_text":"Dodaj do witryny","pricing_button_url":"#demo"}],"related_apps_title":"","related_apps_hidden":"0","author":"","image":[],"title":"","job":"","social_networks":[]},"_links":{"self":[{"href":"https:\/\/elfsight.com\/pl\/wp-json\/wp\/v2\/pages\/5054","targetHints":{"allow":["GET"]}}],"collection":[{"href":"https:\/\/elfsight.com\/pl\/wp-json\/wp\/v2\/pages"}],"about":[{"href":"https:\/\/elfsight.com\/pl\/wp-json\/wp\/v2\/types\/page"}],"author":[{"embeddable":true,"href":"https:\/\/elfsight.com\/pl\/wp-json\/wp\/v2\/users\/9"}],"replies":[{"embeddable":true,"href":"https:\/\/elfsight.com\/pl\/wp-json\/wp\/v2\/comments?post=5054"}],"version-history":[{"count":3,"href":"https:\/\/elfsight.com\/pl\/wp-json\/wp\/v2\/pages\/5054\/revisions"}],"predecessor-version":[{"id":10818,"href":"https:\/\/elfsight.com\/pl\/wp-json\/wp\/v2\/pages\/5054\/revisions\/10818"}],"up":[{"embeddable":true,"href":"https:\/\/elfsight.com\/pl\/wp-json\/wp\/v2\/pages\/1843"}],"wp:attachment":[{"href":"https:\/\/elfsight.com\/pl\/wp-json\/wp\/v2\/media?parent=5054"}],"curies":[{"name":"wp","href":"https:\/\/api.w.org\/{rel}","templated":true}]}}