{"id":5053,"date":"2024-05-03T06:35:52","date_gmt":"2024-05-03T06:35:52","guid":{"rendered":"https:\/\/elfsight.com\/pl\/?page_id=5053"},"modified":"2025-06-19T13:49:02","modified_gmt":"2025-06-19T13:49:02","slug":"squarespace","status":"publish","type":"page","link":"https:\/\/elfsight.com\/pl\/facebook-feed-widget\/squarespace\/","title":{"rendered":"Facebook Feed &#8211; Squarespace"},"content":{"rendered":"<div class=\"application-platform-content-item-description application-platform-content-item\" id=\"description\" data-nav-section=\"description\">\n<h2>Osad\u017a produkt na platformie za pomoc\u0105 wid\u017cetu Elfsight<\/h2>\n<p>Poka\u017c sw\u00f3j kana\u0142 na Facebooku w naszym zaawansowanym wid\u017cecie \u2013 **Kana\u0142 na Facebooku**. Strony, filmy, zdj\u0119cia \u2013 mo\u017cesz mie\u0107 pewno\u015b\u0107, \u017ce Twoi u\u017cytkownicy nie pomin\u0105 ani jednego wpisu. Stylowy interfejs z prawdziwymi szczeg\u00f3\u0142ami Facebooka nie pozostanie niezauwa\u017cony i pomo\u017ce nie tylko zatrzyma\u0107 obecnych czytelnik\u00f3w na stronie, ale tak\u017ce znale\u017a\u0107 nowych subskrybent\u00f3w Facebooka.<\/p>\n<p><b>Podnie\u015b zaanga\u017cowanie swoich klient\u00f3w na nowy poziom za pomoc\u0105 wid\u017cetu Squarespace na Facebooku.<\/b><\/p>\n<ul>\n    <li><b>Spraw, aby odwiedzaj\u0105cy pozostali na stronie<\/b>.<br>Wstaw komponenty spo\u0142eczno\u015bciowe i interaktywne, kt\u00f3re wzbudz\u0105 zainteresowanie odwiedzaj\u0105cych, aby zatrzyma\u0107 ich na stronie i bardziej szczeg\u00f3\u0142owo zaprezentowa\u0107 swoje produkty lub us\u0142ugi.<\/li>\n    <li><b>Reklamuj sw\u00f3j profil na Facebooku<\/b>.<br>Pokazuj kana\u0142 Facebooka nie tylko widzom w mediach spo\u0142eczno\u015bciowych, ale tak\u017ce dla wiod\u0105cych czytelnik\u00f3w z witryny na Twoj\u0105 stron\u0119 na Facebooku. Wstaw zauwa\u017calne posty lub zdj\u0119cia, aby ju\u017c teraz zacz\u0105\u0107 zbiera\u0107 nowych subskrybent\u00f3w!<\/li>\n    <li><b>Jeden widget Facebooka zamiast trzech<\/b>.<br>Wszystkie dane Facebooka w unikalnym wid\u017cecie: pokazuj posty z komentarzami, udost\u0119pnienia lub inne reakcje; pobieraj zdj\u0119cia i listy film\u00f3w na stron\u0119 internetow\u0105 z album\u00f3w na Facebooku.<\/li>\n<\/ul>\n\n<div class=\"faq\" data-component=\"FAQ\">\n    <div class=\"faq-item\">\r\n\t\t\t\t\t<div class=\"faq-item-question\">\r\n\t\t\t\t\t\t<h3 class=\"faq-item-question-text\">Jakie dok\u0142adnie inne wid\u017cety dla Squarespace masz?<\/h3>\r\n\r\n\t\t\t\t\t\t<div class=\"faq-item-question-icon\"><\/div>\r\n\t\t\t\t\t<\/div>\r\n\r\n\t\t\t\t\t<div class=\"faq-item-answer\">\r\n\t\t\t\t\t\t<div class=\"faq-item-answer-text\">\n    <p>Na naszej stronie jest ich ca\u0142a masa wtyczek i wid\u017cet\u00f3w, dzi\u0119ki kt\u00f3rym mo\u017cesz wykona\u0107 dowolne zadanie na swojej stronie internetowej. Przekonaj si\u0119 sam: <a href=\"https:\/\/elfsight.com\/qr-code-widget\/squarespace\/\">Kod QR<\/a>, <a href=\"https:\/\/elfsight.com\/google-reviews-widget\/squarespace\/\">Recenzje Google<\/a>, <a href=\"https:\/\/elfsight.com\/whatsapp-chat-widget\/squarespace\/\">Czat WhatsApp<\/a>, <a href=\"https:\/\/elfsight.com\/event-calendar-widget\/squarespace\/\">Kalendarz wydarze\u0144<\/a>, <a href=\"https:\/\/elfsight.com\/countdown-timer-widget\/squarespace\/\">Licznik czasu<\/a>.<\/p>\n    <\/div>\r\n\t\t\t\t\t<\/div>\r\n\t\t\t\t<\/div>\n\n    <div class=\"faq-item\">\r\n\t\t\t\t\t<div class=\"faq-item-question\">\r\n\t\t\t\t\t\t<h3 class=\"faq-item-question-text\">Jak osadzi\u0107 wtyczk\u0119 kana\u0142u Facebook w mojej witrynie Squarespace?<\/h3>\r\n\r\n\t\t\t\t\t\t<div class=\"faq-item-question-icon\"><\/div>\r\n\t\t\t\t\t<\/div>\r\n\r\n\t\t\t\t\t<div class=\"faq-item-answer\">\r\n\t\t\t\t\t\t<div class=\"faq-item-answer-text\">\n    <p>Mo\u017cesz doda\u0107 wid\u017cet Kana\u0142 Facebooka do swojej witryny Squarespace, aby wy\u015bwietla\u0107 interaktywny kana\u0142 ze zdj\u0119ciami i posty. Po prostu otw\u00f3rz panel administratora i wykonaj nast\u0119puj\u0105ce czynno\u015bci:<\/p>\n    <ol>\n        <li>Wybierz ustawienia motywu.<\/li>\n        <li>Wybierz element, w kt\u00f3rym chcesz osadzi\u0107 kana\u0142 Facebooka.<\/li>\n        <li>Wklej sw\u00f3j kod z us\u0142ugi Elfsight Apps i zapisz zmiany.<\/li>\n        <li>To proste.<\/li>\n    <\/ol>\n    <p>Nie zapomnij zapozna\u0107 si\u0119 z naszym szczeg\u00f3\u0142owym przewodnikiem instalacji <a href=\"https:\/\/elfsight.com\/tutorials\/how-to-add-facebook-feed-to-any-website\/#squarespace-facebook-feed\">tutaj<\/a>.<\/p>\n    <\/div>\r\n\t\t\t\t\t<\/div>\r\n\t\t\t\t<\/div>\n\n    <div class=\"faq-item\">\r\n\t\t\t\t\t<div class=\"faq-item-question\">\r\n\t\t\t\t\t\t<h3 class=\"faq-item-question-text\">Jak mog\u0119 sprawdzi\u0107 dzia\u0142anie wtyczki Squarespace Facebook Feed?<\/h3>\r\n\r\n\t\t\t\t\t\t<div class=\"faq-item-question-icon\"><\/div>\r\n\t\t\t\t\t<\/div>\r\n\r\n\t\t\t\t\t<div class=\"faq-item-answer\">\r\n\t\t\t\t\t\t<div class=\"faq-item-answer-text\">\n    <p>Nie mo\u017cesz tylko przegl\u0105da\u0107, ale tak\u017ce przetestowa\u0107 wszystkie funkcje wtyczki Facebooka w naszym <a href=\"https:\/\/elfsight.com\/facebook-feed-widget\/#demo\">demo<\/a> na \u017cywo, a tak\u017ce jeste\u015b bezp\u0142atny, aby od razu osadzi\u0107 wtyczk\u0119 na swojej stronie internetowej!<\/p>\n    <\/div>\r\n\t\t\t\t\t<\/div>\r\n\t\t\t\t<\/div>\n<\/div>\n<\/div>\n\n<div class=\"application-platform-content-item-features application-platform-content-item\" id=\"features\" data-nav-section=\"features\">\n<h2>G\u0142\u00f3wne funkcje wid\u017cetu Kana\u0142 na Facebooku<\/h2>\n<p>Niekt\u00f3re cechy, dzi\u0119ki kt\u00f3rym nasz kana\u0142 na Facebooku staje si\u0119 niezb\u0119dnym wid\u017cetem dla witryny Squarespace.<\/p>\n<ul>\n    <li>Obs\u0142ugiwane 2 \u017ar\u00f3d\u0142a Facebooka: strony, profile;<\/li>\n    <li>Konfigurowalny nag\u0142\u00f3wek z regulowanymi elementami: zdj\u0119cie na ok\u0142adce, akcje, zdj\u0119cie strony, liczba polubie\u0144;<\/li>\n    <li>Posty z prze\u0142\u0105czalnymi informacjami: autor, liczba polubie\u0144, liczba udost\u0119pnie\u0144, przycisk udost\u0119pniania;<\/li>\n    <li>Zmienny limit post\u00f3w;<\/li>\n    <li>Wsparcie premium zapewniane przez profesjonalist\u00f3w.<\/li>\n<\/ul>\n<p><a href=\"#demo\">Sprawd\u017a wszystkie funkcje w wersji demonstracyjnej na \u017cywo<\/a>.<\/p>\n<\/div>\n\n<div class=\"application-platform-content-item-installation application-platform-content-item\" id=\"installation\" data-nav-section=\"installation\">\n<h2>Jak osadzi\u0107 Facebooka w witrynie Squarespace<\/h2>\n<div class=\"video-container\"><iframe width=\"720\" height=\"405\" src=\"https:\/\/www.youtube.com\/embed\/ceiwC1azkyI\" frameborder=\"0\" allowfullscreen=\"\"><\/iframe><\/div>\n<p>Przeczytaj nasz poradnik, aby zako\u0144czy\u0107 instalacj\u0119. Trwa to kr\u00f3cej ni\u017c 3 minuty i nie wymaga umiej\u0119tno\u015bci programowania.<\/p>\n<ol>\n    <li><b>Stw\u00f3rz sw\u00f3j osobisty kana\u0142 na Facebooku<\/b>.<br>Korzystaj\u0105c z naszego bezp\u0142atnego konfiguratora, utw\u00f3rz wid\u017cet z niezb\u0119dnym uk\u0142adem i mo\u017cliwo\u015bciami.<\/li>\n    <li><b>Uzyskaj kod do instalacji wid\u017cetu<\/b>.<br>Po wygenerowaniu wid\u017cetu odbierz kod wid\u017cetu Facebooka z pojawiaj\u0105cego si\u0119 okna aplikacji Elfsight.<\/li>\n    <li><b>Wy\u015bwietl wid\u017cet na swojej stronie internetowej<\/b>.<br>Osad\u017a wid\u017cet w wybranym miejscu witryny i zapisz wyniki.<\/li>\n    <li><b>Instalacja jest gotowa<\/b>.<br>Przejd\u017a do witryny SquareSpace, aby zobaczy\u0107 sw\u00f3j wid\u017cet.<\/li>\n<\/ol>\n<p>Czy potrzebujesz bardziej szczeg\u00f3\u0142owej pomocy? Przeczytaj <a href=\"https:\/\/elfsight.com\/tutorials\/how-to-add-facebook-feed-to-squarespace\/\" target=\"_blank\" rel=\"noopener noreferrer\">pe\u0142n\u0105 instrukcj\u0119<\/a> lub zostaw wiadomo\u015b\u0107 naszemu dzia\u0142owi obs\u0142ugi klienta, a my z przyjemno\u015bci\u0105 znajdziemy odpowied\u017a.<\/p>\n<\/div>","protected":false},"excerpt":{"rendered":"","protected":false},"author":9,"featured_media":0,"parent":1843,"menu_order":0,"comment_status":"closed","ping_status":"closed","template":"templates\/template-application-platform.php","meta":{"publish_to_discourse":"","publish_post_category":"","wpdc_auto_publish_overridden":"","wpdc_topic_tags":"","wpdc_pin_topic":"","wpdc_pin_until":"","discourse_post_id":"","discourse_permalink":"","wpdc_publishing_response":"","wpdc_publishing_error":"","footnotes":""},"class_list":["post-5053","page","type-page","status-publish","hentry"],"yoast_head":"<!-- This site is optimized with the Yoast SEO plugin v25.3.1 - https:\/\/yoast.com\/wordpress\/plugins\/seo\/ -->\n<title>Kana\u0142 Facebooka \u2014 osadzaj wid\u017cet Facebooka na stronie internetowej Squarespace<\/title>\n<meta name=\"description\" content=\"Umie\u015b\u0107 responsywny wid\u017cet kana\u0142u Facebook na swojej stronie internetowej Squarespace. Przetestuj elastyczny konstruktor Elfsight i utw\u00f3rz wtyczk\u0119 w zaledwie 1 minut\u0119.\" \/>\n<meta name=\"robots\" content=\"index, follow, max-snippet:-1, max-image-preview:large, max-video-preview:-1\" \/>\n<link rel=\"canonical\" href=\"https:\/\/elfsight.com\/pl\/facebook-feed-widget\/squarespace\/\" \/>\n<meta property=\"og:locale\" content=\"pl_PL\" \/>\n<meta property=\"og:type\" content=\"article\" \/>\n<meta property=\"og:title\" content=\"Kana\u0142 Facebooka \u2014 osadzaj wid\u017cet Facebooka na stronie internetowej Squarespace\" \/>\n<meta property=\"og:description\" content=\"Umie\u015b\u0107 responsywny wid\u017cet kana\u0142u Facebook na swojej stronie internetowej Squarespace. Przetestuj elastyczny konstruktor Elfsight i utw\u00f3rz wtyczk\u0119 w zaledwie 1 minut\u0119.\" \/>\n<meta property=\"og:url\" content=\"https:\/\/elfsight.com\/pl\/facebook-feed-widget\/squarespace\/\" \/>\n<meta property=\"og:site_name\" content=\"Elfsight PL\" \/>\n<meta property=\"article:modified_time\" content=\"2025-06-19T13:49:02+00:00\" \/>\n<meta name=\"twitter:card\" content=\"summary_large_image\" \/>\n<meta name=\"twitter:label1\" content=\"Szacowany czas czytania\" \/>\n\t<meta name=\"twitter:data1\" content=\"4 minuty\" \/>\n<!-- \/ Yoast SEO plugin. -->","yoast_head_json":{"title":"Kana\u0142 Facebooka \u2014 osadzaj wid\u017cet Facebooka na stronie internetowej Squarespace","description":"Umie\u015b\u0107 responsywny wid\u017cet kana\u0142u Facebook na swojej stronie internetowej Squarespace. Przetestuj elastyczny konstruktor Elfsight i utw\u00f3rz wtyczk\u0119 w zaledwie 1 minut\u0119.","robots":{"index":"index","follow":"follow","max-snippet":"max-snippet:-1","max-image-preview":"max-image-preview:large","max-video-preview":"max-video-preview:-1"},"canonical":"https:\/\/elfsight.com\/pl\/facebook-feed-widget\/squarespace\/","og_locale":"pl_PL","og_type":"article","og_title":"Kana\u0142 Facebooka \u2014 osadzaj wid\u017cet Facebooka na stronie internetowej Squarespace","og_description":"Umie\u015b\u0107 responsywny wid\u017cet kana\u0142u Facebook na swojej stronie internetowej Squarespace. Przetestuj elastyczny konstruktor Elfsight i utw\u00f3rz wtyczk\u0119 w zaledwie 1 minut\u0119.","og_url":"https:\/\/elfsight.com\/pl\/facebook-feed-widget\/squarespace\/","og_site_name":"Elfsight PL","article_modified_time":"2025-06-19T13:49:02+00:00","twitter_card":"summary_large_image","twitter_misc":{"Szacowany czas czytania":"4 minuty"},"schema":{"@context":"https:\/\/schema.org","@graph":[{"@type":"WebPage","@id":"https:\/\/elfsight.com\/pl\/facebook-feed-widget\/squarespace\/","url":"https:\/\/elfsight.com\/pl\/facebook-feed-widget\/squarespace\/","name":"Kana\u0142 Facebooka \u2014 osadzaj wid\u017cet Facebooka na stronie internetowej Squarespace","isPartOf":{"@id":"https:\/\/elfsight.com\/pl\/#website"},"datePublished":"2024-05-03T06:35:52+00:00","dateModified":"2025-06-19T13:49:02+00:00","description":"Umie\u015b\u0107 responsywny wid\u017cet kana\u0142u Facebook na swojej stronie internetowej Squarespace. Przetestuj elastyczny konstruktor Elfsight i utw\u00f3rz wtyczk\u0119 w zaledwie 1 minut\u0119.","breadcrumb":{"@id":"https:\/\/elfsight.com\/pl\/facebook-feed-widget\/squarespace\/#breadcrumb"},"inLanguage":"pl-PL","potentialAction":[{"@type":"ReadAction","target":["https:\/\/elfsight.com\/pl\/facebook-feed-widget\/squarespace\/"]}]},{"@type":"BreadcrumbList","@id":"https:\/\/elfsight.com\/pl\/facebook-feed-widget\/squarespace\/#breadcrumb","itemListElement":[{"@type":"ListItem","position":1,"name":"Home","item":"https:\/\/elfsight.com\/pl\/"},{"@type":"ListItem","position":2,"name":"Facebook Feed","item":"https:\/\/elfsight.com\/pl\/facebook-feed-widget\/"},{"@type":"ListItem","position":3,"name":"Facebook Feed &#8211; Squarespace"}]},{"@type":"WebSite","@id":"https:\/\/elfsight.com\/pl\/#website","url":"https:\/\/elfsight.com\/pl\/","name":"Elfsight PL","description":"Just another Elfsight Sites site","potentialAction":[{"@type":"SearchAction","target":{"@type":"EntryPoint","urlTemplate":"https:\/\/elfsight.com\/pl\/?s={search_term_string}"},"query-input":{"@type":"PropertyValueSpecification","valueRequired":true,"valueName":"search_term_string"}}],"inLanguage":"pl-PL"}]}},"meta_box":{"industry":"","seo_heading":"","heading":"","description":"","cta_heading":"","cta_description":"","application":"1841","h1":"Wid\u017cet kana\u0142u Facebook dla Squarespace","h1_caption":"Osadzaj posty ze swojej strony na Facebooku, aby bez wysi\u0142ku informowa\u0107 odwiedzaj\u0105cych Twoj\u0105 witryn\u0119 o najnowszych aktualizacjach i aktualno\u015bciach na Twojej stronie Squarespace.","application_category":[],"applications_title":"","applications_request_title":"","applications_request_button_text":"","hero_text":"","hero_video":"","hero_video_schema_markup":"","selling_points_title":"","selling_points_caption":"","selling_points":[],"selling_points_cta_text":"","features_title":"","features":"","ed_cta_examples_text":"","ed_cta_examples_hidden":"","ed_cta_demo_text":"","ed_cta_demo_hidden":"","why_caption":"","why_editor_title":"","why_editor_text":"","why_team_title":"","why_team_text":"","why_service_title":"","why_service_text":"","template_catalog_visible":"0","template_catalog_title":"","template_catalog_text":"","template_catalog_categories_visible":"","demo_title":"Utw\u00f3rz wtyczk\u0119 kana\u0142u Facebook","demo_caption":"Skonfiguruj sw\u00f3j kana\u0142 na Facebooku i dodaj go do swojej witryny Squarespace za darmo!","default_faq_hidden":"","app_template_category":[],"platform":"7588","template_public_id":"","codecanyon_url":"","codecanyon_item_id":"","codecanyon_price":"","pricing_caption":"","pricing_elfsight_apps_hide_column":"","pricing_elfsight_apps_url":"","pricing_codecanyon_price_caption":"","integration_category":[],"integration_request_title":"","integration_request_cta":"","integration_platform":"","integrations":[],"platform_category":[],"video_schema_markup":"","price":"od 0 USD \/ miesi\u0105c","trial":"","benefits":[{"text":"Bezp\u0142atna pomoc w monta\u017cu"},{"text":"Profesjonalna obs\u0142uga klienta"},{"text":"14-dniowa gwarancja zwrotu pieni\u0119dzy"}],"button_url":"#demo","button_target_blank":"0","button_nofollow":"0","attributes":[{"name":"Instaluje"},{"name":"Czu\u0142y"},{"name":"Kompatybilne przegl\u0105darki"}],"tags":[],"tags_disable_links":"0","hide_more_platforms":"0","video_object":"","demo_hide_cta":"0","demo_hide_cloud_options":"0","pricing_title":"","pricing":[{"pricing_icon":"platform","pricing_title":"Elfsight Apps","pricing_title_caption":"Wieloplatformowe rozwi\u0105zanie cyfrowe, kt\u00f3re dzia\u0142a na ka\u017cdej stronie","pricing_price":"od 0 USD \/ miesi\u0105c","pricing_price_caption":"zacznij od bezp\u0142atnego planu","pricing_benefits":[{"text":"Nielimitowane strony internetowe"},{"text":"Bezp\u0142atna pomoc w monta\u017cu"},{"text":"Szybka obs\u0142uga klienta i dobrze udokumentowana"},{"text":"Elastyczny projekt"}],"pricing_button_text":"Dodaj do witryny","pricing_button_url":"#demo"}],"related_apps_title":"","related_apps_hidden":"0","author":"","image":[],"title":"","job":"","social_networks":[]},"_links":{"self":[{"href":"https:\/\/elfsight.com\/pl\/wp-json\/wp\/v2\/pages\/5053","targetHints":{"allow":["GET"]}}],"collection":[{"href":"https:\/\/elfsight.com\/pl\/wp-json\/wp\/v2\/pages"}],"about":[{"href":"https:\/\/elfsight.com\/pl\/wp-json\/wp\/v2\/types\/page"}],"author":[{"embeddable":true,"href":"https:\/\/elfsight.com\/pl\/wp-json\/wp\/v2\/users\/9"}],"replies":[{"embeddable":true,"href":"https:\/\/elfsight.com\/pl\/wp-json\/wp\/v2\/comments?post=5053"}],"version-history":[{"count":4,"href":"https:\/\/elfsight.com\/pl\/wp-json\/wp\/v2\/pages\/5053\/revisions"}],"predecessor-version":[{"id":10124,"href":"https:\/\/elfsight.com\/pl\/wp-json\/wp\/v2\/pages\/5053\/revisions\/10124"}],"up":[{"embeddable":true,"href":"https:\/\/elfsight.com\/pl\/wp-json\/wp\/v2\/pages\/1843"}],"wp:attachment":[{"href":"https:\/\/elfsight.com\/pl\/wp-json\/wp\/v2\/media?parent=5053"}],"curies":[{"name":"wp","href":"https:\/\/api.w.org\/{rel}","templated":true}]}}