{"id":505,"date":"2020-11-20T08:43:13","date_gmt":"2020-11-20T08:43:13","guid":{"rendered":"https:\/\/elfsight.com\/pl\/?page_id=505"},"modified":"2021-04-21T13:46:53","modified_gmt":"2021-04-21T13:46:53","slug":"unbounce-integrations","status":"publish","type":"page","link":"https:\/\/elfsight.com\/pl\/unbounce-integrations\/","title":{"rendered":"Unbounce integrations"},"content":{"rendered":"\n<h2>Najdoskonalsze integracje Elfsight dla aktualizacji twojej strony internetowej Unbounce<\/h2>\n\n<p>Na przestrzeni dziewi\u0119ciu lat nasz zesp\u00f3\u0142 specjalist\u00f3w Elfsight stwarza przyjazne dla u\u017cytkownika i personalizowane rozszerzenia chmurowe dla Twojej firmy. Zapewniamy wsparcie premium oraz szybko\u015b\u0107 wczytywania. Wid\u017cety Elfsight pomagaj\u0105 w\u0142a\u015bcicielom stron internetowych, edukacyjnych oraz wielu innym na ca\u0142ym \u015bwiecie sprosta\u0107 g\u0142\u00f3wnymi kwestiami wydajniej. \n<\/p>\n\n<p>A\u017ceby powi\u0119kszy\u0107 poziom sprzeda\u017cy, przedstawi\u0107 pozytywny feedback na Twoje produkty, zwi\u0119kszy\u0107 zaufanie do swojej marki, poprzez do\u0142\u0105czanie plugina do swojej witryny. Nasze plany abonamentowe s\u0105 w zakresie od bezp\u0142atnych do premium. Spr\u00f3buj zainstalowa\u0107 dowolnie wybrane rozszerzenia u\u017cywaj\u0105c naszej wersji demonstracyjnej i przekonaj si\u0119 jak bardzo to b\u0119dzie wa\u017cne w kwestii rozwoju serwisu www firmy. <\/p>\n\n<h2>Dlaczego nasze aplikacji Elfsight s\u0105 najlepszymi instrumentami dla Ciebie? <\/h2>\n\n<p> Oto jest lista silnych cech naszych wid\u017cet\u00f3w, kt\u00f3re umo\u017cliwiaj\u0105 nam wyprzedzi\u0107 konkurencj\u0119: <\/p>\n\n\n<ul>\n<li> Nieodp\u0142atna i szybka wsparcie przy dodaniu lub dostosowywanie widget\u00f3w; <\/li>\n<li> Zdolne do adaptacji do wszystkich rozdzielczo\u015bci stron internetowych i dostosowane do urz\u0105dze\u0144 mobilnych; <\/li>\n<li> Nie musisz uczy\u0107 si\u0119 programowa\u0107; <\/li>\n<li> Szeroka r\u00f3\u017cnorodno\u015b\u0107 opcji dostosowywania; <\/li>\n<li> Oparte na chmurze aplikacji pomagaj\u0105 zwi\u0119kszy\u0107 szybko\u015b\u0107 strony; <\/li>\n<li> Wszystkie aktualizacje s\u0105 nieodp\u0142atne i regularnie publikowane; <\/li>\n<li> Rozs\u0105dny zakres cen; <\/li>\n<li> Kompetentna pomoc z problemami klient\u00f3w. <\/li>\n<\/ul>\n\n<p> Poznaj wolne wersje Lite naszych widget\u00f3w i u\u017cywaj jej potencja\u0142 lub kup dowolne wymagane wtyczk\u0119 z 20% zni\u017ck\u0105. <\/p>\n\n\n<h2> Jak wstawi\u0107 integracj\u0119 na swojej stronie Web Unbounce <\/h2>\n\n<p> Aby wstawi\u0107 nasze dodatki, wykonaj wszystkie kroki z dok\u0142adnej instrukcji: <\/p>\n\n\n<ol>\n<li> Naci\u015bnij odpowiedni\u0105 wtyczk\u0119; <\/li>\n<li> Skonfiguruj wszystkie potrzebne zmiany; <\/li>\n<li> Zapisz zmiany; <\/li>\n<li> Kliknij otrzymany kod; <\/li>\n<li> Zainstaluj go w wymaganym miejscu Pa\u0144stwa strony lub szablonu; <\/li>\n<li> Zrobione! Masz zainstalowany plugin. <\/li>\n<\/ol>\n\n<p> Je\u015bli chcesz uzyska\u0107 pomoc, prosimy skontaktowa\u0107 si\u0119 z zespo\u0142em pomocy technicznej Elfsight. <\/p>\n","protected":false},"excerpt":{"rendered":"Najdoskonalsze integracje Elfsight dla aktualizacji twojej strony internetowej Unbounce Na przestrzeni dziewi\u0119ciu lat nasz zesp\u00f3\u0142 specjalist\u00f3w Elfsight stwarza przyjazne dla u\u017cytkownika i personalizowane rozszerzenia chmurowe dla Twojej firmy. Zapewniamy wsparcie premium oraz szybko\u015b\u0107 wczytywania. Wid\u017cety Elfsight pomagaj\u0105 w\u0142a\u015bcicielom stron internetowych, edukacyjnych oraz wielu innym na ca\u0142ym \u015bwiecie sprosta\u0107 g\u0142\u00f3wnymi kwestiami&#8230;","protected":false},"author":13,"featured_media":0,"parent":0,"menu_order":0,"comment_status":"closed","ping_status":"closed","template":"templates\/template-platform.php","meta":{"publish_to_discourse":"","publish_post_category":"","wpdc_auto_publish_overridden":"","wpdc_topic_tags":"","wpdc_pin_topic":"","wpdc_pin_until":"","discourse_post_id":"","discourse_permalink":"","wpdc_publishing_response":"","wpdc_publishing_error":"","footnotes":""},"class_list":["post-505","page","type-page","status-publish","hentry"],"yoast_head":"<!-- This site is optimized with the Yoast SEO plugin v25.3.1 - https:\/\/yoast.com\/wordpress\/plugins\/seo\/ -->\n<title>Ponad 80 darmowych Unbounce integracji dla strony internetowej<\/title>\n<meta name=\"description\" content=\"Odbi\u00f3r wypr\u00f3bowanych darmowych wtyczek dla twojej witryny sieci Web Unbounce. Pom\u00f3c przy personalizacji oraz rozbudowana gama mo\u017cliwo\u015bci.\" \/>\n<meta name=\"robots\" content=\"index, follow, max-snippet:-1, max-image-preview:large, max-video-preview:-1\" \/>\n<link rel=\"canonical\" href=\"https:\/\/elfsight.com\/pl\/unbounce-integrations\/\" \/>\n<meta property=\"og:locale\" content=\"pl_PL\" \/>\n<meta property=\"og:type\" content=\"article\" \/>\n<meta property=\"og:title\" content=\"Ponad 80 darmowych Unbounce integracji dla strony internetowej\" \/>\n<meta property=\"og:description\" content=\"Odbi\u00f3r wypr\u00f3bowanych darmowych wtyczek dla twojej witryny sieci Web Unbounce. Pom\u00f3c przy personalizacji oraz rozbudowana gama mo\u017cliwo\u015bci.\" \/>\n<meta property=\"og:url\" content=\"https:\/\/elfsight.com\/pl\/unbounce-integrations\/\" \/>\n<meta property=\"og:site_name\" content=\"Elfsight PL\" \/>\n<meta property=\"article:modified_time\" content=\"2021-04-21T13:46:53+00:00\" \/>\n<meta name=\"twitter:card\" content=\"summary_large_image\" \/>\n<meta name=\"twitter:label1\" content=\"Szacowany czas czytania\" \/>\n\t<meta name=\"twitter:data1\" content=\"1 minuta\" \/>\n<!-- \/ Yoast SEO plugin. -->","yoast_head_json":{"title":"Ponad 80 darmowych Unbounce integracji dla strony internetowej","description":"Odbi\u00f3r wypr\u00f3bowanych darmowych wtyczek dla twojej witryny sieci Web Unbounce. Pom\u00f3c przy personalizacji oraz rozbudowana gama mo\u017cliwo\u015bci.","robots":{"index":"index","follow":"follow","max-snippet":"max-snippet:-1","max-image-preview":"max-image-preview:large","max-video-preview":"max-video-preview:-1"},"canonical":"https:\/\/elfsight.com\/pl\/unbounce-integrations\/","og_locale":"pl_PL","og_type":"article","og_title":"Ponad 80 darmowych Unbounce integracji dla strony internetowej","og_description":"Odbi\u00f3r wypr\u00f3bowanych darmowych wtyczek dla twojej witryny sieci Web Unbounce. Pom\u00f3c przy personalizacji oraz rozbudowana gama mo\u017cliwo\u015bci.","og_url":"https:\/\/elfsight.com\/pl\/unbounce-integrations\/","og_site_name":"Elfsight PL","article_modified_time":"2021-04-21T13:46:53+00:00","twitter_card":"summary_large_image","twitter_misc":{"Szacowany czas czytania":"1 minuta"},"schema":{"@context":"https:\/\/schema.org","@graph":[{"@type":"WebPage","@id":"https:\/\/elfsight.com\/pl\/unbounce-integrations\/","url":"https:\/\/elfsight.com\/pl\/unbounce-integrations\/","name":"Ponad 80 darmowych Unbounce integracji dla strony internetowej","isPartOf":{"@id":"https:\/\/elfsight.com\/pl\/#website"},"datePublished":"2020-11-20T08:43:13+00:00","dateModified":"2021-04-21T13:46:53+00:00","description":"Odbi\u00f3r wypr\u00f3bowanych darmowych wtyczek dla twojej witryny sieci Web Unbounce. Pom\u00f3c przy personalizacji oraz rozbudowana gama mo\u017cliwo\u015bci.","breadcrumb":{"@id":"https:\/\/elfsight.com\/pl\/unbounce-integrations\/#breadcrumb"},"inLanguage":"pl-PL","potentialAction":[{"@type":"ReadAction","target":["https:\/\/elfsight.com\/pl\/unbounce-integrations\/"]}]},{"@type":"BreadcrumbList","@id":"https:\/\/elfsight.com\/pl\/unbounce-integrations\/#breadcrumb","itemListElement":[{"@type":"ListItem","position":1,"name":"Home","item":"https:\/\/elfsight.com\/pl\/"},{"@type":"ListItem","position":2,"name":"Unbounce integrations"}]},{"@type":"WebSite","@id":"https:\/\/elfsight.com\/pl\/#website","url":"https:\/\/elfsight.com\/pl\/","name":"Elfsight PL","description":"Just another Elfsight Sites site","potentialAction":[{"@type":"SearchAction","target":{"@type":"EntryPoint","urlTemplate":"https:\/\/elfsight.com\/pl\/?s={search_term_string}"},"query-input":{"@type":"PropertyValueSpecification","valueRequired":true,"valueName":"search_term_string"}}],"inLanguage":"pl-PL"}]}},"meta_box":{"industry":"","seo_heading":"","heading":"","description":"","cta_heading":"","cta_description":"","application":"","h1":"Najlepszi integracji Unbounce","h1_caption":"Darmowy zbi\u00f3r Plug&Play integracji wysokiej klasy z szerokim wachlarzem funkcji dla powi\u0119kszania aktywno\u015bci u\u017cytkownika oraz wype\u0142nienia wszystkich innych cel\u00f3w o charakterze handlowym. Szybkie integrowanie, szeroki zakres opcji dostosowywania oraz kompetentne wsparcie klienta.","application_category":[],"applications_title":"Przetestuj najlepsi integracji dla twojej strony www w\u015br\u00f3d wszystkich element\u00f3w interfejsu nieodp\u0142atnych w wersji Live Demo","applications_request_title":"Nie mo\u017cesz znale\u017a\u0107 odpowiedniej integracji?","applications_request_button_text":"Zam\u00f3w integracje","hero_text":"","hero_video":"","hero_video_schema_markup":"","selling_points_title":"","selling_points_caption":"","selling_points":[],"selling_points_cta_text":"","features_title":"","features":"","ed_cta_examples_text":"","ed_cta_examples_hidden":"","ed_cta_demo_text":"","ed_cta_demo_hidden":"","why_caption":"","why_editor_title":"","why_editor_text":"","why_team_title":"","why_team_text":"","why_service_title":"","why_service_text":"","template_catalog_visible":"","template_catalog_title":"","template_catalog_text":"","template_catalog_categories_visible":"","demo_title":"","demo_caption":"","default_faq_hidden":"","app_template_category":[],"platform":"502","template_public_id":"","codecanyon_url":"","codecanyon_item_id":"","codecanyon_price":"","pricing_caption":"","pricing_elfsight_apps_hide_column":"","pricing_elfsight_apps_url":"","pricing_codecanyon_price_caption":"","integration_category":[],"integration_request_title":"","integration_request_cta":"","integration_platform":"","integrations":[],"platform_category":[],"video_schema_markup":"","price":"","trial":"","benefits":[],"button_url":"","button_target_blank":"","button_nofollow":"","attributes":[],"tags":[],"tags_disable_links":"","hide_more_platforms":"","video_object":"","demo_hide_cta":"","demo_hide_cloud_options":"","pricing_title":"","pricing":[],"related_apps_title":"","related_apps_hidden":"","author":"","image":[],"title":"","job":"","social_networks":[]},"_links":{"self":[{"href":"https:\/\/elfsight.com\/pl\/wp-json\/wp\/v2\/pages\/505","targetHints":{"allow":["GET"]}}],"collection":[{"href":"https:\/\/elfsight.com\/pl\/wp-json\/wp\/v2\/pages"}],"about":[{"href":"https:\/\/elfsight.com\/pl\/wp-json\/wp\/v2\/types\/page"}],"author":[{"embeddable":true,"href":"https:\/\/elfsight.com\/pl\/wp-json\/wp\/v2\/users\/13"}],"replies":[{"embeddable":true,"href":"https:\/\/elfsight.com\/pl\/wp-json\/wp\/v2\/comments?post=505"}],"version-history":[{"count":2,"href":"https:\/\/elfsight.com\/pl\/wp-json\/wp\/v2\/pages\/505\/revisions"}],"predecessor-version":[{"id":507,"href":"https:\/\/elfsight.com\/pl\/wp-json\/wp\/v2\/pages\/505\/revisions\/507"}],"wp:attachment":[{"href":"https:\/\/elfsight.com\/pl\/wp-json\/wp\/v2\/media?parent=505"}],"curies":[{"name":"wp","href":"https:\/\/api.w.org\/{rel}","templated":true}]}}