{"id":5048,"date":"2024-05-03T06:35:51","date_gmt":"2024-05-03T06:35:51","guid":{"rendered":"https:\/\/elfsight.com\/pl\/?page_id=5048"},"modified":"2024-11-14T12:46:47","modified_gmt":"2024-11-14T12:46:47","slug":"jquery","status":"publish","type":"page","link":"https:\/\/elfsight.com\/pl\/facebook-feed-widget\/jquery\/","title":{"rendered":"Facebook Feed &#8211; jQuery"},"content":{"rendered":"<div class=\"application-platform-content-item-description application-platform-content-item\" id=\"description\" data-nav-section=\"description\"><h2>Opis<\/h2>Pokazuj swoje tre\u015bci z Facebooka w naszej pot\u0119\u017cnej wtyczce \u2013 Facebook Feed. Strony, filmy i zdj\u0119cia \u2013 mo\u017cesz mie\u0107 pewno\u015b\u0107, \u017ce Twoi czytelnicy nie przegapi\u0105 \u017cadnej wiadomo\u015bci. Elegancki wygl\u0105d z prawdziwymi elementami Facebooka nie pozostanie niezauwa\u017cony i pomo\u017ce nie tylko zatrzyma\u0107 obecnych klient\u00f3w na stronie, ale tak\u017ce przyci\u0105gn\u0105\u0107 nowych subskrybent\u00f3w Facebooka.<b>Podnie\u015b prac\u0119 swojego klienta na wy\u017cszy poziom dzi\u0119ki wtyczce Facebook jQuery.<\/b> b&gt;<ul> <li><b>Wzmocnij zaufanie czytelnik\u00f3w do swojej marki<\/b>. Marka posiadaj\u0105ca istniej\u0105ce konta w sieciach spo\u0142eczno\u015bciowych cieszy si\u0119 o 72% wi\u0119kszym zaufaniem klient\u00f3w. Umie\u015b\u0107 na stronie swoj\u0105 tre\u015b\u0107 z Facebooka, aby pokaza\u0107 czytelnikom, \u017ce Twoja firma jest rzetelna i godna zaufania.<\/li> <li><b>Zwi\u0119ksz konwersj\u0119 w swojej witrynie nawet o 175%<\/b>. Wykorzystaj element efektu spo\u0142ecznego swoj\u0105 stron\u0119 internetow\u0105, aby zdoby\u0107 wi\u0119cej klient\u00f3w. Pozw\u00f3l u\u017cytkownikom pozna\u0107 Twoj\u0105 mark\u0119 na Facebooku i zdoby\u0107 ich zaufanie, co pozwoli na wyr\u00f3wnanie konwersji.<\/li> <li><b>Spraw, aby czytelnicy zostali na stronie<\/b>.Wykorzystuj elementy spo\u0142eczno\u015bciowe i rozrywkowe, kt\u00f3re przyci\u0105gaj\u0105 uwag\u0119 u\u017cytkownik\u00f3w, aby zatrzyma\u0107 ich na stronie i szczeg\u00f3\u0142owo zapozna\u0107 z Twoj\u0105 ofert\u0105 lub firm\u0105.<\/li> <li><b>Zdob\u0105d\u017a g\u0142\u0119bokie zainteresowanie klient\u00f3w Twojej firmy<\/b>. Twoja witryna internetowa nie jest jedyn\u0105 spos\u00f3b na zaanga\u017cowanie klient\u00f3w, pom\u00f3\u017c ka\u017cdemu u\u017cytkownikowi bli\u017cej pozna\u0107 Twoj\u0105 firm\u0119 na Facebooku: zintegruj u\u017cytkownik\u00f3w z wewn\u0119trznymi dzia\u0142aniami Twojej firmy i pozyskaj najwierniejszych zwolennik\u00f3w.<\/li><\/ul><\/div><div class=\"application-platform-content-item-features  application-platform-content-item\" id=\"features \" data-nav-section=\"features \"><h2>Funkcje<\/h2>Kilka zalet, kt\u00f3re przekszta\u0142caj\u0105 nasz kana\u0142 na Facebooku w niezb\u0119dn\u0105 wtyczk\u0119 do witryny jQuery.<ul> <li>3 wy\u015bwietlane typy tre\u015bci na Facebooku: posty, filmy i zdj\u0119cia z albumami ;<\/li> <li>Regulowana szeroko\u015b\u0107 i wysoko\u015b\u0107;<\/li> <li>Wy\u015bwietlaj lub ukrywaj filmy;<\/li> <li>Bezp\u0142atna us\u0142uga instalacji.<\/li><\/ul><a href=\"# demo\">Wypr\u00f3buj wszystkie funkcje w wersji demonstracyjnej na \u017cywo<\/a><\/div><div class=\"application-platform-content-item-installation application-platform-content-item\" id=\"installation\" data-nav-section=\"installation\"><h2>Jak doda\u0107 wtyczk\u0119 Facebook Feed do witryny jQuery<\/h2>Przeczytaj nasz przewodnik, aby zako\u0144czy\u0107 instalacja. Proces zajmie tylko kilka minut i nie wymaga umiej\u0119tno\u015bci programowania.<ol> <li><b>Stw\u00f3rz sw\u00f3j w\u0142asny kana\u0142 na Facebooku<\/b>.Korzystaj\u0105c z naszego bezp\u0142atnego edytora, utw\u00f3rz widget o niezb\u0119dnym wygl\u0105dzie i mo\u017cliwo\u015bciach. <\/li> <li><b>Zdob\u0105d\u017a kod umo\u017cliwiaj\u0105cy dodanie wid\u017cetu<\/b>. Po dostrojeniu wid\u017cetu pobierz kod wtyczki Facebook z wyskakuj\u0105cego okna aplikacji Elfsight.<\/li> <li><b> Umie\u015b\u0107 widget na stronie jQuery<\/b>. Zintegruj wtyczk\u0119 w wymaganym miejscu witryny i opublikuj zmiany.<\/li> <li><b>Integracja przebieg\u0142a pomy\u015blnie!<\/b>. Wejd\u017a na swoj\u0105 witryn\u0119 jQuery , aby sprawdzi\u0107 swoj\u0105 prac\u0119.<\/li><\/ol>Czy potrzebujesz bardziej szczeg\u00f3\u0142owej pomocy? Skontaktuj si\u0119 z centrum pomocy Elfsight, a z przyjemno\u015bci\u0105 zapewnimy rozwi\u0105zanie.<\/div>","protected":false},"excerpt":{"rendered":"","protected":false},"author":9,"featured_media":0,"parent":1843,"menu_order":0,"comment_status":"closed","ping_status":"closed","template":"templates\/template-application-platform.php","meta":{"publish_to_discourse":"","publish_post_category":"","wpdc_auto_publish_overridden":"","wpdc_topic_tags":"","wpdc_pin_topic":"","wpdc_pin_until":"","discourse_post_id":"","discourse_permalink":"","wpdc_publishing_response":"","wpdc_publishing_error":"","footnotes":""},"class_list":["post-5048","page","type-page","status-publish","hentry"],"yoast_head":"<!-- This site is optimized with the Yoast SEO plugin v25.3.1 - https:\/\/yoast.com\/wordpress\/plugins\/seo\/ -->\n<title>Kana\u0142 Facebooka \u2014 Dodaj wtyczk\u0119 jQuery Facebook do witryny internetowej<\/title>\n<meta name=\"description\" content=\"Zintegruj responsywn\u0105 wtyczk\u0119 Facebook Feed na swojej stronie internetowej JQuery w 2018 roku. Odkryj wersj\u0119 demonstracyjn\u0105 Elfsight na \u017cywo i stw\u00f3rz niestandardowy widget w zaledwie 1 minut\u0119.\" \/>\n<meta name=\"robots\" content=\"index, follow, max-snippet:-1, max-image-preview:large, max-video-preview:-1\" \/>\n<link rel=\"canonical\" href=\"https:\/\/elfsight.com\/pl\/facebook-feed-widget\/jquery\/\" \/>\n<meta property=\"og:locale\" content=\"pl_PL\" \/>\n<meta property=\"og:type\" content=\"article\" \/>\n<meta property=\"og:title\" content=\"Kana\u0142 Facebooka \u2014 Dodaj wtyczk\u0119 jQuery Facebook do witryny internetowej\" \/>\n<meta property=\"og:description\" content=\"Zintegruj responsywn\u0105 wtyczk\u0119 Facebook Feed na swojej stronie internetowej JQuery w 2018 roku. Odkryj wersj\u0119 demonstracyjn\u0105 Elfsight na \u017cywo i stw\u00f3rz niestandardowy widget w zaledwie 1 minut\u0119.\" \/>\n<meta property=\"og:url\" content=\"https:\/\/elfsight.com\/pl\/facebook-feed-widget\/jquery\/\" \/>\n<meta property=\"og:site_name\" content=\"Elfsight PL\" \/>\n<meta property=\"article:modified_time\" content=\"2024-11-14T12:46:47+00:00\" \/>\n<meta name=\"twitter:card\" content=\"summary_large_image\" \/>\n<meta name=\"twitter:label1\" content=\"Szacowany czas czytania\" \/>\n\t<meta name=\"twitter:data1\" content=\"2 minuty\" \/>\n<!-- \/ Yoast SEO plugin. -->","yoast_head_json":{"title":"Kana\u0142 Facebooka \u2014 Dodaj wtyczk\u0119 jQuery Facebook do witryny internetowej","description":"Zintegruj responsywn\u0105 wtyczk\u0119 Facebook Feed na swojej stronie internetowej JQuery w 2018 roku. Odkryj wersj\u0119 demonstracyjn\u0105 Elfsight na \u017cywo i stw\u00f3rz niestandardowy widget w zaledwie 1 minut\u0119.","robots":{"index":"index","follow":"follow","max-snippet":"max-snippet:-1","max-image-preview":"max-image-preview:large","max-video-preview":"max-video-preview:-1"},"canonical":"https:\/\/elfsight.com\/pl\/facebook-feed-widget\/jquery\/","og_locale":"pl_PL","og_type":"article","og_title":"Kana\u0142 Facebooka \u2014 Dodaj wtyczk\u0119 jQuery Facebook do witryny internetowej","og_description":"Zintegruj responsywn\u0105 wtyczk\u0119 Facebook Feed na swojej stronie internetowej JQuery w 2018 roku. Odkryj wersj\u0119 demonstracyjn\u0105 Elfsight na \u017cywo i stw\u00f3rz niestandardowy widget w zaledwie 1 minut\u0119.","og_url":"https:\/\/elfsight.com\/pl\/facebook-feed-widget\/jquery\/","og_site_name":"Elfsight PL","article_modified_time":"2024-11-14T12:46:47+00:00","twitter_card":"summary_large_image","twitter_misc":{"Szacowany czas czytania":"2 minuty"},"schema":{"@context":"https:\/\/schema.org","@graph":[{"@type":"WebPage","@id":"https:\/\/elfsight.com\/pl\/facebook-feed-widget\/jquery\/","url":"https:\/\/elfsight.com\/pl\/facebook-feed-widget\/jquery\/","name":"Kana\u0142 Facebooka \u2014 Dodaj wtyczk\u0119 jQuery Facebook do witryny internetowej","isPartOf":{"@id":"https:\/\/elfsight.com\/pl\/#website"},"datePublished":"2024-05-03T06:35:51+00:00","dateModified":"2024-11-14T12:46:47+00:00","description":"Zintegruj responsywn\u0105 wtyczk\u0119 Facebook Feed na swojej stronie internetowej JQuery w 2018 roku. Odkryj wersj\u0119 demonstracyjn\u0105 Elfsight na \u017cywo i stw\u00f3rz niestandardowy widget w zaledwie 1 minut\u0119.","breadcrumb":{"@id":"https:\/\/elfsight.com\/pl\/facebook-feed-widget\/jquery\/#breadcrumb"},"inLanguage":"pl-PL","potentialAction":[{"@type":"ReadAction","target":["https:\/\/elfsight.com\/pl\/facebook-feed-widget\/jquery\/"]}]},{"@type":"BreadcrumbList","@id":"https:\/\/elfsight.com\/pl\/facebook-feed-widget\/jquery\/#breadcrumb","itemListElement":[{"@type":"ListItem","position":1,"name":"Home","item":"https:\/\/elfsight.com\/pl\/"},{"@type":"ListItem","position":2,"name":"Facebook Feed","item":"https:\/\/elfsight.com\/pl\/facebook-feed-widget\/"},{"@type":"ListItem","position":3,"name":"Facebook Feed &#8211; jQuery"}]},{"@type":"WebSite","@id":"https:\/\/elfsight.com\/pl\/#website","url":"https:\/\/elfsight.com\/pl\/","name":"Elfsight PL","description":"Just another Elfsight Sites site","potentialAction":[{"@type":"SearchAction","target":{"@type":"EntryPoint","urlTemplate":"https:\/\/elfsight.com\/pl\/?s={search_term_string}"},"query-input":{"@type":"PropertyValueSpecification","valueRequired":true,"valueName":"search_term_string"}}],"inLanguage":"pl-PL"}]}},"meta_box":{"industry":"","seo_heading":"","heading":"","description":"","cta_heading":"","cta_description":"","application":"1841","h1":"Wtyczka jQuery Facebook Feed","h1_caption":"Osadzaj posty ze swojej strony na Facebooku, aby bez wysi\u0142ku informowa\u0107 odwiedzaj\u0105cych Twoj\u0105 witryn\u0119 o najnowszych aktualizacjach i aktualno\u015bciach w Twojej witrynie jQuery.","application_category":[],"applications_title":"","applications_request_title":"","applications_request_button_text":"","hero_text":"","hero_video":"","hero_video_schema_markup":"","selling_points_title":"","selling_points_caption":"","selling_points":[],"selling_points_cta_text":"","features_title":"","features":"","ed_cta_examples_text":"","ed_cta_examples_hidden":"","ed_cta_demo_text":"","ed_cta_demo_hidden":"","why_caption":"","why_editor_title":"","why_editor_text":"","why_team_title":"","why_team_text":"","why_service_title":"","why_service_text":"","template_catalog_visible":"","template_catalog_title":"","template_catalog_text":"","template_catalog_categories_visible":"","demo_title":"Utw\u00f3rz wtyczk\u0119 kana\u0142u Facebook","demo_caption":"Skonfiguruj sw\u00f3j kana\u0142 na Facebooku i dodaj go do swojej witryny jQuery za darmo!","default_faq_hidden":"","app_template_category":[],"platform":"56","template_public_id":"","codecanyon_url":"","codecanyon_item_id":"","codecanyon_price":"","pricing_caption":"","pricing_elfsight_apps_hide_column":"","pricing_elfsight_apps_url":"","pricing_codecanyon_price_caption":"","integration_category":[],"integration_request_title":"","integration_request_cta":"","integration_platform":"","integrations":[],"platform_category":[],"video_schema_markup":"","price":"od 0 USD \/ miesi\u0105c","trial":"","benefits":[{"text":"Bezp\u0142atna us\u0142uga monta\u017cu"},{"text":"Wsparcie premium"},{"text":"14-dniowa gwarancja zwrotu pieni\u0119dzy"}],"button_url":"#demo","button_target_blank":"","button_nofollow":"","attributes":[{"name":"Instaluje"},{"name":"Czu\u0142y"},{"name":"Kompatybilne przegl\u0105darki"}],"tags":[],"tags_disable_links":"","hide_more_platforms":"","video_object":"","demo_hide_cta":"","demo_hide_cloud_options":"","pricing_title":"","pricing":[{"pricing_icon":"platform","pricing_title":"Elfsight Apps","pricing_title_caption":"Oprogramowanie wieloplatformowe, kt\u00f3re pasuje do ka\u017cdej witryny internetowej","pricing_price":"od 0 USD \/ miesi\u0105c","pricing_price_caption":"zacznij od bezp\u0142atnego planu","pricing_benefits":[{"text":"Nielimitowane strony internetowe"},{"text":"Profesjonalna i terminowa pomoc oraz dobrze udokumentowana"},{"text":"Bezp\u0142atna pomoc w monta\u017cu"},{"text":"100% konfigurowalny"}],"pricing_button_text":"Dodaj do witryny","pricing_button_url":"#demo"}],"related_apps_title":"","related_apps_hidden":"","author":"","image":[],"title":"","job":"","social_networks":[]},"_links":{"self":[{"href":"https:\/\/elfsight.com\/pl\/wp-json\/wp\/v2\/pages\/5048","targetHints":{"allow":["GET"]}}],"collection":[{"href":"https:\/\/elfsight.com\/pl\/wp-json\/wp\/v2\/pages"}],"about":[{"href":"https:\/\/elfsight.com\/pl\/wp-json\/wp\/v2\/types\/page"}],"author":[{"embeddable":true,"href":"https:\/\/elfsight.com\/pl\/wp-json\/wp\/v2\/users\/9"}],"replies":[{"embeddable":true,"href":"https:\/\/elfsight.com\/pl\/wp-json\/wp\/v2\/comments?post=5048"}],"version-history":[{"count":1,"href":"https:\/\/elfsight.com\/pl\/wp-json\/wp\/v2\/pages\/5048\/revisions"}],"predecessor-version":[{"id":5052,"href":"https:\/\/elfsight.com\/pl\/wp-json\/wp\/v2\/pages\/5048\/revisions\/5052"}],"up":[{"embeddable":true,"href":"https:\/\/elfsight.com\/pl\/wp-json\/wp\/v2\/pages\/1843"}],"wp:attachment":[{"href":"https:\/\/elfsight.com\/pl\/wp-json\/wp\/v2\/media?parent=5048"}],"curies":[{"name":"wp","href":"https:\/\/api.w.org\/{rel}","templated":true}]}}