{"id":5047,"date":"2024-05-03T06:35:50","date_gmt":"2024-05-03T06:35:50","guid":{"rendered":"https:\/\/elfsight.com\/pl\/?page_id=5047"},"modified":"2025-12-05T10:27:41","modified_gmt":"2025-12-05T10:27:41","slug":"elementor","status":"publish","type":"page","link":"https:\/\/elfsight.com\/pl\/facebook-feed-widget\/elementor\/","title":{"rendered":"Facebook Feed &#8211; Elementor"},"content":{"rendered":"<div class=\"application-platform-content-item-description application-platform-content-item\" id=\"description\" data-nav-section=\"description\">\n<h2>Osad\u017a kana\u0142 Facebooka na Elementorze za pomoc\u0105 wid\u017cetu Elfsight<\/h2>\n<p>Pokazuj swoje tre\u015bci z Facebooka za pomoc\u0105 naszej wielofunkcyjnej wtyczki \u2013 **Facebook Feed**. Posty, filmy, zdj\u0119cia \u2013 mo\u017cesz mie\u0107 pewno\u015b\u0107, \u017ce Twoi u\u017cytkownicy nie przegapi\u0105 \u017cadnego wpisu. Stylowy wygl\u0105d z elementami designu Facebooka nie pozostanie niezauwa\u017cony i pomo\u017ce nie tylko zatrzyma\u0107 obecnych czytelnik\u00f3w na stronie, ale tak\u017ce zaprosi\u0107 nowych subskrybent\u00f3w Facebooka.<\/p>\n<p><b>Podnie\u015b poziom marketingu w mediach spo\u0142eczno\u015bciowych na zupe\u0142nie now\u0105 wysoko\u015b\u0107 wraz z wtyczk\u0105 Elementor na Facebooka.<\/b><\/p>\n<p><b>Zwi\u0119ksz wiarygodno\u015b\u0107 swoich u\u017cytkownik\u00f3w wobec Twojej firmy<\/b><br>Firma posiadaj\u0105ca istniej\u0105ce konta w mediach spo\u0142eczno\u015bciowych ma 78% wi\u0119cej zaufania w\u015br\u00f3d czytelnik\u00f3w. Dodaj na stron\u0119 swoj\u0105 tre\u015b\u0107 z Facebooka, aby udowodni\u0107 u\u017cytkownikom, \u017ce Twoja firma jest prawdziwa i godna zaufania.<\/p>\n<p><b>Zwi\u0119ksz konwersj\u0119 w swojej witrynie nawet o 125%<\/b><br>Skorzystaj z instrumentu wp\u0142ywu spo\u0142ecznego na Twoj\u0105 witryn\u0119, aby znale\u017a\u0107 wi\u0119cej klient\u00f3w. Pozw\u00f3l odwiedzaj\u0105cym odkry\u0107 Twoj\u0105 firm\u0119 na Facebooku.<\/p>\n<p><b>Spraw, aby odwiedzaj\u0105cy pozostali na stronie d\u0142u\u017cej<\/b><br>Wstaw szczeg\u00f3\u0142y spo\u0142eczno\u015bciowe i interaktywne, kt\u00f3re przyci\u0105gaj\u0105 uwag\u0119 klient\u00f3w, aby zatrzyma\u0107 ich na witrynie i bardziej szczeg\u00f3\u0142owo zapozna\u0107 ich z ofertami lub us\u0142ugami.<\/p>\n<\/div>\n\n<div class=\"application-platform-content-item-features application-platform-content-item\" id=\"features\" data-nav-section=\"features\">\n<h2>G\u0142\u00f3wne funkcje wid\u017cetu Kana\u0142 na Facebooku<\/h2>\n<p>Oto opcje, kt\u00f3re przekszta\u0142caj\u0105 nasz kana\u0142 na Facebooku w niezb\u0119dn\u0105 wtyczk\u0119 do witryny Elementor:<\/p>\n<ul>\n    <li>3 rodzaje wy\u015bwietlanych tre\u015bci na Facebooku: posty, filmy i zdj\u0119cia z albumami;<\/li>\n    <li>Mo\u017cliwo\u015b\u0107 dostosowania nag\u0142\u00f3wka z regulowanymi elementami: zdj\u0119cie ok\u0142adki, akcje, zdj\u0119cie strony, liczba polubie\u0144;<\/li>\n    <li>Regulowana szeroko\u015b\u0107 i wysoko\u015b\u0107;<\/li>\n    <li>Zmienny limit post\u00f3w;<\/li>\n    <li>Bezp\u0142atna us\u0142uga instalacji.<\/li>\n<\/ul>\n<p><a href=\"#demo\">Zobacz wszystkie funkcje w wersji demonstracyjnej na \u017cywo<\/a><\/p>\n<\/div>\n\n<div class=\"application-platform-content-item-installation application-platform-content-item\" id=\"installation\" data-nav-section=\"installation\">\n<h2>Jak doda\u0107 kana\u0142 Facebook do witryny Elementor<\/h2>\n<div class=\"video-container\">\n<iframe width=\"720\" height=\"405\" src=\"https:\/\/www.youtube.com\/embed\/UBRLp30cybE?si=XWMlyPEwZXAw_uaq\" frameborder=\"0\" allowfullscreen=\"\"><\/iframe>\n<\/div>\n<p>Ca\u0142y proces trwa oko\u0142o 70 sekund, a co wi\u0119cej, nie wymaga wiedzy w zakresie programowania.<\/p>\n<ol>\n    <li><b>Stw\u00f3rz w\u0142asny widget Facebooka<\/b><br>Za pomoc\u0105 naszego darmowego edytora zmontuj wtyczk\u0119, wybierz uk\u0142ad, rozmiar i inne funkcje w ustawieniach.<\/li>\n    <li><b>Odbierz unikalny kod do opublikowania wtyczki<\/b><br>Po zako\u0144czeniu konfiguracji wid\u017cetu uzyskaj unikalny kod instalacyjny wtyczki Facebook z wyskakuj\u0105cego powiadomienia w aplikacji Elfsight.<\/li>\n    <li><b>Osad\u017a wtyczk\u0119 na stronie Elementora<\/b><br>Wstaw kod wtyczki w wybrane miejsce na stronie i zastosuj zmiany.<\/li>\n    <li><b>Instalacja zako\u0144czy\u0142a si\u0119 pomy\u015blnie<\/b><br>Przejd\u017a do swojej witryny i sprawd\u017a sw\u00f3j widget.<\/li>\n<\/ol>\n<p>Potrzebujesz wi\u0119cej informacji lub pomocy? Skontaktuj si\u0119 z naszym centrum pomocy, a ch\u0119tnie znajdziemy rozwi\u0105zanie.<\/p>\n<\/div>\n\n<div class=\"faq\" data-component=\"FAQ\">\n<div class=\"faq-item\">\r\n\t\t\t\t\t<div class=\"faq-item-question\">\r\n\t\t\t\t\t\t<h3 class=\"faq-item-question-text\">Czy istnieje metoda dodania czatu WhatsApp do mojej strony g\u0142\u00f3wnej Elementor bez do\u015bwiadczenia w kodowaniu?<\/h3>\r\n\r\n\t\t\t\t\t\t<div class=\"faq-item-question-icon\"><\/div>\r\n\t\t\t\t\t<\/div>\r\n\r\n\t\t\t\t\t<div class=\"faq-item-answer\">\r\n\t\t\t\t\t\t<div class=\"faq-item-answer-text\">\n<p>Firma Elfsight dostarcza rozwi\u0105zanie SaaS, kt\u00f3re pozwala u\u017cytkownikom samodzielnie utworzy\u0107 aplikacj\u0119 WhatsApp Chat. Obejrzyj proste instrukcje:<\/p>\n<ul>\n    <li>Przejd\u017a do edytora na \u017cywo, aby utworzy\u0107 aplikacj\u0119 WhatsApp Chat, kt\u00f3r\u0105 chcesz wy\u015bwietla\u0107 na stronie internetowej Elementor.<\/li>\n    <li>Wybierz jeden z wielu gotowych szablon\u00f3w i zmie\u0144 ustawienia WhatsApp Chat, zaktualizuj swoj\u0105 tre\u015b\u0107, zmie\u0144 uk\u0142ad i schemat kolor\u00f3w bez kodowania.<\/li>\n    <li>Zapisz czat WhatsApp i uzyskaj kod do osadzenia, kt\u00f3ry mo\u017cesz bezp\u0142atnie osadzi\u0107 na stronie internetowej Elementora.<\/li>\n<\/ul>\n<p>Dzi\u0119ki naszemu intuicyjnemu edytorowi ka\u017cdy u\u017cytkownik Internetu mo\u017ce wygenerowa\u0107 aplikacj\u0119 WhatsApp Chat online i bez problemu osadzi\u0107 j\u0105 na stronie g\u0142\u00f3wnej Elementora. Aby uzyska\u0107 dost\u0119p do Edytora, nie mo\u017cesz uzyska\u0107 p\u0142atnego planu ani przes\u0142a\u0107 danych swojej karty. Je\u015bli napotkasz jakiekolwiek przeszkody, skontaktuj si\u0119 z naszym personelem pomocy technicznej.<\/p>\n<\/div>\r\n\t\t\t\t\t<\/div>\r\n\t\t\t\t<\/div>\n<\/div>","protected":false},"excerpt":{"rendered":"","protected":false},"author":9,"featured_media":0,"parent":1843,"menu_order":0,"comment_status":"closed","ping_status":"closed","template":"templates\/template-application-platform.php","meta":{"publish_to_discourse":"","publish_post_category":"","wpdc_auto_publish_overridden":"","wpdc_topic_tags":"","wpdc_pin_topic":"","wpdc_pin_until":"","discourse_post_id":"","discourse_permalink":"","wpdc_publishing_response":"","wpdc_publishing_error":"","footnotes":""},"class_list":["post-5047","page","type-page","status-publish","hentry"],"yoast_head":"<!-- This site is optimized with the Yoast SEO plugin v25.3.1 - https:\/\/yoast.com\/wordpress\/plugins\/seo\/ -->\n<title>Wid\u017cet kana\u0142u Facebook dla witryny Elementor ( 2025 )<\/title>\n<meta name=\"description\" content=\"Zintegruj responsywny wid\u017cet Facebook Feed na swojej stronie Elementor w 2024 roku. Wypr\u00f3buj elastyczn\u0105 wersj\u0119 demonstracyjn\u0105 Elfsight i ukszta\u0142tuj swoj\u0105 wtyczk\u0119 w zaledwie 3 minuty.\" \/>\n<meta name=\"robots\" content=\"index, follow, max-snippet:-1, max-image-preview:large, max-video-preview:-1\" \/>\n<link rel=\"canonical\" href=\"https:\/\/elfsight.com\/pl\/facebook-feed-widget\/elementor\/\" \/>\n<meta property=\"og:locale\" content=\"pl_PL\" \/>\n<meta property=\"og:type\" content=\"article\" \/>\n<meta property=\"og:title\" content=\"Wid\u017cet kana\u0142u Facebook dla witryny Elementor ( 2025 )\" \/>\n<meta property=\"og:description\" content=\"Zintegruj responsywny wid\u017cet Facebook Feed na swojej stronie Elementor w 2024 roku. Wypr\u00f3buj elastyczn\u0105 wersj\u0119 demonstracyjn\u0105 Elfsight i ukszta\u0142tuj swoj\u0105 wtyczk\u0119 w zaledwie 3 minuty.\" \/>\n<meta property=\"og:url\" content=\"https:\/\/elfsight.com\/pl\/facebook-feed-widget\/elementor\/\" \/>\n<meta property=\"og:site_name\" content=\"Elfsight PL\" \/>\n<meta property=\"article:modified_time\" content=\"2025-12-05T10:27:41+00:00\" \/>\n<meta name=\"twitter:card\" content=\"summary_large_image\" \/>\n<meta name=\"twitter:label1\" content=\"Szacowany czas czytania\" \/>\n\t<meta name=\"twitter:data1\" content=\"3 minuty\" \/>\n<!-- \/ Yoast SEO plugin. -->","yoast_head_json":{"title":"Wid\u017cet kana\u0142u Facebook dla witryny Elementor ( 2025 )","description":"Zintegruj responsywny wid\u017cet Facebook Feed na swojej stronie Elementor w 2024 roku. Wypr\u00f3buj elastyczn\u0105 wersj\u0119 demonstracyjn\u0105 Elfsight i ukszta\u0142tuj swoj\u0105 wtyczk\u0119 w zaledwie 3 minuty.","robots":{"index":"index","follow":"follow","max-snippet":"max-snippet:-1","max-image-preview":"max-image-preview:large","max-video-preview":"max-video-preview:-1"},"canonical":"https:\/\/elfsight.com\/pl\/facebook-feed-widget\/elementor\/","og_locale":"pl_PL","og_type":"article","og_title":"Wid\u017cet kana\u0142u Facebook dla witryny Elementor ( 2025 )","og_description":"Zintegruj responsywny wid\u017cet Facebook Feed na swojej stronie Elementor w 2024 roku. Wypr\u00f3buj elastyczn\u0105 wersj\u0119 demonstracyjn\u0105 Elfsight i ukszta\u0142tuj swoj\u0105 wtyczk\u0119 w zaledwie 3 minuty.","og_url":"https:\/\/elfsight.com\/pl\/facebook-feed-widget\/elementor\/","og_site_name":"Elfsight PL","article_modified_time":"2025-12-05T10:27:41+00:00","twitter_card":"summary_large_image","twitter_misc":{"Szacowany czas czytania":"3 minuty"},"schema":{"@context":"https:\/\/schema.org","@graph":[{"@type":"WebPage","@id":"https:\/\/elfsight.com\/pl\/facebook-feed-widget\/elementor\/","url":"https:\/\/elfsight.com\/pl\/facebook-feed-widget\/elementor\/","name":"Wid\u017cet kana\u0142u Facebook dla witryny Elementor ( 2025 )","isPartOf":{"@id":"https:\/\/elfsight.com\/pl\/#website"},"datePublished":"2024-05-03T06:35:50+00:00","dateModified":"2025-12-05T10:27:41+00:00","description":"Zintegruj responsywny wid\u017cet Facebook Feed na swojej stronie Elementor w 2024 roku. Wypr\u00f3buj elastyczn\u0105 wersj\u0119 demonstracyjn\u0105 Elfsight i ukszta\u0142tuj swoj\u0105 wtyczk\u0119 w zaledwie 3 minuty.","breadcrumb":{"@id":"https:\/\/elfsight.com\/pl\/facebook-feed-widget\/elementor\/#breadcrumb"},"inLanguage":"pl-PL","potentialAction":[{"@type":"ReadAction","target":["https:\/\/elfsight.com\/pl\/facebook-feed-widget\/elementor\/"]}]},{"@type":"BreadcrumbList","@id":"https:\/\/elfsight.com\/pl\/facebook-feed-widget\/elementor\/#breadcrumb","itemListElement":[{"@type":"ListItem","position":1,"name":"Home","item":"https:\/\/elfsight.com\/pl\/"},{"@type":"ListItem","position":2,"name":"Facebook Feed","item":"https:\/\/elfsight.com\/pl\/facebook-feed-widget\/"},{"@type":"ListItem","position":3,"name":"Facebook Feed &#8211; Elementor"}]},{"@type":"WebSite","@id":"https:\/\/elfsight.com\/pl\/#website","url":"https:\/\/elfsight.com\/pl\/","name":"Elfsight PL","description":"Just another Elfsight Sites site","potentialAction":[{"@type":"SearchAction","target":{"@type":"EntryPoint","urlTemplate":"https:\/\/elfsight.com\/pl\/?s={search_term_string}"},"query-input":{"@type":"PropertyValueSpecification","valueRequired":true,"valueName":"search_term_string"}}],"inLanguage":"pl-PL"}]}},"meta_box":{"industry":"","seo_heading":"","heading":"","description":"","cta_heading":"","cta_description":"","application":"1841","h1":"Kana\u0142 Elementora na Facebooku","h1_caption":"Osadzaj posty ze swojej strony na Facebooku, aby bez wysi\u0142ku informowa\u0107 odwiedzaj\u0105cych Twoj\u0105 witryn\u0119 o najnowszych aktualizacjach i aktualno\u015bciach w witrynie Elementor.","application_category":[],"applications_title":"","applications_request_title":"","applications_request_button_text":"","hero_text":"","hero_video":"","hero_video_schema_markup":"","selling_points_title":"","selling_points_caption":"","selling_points":[],"selling_points_cta_text":"","features_title":"","features":"","ed_cta_examples_text":"","ed_cta_examples_hidden":"","ed_cta_demo_text":"","ed_cta_demo_hidden":"","why_caption":"","why_editor_title":"","why_editor_text":"","why_team_title":"","why_team_text":"","why_service_title":"","why_service_text":"","template_catalog_visible":"0","template_catalog_title":"","template_catalog_text":"","template_catalog_categories_visible":"","demo_title":"Utw\u00f3rz wid\u017cet kana\u0142u Facebook","demo_caption":"Skonfiguruj sw\u00f3j kana\u0142 na Facebooku i dodaj go do swojej witryny Elementor za darmo!","default_faq_hidden":"","app_template_category":[],"platform":"268","template_public_id":"","codecanyon_url":"","codecanyon_item_id":"","codecanyon_price":"","pricing_caption":"","pricing_elfsight_apps_hide_column":"","pricing_elfsight_apps_url":"","pricing_codecanyon_price_caption":"","integration_category":[],"integration_request_title":"","integration_request_cta":"","integration_platform":"","integrations":[],"platform_category":[],"video_schema_markup":"","price":"od 0 USD \/ miesi\u0105c","trial":"","benefits":[{"text":"Bezp\u0142atna pomoc w monta\u017cu"},{"text":"Do\u015bwiadczona obs\u0142uga klienta"},{"text":"14-dniowa gwarancja zwrotu pieni\u0119dzy"}],"button_url":"#demo","button_target_blank":"0","button_nofollow":"0","attributes":[{"name":"Instaluje"},{"name":"Czu\u0142y"},{"name":"Kompatybilne przegl\u0105darki"}],"tags":[],"tags_disable_links":"0","hide_more_platforms":"0","video_object":"","demo_hide_cta":"0","demo_hide_cloud_options":"0","pricing_title":"","pricing":[{"pricing_icon":"platform","pricing_title":"Elfsight Apps","pricing_title_caption":"Wersja niezale\u017cna od platformy","pricing_price":"od 0 USD \/ miesi\u0105c","pricing_price_caption":"zacznij od bezp\u0142atnego planu","pricing_benefits":[{"text":"Nielimitowane domeny"},{"text":"Dedykowana obs\u0142uga klienta i dobrze udokumentowana"},{"text":"Bezp\u0142atna us\u0142uga monta\u017cu"},{"text":"Specjalna oferta na wiele aplikacji"}],"pricing_button_text":"Dodaj do witryny","pricing_button_url":"#demo"}],"related_apps_title":"","related_apps_hidden":"0","author":"","image":[],"title":"","job":"","social_networks":[]},"_links":{"self":[{"href":"https:\/\/elfsight.com\/pl\/wp-json\/wp\/v2\/pages\/5047","targetHints":{"allow":["GET"]}}],"collection":[{"href":"https:\/\/elfsight.com\/pl\/wp-json\/wp\/v2\/pages"}],"about":[{"href":"https:\/\/elfsight.com\/pl\/wp-json\/wp\/v2\/types\/page"}],"author":[{"embeddable":true,"href":"https:\/\/elfsight.com\/pl\/wp-json\/wp\/v2\/users\/9"}],"replies":[{"embeddable":true,"href":"https:\/\/elfsight.com\/pl\/wp-json\/wp\/v2\/comments?post=5047"}],"version-history":[{"count":4,"href":"https:\/\/elfsight.com\/pl\/wp-json\/wp\/v2\/pages\/5047\/revisions"}],"predecessor-version":[{"id":10817,"href":"https:\/\/elfsight.com\/pl\/wp-json\/wp\/v2\/pages\/5047\/revisions\/10817"}],"up":[{"embeddable":true,"href":"https:\/\/elfsight.com\/pl\/wp-json\/wp\/v2\/pages\/1843"}],"wp:attachment":[{"href":"https:\/\/elfsight.com\/pl\/wp-json\/wp\/v2\/media?parent=5047"}],"curies":[{"name":"wp","href":"https:\/\/api.w.org\/{rel}","templated":true}]}}