{"id":5046,"date":"2024-05-03T06:35:49","date_gmt":"2024-05-03T06:35:49","guid":{"rendered":"https:\/\/elfsight.com\/pl\/?page_id=5046"},"modified":"2025-06-19T13:43:01","modified_gmt":"2025-06-19T13:43:01","slug":"iframe","status":"publish","type":"page","link":"https:\/\/elfsight.com\/pl\/facebook-feed-widget\/iframe\/","title":{"rendered":"Facebook Feed &#8211; iFrame"},"content":{"rendered":"<div class=\"application-platform-content-item-description application-platform-content-item\" id=\"description\" data-nav-section=\"description\">\n<h2>Osad\u017a kana\u0142 Facebooka w ramce iFrame za pomoc\u0105 wid\u017cetu Elfsight<\/h2>\n<p>Zaprezentuj swoj\u0105 zawarto\u015b\u0107 Facebooka za pomoc\u0105 naszej zaawansowanej wtyczki \u2013 <b>Facebook Feed<\/b>. Strony, filmy, zdj\u0119cia \u2013 Twoi u\u017cytkownicy nie umkn\u0105 \u017cadnej wiadomo\u015bci. Elegancki wygl\u0105d z prawdziwymi elementami Facebooka nie pozostanie niezauwa\u017cony i przyczyni si\u0119 nie tylko do zatrzymania obecnych klient\u00f3w na stronie, ale tak\u017ce do znalezienia nowych subskrybent\u00f3w Facebooka.<\/p>\n<p><b>Podnie\u015b swoj\u0105 witryn\u0119 do maksymalnej wysoko\u015bci obs\u0142ugiwanej przez wtyczk\u0119 Facebook iFrame.<\/b><\/p>\n<p><b>Podnie\u015b wiarygodno\u015b\u0107 swojej firmy w\u015br\u00f3d klient\u00f3w<\/b><br>Firma posiadaj\u0105ca aktywne konta w mediach spo\u0142eczno\u015bciowych cieszy si\u0119 o 78% wi\u0119kszym zaufaniem czytelnik\u00f3w. Wykorzystaj swoj\u0105 stron\u0119 na Facebooku w witrynie, aby zapewni\u0107 klient\u00f3w, \u017ce Twoja firma jest rzetelna i godna zaufania.<\/p>\n<p><b>Zwi\u0119ksz konwersj\u0119 swojej witryny nawet o 135%<\/b><br>Wy\u015bwietl instrument zaufania spo\u0142ecznego na swojej stronie internetowej, aby pozyska\u0107 wi\u0119cej klient\u00f3w. Pozw\u00f3l odwiedzaj\u0105cym odkry\u0107 Twoj\u0105 firm\u0119 na Facebooku i zdoby\u0107 ich zaufanie, co przyczyni si\u0119 do podniesienia Twojej konwersji.<\/p>\n<p><b>Spraw, aby czytelnicy pozostali na stronie<\/b><br>Wykorzystaj komponent spo\u0142eczno\u015bciowy, aby przyci\u0105gn\u0105\u0107 uwag\u0119 klient\u00f3w i zatrzyma\u0107 ich na stronie internetowej. Opowiedz o swoich produktach lub firmie w bardziej szczeg\u00f3\u0142owy spos\u00f3b.<\/p>\n<\/div>\n\n<div class=\"application-platform-content-item-features application-platform-content-item\" id=\"features\" data-nav-section=\"features\">\n<h2>G\u0142\u00f3wne cechy wid\u017cetu Kana\u0142 na Facebooku<\/h2>\n<p>4 cechy, kt\u00f3re sprawiaj\u0105, \u017ce nasz kana\u0142 Facebook to niezb\u0119dna wtyczka dla ka\u017cdej witryny iFrame.<\/p>\n<ul>\n    <li>3 rodzaje wy\u015bwietlanych tre\u015bci na Facebooku: posty, filmy i zdj\u0119cia z albumami;<\/li>\n    <li>Konfigurowalny nag\u0142\u00f3wek z regulowanymi elementami: zdj\u0119cie na ok\u0142adce, dzia\u0142ania, zdj\u0119cie strony, liczba polubie\u0144;<\/li>\n    <li>Przyciski \u201eLubi\u0119 to\u201d i \u201eUdost\u0119pnij\u201d w nag\u0142\u00f3wku;<\/li>\n    <li>Posty z prze\u0142\u0105czalnymi informacjami: autor, liczba polubie\u0144, liczba udost\u0119pnie\u0144, przycisk udost\u0119pniania.<\/li>\n<\/ul>\n<p><a href=\"#demo\">Odkryj wszystkie zalety wersji demonstracyjnej na \u017cywo<\/a><\/p>\n<\/div>\n\n<div class=\"application-platform-content-item-installation application-platform-content-item\" id=\"installation\" data-nav-section=\"installation\">\n<h2>Jak doda\u0107 kana\u0142 Facebook do witryny iFrame<\/h2>\n<p>Przeczytaj nasz przewodnik, aby zako\u0144czy\u0107 dodawanie. Przejrzenie go zajmie zaledwie 3 minuty i nie wymaga do\u015bwiadczenia w programowaniu.<\/p>\n<ol>\n    <li><b>Wygeneruj niestandardow\u0105 wtyczk\u0119 do Facebooka<\/b><br>Korzystaj\u0105c z naszego bezp\u0142atnego edytora, skonfiguruj wtyczk\u0119 z wybranym uk\u0142adem i funkcjonalno\u015bci\u0105.<\/li>\n    <li><b>Zdob\u0105d\u017a osobisty kod, aby wy\u015bwietli\u0107 wtyczk\u0119<\/b><br>Po skonfigurowaniu wtyczki otrzymasz kod instalacyjny z wy\u015bwietlonego powiadomienia w aplikacjach Elfsight. Skopiuj go do wykorzystania w przysz\u0142o\u015bci.<\/li>\n    <li><b>Wtyczka na Twojej stronie iFrame<\/b><br>Okre\u015bl miejsce, w kt\u00f3rym chcesz wy\u015bwietli\u0107 wtyczk\u0119 i wstaw tam zapisany kod. Zastosuj zmiany.<\/li>\n    <li><b>Konfiguracja zosta\u0142a w pe\u0142ni przeprowadzona<\/b><br>Wejd\u017a na swoj\u0105 witryn\u0119, aby sprawdzi\u0107 wtyczk\u0119.<\/li>\n<\/ol>\n<p>Czy potrzebujesz bardziej szczeg\u00f3\u0142owej pomocy? Zobacz szczeg\u00f3\u0142owy poradnik: \u00abJak zainstalowa\u0107 kana\u0142 Facebook w iFrame\u00bb lub skontaktuj si\u0119 z centrum pomocy Elfsight, a z przyjemno\u015bci\u0105 zaproponujemy rozwi\u0105zanie.<\/p>\n<\/div>\n\n<div class=\"faq\" data-component=\"FAQ\">\n<div class=\"faq-item\">\r\n\t\t\t\t\t<div class=\"faq-item-question\">\r\n\t\t\t\t\t\t<h3 class=\"faq-item-question-text\">Jak doda\u0107 czat WhatsApp do mojej ramki iFrame bez umiej\u0119tno\u015bci kodowania?<\/h3>\r\n\r\n\t\t\t\t\t\t<div class=\"faq-item-question-icon\"><\/div>\r\n\t\t\t\t\t<\/div>\r\n\r\n\t\t\t\t\t<div class=\"faq-item-answer\">\r\n\t\t\t\t\t\t<div class=\"faq-item-answer-text\">\n<p>Firma Elfsight wprowadza rozwi\u0105zanie SaaS, kt\u00f3re pozwala u\u017cytkownikom samodzielnie utworzy\u0107 aplikacj\u0119 WhatsApp Chat. Zobacz, jakie to nieskomplikowane: <\/p>\n<ul>\n    <li>Pracuj bezpo\u015brednio w edytorze online, aby utworzy\u0107 aplikacj\u0119 WhatsApp Chat, kt\u00f3ra ma by\u0107 wy\u015bwietlana na Twojej stronie internetowej iFrame.<\/li>\n    <li>Wybierz jeden z wielu wst\u0119pnie zaprojektowanych szablon\u00f3w i dostosuj go ustawienia WhatsApp Chat, zmie\u0144 uk\u0142ad i kolory, zaktualizuj swoj\u0105 tre\u015b\u0107 bez kodowania.<\/li>\n    <li>Kliknij, aby zapisa\u0107 WhatsApp Chat i skopiuj kod wid\u017cetu do umieszczenia, kt\u00f3ry mo\u017cna \u0142atwo i bezp\u0142atnie osadzi\u0107 na stronie g\u0142\u00f3wnej iFrame.<\/li>\n<\/ul>\n<p>Dzi\u0119ki \u0142atwemu w u\u017cyciu edytorowi ka\u017cdy u\u017cytkownik Internetu mo\u017ce utworzy\u0107 wid\u017cet WhatsApp Chat i po prostu wklei\u0107 go na dowoln\u0105 stron\u0119 g\u0142\u00f3wn\u0105 iFrame. Aby uzyska\u0107 dost\u0119p do us\u0142ugi, nie wolno p\u0142aci\u0107 ani ujawnia\u0107 danych uwierzytelniaj\u0105cych karty. Je\u015bli na kt\u00f3rymkolwiek etapie napotkasz jakiekolwiek problemy, nie wahaj si\u0119 skontaktowa\u0107 z naszym zespo\u0142em pomocy technicznej.<\/p>\n<\/div>\r\n\t\t\t\t\t<\/div>\r\n\t\t\t\t<\/div>\n<\/div>","protected":false},"excerpt":{"rendered":"","protected":false},"author":9,"featured_media":0,"parent":1843,"menu_order":0,"comment_status":"closed","ping_status":"closed","template":"templates\/template-application-platform.php","meta":{"publish_to_discourse":"","publish_post_category":"","wpdc_auto_publish_overridden":"","wpdc_topic_tags":"","wpdc_pin_topic":"","wpdc_pin_until":"","discourse_post_id":"","discourse_permalink":"","wpdc_publishing_response":"","wpdc_publishing_error":"","footnotes":""},"class_list":["post-5046","page","type-page","status-publish","hentry"],"yoast_head":"<!-- This site is optimized with the Yoast SEO plugin v25.3.1 - https:\/\/yoast.com\/wordpress\/plugins\/seo\/ -->\n<title>Wtyczka iFrame Facebook Feed dla Twojej witryny (bezp\u0142atna i szybka)<\/title>\n<meta name=\"description\" content=\"Dodaj responsywn\u0105 wtyczk\u0119 Facebook Feed do swojej witryny iFrame. Skorzystaj z elastycznego edytora Elfsight i skonfiguruj swoj\u0105 wtyczk\u0119 w zaledwie 3 minuty.\" \/>\n<meta name=\"robots\" content=\"index, follow, max-snippet:-1, max-image-preview:large, max-video-preview:-1\" \/>\n<link rel=\"canonical\" href=\"https:\/\/elfsight.com\/pl\/facebook-feed-widget\/iframe\/\" \/>\n<meta property=\"og:locale\" content=\"pl_PL\" \/>\n<meta property=\"og:type\" content=\"article\" \/>\n<meta property=\"og:title\" content=\"Wtyczka iFrame Facebook Feed dla Twojej witryny (bezp\u0142atna i szybka)\" \/>\n<meta property=\"og:description\" content=\"Dodaj responsywn\u0105 wtyczk\u0119 Facebook Feed do swojej witryny iFrame. Skorzystaj z elastycznego edytora Elfsight i skonfiguruj swoj\u0105 wtyczk\u0119 w zaledwie 3 minuty.\" \/>\n<meta property=\"og:url\" content=\"https:\/\/elfsight.com\/pl\/facebook-feed-widget\/iframe\/\" \/>\n<meta property=\"og:site_name\" content=\"Elfsight PL\" \/>\n<meta property=\"article:modified_time\" content=\"2025-06-19T13:43:01+00:00\" \/>\n<meta name=\"twitter:card\" content=\"summary_large_image\" \/>\n<meta name=\"twitter:label1\" content=\"Szacowany czas czytania\" \/>\n\t<meta name=\"twitter:data1\" content=\"4 minuty\" \/>\n<!-- \/ Yoast SEO plugin. -->","yoast_head_json":{"title":"Wtyczka iFrame Facebook Feed dla Twojej witryny (bezp\u0142atna i szybka)","description":"Dodaj responsywn\u0105 wtyczk\u0119 Facebook Feed do swojej witryny iFrame. Skorzystaj z elastycznego edytora Elfsight i skonfiguruj swoj\u0105 wtyczk\u0119 w zaledwie 3 minuty.","robots":{"index":"index","follow":"follow","max-snippet":"max-snippet:-1","max-image-preview":"max-image-preview:large","max-video-preview":"max-video-preview:-1"},"canonical":"https:\/\/elfsight.com\/pl\/facebook-feed-widget\/iframe\/","og_locale":"pl_PL","og_type":"article","og_title":"Wtyczka iFrame Facebook Feed dla Twojej witryny (bezp\u0142atna i szybka)","og_description":"Dodaj responsywn\u0105 wtyczk\u0119 Facebook Feed do swojej witryny iFrame. Skorzystaj z elastycznego edytora Elfsight i skonfiguruj swoj\u0105 wtyczk\u0119 w zaledwie 3 minuty.","og_url":"https:\/\/elfsight.com\/pl\/facebook-feed-widget\/iframe\/","og_site_name":"Elfsight PL","article_modified_time":"2025-06-19T13:43:01+00:00","twitter_card":"summary_large_image","twitter_misc":{"Szacowany czas czytania":"4 minuty"},"schema":{"@context":"https:\/\/schema.org","@graph":[{"@type":"WebPage","@id":"https:\/\/elfsight.com\/pl\/facebook-feed-widget\/iframe\/","url":"https:\/\/elfsight.com\/pl\/facebook-feed-widget\/iframe\/","name":"Wtyczka iFrame Facebook Feed dla Twojej witryny (bezp\u0142atna i szybka)","isPartOf":{"@id":"https:\/\/elfsight.com\/pl\/#website"},"datePublished":"2024-05-03T06:35:49+00:00","dateModified":"2025-06-19T13:43:01+00:00","description":"Dodaj responsywn\u0105 wtyczk\u0119 Facebook Feed do swojej witryny iFrame. Skorzystaj z elastycznego edytora Elfsight i skonfiguruj swoj\u0105 wtyczk\u0119 w zaledwie 3 minuty.","breadcrumb":{"@id":"https:\/\/elfsight.com\/pl\/facebook-feed-widget\/iframe\/#breadcrumb"},"inLanguage":"pl-PL","potentialAction":[{"@type":"ReadAction","target":["https:\/\/elfsight.com\/pl\/facebook-feed-widget\/iframe\/"]}]},{"@type":"BreadcrumbList","@id":"https:\/\/elfsight.com\/pl\/facebook-feed-widget\/iframe\/#breadcrumb","itemListElement":[{"@type":"ListItem","position":1,"name":"Home","item":"https:\/\/elfsight.com\/pl\/"},{"@type":"ListItem","position":2,"name":"Facebook Feed","item":"https:\/\/elfsight.com\/pl\/facebook-feed-widget\/"},{"@type":"ListItem","position":3,"name":"Facebook Feed &#8211; iFrame"}]},{"@type":"WebSite","@id":"https:\/\/elfsight.com\/pl\/#website","url":"https:\/\/elfsight.com\/pl\/","name":"Elfsight PL","description":"Just another Elfsight Sites site","potentialAction":[{"@type":"SearchAction","target":{"@type":"EntryPoint","urlTemplate":"https:\/\/elfsight.com\/pl\/?s={search_term_string}"},"query-input":{"@type":"PropertyValueSpecification","valueRequired":true,"valueName":"search_term_string"}}],"inLanguage":"pl-PL"}]}},"meta_box":{"industry":"","seo_heading":"","heading":"","description":"","cta_heading":"","cta_description":"","application":"1841","h1":"Wtyczka iFrame Facebook Feed","h1_caption":"Osadzaj posty ze swojej strony na Facebooku, aby bez wysi\u0142ku odwiedzaj\u0105cy Twoj\u0105 witryn\u0119 informowali o najnowszych aktualizacjach i aktualno\u015bciach w Twojej witrynie iFrame.","application_category":[],"applications_title":"","applications_request_title":"","applications_request_button_text":"","hero_text":"","hero_video":"","hero_video_schema_markup":"","selling_points_title":"","selling_points_caption":"","selling_points":[],"selling_points_cta_text":"","features_title":"","features":"","ed_cta_examples_text":"","ed_cta_examples_hidden":"","ed_cta_demo_text":"","ed_cta_demo_hidden":"","why_caption":"","why_editor_title":"","why_editor_text":"","why_team_title":"","why_team_text":"","why_service_title":"","why_service_text":"","template_catalog_visible":"0","template_catalog_title":"","template_catalog_text":"","template_catalog_categories_visible":"","demo_title":"Utw\u00f3rz wid\u017cet kana\u0142u Facebook","demo_caption":"Skonfiguruj sw\u00f3j kana\u0142 na Facebooku i dodaj go do swojej witryny iFrame za darmo!","default_faq_hidden":"","app_template_category":[],"platform":"187","template_public_id":"","codecanyon_url":"","codecanyon_item_id":"","codecanyon_price":"","pricing_caption":"","pricing_elfsight_apps_hide_column":"","pricing_elfsight_apps_url":"","pricing_codecanyon_price_caption":"","integration_category":[],"integration_request_title":"","integration_request_cta":"","integration_platform":"","integrations":[],"platform_category":[],"video_schema_markup":"","price":"od 0 USD \/ miesi\u0105c","trial":"","benefits":[{"text":"Bezp\u0142atna us\u0142uga monta\u017cu"},{"text":"Profesjonalna obs\u0142uga klienta"},{"text":"14-dniowa gwarancja zwrotu pieni\u0119dzy"}],"button_url":"#demo","button_target_blank":"0","button_nofollow":"0","attributes":[{"name":"Instaluje"},{"name":"Czu\u0142y"},{"name":"Kompatybilne przegl\u0105darki"}],"tags":[],"tags_disable_links":"0","hide_more_platforms":"0","video_object":"","demo_hide_cta":"0","demo_hide_cloud_options":"0","pricing_title":"","pricing":[{"pricing_icon":"platform","pricing_title":"Elfsight Apps","pricing_title_caption":"Oprogramowanie niezale\u017cne od platformy","pricing_price":"od 0 USD \/ miesi\u0105c","pricing_price_caption":"zacznij od bezp\u0142atnego planu","pricing_benefits":[{"text":"Nielimitowane domeny"},{"text":"Profesjonalne wsparcie"},{"text":"Bezp\u0142atna pomoc przy instalacji"},{"text":"\u015awietna oferta na wiele aplikacji"}],"pricing_button_text":"Dodaj do witryny","pricing_button_url":"#demo"}],"related_apps_title":"","related_apps_hidden":"0","author":"","image":[],"title":"","job":"","social_networks":[]},"_links":{"self":[{"href":"https:\/\/elfsight.com\/pl\/wp-json\/wp\/v2\/pages\/5046","targetHints":{"allow":["GET"]}}],"collection":[{"href":"https:\/\/elfsight.com\/pl\/wp-json\/wp\/v2\/pages"}],"about":[{"href":"https:\/\/elfsight.com\/pl\/wp-json\/wp\/v2\/types\/page"}],"author":[{"embeddable":true,"href":"https:\/\/elfsight.com\/pl\/wp-json\/wp\/v2\/users\/9"}],"replies":[{"embeddable":true,"href":"https:\/\/elfsight.com\/pl\/wp-json\/wp\/v2\/comments?post=5046"}],"version-history":[{"count":2,"href":"https:\/\/elfsight.com\/pl\/wp-json\/wp\/v2\/pages\/5046\/revisions"}],"predecessor-version":[{"id":10118,"href":"https:\/\/elfsight.com\/pl\/wp-json\/wp\/v2\/pages\/5046\/revisions\/10118"}],"up":[{"embeddable":true,"href":"https:\/\/elfsight.com\/pl\/wp-json\/wp\/v2\/pages\/1843"}],"wp:attachment":[{"href":"https:\/\/elfsight.com\/pl\/wp-json\/wp\/v2\/media?parent=5046"}],"curies":[{"name":"wp","href":"https:\/\/api.w.org\/{rel}","templated":true}]}}