{"id":5045,"date":"2024-05-03T06:35:48","date_gmt":"2024-05-03T06:35:48","guid":{"rendered":"https:\/\/elfsight.com\/pl\/?page_id=5045"},"modified":"2025-06-19T13:40:55","modified_gmt":"2025-06-19T13:40:55","slug":"facebook","status":"publish","type":"page","link":"https:\/\/elfsight.com\/pl\/facebook-feed-widget\/facebook\/","title":{"rendered":"Facebook Feed &#8211; Facebook Page"},"content":{"rendered":"<div class=\"application-platform-content-item-description application-platform-content-item\" id=\"description\" data-nav-section=\"description\">\n<h2>Opis<\/h2>\n<p>Wy\u015bwietlaj dowolny kana\u0142 za pomoc\u0105 naszego uniwersalnego widgetu Facebooka. Strony, filmy, zdj\u0119cia \u2013 mo\u017cesz mie\u0107 pewno\u015b\u0107, \u017ce Twoi odwiedzaj\u0105cy nie umkn\u0105 \u017cadnej informacji. Elegancki interfejs z rozpoznawalnymi cechami Facebooka nie pozostanie niezauwa\u017cony i pozwoli Ci nie tylko utrzyma\u0107 obecnych u\u017cytkownik\u00f3w na stronie, ale tak\u017ce przyci\u0105gn\u0105\u0107 nowych subskrybent\u00f3w Facebooka.<\/p>\n<p><b>Przenie\u015b swoj\u0105 stron\u0119 do nast\u0119pnego poziomu za pomoc\u0105 wid\u017cetu strony na Facebooku.<\/b><\/p>\n<\/div>\n\n<div class=\"application-platform-content-item-features application-platform-content-item\" id=\"features\" data-nav-section=\"features\">\n<h2>Funkcje<\/h2>\n<p>Kilka funkcji, kt\u00f3re sprawi\u0105, \u017ce nasz widget stanie si\u0119 niezb\u0119dnym narz\u0119dziem do Strona firmowa na Facebooku.<\/p>\n<ul>\n    <li>Regulowana szeroko\u015b\u0107 i wysoko\u015b\u0107;<\/li>\n    <li>Obs\u0142ugiwane s\u0105 3 typy tre\u015bci na Facebooku: posty, filmy i zdj\u0119cia z albumami;<\/li>\n    <li>Polub i przyciski Udost\u0119pnij w nag\u0142\u00f3wku;<\/li>\n    <li>Konfigurowalne wyskakuj\u0105ce okienka z prze\u0142\u0105czanymi elementami.<\/li>\n<\/ul>\n<p><a href=\"#demo\">Odkryj wszystkie zalety demonstracji na \u017cywo<\/a><\/p>\n<\/div>\n\n<div class=\"application-platform-content-item-installation application-platform-content-item\" id=\"installation\" data-nav-section=\"installation\">\n<h2>Jak doda\u0107 dowolny kana\u0142 profilu do strony na Facebooku<\/h2>\n<p>Przeczytaj nasz\u0105 instrukcj\u0119, aby doko\u0144czy\u0107 instalacj\u0119. Proces zajmie mniej ni\u017c kilka minut i nie wymaga umiej\u0119tno\u015bci programistycznych.<\/p>\n<ul>\n    <li><b>Wygeneruj spersonalizowany wid\u017cet kana\u0142u<\/b><br>Korzystaj\u0105c z naszej bezp\u0142atnej wersji demonstracyjnej, wygeneruj wtyczk\u0119 z wybran\u0105 kompozycj\u0119 i funkcjonalno\u015b\u0107.<\/li>\n    <li><b>Otrzymaj indywidualny kod do zainstalowania wtyczki<\/b><br>Po dostosowaniu wid\u017cetu otrzymasz indywidualny kod z wyskakuj\u0105cego powiadomienia w Elfsight Aplikacje. Skopiuj kod do wykorzystania w przysz\u0142o\u015bci. <\/li>\n    <li><b>Dodaj wid\u017cet do strony na Facebooku<\/b><br>Utw\u00f3rz w\u0142asn\u0105 zak\u0142adk\u0119 na Facebooku. Wpisz w zak\u0142adce kod otrzymany w aplikacji elfsight. Je\u015bli masz jakiekolwiek problemy, po prostu zapoznaj si\u0119 z naszym przewodnikiem na stronie <a href=\"https:\/\/elfsight.com\/blog\/how-to-add-custom-tab-to-facebook-page\/\" target=\"_blank\" rel=\"noopener noreferrer\">tworzenie niestandardowej karty Facebook<\/a><\/li>\n    <li><b>Konfiguracja powiod\u0142a si\u0119! <\/b><br>Przejd\u017a na stron\u0119, aby wy\u015bwietli\u0107 sw\u00f3j kana\u0142. <\/li>\n<\/ul>\n<p>Je\u015bli potrzebujesz szczeg\u00f3\u0142owej pomocy, zapoznaj si\u0119 ze szczeg\u00f3\u0142ow\u0105 instrukcj\u0105 \u201eJak zainstalowa\u0107 kana\u0142 Facebook Feed na Facebooku\u201d lub skontaktuj si\u0119 z naszym dzia\u0142em obs\u0142ugi klienta, a ch\u0119tnie udzielimy Ci wszelkiej pomocy.<\/p>\n<\/div>","protected":false},"excerpt":{"rendered":"","protected":false},"author":9,"featured_media":0,"parent":1843,"menu_order":0,"comment_status":"closed","ping_status":"closed","template":"templates\/template-application-platform.php","meta":{"publish_to_discourse":"","publish_post_category":"","wpdc_auto_publish_overridden":"","wpdc_topic_tags":"","wpdc_pin_topic":"","wpdc_pin_until":"","discourse_post_id":"","discourse_permalink":"","wpdc_publishing_response":"","wpdc_publishing_error":"","footnotes":""},"class_list":["post-5045","page","type-page","status-publish","hentry"],"yoast_head":"<!-- This site is optimized with the Yoast SEO plugin v25.3.1 - https:\/\/yoast.com\/wordpress\/plugins\/seo\/ -->\n<title>Dodaj dowolny kana\u0142 Facebooka do strony na Facebooku (2025)<\/title>\n<meta name=\"description\" content=\"Poka\u017c najlepsz\u0105 kart\u0119 Kana\u0142 na swojej stronie firmowej na Facebooku. Skorzystaj z kreatora na \u017cywo Elfsight i ukszta\u0142tuj sw\u00f3j unikalny widget w zaledwie 3 minuty.\" \/>\n<meta name=\"robots\" content=\"index, follow, max-snippet:-1, max-image-preview:large, max-video-preview:-1\" \/>\n<link rel=\"canonical\" href=\"https:\/\/elfsight.com\/pl\/facebook-feed-widget\/facebook\/\" \/>\n<meta property=\"og:locale\" content=\"pl_PL\" \/>\n<meta property=\"og:type\" content=\"article\" \/>\n<meta property=\"og:title\" content=\"Dodaj dowolny kana\u0142 Facebooka do strony na Facebooku (2025)\" \/>\n<meta property=\"og:description\" content=\"Poka\u017c najlepsz\u0105 kart\u0119 Kana\u0142 na swojej stronie firmowej na Facebooku. Skorzystaj z kreatora na \u017cywo Elfsight i ukszta\u0142tuj sw\u00f3j unikalny widget w zaledwie 3 minuty.\" \/>\n<meta property=\"og:url\" content=\"https:\/\/elfsight.com\/pl\/facebook-feed-widget\/facebook\/\" \/>\n<meta property=\"og:site_name\" content=\"Elfsight PL\" \/>\n<meta property=\"article:modified_time\" content=\"2025-06-19T13:40:55+00:00\" \/>\n<meta name=\"twitter:card\" content=\"summary_large_image\" \/>\n<meta name=\"twitter:label1\" content=\"Szacowany czas czytania\" \/>\n\t<meta name=\"twitter:data1\" content=\"2 minuty\" \/>\n<!-- \/ Yoast SEO plugin. -->","yoast_head_json":{"title":"Dodaj dowolny kana\u0142 Facebooka do strony na Facebooku (2025)","description":"Poka\u017c najlepsz\u0105 kart\u0119 Kana\u0142 na swojej stronie firmowej na Facebooku. Skorzystaj z kreatora na \u017cywo Elfsight i ukszta\u0142tuj sw\u00f3j unikalny widget w zaledwie 3 minuty.","robots":{"index":"index","follow":"follow","max-snippet":"max-snippet:-1","max-image-preview":"max-image-preview:large","max-video-preview":"max-video-preview:-1"},"canonical":"https:\/\/elfsight.com\/pl\/facebook-feed-widget\/facebook\/","og_locale":"pl_PL","og_type":"article","og_title":"Dodaj dowolny kana\u0142 Facebooka do strony na Facebooku (2025)","og_description":"Poka\u017c najlepsz\u0105 kart\u0119 Kana\u0142 na swojej stronie firmowej na Facebooku. Skorzystaj z kreatora na \u017cywo Elfsight i ukszta\u0142tuj sw\u00f3j unikalny widget w zaledwie 3 minuty.","og_url":"https:\/\/elfsight.com\/pl\/facebook-feed-widget\/facebook\/","og_site_name":"Elfsight PL","article_modified_time":"2025-06-19T13:40:55+00:00","twitter_card":"summary_large_image","twitter_misc":{"Szacowany czas czytania":"2 minuty"},"schema":{"@context":"https:\/\/schema.org","@graph":[{"@type":"WebPage","@id":"https:\/\/elfsight.com\/pl\/facebook-feed-widget\/facebook\/","url":"https:\/\/elfsight.com\/pl\/facebook-feed-widget\/facebook\/","name":"Dodaj dowolny kana\u0142 Facebooka do strony na Facebooku (2025)","isPartOf":{"@id":"https:\/\/elfsight.com\/pl\/#website"},"datePublished":"2024-05-03T06:35:48+00:00","dateModified":"2025-06-19T13:40:55+00:00","description":"Poka\u017c najlepsz\u0105 kart\u0119 Kana\u0142 na swojej stronie firmowej na Facebooku. Skorzystaj z kreatora na \u017cywo Elfsight i ukszta\u0142tuj sw\u00f3j unikalny widget w zaledwie 3 minuty.","breadcrumb":{"@id":"https:\/\/elfsight.com\/pl\/facebook-feed-widget\/facebook\/#breadcrumb"},"inLanguage":"pl-PL","potentialAction":[{"@type":"ReadAction","target":["https:\/\/elfsight.com\/pl\/facebook-feed-widget\/facebook\/"]}]},{"@type":"BreadcrumbList","@id":"https:\/\/elfsight.com\/pl\/facebook-feed-widget\/facebook\/#breadcrumb","itemListElement":[{"@type":"ListItem","position":1,"name":"Home","item":"https:\/\/elfsight.com\/pl\/"},{"@type":"ListItem","position":2,"name":"Facebook Feed","item":"https:\/\/elfsight.com\/pl\/facebook-feed-widget\/"},{"@type":"ListItem","position":3,"name":"Facebook Feed &#8211; Facebook Page"}]},{"@type":"WebSite","@id":"https:\/\/elfsight.com\/pl\/#website","url":"https:\/\/elfsight.com\/pl\/","name":"Elfsight PL","description":"Just another Elfsight Sites site","potentialAction":[{"@type":"SearchAction","target":{"@type":"EntryPoint","urlTemplate":"https:\/\/elfsight.com\/pl\/?s={search_term_string}"},"query-input":{"@type":"PropertyValueSpecification","valueRequired":true,"valueName":"search_term_string"}}],"inLanguage":"pl-PL"}]}},"meta_box":{"industry":"","seo_heading":"","heading":"","description":"","cta_heading":"","cta_description":"","application":"1841","h1":"Kana\u0142 Facebooka dla strony na Facebooku","h1_caption":"Osadzaj posty ze swojej strony na Facebooku, aby bez wysi\u0142ku odwiedzaj\u0105cy Twoj\u0105 witryn\u0119 informowali o najnowszych aktualizacjach i aktualno\u015bciach na Twojej stronie na Facebooku.","application_category":[],"applications_title":"","applications_request_title":"","applications_request_button_text":"","hero_text":"","hero_video":"","hero_video_schema_markup":"","selling_points_title":"","selling_points_caption":"","selling_points":[],"selling_points_cta_text":"","features_title":"","features":"","ed_cta_examples_text":"","ed_cta_examples_hidden":"","ed_cta_demo_text":"","ed_cta_demo_hidden":"","why_caption":"","why_editor_title":"","why_editor_text":"","why_team_title":"","why_team_text":"","why_service_title":"","why_service_text":"","template_catalog_visible":"0","template_catalog_title":"","template_catalog_text":"","template_catalog_categories_visible":"","demo_title":"Utw\u00f3rz wid\u017cet kana\u0142u Facebook","demo_caption":"Skonfiguruj sw\u00f3j kana\u0142 na Facebooku i dodaj go do swojej strony na Facebooku za darmo!","default_faq_hidden":"","app_template_category":[],"platform":"319","template_public_id":"","codecanyon_url":"","codecanyon_item_id":"","codecanyon_price":"","pricing_caption":"","pricing_elfsight_apps_hide_column":"","pricing_elfsight_apps_url":"","pricing_codecanyon_price_caption":"","integration_category":[],"integration_request_title":"","integration_request_cta":"","integration_platform":"","integrations":[],"platform_category":[],"video_schema_markup":"","price":"od 0 USD \/ miesi\u0105c","trial":"","benefits":[{"text":"Bezp\u0142atna pomoc w monta\u017cu"},{"text":"Do\u015bwiadczona obs\u0142uga klienta"},{"text":"14-dniowa gwarancja zwrotu pieni\u0119dzy"}],"button_url":"#demo","button_target_blank":"0","button_nofollow":"0","attributes":[{"name":"Instaluje"},{"name":"Reakcja na co\u015b"},{"name":"Kompatybilne przegl\u0105darki"}],"tags":[],"tags_disable_links":"0","hide_more_platforms":"0","video_object":"","demo_hide_cta":"0","demo_hide_cloud_options":"0","pricing_title":"","pricing":[{"pricing_icon":"platform","pricing_title":"Elfsight Apps","pricing_title_caption":"Niezale\u017cne od platformy rozwi\u0105zanie cyfrowe, kt\u00f3re dzia\u0142a na ka\u017cdej stronie internetowej","pricing_price":"od 0 USD \/ miesi\u0105c","pricing_price_caption":"zacznij od bezp\u0142atnego planu","pricing_benefits":[{"text":"Nielimitowane domeny"},{"text":"Profesjonalne i terminowe wsparcie"},{"text":"Bezp\u0142atna pomoc w instalacji"},{"text":"Elastyczny projekt"}],"pricing_button_text":"Dodaj do witryny","pricing_button_url":"#demo"}],"related_apps_title":"","related_apps_hidden":"0","author":"","image":[],"title":"","job":"","social_networks":[]},"_links":{"self":[{"href":"https:\/\/elfsight.com\/pl\/wp-json\/wp\/v2\/pages\/5045","targetHints":{"allow":["GET"]}}],"collection":[{"href":"https:\/\/elfsight.com\/pl\/wp-json\/wp\/v2\/pages"}],"about":[{"href":"https:\/\/elfsight.com\/pl\/wp-json\/wp\/v2\/types\/page"}],"author":[{"embeddable":true,"href":"https:\/\/elfsight.com\/pl\/wp-json\/wp\/v2\/users\/9"}],"replies":[{"embeddable":true,"href":"https:\/\/elfsight.com\/pl\/wp-json\/wp\/v2\/comments?post=5045"}],"version-history":[{"count":2,"href":"https:\/\/elfsight.com\/pl\/wp-json\/wp\/v2\/pages\/5045\/revisions"}],"predecessor-version":[{"id":10116,"href":"https:\/\/elfsight.com\/pl\/wp-json\/wp\/v2\/pages\/5045\/revisions\/10116"}],"up":[{"embeddable":true,"href":"https:\/\/elfsight.com\/pl\/wp-json\/wp\/v2\/pages\/1843"}],"wp:attachment":[{"href":"https:\/\/elfsight.com\/pl\/wp-json\/wp\/v2\/media?parent=5045"}],"curies":[{"name":"wp","href":"https:\/\/api.w.org\/{rel}","templated":true}]}}