{"id":5037,"date":"2024-05-03T06:35:44","date_gmt":"2024-05-03T06:35:44","guid":{"rendered":"https:\/\/elfsight.com\/pl\/?page_id=5037"},"modified":"2024-10-24T11:58:25","modified_gmt":"2024-10-24T11:58:25","slug":"godaddy","status":"publish","type":"page","link":"https:\/\/elfsight.com\/pl\/facebook-feed-widget\/godaddy\/","title":{"rendered":"Facebook Feed &#8211; GoDaddy"},"content":{"rendered":"<div class=\"application-platform-content-item-description application-platform-content-item\" id=\"description\" data-nav-section=\"description\"> <h2>Umie\u015b\u0107 kana\u0142 Facebooka w GoDaddy za pomoc\u0105 wid\u017cetu Elfsight<\/h2> <p>Recenzje Elfsight na Facebooku to prosty spos\u00f3b na zintegrowanie recenzji z Facebooka na swoj\u0105 stron\u0119 internetow\u0105 i zwi\u0119ksz zaufanie do swojej marki w\u015br\u00f3d os\u00f3b odwiedzaj\u0105cych witryn\u0119. Mo\u017cesz filtrowa\u0107 recenzje, dodawa\u0107 gwiazdki, informacje o autorze i wy\u015bwietla\u0107 przycisk umo\u017cliwiaj\u0105cy pozostawienie nowej recenzji. Nasza wtyczka Facebook Reviews oferuje r\u00f3\u017cne uk\u0142ady i szablony recenzji, prze\u0142\u0105czalne elementy i elastyczny nag\u0142\u00f3wek dla maksymalnego dostosowania. Dzi\u0119ki recenzjom na Facebooku w witrynie wyka\u017cesz si\u0119 wysok\u0105 ocen\u0105, wzmocnisz zaufanie i zdob\u0119dziesz jeszcze wi\u0119cej recenzji.<\/p> <p><b>Zwi\u0119ksz zaufanie, pokazuj\u0105c recenzje prawdziwych ludzi z informacjami o autorze!<\/b><\/p> <\/div> <div class=\"application-platform-content-item-features application-platform-content-item\" id=\"features\" data-nav-section=\"features\"> <h2>To tylko kilka r\u00f3\u017cnych funkcji wtyczki: <\/h2> <ul><li>obs\u0142ugiwane s\u0105 22 predefiniowane j\u0119zyki; <\/li> <li>Nawigacja za pomoc\u0105 strza\u0142ek i przeci\u0105gania w uk\u0142adzie Slider; <\/li> <li>Regulowana szeroko\u015b\u0107 i wysoko\u015b\u0107 wtyczki; <\/li> <li>Przycisk pro\u015bby o sprawdzenie, umo\u017cliwiaj\u0105cy przekierowanie na stron\u0119 na Facebooku; <\/li> <li>Trzy typy dekoracji recenzji: Obramowanie, T\u0142o, Brak; <\/li> <\/ul><p><a href=\"#demo\">Mo\u017cesz pozna\u0107 mo\u017cliwo\u015bci wtyczki, korzystaj\u0105c z wersji demonstracyjnej<\/a><\/p> <\/div> <div class=\"application-platform-content-item-installation application-platform-content-item\" id=\"installation\" data-nav-section=\"installation\"> <h2>Jak mog\u0119 osadzi\u0107 recenzje z Facebooka w mojej witrynie GoDaddy? <\/h2> <p>Wystarczy wykona\u0107 kilka krok\u00f3w podanych poni\u017cej, aby zainstalowa\u0107 wtyczk\u0119. <\/p> <ol><li><b>Skorzystaj z naszej bezp\u0142atnej wersji demonstracyjnej i zacznij tworzy\u0107 sw\u00f3j w\u0142asny instrument. <\/b><br> Okre\u015bl odpowiedni\u0105 form\u0119 i specyfikacje wtyczki i zapisz zmiany. <\/li> <li><b>Odbierz sw\u00f3j indywidualny kod pojawiaj\u0105cy si\u0119 w oknie aplikacji Elfsight. <\/b><br> Po zako\u0144czeniu generowania wtyczki skopiuj indywidualny kod w wy\u015bwietlonym oknie i zapisz go do p\u00f3\u017aniejszego wykorzystania. <\/li> <li><b>Zacznij korzysta\u0107 z wtyczki w swojej witrynie GoDaddy. <\/b><br> Zintegruj ostatnio skopiowany kod ze swoj\u0105 stron\u0105 i zapisz zmiany. <\/li> <li><b>Gotowe! Osadzanie zosta\u0142o w pe\u0142ni zako\u0144czone. <\/b><br> Wejd\u017a na swoj\u0105 stron\u0119 i sprawd\u017a dzia\u0142anie wtyczki. <\/li><\/ol> <p>Je\u015bli masz pytania lub napotkasz jakiekolwiek trudno\u015bci, nie wahaj si\u0119 skontaktowa\u0107 z naszym dzia\u0142em obs\u0142ugi klienta. Nasi konsultanci z przyjemno\u015bci\u0105 rozwi\u0105\u017c\u0105 wszystkie problemy, jakie mo\u017cesz mie\u0107 z wtyczk\u0105. <\/p> <\/div><div class=\"faq\" data-component=\"FAQ\"><div class=\"faq-item\">\r\n\t\t\t\t\t<div class=\"faq-item-question\">\r\n\t\t\t\t\t\t<h3 class=\"faq-item-question-text\">Czy istnieje mo\u017cliwo\u015b\u0107 dodania czatu WhatsApp do mojej witryny GoDaddy bez do\u015bwiadczenia w programowaniu?<\/h3>\r\n\r\n\t\t\t\t\t\t<div class=\"faq-item-question-icon\"><\/div>\r\n\t\t\t\t\t<\/div>\r\n\r\n\t\t\t\t\t<div class=\"faq-item-answer\">\r\n\t\t\t\t\t\t<div class=\"faq-item-answer-text\"><p>Dostarczana przez firm\u0119 Elfsight rozwi\u0105zanie, kt\u00f3re umo\u017cliwia samodzielne zbudowanie sekcji czatu w WhatsApp, zapoznaj si\u0119 z prostym przewodnikiem: <\/p><ul><li>Rozpocznij prac\u0119 bezpo\u015brednio w edytorze na \u017cywo, aby wygenerowa\u0107 sekcj\u0119 czatu w WhatsApp, kt\u00f3ra ma si\u0119 pojawia\u0107 w witrynie GoDaddy.<\/li><li>Kliknij jeden z gotowych szablon\u00f3w i dostosuj ustawienia WhatsApp Chat, dodaj tre\u015b\u0107, zmie\u0144 uk\u0142ad i kolory bez konieczno\u015bci kodowania.<\/li><li>Kliknij, aby zapisa\u0107 WhatsApp Chat i skopiowa\u0107 wtyczki kod instalacyjny, kt\u00f3ry mo\u017cesz bezp\u0142atnie umie\u015bci\u0107 na stronie g\u0142\u00f3wnej GoDaddy. <\/li><\/ul><p>Dzi\u0119ki naszemu przyjaznemu dla u\u017cytkownika konfiguratorowi ka\u017cdy u\u017cytkownik Internetu mo\u017ce utworzy\u0107 wtyczk\u0119 WhatsApp Chat online i bez problemu doda\u0107 j\u0105 do strony g\u0142\u00f3wnej GoDaddy. Aby wej\u015b\u0107 do naszego Edytora, nie jest konieczne wykupienie p\u0142atnej subskrypcji ani podanie danych logowania do karty. Je\u015bli napotkasz jakiekolwiek problemy, nie wahaj si\u0119 porozmawia\u0107 z naszym zespo\u0142em pomocy technicznej.<\/p><\/div>\r\n\t\t\t\t\t<\/div>\r\n\t\t\t\t<\/div><\/div>","protected":false},"excerpt":{"rendered":"","protected":false},"author":9,"featured_media":0,"parent":1843,"menu_order":0,"comment_status":"closed","ping_status":"closed","template":"templates\/template-application-platform.php","meta":{"publish_to_discourse":"","publish_post_category":"","wpdc_auto_publish_overridden":"","wpdc_topic_tags":"","wpdc_pin_topic":"","wpdc_pin_until":"","discourse_post_id":"","discourse_permalink":"","wpdc_publishing_response":"","wpdc_publishing_error":"","footnotes":""},"class_list":["post-5037","page","type-page","status-publish","hentry"],"yoast_head":"<!-- This site is optimized with the Yoast SEO plugin v25.3.1 - https:\/\/yoast.com\/wordpress\/plugins\/seo\/ -->\n<title>Wtyczka Facebook Reviews \u2014 Dodaj wtyczk\u0119 Recenzje do witryny GoDaddy!<\/title>\n<meta name=\"description\" content=\"Zintegruj responsywn\u0105 wtyczk\u0119 Facebook Feed ze swoj\u0105 witryn\u0105 GoDaddy bez praktyki programowania w 2024 r. Odkryj wersj\u0119 demonstracyjn\u0105 Elfsight na \u017cywo!\" \/>\n<meta name=\"robots\" content=\"index, follow, max-snippet:-1, max-image-preview:large, max-video-preview:-1\" \/>\n<link rel=\"canonical\" href=\"https:\/\/elfsight.com\/pl\/facebook-feed-widget\/godaddy\/\" \/>\n<meta property=\"og:locale\" content=\"pl_PL\" \/>\n<meta property=\"og:type\" content=\"article\" \/>\n<meta property=\"og:title\" content=\"Wtyczka Facebook Reviews \u2014 Dodaj wtyczk\u0119 Recenzje do witryny GoDaddy!\" \/>\n<meta property=\"og:description\" content=\"Zintegruj responsywn\u0105 wtyczk\u0119 Facebook Feed ze swoj\u0105 witryn\u0105 GoDaddy bez praktyki programowania w 2024 r. Odkryj wersj\u0119 demonstracyjn\u0105 Elfsight na \u017cywo!\" \/>\n<meta property=\"og:url\" content=\"https:\/\/elfsight.com\/pl\/facebook-feed-widget\/godaddy\/\" \/>\n<meta property=\"og:site_name\" content=\"Elfsight PL\" \/>\n<meta property=\"article:modified_time\" content=\"2024-10-24T11:58:25+00:00\" \/>\n<meta name=\"twitter:card\" content=\"summary_large_image\" \/>\n<meta name=\"twitter:label1\" content=\"Szacowany czas czytania\" \/>\n\t<meta name=\"twitter:data1\" content=\"3 minuty\" \/>\n<!-- \/ Yoast SEO plugin. -->","yoast_head_json":{"title":"Wtyczka Facebook Reviews \u2014 Dodaj wtyczk\u0119 Recenzje do witryny GoDaddy!","description":"Zintegruj responsywn\u0105 wtyczk\u0119 Facebook Feed ze swoj\u0105 witryn\u0105 GoDaddy bez praktyki programowania w 2024 r. Odkryj wersj\u0119 demonstracyjn\u0105 Elfsight na \u017cywo!","robots":{"index":"index","follow":"follow","max-snippet":"max-snippet:-1","max-image-preview":"max-image-preview:large","max-video-preview":"max-video-preview:-1"},"canonical":"https:\/\/elfsight.com\/pl\/facebook-feed-widget\/godaddy\/","og_locale":"pl_PL","og_type":"article","og_title":"Wtyczka Facebook Reviews \u2014 Dodaj wtyczk\u0119 Recenzje do witryny GoDaddy!","og_description":"Zintegruj responsywn\u0105 wtyczk\u0119 Facebook Feed ze swoj\u0105 witryn\u0105 GoDaddy bez praktyki programowania w 2024 r. Odkryj wersj\u0119 demonstracyjn\u0105 Elfsight na \u017cywo!","og_url":"https:\/\/elfsight.com\/pl\/facebook-feed-widget\/godaddy\/","og_site_name":"Elfsight PL","article_modified_time":"2024-10-24T11:58:25+00:00","twitter_card":"summary_large_image","twitter_misc":{"Szacowany czas czytania":"3 minuty"},"schema":{"@context":"https:\/\/schema.org","@graph":[{"@type":"WebPage","@id":"https:\/\/elfsight.com\/pl\/facebook-feed-widget\/godaddy\/","url":"https:\/\/elfsight.com\/pl\/facebook-feed-widget\/godaddy\/","name":"Wtyczka Facebook Reviews \u2014 Dodaj wtyczk\u0119 Recenzje do witryny GoDaddy!","isPartOf":{"@id":"https:\/\/elfsight.com\/pl\/#website"},"datePublished":"2024-05-03T06:35:44+00:00","dateModified":"2024-10-24T11:58:25+00:00","description":"Zintegruj responsywn\u0105 wtyczk\u0119 Facebook Feed ze swoj\u0105 witryn\u0105 GoDaddy bez praktyki programowania w 2024 r. Odkryj wersj\u0119 demonstracyjn\u0105 Elfsight na \u017cywo!","breadcrumb":{"@id":"https:\/\/elfsight.com\/pl\/facebook-feed-widget\/godaddy\/#breadcrumb"},"inLanguage":"pl-PL","potentialAction":[{"@type":"ReadAction","target":["https:\/\/elfsight.com\/pl\/facebook-feed-widget\/godaddy\/"]}]},{"@type":"BreadcrumbList","@id":"https:\/\/elfsight.com\/pl\/facebook-feed-widget\/godaddy\/#breadcrumb","itemListElement":[{"@type":"ListItem","position":1,"name":"Home","item":"https:\/\/elfsight.com\/pl\/"},{"@type":"ListItem","position":2,"name":"Facebook Feed","item":"https:\/\/elfsight.com\/pl\/facebook-feed-widget\/"},{"@type":"ListItem","position":3,"name":"Facebook Feed &#8211; GoDaddy"}]},{"@type":"WebSite","@id":"https:\/\/elfsight.com\/pl\/#website","url":"https:\/\/elfsight.com\/pl\/","name":"Elfsight PL","description":"Just another Elfsight Sites site","potentialAction":[{"@type":"SearchAction","target":{"@type":"EntryPoint","urlTemplate":"https:\/\/elfsight.com\/pl\/?s={search_term_string}"},"query-input":{"@type":"PropertyValueSpecification","valueRequired":true,"valueName":"search_term_string"}}],"inLanguage":"pl-PL"}]}},"meta_box":{"industry":"","seo_heading":"","heading":"","description":"","cta_heading":"","cta_description":"","application":"1841","h1":"Wtyczka GoDaddy Facebook Feed","h1_caption":"Osadzaj posty ze swojej strony na Facebooku, aby bezproblemowo informowa\u0107 odwiedzaj\u0105cych Twoj\u0105 witryn\u0119 o najnowszych aktualizacjach i aktualno\u015bciach w witrynie GoDaddy.","application_category":[],"applications_title":"","applications_request_title":"","applications_request_button_text":"","hero_text":"","hero_video":"","hero_video_schema_markup":"","selling_points_title":"","selling_points_caption":"","selling_points":[],"selling_points_cta_text":"","features_title":"","features":"","ed_cta_examples_text":"","ed_cta_examples_hidden":"","ed_cta_demo_text":"","ed_cta_demo_hidden":"","why_caption":"","why_editor_title":"","why_editor_text":"","why_team_title":"","why_team_text":"","why_service_title":"","why_service_text":"","template_catalog_visible":"","template_catalog_title":"","template_catalog_text":"","template_catalog_categories_visible":"","demo_title":"Mo\u017cesz tworzy\u0107 niestandardowe kana\u0142y GoDaddy na Facebooku","demo_caption":"Spersonalizuj go i umie\u015b\u0107 wtyczk\u0119 na swojej stronie, korzystaj\u0105c z wersji demonstracyjnej.","default_faq_hidden":"","app_template_category":[],"platform":"180","template_public_id":"","codecanyon_url":"","codecanyon_item_id":"","codecanyon_price":"","pricing_caption":"","pricing_elfsight_apps_hide_column":"","pricing_elfsight_apps_url":"","pricing_codecanyon_price_caption":"","integration_category":[],"integration_request_title":"","integration_request_cta":"","integration_platform":"","integrations":[],"platform_category":[],"video_schema_markup":"","price":"od 0 USD \/ miesi\u0105c","trial":"","benefits":[{"text":"Bezp\u0142atna pomoc w monta\u017cu"},{"text":"Profesjonalna obs\u0142uga klienta"},{"text":"14-dniowa gwarancja zwrotu pieni\u0119dzy"}],"button_url":"#demo","button_target_blank":"","button_nofollow":"","attributes":[{"name":"Instaluje"},{"name":"Czu\u0142y"},{"name":"Kompatybilne przegl\u0105darki"}],"tags":[],"tags_disable_links":"","hide_more_platforms":"","video_object":"","demo_hide_cta":"","demo_hide_cloud_options":"","pricing_title":"","pricing":[{"pricing_icon":"platform","pricing_title":"Elfsight Apps","pricing_title_caption":"Oprogramowanie niezale\u017cne od platformy, kt\u00f3re dzia\u0142a na ka\u017cdej stronie internetowej","pricing_price":"od 0 USD \/ miesi\u0105c","pricing_price_caption":"zacznij od bezp\u0142atnego planu","pricing_benefits":[{"text":"Nielimitowane strony internetowe"},{"text":"Profesjonalna obs\u0142uga klienta i dobrze udokumentowana"},{"text":"Bezp\u0142atna pomoc w monta\u017cu"},{"text":"W pe\u0142ni konfigurowalny"}],"pricing_button_text":"Dodaj do witryny","pricing_button_url":"#demo"}],"related_apps_title":"","related_apps_hidden":"","author":"","image":[],"title":"","job":"","social_networks":[]},"_links":{"self":[{"href":"https:\/\/elfsight.com\/pl\/wp-json\/wp\/v2\/pages\/5037","targetHints":{"allow":["GET"]}}],"collection":[{"href":"https:\/\/elfsight.com\/pl\/wp-json\/wp\/v2\/pages"}],"about":[{"href":"https:\/\/elfsight.com\/pl\/wp-json\/wp\/v2\/types\/page"}],"author":[{"embeddable":true,"href":"https:\/\/elfsight.com\/pl\/wp-json\/wp\/v2\/users\/9"}],"replies":[{"embeddable":true,"href":"https:\/\/elfsight.com\/pl\/wp-json\/wp\/v2\/comments?post=5037"}],"version-history":[{"count":1,"href":"https:\/\/elfsight.com\/pl\/wp-json\/wp\/v2\/pages\/5037\/revisions"}],"predecessor-version":[{"id":5041,"href":"https:\/\/elfsight.com\/pl\/wp-json\/wp\/v2\/pages\/5037\/revisions\/5041"}],"up":[{"embeddable":true,"href":"https:\/\/elfsight.com\/pl\/wp-json\/wp\/v2\/pages\/1843"}],"wp:attachment":[{"href":"https:\/\/elfsight.com\/pl\/wp-json\/wp\/v2\/media?parent=5037"}],"curies":[{"name":"wp","href":"https:\/\/api.w.org\/{rel}","templated":true}]}}