{"id":5032,"date":"2024-05-03T06:35:43","date_gmt":"2024-05-03T06:35:43","guid":{"rendered":"https:\/\/elfsight.com\/pl\/?page_id=5032"},"modified":"2024-10-24T11:57:59","modified_gmt":"2024-10-24T11:57:59","slug":"prestashop","status":"publish","type":"page","link":"https:\/\/elfsight.com\/pl\/facebook-feed-widget\/prestashop\/","title":{"rendered":"Facebook Feed &#8211; PrestaShop"},"content":{"rendered":"<div class=\"application-platform-content-item-description application-platform-content-item\" id=\"description\" data-nav-section=\"description\"> <h2>Opis<\/h2> <p>Elfsight Facebook Feed dla PrestaShop to dodatek, kt\u00f3rego celem jest pomoc we wszystkich rzeczywistych wymaganiach zwi\u0105zanych z pozyskiwaniem wy\u015bwietle\u0144 i \u017c\u0105dania od os\u00f3b odwiedzaj\u0105cych Twoj\u0105 witryn\u0119. Zaprezentuj niezb\u0119dne elementy do wype\u0142nienia, wybierz \u017c\u0105dany szablon i spersonalizuj interfejs, aby zainspirowa\u0107 odwiedzaj\u0105cych do pozostawienia zapyta\u0144 o us\u0142ugi oferowane przez Twoj\u0105 firm\u0119. PrestaShop jest stworzony tak, aby zaspokoi\u0107 ka\u017cd\u0105 Twoj\u0105 potrzeb\u0119 zbierania opinii i utrzymywania kontaktu z odbiorcami. <\/p><p><b>Zacznij korzysta\u0107 z Facebook Feed, aby \u0142atwiej osi\u0105ga\u0107 szczyty biznesowe! <\/b><\/p> <\/div> <div class=\"application-platform-content-item-features application-platform-content-item\" id=\"features\" data-nav-section=\"features\"> <h2>To tylko kilka z wielu funkcji wid\u017cetu: <\/h2> <ul><li>Trzy wy\u015bwietlane typy tre\u015bci na Facebooku: posty, filmy i zdj\u0119cia z albumami<\/li><li>Regulowane elementy nag\u0142\u00f3wka: liczba polubie\u0144, zdj\u0119cie na ok\u0142adce, zdj\u0119cie strony, akcje<\/li><li>Przyciski Udost\u0119pnij i Lubi\u0119 to w nag\u0142\u00f3wku<\/li><li>Posty z prze\u0142\u0105czalnymi informacjami: liczba udost\u0119pnie\u0144, autor, przycisk udost\u0119pniania, liczba polubie\u0144<\/li><li>Zmienny limit post\u00f3w<\/li><li>Filmy z prze\u0142\u0105czanymi informacjami: liczba polubie\u0144, liczba komentarzy, opis<\/li><li> Konfigurowalne wyskakuj\u0105ce okienka z prze\u0142\u0105czanymi elementami: liczba udost\u0119pnie\u0144, autor, komentarze, liczba polubie\u0144<\/li><\/ul><p><a href=\"#demo\">Mo\u017cesz zobaczy\u0107, co oferuje widget, wypr\u00f3bowuj\u0105c wersj\u0119 demonstracyjn\u0105<\/a><\/p> <\/div> <div class=\"application-platform-content-item-installation application-platform-content-item\" id=\"installation\" data-nav-section=\"installation\"> <h2>Jak doda\u0107 kana\u0142 Facebook do mojej witryny PrestaShop? <\/h2> <p>Wystarczy spe\u0142ni\u0107 poni\u017csze wskaz\u00f3wki, aby rozpocz\u0105\u0107 korzystanie z narz\u0119dzia. <\/p> <ol><li><b>Uruchom nasz darmowy edytor i zacznij tworzy\u0107 sw\u00f3j w\u0142asny dodatek. <\/b><br> Wybierz odpowiedni wygl\u0105d i opcje dodatku i zapisz zmiany. <\/li> <li><b>Zdob\u0105d\u017a sw\u00f3j unikalny kod, kt\u00f3ry jest wy\u015bwietlany w specjalnym formularzu w aplikacjach Elfsight. <\/b><br> Po utworzeniu osobistego wid\u017cetu skopiuj ekskluzywny kod z wy\u015bwietlonego pola i zachowaj go do wykorzystania w przysz\u0142o\u015bci. <\/li> <li><b>Rozpocznij korzystanie z narz\u0119dzia na swojej stronie g\u0142\u00f3wnej PrestaShop. <\/b><br> Wpisz skopiowany wcze\u015bniej kod na swojej stronie g\u0142\u00f3wnej i zastosuj zmiany. <\/li> <li><b>Gotowe! Integracja zosta\u0142a pomy\u015blnie przeprowadzona. <\/b><br> Odwied\u017a swoj\u0105 stron\u0119, aby sprawdzi\u0107 dzia\u0142anie dodatku. <\/li><\/ol> <p>Je\u015bli chcesz odpowiedzie\u0107 na zapytania lub napotka\u0107 jakiekolwiek problemy, mo\u017cesz napisa\u0107 do naszego personelu obs\u0142ugi klienta. Nasi specjali\u015bci z przyjemno\u015bci\u0105 rozwi\u0105\u017c\u0105 wszystkie problemy, jakie mo\u017cesz mie\u0107 z widgetem. <\/p> <\/div><div class=\"faq\" data-component=\"FAQ\"><div class=\"faq-item\">\r\n\t\t\t\t\t<div class=\"faq-item-question\">\r\n\t\t\t\t\t\t<h3 class=\"faq-item-question-text\">Czy istnieje spos\u00f3b na dodanie czatu WhatsApp do mojej witryny PrestaShop bez umiej\u0119tno\u015bci kodowania?<\/h3>\r\n\r\n\t\t\t\t\t\t<div class=\"faq-item-question-icon\"><\/div>\r\n\t\t\t\t\t<\/div>\r\n\r\n\t\t\t\t\t<div class=\"faq-item-answer\">\r\n\t\t\t\t\t\t<div class=\"faq-item-answer-text\"><p>Firma Elfsight oferuje rozwi\u0105zanie, kt\u00f3re umo\u017cliwia samodzielne utworzenie wtyczki WhatsApp Chat. Odkryj, jakie to proste: <\/p><ul><li>Przejd\u017a do edytora na \u017cywo, aby utworzy\u0107 wtyczk\u0119 WhatsApp Chat, kt\u00f3r\u0105 chcesz zobaczy\u0107 na stronie internetowej PrestaShop. <\/li><li>Kliknij jeden z naszych gotowych szablon\u00f3w i dostosuj ustawienia czatu WhatsApp, dodaj tre\u015b\u0107, zmie\u0144 uk\u0142ad i kolory bez konieczno\u015bci kodowania.<\/li><li>Zapisz ustawienia wprowadzone w WhatsApp Porozmawiaj i skopiuj kod instalacyjny wid\u017cetu, kt\u00f3ry mo\u017cesz \u0142atwo umie\u015bci\u0107 na stronie g\u0142\u00f3wnej PrestaShop bez konieczno\u015bci zakupu p\u0142atnego planu. <\/li><\/ul><p>Za pomoc\u0105 naszego przyjaznego dla u\u017cytkownika konfiguratora ka\u017cdy u\u017cytkownik Internetu mo\u017ce utworzy\u0107 aplikacj\u0119 WhatsApp Chat i wklei\u0107 j\u0105 na stron\u0119 PrestaShop. Aby skorzysta\u0107 z naszych us\u0142ug, nie wolno p\u0142aci\u0107 ani ujawnia\u0107 danych uwierzytelniaj\u0105cych karty. Je\u015bli na kt\u00f3rymkolwiek etapie napotkasz jakiekolwiek problemy, skontaktuj si\u0119 z naszym zespo\u0142em pomocy.<\/p><\/div>\r\n\t\t\t\t\t<\/div>\r\n\t\t\t\t<\/div><\/div>","protected":false},"excerpt":{"rendered":"","protected":false},"author":9,"featured_media":0,"parent":1843,"menu_order":0,"comment_status":"closed","ping_status":"closed","template":"templates\/template-application-platform.php","meta":{"publish_to_discourse":"","publish_post_category":"","wpdc_auto_publish_overridden":"","wpdc_topic_tags":"","wpdc_pin_topic":"","wpdc_pin_until":"","discourse_post_id":"","discourse_permalink":"","wpdc_publishing_response":"","wpdc_publishing_error":"","footnotes":""},"class_list":["post-5032","page","type-page","status-publish","hentry"],"yoast_head":"<!-- This site is optimized with the Yoast SEO plugin v25.3.1 - https:\/\/yoast.com\/wordpress\/plugins\/seo\/ -->\n<title>Kana\u0142 Facebooka - Umie\u015b\u0107 dodatek Facebook na stronie PrestaShop<\/title>\n<meta name=\"description\" content=\"Umie\u015b\u0107 responsywny wid\u017cet kana\u0142u Facebook na swojej stronie PrestaShop. Przetestuj konstruktora Elfsight i utw\u00f3rz sw\u00f3j dodatek w zaledwie 1 minut\u0119.\" \/>\n<meta name=\"robots\" content=\"index, follow, max-snippet:-1, max-image-preview:large, max-video-preview:-1\" \/>\n<link rel=\"canonical\" href=\"https:\/\/elfsight.com\/pl\/facebook-feed-widget\/prestashop\/\" \/>\n<meta property=\"og:locale\" content=\"pl_PL\" \/>\n<meta property=\"og:type\" content=\"article\" \/>\n<meta property=\"og:title\" content=\"Kana\u0142 Facebooka - Umie\u015b\u0107 dodatek Facebook na stronie PrestaShop\" \/>\n<meta property=\"og:description\" content=\"Umie\u015b\u0107 responsywny wid\u017cet kana\u0142u Facebook na swojej stronie PrestaShop. Przetestuj konstruktora Elfsight i utw\u00f3rz sw\u00f3j dodatek w zaledwie 1 minut\u0119.\" \/>\n<meta property=\"og:url\" content=\"https:\/\/elfsight.com\/pl\/facebook-feed-widget\/prestashop\/\" \/>\n<meta property=\"og:site_name\" content=\"Elfsight PL\" \/>\n<meta property=\"article:modified_time\" content=\"2024-10-24T11:57:59+00:00\" \/>\n<meta name=\"twitter:card\" content=\"summary_large_image\" \/>\n<meta name=\"twitter:label1\" content=\"Szacowany czas czytania\" \/>\n\t<meta name=\"twitter:data1\" content=\"3 minuty\" \/>\n<!-- \/ Yoast SEO plugin. -->","yoast_head_json":{"title":"Kana\u0142 Facebooka - Umie\u015b\u0107 dodatek Facebook na stronie PrestaShop","description":"Umie\u015b\u0107 responsywny wid\u017cet kana\u0142u Facebook na swojej stronie PrestaShop. Przetestuj konstruktora Elfsight i utw\u00f3rz sw\u00f3j dodatek w zaledwie 1 minut\u0119.","robots":{"index":"index","follow":"follow","max-snippet":"max-snippet:-1","max-image-preview":"max-image-preview:large","max-video-preview":"max-video-preview:-1"},"canonical":"https:\/\/elfsight.com\/pl\/facebook-feed-widget\/prestashop\/","og_locale":"pl_PL","og_type":"article","og_title":"Kana\u0142 Facebooka - Umie\u015b\u0107 dodatek Facebook na stronie PrestaShop","og_description":"Umie\u015b\u0107 responsywny wid\u017cet kana\u0142u Facebook na swojej stronie PrestaShop. Przetestuj konstruktora Elfsight i utw\u00f3rz sw\u00f3j dodatek w zaledwie 1 minut\u0119.","og_url":"https:\/\/elfsight.com\/pl\/facebook-feed-widget\/prestashop\/","og_site_name":"Elfsight PL","article_modified_time":"2024-10-24T11:57:59+00:00","twitter_card":"summary_large_image","twitter_misc":{"Szacowany czas czytania":"3 minuty"},"schema":{"@context":"https:\/\/schema.org","@graph":[{"@type":"WebPage","@id":"https:\/\/elfsight.com\/pl\/facebook-feed-widget\/prestashop\/","url":"https:\/\/elfsight.com\/pl\/facebook-feed-widget\/prestashop\/","name":"Kana\u0142 Facebooka - Umie\u015b\u0107 dodatek Facebook na stronie PrestaShop","isPartOf":{"@id":"https:\/\/elfsight.com\/pl\/#website"},"datePublished":"2024-05-03T06:35:43+00:00","dateModified":"2024-10-24T11:57:59+00:00","description":"Umie\u015b\u0107 responsywny wid\u017cet kana\u0142u Facebook na swojej stronie PrestaShop. Przetestuj konstruktora Elfsight i utw\u00f3rz sw\u00f3j dodatek w zaledwie 1 minut\u0119.","breadcrumb":{"@id":"https:\/\/elfsight.com\/pl\/facebook-feed-widget\/prestashop\/#breadcrumb"},"inLanguage":"pl-PL","potentialAction":[{"@type":"ReadAction","target":["https:\/\/elfsight.com\/pl\/facebook-feed-widget\/prestashop\/"]}]},{"@type":"BreadcrumbList","@id":"https:\/\/elfsight.com\/pl\/facebook-feed-widget\/prestashop\/#breadcrumb","itemListElement":[{"@type":"ListItem","position":1,"name":"Home","item":"https:\/\/elfsight.com\/pl\/"},{"@type":"ListItem","position":2,"name":"Facebook Feed","item":"https:\/\/elfsight.com\/pl\/facebook-feed-widget\/"},{"@type":"ListItem","position":3,"name":"Facebook Feed &#8211; PrestaShop"}]},{"@type":"WebSite","@id":"https:\/\/elfsight.com\/pl\/#website","url":"https:\/\/elfsight.com\/pl\/","name":"Elfsight PL","description":"Just another Elfsight Sites site","potentialAction":[{"@type":"SearchAction","target":{"@type":"EntryPoint","urlTemplate":"https:\/\/elfsight.com\/pl\/?s={search_term_string}"},"query-input":{"@type":"PropertyValueSpecification","valueRequired":true,"valueName":"search_term_string"}}],"inLanguage":"pl-PL"}]}},"meta_box":{"industry":"","seo_heading":"","heading":"","description":"","cta_heading":"","cta_description":"","application":"1841","h1":"Dodatek do kana\u0142u Facebook dla PrestaShop","h1_caption":"Osadzaj posty ze swojej strony na Facebooku, aby bez wysi\u0142ku informowa\u0107 odwiedzaj\u0105cych Twoj\u0105 witryn\u0119 o najnowszych aktualizacjach i aktualno\u015bciach na Twojej stronie Prestashop.","application_category":[],"applications_title":"","applications_request_title":"","applications_request_button_text":"","hero_text":"","hero_video":"","hero_video_schema_markup":"","selling_points_title":"","selling_points_caption":"","selling_points":[],"selling_points_cta_text":"","features_title":"","features":"","ed_cta_examples_text":"","ed_cta_examples_hidden":"","ed_cta_demo_text":"","ed_cta_demo_hidden":"","why_caption":"","why_editor_title":"","why_editor_text":"","why_team_title":"","why_team_text":"","why_service_title":"","why_service_text":"","template_catalog_visible":"","template_catalog_title":"","template_catalog_text":"","template_catalog_categories_visible":"","demo_title":"Zbuduj sw\u00f3j kana\u0142 Squarespace na Facebooku w zaledwie 2 minuty!","demo_caption":"Natychmiast i \u0142atwo zaprojektuj sw\u00f3j widget Facebooka w interaktywnym panelu na \u017cywo tylko za pomoc\u0105 3 klikni\u0119\u0107!","default_faq_hidden":"","app_template_category":[],"platform":"586","template_public_id":"","codecanyon_url":"","codecanyon_item_id":"","codecanyon_price":"","pricing_caption":"","pricing_elfsight_apps_hide_column":"","pricing_elfsight_apps_url":"","pricing_codecanyon_price_caption":"","integration_category":[],"integration_request_title":"","integration_request_cta":"","integration_platform":"","integrations":[],"platform_category":[],"video_schema_markup":"","price":"od 0 USD \/ miesi\u0105c","trial":"","benefits":[{"text":"Bezp\u0142atna us\u0142uga monta\u017cu"},{"text":"Skuteczna obs\u0142uga klienta"},{"text":"14-dniowa gwarancja zwrotu pieni\u0119dzy"}],"button_url":"#demo","button_target_blank":"","button_nofollow":"","attributes":[{"name":"Instaluje"},{"name":"Czu\u0142y"},{"name":"Kompatybilne przegl\u0105darki"}],"tags":[],"tags_disable_links":"","hide_more_platforms":"","video_object":"","demo_hide_cta":"","demo_hide_cloud_options":"","pricing_title":"","pricing":[{"pricing_icon":"platform","pricing_title":"Elfsight Apps","pricing_title_caption":"Oprogramowanie wieloplatformowe, kt\u00f3re pasuje do ka\u017cdej witryny","pricing_price":"od 0 USD \/ miesi\u0105c","pricing_price_caption":"zacznij od bezp\u0142atnego planu","pricing_benefits":[{"text":"Nielimitowane domeny"},{"text":"Dedykowana obs\u0142uga klienta"},{"text":"Bezp\u0142atna pomoc w instalacji"},{"text":"Elastyczny projekt"}],"pricing_button_text":"Dodaj do witryny","pricing_button_url":"#demo"}],"related_apps_title":"","related_apps_hidden":"","author":"","image":[],"title":"","job":"","social_networks":[]},"_links":{"self":[{"href":"https:\/\/elfsight.com\/pl\/wp-json\/wp\/v2\/pages\/5032","targetHints":{"allow":["GET"]}}],"collection":[{"href":"https:\/\/elfsight.com\/pl\/wp-json\/wp\/v2\/pages"}],"about":[{"href":"https:\/\/elfsight.com\/pl\/wp-json\/wp\/v2\/types\/page"}],"author":[{"embeddable":true,"href":"https:\/\/elfsight.com\/pl\/wp-json\/wp\/v2\/users\/9"}],"replies":[{"embeddable":true,"href":"https:\/\/elfsight.com\/pl\/wp-json\/wp\/v2\/comments?post=5032"}],"version-history":[{"count":1,"href":"https:\/\/elfsight.com\/pl\/wp-json\/wp\/v2\/pages\/5032\/revisions"}],"predecessor-version":[{"id":5036,"href":"https:\/\/elfsight.com\/pl\/wp-json\/wp\/v2\/pages\/5032\/revisions\/5036"}],"up":[{"embeddable":true,"href":"https:\/\/elfsight.com\/pl\/wp-json\/wp\/v2\/pages\/1843"}],"wp:attachment":[{"href":"https:\/\/elfsight.com\/pl\/wp-json\/wp\/v2\/media?parent=5032"}],"curies":[{"name":"wp","href":"https:\/\/api.w.org\/{rel}","templated":true}]}}