{"id":5029,"date":"2024-05-03T06:35:40","date_gmt":"2024-05-03T06:35:40","guid":{"rendered":"https:\/\/elfsight.com\/pl\/?page_id=5029"},"modified":"2024-11-14T12:41:54","modified_gmt":"2024-11-14T12:41:54","slug":"blogger","status":"publish","type":"page","link":"https:\/\/elfsight.com\/pl\/facebook-chat-widget\/blogger\/","title":{"rendered":"Facebook Chat &#8211; Blogger"},"content":{"rendered":"<div class=\"application-platform-content-item-description application-platform-content-item\" id=\"description\" data-nav-section=\"description\"> <h2>Opis<\/h2> <p>Czat na Facebooku stworzony przez Elfsight to przydatne narz\u0119dzie dla klient\u00f3w Twojej witryny, umo\u017cliwiaj\u0105ce rozpocz\u0119cie z Tob\u0105 rozmowy i uzyska\u0107 odpowiedzi na ich pytania i pro\u015bby. Mo\u017cesz ju\u017c teraz by\u0107 dost\u0119pny dla ludzi za po\u015brednictwem wygodnego komunikatora, niezale\u017cnie od tego, gdzie jeste\u015b. Umie\u015b\u0107 wid\u017cet Czat na stronie internetowej i wybierz, czy ma si\u0119 on pojawia\u0107 na okre\u015blonych stronach lub dla wybranych kategorii u\u017cytkownik\u00f3w, ustaw wyzwalacze rozpocz\u0119cia czatu, wy\u015blij niestandardow\u0105 wiadomo\u015b\u0107 powitaln\u0105, ustaw ikony i zastosuj inn\u0105 personalizacj\u0119. Korzystaj\u0105c z komunikatora Facebook na swojej stronie internetowej, b\u0119dziesz w kontakcie ze swoimi klientami w dowolnym czasie i miejscu.<\/p> <div class=\"faq\" data-component=\"FAQ\"> <div class=\"faq-item\">\r\n\t\t\t\t\t<div class=\"faq-item-question\">\r\n\t\t\t\t\t\t<h3 class=\"faq-item-question-text\">Gdzie mog\u0119 zintegrowa\u0107 widget<\/h3>\r\n\r\n\t\t\t\t\t\t<div class=\"faq-item-question-icon\"><\/div>\r\n\t\t\t\t\t<\/div>\r\n\r\n\t\t\t\t\t<div class=\"faq-item-answer\">\r\n\t\t\t\t\t\t<div class=\"faq-item-answer-text\"> <p>Mo\u017cesz go przedstawi\u0107 na ka\u017cdej stronie Twojej witryny lub tylko na tych stronach, gdzie tego potrzebujesz. Istnieje r\u00f3wnie\u017c mo\u017cliwo\u015b\u0107 wykluczenia wybranych stron, je\u015bli nie chcesz, aby widget si\u0119 tam znajdowa\u0142. <\/p> <\/div>\r\n\t\t\t\t\t<\/div>\r\n\t\t\t\t<\/div> <div class=\"faq-item\">\r\n\t\t\t\t\t<div class=\"faq-item-question\">\r\n\t\t\t\t\t\t<h3 class=\"faq-item-question-text\">Jakie s\u0105 korzy\u015bci z posiadania tej wtyczki dla mnie?<\/h3>\r\n\r\n\t\t\t\t\t\t<div class=\"faq-item-question-icon\"><\/div>\r\n\t\t\t\t\t<\/div>\r\n\r\n\t\t\t\t\t<div class=\"faq-item-answer\">\r\n\t\t\t\t\t\t<div class=\"faq-item-answer-text\"> <p>Ta wtyczka pomo\u017ce u\u017cytkownikom \u0142atwo komunikowa\u0107 si\u0119 z Tob\u0105 w przypadku zapyta\u0144, pr\u00f3\u015bb lub problem\u00f3w. Mo\u017ce pom\u00f3c zwi\u0119kszy\u0107 liczb\u0119 lead\u00f3w i zakup\u00f3w. R\u00f3wnie\u017c natychmiastowa reakcja i spersonalizowane podej\u015bcie podnios\u0105 jako\u015b\u0107 relacji z Twoimi klientami. <\/p> <\/div>\r\n\t\t\t\t\t<\/div>\r\n\t\t\t\t<\/div> <div class=\"faq-item\">\r\n\t\t\t\t\t<div class=\"faq-item-question\">\r\n\t\t\t\t\t\t<h3 class=\"faq-item-question-text\">Jak mog\u0119 osadzi\u0107 czat z Facebooka na mojej stronie?<\/h3>\r\n\r\n\t\t\t\t\t\t<div class=\"faq-item-question-icon\"><\/div>\r\n\t\t\t\t\t<\/div>\r\n\r\n\t\t\t\t\t<div class=\"faq-item-answer\">\r\n\t\t\t\t\t\t<div class=\"faq-item-answer-text\"> <p>Potrzebujesz tylko minuty, aby rozpocz\u0105\u0107 korzystanie z wid\u017cetu. Jest bardzo szybki, darmowy i nie wymaga kodowania. <\/p> <p>Mo\u017cesz wprowadzi\u0107 widget na swoj\u0105 stron\u0119 w naszym serwisie. W tym celu wykonaj poni\u017csze instrukcje na tej stronie. <\/p> <\/div>\r\n\t\t\t\t\t<\/div>\r\n\t\t\t\t<\/div> <\/div> <\/div> <div class=\"application-platform-content-item-features application-platform-content-item\" id=\"features\" data-nav-section=\"features\"> <h2>Funkcje<\/h2> <p>Aby mie\u0107 jasny pogl\u0105d na komunikator Facebook dla Bloggera, przejrzyj list\u0119 jego g\u0142\u00f3wnych cech. Sprawiaj\u0105, \u017ce ten widget jest dla Ciebie maksymalnie korzystny: <\/p> <ul><li>Wprowad\u017a komunikator Facebook w swoim sklepie, aby nawi\u0105za\u0107 komunikacj\u0119 z odwiedzaj\u0105cymi; <\/li><li>Odpowiadaj na wiadomo\u015bci bezpo\u015brednio ze swojej strony na Facebooku; <\/li><li>U\u017cyj 3 typ\u00f3w lokalizacji czatu: p\u0142ywaj\u0105ca ba\u0144ka, osadzona ba\u0144ka i osadzone okno czatu; <\/li><li> Wybierz wariant ikony b\u0105belka z naszej biblioteki dost\u0119pnych ikon; <\/li><li>Wprowad\u017a w\u0142asny tekst dymka czatu. <\/li><\/ul><p><a href=\"#demo\">Poznaj pe\u0142n\u0105 list\u0119 funkcji w naszej wersji demonstracyjnej<\/a><\/p> <\/div> <div class=\"application-platform-content-item-installation application-platform-content-item\" id=\"installation\" data-nav-section=\"installation\"> <h2>Jak doda\u0107 czat na Facebooku do swojej strony w Bloggerze<\/h2><div class=\"video-container\"><iframe width=\"720\" height=\"405\" src=\"https:\/\/www.youtube.com\/embed\/KK7oHClT1uU\" frameborder=\"0\" allowfullscreen=\"\"><\/iframe><\/div><p>Jedyne, co musisz ustali\u0107, to poni\u017csze dzia\u0142ania. <\/p> <ol><li><b>Stw\u00f3rz w\u0142asn\u0105 wtyczk\u0119 do komunikatora Facebook<\/b><br> Korzystaj\u0105c z naszego bezp\u0142atnego konfiguratora, wygeneruj wtyczk\u0119 z wybranym uk\u0142adem i funkcjonalno\u015bci\u0105. <\/li><li><b>Skopiuj kod osobisty, aby doda\u0107 wtyczk\u0119<\/b><br> Po utworzeniu wid\u017cetu otrzymasz unikalny kod z wyskakuj\u0105cego powiadomienia w aplikacjach Elfsight. Skopiuj kod do p\u00f3\u017aniejszego wykorzystania. <\/li> <li><b>Osad\u017a widget na swojej stronie<\/b><br> Okre\u015bl obszar, do kt\u00f3rego chcesz doda\u0107 wtyczk\u0119 i wstaw tam skopiowany kod. Zastosuj wyniki. <\/li> <li><b>Instalacja zosta\u0142a uko\u0144czona<\/b><br> Odwied\u017a swoj\u0105 witryn\u0119 internetow\u0105, aby obejrze\u0107 swoj\u0105 wtyczk\u0119. <\/li> <\/ol><p>Nadal masz co\u015b, co budzi Twoje w\u0105tpliwo\u015bci? Albo do\u015bwiadczasz problem\u00f3w? Tylko jedna pro\u015bba do naszego zespo\u0142u wsparcia rozwi\u0105\u017ce ka\u017cdy problem. <\/p> <\/div>","protected":false},"excerpt":{"rendered":"","protected":false},"author":9,"featured_media":0,"parent":898,"menu_order":0,"comment_status":"closed","ping_status":"closed","template":"templates\/template-application-platform.php","meta":{"publish_to_discourse":"","publish_post_category":"","wpdc_auto_publish_overridden":"","wpdc_topic_tags":"","wpdc_pin_topic":"","wpdc_pin_until":"","discourse_post_id":"","discourse_permalink":"","wpdc_publishing_response":"","wpdc_publishing_error":"","footnotes":""},"class_list":["post-5029","page","type-page","status-publish","hentry"],"yoast_head":"<!-- This site is optimized with the Yoast SEO plugin v25.3.1 - https:\/\/yoast.com\/wordpress\/plugins\/seo\/ -->\n<title>Facebook Messenger - dodaj Chat Box do strony Bloggera (\u0142atwo i szybko)<\/title>\n<meta name=\"description\" content=\"Dzi\u0119ki Elfsight mo\u017cesz z \u0142atwo\u015bci\u0105 kszta\u0142towa\u0107 wid\u017cet czatu na Facebooku i dodawa\u0107 go do witryny Bloggera. Mamy bezp\u0142atn\u0105 obs\u0142ug\u0119 klienta i inne bonusy.\" \/>\n<meta name=\"robots\" content=\"index, follow, max-snippet:-1, max-image-preview:large, max-video-preview:-1\" \/>\n<link rel=\"canonical\" href=\"https:\/\/elfsight.com\/pl\/facebook-chat-widget\/blogger\/\" \/>\n<meta property=\"og:locale\" content=\"pl_PL\" \/>\n<meta property=\"og:type\" content=\"article\" \/>\n<meta property=\"og:title\" content=\"Facebook Messenger - dodaj Chat Box do strony Bloggera (\u0142atwo i szybko)\" \/>\n<meta property=\"og:description\" content=\"Dzi\u0119ki Elfsight mo\u017cesz z \u0142atwo\u015bci\u0105 kszta\u0142towa\u0107 wid\u017cet czatu na Facebooku i dodawa\u0107 go do witryny Bloggera. Mamy bezp\u0142atn\u0105 obs\u0142ug\u0119 klienta i inne bonusy.\" \/>\n<meta property=\"og:url\" content=\"https:\/\/elfsight.com\/pl\/facebook-chat-widget\/blogger\/\" \/>\n<meta property=\"og:site_name\" content=\"Elfsight PL\" \/>\n<meta property=\"article:modified_time\" content=\"2024-11-14T12:41:54+00:00\" \/>\n<meta name=\"twitter:card\" content=\"summary_large_image\" \/>\n<meta name=\"twitter:label1\" content=\"Szacowany czas czytania\" \/>\n\t<meta name=\"twitter:data1\" content=\"3 minuty\" \/>\n<!-- \/ Yoast SEO plugin. -->","yoast_head_json":{"title":"Facebook Messenger - dodaj Chat Box do strony Bloggera (\u0142atwo i szybko)","description":"Dzi\u0119ki Elfsight mo\u017cesz z \u0142atwo\u015bci\u0105 kszta\u0142towa\u0107 wid\u017cet czatu na Facebooku i dodawa\u0107 go do witryny Bloggera. Mamy bezp\u0142atn\u0105 obs\u0142ug\u0119 klienta i inne bonusy.","robots":{"index":"index","follow":"follow","max-snippet":"max-snippet:-1","max-image-preview":"max-image-preview:large","max-video-preview":"max-video-preview:-1"},"canonical":"https:\/\/elfsight.com\/pl\/facebook-chat-widget\/blogger\/","og_locale":"pl_PL","og_type":"article","og_title":"Facebook Messenger - dodaj Chat Box do strony Bloggera (\u0142atwo i szybko)","og_description":"Dzi\u0119ki Elfsight mo\u017cesz z \u0142atwo\u015bci\u0105 kszta\u0142towa\u0107 wid\u017cet czatu na Facebooku i dodawa\u0107 go do witryny Bloggera. Mamy bezp\u0142atn\u0105 obs\u0142ug\u0119 klienta i inne bonusy.","og_url":"https:\/\/elfsight.com\/pl\/facebook-chat-widget\/blogger\/","og_site_name":"Elfsight PL","article_modified_time":"2024-11-14T12:41:54+00:00","twitter_card":"summary_large_image","twitter_misc":{"Szacowany czas czytania":"3 minuty"},"schema":{"@context":"https:\/\/schema.org","@graph":[{"@type":"WebPage","@id":"https:\/\/elfsight.com\/pl\/facebook-chat-widget\/blogger\/","url":"https:\/\/elfsight.com\/pl\/facebook-chat-widget\/blogger\/","name":"Facebook Messenger - dodaj Chat Box do strony Bloggera (\u0142atwo i szybko)","isPartOf":{"@id":"https:\/\/elfsight.com\/pl\/#website"},"datePublished":"2024-05-03T06:35:40+00:00","dateModified":"2024-11-14T12:41:54+00:00","description":"Dzi\u0119ki Elfsight mo\u017cesz z \u0142atwo\u015bci\u0105 kszta\u0142towa\u0107 wid\u017cet czatu na Facebooku i dodawa\u0107 go do witryny Bloggera. Mamy bezp\u0142atn\u0105 obs\u0142ug\u0119 klienta i inne bonusy.","breadcrumb":{"@id":"https:\/\/elfsight.com\/pl\/facebook-chat-widget\/blogger\/#breadcrumb"},"inLanguage":"pl-PL","potentialAction":[{"@type":"ReadAction","target":["https:\/\/elfsight.com\/pl\/facebook-chat-widget\/blogger\/"]}]},{"@type":"BreadcrumbList","@id":"https:\/\/elfsight.com\/pl\/facebook-chat-widget\/blogger\/#breadcrumb","itemListElement":[{"@type":"ListItem","position":1,"name":"Home","item":"https:\/\/elfsight.com\/pl\/"},{"@type":"ListItem","position":2,"name":"Facebook Chat","item":"https:\/\/elfsight.com\/pl\/facebook-chat-widget\/"},{"@type":"ListItem","position":3,"name":"Facebook Chat &#8211; Blogger"}]},{"@type":"WebSite","@id":"https:\/\/elfsight.com\/pl\/#website","url":"https:\/\/elfsight.com\/pl\/","name":"Elfsight PL","description":"Just another Elfsight Sites site","potentialAction":[{"@type":"SearchAction","target":{"@type":"EntryPoint","urlTemplate":"https:\/\/elfsight.com\/pl\/?s={search_term_string}"},"query-input":{"@type":"PropertyValueSpecification","valueRequired":true,"valueName":"search_term_string"}}],"inLanguage":"pl-PL"}]}},"meta_box":{"industry":"","seo_heading":"","heading":"","description":"","cta_heading":"","cta_description":"","application":"897","h1":"Wid\u017cet czatu na Facebooku Bloggera","h1_caption":"Dodaj wid\u017cet czatu na Facebooku do swojej witryny, dzi\u0119ki czemu u\u017cytkownicy b\u0119d\u0105 mogli \u0142atwo i bezproblemowo kontaktowa\u0107 si\u0119 z Tob\u0105 w witrynie Bloggera.","application_category":[],"applications_title":"","applications_request_title":"","applications_request_button_text":"","hero_text":"","hero_video":"","hero_video_schema_markup":"","selling_points_title":"","selling_points_caption":"","selling_points":[],"selling_points_cta_text":"","features_title":"","features":"","ed_cta_examples_text":"","ed_cta_examples_hidden":"","ed_cta_demo_text":"","ed_cta_demo_hidden":"","why_caption":"","why_editor_title":"","why_editor_text":"","why_team_title":"","why_team_text":"","why_service_title":"","why_service_text":"","template_catalog_visible":"","template_catalog_title":"","template_catalog_text":"","template_catalog_categories_visible":"","demo_title":"Utw\u00f3rz wid\u017cet czatu na Facebooku","demo_caption":"Skonfiguruj sw\u00f3j czat na Facebooku i dodaj go do swojej witryny Bloggera za darmo!","default_faq_hidden":"","app_template_category":[],"platform":"44","template_public_id":"","codecanyon_url":"","codecanyon_item_id":"","codecanyon_price":"","pricing_caption":"","pricing_elfsight_apps_hide_column":"","pricing_elfsight_apps_url":"","pricing_codecanyon_price_caption":"","integration_category":[],"integration_request_title":"","integration_request_cta":"","integration_platform":"","integrations":[],"platform_category":[],"video_schema_markup":"","price":"od 0 USD \/ miesi\u0105c","trial":"","benefits":[{"text":"Bezp\u0142atna pomoc w instalacji"},{"text":"Kompetentna obs\u0142uga klienta"},{"text":"14-dniowa gwarancja zwrotu pieni\u0119dzy"}],"button_url":"#demo","button_target_blank":"","button_nofollow":"","attributes":[{"name":"Instaluje"},{"name":"Czu\u0142y"},{"name":"Kompatybilne przegl\u0105darki"}],"tags":[],"tags_disable_links":"","hide_more_platforms":"","video_object":"","demo_hide_cta":"","demo_hide_cloud_options":"","pricing_title":"","pricing":[{"pricing_icon":"platform","pricing_title":"Elfsight Apps","pricing_title_caption":"Wieloplatformowe rozwi\u0105zanie cyfrowe","pricing_price":"od 0 USD \/ miesi\u0105c","pricing_price_caption":"zacznij od bezp\u0142atnego planu","pricing_benefits":[{"text":"Nielimitowane strony internetowe"},{"text":"Dedykowane i terminowe wsparcie oraz dobrze udokumentowane"},{"text":"Bezp\u0142atna pomoc w instalacji"},{"text":"100% konfigurowalny"}],"pricing_button_text":"Dodaj do witryny","pricing_button_url":"#demo"}],"related_apps_title":"","related_apps_hidden":"","author":"","image":[],"title":"","job":"","social_networks":[]},"_links":{"self":[{"href":"https:\/\/elfsight.com\/pl\/wp-json\/wp\/v2\/pages\/5029","targetHints":{"allow":["GET"]}}],"collection":[{"href":"https:\/\/elfsight.com\/pl\/wp-json\/wp\/v2\/pages"}],"about":[{"href":"https:\/\/elfsight.com\/pl\/wp-json\/wp\/v2\/types\/page"}],"author":[{"embeddable":true,"href":"https:\/\/elfsight.com\/pl\/wp-json\/wp\/v2\/users\/9"}],"replies":[{"embeddable":true,"href":"https:\/\/elfsight.com\/pl\/wp-json\/wp\/v2\/comments?post=5029"}],"version-history":[{"count":2,"href":"https:\/\/elfsight.com\/pl\/wp-json\/wp\/v2\/pages\/5029\/revisions"}],"predecessor-version":[{"id":7767,"href":"https:\/\/elfsight.com\/pl\/wp-json\/wp\/v2\/pages\/5029\/revisions\/7767"}],"up":[{"embeddable":true,"href":"https:\/\/elfsight.com\/pl\/wp-json\/wp\/v2\/pages\/898"}],"wp:attachment":[{"href":"https:\/\/elfsight.com\/pl\/wp-json\/wp\/v2\/media?parent=5029"}],"curies":[{"name":"wp","href":"https:\/\/api.w.org\/{rel}","templated":true}]}}