{"id":5024,"date":"2024-05-03T06:35:39","date_gmt":"2024-05-03T06:35:39","guid":{"rendered":"https:\/\/elfsight.com\/pl\/?page_id=5024"},"modified":"2024-11-14T12:41:54","modified_gmt":"2024-11-14T12:41:54","slug":"jquery","status":"publish","type":"page","link":"https:\/\/elfsight.com\/pl\/facebook-chat-widget\/jquery\/","title":{"rendered":"Facebook Chat &#8211; jQuery"},"content":{"rendered":"<div class=\"application-platform-content-item-description application-platform-content-item\" id=\"description\" data-nav-section=\"description\"> <h2>Opis<\/h2> <p>Okno czatu na Facebooku stworzone przez Elfsight to najwygodniejszy wariant komunikacji z Tob\u0105 dla klient\u00f3w Twojej witryny i otrzymywania odpowiedzi na ich pytania. Mo\u017cesz by\u0107 dost\u0119pny online dla klient\u00f3w w jednym z ulubionych komunikator\u00f3w. Dodaj czat do swojego sklepu \u2013 wid\u017cet mo\u017ce pojawia\u0107 si\u0119 tylko na okre\u015blonych stronach lub tylko dla okre\u015blonych grup os\u00f3b, przypisywa\u0107 wyzwalacze rozpocz\u0119cia czatu, zawiera\u0107 osobist\u0105 wiadomo\u015b\u0107 powitaln\u0105, dopasowywa\u0107 ikony i wiele wi\u0119cej. Dzi\u0119ki zainstalowanemu na stronie komunikatorowi Facebook b\u0119dziesz w kontakcie ze swoimi u\u017cytkownikami o ka\u017cdej porze i z dowolnego miejsca. <\/p> <div class=\"faq\" data-component=\"FAQ\"> <div class=\"faq-item\">\r\n\t\t\t\t\t<div class=\"faq-item-question\">\r\n\t\t\t\t\t\t<h3 class=\"faq-item-question-text\">Gdzie w mojej witrynie mog\u0119 wstawi\u0107 t\u0119 wtyczk\u0119<\/h3>\r\n\r\n\t\t\t\t\t\t<div class=\"faq-item-question-icon\"><\/div>\r\n\t\t\t\t\t<\/div>\r\n\r\n\t\t\t\t\t<div class=\"faq-item-answer\">\r\n\t\t\t\t\t\t<div class=\"faq-item-answer-text\"> <p>Mo\u017ce ona wy\u015bwietla\u0107 si\u0119 na wszystkich stronach Twojej witryny lub tylko na tych, kt\u00f3re ustawisz. Wtyczka oferuje tak\u017ce mo\u017cliwo\u015b\u0107 ograniczenia wy\u015bwietlania czatu na poszczeg\u00f3lnych stronach. <\/p> <\/div>\r\n\t\t\t\t\t<\/div>\r\n\t\t\t\t<\/div> <div class=\"faq-item\">\r\n\t\t\t\t\t<div class=\"faq-item-question\">\r\n\t\t\t\t\t\t<h3 class=\"faq-item-question-text\">Jakie korzy\u015bci mi to da?<\/h3>\r\n\r\n\t\t\t\t\t\t<div class=\"faq-item-question-icon\"><\/div>\r\n\t\t\t\t\t<\/div>\r\n\r\n\t\t\t\t\t<div class=\"faq-item-answer\">\r\n\t\t\t\t\t\t<div class=\"faq-item-answer-text\"> <p>Umo\u017cliwi to Twoim klientom \u0142atwiejszy kontakt z Tob\u0105 w przypadku zapyta\u0144 lub pyta\u0144. Mo\u017ce to pom\u00f3c w zwi\u0119kszeniu liczby potencjalnych klient\u00f3w i zakup\u00f3w. Co wi\u0119cej, szybka reakcja i indywidualne podej\u015bcie podnios\u0105 jako\u015b\u0107 obs\u0142ugi Twojego klienta.<\/p> <\/div>\r\n\t\t\t\t\t<\/div>\r\n\t\t\t\t<\/div> <div class=\"faq-item\">\r\n\t\t\t\t\t<div class=\"faq-item-question\">\r\n\t\t\t\t\t\t<h3 class=\"faq-item-question-text\">Czego potrzebuj\u0119, aby osadzi\u0107 wtyczk\u0119 wiadomo\u015bci jQuery na mojej stronie?<\/h3>\r\n\r\n\t\t\t\t\t\t<div class=\"faq-item-question-icon\"><\/div>\r\n\t\t\t\t\t<\/div>\r\n\r\n\t\t\t\t\t<div class=\"faq-item-answer\">\r\n\t\t\t\t\t\t<div class=\"faq-item-answer-text\"> <p>To Osadzanie wtyczki zajmie tylko kilka minut. Proces ten jest niezwykle szybki, bezp\u0142atny i nie wymaga kodowania. <\/p> <p>Mo\u017cesz doda\u0107 okno czatu za pomoc\u0105 jQuery do swojej witryny bezpo\u015brednio w naszym serwisie. Wystarczy post\u0119powa\u0107 zgodnie z instrukcjami znajduj\u0105cymi si\u0119 poni\u017cej na tej stronie. <\/p> <\/div>\r\n\t\t\t\t\t<\/div>\r\n\t\t\t\t<\/div> <\/div> <\/div> <div class=\"application-platform-content-item-features application-platform-content-item\" id=\"features\" data-nav-section=\"features\"> <h2>Funkcje<\/h2> <p>Aby mie\u0107 jasny pogl\u0105d na wid\u017cet, przejrzyj list\u0119 jego g\u0142\u00f3wnych cechy. Sprawiaj\u0105, \u017ce wtyczka jest dla Ciebie maksymalnie korzystna:<\/p> <ul><li>Umie\u015b\u0107 komunikator Facebook na swojej stronie internetowej, aby pozosta\u0107 w kontakcie z u\u017cytkownikami; <\/li><li>Udzielaj odpowiedzi bezpo\u015brednio ze swojego konta na Facebooku;<\/li><li>Wybierz jedn\u0105 z 3 opcji pozycji czatu: jako p\u0142ywaj\u0105c\u0105 ba\u0144k\u0119, osad\u017a ba\u0144k\u0119 i osad\u017a okno czatu;<\/li><li>Wybierz ikon\u0119 dymka z naszego zestawu dost\u0119pnych ikon;<\/li><li>Tekst w dymku z mo\u017cliwo\u015bci\u0105 edycji.<\/li><\/ul><p><a href=\"#demo\">Nasze demo poka\u017ce pe\u0142ny lista dost\u0119pnych funkcji<\/a><\/p> <\/div> <div class=\"application-platform-content-item-installation application-platform-content-item\" id=\"installation\" data-nav-section=\"installation\"> <h2>Dowiedz si\u0119, jak doda\u0107 okno czatu na Facebooku do swojej witryny jQuery. Jest szybki i nie wymaga kodowania.<\/h2> <p>Do osadzenia wystarczy poni\u017csze czynno\u015bci. <\/p> <ol><li><b>Stw\u00f3rz swoj\u0105 unikaln\u0105 wtyczk\u0119 do komunikatora Facebook<\/b><br> Za pomoc\u0105 naszego bezp\u0142atnego konfiguratora wygeneruj wid\u017cet z niestandardowym uk\u0142adem i cechami funkcjonalnymi.<\/li><li><b>Uzyskaj osobisty kod do integracji wtyczki<\/b><br> Po skonfigurowaniu wid\u017cetu otrzymasz indywidualny kod z wyskakuj\u0105cego okna aplikacji Elfsight. Skopiuj ten kod do dalszego wykorzystania.<\/li> <li><b>Osad\u017a wtyczk\u0119 Chat Box na swojej stronie jQuery<\/b><br> Znajd\u017a miejsce, w kt\u00f3rym chcesz ods\u0142oni\u0107 wid\u017cet i wstaw tam skopiowany kod. Zastosuj zmiany.<\/li> <li><b>Gotowe!<\/b><br> Wejd\u017a na swoj\u0105 stron\u0119 internetow\u0105, aby zobaczy\u0107 swoj\u0105 wtyczk\u0119.<\/li> <\/ol><p>Nadal masz w\u0105tpliwo\u015bci? Lub masz pytania? Wystarczy wys\u0142a\u0107 pro\u015bb\u0119 do naszego zespo\u0142u obs\u0142ugi klienta, kt\u00f3ry pomo\u017ce w rozwi\u0105zaniu ka\u017cdego problemu. <\/p> <\/div>","protected":false},"excerpt":{"rendered":"","protected":false},"author":9,"featured_media":0,"parent":898,"menu_order":0,"comment_status":"closed","ping_status":"closed","template":"templates\/template-application-platform.php","meta":{"publish_to_discourse":"","publish_post_category":"","wpdc_auto_publish_overridden":"","wpdc_topic_tags":"","wpdc_pin_topic":"","wpdc_pin_until":"","discourse_post_id":"","discourse_permalink":"","wpdc_publishing_response":"","wpdc_publishing_error":"","footnotes":""},"class_list":["post-5024","page","type-page","status-publish","hentry"],"yoast_head":"<!-- This site is optimized with the Yoast SEO plugin v25.3.1 - https:\/\/yoast.com\/wordpress\/plugins\/seo\/ -->\n<title>Facebook Chat Box - dodaj wtyczk\u0119 Messenger do strony jQuery (2025)<\/title>\n<meta name=\"description\" content=\"Utworzenie wtyczki Facebook Chat i opublikowanie jej na swojej stronie internetowej jQuery jest ca\u0142kowicie proste. Obs\u0142uga klienta Elfsight jest bezp\u0142atna\" \/>\n<meta name=\"robots\" content=\"index, follow, max-snippet:-1, max-image-preview:large, max-video-preview:-1\" \/>\n<link rel=\"canonical\" href=\"https:\/\/elfsight.com\/pl\/facebook-chat-widget\/jquery\/\" \/>\n<meta property=\"og:locale\" content=\"pl_PL\" \/>\n<meta property=\"og:type\" content=\"article\" \/>\n<meta property=\"og:title\" content=\"Facebook Chat Box - dodaj wtyczk\u0119 Messenger do strony jQuery (2025)\" \/>\n<meta property=\"og:description\" content=\"Utworzenie wtyczki Facebook Chat i opublikowanie jej na swojej stronie internetowej jQuery jest ca\u0142kowicie proste. Obs\u0142uga klienta Elfsight jest bezp\u0142atna\" \/>\n<meta property=\"og:url\" content=\"https:\/\/elfsight.com\/pl\/facebook-chat-widget\/jquery\/\" \/>\n<meta property=\"og:site_name\" content=\"Elfsight PL\" \/>\n<meta property=\"article:modified_time\" content=\"2024-11-14T12:41:54+00:00\" \/>\n<meta name=\"twitter:card\" content=\"summary_large_image\" \/>\n<meta name=\"twitter:label1\" content=\"Szacowany czas czytania\" \/>\n\t<meta name=\"twitter:data1\" content=\"3 minuty\" \/>\n<!-- \/ Yoast SEO plugin. -->","yoast_head_json":{"title":"Facebook Chat Box - dodaj wtyczk\u0119 Messenger do strony jQuery (2025)","description":"Utworzenie wtyczki Facebook Chat i opublikowanie jej na swojej stronie internetowej jQuery jest ca\u0142kowicie proste. Obs\u0142uga klienta Elfsight jest bezp\u0142atna","robots":{"index":"index","follow":"follow","max-snippet":"max-snippet:-1","max-image-preview":"max-image-preview:large","max-video-preview":"max-video-preview:-1"},"canonical":"https:\/\/elfsight.com\/pl\/facebook-chat-widget\/jquery\/","og_locale":"pl_PL","og_type":"article","og_title":"Facebook Chat Box - dodaj wtyczk\u0119 Messenger do strony jQuery (2025)","og_description":"Utworzenie wtyczki Facebook Chat i opublikowanie jej na swojej stronie internetowej jQuery jest ca\u0142kowicie proste. Obs\u0142uga klienta Elfsight jest bezp\u0142atna","og_url":"https:\/\/elfsight.com\/pl\/facebook-chat-widget\/jquery\/","og_site_name":"Elfsight PL","article_modified_time":"2024-11-14T12:41:54+00:00","twitter_card":"summary_large_image","twitter_misc":{"Szacowany czas czytania":"3 minuty"},"schema":{"@context":"https:\/\/schema.org","@graph":[{"@type":"WebPage","@id":"https:\/\/elfsight.com\/pl\/facebook-chat-widget\/jquery\/","url":"https:\/\/elfsight.com\/pl\/facebook-chat-widget\/jquery\/","name":"Facebook Chat Box - dodaj wtyczk\u0119 Messenger do strony jQuery (2025)","isPartOf":{"@id":"https:\/\/elfsight.com\/pl\/#website"},"datePublished":"2024-05-03T06:35:39+00:00","dateModified":"2024-11-14T12:41:54+00:00","description":"Utworzenie wtyczki Facebook Chat i opublikowanie jej na swojej stronie internetowej jQuery jest ca\u0142kowicie proste. Obs\u0142uga klienta Elfsight jest bezp\u0142atna","breadcrumb":{"@id":"https:\/\/elfsight.com\/pl\/facebook-chat-widget\/jquery\/#breadcrumb"},"inLanguage":"pl-PL","potentialAction":[{"@type":"ReadAction","target":["https:\/\/elfsight.com\/pl\/facebook-chat-widget\/jquery\/"]}]},{"@type":"BreadcrumbList","@id":"https:\/\/elfsight.com\/pl\/facebook-chat-widget\/jquery\/#breadcrumb","itemListElement":[{"@type":"ListItem","position":1,"name":"Home","item":"https:\/\/elfsight.com\/pl\/"},{"@type":"ListItem","position":2,"name":"Facebook Chat","item":"https:\/\/elfsight.com\/pl\/facebook-chat-widget\/"},{"@type":"ListItem","position":3,"name":"Facebook Chat &#8211; jQuery"}]},{"@type":"WebSite","@id":"https:\/\/elfsight.com\/pl\/#website","url":"https:\/\/elfsight.com\/pl\/","name":"Elfsight PL","description":"Just another Elfsight Sites site","potentialAction":[{"@type":"SearchAction","target":{"@type":"EntryPoint","urlTemplate":"https:\/\/elfsight.com\/pl\/?s={search_term_string}"},"query-input":{"@type":"PropertyValueSpecification","valueRequired":true,"valueName":"search_term_string"}}],"inLanguage":"pl-PL"}]}},"meta_box":{"industry":"","seo_heading":"","heading":"","description":"","cta_heading":"","cta_description":"","application":"897","h1":"Wtyczka jQuery do czatu na Facebooku","h1_caption":"Dodaj wtyczk\u0119 czatu do komunikatora Facebook do swojej witryny, zapewniaj\u0105c u\u017cytkownikom \u0142atwy spos\u00f3b na bezproblemowe kontaktowanie si\u0119 z Tob\u0105 w witrynie jQuery.","application_category":[],"applications_title":"","applications_request_title":"","applications_request_button_text":"","hero_text":"","hero_video":"","hero_video_schema_markup":"","selling_points_title":"","selling_points_caption":"","selling_points":[],"selling_points_cta_text":"","features_title":"","features":"","ed_cta_examples_text":"","ed_cta_examples_hidden":"","ed_cta_demo_text":"","ed_cta_demo_hidden":"","why_caption":"","why_editor_title":"","why_editor_text":"","why_team_title":"","why_team_text":"","why_service_title":"","why_service_text":"","template_catalog_visible":"","template_catalog_title":"","template_catalog_text":"","template_catalog_categories_visible":"","demo_title":"Utw\u00f3rz wtyczk\u0119 czatu na Facebooku","demo_caption":"Skonfiguruj sw\u00f3j czat na Facebooku i dodaj go do swojej witryny jQuery za darmo!","default_faq_hidden":"","app_template_category":[],"platform":"56","template_public_id":"","codecanyon_url":"","codecanyon_item_id":"","codecanyon_price":"","pricing_caption":"","pricing_elfsight_apps_hide_column":"","pricing_elfsight_apps_url":"","pricing_codecanyon_price_caption":"","integration_category":[],"integration_request_title":"","integration_request_cta":"","integration_platform":"","integrations":[],"platform_category":[],"video_schema_markup":"","price":"od 0 USD \/ miesi\u0105c","trial":"","benefits":[{"text":"Bezp\u0142atna pomoc w monta\u017cu"},{"text":"Profesjonalna obs\u0142uga klienta"},{"text":"14-dniowa gwarancja zwrotu pieni\u0119dzy"}],"button_url":"#demo","button_target_blank":"","button_nofollow":"","attributes":[{"name":"Instaluje"},{"name":"Czu\u0142y"},{"name":"Kompatybilne przegl\u0105darki"}],"tags":[],"tags_disable_links":"","hide_more_platforms":"","video_object":"","demo_hide_cta":"","demo_hide_cloud_options":"","pricing_title":"","pricing":[{"pricing_icon":"platform","pricing_title":"Elfsight Apps","pricing_title_caption":"Oprogramowanie wieloplatformowe","pricing_price":"od 0 USD \/ miesi\u0105c","pricing_price_caption":"zacznij od bezp\u0142atnego planu","pricing_benefits":[{"text":"Nielimitowane domeny"},{"text":"Szybka pomoc firmy i dobrze udokumentowana"},{"text":"Bezp\u0142atna pomoc w monta\u017cu"},{"text":"100% konfigurowalny"}],"pricing_button_text":"Dodaj do witryny","pricing_button_url":"#demo"}],"related_apps_title":"","related_apps_hidden":"","author":"","image":[],"title":"","job":"","social_networks":[]},"_links":{"self":[{"href":"https:\/\/elfsight.com\/pl\/wp-json\/wp\/v2\/pages\/5024","targetHints":{"allow":["GET"]}}],"collection":[{"href":"https:\/\/elfsight.com\/pl\/wp-json\/wp\/v2\/pages"}],"about":[{"href":"https:\/\/elfsight.com\/pl\/wp-json\/wp\/v2\/types\/page"}],"author":[{"embeddable":true,"href":"https:\/\/elfsight.com\/pl\/wp-json\/wp\/v2\/users\/9"}],"replies":[{"embeddable":true,"href":"https:\/\/elfsight.com\/pl\/wp-json\/wp\/v2\/comments?post=5024"}],"version-history":[{"count":1,"href":"https:\/\/elfsight.com\/pl\/wp-json\/wp\/v2\/pages\/5024\/revisions"}],"predecessor-version":[{"id":5028,"href":"https:\/\/elfsight.com\/pl\/wp-json\/wp\/v2\/pages\/5024\/revisions\/5028"}],"up":[{"embeddable":true,"href":"https:\/\/elfsight.com\/pl\/wp-json\/wp\/v2\/pages\/898"}],"wp:attachment":[{"href":"https:\/\/elfsight.com\/pl\/wp-json\/wp\/v2\/media?parent=5024"}],"curies":[{"name":"wp","href":"https:\/\/api.w.org\/{rel}","templated":true}]}}