{"id":5023,"date":"2024-05-03T06:35:38","date_gmt":"2024-05-03T06:35:38","guid":{"rendered":"https:\/\/elfsight.com\/pl\/?page_id=5023"},"modified":"2024-11-14T12:41:45","modified_gmt":"2024-11-14T12:41:45","slug":"html","status":"publish","type":"page","link":"https:\/\/elfsight.com\/pl\/facebook-chat-widget\/html\/","title":{"rendered":"Facebook Chat &#8211; HTML"},"content":{"rendered":"<div class=\"application-platform-content-item-description application-platform-content-item\" id=\"description\" data-nav-section=\"description\"> <h2>Opis<\/h2> <p>Czat na Facebooku stworzony przez Elfsight to \u0142atwy wariant, dzi\u0119ki kt\u00f3remu klienci Twojej witryny mog\u0105 wys\u0142a\u0107 do Ciebie wiadomo\u015b\u0107 i mie\u0107 odpowiedzi na ich pytania i pro\u015bby. Mo\u017cesz pozosta\u0107 dost\u0119pny online dla swoich odbiorc\u00f3w w jednym z najpopularniejszych komunikator\u00f3w przez ca\u0142y dzie\u0144. Osad\u017a kod czatu na stronie internetowej, a b\u0119dzie on wy\u015bwietlany na wybranych stronach lub dla okre\u015blonych odbiorc\u00f3w, wprowadzi wyzwalacze rozpocz\u0119cia czatu, napisz niestandardow\u0105 wiadomo\u015b\u0107 powitaln\u0105, wybierz ikony i jeszcze wi\u0119cej. Dzi\u0119ki wbudowanemu w witryn\u0119 komunikatorowi Facebook, b\u0119dziesz \u0142atwo dost\u0119pny dla widz\u00f3w o ka\u017cdej porze i niezale\u017cnie od tego, gdzie si\u0119 znajdujesz.<\/p> <div class=\"faq\" data-component=\"FAQ\"> <div class=\"faq-item\">\r\n\t\t\t\t\t<div class=\"faq-item-question\">\r\n\t\t\t\t\t\t<h3 class=\"faq-item-question-text\">Gdzie mog\u0119 to zainstalowa\u0107<\/h3>\r\n\r\n\t\t\t\t\t\t<div class=\"faq-item-question-icon\"><\/div>\r\n\t\t\t\t\t<\/div>\r\n\r\n\t\t\t\t\t<div class=\"faq-item-answer\">\r\n\t\t\t\t\t\t<div class=\"faq-item-answer-text\"> <p>Wid\u017cet mo\u017ce pojawia\u0107 si\u0119 na ka\u017cdej stronie Twojej witryny lub tylko na tych stronach, gdzie jest on potrzebny. Mo\u017cliwe jest r\u00f3wnie\u017c ograniczenie go na wybranych stronach, je\u015bli chcesz, aby by\u0142y one bez czatu.<\/p> <\/div>\r\n\t\t\t\t\t<\/div>\r\n\t\t\t\t<\/div> <div class=\"faq-item\">\r\n\t\t\t\t\t<div class=\"faq-item-question\">\r\n\t\t\t\t\t\t<h3 class=\"faq-item-question-text\">Jakie s\u0105 dla mnie korzy\u015bci z posiadania tej wtyczki?<\/h3>\r\n\r\n\t\t\t\t\t\t<div class=\"faq-item-question-icon\"><\/div>\r\n\t\t\t\t\t<\/div>\r\n\r\n\t\t\t\t\t<div class=\"faq-item-answer\">\r\n\t\t\t\t\t\t<div class=\"faq-item-answer-text\"> <p>Czat na \u017cywo na Facebooku sprawi, \u017ce \u0142atwiej b\u0119dzie odwiedzaj\u0105cym przesy\u0142a\u0107 Ci pytania, pro\u015bby lub problemy. Mo\u017ce to pom\u00f3c zwi\u0119kszy\u0107 liczb\u0119 potencjalnych klient\u00f3w i sprzeda\u017c. Kolejn\u0105 zalet\u0105 jest to, \u017ce szybkie reagowanie i osobiste podej\u015bcie do ludzi podniesie poziom obs\u0142ugi klienta. <\/p> <\/div>\r\n\t\t\t\t\t<\/div>\r\n\t\t\t\t<\/div> <div class=\"faq-item\">\r\n\t\t\t\t\t<div class=\"faq-item-question\">\r\n\t\t\t\t\t\t<h3 class=\"faq-item-question-text\">Czego potrzebuj\u0119, aby doda\u0107 Czat na Facebooku do mojej witryny HTML? <\/h3>\r\n\r\n\t\t\t\t\t\t<div class=\"faq-item-question-icon\"><\/div>\r\n\t\t\t\t\t<\/div>\r\n\r\n\t\t\t\t\t<div class=\"faq-item-answer\">\r\n\t\t\t\t\t\t<div class=\"faq-item-answer-text\"> <p>Potrzebujesz tylko jednej minuty, aby widget m\u00f3g\u0142 dzia\u0142a\u0107. Proces jest niezwykle szybki, bezp\u0142atny i nie obejmuje kodowania. <\/p> <p>Mo\u017cesz skonfigurowa\u0107 wid\u017cet na swojej stronie internetowej za po\u015brednictwem naszej us\u0142ugi. W tym celu zastosuj kr\u00f3tki opis na tej stronie. <\/p> <\/div>\r\n\t\t\t\t\t<\/div>\r\n\t\t\t\t<\/div> <\/div> <\/div> <div class=\"application-platform-content-item-features application-platform-content-item\" id=\"features\" data-nav-section=\"features\"> <h2>Funkcje<\/h2> <p>Aby uzyska\u0107 przejrzysty odbi\u00f3r Facebook Chat Box, zobacz list\u0119 najcenniejsze opcje. Dzi\u0119ki nim widget jest dla Ciebie maksymalnie wydajny:<\/p> <ol><li>Zintegruj komunikator Facebook w swoim sklepie, aby pozosta\u0107 w kontakcie z klientami; <\/li><li>Korzystaj z wiadomo\u015bci bezpo\u015brednio ze swojego konta na Facebooku; <\/li><li>3 opcje lokalizacji czatu: jako p\u0142ywaj\u0105ca ba\u0144ka, osadzona ba\u0144ka i osadzona okno czatu; <\/li><li> Znajd\u017a sw\u00f3j wariant ikony b\u0105belka spo\u015br\u00f3d zestawu dost\u0119pnych ikon; <\/li><li>Wprowad\u017a sw\u00f3j unikalny tekst w dymku czatu. <\/li><\/ol><p><a href=\"#demo\">Aby sprawdzi\u0107 wi\u0119cej funkcji, zobacz demonstracj\u0119 na \u017cywo<\/a><\/p> <\/div> <div class=\"application-platform-content-item-installation application-platform-content-item\" id=\"installation\" data-nav-section=\"installation\"> <h2>Dowiedz si\u0119, jak doda\u0107 kod Facebook Messenger do swojej witryny HTML. Jest szybki<\/h2><div class=\"video-container\"><iframe width=\"720\" height=\"405\" src=\"https:\/\/www.youtube.com\/embed\/YguUGtdzKKk\" frameborder=\"0\" allowfullscreen=\"\"><\/iframe><\/div><p>Wystarczy kilka prostych krok\u00f3w, aby Chat by\u0142 gotowy do dzia\u0142ania.<\/p><ul><li><b>Zaprojektuj sw\u00f3j w\u0142asna wtyczka Chat<\/b><br> Korzystaj\u0105c z naszego bezp\u0142atnego konfiguratora, uzyskaj wtyczk\u0119 o preferowanym wygl\u0105dzie i funkcjonalno\u015bci.<\/li><li><b>Uzyskaj indywidualny kod do opublikowania wtyczki<\/b><br> Po skonfigurowaniu wid\u017cetu otrzymasz unikalny kod z pojawiaj\u0105cego si\u0119 okna aplikacji Elfsight. Skopiuj kod do dalszego wykorzystania.<\/li><li><b>Wtyczka na Twojej stronie HTML<\/b><br> Wybierz obszar, z kt\u00f3rym chcesz zintegrowa\u0107 wtyczk\u0119 i dodaj tam skopiowany kod. Zastosuj zmiany.<\/li> <li><b>Konfiguracja zosta\u0142a uko\u0144czona<\/b><br> Odwied\u017a stron\u0119 internetow\u0105, aby sprawdzi\u0107 czat.<\/li> <\/ul><p>Nadal masz w\u0105tpliwo\u015bci? Lub masz problemy? Tylko jedna pro\u015bba do naszego zespo\u0142u obs\u0142ugi klienta rozwi\u0105\u017ce ka\u017cdy problem.<\/p> <\/div>","protected":false},"excerpt":{"rendered":"","protected":false},"author":9,"featured_media":0,"parent":898,"menu_order":0,"comment_status":"closed","ping_status":"closed","template":"templates\/template-application-platform.php","meta":{"publish_to_discourse":"","publish_post_category":"","wpdc_auto_publish_overridden":"","wpdc_topic_tags":"","wpdc_pin_topic":"","wpdc_pin_until":"","discourse_post_id":"","discourse_permalink":"","wpdc_publishing_response":"","wpdc_publishing_error":"","footnotes":""},"class_list":["post-5023","page","type-page","status-publish","hentry"],"yoast_head":"<!-- This site is optimized with the Yoast SEO plugin v25.3.1 - https:\/\/yoast.com\/wordpress\/plugins\/seo\/ -->\n<title>Czat na Facebooku - dodaj kod Messengera do strony HTML (\u0142atwo i szybko)<\/title>\n<meta name=\"description\" content=\"Dzi\u0119ki Elfsight mo\u017cesz szybko stworzy\u0107 wid\u017cet czatu na Facebooku i opublikowa\u0107 go na stronie HTML. Oferujemy bezp\u0142atn\u0105 obs\u0142ug\u0119 klienta i wi\u0119cej bonus\u00f3w.\" \/>\n<meta name=\"robots\" content=\"index, follow, max-snippet:-1, max-image-preview:large, max-video-preview:-1\" \/>\n<link rel=\"canonical\" href=\"https:\/\/elfsight.com\/pl\/facebook-chat-widget\/html\/\" \/>\n<meta property=\"og:locale\" content=\"pl_PL\" \/>\n<meta property=\"og:type\" content=\"article\" \/>\n<meta property=\"og:title\" content=\"Czat na Facebooku - dodaj kod Messengera do strony HTML (\u0142atwo i szybko)\" \/>\n<meta property=\"og:description\" content=\"Dzi\u0119ki Elfsight mo\u017cesz szybko stworzy\u0107 wid\u017cet czatu na Facebooku i opublikowa\u0107 go na stronie HTML. Oferujemy bezp\u0142atn\u0105 obs\u0142ug\u0119 klienta i wi\u0119cej bonus\u00f3w.\" \/>\n<meta property=\"og:url\" content=\"https:\/\/elfsight.com\/pl\/facebook-chat-widget\/html\/\" \/>\n<meta property=\"og:site_name\" content=\"Elfsight PL\" \/>\n<meta property=\"article:modified_time\" content=\"2024-11-14T12:41:45+00:00\" \/>\n<meta name=\"twitter:card\" content=\"summary_large_image\" \/>\n<meta name=\"twitter:label1\" content=\"Szacowany czas czytania\" \/>\n\t<meta name=\"twitter:data1\" content=\"3 minuty\" \/>\n<!-- \/ Yoast SEO plugin. -->","yoast_head_json":{"title":"Czat na Facebooku - dodaj kod Messengera do strony HTML (\u0142atwo i szybko)","description":"Dzi\u0119ki Elfsight mo\u017cesz szybko stworzy\u0107 wid\u017cet czatu na Facebooku i opublikowa\u0107 go na stronie HTML. Oferujemy bezp\u0142atn\u0105 obs\u0142ug\u0119 klienta i wi\u0119cej bonus\u00f3w.","robots":{"index":"index","follow":"follow","max-snippet":"max-snippet:-1","max-image-preview":"max-image-preview:large","max-video-preview":"max-video-preview:-1"},"canonical":"https:\/\/elfsight.com\/pl\/facebook-chat-widget\/html\/","og_locale":"pl_PL","og_type":"article","og_title":"Czat na Facebooku - dodaj kod Messengera do strony HTML (\u0142atwo i szybko)","og_description":"Dzi\u0119ki Elfsight mo\u017cesz szybko stworzy\u0107 wid\u017cet czatu na Facebooku i opublikowa\u0107 go na stronie HTML. Oferujemy bezp\u0142atn\u0105 obs\u0142ug\u0119 klienta i wi\u0119cej bonus\u00f3w.","og_url":"https:\/\/elfsight.com\/pl\/facebook-chat-widget\/html\/","og_site_name":"Elfsight PL","article_modified_time":"2024-11-14T12:41:45+00:00","twitter_card":"summary_large_image","twitter_misc":{"Szacowany czas czytania":"3 minuty"},"schema":{"@context":"https:\/\/schema.org","@graph":[{"@type":"WebPage","@id":"https:\/\/elfsight.com\/pl\/facebook-chat-widget\/html\/","url":"https:\/\/elfsight.com\/pl\/facebook-chat-widget\/html\/","name":"Czat na Facebooku - dodaj kod Messengera do strony HTML (\u0142atwo i szybko)","isPartOf":{"@id":"https:\/\/elfsight.com\/pl\/#website"},"datePublished":"2024-05-03T06:35:38+00:00","dateModified":"2024-11-14T12:41:45+00:00","description":"Dzi\u0119ki Elfsight mo\u017cesz szybko stworzy\u0107 wid\u017cet czatu na Facebooku i opublikowa\u0107 go na stronie HTML. Oferujemy bezp\u0142atn\u0105 obs\u0142ug\u0119 klienta i wi\u0119cej bonus\u00f3w.","breadcrumb":{"@id":"https:\/\/elfsight.com\/pl\/facebook-chat-widget\/html\/#breadcrumb"},"inLanguage":"pl-PL","potentialAction":[{"@type":"ReadAction","target":["https:\/\/elfsight.com\/pl\/facebook-chat-widget\/html\/"]}]},{"@type":"BreadcrumbList","@id":"https:\/\/elfsight.com\/pl\/facebook-chat-widget\/html\/#breadcrumb","itemListElement":[{"@type":"ListItem","position":1,"name":"Home","item":"https:\/\/elfsight.com\/pl\/"},{"@type":"ListItem","position":2,"name":"Facebook Chat","item":"https:\/\/elfsight.com\/pl\/facebook-chat-widget\/"},{"@type":"ListItem","position":3,"name":"Facebook Chat &#8211; HTML"}]},{"@type":"WebSite","@id":"https:\/\/elfsight.com\/pl\/#website","url":"https:\/\/elfsight.com\/pl\/","name":"Elfsight PL","description":"Just another Elfsight Sites site","potentialAction":[{"@type":"SearchAction","target":{"@type":"EntryPoint","urlTemplate":"https:\/\/elfsight.com\/pl\/?s={search_term_string}"},"query-input":{"@type":"PropertyValueSpecification","valueRequired":true,"valueName":"search_term_string"}}],"inLanguage":"pl-PL"}]}},"meta_box":{"industry":"","seo_heading":"","heading":"","description":"","cta_heading":"","cta_description":"","application":"897","h1":"Kod HTML Facebook Messengera","h1_caption":"Dodaj wid\u017cet czatu na Facebooku do swojej witryny, zapewniaj\u0105c u\u017cytkownikom \u0142atwy spos\u00f3b na bezproblemowe skontaktowanie si\u0119 z Tob\u0105 za po\u015brednictwem Twojej witryny HTML.","application_category":[],"applications_title":"","applications_request_title":"","applications_request_button_text":"","hero_text":"","hero_video":"","hero_video_schema_markup":"","selling_points_title":"","selling_points_caption":"","selling_points":[],"selling_points_cta_text":"","features_title":"","features":"","ed_cta_examples_text":"","ed_cta_examples_hidden":"","ed_cta_demo_text":"","ed_cta_demo_hidden":"","why_caption":"","why_editor_title":"","why_editor_text":"","why_team_title":"","why_team_text":"","why_service_title":"","why_service_text":"","template_catalog_visible":"","template_catalog_title":"","template_catalog_text":"","template_catalog_categories_visible":"","demo_title":"Utw\u00f3rz wid\u017cet czatu na Facebooku","demo_caption":"Skonfiguruj sw\u00f3j czat na Facebooku i dodaj go do swojej witryny HTML za darmo!","default_faq_hidden":"","app_template_category":[],"platform":"50","template_public_id":"","codecanyon_url":"","codecanyon_item_id":"","codecanyon_price":"","pricing_caption":"","pricing_elfsight_apps_hide_column":"","pricing_elfsight_apps_url":"","pricing_codecanyon_price_caption":"","integration_category":[],"integration_request_title":"","integration_request_cta":"","integration_platform":"","integrations":[],"platform_category":[],"video_schema_markup":"","price":"od 0 USD \/ miesi\u0105c","trial":"","benefits":[{"text":"Bezp\u0142atna us\u0142uga monta\u017cu"},{"text":"Skuteczna obs\u0142uga klienta"},{"text":"14-dniowa gwarancja zwrotu pieni\u0119dzy"}],"button_url":"#demo","button_target_blank":"","button_nofollow":"","attributes":[{"name":"Instaluje"},{"name":"Czu\u0142y"},{"name":"Kompatybilne przegl\u0105darki"}],"tags":[],"tags_disable_links":"","hide_more_platforms":"","video_object":"","demo_hide_cta":"","demo_hide_cloud_options":"","pricing_title":"","pricing":[{"pricing_icon":"platform","pricing_title":"Elfsight Apps","pricing_title_caption":"Oprogramowanie wieloplatformowe","pricing_price":"od 0 USD \/ miesi\u0105c","pricing_price_caption":"zacznij od bezp\u0142atnego planu","pricing_benefits":[{"text":"Nielimitowane strony internetowe"},{"text":"Profesjonalne wsparcie i dobrze udokumentowane"},{"text":"Bezp\u0142atna pomoc w monta\u017cu"},{"text":"\u015awietna oferta na wiele aplikacji"}],"pricing_button_text":"Dodaj do witryny","pricing_button_url":"#demo"}],"related_apps_title":"","related_apps_hidden":"","author":"","image":[],"title":"","job":"","social_networks":[]},"_links":{"self":[{"href":"https:\/\/elfsight.com\/pl\/wp-json\/wp\/v2\/pages\/5023","targetHints":{"allow":["GET"]}}],"collection":[{"href":"https:\/\/elfsight.com\/pl\/wp-json\/wp\/v2\/pages"}],"about":[{"href":"https:\/\/elfsight.com\/pl\/wp-json\/wp\/v2\/types\/page"}],"author":[{"embeddable":true,"href":"https:\/\/elfsight.com\/pl\/wp-json\/wp\/v2\/users\/9"}],"replies":[{"embeddable":true,"href":"https:\/\/elfsight.com\/pl\/wp-json\/wp\/v2\/comments?post=5023"}],"version-history":[{"count":2,"href":"https:\/\/elfsight.com\/pl\/wp-json\/wp\/v2\/pages\/5023\/revisions"}],"predecessor-version":[{"id":7766,"href":"https:\/\/elfsight.com\/pl\/wp-json\/wp\/v2\/pages\/5023\/revisions\/7766"}],"up":[{"embeddable":true,"href":"https:\/\/elfsight.com\/pl\/wp-json\/wp\/v2\/pages\/898"}],"wp:attachment":[{"href":"https:\/\/elfsight.com\/pl\/wp-json\/wp\/v2\/media?parent=5023"}],"curies":[{"name":"wp","href":"https:\/\/api.w.org\/{rel}","templated":true}]}}